{"id":1049,"date":"2024-08-09T17:15:50","date_gmt":"2024-08-09T15:15:50","guid":{"rendered":"https:\/\/www.swisscrochet.ch\/events\/"},"modified":"2024-12-20T17:36:36","modified_gmt":"2024-12-20T16:36:36","slug":"veranstaltungen","status":"publish","type":"page","link":"https:\/\/www.swisscrochet.ch\/de\/veranstaltungen\/","title":{"rendered":"Veranstaltungen"},"content":{"rendered":"<div class=\"wpb-content-wrapper\"><p>[vc_row][vc_column][vc_row_inner][vc_column_inner width=&#8220;2\/3&#8243;][vc_column_text css=&#8220;&#8220;]<\/p>\n<h2>Entdecke die Freude am H\u00e4keln in einer freundlichen und einladenden Umgebung.<\/h2>\n<p>Unsere H\u00e4kel-Treffen und Veranstaltungen stehen allen offen \u2013 von absoluten Anf\u00e4ngern bis hin zu erfahrenen Profis. Egal, ob du dein aktuelles Projekt teilen, Inspiration finden oder dich einfach mit gleichgesinnten H\u00e4kelfans entspannen m\u00f6chtest \u2013 unsere Treffen bieten den perfekten Raum daf\u00fcr.<\/p>\n<p>&nbsp;<\/p>\n<h3>Was dich erwartet<\/h3>\n<p>Jedes Treffen ist eine Gelegenheit, Kontakte zu kn\u00fcpfen, kreativ zu sein und zu entspannen. Bringe dein aktuelles Projekt mit oder beginne etwas Neues! Es gibt keinen Druck \u2013 nur gute Gesellschaft, grossartige Gespr\u00e4che und jede Menge Garn. Diese Veranstaltungen drehen sich ganz um den Spass und die Freude am H\u00e4keln.<\/p>\n<p>&nbsp;<\/p>\n<h3>Wann &amp; Wo<\/h3>\n<p>Die Treffpunkte k\u00f6nnen im Laufe des Jahres variieren. F\u00fcr die H\u00e4kel-Treffen versammeln wir uns im Swiss Crochet B\u00fcro, in gem\u00fctlichen Caf\u00e9s oder in anderen lokalen Garnl\u00e4den. Um \u00fcber die neuesten Veranstaltungsank\u00fcndigungen auf dem Laufenden zu bleiben, besuche regelm\u00e4ssig die Webseite oder abonniere den <a href=\"https:\/\/www.swisscrochet.ch\/de\/newsletter\/\">Newsletter<\/a>. Wir ver\u00f6ffentlichen alle Details, die du wissen musst \u2013 Zeit, Ort sowie besondere Themen oder geplante Aktivit\u00e4ten.<\/p>\n<p>&nbsp;<\/p>\n<h3>Wer kann mitmachen?<\/h3>\n<p>Jede*r ist willkommen! Unabh\u00e4ngig von deinem K\u00f6nnen wirst du hier einen Platz finden. Wenn du neu im H\u00e4keln bist, hast du hier die Gelegenheit, von anderen zu lernen. Wenn du erfahren bist, kannst du andere inspirieren und selbst inspiriert werden. Unsere Community lebt von Offenheit, Kreativit\u00e4t und der einfachen Freude, mit Garn zu arbeiten.<\/p>\n<p>&nbsp;<\/p>\n<p>Mach mit bei unserem n\u00e4chsten H\u00e4kel-Treffen \u2013 wir w\u00fcrden uns freuen, dich dort zu sehen![\/vc_column_text][\/vc_column_inner][vc_column_inner width=&#8220;1\/3&#8243;]<div class=\"dt-fancy-separator title-left h4-size style-disabled title-color\" style=\"width: 100%;\"><div class=\"dt-fancy-title\"><span class=\"separator-holder separator-left\"><\/span>M\u00f6chtest du \u00fcber neue Veranstaltungen informiert bleiben? Schau regelm\u00e4ssig vorbei oder abonniere den Newsletter:<span class=\"separator-holder separator-right\"><\/span><\/div><\/div>[vc_empty_space height=&#8220;15px&#8220;]<style type=\"text\/css\" data-type=\"the7_shortcodes-inline-css\">#default-btn-c2e93d53e02bfb2db8d5654d62405c5f.ico-right-side > i {\n  margin-right: 0px;\n  margin-left: 8px;\n}\n#default-btn-c2e93d53e02bfb2db8d5654d62405c5f > i {\n  margin-right: 8px;\n}<\/style><a href=\"https:\/\/www.swisscrochet.ch\/de\/newsletter\/\" class=\"default-btn-shortcode dt-btn dt-btn-m link-hover-off ico-right-side btn-inline-left \" target=\"_blank\" id=\"default-btn-c2e93d53e02bfb2db8d5654d62405c5f\" rel=\"noopener\"><span>Abonniere den Newsletter<\/span><i class=\"icomoon-the7-font-the7-mail-03\"><\/i><\/a>[\/vc_column_inner][\/vc_row_inner][vc_empty_space height=&#8220;50px&#8220;]<style type=\"text\/css\" data-type=\"the7_shortcodes-inline-css\">.products-shortcode.products-masonry-shortcode-id-4400ca7b8a422cac8950e785b9fabeef .filter-bg-decoration .filter-categories a.act {\n  color: #fff;\n}\n.products-shortcode.products-masonry-shortcode-id-4400ca7b8a422cac8950e785b9fabeef:not(.resize-by-browser-width) .dt-css-grid {\n  grid-row-gap: 30px;\n  grid-column-gap: 30px;\n  grid-template-columns: repeat(auto-fill,minmax(250px,1fr));\n}\n.cssgridlegacy.no-cssgrid .products-shortcode.products-masonry-shortcode-id-4400ca7b8a422cac8950e785b9fabeef:not(.resize-by-browser-width) .dt-css-grid,\n.no-cssgridlegacy.no-cssgrid .products-shortcode.products-masonry-shortcode-id-4400ca7b8a422cac8950e785b9fabeef:not(.resize-by-browser-width) .dt-css-grid {\n  display: flex;\n  flex-flow: row wrap;\n  margin: -15px;\n}\n.cssgridlegacy.no-cssgrid .products-shortcode.products-masonry-shortcode-id-4400ca7b8a422cac8950e785b9fabeef:not(.resize-by-browser-width) .dt-css-grid .wf-cell,\n.no-cssgridlegacy.no-cssgrid .products-shortcode.products-masonry-shortcode-id-4400ca7b8a422cac8950e785b9fabeef:not(.resize-by-browser-width) .dt-css-grid .wf-cell {\n  flex: 1 0 250px;\n  min-width: 250px;\n  max-width: 100%;\n  padding: 15px;\n  box-sizing: border-box;\n}\n.products-shortcode.products-masonry-shortcode-id-4400ca7b8a422cac8950e785b9fabeef.resize-by-browser-width .dt-css-grid {\n  grid-template-columns: repeat(,1fr);\n  grid-template-rows: auto;\n  grid-column-gap: 30px;\n  grid-row-gap: 30px;\n}\n.cssgridlegacy.no-cssgrid .products-shortcode.products-masonry-shortcode-id-4400ca7b8a422cac8950e785b9fabeef.resize-by-browser-width .dt-css-grid,\n.no-cssgridlegacy.no-cssgrid .products-shortcode.products-masonry-shortcode-id-4400ca7b8a422cac8950e785b9fabeef.resize-by-browser-width .dt-css-grid {\n  margin: -15px;\n}\n.cssgridlegacy.no-cssgrid .products-shortcode.products-masonry-shortcode-id-4400ca7b8a422cac8950e785b9fabeef.resize-by-browser-width .dt-css-grid .wf-cell,\n.no-cssgridlegacy.no-cssgrid .products-shortcode.products-masonry-shortcode-id-4400ca7b8a422cac8950e785b9fabeef.resize-by-browser-width .dt-css-grid .wf-cell {\n  padding: 15px;\n}\n@media screen and (max-width: 1199px) {\n  .products-shortcode.products-masonry-shortcode-id-4400ca7b8a422cac8950e785b9fabeef.resize-by-browser-width .dt-css-grid {\n    grid-template-columns: repeat(,1fr);\n  }\n}\n@media screen and (max-width: 991px) {\n  .products-shortcode.products-masonry-shortcode-id-4400ca7b8a422cac8950e785b9fabeef.resize-by-browser-width .dt-css-grid {\n    grid-template-columns: repeat(,1fr);\n  }\n}\n@media screen and (max-width: 767px) {\n  .products-shortcode.products-masonry-shortcode-id-4400ca7b8a422cac8950e785b9fabeef.resize-by-browser-width .dt-css-grid {\n    grid-template-columns: repeat(,1fr);\n  }\n}<\/style><div class=\"products-shortcode products-masonry-shortcode-id-4400ca7b8a422cac8950e785b9fabeef mode-grid cart-btn-below-img hide-description hide-rating jquery-filter dt-css-grid-wrap loading-effect-none description-under-image content-align-centre wc-grid\" data-padding=\"15px\" data-cur-page=\"1\" data-post-limit=\"-1\" data-pagination-mode=\"none\" data-width=\"250px\" data-columns=\"0\"><div class=\"dt-css-grid\" ><div class=\"visible wf-cell visible\" data-post-id=\"1386\" data-date=\"2024-10-19T17:42:52+02:00\" data-name=\"Crochet Ap\u00e9ro\"><article class=\"post project-odd visible description-off wvs-archive-product-wrapper product type-product post-1386 status-publish first instock product_cat-veranstaltungen has-post-thumbnail purchasable product-type-variable\" ><figure class=\"woocom-project\">\n\t<div class=\"woo-buttons-on-img\">\n\n\t\t<a href=\"https:\/\/www.swisscrochet.ch\/de\/produkt\/crochet-apero\/\" class=\"alignnone layzr-bg\"><img loading=\"lazy\" decoding=\"async\" width=\"300\" height=\"300\" src=\"data:image\/svg+xml;charset=utf-8,%3Csvg xmlns%3D&#039;http%3A%2F%2Fwww.w3.org%2F2000%2Fsvg&#039; viewBox%3D&#039;0 0 300 300&#039;%2F%3E\" class=\"attachment-woocommerce_thumbnail size-woocommerce_thumbnail wvs-archive-product-image iso-lazy-load preload-me\" alt=\"Swiss Crochet Event - Crochet Ape\u0301ro\" data-src=\"https:\/\/www.swisscrochet.ch\/wp-content\/uploads\/2024\/12\/Swiss-Crochet-Crochet-Apero-Overview-300x300.jpg\" data-srcset=\"https:\/\/www.swisscrochet.ch\/wp-content\/uploads\/2024\/12\/Swiss-Crochet-Crochet-Apero-Overview-300x300.jpg 300w, https:\/\/www.swisscrochet.ch\/wp-content\/uploads\/2024\/12\/Swiss-Crochet-Crochet-Apero-Overview-150x150.jpg 150w, https:\/\/www.swisscrochet.ch\/wp-content\/uploads\/2024\/12\/Swiss-Crochet-Crochet-Apero-Overview-768x768.jpg 768w, https:\/\/www.swisscrochet.ch\/wp-content\/uploads\/2024\/12\/Swiss-Crochet-Crochet-Apero-Overview-600x600.jpg 600w, https:\/\/www.swisscrochet.ch\/wp-content\/uploads\/2024\/12\/Swiss-Crochet-Crochet-Apero-Overview-200x200.jpg 200w, https:\/\/www.swisscrochet.ch\/wp-content\/uploads\/2024\/12\/Swiss-Crochet-Crochet-Apero-Overview-50x50.jpg 50w, https:\/\/www.swisscrochet.ch\/wp-content\/uploads\/2024\/12\/Swiss-Crochet-Crochet-Apero-Overview-100x100.jpg 100w, https:\/\/www.swisscrochet.ch\/wp-content\/uploads\/2024\/12\/Swiss-Crochet-Crochet-Apero-Overview-64x64.jpg 64w, https:\/\/www.swisscrochet.ch\/wp-content\/uploads\/2024\/12\/Swiss-Crochet-Crochet-Apero-Overview.jpg 1000w\" \/><\/a>\n\t<\/div>\n\t<figcaption class=\"woocom-list-content\">\n\n\t\t<div class=\"woo-buttons\"><a href=\"https:\/\/www.swisscrochet.ch\/de\/produkt\/crochet-apero\/\" aria-describedby=\"woocommerce_loop_add_to_cart_link_describedby_1386\" data-quantity=\"1\" class=\"product_type_variable add_to_cart_button\" data-product_id=\"1386\" data-product_sku=\"990010010\" aria-label=\"W\u00e4hle Optionen f\u00fcr \u201eCrochet Ap\u00e9ro\u201c\" rel=\"nofollow\">Event buchen<\/a>\t<span id=\"woocommerce_loop_add_to_cart_link_describedby_1386\" class=\"screen-reader-text\">\n\t\tDieses Produkt weist mehrere Varianten auf. Die Optionen k\u00f6nnen auf der Produktseite gew\u00e4hlt werden\t<\/span>\n<\/div>\n\t<\/figcaption>\n<\/figure>\n<\/article><\/div><\/div><!-- iso-container|iso-grid --><\/div>[vc_empty_space][\/vc_column][\/vc_row]<\/p>\n<\/div>","protected":false},"excerpt":{"rendered":"<p>[vc_row][vc_column][vc_row_inner][vc_column_inner width=&#8220;2\/3&#8243;][vc_column_text css=&#8220;&#8220;] Entdecke die Freude am H\u00e4keln in einer freundlichen und einladenden Umgebung. Unsere H\u00e4kel-Treffen und Veranstaltungen stehen allen offen \u2013 von absoluten Anf\u00e4ngern bis hin zu erfahrenen Profis. Egal, ob du dein aktuelles Projekt teilen, Inspiration finden oder dich einfach mit gleichgesinnten H\u00e4kelfans entspannen m\u00f6chtest \u2013 unsere Treffen bieten den perfekten Raum daf\u00fcr.&hellip;<\/p>\n","protected":false},"author":2,"featured_media":248,"parent":0,"menu_order":8,"comment_status":"closed","ping_status":"closed","template":"","meta":{"footnotes":""},"class_list":["post-1049","page","type-page","status-publish","has-post-thumbnail","hentry","description-off"],"yoast_head":"<!-- This site is optimized with the Yoast SEO plugin v27.5 - https:\/\/yoast.com\/product\/yoast-seo-wordpress\/ -->\n<title>Veranstaltungen &#171; Swiss Crochet<\/title>\n<meta name=\"description\" content=\"Nimm an unseren H\u00e4kel-Veranstaltungen teil, um zu entspannen, Kontakte zu kn\u00fcpfen und kreativ zu sein. Offen f\u00fcr alle F\u00e4higkeitsstufen!\" \/>\n<meta name=\"robots\" content=\"index, follow, max-snippet:-1, max-image-preview:large, max-video-preview:-1\" \/>\n<link rel=\"canonical\" href=\"https:\/\/www.swisscrochet.ch\/de\/veranstaltungen\/\" \/>\n<meta property=\"og:locale\" content=\"de_DE\" \/>\n<meta property=\"og:type\" content=\"article\" \/>\n<meta property=\"og:title\" content=\"Veranstaltungen &#171; Swiss Crochet\" \/>\n<meta property=\"og:description\" content=\"Nimm an unseren H\u00e4kel-Veranstaltungen teil, um zu entspannen, Kontakte zu kn\u00fcpfen und kreativ zu sein. Offen f\u00fcr alle F\u00e4higkeitsstufen!\" \/>\n<meta property=\"og:url\" content=\"https:\/\/www.swisscrochet.ch\/de\/veranstaltungen\/\" \/>\n<meta property=\"og:site_name\" content=\"Swiss Crochet\" \/>\n<meta property=\"article:modified_time\" content=\"2024-12-20T16:36:36+00:00\" \/>\n<meta property=\"og:image\" content=\"https:\/\/www.swisscrochet.ch\/wp-content\/uploads\/2024\/08\/Logo-Swiss-Crochet-Square-RGB-WITH-color-BGD-512px.png\" \/>\n\t<meta property=\"og:image:width\" content=\"512\" \/>\n\t<meta property=\"og:image:height\" content=\"512\" \/>\n\t<meta property=\"og:image:type\" content=\"image\/png\" \/>\n<meta name=\"twitter:card\" content=\"summary_large_image\" \/>\n<meta name=\"twitter:label1\" content=\"Gesch\u00e4tzte Lesezeit\" \/>\n\t<meta name=\"twitter:data1\" content=\"2\u00a0Minuten\" \/>\n<script type=\"application\/ld+json\" class=\"yoast-schema-graph\">{\"@context\":\"https:\\\/\\\/schema.org\",\"@graph\":[{\"@type\":\"WebPage\",\"@id\":\"https:\\\/\\\/www.swisscrochet.ch\\\/de\\\/veranstaltungen\\\/\",\"url\":\"https:\\\/\\\/www.swisscrochet.ch\\\/de\\\/veranstaltungen\\\/\",\"name\":\"Veranstaltungen &#171; Swiss Crochet\",\"isPartOf\":{\"@id\":\"https:\\\/\\\/www.swisscrochet.ch\\\/#website\"},\"primaryImageOfPage\":{\"@id\":\"https:\\\/\\\/www.swisscrochet.ch\\\/de\\\/veranstaltungen\\\/#primaryimage\"},\"image\":{\"@id\":\"https:\\\/\\\/www.swisscrochet.ch\\\/de\\\/veranstaltungen\\\/#primaryimage\"},\"thumbnailUrl\":\"https:\\\/\\\/www.swisscrochet.ch\\\/wp-content\\\/uploads\\\/2024\\\/08\\\/Logo-Swiss-Crochet-Square-RGB-WITH-color-BGD-512px.png\",\"datePublished\":\"2024-08-09T15:15:50+00:00\",\"dateModified\":\"2024-12-20T16:36:36+00:00\",\"description\":\"Nimm an unseren H\u00e4kel-Veranstaltungen teil, um zu entspannen, Kontakte zu kn\u00fcpfen und kreativ zu sein. Offen f\u00fcr alle F\u00e4higkeitsstufen!\",\"breadcrumb\":{\"@id\":\"https:\\\/\\\/www.swisscrochet.ch\\\/de\\\/veranstaltungen\\\/#breadcrumb\"},\"inLanguage\":\"de\",\"potentialAction\":[{\"@type\":\"ReadAction\",\"target\":[\"https:\\\/\\\/www.swisscrochet.ch\\\/de\\\/veranstaltungen\\\/\"]}]},{\"@type\":\"ImageObject\",\"inLanguage\":\"de\",\"@id\":\"https:\\\/\\\/www.swisscrochet.ch\\\/de\\\/veranstaltungen\\\/#primaryimage\",\"url\":\"https:\\\/\\\/www.swisscrochet.ch\\\/wp-content\\\/uploads\\\/2024\\\/08\\\/Logo-Swiss-Crochet-Square-RGB-WITH-color-BGD-512px.png\",\"contentUrl\":\"https:\\\/\\\/www.swisscrochet.ch\\\/wp-content\\\/uploads\\\/2024\\\/08\\\/Logo-Swiss-Crochet-Square-RGB-WITH-color-BGD-512px.png\",\"width\":512,\"height\":512},{\"@type\":\"BreadcrumbList\",\"@id\":\"https:\\\/\\\/www.swisscrochet.ch\\\/de\\\/veranstaltungen\\\/#breadcrumb\",\"itemListElement\":[{\"@type\":\"ListItem\",\"position\":1,\"name\":\"Home\",\"item\":\"https:\\\/\\\/www.swisscrochet.ch\\\/de\\\/\"},{\"@type\":\"ListItem\",\"position\":2,\"name\":\"Veranstaltungen\"}]},{\"@type\":\"WebSite\",\"@id\":\"https:\\\/\\\/www.swisscrochet.ch\\\/#website\",\"url\":\"https:\\\/\\\/www.swisscrochet.ch\\\/\",\"name\":\"Swiss Crochet\",\"description\":\"Entfalte dein kreatives Potenzial\",\"potentialAction\":[{\"@type\":\"SearchAction\",\"target\":{\"@type\":\"EntryPoint\",\"urlTemplate\":\"https:\\\/\\\/www.swisscrochet.ch\\\/?s={search_term_string}\"},\"query-input\":{\"@type\":\"PropertyValueSpecification\",\"valueRequired\":true,\"valueName\":\"search_term_string\"}}],\"inLanguage\":\"de\"}]}<\/script>\n<!-- \/ Yoast SEO plugin. -->","yoast_head_json":{"title":"Veranstaltungen &#171; Swiss Crochet","description":"Nimm an unseren H\u00e4kel-Veranstaltungen teil, um zu entspannen, Kontakte zu kn\u00fcpfen und kreativ zu sein. Offen f\u00fcr alle F\u00e4higkeitsstufen!","robots":{"index":"index","follow":"follow","max-snippet":"max-snippet:-1","max-image-preview":"max-image-preview:large","max-video-preview":"max-video-preview:-1"},"canonical":"https:\/\/www.swisscrochet.ch\/de\/veranstaltungen\/","og_locale":"de_DE","og_type":"article","og_title":"Veranstaltungen &#171; Swiss Crochet","og_description":"Nimm an unseren H\u00e4kel-Veranstaltungen teil, um zu entspannen, Kontakte zu kn\u00fcpfen und kreativ zu sein. Offen f\u00fcr alle F\u00e4higkeitsstufen!","og_url":"https:\/\/www.swisscrochet.ch\/de\/veranstaltungen\/","og_site_name":"Swiss Crochet","article_modified_time":"2024-12-20T16:36:36+00:00","og_image":[{"width":512,"height":512,"url":"https:\/\/www.swisscrochet.ch\/wp-content\/uploads\/2024\/08\/Logo-Swiss-Crochet-Square-RGB-WITH-color-BGD-512px.png","type":"image\/png"}],"twitter_card":"summary_large_image","twitter_misc":{"Gesch\u00e4tzte Lesezeit":"2\u00a0Minuten"},"schema":{"@context":"https:\/\/schema.org","@graph":[{"@type":"WebPage","@id":"https:\/\/www.swisscrochet.ch\/de\/veranstaltungen\/","url":"https:\/\/www.swisscrochet.ch\/de\/veranstaltungen\/","name":"Veranstaltungen &#171; Swiss Crochet","isPartOf":{"@id":"https:\/\/www.swisscrochet.ch\/#website"},"primaryImageOfPage":{"@id":"https:\/\/www.swisscrochet.ch\/de\/veranstaltungen\/#primaryimage"},"image":{"@id":"https:\/\/www.swisscrochet.ch\/de\/veranstaltungen\/#primaryimage"},"thumbnailUrl":"https:\/\/www.swisscrochet.ch\/wp-content\/uploads\/2024\/08\/Logo-Swiss-Crochet-Square-RGB-WITH-color-BGD-512px.png","datePublished":"2024-08-09T15:15:50+00:00","dateModified":"2024-12-20T16:36:36+00:00","description":"Nimm an unseren H\u00e4kel-Veranstaltungen teil, um zu entspannen, Kontakte zu kn\u00fcpfen und kreativ zu sein. Offen f\u00fcr alle F\u00e4higkeitsstufen!","breadcrumb":{"@id":"https:\/\/www.swisscrochet.ch\/de\/veranstaltungen\/#breadcrumb"},"inLanguage":"de","potentialAction":[{"@type":"ReadAction","target":["https:\/\/www.swisscrochet.ch\/de\/veranstaltungen\/"]}]},{"@type":"ImageObject","inLanguage":"de","@id":"https:\/\/www.swisscrochet.ch\/de\/veranstaltungen\/#primaryimage","url":"https:\/\/www.swisscrochet.ch\/wp-content\/uploads\/2024\/08\/Logo-Swiss-Crochet-Square-RGB-WITH-color-BGD-512px.png","contentUrl":"https:\/\/www.swisscrochet.ch\/wp-content\/uploads\/2024\/08\/Logo-Swiss-Crochet-Square-RGB-WITH-color-BGD-512px.png","width":512,"height":512},{"@type":"BreadcrumbList","@id":"https:\/\/www.swisscrochet.ch\/de\/veranstaltungen\/#breadcrumb","itemListElement":[{"@type":"ListItem","position":1,"name":"Home","item":"https:\/\/www.swisscrochet.ch\/de\/"},{"@type":"ListItem","position":2,"name":"Veranstaltungen"}]},{"@type":"WebSite","@id":"https:\/\/www.swisscrochet.ch\/#website","url":"https:\/\/www.swisscrochet.ch\/","name":"Swiss Crochet","description":"Entfalte dein kreatives Potenzial","potentialAction":[{"@type":"SearchAction","target":{"@type":"EntryPoint","urlTemplate":"https:\/\/www.swisscrochet.ch\/?s={search_term_string}"},"query-input":{"@type":"PropertyValueSpecification","valueRequired":true,"valueName":"search_term_string"}}],"inLanguage":"de"}]}},"_links":{"self":[{"href":"https:\/\/www.swisscrochet.ch\/de\/wp-json\/wp\/v2\/pages\/1049","targetHints":{"allow":["GET"]}}],"collection":[{"href":"https:\/\/www.swisscrochet.ch\/de\/wp-json\/wp\/v2\/pages"}],"about":[{"href":"https:\/\/www.swisscrochet.ch\/de\/wp-json\/wp\/v2\/types\/page"}],"author":[{"embeddable":true,"href":"https:\/\/www.swisscrochet.ch\/de\/wp-json\/wp\/v2\/users\/2"}],"replies":[{"embeddable":true,"href":"https:\/\/www.swisscrochet.ch\/de\/wp-json\/wp\/v2\/comments?post=1049"}],"version-history":[{"count":0,"href":"https:\/\/www.swisscrochet.ch\/de\/wp-json\/wp\/v2\/pages\/1049\/revisions"}],"wp:featuredmedia":[{"embeddable":true,"href":"https:\/\/www.swisscrochet.ch\/de\/wp-json\/wp\/v2\/media\/248"}],"wp:attachment":[{"href":"https:\/\/www.swisscrochet.ch\/de\/wp-json\/wp\/v2\/media?parent=1049"}],"curies":[{"name":"wp","href":"https:\/\/api.w.org\/{rel}","templated":true}]}}