{"id":362,"date":"2024-08-12T18:30:49","date_gmt":"2024-08-12T16:30:49","guid":{"rendered":"https:\/\/www.swisscrochet.ch\/terms-and-conditions\/"},"modified":"2024-12-11T21:10:17","modified_gmt":"2024-12-11T20:10:17","slug":"allgemeine-geschaeftsbedingungen","status":"publish","type":"page","link":"https:\/\/www.swisscrochet.ch\/de\/allgemeine-geschaeftsbedingungen\/","title":{"rendered":"Allgemeine Gesch\u00e4ftsbedingungen"},"content":{"rendered":"<h2>Inhaltsverzeichnis<\/h2>\n<p><a href=\"#definitions\">Definition der Begriffe<\/a> | <a href=\"#intellectual-property\">Geistiges Eigentum und akzeptable Nutzung<\/a> | <a href=\"#user-content\">Von Nutzerinnen erstellte Inhalte<\/a> | <a href=\"#upload-content\">Inhalte auf unsere Webseite hochladen<\/a> | <a href=\"#privacy\">Datenschutzrichtlinie<\/a> | <a href=\"#copyright\">Urheberrechtshinweis<\/a> | <a href=\"#disclaimer\">Haftungsausschluss<\/a> | <a href=\"#pricing\">Preise<\/a> | <a href=\"#product-availability\">Produktverf\u00fcgbarkeit<\/a> | <a href=\"#conditions-sale\">Verkaufsbedingungen<\/a> | <a href=\"#returns-refunds\">R\u00fcckgabe- und Erstattungsrichtlinie<\/a> | <a href=\"#payment\">Zahlungsrichtlinie<\/a> | <a href=\"#courses\">Kursrichtlinie<\/a> | <a href=\"#acceptance\">Auftragsbest\u00e4tigung<\/a> | <a href=\"#supply\">Lieferung<\/a> | <a href=\"#security\">Sicherheit<\/a><\/p>\n<p>&nbsp;<\/p>\n<p>&nbsp;<\/p>\n<p>&nbsp;<\/p>\n<h2><a name=\"definitions\"><\/a>Definition der Begriffe<\/h2>\n<p>Diese Allgemeinen Gesch\u00e4ftsbedingungen gelten zwischen dir, der Nutzerin dieser Webseite: www.swisscrochet.ch (einschliesslich aller Subdomains), und Assimina Saranti Web &amp; Textiles (nachfolgend als &#8222;wir&#8220; oder &#8222;Swiss Crochet&#8220; bezeichnet), der Inhaberin und Betreiberin dieser Webseite.<\/p>\n<p>Durch die Nutzung dieser Webseite akzeptierst du unsere Allgemeinen Gesch\u00e4ftsbedingungen und stimmst zu, rechtlich an diese gebunden zu sein. Wir k\u00f6nnen die Allgemeinen Gesch\u00e4ftsbedingungen jederzeit ohne vorherige Ank\u00fcndigung \u00e4ndern.<\/p>\n<p>Bitte lies diese Allgemeinen Gesch\u00e4ftsbedingungen sorgf\u00e4ltig durch, da sie deine gesetzlichen Rechte betreffen. Deine Zustimmung, dich an diese Bedingungen zu halten, wird mit deiner ersten Nutzung der Webseite vorausgesetzt. Wenn du nicht damit einverstanden bist, an diese Bedingungen gebunden zu sein, solltest du die Nutzung der Webseite sofort einstellen.<\/p>\n<p>Diese Webseite wird von und im Auftrag von Assimina Saranti Web &amp; Textiles betrieben (siehe <a href=\"https:\/\/www.swisscrochet.ch\/de\/impressum\/\">Impressum<\/a>).<\/p>\n<p>&nbsp;<\/p>\n<h2><a name=\"intellectual-property\"><\/a>Geistiges Eigentum und akzeptable Nutzung<\/h2>\n<p>Der Inhalt der Seiten dieser Webseite dient ausschliesslich deiner allgemeinen Information und Nutzung. Er kann ohne vorherige Ank\u00fcndigung ge\u00e4ndert werden.<\/p>\n<p>Wir k\u00f6nnen diese Bedingungen von Zeit zu Zeit \u00e4ndern. Jedes Mal, wenn du unsere Webseite nutzen m\u00f6chtest, \u00fcberpr\u00fcfe bitte diese Bedingungen, um sicherzustellen, dass du die zu diesem Zeitpunkt geltenden Bedingungen verstehst.<\/p>\n<p>Weder wir noch Dritte geben eine Garantie oder Gew\u00e4hrleistung f\u00fcr die Genauigkeit, Aktualit\u00e4t, Leistung, Vollst\u00e4ndigkeit oder Eignung der auf dieser Webseite gefundenen oder angebotenen Informationen und Materialien f\u00fcr einen bestimmten Zweck. Du erkennst an, dass solche Informationen und Materialien Ungenauigkeiten oder Fehler enthalten k\u00f6nnen, und wir schliessen ausdr\u00fccklich die Haftung f\u00fcr solche Ungenauigkeiten oder Fehler im gesetzlich zul\u00e4ssigen Umfang aus.<\/p>\n<p>Die Nutzung von Informationen oder Materialien auf dieser Webseite erfolgt ausschliesslich auf dein eigenes Risiko, f\u00fcr das wir nicht haften. Es liegt in deiner Verantwortung sicherzustellen, dass alle \u00fcber diese Webseite verf\u00fcgbaren Produkte, Dienstleistungen oder Informationen deinen spezifischen Anforderungen entsprechen.<\/p>\n<p>Diese Webseite enth\u00e4lt Material, das uns geh\u00f6rt oder uns lizenziert wurde. Dieses Material umfasst unter anderem Design, Layout, Erscheinungsbild und Grafiken. Die Vervielf\u00e4ltigung ist ausser in \u00dcbereinstimmung mit der Urheberrechtsmitteilung, die Teil dieser Allgemeinen Gesch\u00e4ftsbedingungen ist, untersagt.<\/p>\n<p>Alle Marken, die auf dieser Webseite reproduziert werden und nicht Eigentum der Betreiberin oder von ihr lizenziert sind, werden auf der Webseite anerkannt.<\/p>\n<p>Die unbefugte Nutzung dieser Webseite kann zu Schadensersatzanspr\u00fcchen und\/oder strafrechtlichen Konsequenzen f\u00fchren.<\/p>\n<p>Die Nutzung dieser Webseite und alle Streitigkeiten, die sich aus dieser Nutzung ergeben, unterliegen den Gesetzen der Schweiz.<\/p>\n<p>&nbsp;<\/p>\n<h2><a name=\"user-content\"><\/a>Von Nutzerinnen erstellte Inhalte<\/h2>\n<p>Diese Webseite kann Informationen und Materialien enthalten, die von anderen Nutzerinnen der Webseite hochgeladen wurden, einschliesslich Blogs, Pinnw\u00e4nde und Chatrooms. Diese Informationen und Materialien wurden von uns nicht \u00fcberpr\u00fcft oder genehmigt. Die von anderen Nutzerinnen auf unserer Webseite ge\u00e4usserten Ansichten stellen nicht unsere Ansichten oder Werte dar.<\/p>\n<p>&nbsp;<\/p>\n<h2><a name=\"upload-content\"><\/a>Inhalte auf unsere Webseite hochladen<\/h2>\n<p>Wann immer du eine Funktion nutzt, die es dir erm\u00f6glicht, Inhalte auf unsere Webseite hochzuladen oder mit anderen Nutzerinnen unserer Webseite in Kontakt zu treten, musst du die in diesen Bedingungen festgelegten Inhaltsstandards einhalten.<\/p>\n<p>Du garantierst, dass alle von dir hochgeladenen Beitr\u00e4ge diesen Standards entsprechen, und du haftest uns gegen\u00fcber und stellst uns von jeglicher Haftung frei, wenn du diese Garantie verletzt. Das bedeutet, dass du f\u00fcr jeden Verlust oder Schaden verantwortlich bist, den wir infolge eines Verstosses gegen diese Garantie erleiden.<\/p>\n<p>Wir haben das Recht, Beitr\u00e4ge, die du auf unserer Webseite ver\u00f6ffentlichst, zu entfernen, wenn wir der Meinung sind, dass dein Beitrag nicht den in diesen Bedingungen festgelegten Inhaltsstandards entspricht.<\/p>\n<p>Du bist allein daf\u00fcr verantwortlich, deine Inhalte zu sichern und zu sichern.<\/p>\n<p>&nbsp;<\/p>\n<h2><a name=\"privacy\"><\/a>Datenschutzrichtlinie<\/h2>\n<p>Von Swiss Crochet von Kundinnen gesammelte Informationen werden streng vertraulich behandelt. Alle Informationen, die an Dritte wie die Schweizerische Post oder Kurierunternehmen weitergegeben werden, dienen ausschliesslich der Abwicklung deiner Bestellung. Swiss Crochet wird keine gesammelten personenbezogenen Daten verkaufen.<\/p>\n<p>Die Nutzung der Webseite unterliegt auch unserer <a href=\"https:\/\/www.swisscrochet.ch\/de\/datenschutzrichtlinie\/\">Datenschutzrichtlinie<\/a>.<\/p>\n<p>&nbsp;<\/p>\n<h2><a name=\"copyright\"><\/a>Urheberrechtshinweis<\/h2>\n<p>Diese Webseite und ihre Inhalte, einschliesslich des Webseitendesigns und der Grafiken, unterliegen dem Urheberrecht von Swiss Crochet. Alle Rechte vorbehalten.<\/p>\n<p>Alle anderen auf dieser Webseite genannten Marken, Firmennamen, Produktnamen und\/oder Logos sind Eigentum ihrer jeweiligen Inhaberinnen. Marken, Markennamen, Produktnamen und Firmennamen, die mit den auf dieser Webseite erscheinenden Produkten in Zusammenhang stehen, sind Eigentum der jeweiligen Inhaberinnen. Swiss Crochet erhebt keinen Anspruch auf diese Marken und beansprucht nicht, dass Swiss Crochet mit diesen Unternehmen in Verbindung steht, von ihnen unterst\u00fctzt wird oder anderweitig mit ihnen in Verbindung steht.<\/p>\n<p>Jegliche Weiterverbreitung oder Vervielf\u00e4ltigung von Teilen oder des gesamten Inhalts in irgendeiner Form ist untersagt.<\/p>\n<p>Du darfst die Inhalte ohne unsere ausdr\u00fcckliche schriftliche Erlaubnis weder vertreiben noch kommerziell nutzen. Ebenso wenig darfst du sie auf einer anderen Webseite oder in einem anderen elektronischen Abrufsystem \u00fcbertragen oder speichern.<\/p>\n<p>&nbsp;<\/p>\n<h2><a name=\"disclaimer\"><\/a>Haftungsausschluss<\/h2>\n<article class=\"rich-text-container article\" tabindex=\"0\" role=\"article\">Die Informationen auf dieser Webseite dienen ausschliesslich allgemeinen Informationszwecken. Swiss Crochet \u00fcberpr\u00fcft und aktualisiert die Informationen auf ihren Webseiten kontinuierlich. Dennoch k\u00f6nnen trotz sorgf\u00e4ltiger Bem\u00fchungen Fehler oder \u00c4nderungen im Laufe der Zeit nicht vollst\u00e4ndig ausgeschlossen werden. Daher wird jegliche Haftung oder Garantie f\u00fcr die Aktualit\u00e4t, Richtigkeit und Vollst\u00e4ndigkeit der Informationen sowie f\u00fcr jegliche Art von Sch\u00e4den, einschliesslich zuf\u00e4lliger oder Folgesch\u00e4den, ausdr\u00fccklich ausgeschlossen. Swiss Crochet beh\u00e4lt sich ausdr\u00fccklich das Recht vor, die Informationen jederzeit zu \u00e4ndern oder zu erg\u00e4nzen. Angaben zu Waren und Dienstleistungen sind unverbindlich.<\/article>\n<p>Die Webseite swisscrochet.ch kann Links zu externen Diensten enthalten, die nicht von Swiss Crochet verwaltet werden. Swiss Crochet \u00fcbernimmt keine Verantwortung oder Haftung f\u00fcr den Inhalt, die Datenschutzrichtlinien und die Dienste von Drittanbieter-Webseiten, auf die \u00fcber Hyperlinks verwiesen wird. Swiss Crochet \u00fcbernimmt keine Haftung, weder direkt noch indirekt, f\u00fcr Sch\u00e4den oder Verluste, die durch die Nutzung oder das Vertrauen auf solche Inhalte, Waren oder Dienstleistungen, die auf oder \u00fcber Drittanbieter-Webseiten oder -Dienste verf\u00fcgbar sind, verursacht wurden oder angeblich verursacht wurden.<\/p>\n<p>Es wird alles unternommen, um die Webseite reibungslos am Laufen zu halten. Swiss Crochet \u00fcbernimmt jedoch keine Verantwortung und haftet nicht f\u00fcr vor\u00fcbergehende Nichtverf\u00fcgbarkeit der Webseite aufgrund von technischen Problemen, die ausserhalb unserer Kontrolle liegen.<\/p>\n<p>Die Inhalte und die Struktur aller Swiss Crochet-Webseiten sind urheberrechtlich gesch\u00fctzt. Die Vervielf\u00e4ltigung von Informationen, Daten, Texten oder Bildern von unseren Webseiten bedarf der ausdr\u00fccklichen schriftlichen Genehmigung von Swiss Crochet.<\/p>\n<p>&nbsp;<\/p>\n<h2><a name=\"pricing\"><\/a>Preise<\/h2>\n<p>Alle Preise werden in CHF angezeigt und beinhalten die MWST\/TVA\/IVA\/VAT. Die Preise k\u00f6nnen jederzeit ohne vorherige Ank\u00fcndigung ge\u00e4ndert werden. Alle Preise sind zum Zeitpunkt des Kaufs korrekt und werden in der Bestellbest\u00e4tigungs-E-Mail best\u00e4tigt.<\/p>\n<p>&nbsp;<\/p>\n<h2><a name=\"product-availability\"><\/a>Produktverf\u00fcgbarkeit<\/h2>\n<p>Alle Bestellungen unterliegen der Verf\u00fcgbarkeit der Produkte. Wenn ein Produkt zum Zeitpunkt des Kaufs nicht verf\u00fcgbar ist, wirst du so bald wie m\u00f6glich benachrichtigt und es wird dir ein alternatives Produkt (falls verf\u00fcgbar) oder eine R\u00fcckerstattung angeboten.<\/p>\n<p>&nbsp;<\/p>\n<h2><a name=\"conditions-sale\"><\/a>Verkaufsbedingungen<\/h2>\n<p>Alle Bestellungen m\u00fcssen vor dem Versand bezahlt werden. Swiss Crochet \u00fcbernimmt keine Verantwortung f\u00fcr Waren, die w\u00e4hrend der Lieferung besch\u00e4digt werden.<\/p>\n<p>&nbsp;<\/p>\n<h2><a name=\"returns-refunds\"><\/a>R\u00fcckgabe- und Erstattungsrichtlinie<\/h2>\n<p>Lies unsere detaillierte Richtlinie auf der Seite <a href=\"https:\/\/www.swisscrochet.ch\/de\/ruecksendungen-und-rueckerstattungen\/\">R\u00fccksendungen und R\u00fcckerstattungen<\/a>.<\/p>\n<p>&nbsp;<\/p>\n<h2><a name=\"payment\"><\/a>Zahlungsrichtlinie<\/h2>\n<p>Lies unsere detaillierte Richtlinie auf der Seite <a href=\"https:\/\/www.swisscrochet.ch\/de\/zahlung-und-versand\/\">Zahlung und Versand<\/a>.<\/p>\n<p>&nbsp;<\/p>\n<h2><a name=\"courses\"><\/a>Kursrichtlinie<\/h2>\n<p>Wenn du dich f\u00fcr einen privaten und\/oder Gruppen-Kurs anmeldest, der von Swiss Crochet organisiert wird, stimmst du automatisch den folgenden Bedingungen zu:<\/p>\n<ul>\n<li>Eine Kursreservierung wird f\u00fcr dich vorgenommen; dein Platz ist garantiert.<\/li>\n<li>Wenn du deine Kursteilnahme <span style=\"text-decoration: underline;\">14 bis 7 Tage vor Kursbeginn<\/span> stornierst, werden 50 % der Kursgeb\u00fchr berechnet und 50 % zur\u00fcckerstattet.<\/li>\n<li>Wenn du deine Kursteilnahme <span style=\"text-decoration: underline;\">weniger als 7 Tage vor Kursbeginn<\/span> stornierst, wird 100 % der Kursgeb\u00fchr berechnet.<\/li>\n<li>Wenn ein Kurs von der Organisatorin abgesagt wird, werden 100 % der Kursgeb\u00fchr zur\u00fcckerstattet.<\/li>\n<\/ul>\n<p>Mit einer Kursreservierung werden Zeit und Ort f\u00fcr den Kurs reserviert, die andernfalls f\u00fcr andere Kurse oder Arbeitsaufgaben genutzt w\u00fcrden.<\/p>\n<p>&nbsp;<\/p>\n<h2><a name=\"acceptance\"><\/a>Auftragsbest\u00e4tigung<\/h2>\n<p>Swiss Crochet sendet E-Mail-Best\u00e4tigungen f\u00fcr deine Bestellung, sobald diese auf unserer Webseite aufgegeben wurde.<\/p>\n<p>&nbsp;<\/p>\n<h2><a name=\"supply\"><\/a>Lieferung<\/h2>\n<p>Swiss Crochet beh\u00e4lt sich das Recht vor, die Belieferung von Einzelpersonen oder Unternehmen abzulehnen.<\/p>\n<p>&nbsp;<\/p>\n<h2><a name=\"security\"><\/a>Sicherheit<\/h2>\n<p>Swiss Crochet versteht ihre Verantwortung und Verpflichtung zum Schutz deiner pers\u00f6nlichen Informationen. Wir haben Sicherheitsmassnahmen ergriffen und f\u00fchren weiterhin Tests durch, um ein sicheres und gesch\u00fctztes Einkaufserlebnis zu gew\u00e4hrleisten.<\/p>\n<h3>Sicheres Online-Shopping<\/h3>\n<p>Jedes Mal, wenn Swiss Crochet deine pers\u00f6nlichen Informationen erfasst (wie deine Liefer-\/Rechnungsadresse, Kontaktdaten usw.), wird eine sichere Verbindung \u00fcber die Secure Sockets Layer (SSL)-Technologie mit deinem Webbrowser hergestellt. Dadurch wird sichergestellt, dass deine Daten verschl\u00fcsselt und sicher an uns \u00fcbermittelt werden, gesch\u00fctzt vor neugierigen Blicken oder b\u00f6swilligen Bedrohungen. Secure Sockets Layer (SSL) ist ein Protokoll zur Datenverschl\u00fcsselung im Internet und zur Best\u00e4tigung der Identit\u00e4t des Webseiteninhabers. Nur autorisiertes Personal von Swiss Crochet hat Zugriff auf diese pers\u00f6nlichen Daten und ausschliesslich zu autorisierten Zwecken.<\/p>\n<p>F\u00fcr weitere Informationen, lies bitte unsere <a href=\"https:\/\/www.swisscrochet.ch\/de\/datenschutzrichtlinie\/\">Datenschutzrichtlinie<\/a>.<\/p>\n<h3>Sichere Kreditkartenzahlung<\/h3>\n<p>Online-Zahlungen f\u00fcr Swiss Crochet werden von TWINT, Paypal und Zahls.ch abgewickelt. Alle Kreditkarteninformationen der Kundin werden sicher \u00fcbermittelt und vollst\u00e4ndig in den Systemen von TWINT, Paypal und Zahls.ch verarbeitet. Mitarbeitende von Swiss Crochet k\u00f6nnen keine sensiblen Karteninhaberdaten (wie Kreditkartennummern, PIN-Codes oder CCV-Codes) einsehen, verarbeiten oder speichern. Kreditkartendaten werden im Browser der Kundin per SSL verschl\u00fcsselt, bevor sie an TWINT, Paypal und Zahls.ch gesendet werden, und werden niemals im Klartext angezeigt.<\/p>\n","protected":false},"excerpt":{"rendered":"<p>Inhaltsverzeichnis Definition der Begriffe | Geistiges Eigentum und akzeptable Nutzung | Von Nutzerinnen erstellte Inhalte | Inhalte auf unsere Webseite hochladen | Datenschutzrichtlinie | Urheberrechtshinweis | Haftungsausschluss | Preise | Produktverf\u00fcgbarkeit | Verkaufsbedingungen | R\u00fcckgabe- und Erstattungsrichtlinie | Zahlungsrichtlinie | Kursrichtlinie | Auftragsbest\u00e4tigung | Lieferung | Sicherheit &nbsp; &nbsp; &nbsp; Definition der Begriffe Diese Allgemeinen&hellip;<\/p>\n","protected":false},"author":2,"featured_media":248,"parent":0,"menu_order":21,"comment_status":"closed","ping_status":"closed","template":"template-microsite.php","meta":{"footnotes":""},"class_list":["post-362","page","type-page","status-publish","has-post-thumbnail","hentry","description-off"],"yoast_head":"<!-- This site is optimized with the Yoast SEO plugin v27.5 - https:\/\/yoast.com\/product\/yoast-seo-wordpress\/ -->\n<title>Allgemeine Gesch\u00e4ftsbedingungen &#171; Swiss Crochet<\/title>\n<meta name=\"description\" content=\"Nutzungsbedingungen f\u00fcr die Webseite www.swisscrochet.ch\" \/>\n<meta name=\"robots\" content=\"index, follow, max-snippet:-1, max-image-preview:large, max-video-preview:-1\" \/>\n<link rel=\"canonical\" href=\"https:\/\/www.swisscrochet.ch\/de\/allgemeine-geschaeftsbedingungen\/\" \/>\n<meta property=\"og:locale\" content=\"de_DE\" \/>\n<meta property=\"og:type\" content=\"article\" \/>\n<meta property=\"og:title\" content=\"Allgemeine Gesch\u00e4ftsbedingungen &#171; Swiss Crochet\" \/>\n<meta property=\"og:description\" content=\"Nutzungsbedingungen f\u00fcr die Webseite www.swisscrochet.ch\" \/>\n<meta property=\"og:url\" content=\"https:\/\/www.swisscrochet.ch\/de\/allgemeine-geschaeftsbedingungen\/\" \/>\n<meta property=\"og:site_name\" content=\"Swiss Crochet\" \/>\n<meta property=\"article:modified_time\" content=\"2024-12-11T20:10:17+00:00\" \/>\n<meta property=\"og:image\" content=\"https:\/\/www.swisscrochet.ch\/wp-content\/uploads\/2024\/08\/Logo-Swiss-Crochet-Square-RGB-WITH-color-BGD-512px.png\" \/>\n\t<meta property=\"og:image:width\" content=\"512\" \/>\n\t<meta property=\"og:image:height\" content=\"512\" \/>\n\t<meta property=\"og:image:type\" content=\"image\/png\" \/>\n<meta name=\"twitter:card\" content=\"summary_large_image\" \/>\n<meta name=\"twitter:label1\" content=\"Gesch\u00e4tzte Lesezeit\" \/>\n\t<meta name=\"twitter:data1\" content=\"7\u00a0Minuten\" \/>\n<script type=\"application\/ld+json\" class=\"yoast-schema-graph\">{\"@context\":\"https:\\\/\\\/schema.org\",\"@graph\":[{\"@type\":\"WebPage\",\"@id\":\"https:\\\/\\\/www.swisscrochet.ch\\\/de\\\/allgemeine-geschaeftsbedingungen\\\/\",\"url\":\"https:\\\/\\\/www.swisscrochet.ch\\\/de\\\/allgemeine-geschaeftsbedingungen\\\/\",\"name\":\"Allgemeine Gesch\u00e4ftsbedingungen &#171; Swiss Crochet\",\"isPartOf\":{\"@id\":\"https:\\\/\\\/www.swisscrochet.ch\\\/#website\"},\"primaryImageOfPage\":{\"@id\":\"https:\\\/\\\/www.swisscrochet.ch\\\/de\\\/allgemeine-geschaeftsbedingungen\\\/#primaryimage\"},\"image\":{\"@id\":\"https:\\\/\\\/www.swisscrochet.ch\\\/de\\\/allgemeine-geschaeftsbedingungen\\\/#primaryimage\"},\"thumbnailUrl\":\"https:\\\/\\\/www.swisscrochet.ch\\\/wp-content\\\/uploads\\\/2024\\\/08\\\/Logo-Swiss-Crochet-Square-RGB-WITH-color-BGD-512px.png\",\"datePublished\":\"2024-08-12T16:30:49+00:00\",\"dateModified\":\"2024-12-11T20:10:17+00:00\",\"description\":\"Nutzungsbedingungen f\u00fcr die Webseite www.swisscrochet.ch\",\"breadcrumb\":{\"@id\":\"https:\\\/\\\/www.swisscrochet.ch\\\/de\\\/allgemeine-geschaeftsbedingungen\\\/#breadcrumb\"},\"inLanguage\":\"de\",\"potentialAction\":[{\"@type\":\"ReadAction\",\"target\":[\"https:\\\/\\\/www.swisscrochet.ch\\\/de\\\/allgemeine-geschaeftsbedingungen\\\/\"]}]},{\"@type\":\"ImageObject\",\"inLanguage\":\"de\",\"@id\":\"https:\\\/\\\/www.swisscrochet.ch\\\/de\\\/allgemeine-geschaeftsbedingungen\\\/#primaryimage\",\"url\":\"https:\\\/\\\/www.swisscrochet.ch\\\/wp-content\\\/uploads\\\/2024\\\/08\\\/Logo-Swiss-Crochet-Square-RGB-WITH-color-BGD-512px.png\",\"contentUrl\":\"https:\\\/\\\/www.swisscrochet.ch\\\/wp-content\\\/uploads\\\/2024\\\/08\\\/Logo-Swiss-Crochet-Square-RGB-WITH-color-BGD-512px.png\",\"width\":512,\"height\":512},{\"@type\":\"BreadcrumbList\",\"@id\":\"https:\\\/\\\/www.swisscrochet.ch\\\/de\\\/allgemeine-geschaeftsbedingungen\\\/#breadcrumb\",\"itemListElement\":[{\"@type\":\"ListItem\",\"position\":1,\"name\":\"Home\",\"item\":\"https:\\\/\\\/www.swisscrochet.ch\\\/de\\\/\"},{\"@type\":\"ListItem\",\"position\":2,\"name\":\"Allgemeine Gesch\u00e4ftsbedingungen\"}]},{\"@type\":\"WebSite\",\"@id\":\"https:\\\/\\\/www.swisscrochet.ch\\\/#website\",\"url\":\"https:\\\/\\\/www.swisscrochet.ch\\\/\",\"name\":\"Swiss Crochet\",\"description\":\"Entfalte dein kreatives Potenzial\",\"potentialAction\":[{\"@type\":\"SearchAction\",\"target\":{\"@type\":\"EntryPoint\",\"urlTemplate\":\"https:\\\/\\\/www.swisscrochet.ch\\\/?s={search_term_string}\"},\"query-input\":{\"@type\":\"PropertyValueSpecification\",\"valueRequired\":true,\"valueName\":\"search_term_string\"}}],\"inLanguage\":\"de\"}]}<\/script>\n<!-- \/ Yoast SEO plugin. -->","yoast_head_json":{"title":"Allgemeine Gesch\u00e4ftsbedingungen &#171; Swiss Crochet","description":"Nutzungsbedingungen f\u00fcr die Webseite www.swisscrochet.ch","robots":{"index":"index","follow":"follow","max-snippet":"max-snippet:-1","max-image-preview":"max-image-preview:large","max-video-preview":"max-video-preview:-1"},"canonical":"https:\/\/www.swisscrochet.ch\/de\/allgemeine-geschaeftsbedingungen\/","og_locale":"de_DE","og_type":"article","og_title":"Allgemeine Gesch\u00e4ftsbedingungen &#171; Swiss Crochet","og_description":"Nutzungsbedingungen f\u00fcr die Webseite www.swisscrochet.ch","og_url":"https:\/\/www.swisscrochet.ch\/de\/allgemeine-geschaeftsbedingungen\/","og_site_name":"Swiss Crochet","article_modified_time":"2024-12-11T20:10:17+00:00","og_image":[{"width":512,"height":512,"url":"https:\/\/www.swisscrochet.ch\/wp-content\/uploads\/2024\/08\/Logo-Swiss-Crochet-Square-RGB-WITH-color-BGD-512px.png","type":"image\/png"}],"twitter_card":"summary_large_image","twitter_misc":{"Gesch\u00e4tzte Lesezeit":"7\u00a0Minuten"},"schema":{"@context":"https:\/\/schema.org","@graph":[{"@type":"WebPage","@id":"https:\/\/www.swisscrochet.ch\/de\/allgemeine-geschaeftsbedingungen\/","url":"https:\/\/www.swisscrochet.ch\/de\/allgemeine-geschaeftsbedingungen\/","name":"Allgemeine Gesch\u00e4ftsbedingungen &#171; Swiss Crochet","isPartOf":{"@id":"https:\/\/www.swisscrochet.ch\/#website"},"primaryImageOfPage":{"@id":"https:\/\/www.swisscrochet.ch\/de\/allgemeine-geschaeftsbedingungen\/#primaryimage"},"image":{"@id":"https:\/\/www.swisscrochet.ch\/de\/allgemeine-geschaeftsbedingungen\/#primaryimage"},"thumbnailUrl":"https:\/\/www.swisscrochet.ch\/wp-content\/uploads\/2024\/08\/Logo-Swiss-Crochet-Square-RGB-WITH-color-BGD-512px.png","datePublished":"2024-08-12T16:30:49+00:00","dateModified":"2024-12-11T20:10:17+00:00","description":"Nutzungsbedingungen f\u00fcr die Webseite www.swisscrochet.ch","breadcrumb":{"@id":"https:\/\/www.swisscrochet.ch\/de\/allgemeine-geschaeftsbedingungen\/#breadcrumb"},"inLanguage":"de","potentialAction":[{"@type":"ReadAction","target":["https:\/\/www.swisscrochet.ch\/de\/allgemeine-geschaeftsbedingungen\/"]}]},{"@type":"ImageObject","inLanguage":"de","@id":"https:\/\/www.swisscrochet.ch\/de\/allgemeine-geschaeftsbedingungen\/#primaryimage","url":"https:\/\/www.swisscrochet.ch\/wp-content\/uploads\/2024\/08\/Logo-Swiss-Crochet-Square-RGB-WITH-color-BGD-512px.png","contentUrl":"https:\/\/www.swisscrochet.ch\/wp-content\/uploads\/2024\/08\/Logo-Swiss-Crochet-Square-RGB-WITH-color-BGD-512px.png","width":512,"height":512},{"@type":"BreadcrumbList","@id":"https:\/\/www.swisscrochet.ch\/de\/allgemeine-geschaeftsbedingungen\/#breadcrumb","itemListElement":[{"@type":"ListItem","position":1,"name":"Home","item":"https:\/\/www.swisscrochet.ch\/de\/"},{"@type":"ListItem","position":2,"name":"Allgemeine Gesch\u00e4ftsbedingungen"}]},{"@type":"WebSite","@id":"https:\/\/www.swisscrochet.ch\/#website","url":"https:\/\/www.swisscrochet.ch\/","name":"Swiss Crochet","description":"Entfalte dein kreatives Potenzial","potentialAction":[{"@type":"SearchAction","target":{"@type":"EntryPoint","urlTemplate":"https:\/\/www.swisscrochet.ch\/?s={search_term_string}"},"query-input":{"@type":"PropertyValueSpecification","valueRequired":true,"valueName":"search_term_string"}}],"inLanguage":"de"}]}},"_links":{"self":[{"href":"https:\/\/www.swisscrochet.ch\/de\/wp-json\/wp\/v2\/pages\/362","targetHints":{"allow":["GET"]}}],"collection":[{"href":"https:\/\/www.swisscrochet.ch\/de\/wp-json\/wp\/v2\/pages"}],"about":[{"href":"https:\/\/www.swisscrochet.ch\/de\/wp-json\/wp\/v2\/types\/page"}],"author":[{"embeddable":true,"href":"https:\/\/www.swisscrochet.ch\/de\/wp-json\/wp\/v2\/users\/2"}],"replies":[{"embeddable":true,"href":"https:\/\/www.swisscrochet.ch\/de\/wp-json\/wp\/v2\/comments?post=362"}],"version-history":[{"count":0,"href":"https:\/\/www.swisscrochet.ch\/de\/wp-json\/wp\/v2\/pages\/362\/revisions"}],"wp:featuredmedia":[{"embeddable":true,"href":"https:\/\/www.swisscrochet.ch\/de\/wp-json\/wp\/v2\/media\/248"}],"wp:attachment":[{"href":"https:\/\/www.swisscrochet.ch\/de\/wp-json\/wp\/v2\/media?parent=362"}],"curies":[{"name":"wp","href":"https:\/\/api.w.org\/{rel}","templated":true}]}}