{"id":371,"date":"2024-08-09T13:08:08","date_gmt":"2024-08-09T11:08:08","guid":{"rendered":"https:\/\/www.swisscrochet.ch\/payment-and-shipping\/"},"modified":"2026-04-14T00:35:41","modified_gmt":"2026-04-13T22:35:41","slug":"zahlung-und-versand","status":"publish","type":"page","link":"https:\/\/www.swisscrochet.ch\/de\/zahlung-und-versand\/","title":{"rendered":"Zahlung und Versand"},"content":{"rendered":"<h2>Zahlung<\/h2>\n<p>Die Zahlung erfolgt w\u00e4hrend des Bestellvorgangs auf der Webseite. Es stehen verschiedene Zahlungsm\u00f6glichkeiten zur Verf\u00fcgung.<\/p>\n<p>Du kannst bezahlen mit:<\/p>\n<ul>\n<li>TWINT<\/li>\n<li>PostFinance E-Finance<\/li>\n<li>PostFinance Card<\/li>\n<li>Visa Debit-\/Kreditkarte<\/li>\n<li>Mastercard Debit-\/Kreditkarte<\/li>\n<li>Paypal<\/li>\n<li>Google Pay<\/li>\n<li>Direkte Bank\u00fcberweisung<\/li>\n<\/ul>\n<p>Bitte beachte, dass eine Reservierung von Artikeln nicht m\u00f6glich ist.<\/p>\n<p>Bestellungen m\u00fcssen bezahlt werden, bevor sie versendet werden.<\/p>\n<p>&nbsp;<\/p>\n<h2>Abholung vor Ort<\/h2>\n<p>Eine Abholung vor Ort ist nur f\u00fcr vorausbezahlte Online-Bestellungen m\u00f6glich. Spontane Besuche und Einkaufen vor Ort sind nicht m\u00f6glich.<\/p>\n<p>Bestellungen k\u00f6nnen ausschliesslich zu den auf dieser Seite angegebenen Abholzeiten abgeholt werden.<\/p>\n<h4>Abholort<\/h4>\n<p>Das Swiss Crochet <a href=\"https:\/\/www.swisscrochet.ch\/de\/impressum\/\">B\u00fcro<\/a>.<\/p>\n<h4>Abholzeiten 2026<\/h4>\n<p>Jeden Freitag von 12:00 \u2013 13:00 und 16:00 \u2013 17:00 Uhr (Schweizer Zeit).<\/p>\n<h4>An folgenden Tagen ist keine Abholung m\u00f6glich<\/h4>\n<ul>\n<li>27.02<\/li>\n<li>13.03, 20.03, 27.03<\/li>\n<li>17.04, 24.04<\/li>\n<li>01.05, 08.05, 29.05<\/li>\n<li>05.06<\/li>\n<li>07.08<\/li>\n<li>06.11, 13.11<\/li>\n<li>25.12<\/li>\n<\/ul>\n<p>&nbsp;<\/p>\n<h2>Versand<\/h2>\n<p>Alle Bestellungen werden mit den Dienstleistungen der Schweizer Post ausgef\u00fchrt.<\/p>\n<p>F\u00fcr alle Bestellungen wird standardm\u00e4ssig ein Tracking-Code bereitgestellt, unabh\u00e4ngig von der Versandart. Der Tracking-Code und ein Link zur Tracking-Seite der Schweizer Post werden dir per E-Mail zugesandt, sobald eine Bestellung zum Versand vorbereitet wurde. Der Tracking-Code ist online erst verf\u00fcgbar, nachdem die Schweizer Post das Paket erhalten und verarbeitet hat.<\/p>\n<p>Bestellungen werden innerhalb von 24-36 Stunden versandt. Verz\u00f6gerungen bei der Bearbeitung k\u00f6nnen w\u00e4hrend Feiertagen und in stark frequentierten Zeiten (z. B. Weihnachten) auftreten. Du erh\u00e4ltst E-Mail-Benachrichtigungen \u00fcber den Status deiner Bestellung.<\/p>\n<p>Bestellungen werden an die Versandadresse geliefert, die w\u00e4hrend des Bestellvorgangs angegeben wurde, und nicht an die Rechnungsadresse (sofern diese nicht identisch ist).<\/p>\n<p>&nbsp;<\/p>\n<h3>Schweiz und Liechtenstein<\/h3>\n<p>F\u00fcr Bestellungen mit Ziel innerhalb der Schweiz und Liechtenstein gibt es zwei Versandoptionen: Economy (B-Post) und Priority Post (A-Post).<\/p>\n<h4>Versandkosten<\/h4>\n<p>F\u00fcr Bestellungen innerhalb der Schweiz \u00fcber 80 CHF gelten folgende Versandkosten:<\/p>\n<ul>\n<li>Economy: kostenlos!<\/li>\n<li>Priority: f\u00fcr nur 2 CHF verf\u00fcgbar<\/li>\n<\/ul>\n<p>F\u00fcr Bestellungen innerhalb der Schweiz unter 80 CHF gelten folgende Versandkosten:<\/p>\n<ul>\n<li>Kleines Paket (A+ Post): 4.90 CHF<\/li>\n<li>Economy: 7.50 CHF<\/li>\n<li>Priority: 9.50 CHF<\/li>\n<\/ul>\n<p>F\u00fcr Bestellungen innerhalb der Schweiz \u00fcber 80 CHF und mit einem Gesamtgewicht von mehr als 7.5 kg gelten folgende Versandkosten:<\/p>\n<ul>\n<li>Economy: 10.50 CHF<\/li>\n<li>Priority: 12.50 CHF<\/li>\n<\/ul>\n<h4>Gesch\u00e4tzte Lieferzeiten<\/h4>\n<ul>\n<li>Schweiz\/Liechtenstein &#8211; Kleines Paket (A+ Post): Lieferung am n\u00e4chsten Arbeitstag, Montag bis Samstag.<\/li>\n<li>Schweiz\/Liechtenstein &#8211; Economy: Lieferung in 2 Arbeitstagen, Montag bis Freitag.<\/li>\n<li>Schweiz\/Liechtenstein &#8211; Priority: Lieferung am n\u00e4chsten Arbeitstag, Montag bis Freitag.<\/li>\n<\/ul>\n<p>Wenn du dein Paket nicht erh\u00e4ltst oder keine Benachrichtigung dar\u00fcber innerhalb von 15 Tagen erh\u00e4ltst, kontaktiere mich bitte: i&#110;f&#111;&#64;&#115;&#119;is&#115;croch&#101;&#116;&#46;&#99;&#104;.<\/p>\n<p>&nbsp;<\/p>\n<h3>International<\/h3>\n<p>F\u00fcr internationale Bestellungen gibt es keinen Unterschied zwischen Economy und Priority Post. Die Schweizer Post versendet die Pakete \u00fcber den Priority-Kanal und \u00fcbergibt sie den nationalen Postdienstleistern der jeweiligen L\u00e4nder.<\/p>\n<h4>Versandkosten<\/h4>\n<p>F\u00fcr internationale Bestellungen \u00fcber 250 CHF: kostenloser Versand!<\/p>\n<p>F\u00fcr internationale Bestellungen unter 250 CHF: Die Versandkosten variieren erheblich. Die Versandkosten werden w\u00e4hrend des Bestellvorgangs automatisch berechnet und basieren auf dem Gesamtgewicht der Artikel im Warenkorb und dem Zielland. Die endg\u00fcltigen Versandkosten richten sich nach den Tarifen der Schweizer Post. Es gibt die Grundversandkosten pro Artikel sowie die Kosten f\u00fcr das Ausf\u00fcllen des Zollformulars (f\u00fcr den Versand aus der Schweiz).<\/p>\n<p><strong>Bitte beachten:<\/strong> Kunden ausserhalb der Schweiz sind f\u00fcr eventuelle Zollgeb\u00fchren und Einfuhrsteuern verantwortlich. Jedes Land hat eigene Freigrenzen f\u00fcr die Einfuhrsteuer und die entsprechenden Geb\u00fchren. Der Zoll ber\u00fccksichtigt den Gesamtbetrag des Kaufs (Artikel plus Versandkosten) f\u00fcr die Berechnung von Geb\u00fchren und Steuern.<\/p>\n<h4>Gesch\u00e4tzte Lieferzeiten<\/h4>\n<ul>\n<li>Europa: Lieferung in 4 bis 10 Arbeitstagen.<\/li>\n<li>USA, Kanada und der Rest der Welt: Lieferung in 7 bis 20 Arbeitstagen.<\/li>\n<\/ul>\n<p><span id=\"insurance-label-0\" class=\"label small\">Verz\u00f6gerungen beim Zoll sowie lokale Gegebenheiten k\u00f6nnen zus\u00e4tzliche Arbeitstage in Anspruch nehmen.<\/span><\/p>\n<p>Wenn du dein Paket nicht erh\u00e4ltst oder keine Benachrichtigung dar\u00fcber innerhalb von 30 Tagen erh\u00e4ltst, kontaktiere mich bitte: &#105;&#110;f&#111;&#64;sw&#105;s&#115;croch&#101;&#116;.&#99;h.<\/p>\n","protected":false},"excerpt":{"rendered":"<p>Zahlung Die Zahlung erfolgt w\u00e4hrend des Bestellvorgangs auf der Webseite. Es stehen verschiedene Zahlungsm\u00f6glichkeiten zur Verf\u00fcgung. Du kannst bezahlen mit: TWINT PostFinance E-Finance PostFinance Card Visa Debit-\/Kreditkarte Mastercard Debit-\/Kreditkarte Paypal Google Pay Direkte Bank\u00fcberweisung Bitte beachte, dass eine Reservierung von Artikeln nicht m\u00f6glich ist. Bestellungen m\u00fcssen bezahlt werden, bevor sie versendet werden. &nbsp; Abholung vor&hellip;<\/p>\n","protected":false},"author":2,"featured_media":248,"parent":0,"menu_order":24,"comment_status":"closed","ping_status":"closed","template":"template-microsite.php","meta":{"footnotes":""},"class_list":["post-371","page","type-page","status-publish","has-post-thumbnail","hentry","description-off"],"yoast_head":"<!-- This site is optimized with the Yoast SEO plugin v27.5 - https:\/\/yoast.com\/product\/yoast-seo-wordpress\/ -->\n<title>Zahlung und Versand &#171; Swiss Crochet<\/title>\n<meta name=\"description\" content=\"Zahlungs- und Versandrichtlinien f\u00fcr die Nutzung der Webseite www.swisscrochet.ch\" \/>\n<meta name=\"robots\" content=\"index, follow, max-snippet:-1, max-image-preview:large, max-video-preview:-1\" \/>\n<link rel=\"canonical\" href=\"https:\/\/www.swisscrochet.ch\/de\/zahlung-und-versand\/\" \/>\n<meta property=\"og:locale\" content=\"de_DE\" \/>\n<meta property=\"og:type\" content=\"article\" \/>\n<meta property=\"og:title\" content=\"Zahlung und Versand &#171; Swiss Crochet\" \/>\n<meta property=\"og:description\" content=\"Zahlungs- und Versandrichtlinien f\u00fcr die Nutzung der Webseite www.swisscrochet.ch\" \/>\n<meta property=\"og:url\" content=\"https:\/\/www.swisscrochet.ch\/de\/zahlung-und-versand\/\" \/>\n<meta property=\"og:site_name\" content=\"Swiss Crochet\" \/>\n<meta property=\"article:modified_time\" content=\"2026-04-13T22:35:41+00:00\" \/>\n<meta property=\"og:image\" content=\"https:\/\/www.swisscrochet.ch\/wp-content\/uploads\/2024\/08\/Logo-Swiss-Crochet-Square-RGB-WITH-color-BGD-512px.png\" \/>\n\t<meta property=\"og:image:width\" content=\"512\" \/>\n\t<meta property=\"og:image:height\" content=\"512\" \/>\n\t<meta property=\"og:image:type\" content=\"image\/png\" \/>\n<meta name=\"twitter:card\" content=\"summary_large_image\" \/>\n<meta name=\"twitter:label1\" content=\"Gesch\u00e4tzte Lesezeit\" \/>\n\t<meta name=\"twitter:data1\" content=\"3\u00a0Minuten\" \/>\n<script type=\"application\/ld+json\" class=\"yoast-schema-graph\">{\"@context\":\"https:\\\/\\\/schema.org\",\"@graph\":[{\"@type\":\"WebPage\",\"@id\":\"https:\\\/\\\/www.swisscrochet.ch\\\/de\\\/zahlung-und-versand\\\/\",\"url\":\"https:\\\/\\\/www.swisscrochet.ch\\\/de\\\/zahlung-und-versand\\\/\",\"name\":\"Zahlung und Versand &#171; Swiss Crochet\",\"isPartOf\":{\"@id\":\"https:\\\/\\\/www.swisscrochet.ch\\\/#website\"},\"primaryImageOfPage\":{\"@id\":\"https:\\\/\\\/www.swisscrochet.ch\\\/de\\\/zahlung-und-versand\\\/#primaryimage\"},\"image\":{\"@id\":\"https:\\\/\\\/www.swisscrochet.ch\\\/de\\\/zahlung-und-versand\\\/#primaryimage\"},\"thumbnailUrl\":\"https:\\\/\\\/www.swisscrochet.ch\\\/wp-content\\\/uploads\\\/2024\\\/08\\\/Logo-Swiss-Crochet-Square-RGB-WITH-color-BGD-512px.png\",\"datePublished\":\"2024-08-09T11:08:08+00:00\",\"dateModified\":\"2026-04-13T22:35:41+00:00\",\"description\":\"Zahlungs- und Versandrichtlinien f\u00fcr die Nutzung der Webseite www.swisscrochet.ch\",\"breadcrumb\":{\"@id\":\"https:\\\/\\\/www.swisscrochet.ch\\\/de\\\/zahlung-und-versand\\\/#breadcrumb\"},\"inLanguage\":\"de\",\"potentialAction\":[{\"@type\":\"ReadAction\",\"target\":[\"https:\\\/\\\/www.swisscrochet.ch\\\/de\\\/zahlung-und-versand\\\/\"]}]},{\"@type\":\"ImageObject\",\"inLanguage\":\"de\",\"@id\":\"https:\\\/\\\/www.swisscrochet.ch\\\/de\\\/zahlung-und-versand\\\/#primaryimage\",\"url\":\"https:\\\/\\\/www.swisscrochet.ch\\\/wp-content\\\/uploads\\\/2024\\\/08\\\/Logo-Swiss-Crochet-Square-RGB-WITH-color-BGD-512px.png\",\"contentUrl\":\"https:\\\/\\\/www.swisscrochet.ch\\\/wp-content\\\/uploads\\\/2024\\\/08\\\/Logo-Swiss-Crochet-Square-RGB-WITH-color-BGD-512px.png\",\"width\":512,\"height\":512},{\"@type\":\"BreadcrumbList\",\"@id\":\"https:\\\/\\\/www.swisscrochet.ch\\\/de\\\/zahlung-und-versand\\\/#breadcrumb\",\"itemListElement\":[{\"@type\":\"ListItem\",\"position\":1,\"name\":\"Home\",\"item\":\"https:\\\/\\\/www.swisscrochet.ch\\\/de\\\/\"},{\"@type\":\"ListItem\",\"position\":2,\"name\":\"Zahlung und Versand\"}]},{\"@type\":\"WebSite\",\"@id\":\"https:\\\/\\\/www.swisscrochet.ch\\\/#website\",\"url\":\"https:\\\/\\\/www.swisscrochet.ch\\\/\",\"name\":\"Swiss Crochet\",\"description\":\"Entfalte dein kreatives Potenzial\",\"potentialAction\":[{\"@type\":\"SearchAction\",\"target\":{\"@type\":\"EntryPoint\",\"urlTemplate\":\"https:\\\/\\\/www.swisscrochet.ch\\\/?s={search_term_string}\"},\"query-input\":{\"@type\":\"PropertyValueSpecification\",\"valueRequired\":true,\"valueName\":\"search_term_string\"}}],\"inLanguage\":\"de\"}]}<\/script>\n<!-- \/ Yoast SEO plugin. -->","yoast_head_json":{"title":"Zahlung und Versand &#171; Swiss Crochet","description":"Zahlungs- und Versandrichtlinien f\u00fcr die Nutzung der Webseite www.swisscrochet.ch","robots":{"index":"index","follow":"follow","max-snippet":"max-snippet:-1","max-image-preview":"max-image-preview:large","max-video-preview":"max-video-preview:-1"},"canonical":"https:\/\/www.swisscrochet.ch\/de\/zahlung-und-versand\/","og_locale":"de_DE","og_type":"article","og_title":"Zahlung und Versand &#171; Swiss Crochet","og_description":"Zahlungs- und Versandrichtlinien f\u00fcr die Nutzung der Webseite www.swisscrochet.ch","og_url":"https:\/\/www.swisscrochet.ch\/de\/zahlung-und-versand\/","og_site_name":"Swiss Crochet","article_modified_time":"2026-04-13T22:35:41+00:00","og_image":[{"width":512,"height":512,"url":"https:\/\/www.swisscrochet.ch\/wp-content\/uploads\/2024\/08\/Logo-Swiss-Crochet-Square-RGB-WITH-color-BGD-512px.png","type":"image\/png"}],"twitter_card":"summary_large_image","twitter_misc":{"Gesch\u00e4tzte Lesezeit":"3\u00a0Minuten"},"schema":{"@context":"https:\/\/schema.org","@graph":[{"@type":"WebPage","@id":"https:\/\/www.swisscrochet.ch\/de\/zahlung-und-versand\/","url":"https:\/\/www.swisscrochet.ch\/de\/zahlung-und-versand\/","name":"Zahlung und Versand &#171; Swiss Crochet","isPartOf":{"@id":"https:\/\/www.swisscrochet.ch\/#website"},"primaryImageOfPage":{"@id":"https:\/\/www.swisscrochet.ch\/de\/zahlung-und-versand\/#primaryimage"},"image":{"@id":"https:\/\/www.swisscrochet.ch\/de\/zahlung-und-versand\/#primaryimage"},"thumbnailUrl":"https:\/\/www.swisscrochet.ch\/wp-content\/uploads\/2024\/08\/Logo-Swiss-Crochet-Square-RGB-WITH-color-BGD-512px.png","datePublished":"2024-08-09T11:08:08+00:00","dateModified":"2026-04-13T22:35:41+00:00","description":"Zahlungs- und Versandrichtlinien f\u00fcr die Nutzung der Webseite www.swisscrochet.ch","breadcrumb":{"@id":"https:\/\/www.swisscrochet.ch\/de\/zahlung-und-versand\/#breadcrumb"},"inLanguage":"de","potentialAction":[{"@type":"ReadAction","target":["https:\/\/www.swisscrochet.ch\/de\/zahlung-und-versand\/"]}]},{"@type":"ImageObject","inLanguage":"de","@id":"https:\/\/www.swisscrochet.ch\/de\/zahlung-und-versand\/#primaryimage","url":"https:\/\/www.swisscrochet.ch\/wp-content\/uploads\/2024\/08\/Logo-Swiss-Crochet-Square-RGB-WITH-color-BGD-512px.png","contentUrl":"https:\/\/www.swisscrochet.ch\/wp-content\/uploads\/2024\/08\/Logo-Swiss-Crochet-Square-RGB-WITH-color-BGD-512px.png","width":512,"height":512},{"@type":"BreadcrumbList","@id":"https:\/\/www.swisscrochet.ch\/de\/zahlung-und-versand\/#breadcrumb","itemListElement":[{"@type":"ListItem","position":1,"name":"Home","item":"https:\/\/www.swisscrochet.ch\/de\/"},{"@type":"ListItem","position":2,"name":"Zahlung und Versand"}]},{"@type":"WebSite","@id":"https:\/\/www.swisscrochet.ch\/#website","url":"https:\/\/www.swisscrochet.ch\/","name":"Swiss Crochet","description":"Entfalte dein kreatives Potenzial","potentialAction":[{"@type":"SearchAction","target":{"@type":"EntryPoint","urlTemplate":"https:\/\/www.swisscrochet.ch\/?s={search_term_string}"},"query-input":{"@type":"PropertyValueSpecification","valueRequired":true,"valueName":"search_term_string"}}],"inLanguage":"de"}]}},"_links":{"self":[{"href":"https:\/\/www.swisscrochet.ch\/de\/wp-json\/wp\/v2\/pages\/371","targetHints":{"allow":["GET"]}}],"collection":[{"href":"https:\/\/www.swisscrochet.ch\/de\/wp-json\/wp\/v2\/pages"}],"about":[{"href":"https:\/\/www.swisscrochet.ch\/de\/wp-json\/wp\/v2\/types\/page"}],"author":[{"embeddable":true,"href":"https:\/\/www.swisscrochet.ch\/de\/wp-json\/wp\/v2\/users\/2"}],"replies":[{"embeddable":true,"href":"https:\/\/www.swisscrochet.ch\/de\/wp-json\/wp\/v2\/comments?post=371"}],"version-history":[{"count":0,"href":"https:\/\/www.swisscrochet.ch\/de\/wp-json\/wp\/v2\/pages\/371\/revisions"}],"wp:featuredmedia":[{"embeddable":true,"href":"https:\/\/www.swisscrochet.ch\/de\/wp-json\/wp\/v2\/media\/248"}],"wp:attachment":[{"href":"https:\/\/www.swisscrochet.ch\/de\/wp-json\/wp\/v2\/media?parent=371"}],"curies":[{"name":"wp","href":"https:\/\/api.w.org\/{rel}","templated":true}]}}