{"id":374,"date":"2024-08-09T13:08:29","date_gmt":"2024-08-09T11:08:29","guid":{"rendered":"https:\/\/www.swisscrochet.ch\/returns-and-refunds\/"},"modified":"2024-12-10T20:22:05","modified_gmt":"2024-12-10T19:22:05","slug":"ruecksendungen-und-rueckerstattungen","status":"publish","type":"page","link":"https:\/\/www.swisscrochet.ch\/de\/ruecksendungen-und-rueckerstattungen\/","title":{"rendered":"R\u00fccksendungen und R\u00fcckerstattungen"},"content":{"rendered":"<h2>Stornierungen<\/h2>\n<p>Eine Bestellung kann bis zu 8 Stunden nach dem Kauf storniert werden, sofern die Bestellung noch nicht versendet wurde.<\/p>\n<p>&nbsp;<\/p>\n<p>&nbsp;<\/p>\n<h2>R\u00fcckgaben<\/h2>\n<p>Die Frist f\u00fcr die R\u00fcckgabe von Artikeln betr\u00e4gt 30 Tage, beginnend mit dem Versanddatum der Bestellung (laut Vermerk der Schweizer Post).<\/p>\n<p><strong>R\u00fcckgaben werden in folgenden F\u00e4llen NICHT akzeptiert<\/strong>:<\/p>\n<ul>\n<li>bei besch\u00e4digten Artikeln<\/li>\n<li>bei unvollst\u00e4ndigen Waren<\/li>\n<li>wenn die Originalverpackung fehlt<\/li>\n<li>wenn die urspr\u00fcngliche Wicklung der Garne ver\u00e4ndert wurde (z. B. Garne, die zu Cakes oder von Hand gewickelt wurden)<\/li>\n<li>bei digitalen\/ herunterladbaren Produkten (z.B. Anleitungen)<\/li>\n<li>bei Geschenkkarten \/ Gutscheinen<\/li>\n<li>bei Nadeln und Zubeh\u00f6r<\/li>\n<li>bei massgeschneiderten \/ personalisierten Bestellungen<\/li>\n<\/ul>\n<p><strong>Um f\u00fcr eine R\u00fcckgabe berechtigt zu sein<\/strong>, m\u00fcssen die Artikel unbenutzt und in demselben Zustand wie beim Erhalt sein. Die Artikel m\u00fcssen ausserdem in der Originalverpackung sein.<\/p>\n<p><strong>Um eine R\u00fcckgabe abzuschliessen<\/strong>, ist ein Beleg oder ein Kaufnachweis erforderlich.<\/p>\n<p>&nbsp;<\/p>\n<p>&nbsp;<\/p>\n<h2>R\u00fcckerstattungen<\/h2>\n<ul>\n<li>Artikel, die <strong>nicht f\u00fcr eine R\u00fcckgabe berechtigt<\/strong> sind, sind auch <strong>nicht f\u00fcr eine R\u00fcckerstattung berechtigt<\/strong>.<\/li>\n<li>Nur Artikel zum regul\u00e4ren Preis k\u00f6nnen zur\u00fcckerstattet werden. <strong>Sale-Artikel k\u00f6nnen nicht zur\u00fcckerstattet werden<\/strong>.<\/li>\n<li><strong>Versandkosten sind nicht erstattungsf\u00e4hig<\/strong>. Wenn eine R\u00fcckerstattung genehmigt wird, werden die Versandkosten vom Gesamtr\u00fcckerstattungsbetrag abgezogen.<\/li>\n<\/ul>\n<p>Sobald eine R\u00fcckgabe eingegangen und gepr\u00fcft wurde, erh\u00e4ltst du eine E-Mail, die den Erhalt des\/der Artikel(s) best\u00e4tigt. Kurz danach wirst du \u00fcber die Genehmigung oder Ablehnung der R\u00fcckerstattung informiert.<\/p>\n<p>Wenn eine R\u00fcckerstattung genehmigt wird, wird sie bearbeitet, und eine Gutschrift wird automatisch auf die beim Kauf verwendete Zahlungsmethode innerhalb einer bestimmten Anzahl von Tagen angewendet.<\/p>\n<p><strong>Bitte beachten:<\/strong> R\u00fcckerstattungen unterliegen der Bearbeitung durch Banken\/Zahlungsanbieter und es kann zu Verz\u00f6gerungen kommen. Wenn du deine R\u00fcckerstattung oder eine Benachrichtigung dar\u00fcber nach mehr als 7 Arbeitstagen nicht erhalten hast, kontaktiere mich bitte: info&#64;&#115;&#119;i&#115;&#115;cr&#111;chet&#46;ch.<\/p>\n<p>&nbsp;<\/p>\n<p>&nbsp;<\/p>\n<h2>R\u00fccksendung<\/h2>\n<p>Um den\/die Artikel, den\/die du gekauft hast, zur\u00fcckzusenden, sende das Paket an die folgende Adresse:<\/p>\n<p>Assimina Saranti Web and Textiles<\/p>\n<p>Obere Zollgasse 75<\/p>\n<p>3072 Ostermundigen<\/p>\n<p>Schweiz<\/p>\n<p>&nbsp;<\/p>\n<p>Der Kunde ist f\u00fcr die R\u00fccksendekosten verantwortlich. Ausnahmen gelten in F\u00e4llen von Fehlern, wie zum Beispiel:<\/p>\n<ul>\n<li>bei Erhalt eines Artikels, der nicht bestellt wurde<\/li>\n<li>bei Erhalt des falschen Artikels (wenn Varianten gelten)<\/li>\n<li>bei falschen Informationen im Onlineshop<\/li>\n<li>bei Erhalt eines unvollst\u00e4ndigen Produkts<\/li>\n<\/ul>\n<p>&nbsp;<\/p>\n<p>Wenn du teurere Artikel zur\u00fcckschickst, insbesondere aus dem Ausland, solltest du in Betracht ziehen, einen verfolgbaren Versandservice zu nutzen und\/oder eine Versandversicherung abzuschliessen. Es gibt keine Garantie, dass ich deine zur\u00fcckgesandten Artikel erhalte.<\/p>\n","protected":false},"excerpt":{"rendered":"<p>Stornierungen Eine Bestellung kann bis zu 8 Stunden nach dem Kauf storniert werden, sofern die Bestellung noch nicht versendet wurde. &nbsp; &nbsp; R\u00fcckgaben Die Frist f\u00fcr die R\u00fcckgabe von Artikeln betr\u00e4gt 30 Tage, beginnend mit dem Versanddatum der Bestellung (laut Vermerk der Schweizer Post). R\u00fcckgaben werden in folgenden F\u00e4llen NICHT akzeptiert: bei besch\u00e4digten Artikeln bei&hellip;<\/p>\n","protected":false},"author":2,"featured_media":248,"parent":0,"menu_order":25,"comment_status":"closed","ping_status":"closed","template":"template-microsite.php","meta":{"footnotes":""},"class_list":["post-374","page","type-page","status-publish","has-post-thumbnail","hentry","description-off"],"yoast_head":"<!-- This site is optimized with the Yoast SEO plugin v27.5 - https:\/\/yoast.com\/product\/yoast-seo-wordpress\/ -->\n<title>R\u00fccksendungen und R\u00fcckerstattungen &#171; Swiss Crochet<\/title>\n<meta name=\"description\" content=\"R\u00fcckgabe- und Erstattungsrichtlinien f\u00fcr die Nutzung der Webseite www.swisscrochet.ch\" \/>\n<meta name=\"robots\" content=\"index, follow, max-snippet:-1, max-image-preview:large, max-video-preview:-1\" \/>\n<link rel=\"canonical\" href=\"https:\/\/www.swisscrochet.ch\/de\/ruecksendungen-und-rueckerstattungen\/\" \/>\n<meta property=\"og:locale\" content=\"de_DE\" \/>\n<meta property=\"og:type\" content=\"article\" \/>\n<meta property=\"og:title\" content=\"R\u00fccksendungen und R\u00fcckerstattungen &#171; Swiss Crochet\" \/>\n<meta property=\"og:description\" content=\"R\u00fcckgabe- und Erstattungsrichtlinien f\u00fcr die Nutzung der Webseite www.swisscrochet.ch\" \/>\n<meta property=\"og:url\" content=\"https:\/\/www.swisscrochet.ch\/de\/ruecksendungen-und-rueckerstattungen\/\" \/>\n<meta property=\"og:site_name\" content=\"Swiss Crochet\" \/>\n<meta property=\"article:modified_time\" content=\"2024-12-10T19:22:05+00:00\" \/>\n<meta property=\"og:image\" content=\"https:\/\/www.swisscrochet.ch\/wp-content\/uploads\/2024\/08\/Logo-Swiss-Crochet-Square-RGB-WITH-color-BGD-512px.png\" \/>\n\t<meta property=\"og:image:width\" content=\"512\" \/>\n\t<meta property=\"og:image:height\" content=\"512\" \/>\n\t<meta property=\"og:image:type\" content=\"image\/png\" \/>\n<meta name=\"twitter:card\" content=\"summary_large_image\" \/>\n<meta name=\"twitter:label1\" content=\"Gesch\u00e4tzte Lesezeit\" \/>\n\t<meta name=\"twitter:data1\" content=\"2\u00a0Minuten\" \/>\n<script type=\"application\/ld+json\" class=\"yoast-schema-graph\">{\"@context\":\"https:\\\/\\\/schema.org\",\"@graph\":[{\"@type\":\"WebPage\",\"@id\":\"https:\\\/\\\/www.swisscrochet.ch\\\/de\\\/ruecksendungen-und-rueckerstattungen\\\/\",\"url\":\"https:\\\/\\\/www.swisscrochet.ch\\\/de\\\/ruecksendungen-und-rueckerstattungen\\\/\",\"name\":\"R\u00fccksendungen und R\u00fcckerstattungen &#171; Swiss Crochet\",\"isPartOf\":{\"@id\":\"https:\\\/\\\/www.swisscrochet.ch\\\/#website\"},\"primaryImageOfPage\":{\"@id\":\"https:\\\/\\\/www.swisscrochet.ch\\\/de\\\/ruecksendungen-und-rueckerstattungen\\\/#primaryimage\"},\"image\":{\"@id\":\"https:\\\/\\\/www.swisscrochet.ch\\\/de\\\/ruecksendungen-und-rueckerstattungen\\\/#primaryimage\"},\"thumbnailUrl\":\"https:\\\/\\\/www.swisscrochet.ch\\\/wp-content\\\/uploads\\\/2024\\\/08\\\/Logo-Swiss-Crochet-Square-RGB-WITH-color-BGD-512px.png\",\"datePublished\":\"2024-08-09T11:08:29+00:00\",\"dateModified\":\"2024-12-10T19:22:05+00:00\",\"description\":\"R\u00fcckgabe- und Erstattungsrichtlinien f\u00fcr die Nutzung der Webseite www.swisscrochet.ch\",\"breadcrumb\":{\"@id\":\"https:\\\/\\\/www.swisscrochet.ch\\\/de\\\/ruecksendungen-und-rueckerstattungen\\\/#breadcrumb\"},\"inLanguage\":\"de\",\"potentialAction\":[{\"@type\":\"ReadAction\",\"target\":[\"https:\\\/\\\/www.swisscrochet.ch\\\/de\\\/ruecksendungen-und-rueckerstattungen\\\/\"]}]},{\"@type\":\"ImageObject\",\"inLanguage\":\"de\",\"@id\":\"https:\\\/\\\/www.swisscrochet.ch\\\/de\\\/ruecksendungen-und-rueckerstattungen\\\/#primaryimage\",\"url\":\"https:\\\/\\\/www.swisscrochet.ch\\\/wp-content\\\/uploads\\\/2024\\\/08\\\/Logo-Swiss-Crochet-Square-RGB-WITH-color-BGD-512px.png\",\"contentUrl\":\"https:\\\/\\\/www.swisscrochet.ch\\\/wp-content\\\/uploads\\\/2024\\\/08\\\/Logo-Swiss-Crochet-Square-RGB-WITH-color-BGD-512px.png\",\"width\":512,\"height\":512},{\"@type\":\"BreadcrumbList\",\"@id\":\"https:\\\/\\\/www.swisscrochet.ch\\\/de\\\/ruecksendungen-und-rueckerstattungen\\\/#breadcrumb\",\"itemListElement\":[{\"@type\":\"ListItem\",\"position\":1,\"name\":\"Home\",\"item\":\"https:\\\/\\\/www.swisscrochet.ch\\\/de\\\/\"},{\"@type\":\"ListItem\",\"position\":2,\"name\":\"R\u00fccksendungen und R\u00fcckerstattungen\"}]},{\"@type\":\"WebSite\",\"@id\":\"https:\\\/\\\/www.swisscrochet.ch\\\/#website\",\"url\":\"https:\\\/\\\/www.swisscrochet.ch\\\/\",\"name\":\"Swiss Crochet\",\"description\":\"Entfalte dein kreatives Potenzial\",\"potentialAction\":[{\"@type\":\"SearchAction\",\"target\":{\"@type\":\"EntryPoint\",\"urlTemplate\":\"https:\\\/\\\/www.swisscrochet.ch\\\/?s={search_term_string}\"},\"query-input\":{\"@type\":\"PropertyValueSpecification\",\"valueRequired\":true,\"valueName\":\"search_term_string\"}}],\"inLanguage\":\"de\"}]}<\/script>\n<!-- \/ Yoast SEO plugin. -->","yoast_head_json":{"title":"R\u00fccksendungen und R\u00fcckerstattungen &#171; Swiss Crochet","description":"R\u00fcckgabe- und Erstattungsrichtlinien f\u00fcr die Nutzung der Webseite www.swisscrochet.ch","robots":{"index":"index","follow":"follow","max-snippet":"max-snippet:-1","max-image-preview":"max-image-preview:large","max-video-preview":"max-video-preview:-1"},"canonical":"https:\/\/www.swisscrochet.ch\/de\/ruecksendungen-und-rueckerstattungen\/","og_locale":"de_DE","og_type":"article","og_title":"R\u00fccksendungen und R\u00fcckerstattungen &#171; Swiss Crochet","og_description":"R\u00fcckgabe- und Erstattungsrichtlinien f\u00fcr die Nutzung der Webseite www.swisscrochet.ch","og_url":"https:\/\/www.swisscrochet.ch\/de\/ruecksendungen-und-rueckerstattungen\/","og_site_name":"Swiss Crochet","article_modified_time":"2024-12-10T19:22:05+00:00","og_image":[{"width":512,"height":512,"url":"https:\/\/www.swisscrochet.ch\/wp-content\/uploads\/2024\/08\/Logo-Swiss-Crochet-Square-RGB-WITH-color-BGD-512px.png","type":"image\/png"}],"twitter_card":"summary_large_image","twitter_misc":{"Gesch\u00e4tzte Lesezeit":"2\u00a0Minuten"},"schema":{"@context":"https:\/\/schema.org","@graph":[{"@type":"WebPage","@id":"https:\/\/www.swisscrochet.ch\/de\/ruecksendungen-und-rueckerstattungen\/","url":"https:\/\/www.swisscrochet.ch\/de\/ruecksendungen-und-rueckerstattungen\/","name":"R\u00fccksendungen und R\u00fcckerstattungen &#171; Swiss Crochet","isPartOf":{"@id":"https:\/\/www.swisscrochet.ch\/#website"},"primaryImageOfPage":{"@id":"https:\/\/www.swisscrochet.ch\/de\/ruecksendungen-und-rueckerstattungen\/#primaryimage"},"image":{"@id":"https:\/\/www.swisscrochet.ch\/de\/ruecksendungen-und-rueckerstattungen\/#primaryimage"},"thumbnailUrl":"https:\/\/www.swisscrochet.ch\/wp-content\/uploads\/2024\/08\/Logo-Swiss-Crochet-Square-RGB-WITH-color-BGD-512px.png","datePublished":"2024-08-09T11:08:29+00:00","dateModified":"2024-12-10T19:22:05+00:00","description":"R\u00fcckgabe- und Erstattungsrichtlinien f\u00fcr die Nutzung der Webseite www.swisscrochet.ch","breadcrumb":{"@id":"https:\/\/www.swisscrochet.ch\/de\/ruecksendungen-und-rueckerstattungen\/#breadcrumb"},"inLanguage":"de","potentialAction":[{"@type":"ReadAction","target":["https:\/\/www.swisscrochet.ch\/de\/ruecksendungen-und-rueckerstattungen\/"]}]},{"@type":"ImageObject","inLanguage":"de","@id":"https:\/\/www.swisscrochet.ch\/de\/ruecksendungen-und-rueckerstattungen\/#primaryimage","url":"https:\/\/www.swisscrochet.ch\/wp-content\/uploads\/2024\/08\/Logo-Swiss-Crochet-Square-RGB-WITH-color-BGD-512px.png","contentUrl":"https:\/\/www.swisscrochet.ch\/wp-content\/uploads\/2024\/08\/Logo-Swiss-Crochet-Square-RGB-WITH-color-BGD-512px.png","width":512,"height":512},{"@type":"BreadcrumbList","@id":"https:\/\/www.swisscrochet.ch\/de\/ruecksendungen-und-rueckerstattungen\/#breadcrumb","itemListElement":[{"@type":"ListItem","position":1,"name":"Home","item":"https:\/\/www.swisscrochet.ch\/de\/"},{"@type":"ListItem","position":2,"name":"R\u00fccksendungen und R\u00fcckerstattungen"}]},{"@type":"WebSite","@id":"https:\/\/www.swisscrochet.ch\/#website","url":"https:\/\/www.swisscrochet.ch\/","name":"Swiss Crochet","description":"Entfalte dein kreatives Potenzial","potentialAction":[{"@type":"SearchAction","target":{"@type":"EntryPoint","urlTemplate":"https:\/\/www.swisscrochet.ch\/?s={search_term_string}"},"query-input":{"@type":"PropertyValueSpecification","valueRequired":true,"valueName":"search_term_string"}}],"inLanguage":"de"}]}},"_links":{"self":[{"href":"https:\/\/www.swisscrochet.ch\/de\/wp-json\/wp\/v2\/pages\/374","targetHints":{"allow":["GET"]}}],"collection":[{"href":"https:\/\/www.swisscrochet.ch\/de\/wp-json\/wp\/v2\/pages"}],"about":[{"href":"https:\/\/www.swisscrochet.ch\/de\/wp-json\/wp\/v2\/types\/page"}],"author":[{"embeddable":true,"href":"https:\/\/www.swisscrochet.ch\/de\/wp-json\/wp\/v2\/users\/2"}],"replies":[{"embeddable":true,"href":"https:\/\/www.swisscrochet.ch\/de\/wp-json\/wp\/v2\/comments?post=374"}],"version-history":[{"count":0,"href":"https:\/\/www.swisscrochet.ch\/de\/wp-json\/wp\/v2\/pages\/374\/revisions"}],"wp:featuredmedia":[{"embeddable":true,"href":"https:\/\/www.swisscrochet.ch\/de\/wp-json\/wp\/v2\/media\/248"}],"wp:attachment":[{"href":"https:\/\/www.swisscrochet.ch\/de\/wp-json\/wp\/v2\/media?parent=374"}],"curies":[{"name":"wp","href":"https:\/\/api.w.org\/{rel}","templated":true}]}}