{"id":377,"date":"2024-08-09T13:38:11","date_gmt":"2024-08-09T11:38:11","guid":{"rendered":"https:\/\/www.swisscrochet.ch\/f-a-q-frequently-asked-questions\/"},"modified":"2025-08-25T23:01:09","modified_gmt":"2025-08-25T21:01:09","slug":"f-a-q-haeufig-gestellte-fragen","status":"publish","type":"page","link":"https:\/\/www.swisscrochet.ch\/de\/f-a-q-haeufig-gestellte-fragen\/","title":{"rendered":"F.A.Q. &#8211; H\u00e4ufig gestellte Fragen"},"content":{"rendered":"<div class=\"wpb-content-wrapper\"><p>[vc_row][vc_column]<div class=\"dt-fancy-separator title-left h2-size style-disabled title-color\" style=\"width: 100%;\"><div class=\"dt-fancy-title\"><span class=\"separator-holder separator-left\"><\/span>Allgemeine Fragen zu Bestellungen und Kommunikation<span class=\"separator-holder separator-right\"><\/span><\/div><\/div>[vc_empty_space height=&#8220;40px&#8220;][vc_toggle title=&#8220;Wie kann ich meine Bestellung bezahlen?&#8220; style=&#8220;round&#8220; size=&#8220;lg&#8220; css=&#8220;&#8220;]Du kannst deine Bestellung bezahlen mit:<\/p>\n<ul>\n<li>TWINT<\/li>\n<li>PostFinance E-Finance<\/li>\n<li>PostFinance Karte<\/li>\n<li>Visa Debit-\/Kreditkarte<\/li>\n<li>Mastercard Debit-\/Kreditkarte<\/li>\n<li>Paypal<\/li>\n<li>Google Pay<\/li>\n<\/ul>\n<p>Weitere Informationen zu den Zahlungsm\u00f6glichkeiten findest du auf der Seite <a href=\"https:\/\/www.swisscrochet.ch\/de\/zahlung-und-versand\/\">Zahlung und Versand<\/a>.[\/vc_toggle][vc_toggle title=&#8220;Wohin versendest du?&#8220; style=&#8220;round&#8220; size=&#8220;lg&#8220; css=&#8220;&#8220;]Swiss Crochet versendet in die Schweiz, nach Liechtenstein und international. Die Versandmethoden und -kosten variieren je nach Lieferziel.<\/p>\n<p>Detaillierte Informationen zu den verf\u00fcgbaren Versandoptionen findest du auf der Seite <a href=\"https:\/\/www.swisscrochet.ch\/de\/zahlung-und-versand\/\">Zahlung und Versand<\/a>.<\/p>\n<p>[\/vc_toggle][vc_toggle title=&#8220;Kann ich Artikel reservieren?&#8220; style=&#8220;round&#8220; size=&#8220;lg&#8220; css=&#8220;&#8220;]Es ist nicht m\u00f6glich, Artikel zu reservieren.<\/p>\n<p>Es ist jedoch m\u00f6glich, Artikel zu kaufen und den Versand zu verz\u00f6gern (zum Beispiel, wenn du im Urlaub bist, zwischen Wohnungen umziehst oder anderweitig nicht am Lieferort anwesend bist). Wenn du dies w\u00fcnschst, hinterlasse bitte einen Kommentar beim Checkout oder sende mir eine E-Mail an &#105;n&#102;o&#64;s&#119;&#105;&#115;&#115;cr&#111;&#99;&#104;et.c&#104;.<\/p>\n<p>[\/vc_toggle][vc_toggle title=&#8220;Kann ich gekaufte Artikel zur\u00fcckgeben?&#8220; style=&#8220;round&#8220; size=&#8220;lg&#8220; css=&#8220;&#8220;]Ja, du kannst gekaufte Artikel zur\u00fcckgeben. Es gelten bestimmte Bedingungen.<\/p>\n<p>Detaillierte Informationen zu R\u00fcckgaben findest du auf der Seite <a href=\"https:\/\/www.swisscrochet.ch\/de\/ruecksendungen-und-rueckerstattungen\/\">R\u00fccksendungen und R\u00fcckerstattungen<\/a>.[\/vc_toggle][vc_toggle title=&#8220;Wenn ich Garne online bestelle, werden alle Str\u00e4nge aus derselben Farbpartie stammen?&#8220; style=&#8220;round&#8220; size=&#8220;lg&#8220; css=&#8220;&#8220;]Ja, standardm\u00e4ssig werden alle gelieferten Str\u00e4nge aus derselben Farbpartie stammen.<\/p>\n<p>Sollten nicht gen\u00fcgend Str\u00e4nge derselben Farbpartie auf Lager sein, werde ich dich per E-Mail (und bei Dringlichkeit per SMS) \u00fcber die verf\u00fcgbaren Optionen informieren, damit du eine Entscheidung treffen kannst, bevor die Bestellung zur Post gebracht wird. Ich werde die E-Mail-Adresse und die Telefonnummer verwenden, die bei der Bestellung angegeben wurden, um diese Kommunikation durchzuf\u00fchren.[\/vc_toggle][vc_toggle title=&#8220;Wie werde ich \u00fcber meine Bestellung benachrichtigt?&#8220; style=&#8220;round&#8220; size=&#8220;lg&#8220; css=&#8220;&#8220;]Wenn du eine Bestellung auf der Webseite abschliesst, wird dir automatisch eine Bestellbest\u00e4tigungs-E-Mail gesendet. Sobald die Bestellung vorbereitet und versendet wurde, erh\u00e4ltst du eine E-Mail mit dem Tracking-Code und einem Link zur Sendungsverfolgung der Schweizer Post. Weitere Bestellaktualisierungen werden ebenfalls per automatisch generierter E-Mail mitgeteilt.<\/p>\n<p>In bestimmten F\u00e4llen muss ich dich m\u00f6glicherweise kontaktieren, um dir Fragen zu deiner Bestellung zu stellen oder dich \u00fcber unerwartete \u00c4nderungen zu informieren. In solchen F\u00e4llen werde ich dich per E-Mail (und bei Dringlichkeit per SMS) benachrichtigen.<\/p>\n<p>Ich werde die bei der Bestellung angegebene E-Mail-Adresse und Telefonnummer f\u00fcr diese Kommunikation verwenden.<\/p>\n<p>Die Kommunikation erfolgt ausschliesslich schriftlich, um es zu erm\u00f6glichen, in allen vier Sprachen der Webseite (EN, DE, FR, IT) zu kommunizieren. Ich selbst spreche Englisch und Deutsch, ben\u00f6tige aber externe Hilfe f\u00fcr Franz\u00f6sisch und Italienisch.[\/vc_toggle][vc_toggle title=&#8220;Welche Sprache kann ich verwenden, wenn ich mit Swiss Crochet kommuniziere?&#8220; style=&#8220;round&#8220; size=&#8220;lg&#8220; css=&#8220;&#8220;]Mein Ziel ist es, Informationen \u00fcber H\u00e4keln so zug\u00e4nglich wie m\u00f6glich zu machen. Deshalb habe ich mich entschieden, Swiss Crochet mit einer Website zu erstellen, die vier Sprachen unterst\u00fctzt: Englisch, Deutsch, Franz\u00f6sisch und Italienisch.<\/p>\n<p>Du kannst jede der vier Sprachen (Englisch, Deutsch, Franz\u00f6sisch, Italienisch) verwenden, wenn du mit Swiss Crochet kommunizierst.<\/p>\n<p>F\u00fcr Englisch und Deutsch erh\u00e4ltst du Antworten &#8222;mit meinen eigenen Worten&#8220;. (Schweizerdeutsch wird ebenfalls verstanden!)<\/p>\n<p>F\u00fcr Franz\u00f6sisch und Italienisch, Sprachen, die ich nicht spreche, werde ich \u00dcbersetzungstools verwenden, um Nachrichten zu lesen und zu beantworten. Bitte beachte, dass es wahrscheinlich ist, dass einige W\u00f6rter und Ausdr\u00fccke lustig erscheinen und ich das selbst nicht erkennen kann.<\/p>\n<p>Aus diesem Grund wird die schriftliche Kommunikation der m\u00fcndlichen Kommunikation vorgezogen. E-Mails sind die Hauptkommunikationsmethode. SMS werden nur in zeitlich dringenden F\u00e4llen verwendet.[\/vc_toggle][vc_toggle title=&#8220;Gibt es Gutscheine?&#8220; style=&#8220;round&#8220; size=&#8220;lg&#8220; css=&#8220;&#8220;]Ja, Gutscheine sind in den einzelnen Betr\u00e4gen von 25 CHF bis 200 CHF erh\u00e4ltlich und k\u00f6nnen direkt auf der Website gekauft werden.<\/p>\n<p>Alle verf\u00fcgbaren Gutscheine findest du <a href=\"https:\/\/www.swisscrochet.ch\/product-category\/gift-cards\/\">im Shop<\/a>.<\/p>\n<p>[\/vc_toggle][vc_toggle title=&#8220;Wie l\u00f6se ich ein Gutschein ein?&#8220; style=&#8220;round&#8220; size=&#8220;lg&#8220; css=&#8220;&#8220;]Ein <a href=\"https:\/\/www.swisscrochet.ch\/de\/produkt\/gutscheine\/\">Gutschein<\/a> besteht im Wesentlichen aus einem einzigartigen Gutscheincode.<\/p>\n<p>Du kannst diesen Gutscheincode an zwei Stellen eingeben:<\/p>\n<ul>\n<li>entweder in einem speziellen Feld am unteren Rand der <a href=\"https:\/\/www.swisscrochet.ch\/de\/warenkorb\/\">Warenkorb<\/a>-Seite,<\/li>\n<li>oder \u00fcber einen Link oben auf der <a href=\"https:\/\/www.swisscrochet.ch\/de\/kasse\/\">Kasse<\/a>-Seite.<\/li>\n<\/ul>\n<p>Nachdem du den Code eingegeben hast, wird dir das System mitteilen, ob der Gutscheincode g\u00fcltig ist und ob er erfolgreich angewendet wurde.<\/p>\n<p><strong>Bitte beachten:<\/strong> Gutscheine k\u00f6nnen nur einmal verwendet werden. Stelle also sicher, dass du den gesamten Betrag des Gutscheins in einem Kauf verwendest.<\/p>\n<p>&nbsp;<\/p>\n<p>&nbsp;<\/p>\n<p>[\/vc_toggle][vc_toggle title=&#8220;Bieten Sie Rabatte f\u00fcr Schulen, Vereine oder H\u00e4keltreffen an?&#8220; style=&#8220;round&#8220; size=&#8220;lg&#8220; css=&#8220;&#8220;]Ja! Wir bieten transparente Rabatte f\u00fcr grosse Bestellungen innerhalb der Schweiz.<\/p>\n<p>Weitere Informationen zu den Rabatten findest du <a href=\"https:\/\/www.swisscrochet.ch\/de\/2025\/08\/bestellrabatte-fuer-schulen-vereine-gruppen-bei-swiss-crochet\/\">auf dieser Seite<\/a>.[\/vc_toggle][vc_empty_space height=&#8220;50px&#8220;]<div class=\"dt-fancy-separator title-left h2-size style-disabled title-color\" style=\"width: 100%;\"><div class=\"dt-fancy-title\"><span class=\"separator-holder separator-left\"><\/span>Allgemeine Fragen zu Kursen und Veranstaltungen<span class=\"separator-holder separator-right\"><\/span><\/div><\/div>[vc_empty_space height=&#8220;40px&#8220;][vc_toggle title=&#8220;Wie kann ich einen H\u00e4kelkurs buchen?&#8220; style=&#8220;round&#8220; size=&#8220;lg&#8220; css=&#8220;&#8220;]Du kannst eine Kursreservierung direkt auf der Webseite vornehmen, indem du einen Kurs kaufst. Eine Kursreservierung per E-Mail ist nicht m\u00f6glich.<\/p>\n<p><strong>Gruppenkurse<\/strong> werden in der Regel im Voraus geplant und haben ein spezifisches Thema sowie feste Termine. Wenn du einen Gruppenkurs f\u00fcr dich und deine Freunde\/Familie, einen Verein, einen Club, eine Schule oder eine Gemeinschaft organisieren m\u00f6chtest, sende mir eine E-Mail an i&#110;&#102;&#111;&#64;swiss&#99;&#114;&#111;&#99;&#104;et&#46;&#99;&#104;, um die Optionen zu besprechen.<\/p>\n<p>Ein Kurs mit mindestens 3 Teilnehmern gilt als Gruppenkurs.<\/p>\n<p><strong>Privatkurse<\/strong> werden in der Regel f\u00fcr Einzelpersonen gebucht und haben kein vordefiniertes Thema. Datum und Uhrzeit f\u00fcr einen Privatkurs k\u00f6nnen variieren und h\u00e4ngen von der Verf\u00fcgbarkeit ab. Das Datum und die Uhrzeit werden in Absprache mit dem Kursteilnehmer festgelegt. Die Kommunikation erfolgt per E-Mail.<\/p>\n<p><strong>Vor der Buchung eines Kurses<\/strong> stelle sicher, dass du die <a href=\"https:\/\/www.swisscrochet.ch\/de\/allgemeine-geschaeftsbedingungen\/#courses\">Kursrichtlinien<\/a> gelesen und verstanden hast, wie sie in den <a href=\"https:\/\/www.swisscrochet.ch\/de\/allgemeine-geschaeftsbedingungen\/\">Allgemeinen Gesch\u00e4ftsbedingungen<\/a> aufgef\u00fchrt sind.<\/p>\n<p>Alle verf\u00fcgbaren Gruppen- und Privatkurse findest du auf der Seite <a href=\"https:\/\/www.swisscrochet.ch\/de\/kurse\/\">Kurse<\/a>.<\/p>\n<p>[\/vc_toggle][vc_toggle title=&#8220;Wo finden die Kurse statt?&#8220; style=&#8220;round&#8220; size=&#8220;lg&#8220; css=&#8220;&#8220;]Alle Gruppen- und Privatkurse finden in meinem <a href=\"https:\/\/www.swisscrochet.ch\/de\/impressum\/\">B\u00fcro<\/a> statt, sofern in der Kursbeschreibung nichts anderes angegeben ist.<\/p>\n<p>Alle verf\u00fcgbaren Gruppen- und Privatkurse findest du auf der Seite <a href=\"https:\/\/www.swisscrochet.ch\/de\/kurse\/\">Kurse<\/a>.<\/p>\n<p>[\/vc_toggle][vc_toggle title=&#8220;Wo finde ich Informationen zu Veranstaltungen?&#8220; style=&#8220;round&#8220; size=&#8220;lg&#8220; css=&#8220;&#8220;]Der beste Weg, um \u00fcber aktuelle und bevorstehende Veranstaltungen informiert zu bleiben, ist, sich f\u00fcr den <a href=\"https:\/\/www.swisscrochet.ch\/de\/newsletter\/\">Newsletter<\/a> anzumelden. So verpasst du garantiert keine Neuigkeiten.<\/p>\n<p>Eine weitere M\u00f6glichkeit besteht darin, regelm\u00e4ssig die Seite <a href=\"https:\/\/www.swisscrochet.ch\/de\/veranstaltungen\/\">Veranstaltungen<\/a> zu \u00fcberpr\u00fcfen.<\/p>\n<p>[\/vc_toggle][vc_toggle title=&#8220;Sind die H\u00e4kel-Treffen kostenlos?&#8220; style=&#8220;round&#8220; size=&#8220;lg&#8220; css=&#8220;&#8220;]Ja, die Teilnahme an H\u00e4kel-Treffen ist kostenlos, es gibt keine Teilnahmegeb\u00fchr.<\/p>\n<p>Wenn ein H\u00e4kel-Treffen in einem Caf\u00e9\/Bar organisiert wird, wird erwartet, dass du ein Getr\u00e4nk oder einen Snack bei der Einrichtung bestellst, die den Raum und die Einrichtungen f\u00fcr das Event bereitstellt.<\/p>\n<p>Die aktuellen H\u00e4kel-Treffen findest du auf der Seite <a href=\"https:\/\/www.swisscrochet.ch\/de\/veranstaltungen\/\">Veranstaltungen<\/a>.<\/p>\n<p>&nbsp;<\/p>\n<p>[\/vc_toggle][vc_toggle title=&#8220;Muss ich einen Platz f\u00fcr ein H\u00e4kel-Treffen buchen?&#8220; style=&#8220;round&#8220; size=&#8220;lg&#8220; css=&#8220;&#8220;]Du musst keinen Platz buchen oder dich anmelden, um an einem H\u00e4kel-Treffen teilzunehmen, aber eine kurze Nachricht zur Best\u00e4tigung deiner Teilnahme ist immer willkommen.<\/p>\n<p>Die aktuellen H\u00e4kel-Treffen findest du auf der Seite <a href=\"https:\/\/www.swisscrochet.ch\/de\/veranstaltungen\/\">Veranstaltungen<\/a>.<\/p>\n<p>[\/vc_toggle][vc_toggle title=&#8220;Kann ich w\u00e4hrend eines H\u00e4kel-Treffens Fragen zu meinem Projekt stellen?&#8220; style=&#8220;round&#8220; size=&#8220;lg&#8220; css=&#8220;&#8220;]Ein H\u00e4kel-Treffen ist eine Gelegenheit f\u00fcr gleichgesinnte H\u00e4kler, sich zu treffen, zu entspannen und das H\u00e4keln zu geniessen.<\/p>\n<p>Ein H\u00e4kel-Treffen ist kein kostenloser Kurs und kein Teilnehmer ist verpflichtet, ausf\u00fchrliche Erkl\u00e4rungen abzugeben, Techniken (Schritt f\u00fcr Schritt) zu unterrichten, Missverst\u00e4ndnisse zu kl\u00e4ren usw. Der Austausch von Ideen, Inspirationen und Erfahrungen ist jedoch mehr als willkommen.<\/p>\n<p>Du kannst Fragen zu deinem Projekt stellen, solange sie einfach und schnell zu beantworten\/erkl\u00e4ren sind. Eine einfache Frage ist eine, die innerhalb von 5 Minuten beantwortet werden kann.<\/p>\n<p>Wie weisst du, ob deine Frage einfach genug ist? Wenn du Anf\u00e4nger bist, wird es schwer sein, das zu beurteilen. Frage andere Teilnehmer h\u00f6flich und sei respektvoll mit der Zeit und Energie, die sie f\u00fcr die Beantwortung deiner Frage aufwenden.<\/p>\n<p>Wenn du merkst, dass du weitere Hilfe f\u00fcr dein Projekt ben\u00f6tigst, buche bitte <a href=\"https:\/\/www.swisscrochet.ch\/de\/produkt\/hook-sos\/\">Hook-SOS<\/a> f\u00fcr eine 1:1-Beratung. <a href=\"https:\/\/www.swisscrochet.ch\/de\/produkt\/hook-sos\/\">Hook-SOS<\/a> kann f\u00fcr 10, 15, 20 oder 30 Minuten gebucht werden. Es kann direkt nach einem Treffen oder zu einem anderen Zeitpunkt stattfinden.<\/p>\n<p>[\/vc_toggle][\/vc_column][\/vc_row]<\/p>\n<\/div>","protected":false},"excerpt":{"rendered":"<p>[vc_row][vc_column][vc_empty_space height=&#8220;40px&#8220;][vc_toggle title=&#8220;Wie kann ich meine Bestellung bezahlen?&#8220; style=&#8220;round&#8220; size=&#8220;lg&#8220; css=&#8220;&#8220;]Du kannst deine Bestellung bezahlen mit: TWINT PostFinance E-Finance PostFinance Karte Visa Debit-\/Kreditkarte Mastercard Debit-\/Kreditkarte Paypal Google Pay Weitere Informationen zu den Zahlungsm\u00f6glichkeiten findest du auf der Seite Zahlung und Versand.[\/vc_toggle][vc_toggle title=&#8220;Wohin versendest du?&#8220; style=&#8220;round&#8220; size=&#8220;lg&#8220; css=&#8220;&#8220;]Swiss Crochet versendet in die Schweiz, nach Liechtenstein und&hellip;<\/p>\n","protected":false},"author":2,"featured_media":248,"parent":0,"menu_order":26,"comment_status":"closed","ping_status":"closed","template":"template-microsite.php","meta":{"footnotes":""},"class_list":["post-377","page","type-page","status-publish","has-post-thumbnail","hentry","description-off"],"yoast_head":"<!-- This site is optimized with the Yoast SEO plugin v27.5 - https:\/\/yoast.com\/product\/yoast-seo-wordpress\/ -->\n<title>F.A.Q. - H\u00e4ufig gestellte Fragen &#171; Swiss Crochet<\/title>\n<meta name=\"description\" content=\"Frequently Asked Questions (F.A.Q.) for the use of the website www.swisscrochet.ch\" \/>\n<meta name=\"robots\" content=\"index, follow, max-snippet:-1, max-image-preview:large, max-video-preview:-1\" \/>\n<link rel=\"canonical\" href=\"https:\/\/www.swisscrochet.ch\/de\/f-a-q-haeufig-gestellte-fragen\/\" \/>\n<meta property=\"og:locale\" content=\"de_DE\" \/>\n<meta property=\"og:type\" content=\"article\" \/>\n<meta property=\"og:title\" content=\"F.A.Q. - H\u00e4ufig gestellte Fragen &#171; Swiss Crochet\" \/>\n<meta property=\"og:description\" content=\"Frequently Asked Questions (F.A.Q.) for the use of the website www.swisscrochet.ch\" \/>\n<meta property=\"og:url\" content=\"https:\/\/www.swisscrochet.ch\/de\/f-a-q-haeufig-gestellte-fragen\/\" \/>\n<meta property=\"og:site_name\" content=\"Swiss Crochet\" \/>\n<meta property=\"article:modified_time\" content=\"2025-08-25T21:01:09+00:00\" \/>\n<meta property=\"og:image\" content=\"https:\/\/www.swisscrochet.ch\/wp-content\/uploads\/2024\/08\/Logo-Swiss-Crochet-Square-RGB-WITH-color-BGD-512px.png\" \/>\n\t<meta property=\"og:image:width\" content=\"512\" \/>\n\t<meta property=\"og:image:height\" content=\"512\" \/>\n\t<meta property=\"og:image:type\" content=\"image\/png\" \/>\n<meta name=\"twitter:card\" content=\"summary_large_image\" \/>\n<meta name=\"twitter:label1\" content=\"Gesch\u00e4tzte Lesezeit\" \/>\n\t<meta name=\"twitter:data1\" content=\"6\u00a0Minuten\" \/>\n<script type=\"application\/ld+json\" class=\"yoast-schema-graph\">{\"@context\":\"https:\\\/\\\/schema.org\",\"@graph\":[{\"@type\":\"WebPage\",\"@id\":\"https:\\\/\\\/www.swisscrochet.ch\\\/de\\\/f-a-q-haeufig-gestellte-fragen\\\/\",\"url\":\"https:\\\/\\\/www.swisscrochet.ch\\\/de\\\/f-a-q-haeufig-gestellte-fragen\\\/\",\"name\":\"F.A.Q. - H\u00e4ufig gestellte Fragen &#171; Swiss Crochet\",\"isPartOf\":{\"@id\":\"https:\\\/\\\/www.swisscrochet.ch\\\/#website\"},\"primaryImageOfPage\":{\"@id\":\"https:\\\/\\\/www.swisscrochet.ch\\\/de\\\/f-a-q-haeufig-gestellte-fragen\\\/#primaryimage\"},\"image\":{\"@id\":\"https:\\\/\\\/www.swisscrochet.ch\\\/de\\\/f-a-q-haeufig-gestellte-fragen\\\/#primaryimage\"},\"thumbnailUrl\":\"https:\\\/\\\/www.swisscrochet.ch\\\/wp-content\\\/uploads\\\/2024\\\/08\\\/Logo-Swiss-Crochet-Square-RGB-WITH-color-BGD-512px.png\",\"datePublished\":\"2024-08-09T11:38:11+00:00\",\"dateModified\":\"2025-08-25T21:01:09+00:00\",\"description\":\"Frequently Asked Questions (F.A.Q.) for the use of the website www.swisscrochet.ch\",\"breadcrumb\":{\"@id\":\"https:\\\/\\\/www.swisscrochet.ch\\\/de\\\/f-a-q-haeufig-gestellte-fragen\\\/#breadcrumb\"},\"inLanguage\":\"de\",\"potentialAction\":[{\"@type\":\"ReadAction\",\"target\":[\"https:\\\/\\\/www.swisscrochet.ch\\\/de\\\/f-a-q-haeufig-gestellte-fragen\\\/\"]}]},{\"@type\":\"ImageObject\",\"inLanguage\":\"de\",\"@id\":\"https:\\\/\\\/www.swisscrochet.ch\\\/de\\\/f-a-q-haeufig-gestellte-fragen\\\/#primaryimage\",\"url\":\"https:\\\/\\\/www.swisscrochet.ch\\\/wp-content\\\/uploads\\\/2024\\\/08\\\/Logo-Swiss-Crochet-Square-RGB-WITH-color-BGD-512px.png\",\"contentUrl\":\"https:\\\/\\\/www.swisscrochet.ch\\\/wp-content\\\/uploads\\\/2024\\\/08\\\/Logo-Swiss-Crochet-Square-RGB-WITH-color-BGD-512px.png\",\"width\":512,\"height\":512},{\"@type\":\"BreadcrumbList\",\"@id\":\"https:\\\/\\\/www.swisscrochet.ch\\\/de\\\/f-a-q-haeufig-gestellte-fragen\\\/#breadcrumb\",\"itemListElement\":[{\"@type\":\"ListItem\",\"position\":1,\"name\":\"Home\",\"item\":\"https:\\\/\\\/www.swisscrochet.ch\\\/de\\\/\"},{\"@type\":\"ListItem\",\"position\":2,\"name\":\"F.A.Q. &#8211; H\u00e4ufig gestellte Fragen\"}]},{\"@type\":\"WebSite\",\"@id\":\"https:\\\/\\\/www.swisscrochet.ch\\\/#website\",\"url\":\"https:\\\/\\\/www.swisscrochet.ch\\\/\",\"name\":\"Swiss Crochet\",\"description\":\"Entfalte dein kreatives Potenzial\",\"potentialAction\":[{\"@type\":\"SearchAction\",\"target\":{\"@type\":\"EntryPoint\",\"urlTemplate\":\"https:\\\/\\\/www.swisscrochet.ch\\\/?s={search_term_string}\"},\"query-input\":{\"@type\":\"PropertyValueSpecification\",\"valueRequired\":true,\"valueName\":\"search_term_string\"}}],\"inLanguage\":\"de\"}]}<\/script>\n<!-- \/ Yoast SEO plugin. -->","yoast_head_json":{"title":"F.A.Q. - H\u00e4ufig gestellte Fragen &#171; Swiss Crochet","description":"Frequently Asked Questions (F.A.Q.) for the use of the website www.swisscrochet.ch","robots":{"index":"index","follow":"follow","max-snippet":"max-snippet:-1","max-image-preview":"max-image-preview:large","max-video-preview":"max-video-preview:-1"},"canonical":"https:\/\/www.swisscrochet.ch\/de\/f-a-q-haeufig-gestellte-fragen\/","og_locale":"de_DE","og_type":"article","og_title":"F.A.Q. - H\u00e4ufig gestellte Fragen &#171; Swiss Crochet","og_description":"Frequently Asked Questions (F.A.Q.) for the use of the website www.swisscrochet.ch","og_url":"https:\/\/www.swisscrochet.ch\/de\/f-a-q-haeufig-gestellte-fragen\/","og_site_name":"Swiss Crochet","article_modified_time":"2025-08-25T21:01:09+00:00","og_image":[{"width":512,"height":512,"url":"https:\/\/www.swisscrochet.ch\/wp-content\/uploads\/2024\/08\/Logo-Swiss-Crochet-Square-RGB-WITH-color-BGD-512px.png","type":"image\/png"}],"twitter_card":"summary_large_image","twitter_misc":{"Gesch\u00e4tzte Lesezeit":"6\u00a0Minuten"},"schema":{"@context":"https:\/\/schema.org","@graph":[{"@type":"WebPage","@id":"https:\/\/www.swisscrochet.ch\/de\/f-a-q-haeufig-gestellte-fragen\/","url":"https:\/\/www.swisscrochet.ch\/de\/f-a-q-haeufig-gestellte-fragen\/","name":"F.A.Q. - H\u00e4ufig gestellte Fragen &#171; Swiss Crochet","isPartOf":{"@id":"https:\/\/www.swisscrochet.ch\/#website"},"primaryImageOfPage":{"@id":"https:\/\/www.swisscrochet.ch\/de\/f-a-q-haeufig-gestellte-fragen\/#primaryimage"},"image":{"@id":"https:\/\/www.swisscrochet.ch\/de\/f-a-q-haeufig-gestellte-fragen\/#primaryimage"},"thumbnailUrl":"https:\/\/www.swisscrochet.ch\/wp-content\/uploads\/2024\/08\/Logo-Swiss-Crochet-Square-RGB-WITH-color-BGD-512px.png","datePublished":"2024-08-09T11:38:11+00:00","dateModified":"2025-08-25T21:01:09+00:00","description":"Frequently Asked Questions (F.A.Q.) for the use of the website www.swisscrochet.ch","breadcrumb":{"@id":"https:\/\/www.swisscrochet.ch\/de\/f-a-q-haeufig-gestellte-fragen\/#breadcrumb"},"inLanguage":"de","potentialAction":[{"@type":"ReadAction","target":["https:\/\/www.swisscrochet.ch\/de\/f-a-q-haeufig-gestellte-fragen\/"]}]},{"@type":"ImageObject","inLanguage":"de","@id":"https:\/\/www.swisscrochet.ch\/de\/f-a-q-haeufig-gestellte-fragen\/#primaryimage","url":"https:\/\/www.swisscrochet.ch\/wp-content\/uploads\/2024\/08\/Logo-Swiss-Crochet-Square-RGB-WITH-color-BGD-512px.png","contentUrl":"https:\/\/www.swisscrochet.ch\/wp-content\/uploads\/2024\/08\/Logo-Swiss-Crochet-Square-RGB-WITH-color-BGD-512px.png","width":512,"height":512},{"@type":"BreadcrumbList","@id":"https:\/\/www.swisscrochet.ch\/de\/f-a-q-haeufig-gestellte-fragen\/#breadcrumb","itemListElement":[{"@type":"ListItem","position":1,"name":"Home","item":"https:\/\/www.swisscrochet.ch\/de\/"},{"@type":"ListItem","position":2,"name":"F.A.Q. &#8211; H\u00e4ufig gestellte Fragen"}]},{"@type":"WebSite","@id":"https:\/\/www.swisscrochet.ch\/#website","url":"https:\/\/www.swisscrochet.ch\/","name":"Swiss Crochet","description":"Entfalte dein kreatives Potenzial","potentialAction":[{"@type":"SearchAction","target":{"@type":"EntryPoint","urlTemplate":"https:\/\/www.swisscrochet.ch\/?s={search_term_string}"},"query-input":{"@type":"PropertyValueSpecification","valueRequired":true,"valueName":"search_term_string"}}],"inLanguage":"de"}]}},"_links":{"self":[{"href":"https:\/\/www.swisscrochet.ch\/de\/wp-json\/wp\/v2\/pages\/377","targetHints":{"allow":["GET"]}}],"collection":[{"href":"https:\/\/www.swisscrochet.ch\/de\/wp-json\/wp\/v2\/pages"}],"about":[{"href":"https:\/\/www.swisscrochet.ch\/de\/wp-json\/wp\/v2\/types\/page"}],"author":[{"embeddable":true,"href":"https:\/\/www.swisscrochet.ch\/de\/wp-json\/wp\/v2\/users\/2"}],"replies":[{"embeddable":true,"href":"https:\/\/www.swisscrochet.ch\/de\/wp-json\/wp\/v2\/comments?post=377"}],"version-history":[{"count":0,"href":"https:\/\/www.swisscrochet.ch\/de\/wp-json\/wp\/v2\/pages\/377\/revisions"}],"wp:featuredmedia":[{"embeddable":true,"href":"https:\/\/www.swisscrochet.ch\/de\/wp-json\/wp\/v2\/media\/248"}],"wp:attachment":[{"href":"https:\/\/www.swisscrochet.ch\/de\/wp-json\/wp\/v2\/media?parent=377"}],"curies":[{"name":"wp","href":"https:\/\/api.w.org\/{rel}","templated":true}]}}