{"id":766,"date":"2024-08-09T17:14:36","date_gmt":"2024-08-09T15:14:36","guid":{"rendered":"https:\/\/www.swisscrochet.ch\/courses\/"},"modified":"2024-12-11T21:31:48","modified_gmt":"2024-12-11T20:31:48","slug":"kurse","status":"publish","type":"page","link":"https:\/\/www.swisscrochet.ch\/de\/kurse\/","title":{"rendered":"Kurse"},"content":{"rendered":"<div class=\"wpb-content-wrapper\"><p>[vc_row][vc_column][vc_row_inner][vc_column_inner width=&#8220;2\/3&#8243;][vc_column_text css=&#8220;&#8220;]<\/p>\n<h2>Entfalte dein kreatives Potenzial mit unseren umfassenden H\u00e4kelkursen, die f\u00fcr alle F\u00e4higkeitsstufen konzipiert sind.<\/h2>\n<p>Egal, ob du eine Anf\u00e4ngerin bist, die gerade mit den Grundlagen beginnt, eine fortgeschrittene H\u00e4klerin, die ihre Techniken verfeinern m\u00f6chte, oder eine erfahrene Handwerkerin, die bereit ist, komplexe Designs zu meistern \u2013 wir haben den perfekten Kurs f\u00fcr dich.<\/p>\n<p>Unsere Kurse decken eine Vielzahl von H\u00e4kelthemen ab, einschliesslich basis H\u00e4kelmaschen und ihrer Varianten, verk\u00fcrzten Reihen, Amigurumi, tunesisches H\u00e4keln und fortgeschrittenen Techniken wie irisches H\u00e4keln. Du wirst alles lernen, von festen Maschen \u00fcber das Zusammensetzen von Einzelst\u00fccken bis hin zu Fertigungstechniken und Kleidungskonstruktion.<\/p>\n<p>Wir bieten sowohl Privatkurse als auch kleine Gruppenkurse an, um pers\u00f6nliche Betreuung und praktisches Lernen zu gew\u00e4hrleisten. Die erfahrenen Kursleiterinnen werden dich in deinem eigenen Tempo begleiten und den Kurs auf deine spezifischen Bed\u00fcrfnisse und Ziele zuschneiden.<\/p>\n<p>Komm zu uns und beginne noch heute deine H\u00e4kelreise![\/vc_column_text][\/vc_column_inner][vc_column_inner width=&#8220;1\/3&#8243;]<div class=\"dt-fancy-separator title-left h4-size style-disabled title-color\" style=\"width: 100%;\"><div class=\"dt-fancy-title\"><span class=\"separator-holder separator-left\"><\/span>M\u00f6chtest du \u00fcber neue Kurse informiert bleiben? Schau regelm\u00e4ssig vorbei oder abonniere den Newsletter:<span class=\"separator-holder separator-right\"><\/span><\/div><\/div>[vc_empty_space height=&#8220;15px&#8220;]<style type=\"text\/css\" data-type=\"the7_shortcodes-inline-css\">#default-btn-c2e93d53e02bfb2db8d5654d62405c5f.ico-right-side > i {\n  margin-right: 0px;\n  margin-left: 8px;\n}\n#default-btn-c2e93d53e02bfb2db8d5654d62405c5f > i {\n  margin-right: 8px;\n}<\/style><a href=\"https:\/\/www.swisscrochet.ch\/de\/newsletter\/\" class=\"default-btn-shortcode dt-btn dt-btn-m link-hover-off ico-right-side btn-inline-left \" target=\"_blank\" id=\"default-btn-c2e93d53e02bfb2db8d5654d62405c5f\" rel=\"noopener\"><span>Abonniere den Newsletter<\/span><i class=\"icomoon-the7-font-the7-mail-03\"><\/i><\/a>[\/vc_column_inner][\/vc_row_inner][vc_empty_space height=&#8220;50px&#8220;]<style type=\"text\/css\" data-type=\"the7_shortcodes-inline-css\">.products-shortcode.products-masonry-shortcode-id-62ad927e76257713937a3d27fec3324b .filter-bg-decoration .filter-categories a.act {\n  color: #fff;\n}\n.products-shortcode.products-masonry-shortcode-id-62ad927e76257713937a3d27fec3324b:not(.resize-by-browser-width) .dt-css-grid {\n  grid-row-gap: 30px;\n  grid-column-gap: 30px;\n  grid-template-columns: repeat(auto-fill,minmax(250px,1fr));\n}\n.cssgridlegacy.no-cssgrid .products-shortcode.products-masonry-shortcode-id-62ad927e76257713937a3d27fec3324b:not(.resize-by-browser-width) .dt-css-grid,\n.no-cssgridlegacy.no-cssgrid .products-shortcode.products-masonry-shortcode-id-62ad927e76257713937a3d27fec3324b:not(.resize-by-browser-width) .dt-css-grid {\n  display: flex;\n  flex-flow: row wrap;\n  margin: -15px;\n}\n.cssgridlegacy.no-cssgrid .products-shortcode.products-masonry-shortcode-id-62ad927e76257713937a3d27fec3324b:not(.resize-by-browser-width) .dt-css-grid .wf-cell,\n.no-cssgridlegacy.no-cssgrid .products-shortcode.products-masonry-shortcode-id-62ad927e76257713937a3d27fec3324b:not(.resize-by-browser-width) .dt-css-grid .wf-cell {\n  flex: 1 0 250px;\n  min-width: 250px;\n  max-width: 100%;\n  padding: 15px;\n  box-sizing: border-box;\n}\n.products-shortcode.products-masonry-shortcode-id-62ad927e76257713937a3d27fec3324b.resize-by-browser-width .dt-css-grid {\n  grid-template-columns: repeat(,1fr);\n  grid-template-rows: auto;\n  grid-column-gap: 30px;\n  grid-row-gap: 30px;\n}\n.cssgridlegacy.no-cssgrid .products-shortcode.products-masonry-shortcode-id-62ad927e76257713937a3d27fec3324b.resize-by-browser-width .dt-css-grid,\n.no-cssgridlegacy.no-cssgrid .products-shortcode.products-masonry-shortcode-id-62ad927e76257713937a3d27fec3324b.resize-by-browser-width .dt-css-grid {\n  margin: -15px;\n}\n.cssgridlegacy.no-cssgrid .products-shortcode.products-masonry-shortcode-id-62ad927e76257713937a3d27fec3324b.resize-by-browser-width .dt-css-grid .wf-cell,\n.no-cssgridlegacy.no-cssgrid .products-shortcode.products-masonry-shortcode-id-62ad927e76257713937a3d27fec3324b.resize-by-browser-width .dt-css-grid .wf-cell {\n  padding: 15px;\n}\n@media screen and (max-width: 1199px) {\n  .products-shortcode.products-masonry-shortcode-id-62ad927e76257713937a3d27fec3324b.resize-by-browser-width .dt-css-grid {\n    grid-template-columns: repeat(,1fr);\n  }\n}\n@media screen and (max-width: 991px) {\n  .products-shortcode.products-masonry-shortcode-id-62ad927e76257713937a3d27fec3324b.resize-by-browser-width .dt-css-grid {\n    grid-template-columns: repeat(,1fr);\n  }\n}\n@media screen and (max-width: 767px) {\n  .products-shortcode.products-masonry-shortcode-id-62ad927e76257713937a3d27fec3324b.resize-by-browser-width .dt-css-grid {\n    grid-template-columns: repeat(,1fr);\n  }\n}<\/style><div class=\"products-shortcode products-masonry-shortcode-id-62ad927e76257713937a3d27fec3324b mode-grid cart-btn-below-img hide-description hide-rating jquery-filter dt-css-grid-wrap loading-effect-none description-under-image content-align-centre wc-grid\" data-padding=\"15px\" data-cur-page=\"1\" data-post-limit=\"-1\" data-pagination-mode=\"none\" data-width=\"250px\" data-columns=\"0\"><div class=\"dt-css-grid\" ><div class=\"visible wf-cell visible\" data-post-id=\"780\" data-date=\"2024-10-18T15:59:28+02:00\" data-name=\"Captain Hook - Privater H\u00e4kelkurs\"><article class=\"post project-odd visible description-off wvs-archive-product-wrapper product type-product post-780 status-publish first instock product_cat-kurse has-post-thumbnail taxable shipping-taxable purchasable product-type-variable\" ><figure class=\"woocom-project\">\n\t<div class=\"woo-buttons-on-img\">\n\n\t\t<a href=\"https:\/\/www.swisscrochet.ch\/de\/produkt\/captain-hook\/\" class=\"alignnone layzr-bg\"><img loading=\"lazy\" decoding=\"async\" width=\"300\" height=\"300\" src=\"data:image\/svg+xml;charset=utf-8,%3Csvg xmlns%3D&#039;http%3A%2F%2Fwww.w3.org%2F2000%2Fsvg&#039; viewBox%3D&#039;0 0 300 300&#039;%2F%3E\" class=\"attachment-woocommerce_thumbnail size-woocommerce_thumbnail wvs-archive-product-image iso-lazy-load preload-me\" alt=\"Captain Hook - Privater H\u00e4kelkurs\" data-src=\"https:\/\/www.swisscrochet.ch\/wp-content\/uploads\/2024\/10\/Captain-Hook-Private-Crochet-Course-Overview-300x300.jpg\" data-srcset=\"https:\/\/www.swisscrochet.ch\/wp-content\/uploads\/2024\/10\/Captain-Hook-Private-Crochet-Course-Overview-300x300.jpg 300w, https:\/\/www.swisscrochet.ch\/wp-content\/uploads\/2024\/10\/Captain-Hook-Private-Crochet-Course-Overview-150x150.jpg 150w, https:\/\/www.swisscrochet.ch\/wp-content\/uploads\/2024\/10\/Captain-Hook-Private-Crochet-Course-Overview-768x768.jpg 768w, https:\/\/www.swisscrochet.ch\/wp-content\/uploads\/2024\/10\/Captain-Hook-Private-Crochet-Course-Overview-600x600.jpg 600w, https:\/\/www.swisscrochet.ch\/wp-content\/uploads\/2024\/10\/Captain-Hook-Private-Crochet-Course-Overview-200x200.jpg 200w, https:\/\/www.swisscrochet.ch\/wp-content\/uploads\/2024\/10\/Captain-Hook-Private-Crochet-Course-Overview-50x50.jpg 50w, https:\/\/www.swisscrochet.ch\/wp-content\/uploads\/2024\/10\/Captain-Hook-Private-Crochet-Course-Overview-100x100.jpg 100w, https:\/\/www.swisscrochet.ch\/wp-content\/uploads\/2024\/10\/Captain-Hook-Private-Crochet-Course-Overview-64x64.jpg 64w, https:\/\/www.swisscrochet.ch\/wp-content\/uploads\/2024\/10\/Captain-Hook-Private-Crochet-Course-Overview.jpg 1000w\" \/><\/a>\n\t<\/div>\n\t<figcaption class=\"woocom-list-content\">\n\n\t\t<div class=\"woo-buttons\"><a href=\"https:\/\/www.swisscrochet.ch\/de\/produkt\/captain-hook\/\" aria-describedby=\"woocommerce_loop_add_to_cart_link_describedby_780\" data-quantity=\"1\" class=\"product_type_variable add_to_cart_button\" data-product_id=\"780\" data-product_sku=\"990020001\" aria-label=\"W\u00e4hle Optionen f\u00fcr \u201eCaptain Hook - Privater H\u00e4kelkurs\u201c\" rel=\"nofollow\">Kurs buchen<\/a>\t<span id=\"woocommerce_loop_add_to_cart_link_describedby_780\" class=\"screen-reader-text\">\n\t\tDieses Produkt weist mehrere Varianten auf. Die Optionen k\u00f6nnen auf der Produktseite gew\u00e4hlt werden\t<\/span>\n<\/div>\n\t<\/figcaption>\n<\/figure>\n<\/article><\/div><div class=\"visible wf-cell visible\" data-post-id=\"775\" data-date=\"2024-10-18T16:00:13+02:00\" data-name=\"Hook-SOS\"><article class=\"post project-odd visible description-off wvs-archive-product-wrapper product type-product post-775 status-publish instock product_cat-kurse has-post-thumbnail taxable shipping-taxable purchasable product-type-variable\" ><figure class=\"woocom-project\">\n\t<div class=\"woo-buttons-on-img\">\n\n\t\t<a href=\"https:\/\/www.swisscrochet.ch\/de\/produkt\/hook-sos\/\" class=\"alignnone layzr-bg\"><img loading=\"lazy\" decoding=\"async\" width=\"300\" height=\"300\" src=\"data:image\/svg+xml;charset=utf-8,%3Csvg xmlns%3D&#039;http%3A%2F%2Fwww.w3.org%2F2000%2Fsvg&#039; viewBox%3D&#039;0 0 300 300&#039;%2F%3E\" class=\"attachment-woocommerce_thumbnail size-woocommerce_thumbnail wvs-archive-product-image iso-lazy-load preload-me\" alt=\"Swiss Crochet Hook SOS\" data-src=\"https:\/\/www.swisscrochet.ch\/wp-content\/uploads\/2024\/10\/Swiss-Crochet-Hook-SOS-Overview-300x300.jpg\" data-srcset=\"https:\/\/www.swisscrochet.ch\/wp-content\/uploads\/2024\/10\/Swiss-Crochet-Hook-SOS-Overview-300x300.jpg 300w, https:\/\/www.swisscrochet.ch\/wp-content\/uploads\/2024\/10\/Swiss-Crochet-Hook-SOS-Overview-150x150.jpg 150w, https:\/\/www.swisscrochet.ch\/wp-content\/uploads\/2024\/10\/Swiss-Crochet-Hook-SOS-Overview-768x768.jpg 768w, https:\/\/www.swisscrochet.ch\/wp-content\/uploads\/2024\/10\/Swiss-Crochet-Hook-SOS-Overview-600x600.jpg 600w, https:\/\/www.swisscrochet.ch\/wp-content\/uploads\/2024\/10\/Swiss-Crochet-Hook-SOS-Overview-200x200.jpg 200w, https:\/\/www.swisscrochet.ch\/wp-content\/uploads\/2024\/10\/Swiss-Crochet-Hook-SOS-Overview-50x50.jpg 50w, https:\/\/www.swisscrochet.ch\/wp-content\/uploads\/2024\/10\/Swiss-Crochet-Hook-SOS-Overview-100x100.jpg 100w, https:\/\/www.swisscrochet.ch\/wp-content\/uploads\/2024\/10\/Swiss-Crochet-Hook-SOS-Overview-64x64.jpg 64w, https:\/\/www.swisscrochet.ch\/wp-content\/uploads\/2024\/10\/Swiss-Crochet-Hook-SOS-Overview.jpg 1000w\" \/><\/a>\n\t<\/div>\n\t<figcaption class=\"woocom-list-content\">\n\n\t\t<div class=\"woo-buttons\"><a href=\"https:\/\/www.swisscrochet.ch\/de\/produkt\/hook-sos\/\" aria-describedby=\"woocommerce_loop_add_to_cart_link_describedby_775\" data-quantity=\"1\" class=\"product_type_variable add_to_cart_button\" data-product_id=\"775\" data-product_sku=\"990020002\" aria-label=\"W\u00e4hle Optionen f\u00fcr \u201eHook-SOS\u201c\" rel=\"nofollow\">Kurs buchen<\/a>\t<span id=\"woocommerce_loop_add_to_cart_link_describedby_775\" class=\"screen-reader-text\">\n\t\tDieses Produkt weist mehrere Varianten auf. Die Optionen k\u00f6nnen auf der Produktseite gew\u00e4hlt werden\t<\/span>\n<\/div>\n\t<\/figcaption>\n<\/figure>\n<\/article><\/div><div class=\"visible wf-cell visible\" data-post-id=\"773\" data-date=\"2024-10-18T16:40:56+02:00\" data-name=\"H\u00e4keln f\u00fcr Kinder und Jugendliche\"><article class=\"post project-odd visible description-off product type-product post-773 status-publish instock product_cat-kurse has-post-thumbnail virtual taxable purchasable product-type-simple\" ><figure class=\"woocom-project\">\n\t<div class=\"woo-buttons-on-img\">\n\n\t\t<a href=\"https:\/\/www.swisscrochet.ch\/de\/produkt\/haekeln-fuer-kinder-und-jugendliche\/\" class=\"alignnone layzr-bg\"><img loading=\"lazy\" decoding=\"async\" width=\"300\" height=\"300\" src=\"data:image\/svg+xml;charset=utf-8,%3Csvg xmlns%3D&#039;http%3A%2F%2Fwww.w3.org%2F2000%2Fsvg&#039; viewBox%3D&#039;0 0 300 300&#039;%2F%3E\" class=\"attachment-woocommerce_thumbnail size-woocommerce_thumbnail wvs-archive-product-image iso-lazy-load preload-me\" alt=\"Swiss Crochet Course - Crochet for children and teenagers\" data-src=\"https:\/\/www.swisscrochet.ch\/wp-content\/uploads\/2024\/10\/Swiss-Crochet-Crochet-for-children-and-teenagers-Overview-300x300.jpg\" data-srcset=\"https:\/\/www.swisscrochet.ch\/wp-content\/uploads\/2024\/10\/Swiss-Crochet-Crochet-for-children-and-teenagers-Overview-300x300.jpg 300w, https:\/\/www.swisscrochet.ch\/wp-content\/uploads\/2024\/10\/Swiss-Crochet-Crochet-for-children-and-teenagers-Overview-150x150.jpg 150w, https:\/\/www.swisscrochet.ch\/wp-content\/uploads\/2024\/10\/Swiss-Crochet-Crochet-for-children-and-teenagers-Overview-768x768.jpg 768w, https:\/\/www.swisscrochet.ch\/wp-content\/uploads\/2024\/10\/Swiss-Crochet-Crochet-for-children-and-teenagers-Overview-600x600.jpg 600w, https:\/\/www.swisscrochet.ch\/wp-content\/uploads\/2024\/10\/Swiss-Crochet-Crochet-for-children-and-teenagers-Overview-200x200.jpg 200w, https:\/\/www.swisscrochet.ch\/wp-content\/uploads\/2024\/10\/Swiss-Crochet-Crochet-for-children-and-teenagers-Overview-50x50.jpg 50w, https:\/\/www.swisscrochet.ch\/wp-content\/uploads\/2024\/10\/Swiss-Crochet-Crochet-for-children-and-teenagers-Overview-100x100.jpg 100w, https:\/\/www.swisscrochet.ch\/wp-content\/uploads\/2024\/10\/Swiss-Crochet-Crochet-for-children-and-teenagers-Overview-64x64.jpg 64w, https:\/\/www.swisscrochet.ch\/wp-content\/uploads\/2024\/10\/Swiss-Crochet-Crochet-for-children-and-teenagers-Overview.jpg 1000w\" \/><\/a>\n\t<\/div>\n\t<figcaption class=\"woocom-list-content\">\n\n\t\t<div class=\"woo-buttons\"><a href=\"\/de\/wp-json\/wp\/v2\/pages\/766?add-to-cart=773\" aria-describedby=\"woocommerce_loop_add_to_cart_link_describedby_773\" data-quantity=\"1\" class=\"product_type_simple add_to_cart_button ajax_add_to_cart\" data-product_id=\"773\" data-product_sku=\"990020007\" aria-label=\"In den Warenkorb: \u201cH\u00e4keln f\u00fcr Kinder und Jugendliche\u201d\" rel=\"nofollow\" data-success_message=\"\u201eH\u00e4keln f\u00fcr Kinder und Jugendliche\u201c wurde deinem Warenkorb hinzugef\u00fcgt\" role=\"button\">Kurs buchen<\/a>\t<span id=\"woocommerce_loop_add_to_cart_link_describedby_773\" class=\"screen-reader-text\">\n\t\t\t<\/span>\n<\/div>\n\t<\/figcaption>\n<\/figure>\n<\/article><\/div><\/div><!-- iso-container|iso-grid --><\/div>[vc_empty_space][\/vc_column][\/vc_row]<\/p>\n<\/div>","protected":false},"excerpt":{"rendered":"<p>[vc_row][vc_column][vc_row_inner][vc_column_inner width=&#8220;2\/3&#8243;][vc_column_text css=&#8220;&#8220;] Entfalte dein kreatives Potenzial mit unseren umfassenden H\u00e4kelkursen, die f\u00fcr alle F\u00e4higkeitsstufen konzipiert sind. Egal, ob du eine Anf\u00e4ngerin bist, die gerade mit den Grundlagen beginnt, eine fortgeschrittene H\u00e4klerin, die ihre Techniken verfeinern m\u00f6chte, oder eine erfahrene Handwerkerin, die bereit ist, komplexe Designs zu meistern \u2013 wir haben den perfekten Kurs f\u00fcr&hellip;<\/p>\n","protected":false},"author":2,"featured_media":248,"parent":0,"menu_order":7,"comment_status":"closed","ping_status":"closed","template":"","meta":{"footnotes":""},"class_list":["post-766","page","type-page","status-publish","has-post-thumbnail","hentry","description-off"],"yoast_head":"<!-- This site is optimized with the Yoast SEO plugin v27.4 - https:\/\/yoast.com\/product\/yoast-seo-wordpress\/ -->\n<title>Kurse &#171; Swiss Crochet<\/title>\n<meta name=\"description\" content=\"Entfalte dein kreatives Potenzial mit unseren umfassenden H\u00e4kelkursen, die f\u00fcr alle Fertigkeitsstufen geeignet sind. Wir haben den perfekten Kurs f\u00fcr dich.\" \/>\n<meta name=\"robots\" content=\"index, follow, max-snippet:-1, max-image-preview:large, max-video-preview:-1\" \/>\n<link rel=\"canonical\" href=\"https:\/\/www.swisscrochet.ch\/de\/kurse\/\" \/>\n<meta property=\"og:locale\" content=\"de_DE\" \/>\n<meta property=\"og:type\" content=\"article\" \/>\n<meta property=\"og:title\" content=\"Kurse &#171; Swiss Crochet\" \/>\n<meta property=\"og:description\" content=\"Entfalte dein kreatives Potenzial mit unseren umfassenden H\u00e4kelkursen, die f\u00fcr alle Fertigkeitsstufen geeignet sind. Wir haben den perfekten Kurs f\u00fcr dich.\" \/>\n<meta property=\"og:url\" content=\"https:\/\/www.swisscrochet.ch\/de\/kurse\/\" \/>\n<meta property=\"og:site_name\" content=\"Swiss Crochet\" \/>\n<meta property=\"article:modified_time\" content=\"2024-12-11T20:31:48+00:00\" \/>\n<meta property=\"og:image\" content=\"https:\/\/www.swisscrochet.ch\/wp-content\/uploads\/2024\/08\/Logo-Swiss-Crochet-Square-RGB-WITH-color-BGD-512px.png\" \/>\n\t<meta property=\"og:image:width\" content=\"512\" \/>\n\t<meta property=\"og:image:height\" content=\"512\" \/>\n\t<meta property=\"og:image:type\" content=\"image\/png\" \/>\n<meta name=\"twitter:card\" content=\"summary_large_image\" \/>\n<meta name=\"twitter:label1\" content=\"Gesch\u00e4tzte Lesezeit\" \/>\n\t<meta name=\"twitter:data1\" content=\"1\u00a0Minute\" \/>\n<script type=\"application\/ld+json\" class=\"yoast-schema-graph\">{\"@context\":\"https:\\\/\\\/schema.org\",\"@graph\":[{\"@type\":\"WebPage\",\"@id\":\"https:\\\/\\\/www.swisscrochet.ch\\\/de\\\/kurse\\\/\",\"url\":\"https:\\\/\\\/www.swisscrochet.ch\\\/de\\\/kurse\\\/\",\"name\":\"Kurse &#171; Swiss Crochet\",\"isPartOf\":{\"@id\":\"https:\\\/\\\/www.swisscrochet.ch\\\/#website\"},\"primaryImageOfPage\":{\"@id\":\"https:\\\/\\\/www.swisscrochet.ch\\\/de\\\/kurse\\\/#primaryimage\"},\"image\":{\"@id\":\"https:\\\/\\\/www.swisscrochet.ch\\\/de\\\/kurse\\\/#primaryimage\"},\"thumbnailUrl\":\"https:\\\/\\\/www.swisscrochet.ch\\\/wp-content\\\/uploads\\\/2024\\\/08\\\/Logo-Swiss-Crochet-Square-RGB-WITH-color-BGD-512px.png\",\"datePublished\":\"2024-08-09T15:14:36+00:00\",\"dateModified\":\"2024-12-11T20:31:48+00:00\",\"description\":\"Entfalte dein kreatives Potenzial mit unseren umfassenden H\u00e4kelkursen, die f\u00fcr alle Fertigkeitsstufen geeignet sind. Wir haben den perfekten Kurs f\u00fcr dich.\",\"breadcrumb\":{\"@id\":\"https:\\\/\\\/www.swisscrochet.ch\\\/de\\\/kurse\\\/#breadcrumb\"},\"inLanguage\":\"de\",\"potentialAction\":[{\"@type\":\"ReadAction\",\"target\":[\"https:\\\/\\\/www.swisscrochet.ch\\\/de\\\/kurse\\\/\"]}]},{\"@type\":\"ImageObject\",\"inLanguage\":\"de\",\"@id\":\"https:\\\/\\\/www.swisscrochet.ch\\\/de\\\/kurse\\\/#primaryimage\",\"url\":\"https:\\\/\\\/www.swisscrochet.ch\\\/wp-content\\\/uploads\\\/2024\\\/08\\\/Logo-Swiss-Crochet-Square-RGB-WITH-color-BGD-512px.png\",\"contentUrl\":\"https:\\\/\\\/www.swisscrochet.ch\\\/wp-content\\\/uploads\\\/2024\\\/08\\\/Logo-Swiss-Crochet-Square-RGB-WITH-color-BGD-512px.png\",\"width\":512,\"height\":512},{\"@type\":\"BreadcrumbList\",\"@id\":\"https:\\\/\\\/www.swisscrochet.ch\\\/de\\\/kurse\\\/#breadcrumb\",\"itemListElement\":[{\"@type\":\"ListItem\",\"position\":1,\"name\":\"Home\",\"item\":\"https:\\\/\\\/www.swisscrochet.ch\\\/de\\\/\"},{\"@type\":\"ListItem\",\"position\":2,\"name\":\"Kurse\"}]},{\"@type\":\"WebSite\",\"@id\":\"https:\\\/\\\/www.swisscrochet.ch\\\/#website\",\"url\":\"https:\\\/\\\/www.swisscrochet.ch\\\/\",\"name\":\"Swiss Crochet\",\"description\":\"Entfalte dein kreatives Potenzial\",\"potentialAction\":[{\"@type\":\"SearchAction\",\"target\":{\"@type\":\"EntryPoint\",\"urlTemplate\":\"https:\\\/\\\/www.swisscrochet.ch\\\/?s={search_term_string}\"},\"query-input\":{\"@type\":\"PropertyValueSpecification\",\"valueRequired\":true,\"valueName\":\"search_term_string\"}}],\"inLanguage\":\"de\"}]}<\/script>\n<!-- \/ Yoast SEO plugin. -->","yoast_head_json":{"title":"Kurse &#171; Swiss Crochet","description":"Entfalte dein kreatives Potenzial mit unseren umfassenden H\u00e4kelkursen, die f\u00fcr alle Fertigkeitsstufen geeignet sind. Wir haben den perfekten Kurs f\u00fcr dich.","robots":{"index":"index","follow":"follow","max-snippet":"max-snippet:-1","max-image-preview":"max-image-preview:large","max-video-preview":"max-video-preview:-1"},"canonical":"https:\/\/www.swisscrochet.ch\/de\/kurse\/","og_locale":"de_DE","og_type":"article","og_title":"Kurse &#171; Swiss Crochet","og_description":"Entfalte dein kreatives Potenzial mit unseren umfassenden H\u00e4kelkursen, die f\u00fcr alle Fertigkeitsstufen geeignet sind. Wir haben den perfekten Kurs f\u00fcr dich.","og_url":"https:\/\/www.swisscrochet.ch\/de\/kurse\/","og_site_name":"Swiss Crochet","article_modified_time":"2024-12-11T20:31:48+00:00","og_image":[{"width":512,"height":512,"url":"https:\/\/www.swisscrochet.ch\/wp-content\/uploads\/2024\/08\/Logo-Swiss-Crochet-Square-RGB-WITH-color-BGD-512px.png","type":"image\/png"}],"twitter_card":"summary_large_image","twitter_misc":{"Gesch\u00e4tzte Lesezeit":"1\u00a0Minute"},"schema":{"@context":"https:\/\/schema.org","@graph":[{"@type":"WebPage","@id":"https:\/\/www.swisscrochet.ch\/de\/kurse\/","url":"https:\/\/www.swisscrochet.ch\/de\/kurse\/","name":"Kurse &#171; Swiss Crochet","isPartOf":{"@id":"https:\/\/www.swisscrochet.ch\/#website"},"primaryImageOfPage":{"@id":"https:\/\/www.swisscrochet.ch\/de\/kurse\/#primaryimage"},"image":{"@id":"https:\/\/www.swisscrochet.ch\/de\/kurse\/#primaryimage"},"thumbnailUrl":"https:\/\/www.swisscrochet.ch\/wp-content\/uploads\/2024\/08\/Logo-Swiss-Crochet-Square-RGB-WITH-color-BGD-512px.png","datePublished":"2024-08-09T15:14:36+00:00","dateModified":"2024-12-11T20:31:48+00:00","description":"Entfalte dein kreatives Potenzial mit unseren umfassenden H\u00e4kelkursen, die f\u00fcr alle Fertigkeitsstufen geeignet sind. Wir haben den perfekten Kurs f\u00fcr dich.","breadcrumb":{"@id":"https:\/\/www.swisscrochet.ch\/de\/kurse\/#breadcrumb"},"inLanguage":"de","potentialAction":[{"@type":"ReadAction","target":["https:\/\/www.swisscrochet.ch\/de\/kurse\/"]}]},{"@type":"ImageObject","inLanguage":"de","@id":"https:\/\/www.swisscrochet.ch\/de\/kurse\/#primaryimage","url":"https:\/\/www.swisscrochet.ch\/wp-content\/uploads\/2024\/08\/Logo-Swiss-Crochet-Square-RGB-WITH-color-BGD-512px.png","contentUrl":"https:\/\/www.swisscrochet.ch\/wp-content\/uploads\/2024\/08\/Logo-Swiss-Crochet-Square-RGB-WITH-color-BGD-512px.png","width":512,"height":512},{"@type":"BreadcrumbList","@id":"https:\/\/www.swisscrochet.ch\/de\/kurse\/#breadcrumb","itemListElement":[{"@type":"ListItem","position":1,"name":"Home","item":"https:\/\/www.swisscrochet.ch\/de\/"},{"@type":"ListItem","position":2,"name":"Kurse"}]},{"@type":"WebSite","@id":"https:\/\/www.swisscrochet.ch\/#website","url":"https:\/\/www.swisscrochet.ch\/","name":"Swiss Crochet","description":"Entfalte dein kreatives Potenzial","potentialAction":[{"@type":"SearchAction","target":{"@type":"EntryPoint","urlTemplate":"https:\/\/www.swisscrochet.ch\/?s={search_term_string}"},"query-input":{"@type":"PropertyValueSpecification","valueRequired":true,"valueName":"search_term_string"}}],"inLanguage":"de"}]}},"_links":{"self":[{"href":"https:\/\/www.swisscrochet.ch\/de\/wp-json\/wp\/v2\/pages\/766","targetHints":{"allow":["GET"]}}],"collection":[{"href":"https:\/\/www.swisscrochet.ch\/de\/wp-json\/wp\/v2\/pages"}],"about":[{"href":"https:\/\/www.swisscrochet.ch\/de\/wp-json\/wp\/v2\/types\/page"}],"author":[{"embeddable":true,"href":"https:\/\/www.swisscrochet.ch\/de\/wp-json\/wp\/v2\/users\/2"}],"replies":[{"embeddable":true,"href":"https:\/\/www.swisscrochet.ch\/de\/wp-json\/wp\/v2\/comments?post=766"}],"version-history":[{"count":0,"href":"https:\/\/www.swisscrochet.ch\/de\/wp-json\/wp\/v2\/pages\/766\/revisions"}],"wp:featuredmedia":[{"embeddable":true,"href":"https:\/\/www.swisscrochet.ch\/de\/wp-json\/wp\/v2\/media\/248"}],"wp:attachment":[{"href":"https:\/\/www.swisscrochet.ch\/de\/wp-json\/wp\/v2\/media?parent=766"}],"curies":[{"name":"wp","href":"https:\/\/api.w.org\/{rel}","templated":true}]}}