{"id":10011,"date":"2025-08-07T15:36:02","date_gmt":"2025-08-07T13:36:02","guid":{"rendered":"https:\/\/www.swisscrochet.ch\/product\/opry-metal-hoops\/"},"modified":"2025-08-07T15:42:43","modified_gmt":"2025-08-07T13:42:43","slug":"opry-metallringe","status":"publish","type":"product","link":"https:\/\/www.swisscrochet.ch\/de\/produkt\/opry-metallringe\/","title":{"rendered":"Opry &#8211; Metallringe"},"content":{"rendered":"","protected":false},"excerpt":{"rendered":"<p>Lass deiner Kreativit\u00e4t freien Lauf mit diesen stabilen Metallringen von Opry! Ob Traumf\u00e4nger, Makramee-Blumenampeln, geh\u00e4kelte Lampenschirme oder andere DIY-Projekte \u2013 diese vielseitigen Ringe bieten die perfekte Grundlage.<\/p>\n<p>Hergestellt aus 2\u202fmm starkem Edelstahl mit elegantem silbernem Finish, \u00fcberzeugen sie durch Stabilit\u00e4t und einen modernen, klaren Look. Erh\u00e4ltlich in Durchmessern von 15 bis 50\u202fcm \u2013 w\u00e4hle die passende Gr\u00f6sse f\u00fcr dein Projekt.<\/p>\n<p>Einzeln verkauft.<\/p>\n<p>Lass deiner Fantasie freien Lauf \u2013 mit diesen Ringen beginnt etwas Wundersch\u00f6nes!<\/p>\n","protected":false},"featured_media":9928,"template":"","meta":[],"product_brand":[],"product_cat":[559,220,1557],"product_tag":[],"class_list":{"0":"post-10011","1":"product","2":"type-product","3":"status-publish","4":"has-post-thumbnail","6":"product_cat-anderes-zubehoer","7":"product_cat-hakelnadeln-und-zubehor","8":"product_cat-zubehoer-fuer-taschen","9":"pa_t1-manufacturer-opry-de","10":"description-off","12":"first","13":"instock","14":"taxable","15":"shipping-taxable","16":"purchasable","17":"product-type-variable","18":"wvs-archive-product-wrapper"},"bundled_by":[],"bundle_stock_status":"instock","bundle_stock_quantity":null,"bundle_virtual":false,"bundle_layout":"","bundle_add_to_cart_form_location":"","bundle_editable_in_cart":false,"bundle_sold_individually_context":"","bundle_item_grouping":"","bundle_min_size":"","bundle_max_size":"","bundle_price":[],"bundled_items":[],"bundle_sell_ids":[],"yoast_head":"<!-- This site is optimized with the Yoast SEO plugin v27.5 - https:\/\/yoast.com\/product\/yoast-seo-wordpress\/ -->\n<title>Opry - Metallringe &#171; Swiss Crochet<\/title>\n<meta name=\"description\" content=\"Entdecke die Metallringe von Opry \u2013 stabile Ringe aus silbernem Edelstahl, perfekt f\u00fcr Traumf\u00e4nger, Makramee und H\u00e4kelprojekte. Erh\u00e4ltlich in Gr\u00f6ssen von 15 bis 50\u202fcm.\" \/>\n<meta name=\"robots\" content=\"index, follow, max-snippet:-1, max-image-preview:large, max-video-preview:-1\" \/>\n<link rel=\"canonical\" href=\"https:\/\/www.swisscrochet.ch\/produkt\/opry-metal-hoops\/\" \/>\n<meta property=\"og:locale\" content=\"de_DE\" \/>\n<meta property=\"og:type\" content=\"article\" \/>\n<meta property=\"og:title\" content=\"Opry - Metallringe &#171; Swiss Crochet\" \/>\n<meta property=\"og:description\" content=\"Entdecke die Metallringe von Opry \u2013 stabile Ringe aus silbernem Edelstahl, perfekt f\u00fcr Traumf\u00e4nger, Makramee und H\u00e4kelprojekte. Erh\u00e4ltlich in Gr\u00f6ssen von 15 bis 50\u202fcm.\" \/>\n<meta property=\"og:url\" content=\"https:\/\/www.swisscrochet.ch\/produkt\/opry-metal-hoops\/\" \/>\n<meta property=\"og:site_name\" content=\"Swiss Crochet\" \/>\n<meta property=\"article:modified_time\" content=\"2025-08-07T13:42:43+00:00\" \/>\n<meta property=\"og:image\" content=\"https:\/\/www.swisscrochet.ch\/wp-content\/uploads\/2025\/08\/Opry-Metal-Hoops-Overview.jpg\" \/>\n\t<meta property=\"og:image:width\" content=\"1000\" \/>\n\t<meta property=\"og:image:height\" content=\"1000\" \/>\n\t<meta property=\"og:image:type\" content=\"image\/jpeg\" \/>\n<meta name=\"twitter:card\" content=\"summary_large_image\" \/>\n<meta name=\"twitter:label1\" content=\"Gesch\u00e4tzte Lesezeit\" \/>\n\t<meta name=\"twitter:data1\" content=\"1\u00a0Minute\" \/>\n<script type=\"application\/ld+json\" class=\"yoast-schema-graph\">{\"@context\":\"https:\\\/\\\/schema.org\",\"@graph\":[{\"@type\":[\"WebPage\",\"ItemPage\"],\"@id\":\"https:\\\/\\\/www.swisscrochet.ch\\\/produkt\\\/opry-metal-hoops\\\/\",\"url\":\"https:\\\/\\\/www.swisscrochet.ch\\\/produkt\\\/opry-metal-hoops\\\/\",\"name\":\"Opry - Metallringe &#171; Swiss Crochet\",\"isPartOf\":{\"@id\":\"https:\\\/\\\/www.swisscrochet.ch\\\/#website\"},\"primaryImageOfPage\":{\"@id\":\"https:\\\/\\\/www.swisscrochet.ch\\\/produkt\\\/opry-metal-hoops\\\/#primaryimage\"},\"image\":{\"@id\":\"https:\\\/\\\/www.swisscrochet.ch\\\/produkt\\\/opry-metal-hoops\\\/#primaryimage\"},\"thumbnailUrl\":\"https:\\\/\\\/www.swisscrochet.ch\\\/wp-content\\\/uploads\\\/2025\\\/08\\\/Opry-Metal-Hoops-Overview.jpg\",\"datePublished\":\"2025-08-07T13:36:02+00:00\",\"dateModified\":\"2025-08-07T13:42:43+00:00\",\"description\":\"Entdecke die Metallringe von Opry \u2013 stabile Ringe aus silbernem Edelstahl, perfekt f\u00fcr Traumf\u00e4nger, Makramee und H\u00e4kelprojekte. Erh\u00e4ltlich in Gr\u00f6ssen von 15 bis 50\u202fcm.\",\"breadcrumb\":{\"@id\":\"https:\\\/\\\/www.swisscrochet.ch\\\/produkt\\\/opry-metal-hoops\\\/#breadcrumb\"},\"inLanguage\":\"de\",\"potentialAction\":[{\"@type\":\"ReadAction\",\"target\":[\"https:\\\/\\\/www.swisscrochet.ch\\\/produkt\\\/opry-metal-hoops\\\/\"]}]},{\"@type\":\"ImageObject\",\"inLanguage\":\"de\",\"@id\":\"https:\\\/\\\/www.swisscrochet.ch\\\/produkt\\\/opry-metal-hoops\\\/#primaryimage\",\"url\":\"https:\\\/\\\/www.swisscrochet.ch\\\/wp-content\\\/uploads\\\/2025\\\/08\\\/Opry-Metal-Hoops-Overview.jpg\",\"contentUrl\":\"https:\\\/\\\/www.swisscrochet.ch\\\/wp-content\\\/uploads\\\/2025\\\/08\\\/Opry-Metal-Hoops-Overview.jpg\",\"width\":1000,\"height\":1000},{\"@type\":\"BreadcrumbList\",\"@id\":\"https:\\\/\\\/www.swisscrochet.ch\\\/produkt\\\/opry-metal-hoops\\\/#breadcrumb\",\"itemListElement\":[{\"@type\":\"ListItem\",\"position\":1,\"name\":\"Home\",\"item\":\"https:\\\/\\\/www.swisscrochet.ch\\\/de\\\/\"},{\"@type\":\"ListItem\",\"position\":2,\"name\":\"Shop\",\"item\":\"https:\\\/\\\/www.swisscrochet.ch\\\/de\\\/shop\\\/\"},{\"@type\":\"ListItem\",\"position\":3,\"name\":\"Opry &#8211; Metallringe\"}]},{\"@type\":\"WebSite\",\"@id\":\"https:\\\/\\\/www.swisscrochet.ch\\\/#website\",\"url\":\"https:\\\/\\\/www.swisscrochet.ch\\\/\",\"name\":\"Swiss Crochet\",\"description\":\"Entfalte dein kreatives Potenzial\",\"potentialAction\":[{\"@type\":\"SearchAction\",\"target\":{\"@type\":\"EntryPoint\",\"urlTemplate\":\"https:\\\/\\\/www.swisscrochet.ch\\\/?s={search_term_string}\"},\"query-input\":{\"@type\":\"PropertyValueSpecification\",\"valueRequired\":true,\"valueName\":\"search_term_string\"}}],\"inLanguage\":\"de\"}]}<\/script>\n<!-- \/ Yoast SEO plugin. -->","yoast_head_json":{"title":"Opry - Metallringe &#171; Swiss Crochet","description":"Entdecke die Metallringe von Opry \u2013 stabile Ringe aus silbernem Edelstahl, perfekt f\u00fcr Traumf\u00e4nger, Makramee und H\u00e4kelprojekte. Erh\u00e4ltlich in Gr\u00f6ssen von 15 bis 50\u202fcm.","robots":{"index":"index","follow":"follow","max-snippet":"max-snippet:-1","max-image-preview":"max-image-preview:large","max-video-preview":"max-video-preview:-1"},"canonical":"https:\/\/www.swisscrochet.ch\/produkt\/opry-metal-hoops\/","og_locale":"de_DE","og_type":"article","og_title":"Opry - Metallringe &#171; Swiss Crochet","og_description":"Entdecke die Metallringe von Opry \u2013 stabile Ringe aus silbernem Edelstahl, perfekt f\u00fcr Traumf\u00e4nger, Makramee und H\u00e4kelprojekte. Erh\u00e4ltlich in Gr\u00f6ssen von 15 bis 50\u202fcm.","og_url":"https:\/\/www.swisscrochet.ch\/produkt\/opry-metal-hoops\/","og_site_name":"Swiss Crochet","article_modified_time":"2025-08-07T13:42:43+00:00","og_image":[{"width":1000,"height":1000,"url":"https:\/\/www.swisscrochet.ch\/wp-content\/uploads\/2025\/08\/Opry-Metal-Hoops-Overview.jpg","type":"image\/jpeg"}],"twitter_card":"summary_large_image","twitter_misc":{"Gesch\u00e4tzte Lesezeit":"1\u00a0Minute"},"schema":{"@context":"https:\/\/schema.org","@graph":[{"@type":["WebPage","ItemPage"],"@id":"https:\/\/www.swisscrochet.ch\/produkt\/opry-metal-hoops\/","url":"https:\/\/www.swisscrochet.ch\/produkt\/opry-metal-hoops\/","name":"Opry - Metallringe &#171; Swiss Crochet","isPartOf":{"@id":"https:\/\/www.swisscrochet.ch\/#website"},"primaryImageOfPage":{"@id":"https:\/\/www.swisscrochet.ch\/produkt\/opry-metal-hoops\/#primaryimage"},"image":{"@id":"https:\/\/www.swisscrochet.ch\/produkt\/opry-metal-hoops\/#primaryimage"},"thumbnailUrl":"https:\/\/www.swisscrochet.ch\/wp-content\/uploads\/2025\/08\/Opry-Metal-Hoops-Overview.jpg","datePublished":"2025-08-07T13:36:02+00:00","dateModified":"2025-08-07T13:42:43+00:00","description":"Entdecke die Metallringe von Opry \u2013 stabile Ringe aus silbernem Edelstahl, perfekt f\u00fcr Traumf\u00e4nger, Makramee und H\u00e4kelprojekte. Erh\u00e4ltlich in Gr\u00f6ssen von 15 bis 50\u202fcm.","breadcrumb":{"@id":"https:\/\/www.swisscrochet.ch\/produkt\/opry-metal-hoops\/#breadcrumb"},"inLanguage":"de","potentialAction":[{"@type":"ReadAction","target":["https:\/\/www.swisscrochet.ch\/produkt\/opry-metal-hoops\/"]}]},{"@type":"ImageObject","inLanguage":"de","@id":"https:\/\/www.swisscrochet.ch\/produkt\/opry-metal-hoops\/#primaryimage","url":"https:\/\/www.swisscrochet.ch\/wp-content\/uploads\/2025\/08\/Opry-Metal-Hoops-Overview.jpg","contentUrl":"https:\/\/www.swisscrochet.ch\/wp-content\/uploads\/2025\/08\/Opry-Metal-Hoops-Overview.jpg","width":1000,"height":1000},{"@type":"BreadcrumbList","@id":"https:\/\/www.swisscrochet.ch\/produkt\/opry-metal-hoops\/#breadcrumb","itemListElement":[{"@type":"ListItem","position":1,"name":"Home","item":"https:\/\/www.swisscrochet.ch\/de\/"},{"@type":"ListItem","position":2,"name":"Shop","item":"https:\/\/www.swisscrochet.ch\/de\/shop\/"},{"@type":"ListItem","position":3,"name":"Opry &#8211; Metallringe"}]},{"@type":"WebSite","@id":"https:\/\/www.swisscrochet.ch\/#website","url":"https:\/\/www.swisscrochet.ch\/","name":"Swiss Crochet","description":"Entfalte dein kreatives Potenzial","potentialAction":[{"@type":"SearchAction","target":{"@type":"EntryPoint","urlTemplate":"https:\/\/www.swisscrochet.ch\/?s={search_term_string}"},"query-input":{"@type":"PropertyValueSpecification","valueRequired":true,"valueName":"search_term_string"}}],"inLanguage":"de"}]}},"_links":{"self":[{"href":"https:\/\/www.swisscrochet.ch\/de\/wp-json\/wp\/v2\/product\/10011","targetHints":{"allow":["GET"]}}],"collection":[{"href":"https:\/\/www.swisscrochet.ch\/de\/wp-json\/wp\/v2\/product"}],"about":[{"href":"https:\/\/www.swisscrochet.ch\/de\/wp-json\/wp\/v2\/types\/product"}],"wp:featuredmedia":[{"embeddable":true,"href":"https:\/\/www.swisscrochet.ch\/de\/wp-json\/wp\/v2\/media\/9928"}],"wp:attachment":[{"href":"https:\/\/www.swisscrochet.ch\/de\/wp-json\/wp\/v2\/media?parent=10011"}],"wp:term":[{"taxonomy":"product_brand","embeddable":true,"href":"https:\/\/www.swisscrochet.ch\/de\/wp-json\/wp\/v2\/product_brand?post=10011"},{"taxonomy":"product_cat","embeddable":true,"href":"https:\/\/www.swisscrochet.ch\/de\/wp-json\/wp\/v2\/product_cat?post=10011"},{"taxonomy":"product_tag","embeddable":true,"href":"https:\/\/www.swisscrochet.ch\/de\/wp-json\/wp\/v2\/product_tag?post=10011"}],"curies":[{"name":"wp","href":"https:\/\/api.w.org\/{rel}","templated":true}]}}