{"id":10042,"date":"2025-08-07T15:56:07","date_gmt":"2025-08-07T13:56:07","guid":{"rendered":"https:\/\/www.swisscrochet.ch\/product\/opry-bag-handles\/"},"modified":"2025-09-18T15:56:20","modified_gmt":"2025-09-18T13:56:20","slug":"opry-taschengriffe","status":"publish","type":"product","link":"https:\/\/www.swisscrochet.ch\/de\/produkt\/opry-taschengriffe\/","title":{"rendered":"Opry &#8211; Taschengriffe"},"content":{"rendered":"","protected":false},"excerpt":{"rendered":"<p>Die Taschengriffe von Opry bieten eine vielf\u00e4ltige Auswahl an Stilen aus Holz, Bambus und Kunststoff \u2013 perfekt, um deine handgemachten Taschen und K\u00f6rbe zu erg\u00e4nzen. W\u00e4hle aus verschiedenen Formen \u2013 rund, halbkreisf\u00f6rmig, offen oder geschlossen \u2013 in nat\u00fcrlichen oder modernen Designs.<\/p>\n<p>Diese Griffe lassen sich ganz einfach an deine H\u00e4kelprojekte ann\u00e4hen oder befestigen und verbinden Funktionalit\u00e4t mit Stil.<\/p>\n<p>Sie werden paarweise geliefert (2 St\u00fcck pro Einheit) und verleihen deinen Kreationen den letzten Schliff.<\/p>\n","protected":false},"featured_media":9763,"template":"","meta":[],"product_brand":[],"product_cat":[220,1557],"product_tag":[],"class_list":{"0":"post-10042","1":"product","2":"type-product","3":"status-publish","4":"has-post-thumbnail","6":"product_cat-hakelnadeln-und-zubehor","7":"product_cat-zubehoer-fuer-taschen","8":"pa_t1-manufacturer-opry-de","9":"description-off","11":"first","12":"instock","13":"taxable","14":"shipping-taxable","15":"purchasable","16":"product-type-variable","17":"wvs-archive-product-wrapper"},"bundled_by":[],"bundle_stock_status":"instock","bundle_stock_quantity":null,"bundle_virtual":false,"bundle_layout":"","bundle_add_to_cart_form_location":"","bundle_editable_in_cart":false,"bundle_sold_individually_context":"","bundle_item_grouping":"","bundle_min_size":"","bundle_max_size":"","bundle_price":[],"bundled_items":[],"bundle_sell_ids":[],"yoast_head":"<!-- This site is optimized with the Yoast SEO plugin v27.5 - https:\/\/yoast.com\/product\/yoast-seo-wordpress\/ -->\n<title>Opry - Taschengriffe &#171; Swiss Crochet<\/title>\n<meta name=\"description\" content=\"Entdecke Opry Taschengriffe aus Holz, Bambus und Kunststoff \u2013 ideal f\u00fcr H\u00e4kel-Taschen und -K\u00f6rbe. Erh\u00e4ltlich in verschiedenen Formen und Ausf\u00fchrungen. Verkauft im Paar.\" \/>\n<meta name=\"robots\" content=\"index, follow, max-snippet:-1, max-image-preview:large, max-video-preview:-1\" \/>\n<link rel=\"canonical\" href=\"https:\/\/www.swisscrochet.ch\/produkt\/opry-bag-handles\/\" \/>\n<meta property=\"og:locale\" content=\"de_DE\" \/>\n<meta property=\"og:type\" content=\"article\" \/>\n<meta property=\"og:title\" content=\"Opry - Taschengriffe &#171; Swiss Crochet\" \/>\n<meta property=\"og:description\" content=\"Entdecke Opry Taschengriffe aus Holz, Bambus und Kunststoff \u2013 ideal f\u00fcr H\u00e4kel-Taschen und -K\u00f6rbe. Erh\u00e4ltlich in verschiedenen Formen und Ausf\u00fchrungen. Verkauft im Paar.\" \/>\n<meta property=\"og:url\" content=\"https:\/\/www.swisscrochet.ch\/produkt\/opry-bag-handles\/\" \/>\n<meta property=\"og:site_name\" content=\"Swiss Crochet\" \/>\n<meta property=\"article:modified_time\" content=\"2025-09-18T13:56:20+00:00\" \/>\n<meta property=\"og:image\" content=\"https:\/\/www.swisscrochet.ch\/wp-content\/uploads\/2025\/08\/Opry-Bag-Handles-Overview.jpg\" \/>\n\t<meta property=\"og:image:width\" content=\"1000\" \/>\n\t<meta property=\"og:image:height\" content=\"1000\" \/>\n\t<meta property=\"og:image:type\" content=\"image\/jpeg\" \/>\n<meta name=\"twitter:card\" content=\"summary_large_image\" \/>\n<meta name=\"twitter:label1\" content=\"Gesch\u00e4tzte Lesezeit\" \/>\n\t<meta name=\"twitter:data1\" content=\"1\u00a0Minute\" \/>\n<script type=\"application\/ld+json\" class=\"yoast-schema-graph\">{\"@context\":\"https:\\\/\\\/schema.org\",\"@graph\":[{\"@type\":[\"WebPage\",\"ItemPage\"],\"@id\":\"https:\\\/\\\/www.swisscrochet.ch\\\/produkt\\\/opry-bag-handles\\\/\",\"url\":\"https:\\\/\\\/www.swisscrochet.ch\\\/produkt\\\/opry-bag-handles\\\/\",\"name\":\"Opry - Taschengriffe &#171; Swiss Crochet\",\"isPartOf\":{\"@id\":\"https:\\\/\\\/www.swisscrochet.ch\\\/#website\"},\"primaryImageOfPage\":{\"@id\":\"https:\\\/\\\/www.swisscrochet.ch\\\/produkt\\\/opry-bag-handles\\\/#primaryimage\"},\"image\":{\"@id\":\"https:\\\/\\\/www.swisscrochet.ch\\\/produkt\\\/opry-bag-handles\\\/#primaryimage\"},\"thumbnailUrl\":\"https:\\\/\\\/www.swisscrochet.ch\\\/wp-content\\\/uploads\\\/2025\\\/08\\\/Opry-Bag-Handles-Overview.jpg\",\"datePublished\":\"2025-08-07T13:56:07+00:00\",\"dateModified\":\"2025-09-18T13:56:20+00:00\",\"description\":\"Entdecke Opry Taschengriffe aus Holz, Bambus und Kunststoff \u2013 ideal f\u00fcr H\u00e4kel-Taschen und -K\u00f6rbe. Erh\u00e4ltlich in verschiedenen Formen und Ausf\u00fchrungen. Verkauft im Paar.\",\"breadcrumb\":{\"@id\":\"https:\\\/\\\/www.swisscrochet.ch\\\/produkt\\\/opry-bag-handles\\\/#breadcrumb\"},\"inLanguage\":\"de\",\"potentialAction\":[{\"@type\":\"ReadAction\",\"target\":[\"https:\\\/\\\/www.swisscrochet.ch\\\/produkt\\\/opry-bag-handles\\\/\"]}]},{\"@type\":\"ImageObject\",\"inLanguage\":\"de\",\"@id\":\"https:\\\/\\\/www.swisscrochet.ch\\\/produkt\\\/opry-bag-handles\\\/#primaryimage\",\"url\":\"https:\\\/\\\/www.swisscrochet.ch\\\/wp-content\\\/uploads\\\/2025\\\/08\\\/Opry-Bag-Handles-Overview.jpg\",\"contentUrl\":\"https:\\\/\\\/www.swisscrochet.ch\\\/wp-content\\\/uploads\\\/2025\\\/08\\\/Opry-Bag-Handles-Overview.jpg\",\"width\":1000,\"height\":1000},{\"@type\":\"BreadcrumbList\",\"@id\":\"https:\\\/\\\/www.swisscrochet.ch\\\/produkt\\\/opry-bag-handles\\\/#breadcrumb\",\"itemListElement\":[{\"@type\":\"ListItem\",\"position\":1,\"name\":\"Home\",\"item\":\"https:\\\/\\\/www.swisscrochet.ch\\\/de\\\/\"},{\"@type\":\"ListItem\",\"position\":2,\"name\":\"Shop\",\"item\":\"https:\\\/\\\/www.swisscrochet.ch\\\/de\\\/shop\\\/\"},{\"@type\":\"ListItem\",\"position\":3,\"name\":\"Opry &#8211; Taschengriffe\"}]},{\"@type\":\"WebSite\",\"@id\":\"https:\\\/\\\/www.swisscrochet.ch\\\/#website\",\"url\":\"https:\\\/\\\/www.swisscrochet.ch\\\/\",\"name\":\"Swiss Crochet\",\"description\":\"Entfalte dein kreatives Potenzial\",\"potentialAction\":[{\"@type\":\"SearchAction\",\"target\":{\"@type\":\"EntryPoint\",\"urlTemplate\":\"https:\\\/\\\/www.swisscrochet.ch\\\/?s={search_term_string}\"},\"query-input\":{\"@type\":\"PropertyValueSpecification\",\"valueRequired\":true,\"valueName\":\"search_term_string\"}}],\"inLanguage\":\"de\"}]}<\/script>\n<!-- \/ Yoast SEO plugin. -->","yoast_head_json":{"title":"Opry - Taschengriffe &#171; Swiss Crochet","description":"Entdecke Opry Taschengriffe aus Holz, Bambus und Kunststoff \u2013 ideal f\u00fcr H\u00e4kel-Taschen und -K\u00f6rbe. Erh\u00e4ltlich in verschiedenen Formen und Ausf\u00fchrungen. Verkauft im Paar.","robots":{"index":"index","follow":"follow","max-snippet":"max-snippet:-1","max-image-preview":"max-image-preview:large","max-video-preview":"max-video-preview:-1"},"canonical":"https:\/\/www.swisscrochet.ch\/produkt\/opry-bag-handles\/","og_locale":"de_DE","og_type":"article","og_title":"Opry - Taschengriffe &#171; Swiss Crochet","og_description":"Entdecke Opry Taschengriffe aus Holz, Bambus und Kunststoff \u2013 ideal f\u00fcr H\u00e4kel-Taschen und -K\u00f6rbe. Erh\u00e4ltlich in verschiedenen Formen und Ausf\u00fchrungen. Verkauft im Paar.","og_url":"https:\/\/www.swisscrochet.ch\/produkt\/opry-bag-handles\/","og_site_name":"Swiss Crochet","article_modified_time":"2025-09-18T13:56:20+00:00","og_image":[{"width":1000,"height":1000,"url":"https:\/\/www.swisscrochet.ch\/wp-content\/uploads\/2025\/08\/Opry-Bag-Handles-Overview.jpg","type":"image\/jpeg"}],"twitter_card":"summary_large_image","twitter_misc":{"Gesch\u00e4tzte Lesezeit":"1\u00a0Minute"},"schema":{"@context":"https:\/\/schema.org","@graph":[{"@type":["WebPage","ItemPage"],"@id":"https:\/\/www.swisscrochet.ch\/produkt\/opry-bag-handles\/","url":"https:\/\/www.swisscrochet.ch\/produkt\/opry-bag-handles\/","name":"Opry - Taschengriffe &#171; Swiss Crochet","isPartOf":{"@id":"https:\/\/www.swisscrochet.ch\/#website"},"primaryImageOfPage":{"@id":"https:\/\/www.swisscrochet.ch\/produkt\/opry-bag-handles\/#primaryimage"},"image":{"@id":"https:\/\/www.swisscrochet.ch\/produkt\/opry-bag-handles\/#primaryimage"},"thumbnailUrl":"https:\/\/www.swisscrochet.ch\/wp-content\/uploads\/2025\/08\/Opry-Bag-Handles-Overview.jpg","datePublished":"2025-08-07T13:56:07+00:00","dateModified":"2025-09-18T13:56:20+00:00","description":"Entdecke Opry Taschengriffe aus Holz, Bambus und Kunststoff \u2013 ideal f\u00fcr H\u00e4kel-Taschen und -K\u00f6rbe. Erh\u00e4ltlich in verschiedenen Formen und Ausf\u00fchrungen. Verkauft im Paar.","breadcrumb":{"@id":"https:\/\/www.swisscrochet.ch\/produkt\/opry-bag-handles\/#breadcrumb"},"inLanguage":"de","potentialAction":[{"@type":"ReadAction","target":["https:\/\/www.swisscrochet.ch\/produkt\/opry-bag-handles\/"]}]},{"@type":"ImageObject","inLanguage":"de","@id":"https:\/\/www.swisscrochet.ch\/produkt\/opry-bag-handles\/#primaryimage","url":"https:\/\/www.swisscrochet.ch\/wp-content\/uploads\/2025\/08\/Opry-Bag-Handles-Overview.jpg","contentUrl":"https:\/\/www.swisscrochet.ch\/wp-content\/uploads\/2025\/08\/Opry-Bag-Handles-Overview.jpg","width":1000,"height":1000},{"@type":"BreadcrumbList","@id":"https:\/\/www.swisscrochet.ch\/produkt\/opry-bag-handles\/#breadcrumb","itemListElement":[{"@type":"ListItem","position":1,"name":"Home","item":"https:\/\/www.swisscrochet.ch\/de\/"},{"@type":"ListItem","position":2,"name":"Shop","item":"https:\/\/www.swisscrochet.ch\/de\/shop\/"},{"@type":"ListItem","position":3,"name":"Opry &#8211; Taschengriffe"}]},{"@type":"WebSite","@id":"https:\/\/www.swisscrochet.ch\/#website","url":"https:\/\/www.swisscrochet.ch\/","name":"Swiss Crochet","description":"Entfalte dein kreatives Potenzial","potentialAction":[{"@type":"SearchAction","target":{"@type":"EntryPoint","urlTemplate":"https:\/\/www.swisscrochet.ch\/?s={search_term_string}"},"query-input":{"@type":"PropertyValueSpecification","valueRequired":true,"valueName":"search_term_string"}}],"inLanguage":"de"}]}},"_links":{"self":[{"href":"https:\/\/www.swisscrochet.ch\/de\/wp-json\/wp\/v2\/product\/10042","targetHints":{"allow":["GET"]}}],"collection":[{"href":"https:\/\/www.swisscrochet.ch\/de\/wp-json\/wp\/v2\/product"}],"about":[{"href":"https:\/\/www.swisscrochet.ch\/de\/wp-json\/wp\/v2\/types\/product"}],"wp:featuredmedia":[{"embeddable":true,"href":"https:\/\/www.swisscrochet.ch\/de\/wp-json\/wp\/v2\/media\/9763"}],"wp:attachment":[{"href":"https:\/\/www.swisscrochet.ch\/de\/wp-json\/wp\/v2\/media?parent=10042"}],"wp:term":[{"taxonomy":"product_brand","embeddable":true,"href":"https:\/\/www.swisscrochet.ch\/de\/wp-json\/wp\/v2\/product_brand?post=10042"},{"taxonomy":"product_cat","embeddable":true,"href":"https:\/\/www.swisscrochet.ch\/de\/wp-json\/wp\/v2\/product_cat?post=10042"},{"taxonomy":"product_tag","embeddable":true,"href":"https:\/\/www.swisscrochet.ch\/de\/wp-json\/wp\/v2\/product_tag?post=10042"}],"curies":[{"name":"wp","href":"https:\/\/api.w.org\/{rel}","templated":true}]}}