{"id":10131,"date":"2025-08-14T15:50:58","date_gmt":"2025-08-14T13:50:58","guid":{"rendered":"https:\/\/www.swisscrochet.ch\/?post_type=product&#038;p=10131"},"modified":"2025-08-16T20:53:43","modified_gmt":"2025-08-16T18:53:43","slug":"hoooked-taschenboeden-aus-holz","status":"publish","type":"product","link":"https:\/\/www.swisscrochet.ch\/de\/produkt\/hoooked-taschenboeden-aus-holz\/","title":{"rendered":"Hoooked &#8211; Taschenb\u00f6den aus Holz"},"content":{"rendered":"","protected":false},"excerpt":{"rendered":"<p>Verleihe deinen handgemachten H\u00e4kel- oder Makramee-Taschen und -K\u00f6rben mit diesen praktischen Taschenb\u00f6den aus Holz von Hoooked einen stabilen und professionellen Abschluss. Dank der 9\u202fmm grossen L\u00f6cher entlang der Kanten lassen sich deine Projekte ganz einfach und sicher befestigen \u2013 f\u00fcr mehr Stabilit\u00e4t und Langlebigkeit.<\/p>\n<p>Erh\u00e4ltlich in verschiedenen Formen \u2013 rund, oval, quadratisch und rechteckig \u2013 ist jede Bodenplatte pr\u00e4zise lasergeschnitten und beidseitig glatt geschliffen, ganz ohne den Einsatz von Chemikalien. Gefertigt aus FSC-zertifiziertem Holz in Litauen \u2013 eine umweltbewusste Wahl f\u00fcr deine handgemachten Werke.<\/p>\n<p>Ideal f\u00fcr alle, die Wert auf Funktion und Nachhaltigkeit legen.<br \/>\nWird einzeln verkauft (1 St\u00fcck).<\/p>\n","protected":false},"featured_media":10229,"template":"","meta":[],"product_brand":[],"product_cat":[220,1557],"product_tag":[],"class_list":{"0":"post-10131","1":"product","2":"type-product","3":"status-publish","4":"has-post-thumbnail","6":"product_cat-hakelnadeln-und-zubehor","7":"product_cat-zubehoer-fuer-taschen","8":"pa_t1-manufacturer-hoooked-de","9":"description-off","11":"first","12":"instock","13":"taxable","14":"shipping-taxable","15":"purchasable","16":"product-type-variable","17":"wvs-archive-product-wrapper"},"bundled_by":[],"bundle_stock_status":"instock","bundle_stock_quantity":null,"bundle_virtual":false,"bundle_layout":"","bundle_add_to_cart_form_location":"","bundle_editable_in_cart":false,"bundle_sold_individually_context":"","bundle_item_grouping":"","bundle_min_size":"","bundle_max_size":"","bundle_price":[],"bundled_items":[],"bundle_sell_ids":[],"yoast_head":"<!-- This site is optimized with the Yoast SEO plugin v27.5 - https:\/\/yoast.com\/product\/yoast-seo-wordpress\/ -->\n<title>Hoooked - Taschenb\u00f6den aus Holz &#171; Swiss Crochet<\/title>\n<meta name=\"description\" content=\"Verleihe deinen H\u00e4kel- und Makramee-Taschen mit den Hoooked Taschenb\u00f6den aus Holz einen stabilen Abschluss. Erh\u00e4ltlich in verschiedenen Formen, FSC-zertifiziert und einfach zu befestigen.\" \/>\n<meta name=\"robots\" content=\"index, follow, max-snippet:-1, max-image-preview:large, max-video-preview:-1\" \/>\n<link rel=\"canonical\" href=\"https:\/\/www.swisscrochet.ch\/produkt\/hoooked-wooden-bag-bases\/\" \/>\n<meta property=\"og:locale\" content=\"de_DE\" \/>\n<meta property=\"og:type\" content=\"article\" \/>\n<meta property=\"og:title\" content=\"Hoooked - Taschenb\u00f6den aus Holz &#171; Swiss Crochet\" \/>\n<meta property=\"og:description\" content=\"Verleihe deinen H\u00e4kel- und Makramee-Taschen mit den Hoooked Taschenb\u00f6den aus Holz einen stabilen Abschluss. Erh\u00e4ltlich in verschiedenen Formen, FSC-zertifiziert und einfach zu befestigen.\" \/>\n<meta property=\"og:url\" content=\"https:\/\/www.swisscrochet.ch\/produkt\/hoooked-wooden-bag-bases\/\" \/>\n<meta property=\"og:site_name\" content=\"Swiss Crochet\" \/>\n<meta property=\"article:modified_time\" content=\"2025-08-16T18:53:43+00:00\" \/>\n<meta property=\"og:image\" content=\"https:\/\/www.swisscrochet.ch\/wp-content\/uploads\/2025\/08\/Hoooked-Wooden-Bag-Bases-Overview.jpg\" \/>\n\t<meta property=\"og:image:width\" content=\"1000\" \/>\n\t<meta property=\"og:image:height\" content=\"1000\" \/>\n\t<meta property=\"og:image:type\" content=\"image\/jpeg\" \/>\n<meta name=\"twitter:card\" content=\"summary_large_image\" \/>\n<meta name=\"twitter:label1\" content=\"Gesch\u00e4tzte Lesezeit\" \/>\n\t<meta name=\"twitter:data1\" content=\"1\u00a0Minute\" \/>\n<script type=\"application\/ld+json\" class=\"yoast-schema-graph\">{\"@context\":\"https:\\\/\\\/schema.org\",\"@graph\":[{\"@type\":[\"WebPage\",\"ItemPage\"],\"@id\":\"https:\\\/\\\/www.swisscrochet.ch\\\/produkt\\\/hoooked-wooden-bag-bases\\\/\",\"url\":\"https:\\\/\\\/www.swisscrochet.ch\\\/produkt\\\/hoooked-wooden-bag-bases\\\/\",\"name\":\"Hoooked - Taschenb\u00f6den aus Holz &#171; Swiss Crochet\",\"isPartOf\":{\"@id\":\"https:\\\/\\\/www.swisscrochet.ch\\\/#website\"},\"primaryImageOfPage\":{\"@id\":\"https:\\\/\\\/www.swisscrochet.ch\\\/produkt\\\/hoooked-wooden-bag-bases\\\/#primaryimage\"},\"image\":{\"@id\":\"https:\\\/\\\/www.swisscrochet.ch\\\/produkt\\\/hoooked-wooden-bag-bases\\\/#primaryimage\"},\"thumbnailUrl\":\"https:\\\/\\\/www.swisscrochet.ch\\\/wp-content\\\/uploads\\\/2025\\\/08\\\/Hoooked-Wooden-Bag-Bases-Overview.jpg\",\"datePublished\":\"2025-08-14T13:50:58+00:00\",\"dateModified\":\"2025-08-16T18:53:43+00:00\",\"description\":\"Verleihe deinen H\u00e4kel- und Makramee-Taschen mit den Hoooked Taschenb\u00f6den aus Holz einen stabilen Abschluss. Erh\u00e4ltlich in verschiedenen Formen, FSC-zertifiziert und einfach zu befestigen.\",\"breadcrumb\":{\"@id\":\"https:\\\/\\\/www.swisscrochet.ch\\\/produkt\\\/hoooked-wooden-bag-bases\\\/#breadcrumb\"},\"inLanguage\":\"de\",\"potentialAction\":[{\"@type\":\"ReadAction\",\"target\":[\"https:\\\/\\\/www.swisscrochet.ch\\\/produkt\\\/hoooked-wooden-bag-bases\\\/\"]}]},{\"@type\":\"ImageObject\",\"inLanguage\":\"de\",\"@id\":\"https:\\\/\\\/www.swisscrochet.ch\\\/produkt\\\/hoooked-wooden-bag-bases\\\/#primaryimage\",\"url\":\"https:\\\/\\\/www.swisscrochet.ch\\\/wp-content\\\/uploads\\\/2025\\\/08\\\/Hoooked-Wooden-Bag-Bases-Overview.jpg\",\"contentUrl\":\"https:\\\/\\\/www.swisscrochet.ch\\\/wp-content\\\/uploads\\\/2025\\\/08\\\/Hoooked-Wooden-Bag-Bases-Overview.jpg\",\"width\":1000,\"height\":1000},{\"@type\":\"BreadcrumbList\",\"@id\":\"https:\\\/\\\/www.swisscrochet.ch\\\/produkt\\\/hoooked-wooden-bag-bases\\\/#breadcrumb\",\"itemListElement\":[{\"@type\":\"ListItem\",\"position\":1,\"name\":\"Home\",\"item\":\"https:\\\/\\\/www.swisscrochet.ch\\\/de\\\/\"},{\"@type\":\"ListItem\",\"position\":2,\"name\":\"Shop\",\"item\":\"https:\\\/\\\/www.swisscrochet.ch\\\/de\\\/shop\\\/\"},{\"@type\":\"ListItem\",\"position\":3,\"name\":\"Hoooked &#8211; Taschenb\u00f6den aus Holz\"}]},{\"@type\":\"WebSite\",\"@id\":\"https:\\\/\\\/www.swisscrochet.ch\\\/#website\",\"url\":\"https:\\\/\\\/www.swisscrochet.ch\\\/\",\"name\":\"Swiss Crochet\",\"description\":\"Entfalte dein kreatives Potenzial\",\"potentialAction\":[{\"@type\":\"SearchAction\",\"target\":{\"@type\":\"EntryPoint\",\"urlTemplate\":\"https:\\\/\\\/www.swisscrochet.ch\\\/?s={search_term_string}\"},\"query-input\":{\"@type\":\"PropertyValueSpecification\",\"valueRequired\":true,\"valueName\":\"search_term_string\"}}],\"inLanguage\":\"de\"}]}<\/script>\n<!-- \/ Yoast SEO plugin. -->","yoast_head_json":{"title":"Hoooked - Taschenb\u00f6den aus Holz &#171; Swiss Crochet","description":"Verleihe deinen H\u00e4kel- und Makramee-Taschen mit den Hoooked Taschenb\u00f6den aus Holz einen stabilen Abschluss. Erh\u00e4ltlich in verschiedenen Formen, FSC-zertifiziert und einfach zu befestigen.","robots":{"index":"index","follow":"follow","max-snippet":"max-snippet:-1","max-image-preview":"max-image-preview:large","max-video-preview":"max-video-preview:-1"},"canonical":"https:\/\/www.swisscrochet.ch\/produkt\/hoooked-wooden-bag-bases\/","og_locale":"de_DE","og_type":"article","og_title":"Hoooked - Taschenb\u00f6den aus Holz &#171; Swiss Crochet","og_description":"Verleihe deinen H\u00e4kel- und Makramee-Taschen mit den Hoooked Taschenb\u00f6den aus Holz einen stabilen Abschluss. Erh\u00e4ltlich in verschiedenen Formen, FSC-zertifiziert und einfach zu befestigen.","og_url":"https:\/\/www.swisscrochet.ch\/produkt\/hoooked-wooden-bag-bases\/","og_site_name":"Swiss Crochet","article_modified_time":"2025-08-16T18:53:43+00:00","og_image":[{"width":1000,"height":1000,"url":"https:\/\/www.swisscrochet.ch\/wp-content\/uploads\/2025\/08\/Hoooked-Wooden-Bag-Bases-Overview.jpg","type":"image\/jpeg"}],"twitter_card":"summary_large_image","twitter_misc":{"Gesch\u00e4tzte Lesezeit":"1\u00a0Minute"},"schema":{"@context":"https:\/\/schema.org","@graph":[{"@type":["WebPage","ItemPage"],"@id":"https:\/\/www.swisscrochet.ch\/produkt\/hoooked-wooden-bag-bases\/","url":"https:\/\/www.swisscrochet.ch\/produkt\/hoooked-wooden-bag-bases\/","name":"Hoooked - Taschenb\u00f6den aus Holz &#171; Swiss Crochet","isPartOf":{"@id":"https:\/\/www.swisscrochet.ch\/#website"},"primaryImageOfPage":{"@id":"https:\/\/www.swisscrochet.ch\/produkt\/hoooked-wooden-bag-bases\/#primaryimage"},"image":{"@id":"https:\/\/www.swisscrochet.ch\/produkt\/hoooked-wooden-bag-bases\/#primaryimage"},"thumbnailUrl":"https:\/\/www.swisscrochet.ch\/wp-content\/uploads\/2025\/08\/Hoooked-Wooden-Bag-Bases-Overview.jpg","datePublished":"2025-08-14T13:50:58+00:00","dateModified":"2025-08-16T18:53:43+00:00","description":"Verleihe deinen H\u00e4kel- und Makramee-Taschen mit den Hoooked Taschenb\u00f6den aus Holz einen stabilen Abschluss. Erh\u00e4ltlich in verschiedenen Formen, FSC-zertifiziert und einfach zu befestigen.","breadcrumb":{"@id":"https:\/\/www.swisscrochet.ch\/produkt\/hoooked-wooden-bag-bases\/#breadcrumb"},"inLanguage":"de","potentialAction":[{"@type":"ReadAction","target":["https:\/\/www.swisscrochet.ch\/produkt\/hoooked-wooden-bag-bases\/"]}]},{"@type":"ImageObject","inLanguage":"de","@id":"https:\/\/www.swisscrochet.ch\/produkt\/hoooked-wooden-bag-bases\/#primaryimage","url":"https:\/\/www.swisscrochet.ch\/wp-content\/uploads\/2025\/08\/Hoooked-Wooden-Bag-Bases-Overview.jpg","contentUrl":"https:\/\/www.swisscrochet.ch\/wp-content\/uploads\/2025\/08\/Hoooked-Wooden-Bag-Bases-Overview.jpg","width":1000,"height":1000},{"@type":"BreadcrumbList","@id":"https:\/\/www.swisscrochet.ch\/produkt\/hoooked-wooden-bag-bases\/#breadcrumb","itemListElement":[{"@type":"ListItem","position":1,"name":"Home","item":"https:\/\/www.swisscrochet.ch\/de\/"},{"@type":"ListItem","position":2,"name":"Shop","item":"https:\/\/www.swisscrochet.ch\/de\/shop\/"},{"@type":"ListItem","position":3,"name":"Hoooked &#8211; Taschenb\u00f6den aus Holz"}]},{"@type":"WebSite","@id":"https:\/\/www.swisscrochet.ch\/#website","url":"https:\/\/www.swisscrochet.ch\/","name":"Swiss Crochet","description":"Entfalte dein kreatives Potenzial","potentialAction":[{"@type":"SearchAction","target":{"@type":"EntryPoint","urlTemplate":"https:\/\/www.swisscrochet.ch\/?s={search_term_string}"},"query-input":{"@type":"PropertyValueSpecification","valueRequired":true,"valueName":"search_term_string"}}],"inLanguage":"de"}]}},"_links":{"self":[{"href":"https:\/\/www.swisscrochet.ch\/de\/wp-json\/wp\/v2\/product\/10131","targetHints":{"allow":["GET"]}}],"collection":[{"href":"https:\/\/www.swisscrochet.ch\/de\/wp-json\/wp\/v2\/product"}],"about":[{"href":"https:\/\/www.swisscrochet.ch\/de\/wp-json\/wp\/v2\/types\/product"}],"wp:featuredmedia":[{"embeddable":true,"href":"https:\/\/www.swisscrochet.ch\/de\/wp-json\/wp\/v2\/media\/10229"}],"wp:attachment":[{"href":"https:\/\/www.swisscrochet.ch\/de\/wp-json\/wp\/v2\/media?parent=10131"}],"wp:term":[{"taxonomy":"product_brand","embeddable":true,"href":"https:\/\/www.swisscrochet.ch\/de\/wp-json\/wp\/v2\/product_brand?post=10131"},{"taxonomy":"product_cat","embeddable":true,"href":"https:\/\/www.swisscrochet.ch\/de\/wp-json\/wp\/v2\/product_cat?post=10131"},{"taxonomy":"product_tag","embeddable":true,"href":"https:\/\/www.swisscrochet.ch\/de\/wp-json\/wp\/v2\/product_tag?post=10131"}],"curies":[{"name":"wp","href":"https:\/\/api.w.org\/{rel}","templated":true}]}}