{"id":10188,"date":"2025-08-14T15:06:43","date_gmt":"2025-08-14T13:06:43","guid":{"rendered":"https:\/\/www.swisscrochet.ch\/?post_type=product&#038;p=10188"},"modified":"2025-08-14T15:08:48","modified_gmt":"2025-08-14T13:08:48","slug":"hoooked-natural-jute","status":"publish","type":"product","link":"https:\/\/www.swisscrochet.ch\/de\/produkt\/hoooked-natural-jute\/","title":{"rendered":"Hoooked &#8211; Natural Jute"},"content":{"rendered":"","protected":false},"excerpt":{"rendered":"<p>Natural Jute ist ein dickes, robustes Garn aus 100 % Jute, die in Brasilien von einem BCS-zertifizierten, nachhaltigen Familienunternehmen ohne D\u00fcnger oder Pestizide angebaut wird.<\/p>\n<p>Die mehrf\u00e4dige Struktur sorgt f\u00fcr eine hervorragende Maschendefinition, w\u00e4hrend die fehlende Dehnung das Garn besonders f\u00fcr Makramee-Projekte geeignet macht.<\/p>\n<p>Perfekt zum H\u00e4keln von K\u00f6rben, Taschen, Teppichen und Wohnaccessoires \u2013 dank der superdicken Garnst\u00e4rke erzielst du schnelle und zufriedenstellende Ergebnisse.<\/p>\n<p>Die abgebildete Maschenprobe wurde im normalen Waschgang bei 40 \u00b0C maschinell gewaschen und anschliessend mit Dampf geb\u00fcgelt.<\/p>\n<p><strong>Bitte beachte:<\/strong> Natural Jute kann zwischen den Farbpartien Farbabweichungen aufweisen. Diese Unterschiede sind in erster Linie auf nat\u00fcrliche Faktoren zur\u00fcckzuf\u00fchren \u2013 Klimaschwankungen k\u00f6nnen die Ernte beeinflussen und bestimmen, wie die Fasern die Naturfarben aufnehmen. Die Farbe ist nicht lichtecht und kann bei l\u00e4ngerer direkter Sonneneinstrahlung ausbleichen.<\/p>\n<p>W\u00e4hle Hoooked Natural Jute f\u00fcr schnelle, umweltfreundliche H\u00e4kelprojekte mit kr\u00e4ftiger, rustikaler Struktur!<\/p>\n","protected":false},"featured_media":9727,"template":"","meta":[],"product_brand":[],"product_cat":[226,1881],"product_tag":[],"class_list":{"0":"post-10188","1":"product","2":"type-product","3":"status-publish","4":"has-post-thumbnail","6":"product_cat-garne","7":"product_cat-garn-taschen-und-home-decor","8":"pa_y1-brand-hoooked-de","9":"pa_y17-yarn-weight-super-bulky-de","10":"description-off","12":"first","13":"instock","14":"taxable","15":"shipping-taxable","16":"purchasable","17":"product-type-variable","18":"wvs-archive-product-wrapper"},"bundled_by":[],"bundle_stock_status":"instock","bundle_stock_quantity":null,"bundle_virtual":false,"bundle_layout":"","bundle_add_to_cart_form_location":"","bundle_editable_in_cart":false,"bundle_sold_individually_context":"","bundle_item_grouping":"","bundle_min_size":"","bundle_max_size":"","bundle_price":[],"bundled_items":[],"bundle_sell_ids":[],"yoast_head":"<!-- This site is optimized with the Yoast SEO plugin v27.4 - https:\/\/yoast.com\/product\/yoast-seo-wordpress\/ -->\n<title>Hoooked - Natural Jute &#171; Swiss Crochet<\/title>\n<meta name=\"description\" content=\"Hoooked Natural Jute \u2013 100 % nachhaltiges Jutegarn, perfekt f\u00fcr umweltfreundliches H\u00e4keln und Makramee. Superdick, rustikale Struktur f\u00fcr K\u00f6rbe, Taschen, Teppiche und Wohnaccessoires.\" \/>\n<meta name=\"robots\" content=\"index, follow, max-snippet:-1, max-image-preview:large, max-video-preview:-1\" \/>\n<link rel=\"canonical\" href=\"https:\/\/www.swisscrochet.ch\/produkt\/hoooked-natural-jute\/\" \/>\n<meta property=\"og:locale\" content=\"de_DE\" \/>\n<meta property=\"og:type\" content=\"article\" \/>\n<meta property=\"og:title\" content=\"Hoooked - Natural Jute &#171; Swiss Crochet\" \/>\n<meta property=\"og:description\" content=\"Hoooked Natural Jute \u2013 100 % nachhaltiges Jutegarn, perfekt f\u00fcr umweltfreundliches H\u00e4keln und Makramee. Superdick, rustikale Struktur f\u00fcr K\u00f6rbe, Taschen, Teppiche und Wohnaccessoires.\" \/>\n<meta property=\"og:url\" content=\"https:\/\/www.swisscrochet.ch\/produkt\/hoooked-natural-jute\/\" \/>\n<meta property=\"og:site_name\" content=\"Swiss Crochet\" \/>\n<meta property=\"article:modified_time\" content=\"2025-08-14T13:08:48+00:00\" \/>\n<meta property=\"og:image\" content=\"https:\/\/www.swisscrochet.ch\/wp-content\/uploads\/2025\/08\/Hoooked-Natural-Jute-Overview.jpg\" \/>\n\t<meta property=\"og:image:width\" content=\"1000\" \/>\n\t<meta property=\"og:image:height\" content=\"1000\" \/>\n\t<meta property=\"og:image:type\" content=\"image\/jpeg\" \/>\n<meta name=\"twitter:card\" content=\"summary_large_image\" \/>\n<meta name=\"twitter:label1\" content=\"Gesch\u00e4tzte Lesezeit\" \/>\n\t<meta name=\"twitter:data1\" content=\"1\u00a0Minute\" \/>\n<script type=\"application\/ld+json\" class=\"yoast-schema-graph\">{\"@context\":\"https:\\\/\\\/schema.org\",\"@graph\":[{\"@type\":[\"WebPage\",\"ItemPage\"],\"@id\":\"https:\\\/\\\/www.swisscrochet.ch\\\/produkt\\\/hoooked-natural-jute\\\/\",\"url\":\"https:\\\/\\\/www.swisscrochet.ch\\\/produkt\\\/hoooked-natural-jute\\\/\",\"name\":\"Hoooked - Natural Jute &#171; Swiss Crochet\",\"isPartOf\":{\"@id\":\"https:\\\/\\\/www.swisscrochet.ch\\\/#website\"},\"primaryImageOfPage\":{\"@id\":\"https:\\\/\\\/www.swisscrochet.ch\\\/produkt\\\/hoooked-natural-jute\\\/#primaryimage\"},\"image\":{\"@id\":\"https:\\\/\\\/www.swisscrochet.ch\\\/produkt\\\/hoooked-natural-jute\\\/#primaryimage\"},\"thumbnailUrl\":\"https:\\\/\\\/www.swisscrochet.ch\\\/wp-content\\\/uploads\\\/2025\\\/08\\\/Hoooked-Natural-Jute-Overview.jpg\",\"datePublished\":\"2025-08-14T13:06:43+00:00\",\"dateModified\":\"2025-08-14T13:08:48+00:00\",\"description\":\"Hoooked Natural Jute \u2013 100 % nachhaltiges Jutegarn, perfekt f\u00fcr umweltfreundliches H\u00e4keln und Makramee. Superdick, rustikale Struktur f\u00fcr K\u00f6rbe, Taschen, Teppiche und Wohnaccessoires.\",\"breadcrumb\":{\"@id\":\"https:\\\/\\\/www.swisscrochet.ch\\\/produkt\\\/hoooked-natural-jute\\\/#breadcrumb\"},\"inLanguage\":\"de\",\"potentialAction\":[{\"@type\":\"ReadAction\",\"target\":[\"https:\\\/\\\/www.swisscrochet.ch\\\/produkt\\\/hoooked-natural-jute\\\/\"]}]},{\"@type\":\"ImageObject\",\"inLanguage\":\"de\",\"@id\":\"https:\\\/\\\/www.swisscrochet.ch\\\/produkt\\\/hoooked-natural-jute\\\/#primaryimage\",\"url\":\"https:\\\/\\\/www.swisscrochet.ch\\\/wp-content\\\/uploads\\\/2025\\\/08\\\/Hoooked-Natural-Jute-Overview.jpg\",\"contentUrl\":\"https:\\\/\\\/www.swisscrochet.ch\\\/wp-content\\\/uploads\\\/2025\\\/08\\\/Hoooked-Natural-Jute-Overview.jpg\",\"width\":1000,\"height\":1000},{\"@type\":\"BreadcrumbList\",\"@id\":\"https:\\\/\\\/www.swisscrochet.ch\\\/produkt\\\/hoooked-natural-jute\\\/#breadcrumb\",\"itemListElement\":[{\"@type\":\"ListItem\",\"position\":1,\"name\":\"Home\",\"item\":\"https:\\\/\\\/www.swisscrochet.ch\\\/de\\\/\"},{\"@type\":\"ListItem\",\"position\":2,\"name\":\"Shop\",\"item\":\"https:\\\/\\\/www.swisscrochet.ch\\\/de\\\/shop\\\/\"},{\"@type\":\"ListItem\",\"position\":3,\"name\":\"Hoooked &#8211; Natural Jute\"}]},{\"@type\":\"WebSite\",\"@id\":\"https:\\\/\\\/www.swisscrochet.ch\\\/#website\",\"url\":\"https:\\\/\\\/www.swisscrochet.ch\\\/\",\"name\":\"Swiss Crochet\",\"description\":\"Entfalte dein kreatives Potenzial\",\"potentialAction\":[{\"@type\":\"SearchAction\",\"target\":{\"@type\":\"EntryPoint\",\"urlTemplate\":\"https:\\\/\\\/www.swisscrochet.ch\\\/?s={search_term_string}\"},\"query-input\":{\"@type\":\"PropertyValueSpecification\",\"valueRequired\":true,\"valueName\":\"search_term_string\"}}],\"inLanguage\":\"de\"}]}<\/script>\n<!-- \/ Yoast SEO plugin. -->","yoast_head_json":{"title":"Hoooked - Natural Jute &#171; Swiss Crochet","description":"Hoooked Natural Jute \u2013 100 % nachhaltiges Jutegarn, perfekt f\u00fcr umweltfreundliches H\u00e4keln und Makramee. Superdick, rustikale Struktur f\u00fcr K\u00f6rbe, Taschen, Teppiche und Wohnaccessoires.","robots":{"index":"index","follow":"follow","max-snippet":"max-snippet:-1","max-image-preview":"max-image-preview:large","max-video-preview":"max-video-preview:-1"},"canonical":"https:\/\/www.swisscrochet.ch\/produkt\/hoooked-natural-jute\/","og_locale":"de_DE","og_type":"article","og_title":"Hoooked - Natural Jute &#171; Swiss Crochet","og_description":"Hoooked Natural Jute \u2013 100 % nachhaltiges Jutegarn, perfekt f\u00fcr umweltfreundliches H\u00e4keln und Makramee. Superdick, rustikale Struktur f\u00fcr K\u00f6rbe, Taschen, Teppiche und Wohnaccessoires.","og_url":"https:\/\/www.swisscrochet.ch\/produkt\/hoooked-natural-jute\/","og_site_name":"Swiss Crochet","article_modified_time":"2025-08-14T13:08:48+00:00","og_image":[{"width":1000,"height":1000,"url":"https:\/\/www.swisscrochet.ch\/wp-content\/uploads\/2025\/08\/Hoooked-Natural-Jute-Overview.jpg","type":"image\/jpeg"}],"twitter_card":"summary_large_image","twitter_misc":{"Gesch\u00e4tzte Lesezeit":"1\u00a0Minute"},"schema":{"@context":"https:\/\/schema.org","@graph":[{"@type":["WebPage","ItemPage"],"@id":"https:\/\/www.swisscrochet.ch\/produkt\/hoooked-natural-jute\/","url":"https:\/\/www.swisscrochet.ch\/produkt\/hoooked-natural-jute\/","name":"Hoooked - Natural Jute &#171; Swiss Crochet","isPartOf":{"@id":"https:\/\/www.swisscrochet.ch\/#website"},"primaryImageOfPage":{"@id":"https:\/\/www.swisscrochet.ch\/produkt\/hoooked-natural-jute\/#primaryimage"},"image":{"@id":"https:\/\/www.swisscrochet.ch\/produkt\/hoooked-natural-jute\/#primaryimage"},"thumbnailUrl":"https:\/\/www.swisscrochet.ch\/wp-content\/uploads\/2025\/08\/Hoooked-Natural-Jute-Overview.jpg","datePublished":"2025-08-14T13:06:43+00:00","dateModified":"2025-08-14T13:08:48+00:00","description":"Hoooked Natural Jute \u2013 100 % nachhaltiges Jutegarn, perfekt f\u00fcr umweltfreundliches H\u00e4keln und Makramee. Superdick, rustikale Struktur f\u00fcr K\u00f6rbe, Taschen, Teppiche und Wohnaccessoires.","breadcrumb":{"@id":"https:\/\/www.swisscrochet.ch\/produkt\/hoooked-natural-jute\/#breadcrumb"},"inLanguage":"de","potentialAction":[{"@type":"ReadAction","target":["https:\/\/www.swisscrochet.ch\/produkt\/hoooked-natural-jute\/"]}]},{"@type":"ImageObject","inLanguage":"de","@id":"https:\/\/www.swisscrochet.ch\/produkt\/hoooked-natural-jute\/#primaryimage","url":"https:\/\/www.swisscrochet.ch\/wp-content\/uploads\/2025\/08\/Hoooked-Natural-Jute-Overview.jpg","contentUrl":"https:\/\/www.swisscrochet.ch\/wp-content\/uploads\/2025\/08\/Hoooked-Natural-Jute-Overview.jpg","width":1000,"height":1000},{"@type":"BreadcrumbList","@id":"https:\/\/www.swisscrochet.ch\/produkt\/hoooked-natural-jute\/#breadcrumb","itemListElement":[{"@type":"ListItem","position":1,"name":"Home","item":"https:\/\/www.swisscrochet.ch\/de\/"},{"@type":"ListItem","position":2,"name":"Shop","item":"https:\/\/www.swisscrochet.ch\/de\/shop\/"},{"@type":"ListItem","position":3,"name":"Hoooked &#8211; Natural Jute"}]},{"@type":"WebSite","@id":"https:\/\/www.swisscrochet.ch\/#website","url":"https:\/\/www.swisscrochet.ch\/","name":"Swiss Crochet","description":"Entfalte dein kreatives Potenzial","potentialAction":[{"@type":"SearchAction","target":{"@type":"EntryPoint","urlTemplate":"https:\/\/www.swisscrochet.ch\/?s={search_term_string}"},"query-input":{"@type":"PropertyValueSpecification","valueRequired":true,"valueName":"search_term_string"}}],"inLanguage":"de"}]}},"_links":{"self":[{"href":"https:\/\/www.swisscrochet.ch\/de\/wp-json\/wp\/v2\/product\/10188","targetHints":{"allow":["GET"]}}],"collection":[{"href":"https:\/\/www.swisscrochet.ch\/de\/wp-json\/wp\/v2\/product"}],"about":[{"href":"https:\/\/www.swisscrochet.ch\/de\/wp-json\/wp\/v2\/types\/product"}],"wp:featuredmedia":[{"embeddable":true,"href":"https:\/\/www.swisscrochet.ch\/de\/wp-json\/wp\/v2\/media\/9727"}],"wp:attachment":[{"href":"https:\/\/www.swisscrochet.ch\/de\/wp-json\/wp\/v2\/media?parent=10188"}],"wp:term":[{"taxonomy":"product_brand","embeddable":true,"href":"https:\/\/www.swisscrochet.ch\/de\/wp-json\/wp\/v2\/product_brand?post=10188"},{"taxonomy":"product_cat","embeddable":true,"href":"https:\/\/www.swisscrochet.ch\/de\/wp-json\/wp\/v2\/product_cat?post=10188"},{"taxonomy":"product_tag","embeddable":true,"href":"https:\/\/www.swisscrochet.ch\/de\/wp-json\/wp\/v2\/product_tag?post=10188"}],"curies":[{"name":"wp","href":"https:\/\/api.w.org\/{rel}","templated":true}]}}