{"id":10334,"date":"2025-08-15T15:59:46","date_gmt":"2025-08-15T13:59:46","guid":{"rendered":"https:\/\/www.swisscrochet.ch\/product\/uber-den-traum-a-towel-for-curly-hair\/"},"modified":"2025-08-15T16:17:27","modified_gmt":"2025-08-15T14:17:27","slug":"uber-den-traum-a-towel-for-curly-hair","status":"publish","type":"product","link":"https:\/\/www.swisscrochet.ch\/de\/produkt\/uber-den-traum-a-towel-for-curly-hair\/","title":{"rendered":"\u00dcber den Traum &#8211; A Towel For Curly Hair"},"content":{"rendered":"<p><strong>Garn<\/strong><br \/>\nWooladdicts Joy<br \/>\nAran \/ 10 ply \/ 8 wpi \/ 50% Baumwolle, 50% Lyocell<br \/>\n70 Meter &#8211; 77 Yard \/ 50 Gramm<br \/>\nFarbe: 16 , 2 Kn\u00e4uel<br \/>\nFarbe: 14, 4 Kn\u00e4uel<\/p>\n<p><strong>&#8211;&gt; F\u00fcr dieses Projekt kannst du das Garn <a href=\"https:\/\/www.swisscrochet.ch\/de\/produkt\/hoooked-wavy-blends\/\">Hoooked Wavy Blends<\/a> verwenden.<\/strong><\/p>\n<p><strong>H\u00e4kelnadel<\/strong><br \/>\n5.0 mm \/ US H oder Gr\u00f6sse um die Maschenprobe zu erreichen<\/p>\n<p><strong>Mercerie<\/strong><\/p>\n<ul>\n<li>N\u00e4hnadel<\/li>\n<\/ul>\n<p><strong>Maschenprobe<\/strong><br \/>\n12 M \/ 10 Reihen = 10 cm (4 inches) Quadrat mit halbe St\u00e4bchen<\/p>\n<p><strong>Gr\u00f6sse<\/strong><br \/>\nEine Gr\u00f6sse<\/p>\n<p>Breite: 50 cm \/ 20 inches<br \/>\nL\u00e4nge: 80 cm \/ 32 inches<\/p>\n<p><strong>Voraussetzungen \/ Verwendete Techniken<\/strong><\/p>\n<ul>\n<li>Grundh\u00e4kelmaschen<\/li>\n<li>In Reihen und Runden arbeiten<\/li>\n<\/ul>\n<p>&nbsp;<\/p>\n<p>\u00a92024 \u00dcber den Traum &#8211; for personal use. No reprinting, redistributing or reselling of these instructions. Selling finished items is permitted, as long as the following statement is included: (in both print &amp; digital format) \u201c Design by Asimina Saranti of <a href=\"http:\/\/www.uberdentraum.com\">www.uberdentraum.com<\/a> \u201d. (live link please!)<\/p>\n","protected":false},"excerpt":{"rendered":"<p>Beende krauses Haar mit diesem geh\u00e4kelten Handtuch. Die glatte Oberfl\u00e4che der Baumwoll- und Lyocell-Mischung beseitigt Reibung, w\u00e4hrend die H\u00e4kelstiche einen entspannten Stoff bieten, der zwischen den Anwendungen schnell trocknet.<\/p>\n<p>Das Handtuch ist in der Gr\u00f6sse so gestaltet, dass es f\u00fcr alle Haarl\u00e4ngen, von kurz bis sehr lang, geeignet ist.<\/p>\n<p>Die Anleitung ist mit Abk\u00fcrzungen geschrieben.<\/p>\n<p>Weitere Informationen zur Anleitung findest du unten in der vollst\u00e4ndigen Beschreibung.<\/p>\n<p>&#8211;&gt; Durch den Kauf dieser Anleitung erh\u00e4lst du Zugriff auf den <strong>Download der Anleitung im digitalen PDF-Format<\/strong>, auf Englisch und Deutsch.<\/p>\n<p>Weitere Fotos und fertige Projekte findest du auf <a href=\"https:\/\/www.ravelry.com\/patterns\/library\/a-towel-for-curly-hair\">Ravelry<\/a>.<\/p>\n","protected":false},"featured_media":10285,"template":"","meta":[],"product_brand":[],"product_cat":[229],"product_tag":[],"class_list":{"0":"post-10334","1":"product","2":"type-product","3":"status-publish","4":"has-post-thumbnail","6":"product_cat-anleitungen","7":"pa_b1-language-deutsch","8":"pa_b1-language-englisch","9":"pa_b11-author-designer-asimina-saranti-de","10":"pa_b11-author-designer-uber-den-traum-de","11":"description-off","13":"first","14":"instock","15":"virtual","16":"taxable","17":"purchasable","18":"product-type-simple"},"bundled_by":["12825"],"bundle_stock_status":"instock","bundle_stock_quantity":null,"bundle_virtual":false,"bundle_layout":"","bundle_add_to_cart_form_location":"","bundle_editable_in_cart":false,"bundle_sold_individually_context":"","bundle_item_grouping":"","bundle_min_size":"","bundle_max_size":"","bundle_price":[],"bundled_items":[],"bundle_sell_ids":[],"yoast_head":"<!-- This site is optimized with the Yoast SEO plugin v27.4 - https:\/\/yoast.com\/product\/yoast-seo-wordpress\/ -->\n<title>\u00dcber den Traum - A Towel For Curly Hair &#171; Swiss Crochet<\/title>\n<meta name=\"robots\" content=\"index, follow, max-snippet:-1, max-image-preview:large, max-video-preview:-1\" \/>\n<link rel=\"canonical\" href=\"https:\/\/www.swisscrochet.ch\/produkt\/uber-den-traum-a-towel-for-curly-hair\/\" \/>\n<meta property=\"og:locale\" content=\"de_DE\" \/>\n<meta property=\"og:type\" content=\"article\" \/>\n<meta property=\"og:title\" content=\"\u00dcber den Traum - A Towel For Curly Hair &#171; Swiss Crochet\" \/>\n<meta property=\"og:description\" content=\"Beende krauses Haar mit diesem geh\u00e4kelten Handtuch. Die glatte Oberfl\u00e4che der Baumwoll- und Lyocell-Mischung beseitigt Reibung, w\u00e4hrend die H\u00e4kelstiche einen entspannten Stoff bieten, der zwischen den Anwendungen schnell trocknet.  Das Handtuch ist in der Gr\u00f6sse so gestaltet, dass es f\u00fcr alle Haarl\u00e4ngen, von kurz bis sehr lang, geeignet ist.  Die Anleitung ist mit Abk\u00fcrzungen geschrieben.  Weitere Informationen zur Anleitung findest du unten in der vollst\u00e4ndigen Beschreibung.  --&gt; Durch den Kauf dieser Anleitung erh\u00e4lst du Zugriff auf den Download der Anleitung im digitalen PDF-Format, auf Englisch und Deutsch.  Weitere Fotos und fertige Projekte findest du auf Ravelry.\" \/>\n<meta property=\"og:url\" content=\"https:\/\/www.swisscrochet.ch\/produkt\/uber-den-traum-a-towel-for-curly-hair\/\" \/>\n<meta property=\"og:site_name\" content=\"Swiss Crochet\" \/>\n<meta property=\"article:modified_time\" content=\"2025-08-15T14:17:27+00:00\" \/>\n<meta property=\"og:image\" content=\"https:\/\/www.swisscrochet.ch\/wp-content\/uploads\/2025\/08\/Uber-den-Traum-A-Towel-For-Curly-Hair-Overview.jpg\" \/>\n\t<meta property=\"og:image:width\" content=\"1100\" \/>\n\t<meta property=\"og:image:height\" content=\"829\" \/>\n\t<meta property=\"og:image:type\" content=\"image\/jpeg\" \/>\n<meta name=\"twitter:card\" content=\"summary_large_image\" \/>\n<meta name=\"twitter:label1\" content=\"Gesch\u00e4tzte Lesezeit\" \/>\n\t<meta name=\"twitter:data1\" content=\"1\u00a0Minute\" \/>\n<script type=\"application\/ld+json\" class=\"yoast-schema-graph\">{\"@context\":\"https:\\\/\\\/schema.org\",\"@graph\":[{\"@type\":[\"WebPage\",\"ItemPage\"],\"@id\":\"https:\\\/\\\/www.swisscrochet.ch\\\/produkt\\\/uber-den-traum-a-towel-for-curly-hair\\\/\",\"url\":\"https:\\\/\\\/www.swisscrochet.ch\\\/produkt\\\/uber-den-traum-a-towel-for-curly-hair\\\/\",\"name\":\"\u00dcber den Traum - A Towel For Curly Hair &#171; Swiss Crochet\",\"isPartOf\":{\"@id\":\"https:\\\/\\\/www.swisscrochet.ch\\\/#website\"},\"primaryImageOfPage\":{\"@id\":\"https:\\\/\\\/www.swisscrochet.ch\\\/produkt\\\/uber-den-traum-a-towel-for-curly-hair\\\/#primaryimage\"},\"image\":{\"@id\":\"https:\\\/\\\/www.swisscrochet.ch\\\/produkt\\\/uber-den-traum-a-towel-for-curly-hair\\\/#primaryimage\"},\"thumbnailUrl\":\"https:\\\/\\\/www.swisscrochet.ch\\\/wp-content\\\/uploads\\\/2025\\\/08\\\/Uber-den-Traum-A-Towel-For-Curly-Hair-Overview.jpg\",\"datePublished\":\"2025-08-15T13:59:46+00:00\",\"dateModified\":\"2025-08-15T14:17:27+00:00\",\"breadcrumb\":{\"@id\":\"https:\\\/\\\/www.swisscrochet.ch\\\/produkt\\\/uber-den-traum-a-towel-for-curly-hair\\\/#breadcrumb\"},\"inLanguage\":\"de\",\"potentialAction\":[{\"@type\":\"ReadAction\",\"target\":[\"https:\\\/\\\/www.swisscrochet.ch\\\/produkt\\\/uber-den-traum-a-towel-for-curly-hair\\\/\"]}]},{\"@type\":\"ImageObject\",\"inLanguage\":\"de\",\"@id\":\"https:\\\/\\\/www.swisscrochet.ch\\\/produkt\\\/uber-den-traum-a-towel-for-curly-hair\\\/#primaryimage\",\"url\":\"https:\\\/\\\/www.swisscrochet.ch\\\/wp-content\\\/uploads\\\/2025\\\/08\\\/Uber-den-Traum-A-Towel-For-Curly-Hair-Overview.jpg\",\"contentUrl\":\"https:\\\/\\\/www.swisscrochet.ch\\\/wp-content\\\/uploads\\\/2025\\\/08\\\/Uber-den-Traum-A-Towel-For-Curly-Hair-Overview.jpg\",\"width\":1100,\"height\":829},{\"@type\":\"BreadcrumbList\",\"@id\":\"https:\\\/\\\/www.swisscrochet.ch\\\/produkt\\\/uber-den-traum-a-towel-for-curly-hair\\\/#breadcrumb\",\"itemListElement\":[{\"@type\":\"ListItem\",\"position\":1,\"name\":\"Home\",\"item\":\"https:\\\/\\\/www.swisscrochet.ch\\\/de\\\/\"},{\"@type\":\"ListItem\",\"position\":2,\"name\":\"Shop\",\"item\":\"https:\\\/\\\/www.swisscrochet.ch\\\/de\\\/shop\\\/\"},{\"@type\":\"ListItem\",\"position\":3,\"name\":\"\u00dcber den Traum &#8211; A Towel For Curly Hair\"}]},{\"@type\":\"WebSite\",\"@id\":\"https:\\\/\\\/www.swisscrochet.ch\\\/#website\",\"url\":\"https:\\\/\\\/www.swisscrochet.ch\\\/\",\"name\":\"Swiss Crochet\",\"description\":\"Entfalte dein kreatives Potenzial\",\"potentialAction\":[{\"@type\":\"SearchAction\",\"target\":{\"@type\":\"EntryPoint\",\"urlTemplate\":\"https:\\\/\\\/www.swisscrochet.ch\\\/?s={search_term_string}\"},\"query-input\":{\"@type\":\"PropertyValueSpecification\",\"valueRequired\":true,\"valueName\":\"search_term_string\"}}],\"inLanguage\":\"de\"}]}<\/script>\n<!-- \/ Yoast SEO plugin. -->","yoast_head_json":{"title":"\u00dcber den Traum - A Towel For Curly Hair &#171; Swiss Crochet","robots":{"index":"index","follow":"follow","max-snippet":"max-snippet:-1","max-image-preview":"max-image-preview:large","max-video-preview":"max-video-preview:-1"},"canonical":"https:\/\/www.swisscrochet.ch\/produkt\/uber-den-traum-a-towel-for-curly-hair\/","og_locale":"de_DE","og_type":"article","og_title":"\u00dcber den Traum - A Towel For Curly Hair &#171; Swiss Crochet","og_description":"Beende krauses Haar mit diesem geh\u00e4kelten Handtuch. Die glatte Oberfl\u00e4che der Baumwoll- und Lyocell-Mischung beseitigt Reibung, w\u00e4hrend die H\u00e4kelstiche einen entspannten Stoff bieten, der zwischen den Anwendungen schnell trocknet.  Das Handtuch ist in der Gr\u00f6sse so gestaltet, dass es f\u00fcr alle Haarl\u00e4ngen, von kurz bis sehr lang, geeignet ist.  Die Anleitung ist mit Abk\u00fcrzungen geschrieben.  Weitere Informationen zur Anleitung findest du unten in der vollst\u00e4ndigen Beschreibung.  --&gt; Durch den Kauf dieser Anleitung erh\u00e4lst du Zugriff auf den Download der Anleitung im digitalen PDF-Format, auf Englisch und Deutsch.  Weitere Fotos und fertige Projekte findest du auf Ravelry.","og_url":"https:\/\/www.swisscrochet.ch\/produkt\/uber-den-traum-a-towel-for-curly-hair\/","og_site_name":"Swiss Crochet","article_modified_time":"2025-08-15T14:17:27+00:00","og_image":[{"width":1100,"height":829,"url":"https:\/\/www.swisscrochet.ch\/wp-content\/uploads\/2025\/08\/Uber-den-Traum-A-Towel-For-Curly-Hair-Overview.jpg","type":"image\/jpeg"}],"twitter_card":"summary_large_image","twitter_misc":{"Gesch\u00e4tzte Lesezeit":"1\u00a0Minute"},"schema":{"@context":"https:\/\/schema.org","@graph":[{"@type":["WebPage","ItemPage"],"@id":"https:\/\/www.swisscrochet.ch\/produkt\/uber-den-traum-a-towel-for-curly-hair\/","url":"https:\/\/www.swisscrochet.ch\/produkt\/uber-den-traum-a-towel-for-curly-hair\/","name":"\u00dcber den Traum - A Towel For Curly Hair &#171; Swiss Crochet","isPartOf":{"@id":"https:\/\/www.swisscrochet.ch\/#website"},"primaryImageOfPage":{"@id":"https:\/\/www.swisscrochet.ch\/produkt\/uber-den-traum-a-towel-for-curly-hair\/#primaryimage"},"image":{"@id":"https:\/\/www.swisscrochet.ch\/produkt\/uber-den-traum-a-towel-for-curly-hair\/#primaryimage"},"thumbnailUrl":"https:\/\/www.swisscrochet.ch\/wp-content\/uploads\/2025\/08\/Uber-den-Traum-A-Towel-For-Curly-Hair-Overview.jpg","datePublished":"2025-08-15T13:59:46+00:00","dateModified":"2025-08-15T14:17:27+00:00","breadcrumb":{"@id":"https:\/\/www.swisscrochet.ch\/produkt\/uber-den-traum-a-towel-for-curly-hair\/#breadcrumb"},"inLanguage":"de","potentialAction":[{"@type":"ReadAction","target":["https:\/\/www.swisscrochet.ch\/produkt\/uber-den-traum-a-towel-for-curly-hair\/"]}]},{"@type":"ImageObject","inLanguage":"de","@id":"https:\/\/www.swisscrochet.ch\/produkt\/uber-den-traum-a-towel-for-curly-hair\/#primaryimage","url":"https:\/\/www.swisscrochet.ch\/wp-content\/uploads\/2025\/08\/Uber-den-Traum-A-Towel-For-Curly-Hair-Overview.jpg","contentUrl":"https:\/\/www.swisscrochet.ch\/wp-content\/uploads\/2025\/08\/Uber-den-Traum-A-Towel-For-Curly-Hair-Overview.jpg","width":1100,"height":829},{"@type":"BreadcrumbList","@id":"https:\/\/www.swisscrochet.ch\/produkt\/uber-den-traum-a-towel-for-curly-hair\/#breadcrumb","itemListElement":[{"@type":"ListItem","position":1,"name":"Home","item":"https:\/\/www.swisscrochet.ch\/de\/"},{"@type":"ListItem","position":2,"name":"Shop","item":"https:\/\/www.swisscrochet.ch\/de\/shop\/"},{"@type":"ListItem","position":3,"name":"\u00dcber den Traum &#8211; A Towel For Curly Hair"}]},{"@type":"WebSite","@id":"https:\/\/www.swisscrochet.ch\/#website","url":"https:\/\/www.swisscrochet.ch\/","name":"Swiss Crochet","description":"Entfalte dein kreatives Potenzial","potentialAction":[{"@type":"SearchAction","target":{"@type":"EntryPoint","urlTemplate":"https:\/\/www.swisscrochet.ch\/?s={search_term_string}"},"query-input":{"@type":"PropertyValueSpecification","valueRequired":true,"valueName":"search_term_string"}}],"inLanguage":"de"}]}},"_links":{"self":[{"href":"https:\/\/www.swisscrochet.ch\/de\/wp-json\/wp\/v2\/product\/10334","targetHints":{"allow":["GET"]}}],"collection":[{"href":"https:\/\/www.swisscrochet.ch\/de\/wp-json\/wp\/v2\/product"}],"about":[{"href":"https:\/\/www.swisscrochet.ch\/de\/wp-json\/wp\/v2\/types\/product"}],"wp:featuredmedia":[{"embeddable":true,"href":"https:\/\/www.swisscrochet.ch\/de\/wp-json\/wp\/v2\/media\/10285"}],"wp:attachment":[{"href":"https:\/\/www.swisscrochet.ch\/de\/wp-json\/wp\/v2\/media?parent=10334"}],"wp:term":[{"taxonomy":"product_brand","embeddable":true,"href":"https:\/\/www.swisscrochet.ch\/de\/wp-json\/wp\/v2\/product_brand?post=10334"},{"taxonomy":"product_cat","embeddable":true,"href":"https:\/\/www.swisscrochet.ch\/de\/wp-json\/wp\/v2\/product_cat?post=10334"},{"taxonomy":"product_tag","embeddable":true,"href":"https:\/\/www.swisscrochet.ch\/de\/wp-json\/wp\/v2\/product_tag?post=10334"}],"curies":[{"name":"wp","href":"https:\/\/api.w.org\/{rel}","templated":true}]}}