{"id":10396,"date":"2025-08-16T20:40:41","date_gmt":"2025-08-16T18:40:41","guid":{"rendered":"https:\/\/www.swisscrochet.ch\/product\/crochet-indulgence-kit\/"},"modified":"2025-09-03T09:53:15","modified_gmt":"2025-09-03T07:53:15","slug":"haekel-luxus-set","status":"publish","type":"product","link":"https:\/\/www.swisscrochet.ch\/de\/produkt\/haekel-luxus-set\/","title":{"rendered":"H\u00e4kel-Luxus-Set"},"content":{"rendered":"","protected":false},"excerpt":{"rendered":"<p><em>Alles, was du f\u00fcr deine H\u00e4kelprojekte brauchst, in einem praktischen Set!<\/em> Dieses Set ist perfekt f\u00fcr Anf\u00e4ngerinnen und erfahrene H\u00e4klerinnen gleichermassen und enth\u00e4lt alle wichtigen Werkzeuge f\u00fcr ein reibungsloses und effizientes Arbeiten.<\/p>\n<p>Enth\u00e4lt:<\/p>\n<ul>\n<li>6 Garnnadeln mit gebogener Spitze in verschiedenen Gr\u00f6ssen zum Vern\u00e4hen und F\u00e4den einweben<\/li>\n<li>1 Maschenproben-Tool zum \u00dcberpr\u00fcfen deiner Maschenspannung und Nadelgr\u00f6sse<\/li>\n<li>1 Massband f\u00fcr genaue Messungen<\/li>\n<li>Minischere f\u00fcr pr\u00e4zises Schneiden<\/li>\n<li>1 Set Maschenmarkierer, um Runden und Musterrapporte nachzuvollziehen<\/li>\n<li>100 ml Wollwaschmittel<\/li>\n<li>3 H\u00e4kelnadeln (ohne Griff) in den Gr\u00f6ssen 8.00 mm, 10.00 mm und 12.00 mm<\/li>\n<li>4 H\u00e4kelnadeln (mit ergonomischem Griff) in den Gr\u00f6ssen 3.00 mm, 4.00 mm, 5.00 mm und 6.00 mm<\/li>\n<\/ul>\n<p>Kompakt und praktisch \u2013 dieses Set ist das perfekte Geschenk f\u00fcr jede H\u00e4kelbegeisterte oder eine n\u00fctzliche Erg\u00e4nzung zu deinem eigenen Handarbeitszubeh\u00f6r.<\/p>\n","protected":false},"featured_media":10368,"template":"","meta":[],"product_brand":[],"product_cat":[220,1473],"product_tag":[],"class_list":{"0":"post-10396","1":"product","2":"type-product","3":"status-publish","4":"has-post-thumbnail","6":"product_cat-hakelnadeln-und-zubehor","7":"product_cat-zubehor-sets","8":"description-off","10":"first","11":"instock","12":"virtual","13":"taxable","14":"purchasable","15":"product-type-bundle"},"bundled_by":[],"bundle_stock_status":"instock","bundle_stock_quantity":3,"bundle_virtual":false,"bundle_layout":"default","bundle_add_to_cart_form_location":"default","bundle_editable_in_cart":false,"bundle_sold_individually_context":"product","bundle_item_grouping":"parent","bundle_min_size":"","bundle_max_size":"","bundle_price":{"price":{"min":{"incl_tax":"129.9","excl_tax":"120.166512"},"max":{"incl_tax":"129.9","excl_tax":"120.166512"}},"regular_price":{"min":{"incl_tax":"129.9","excl_tax":"120.166512"},"max":{"incl_tax":"129.9","excl_tax":"120.166512"}}},"bundled_items":[{"bundled_item_id":175,"product_id":5083,"menu_order":0,"quantity_min":1,"quantity_max":1,"quantity_default":1,"priced_individually":false,"shipped_individually":false,"override_title":false,"title":"Tulip &#8211; Garnnadeln Sortiert &#8211; Gebogene Spitze","override_description":false,"description":"Tulip &#8211; Garnnadeln Sortiert &#8211; Gebogene Spitze","optional":false,"hide_thumbnail":false,"discount":"","override_variations":false,"allowed_variations":[""],"override_default_variation_attributes":false,"default_variation_attributes":[],"single_product_visibility":"hidden","cart_visibility":"visible","order_visibility":"visible","single_product_price_visibility":"visible","cart_price_visibility":"visible","order_price_visibility":"visible","stock_status":"in_stock"},{"bundled_item_id":176,"product_id":4713,"menu_order":1,"quantity_min":1,"quantity_max":1,"quantity_default":1,"priced_individually":false,"shipped_individually":false,"override_title":false,"title":"Clover &#8211; Super Jumbo Garnnadel Set","override_description":false,"description":"Clover &#8211; Super Jumbo Garnnadel Set","optional":false,"hide_thumbnail":false,"discount":"","override_variations":false,"allowed_variations":[""],"override_default_variation_attributes":false,"default_variation_attributes":[],"single_product_visibility":"hidden","cart_visibility":"visible","order_visibility":"visible","single_product_price_visibility":"visible","cart_price_visibility":"visible","order_price_visibility":"visible","stock_status":"in_stock"},{"bundled_item_id":177,"product_id":5017,"menu_order":2,"quantity_min":1,"quantity_max":1,"quantity_default":1,"priced_individually":false,"shipped_individually":false,"override_title":false,"title":"Tulip &#8211; Gauge Tool","override_description":false,"description":"Tulip &#8211; Gauge Tool","optional":false,"hide_thumbnail":false,"discount":"","override_variations":false,"allowed_variations":[""],"override_default_variation_attributes":true,"default_variation_attributes":[{"id":0,"name":"Color","option":"Green"}],"single_product_visibility":"hidden","cart_visibility":"visible","order_visibility":"visible","single_product_price_visibility":"visible","cart_price_visibility":"visible","order_price_visibility":"visible","stock_status":"in_stock"},{"bundled_item_id":178,"product_id":5064,"menu_order":3,"quantity_min":1,"quantity_max":1,"quantity_default":1,"priced_individually":false,"shipped_individually":false,"override_title":false,"title":"Tulip &#8211; Maschenmarkierer-Set &#8211; Herz","override_description":true,"description":"","optional":false,"hide_thumbnail":false,"discount":"","override_variations":false,"allowed_variations":[""],"override_default_variation_attributes":true,"default_variation_attributes":[{"id":0,"name":"Color","option":"Green"}],"single_product_visibility":"hidden","cart_visibility":"visible","order_visibility":"visible","single_product_price_visibility":"visible","cart_price_visibility":"visible","order_price_visibility":"visible","stock_status":"in_stock"},{"bundled_item_id":179,"product_id":5108,"menu_order":4,"quantity_min":1,"quantity_max":1,"quantity_default":1,"priced_individually":false,"shipped_individually":false,"override_title":false,"title":"Prym &#8211; Massband","override_description":true,"description":"","optional":false,"hide_thumbnail":false,"discount":"","override_variations":false,"allowed_variations":[""],"override_default_variation_attributes":false,"default_variation_attributes":[],"single_product_visibility":"hidden","cart_visibility":"visible","order_visibility":"visible","single_product_price_visibility":"visible","cart_price_visibility":"visible","order_price_visibility":"visible","stock_status":"in_stock"},{"bundled_item_id":180,"product_id":4574,"menu_order":5,"quantity_min":1,"quantity_max":1,"quantity_default":1,"priced_individually":false,"shipped_individually":false,"override_title":false,"title":"Addi &#8211; Mini-Schere","override_description":true,"description":"","optional":false,"hide_thumbnail":false,"discount":"","override_variations":false,"allowed_variations":[""],"override_default_variation_attributes":false,"default_variation_attributes":[],"single_product_visibility":"hidden","cart_visibility":"visible","order_visibility":"visible","single_product_price_visibility":"visible","cart_price_visibility":"visible","order_price_visibility":"visible","stock_status":"in_stock"},{"bundled_item_id":181,"product_id":5038,"menu_order":6,"quantity_min":1,"quantity_max":1,"quantity_default":1,"priced_individually":false,"shipped_individually":false,"override_title":false,"title":"Eucalan \u2013 Waschmittel \u2013 Jasmin 100 ml","override_description":false,"description":"Eucalan \u2013 Waschmittel \u2013 Jasmin 100 ml","optional":false,"hide_thumbnail":false,"discount":"","override_variations":false,"allowed_variations":[""],"override_default_variation_attributes":false,"default_variation_attributes":[],"single_product_visibility":"hidden","cart_visibility":"visible","order_visibility":"visible","single_product_price_visibility":"visible","cart_price_visibility":"visible","order_price_visibility":"visible","stock_status":"in_stock"},{"bundled_item_id":182,"product_id":3552,"menu_order":7,"quantity_min":1,"quantity_max":1,"quantity_default":1,"priced_individually":false,"shipped_individually":false,"override_title":false,"title":"Tulip &#8211; MinD H\u00e4kelnadel","override_description":false,"description":"Tulip &#8211; MinD H\u00e4kelnadel","optional":false,"hide_thumbnail":false,"discount":"","override_variations":false,"allowed_variations":[""],"override_default_variation_attributes":true,"default_variation_attributes":[{"id":0,"name":"Size","option":"8.00 mm"}],"single_product_visibility":"hidden","cart_visibility":"visible","order_visibility":"visible","single_product_price_visibility":"visible","cart_price_visibility":"visible","order_price_visibility":"visible","stock_status":"in_stock"},{"bundled_item_id":183,"product_id":3552,"menu_order":8,"quantity_min":1,"quantity_max":1,"quantity_default":1,"priced_individually":false,"shipped_individually":false,"override_title":false,"title":"Tulip &#8211; MinD H\u00e4kelnadel","override_description":false,"description":"Tulip &#8211; MinD H\u00e4kelnadel","optional":false,"hide_thumbnail":false,"discount":"","override_variations":false,"allowed_variations":[""],"override_default_variation_attributes":true,"default_variation_attributes":[{"id":0,"name":"Size","option":"10.00 mm"}],"single_product_visibility":"hidden","cart_visibility":"visible","order_visibility":"visible","single_product_price_visibility":"visible","cart_price_visibility":"visible","order_price_visibility":"visible","stock_status":"in_stock"},{"bundled_item_id":184,"product_id":3552,"menu_order":9,"quantity_min":1,"quantity_max":1,"quantity_default":1,"priced_individually":false,"shipped_individually":false,"override_title":false,"title":"Tulip &#8211; MinD H\u00e4kelnadel","override_description":false,"description":"Tulip &#8211; MinD H\u00e4kelnadel","optional":false,"hide_thumbnail":false,"discount":"","override_variations":false,"allowed_variations":[""],"override_default_variation_attributes":true,"default_variation_attributes":[{"id":0,"name":"Size","option":"12.00 mm"}],"single_product_visibility":"hidden","cart_visibility":"visible","order_visibility":"visible","single_product_price_visibility":"visible","cart_price_visibility":"visible","order_price_visibility":"visible","stock_status":"in_stock"},{"bundled_item_id":185,"product_id":3514,"menu_order":10,"quantity_min":1,"quantity_max":1,"quantity_default":1,"priced_individually":false,"shipped_individually":false,"override_title":false,"title":"Tulip &#8211; Etimo Red &#8211; H\u00e4kelnadel mit weichem Griff","override_description":false,"description":"Tulip &#8211; Etimo Red &#8211; H\u00e4kelnadel mit weichem Griff","optional":false,"hide_thumbnail":false,"discount":"","override_variations":false,"allowed_variations":[""],"override_default_variation_attributes":true,"default_variation_attributes":[{"id":0,"name":"Size","option":"3.00 mm"}],"single_product_visibility":"hidden","cart_visibility":"visible","order_visibility":"visible","single_product_price_visibility":"visible","cart_price_visibility":"visible","order_price_visibility":"visible","stock_status":"in_stock"},{"bundled_item_id":186,"product_id":3514,"menu_order":11,"quantity_min":1,"quantity_max":1,"quantity_default":1,"priced_individually":false,"shipped_individually":false,"override_title":false,"title":"Tulip &#8211; Etimo Red &#8211; H\u00e4kelnadel mit weichem Griff","override_description":false,"description":"Tulip &#8211; Etimo Red &#8211; H\u00e4kelnadel mit weichem Griff","optional":false,"hide_thumbnail":false,"discount":"","override_variations":false,"allowed_variations":[""],"override_default_variation_attributes":true,"default_variation_attributes":[{"id":0,"name":"Size","option":"4.00 mm"}],"single_product_visibility":"hidden","cart_visibility":"visible","order_visibility":"visible","single_product_price_visibility":"visible","cart_price_visibility":"visible","order_price_visibility":"visible","stock_status":"in_stock"},{"bundled_item_id":187,"product_id":3514,"menu_order":12,"quantity_min":1,"quantity_max":1,"quantity_default":1,"priced_individually":false,"shipped_individually":false,"override_title":false,"title":"Tulip &#8211; Etimo Red &#8211; H\u00e4kelnadel mit weichem Griff","override_description":false,"description":"Tulip &#8211; Etimo Red &#8211; H\u00e4kelnadel mit weichem Griff","optional":false,"hide_thumbnail":false,"discount":"","override_variations":false,"allowed_variations":[""],"override_default_variation_attributes":true,"default_variation_attributes":[{"id":0,"name":"Size","option":"5.00 mm"}],"single_product_visibility":"hidden","cart_visibility":"visible","order_visibility":"visible","single_product_price_visibility":"visible","cart_price_visibility":"visible","order_price_visibility":"visible","stock_status":"in_stock"},{"bundled_item_id":188,"product_id":3514,"menu_order":13,"quantity_min":1,"quantity_max":1,"quantity_default":1,"priced_individually":false,"shipped_individually":false,"override_title":false,"title":"Tulip &#8211; Etimo Red &#8211; H\u00e4kelnadel mit weichem Griff","override_description":false,"description":"Tulip &#8211; Etimo Red &#8211; H\u00e4kelnadel mit weichem Griff","optional":false,"hide_thumbnail":false,"discount":"","override_variations":false,"allowed_variations":[""],"override_default_variation_attributes":true,"default_variation_attributes":[{"id":0,"name":"Size","option":"6.00 mm"}],"single_product_visibility":"hidden","cart_visibility":"visible","order_visibility":"visible","single_product_price_visibility":"visible","cart_price_visibility":"visible","order_price_visibility":"visible","stock_status":"in_stock"}],"bundle_sell_ids":[],"yoast_head":"<!-- This site is optimized with the Yoast SEO plugin v27.4 - https:\/\/yoast.com\/product\/yoast-seo-wordpress\/ -->\n<title>H\u00e4kel-Luxus-Set &#171; Swiss Crochet<\/title>\n<meta name=\"description\" content=\"Starte mit dem H\u00e4keln! Dieses Set enth\u00e4lt 7 H\u00e4kelnadeln, 6 Garnnadeln, ein Massband, ein Maschenproben-Tool, Maschenmarkierer und eine Minischere \u2013 perfekt f\u00fcr jedes Projekt.\" \/>\n<meta name=\"robots\" content=\"index, follow, max-snippet:-1, max-image-preview:large, max-video-preview:-1\" \/>\n<link rel=\"canonical\" href=\"https:\/\/www.swisscrochet.ch\/de\/produkt\/haekel-luxus-set\/\" \/>\n<meta property=\"og:locale\" content=\"de_DE\" \/>\n<meta property=\"og:type\" content=\"article\" \/>\n<meta property=\"og:title\" content=\"H\u00e4kel-Luxus-Set &#171; Swiss Crochet\" \/>\n<meta property=\"og:description\" content=\"Starte mit dem H\u00e4keln! Dieses Set enth\u00e4lt 7 H\u00e4kelnadeln, 6 Garnnadeln, ein Massband, ein Maschenproben-Tool, Maschenmarkierer und eine Minischere \u2013 perfekt f\u00fcr jedes Projekt.\" \/>\n<meta property=\"og:url\" content=\"https:\/\/www.swisscrochet.ch\/de\/produkt\/haekel-luxus-set\/\" \/>\n<meta property=\"og:site_name\" content=\"Swiss Crochet\" \/>\n<meta property=\"article:modified_time\" content=\"2025-09-03T07:53:15+00:00\" \/>\n<meta property=\"og:image\" content=\"https:\/\/www.swisscrochet.ch\/wp-content\/uploads\/2025\/08\/Swiss-Crochet-Crochet-Indulgence-Kit-Overview.jpg\" \/>\n\t<meta property=\"og:image:width\" content=\"800\" \/>\n\t<meta property=\"og:image:height\" content=\"800\" \/>\n\t<meta property=\"og:image:type\" content=\"image\/jpeg\" \/>\n<meta name=\"twitter:card\" content=\"summary_large_image\" \/>\n<meta name=\"twitter:label1\" content=\"Gesch\u00e4tzte Lesezeit\" \/>\n\t<meta name=\"twitter:data1\" content=\"1\u00a0Minute\" \/>\n<script type=\"application\/ld+json\" class=\"yoast-schema-graph\">{\"@context\":\"https:\\\/\\\/schema.org\",\"@graph\":[{\"@type\":[\"WebPage\",\"ItemPage\"],\"@id\":\"https:\\\/\\\/www.swisscrochet.ch\\\/de\\\/produkt\\\/haekel-luxus-set\\\/\",\"url\":\"https:\\\/\\\/www.swisscrochet.ch\\\/de\\\/produkt\\\/haekel-luxus-set\\\/\",\"name\":\"H\u00e4kel-Luxus-Set &#171; Swiss Crochet\",\"isPartOf\":{\"@id\":\"https:\\\/\\\/www.swisscrochet.ch\\\/#website\"},\"primaryImageOfPage\":{\"@id\":\"https:\\\/\\\/www.swisscrochet.ch\\\/de\\\/produkt\\\/haekel-luxus-set\\\/#primaryimage\"},\"image\":{\"@id\":\"https:\\\/\\\/www.swisscrochet.ch\\\/de\\\/produkt\\\/haekel-luxus-set\\\/#primaryimage\"},\"thumbnailUrl\":\"https:\\\/\\\/www.swisscrochet.ch\\\/wp-content\\\/uploads\\\/2025\\\/08\\\/Swiss-Crochet-Crochet-Indulgence-Kit-Overview.jpg\",\"datePublished\":\"2025-08-16T18:40:41+00:00\",\"dateModified\":\"2025-09-03T07:53:15+00:00\",\"description\":\"Starte mit dem H\u00e4keln! Dieses Set enth\u00e4lt 7 H\u00e4kelnadeln, 6 Garnnadeln, ein Massband, ein Maschenproben-Tool, Maschenmarkierer und eine Minischere \u2013 perfekt f\u00fcr jedes Projekt.\",\"breadcrumb\":{\"@id\":\"https:\\\/\\\/www.swisscrochet.ch\\\/de\\\/produkt\\\/haekel-luxus-set\\\/#breadcrumb\"},\"inLanguage\":\"de\",\"potentialAction\":[{\"@type\":\"ReadAction\",\"target\":[\"https:\\\/\\\/www.swisscrochet.ch\\\/de\\\/produkt\\\/haekel-luxus-set\\\/\"]}]},{\"@type\":\"ImageObject\",\"inLanguage\":\"de\",\"@id\":\"https:\\\/\\\/www.swisscrochet.ch\\\/de\\\/produkt\\\/haekel-luxus-set\\\/#primaryimage\",\"url\":\"https:\\\/\\\/www.swisscrochet.ch\\\/wp-content\\\/uploads\\\/2025\\\/08\\\/Swiss-Crochet-Crochet-Indulgence-Kit-Overview.jpg\",\"contentUrl\":\"https:\\\/\\\/www.swisscrochet.ch\\\/wp-content\\\/uploads\\\/2025\\\/08\\\/Swiss-Crochet-Crochet-Indulgence-Kit-Overview.jpg\",\"width\":800,\"height\":800},{\"@type\":\"BreadcrumbList\",\"@id\":\"https:\\\/\\\/www.swisscrochet.ch\\\/de\\\/produkt\\\/haekel-luxus-set\\\/#breadcrumb\",\"itemListElement\":[{\"@type\":\"ListItem\",\"position\":1,\"name\":\"Home\",\"item\":\"https:\\\/\\\/www.swisscrochet.ch\\\/de\\\/\"},{\"@type\":\"ListItem\",\"position\":2,\"name\":\"Shop\",\"item\":\"https:\\\/\\\/www.swisscrochet.ch\\\/de\\\/shop\\\/\"},{\"@type\":\"ListItem\",\"position\":3,\"name\":\"H\u00e4kel-Luxus-Set\"}]},{\"@type\":\"WebSite\",\"@id\":\"https:\\\/\\\/www.swisscrochet.ch\\\/#website\",\"url\":\"https:\\\/\\\/www.swisscrochet.ch\\\/\",\"name\":\"Swiss Crochet\",\"description\":\"Entfalte dein kreatives Potenzial\",\"potentialAction\":[{\"@type\":\"SearchAction\",\"target\":{\"@type\":\"EntryPoint\",\"urlTemplate\":\"https:\\\/\\\/www.swisscrochet.ch\\\/?s={search_term_string}\"},\"query-input\":{\"@type\":\"PropertyValueSpecification\",\"valueRequired\":true,\"valueName\":\"search_term_string\"}}],\"inLanguage\":\"de\"}]}<\/script>\n<!-- \/ Yoast SEO plugin. -->","yoast_head_json":{"title":"H\u00e4kel-Luxus-Set &#171; Swiss Crochet","description":"Starte mit dem H\u00e4keln! Dieses Set enth\u00e4lt 7 H\u00e4kelnadeln, 6 Garnnadeln, ein Massband, ein Maschenproben-Tool, Maschenmarkierer und eine Minischere \u2013 perfekt f\u00fcr jedes Projekt.","robots":{"index":"index","follow":"follow","max-snippet":"max-snippet:-1","max-image-preview":"max-image-preview:large","max-video-preview":"max-video-preview:-1"},"canonical":"https:\/\/www.swisscrochet.ch\/de\/produkt\/haekel-luxus-set\/","og_locale":"de_DE","og_type":"article","og_title":"H\u00e4kel-Luxus-Set &#171; Swiss Crochet","og_description":"Starte mit dem H\u00e4keln! Dieses Set enth\u00e4lt 7 H\u00e4kelnadeln, 6 Garnnadeln, ein Massband, ein Maschenproben-Tool, Maschenmarkierer und eine Minischere \u2013 perfekt f\u00fcr jedes Projekt.","og_url":"https:\/\/www.swisscrochet.ch\/de\/produkt\/haekel-luxus-set\/","og_site_name":"Swiss Crochet","article_modified_time":"2025-09-03T07:53:15+00:00","og_image":[{"width":800,"height":800,"url":"https:\/\/www.swisscrochet.ch\/wp-content\/uploads\/2025\/08\/Swiss-Crochet-Crochet-Indulgence-Kit-Overview.jpg","type":"image\/jpeg"}],"twitter_card":"summary_large_image","twitter_misc":{"Gesch\u00e4tzte Lesezeit":"1\u00a0Minute"},"schema":{"@context":"https:\/\/schema.org","@graph":[{"@type":["WebPage","ItemPage"],"@id":"https:\/\/www.swisscrochet.ch\/de\/produkt\/haekel-luxus-set\/","url":"https:\/\/www.swisscrochet.ch\/de\/produkt\/haekel-luxus-set\/","name":"H\u00e4kel-Luxus-Set &#171; Swiss Crochet","isPartOf":{"@id":"https:\/\/www.swisscrochet.ch\/#website"},"primaryImageOfPage":{"@id":"https:\/\/www.swisscrochet.ch\/de\/produkt\/haekel-luxus-set\/#primaryimage"},"image":{"@id":"https:\/\/www.swisscrochet.ch\/de\/produkt\/haekel-luxus-set\/#primaryimage"},"thumbnailUrl":"https:\/\/www.swisscrochet.ch\/wp-content\/uploads\/2025\/08\/Swiss-Crochet-Crochet-Indulgence-Kit-Overview.jpg","datePublished":"2025-08-16T18:40:41+00:00","dateModified":"2025-09-03T07:53:15+00:00","description":"Starte mit dem H\u00e4keln! Dieses Set enth\u00e4lt 7 H\u00e4kelnadeln, 6 Garnnadeln, ein Massband, ein Maschenproben-Tool, Maschenmarkierer und eine Minischere \u2013 perfekt f\u00fcr jedes Projekt.","breadcrumb":{"@id":"https:\/\/www.swisscrochet.ch\/de\/produkt\/haekel-luxus-set\/#breadcrumb"},"inLanguage":"de","potentialAction":[{"@type":"ReadAction","target":["https:\/\/www.swisscrochet.ch\/de\/produkt\/haekel-luxus-set\/"]}]},{"@type":"ImageObject","inLanguage":"de","@id":"https:\/\/www.swisscrochet.ch\/de\/produkt\/haekel-luxus-set\/#primaryimage","url":"https:\/\/www.swisscrochet.ch\/wp-content\/uploads\/2025\/08\/Swiss-Crochet-Crochet-Indulgence-Kit-Overview.jpg","contentUrl":"https:\/\/www.swisscrochet.ch\/wp-content\/uploads\/2025\/08\/Swiss-Crochet-Crochet-Indulgence-Kit-Overview.jpg","width":800,"height":800},{"@type":"BreadcrumbList","@id":"https:\/\/www.swisscrochet.ch\/de\/produkt\/haekel-luxus-set\/#breadcrumb","itemListElement":[{"@type":"ListItem","position":1,"name":"Home","item":"https:\/\/www.swisscrochet.ch\/de\/"},{"@type":"ListItem","position":2,"name":"Shop","item":"https:\/\/www.swisscrochet.ch\/de\/shop\/"},{"@type":"ListItem","position":3,"name":"H\u00e4kel-Luxus-Set"}]},{"@type":"WebSite","@id":"https:\/\/www.swisscrochet.ch\/#website","url":"https:\/\/www.swisscrochet.ch\/","name":"Swiss Crochet","description":"Entfalte dein kreatives Potenzial","potentialAction":[{"@type":"SearchAction","target":{"@type":"EntryPoint","urlTemplate":"https:\/\/www.swisscrochet.ch\/?s={search_term_string}"},"query-input":{"@type":"PropertyValueSpecification","valueRequired":true,"valueName":"search_term_string"}}],"inLanguage":"de"}]}},"_links":{"self":[{"href":"https:\/\/www.swisscrochet.ch\/de\/wp-json\/wp\/v2\/product\/10396","targetHints":{"allow":["GET"]}}],"collection":[{"href":"https:\/\/www.swisscrochet.ch\/de\/wp-json\/wp\/v2\/product"}],"about":[{"href":"https:\/\/www.swisscrochet.ch\/de\/wp-json\/wp\/v2\/types\/product"}],"wp:featuredmedia":[{"embeddable":true,"href":"https:\/\/www.swisscrochet.ch\/de\/wp-json\/wp\/v2\/media\/10368"}],"wp:attachment":[{"href":"https:\/\/www.swisscrochet.ch\/de\/wp-json\/wp\/v2\/media?parent=10396"}],"wp:term":[{"taxonomy":"product_brand","embeddable":true,"href":"https:\/\/www.swisscrochet.ch\/de\/wp-json\/wp\/v2\/product_brand?post=10396"},{"taxonomy":"product_cat","embeddable":true,"href":"https:\/\/www.swisscrochet.ch\/de\/wp-json\/wp\/v2\/product_cat?post=10396"},{"taxonomy":"product_tag","embeddable":true,"href":"https:\/\/www.swisscrochet.ch\/de\/wp-json\/wp\/v2\/product_tag?post=10396"}],"curies":[{"name":"wp","href":"https:\/\/api.w.org\/{rel}","templated":true}]}}