{"id":10463,"date":"2025-08-19T18:23:26","date_gmt":"2025-08-19T16:23:26","guid":{"rendered":"https:\/\/www.swisscrochet.ch\/product\/the-yellow-mesh-basket-yarn-kit\/"},"modified":"2025-08-19T18:31:36","modified_gmt":"2025-08-19T16:31:36","slug":"the-yellow-mesh-basket-garnkit","status":"publish","type":"product","link":"https:\/\/www.swisscrochet.ch\/de\/produkt\/the-yellow-mesh-basket-garnkit\/","title":{"rendered":"The Yellow Mesh Basket &#8211; Garnkit"},"content":{"rendered":"","protected":false},"excerpt":{"rendered":"<p><em>Kreiere deine eigene stilvolle und praktische Aufbewahrung mit dem Yellow Mesh Basket \u2013 Garnkit!<\/em> Perfekt, um Garne, Zubeh\u00f6r oder Alltagsgegenst\u00e4nde zu organisieren \u2013 dieser moderne Netzkorb ist sowohl funktional als auch dekorativ.<\/p>\n<p>Dieses Kit enth\u00e4lt alles, was du brauchst, um den sch\u00f6nen Korb zu h\u00e4keln:<\/p>\n<ul>\n<li>eine digitale Kopie der Anleitung (verf\u00fcgbar auf Englisch und Deutsch) und<\/li>\n<li>1 Kn\u00e4uel Nakyang If in der Farbe deiner Wahl.<\/li>\n<\/ul>\n<p>&#8211;&gt; F\u00fcr noch mehr Komfort kannst du deinem Set auch eine 3.00 mm H\u00e4kelnadel hinzuf\u00fcgen.<\/p>\n<p>Alles in einem praktischen Bundle \u2013 w\u00e4hle einfach deine Farbe, lade die Anleitung herunter und fang an zu h\u00e4keln!<\/p>\n","protected":false},"featured_media":1599,"template":"","meta":[],"product_brand":[],"product_cat":[1673,332],"product_tag":[2084],"class_list":{"0":"post-10463","1":"product","2":"type-product","3":"status-publish","4":"has-post-thumbnail","6":"product_cat-garnkits-decken-wohn-deko-sonstiges","7":"product_cat-garnkits","8":"product_tag-if","9":"description-off","11":"first","12":"instock","13":"virtual","14":"taxable","15":"purchasable","16":"product-type-bundle"},"bundled_by":[],"bundle_stock_status":"instock","bundle_stock_quantity":254,"bundle_virtual":false,"bundle_layout":"default","bundle_add_to_cart_form_location":"default","bundle_editable_in_cart":false,"bundle_sold_individually_context":"product","bundle_item_grouping":"parent","bundle_min_size":"","bundle_max_size":"","bundle_price":{"price":{"min":{"incl_tax":"12.9","excl_tax":"11.93"},"max":{"incl_tax":"16.7","excl_tax":"15.45"}},"regular_price":{"min":{"incl_tax":"12.9","excl_tax":"11.93"},"max":{"incl_tax":"16.7","excl_tax":"15.45"}}},"bundled_items":[{"bundled_item_id":230,"product_id":2639,"menu_order":0,"quantity_min":1,"quantity_max":1,"quantity_default":1,"priced_individually":true,"shipped_individually":false,"override_title":false,"title":"Nakyang &#8211; If","override_description":true,"description":"","optional":false,"hide_thumbnail":false,"discount":"","override_variations":false,"allowed_variations":[""],"override_default_variation_attributes":false,"default_variation_attributes":[],"single_product_visibility":"visible","cart_visibility":"visible","order_visibility":"visible","single_product_price_visibility":"visible","cart_price_visibility":"visible","order_price_visibility":"visible","stock_status":"in_stock"},{"bundled_item_id":231,"product_id":2131,"menu_order":1,"quantity_min":1,"quantity_max":1,"quantity_default":1,"priced_individually":true,"shipped_individually":true,"override_title":false,"title":"\u00dcber den Traum &#8211; The Yellow Mesh Basket","override_description":false,"description":"\u00dcber den Traum &#8211; The Yellow Mesh Basket","optional":false,"hide_thumbnail":false,"discount":"","override_variations":false,"allowed_variations":[""],"override_default_variation_attributes":false,"default_variation_attributes":[],"single_product_visibility":"hidden","cart_visibility":"visible","order_visibility":"visible","single_product_price_visibility":"visible","cart_price_visibility":"visible","order_price_visibility":"visible","stock_status":"in_stock"},{"bundled_item_id":232,"product_id":3605,"menu_order":2,"quantity_min":1,"quantity_max":1,"quantity_default":1,"priced_individually":true,"shipped_individually":false,"override_title":false,"title":"Addi &#8211; H\u00e4kelnadel ohne Griff","override_description":true,"description":"","optional":true,"hide_thumbnail":false,"discount":"","override_variations":true,"allowed_variations":[3608],"override_default_variation_attributes":true,"default_variation_attributes":[{"id":0,"name":"Size","option":"3.00 mm"}],"single_product_visibility":"visible","cart_visibility":"visible","order_visibility":"visible","single_product_price_visibility":"visible","cart_price_visibility":"visible","order_price_visibility":"visible","stock_status":"in_stock"}],"bundle_sell_ids":[],"yoast_head":"<!-- This site is optimized with the Yoast SEO plugin v27.4 - https:\/\/yoast.com\/product\/yoast-seo-wordpress\/ -->\n<title>The Yellow Mesh Basket - Garnkit &#171; Swiss Crochet<\/title>\n<meta name=\"description\" content=\"H\u00e4kle dir deine eigene stilvolle Aufbewahrung mit dem Yellow Mesh Basket \u2013 Garnkit. Enth\u00e4lt Anleitung auf Englisch &amp; Deutsch, 1 Kn\u00e4uel Nakyang If und optional eine 3.00 mm H\u00e4kelnadel.\" \/>\n<meta name=\"robots\" content=\"index, follow, max-snippet:-1, max-image-preview:large, max-video-preview:-1\" \/>\n<link rel=\"canonical\" href=\"https:\/\/www.swisscrochet.ch\/produkt\/the-yellow-mesh-basket-yarn-kit\/\" \/>\n<meta property=\"og:locale\" content=\"de_DE\" \/>\n<meta property=\"og:type\" content=\"article\" \/>\n<meta property=\"og:title\" content=\"The Yellow Mesh Basket - Garnkit &#171; Swiss Crochet\" \/>\n<meta property=\"og:description\" content=\"H\u00e4kle dir deine eigene stilvolle Aufbewahrung mit dem Yellow Mesh Basket \u2013 Garnkit. Enth\u00e4lt Anleitung auf Englisch &amp; Deutsch, 1 Kn\u00e4uel Nakyang If und optional eine 3.00 mm H\u00e4kelnadel.\" \/>\n<meta property=\"og:url\" content=\"https:\/\/www.swisscrochet.ch\/produkt\/the-yellow-mesh-basket-yarn-kit\/\" \/>\n<meta property=\"og:site_name\" content=\"Swiss Crochet\" \/>\n<meta property=\"article:modified_time\" content=\"2025-08-19T16:31:36+00:00\" \/>\n<meta property=\"og:image\" content=\"https:\/\/www.swisscrochet.ch\/wp-content\/uploads\/2024\/12\/Uber-den-Traum-The-Yellow-Mesh-Basket-3.jpg\" \/>\n\t<meta property=\"og:image:width\" content=\"1100\" \/>\n\t<meta property=\"og:image:height\" content=\"1100\" \/>\n\t<meta property=\"og:image:type\" content=\"image\/jpeg\" \/>\n<meta name=\"twitter:card\" content=\"summary_large_image\" \/>\n<meta name=\"twitter:label1\" content=\"Gesch\u00e4tzte Lesezeit\" \/>\n\t<meta name=\"twitter:data1\" content=\"1\u00a0Minute\" \/>\n<script type=\"application\/ld+json\" class=\"yoast-schema-graph\">{\"@context\":\"https:\\\/\\\/schema.org\",\"@graph\":[{\"@type\":[\"WebPage\",\"ItemPage\"],\"@id\":\"https:\\\/\\\/www.swisscrochet.ch\\\/produkt\\\/the-yellow-mesh-basket-yarn-kit\\\/\",\"url\":\"https:\\\/\\\/www.swisscrochet.ch\\\/produkt\\\/the-yellow-mesh-basket-yarn-kit\\\/\",\"name\":\"The Yellow Mesh Basket - Garnkit &#171; Swiss Crochet\",\"isPartOf\":{\"@id\":\"https:\\\/\\\/www.swisscrochet.ch\\\/#website\"},\"primaryImageOfPage\":{\"@id\":\"https:\\\/\\\/www.swisscrochet.ch\\\/produkt\\\/the-yellow-mesh-basket-yarn-kit\\\/#primaryimage\"},\"image\":{\"@id\":\"https:\\\/\\\/www.swisscrochet.ch\\\/produkt\\\/the-yellow-mesh-basket-yarn-kit\\\/#primaryimage\"},\"thumbnailUrl\":\"https:\\\/\\\/www.swisscrochet.ch\\\/wp-content\\\/uploads\\\/2024\\\/12\\\/Uber-den-Traum-The-Yellow-Mesh-Basket-3.jpg\",\"datePublished\":\"2025-08-19T16:23:26+00:00\",\"dateModified\":\"2025-08-19T16:31:36+00:00\",\"description\":\"H\u00e4kle dir deine eigene stilvolle Aufbewahrung mit dem Yellow Mesh Basket \u2013 Garnkit. Enth\u00e4lt Anleitung auf Englisch & Deutsch, 1 Kn\u00e4uel Nakyang If und optional eine 3.00 mm H\u00e4kelnadel.\",\"breadcrumb\":{\"@id\":\"https:\\\/\\\/www.swisscrochet.ch\\\/produkt\\\/the-yellow-mesh-basket-yarn-kit\\\/#breadcrumb\"},\"inLanguage\":\"de\",\"potentialAction\":[{\"@type\":\"ReadAction\",\"target\":[\"https:\\\/\\\/www.swisscrochet.ch\\\/produkt\\\/the-yellow-mesh-basket-yarn-kit\\\/\"]}]},{\"@type\":\"ImageObject\",\"inLanguage\":\"de\",\"@id\":\"https:\\\/\\\/www.swisscrochet.ch\\\/produkt\\\/the-yellow-mesh-basket-yarn-kit\\\/#primaryimage\",\"url\":\"https:\\\/\\\/www.swisscrochet.ch\\\/wp-content\\\/uploads\\\/2024\\\/12\\\/Uber-den-Traum-The-Yellow-Mesh-Basket-3.jpg\",\"contentUrl\":\"https:\\\/\\\/www.swisscrochet.ch\\\/wp-content\\\/uploads\\\/2024\\\/12\\\/Uber-den-Traum-The-Yellow-Mesh-Basket-3.jpg\",\"width\":1100,\"height\":1100},{\"@type\":\"BreadcrumbList\",\"@id\":\"https:\\\/\\\/www.swisscrochet.ch\\\/produkt\\\/the-yellow-mesh-basket-yarn-kit\\\/#breadcrumb\",\"itemListElement\":[{\"@type\":\"ListItem\",\"position\":1,\"name\":\"Home\",\"item\":\"https:\\\/\\\/www.swisscrochet.ch\\\/de\\\/\"},{\"@type\":\"ListItem\",\"position\":2,\"name\":\"Shop\",\"item\":\"https:\\\/\\\/www.swisscrochet.ch\\\/de\\\/shop\\\/\"},{\"@type\":\"ListItem\",\"position\":3,\"name\":\"The Yellow Mesh Basket &#8211; Garnkit\"}]},{\"@type\":\"WebSite\",\"@id\":\"https:\\\/\\\/www.swisscrochet.ch\\\/#website\",\"url\":\"https:\\\/\\\/www.swisscrochet.ch\\\/\",\"name\":\"Swiss Crochet\",\"description\":\"Entfalte dein kreatives Potenzial\",\"potentialAction\":[{\"@type\":\"SearchAction\",\"target\":{\"@type\":\"EntryPoint\",\"urlTemplate\":\"https:\\\/\\\/www.swisscrochet.ch\\\/?s={search_term_string}\"},\"query-input\":{\"@type\":\"PropertyValueSpecification\",\"valueRequired\":true,\"valueName\":\"search_term_string\"}}],\"inLanguage\":\"de\"}]}<\/script>\n<!-- \/ Yoast SEO plugin. -->","yoast_head_json":{"title":"The Yellow Mesh Basket - Garnkit &#171; Swiss Crochet","description":"H\u00e4kle dir deine eigene stilvolle Aufbewahrung mit dem Yellow Mesh Basket \u2013 Garnkit. Enth\u00e4lt Anleitung auf Englisch & Deutsch, 1 Kn\u00e4uel Nakyang If und optional eine 3.00 mm H\u00e4kelnadel.","robots":{"index":"index","follow":"follow","max-snippet":"max-snippet:-1","max-image-preview":"max-image-preview:large","max-video-preview":"max-video-preview:-1"},"canonical":"https:\/\/www.swisscrochet.ch\/produkt\/the-yellow-mesh-basket-yarn-kit\/","og_locale":"de_DE","og_type":"article","og_title":"The Yellow Mesh Basket - Garnkit &#171; Swiss Crochet","og_description":"H\u00e4kle dir deine eigene stilvolle Aufbewahrung mit dem Yellow Mesh Basket \u2013 Garnkit. Enth\u00e4lt Anleitung auf Englisch & Deutsch, 1 Kn\u00e4uel Nakyang If und optional eine 3.00 mm H\u00e4kelnadel.","og_url":"https:\/\/www.swisscrochet.ch\/produkt\/the-yellow-mesh-basket-yarn-kit\/","og_site_name":"Swiss Crochet","article_modified_time":"2025-08-19T16:31:36+00:00","og_image":[{"width":1100,"height":1100,"url":"https:\/\/www.swisscrochet.ch\/wp-content\/uploads\/2024\/12\/Uber-den-Traum-The-Yellow-Mesh-Basket-3.jpg","type":"image\/jpeg"}],"twitter_card":"summary_large_image","twitter_misc":{"Gesch\u00e4tzte Lesezeit":"1\u00a0Minute"},"schema":{"@context":"https:\/\/schema.org","@graph":[{"@type":["WebPage","ItemPage"],"@id":"https:\/\/www.swisscrochet.ch\/produkt\/the-yellow-mesh-basket-yarn-kit\/","url":"https:\/\/www.swisscrochet.ch\/produkt\/the-yellow-mesh-basket-yarn-kit\/","name":"The Yellow Mesh Basket - Garnkit &#171; Swiss Crochet","isPartOf":{"@id":"https:\/\/www.swisscrochet.ch\/#website"},"primaryImageOfPage":{"@id":"https:\/\/www.swisscrochet.ch\/produkt\/the-yellow-mesh-basket-yarn-kit\/#primaryimage"},"image":{"@id":"https:\/\/www.swisscrochet.ch\/produkt\/the-yellow-mesh-basket-yarn-kit\/#primaryimage"},"thumbnailUrl":"https:\/\/www.swisscrochet.ch\/wp-content\/uploads\/2024\/12\/Uber-den-Traum-The-Yellow-Mesh-Basket-3.jpg","datePublished":"2025-08-19T16:23:26+00:00","dateModified":"2025-08-19T16:31:36+00:00","description":"H\u00e4kle dir deine eigene stilvolle Aufbewahrung mit dem Yellow Mesh Basket \u2013 Garnkit. Enth\u00e4lt Anleitung auf Englisch & Deutsch, 1 Kn\u00e4uel Nakyang If und optional eine 3.00 mm H\u00e4kelnadel.","breadcrumb":{"@id":"https:\/\/www.swisscrochet.ch\/produkt\/the-yellow-mesh-basket-yarn-kit\/#breadcrumb"},"inLanguage":"de","potentialAction":[{"@type":"ReadAction","target":["https:\/\/www.swisscrochet.ch\/produkt\/the-yellow-mesh-basket-yarn-kit\/"]}]},{"@type":"ImageObject","inLanguage":"de","@id":"https:\/\/www.swisscrochet.ch\/produkt\/the-yellow-mesh-basket-yarn-kit\/#primaryimage","url":"https:\/\/www.swisscrochet.ch\/wp-content\/uploads\/2024\/12\/Uber-den-Traum-The-Yellow-Mesh-Basket-3.jpg","contentUrl":"https:\/\/www.swisscrochet.ch\/wp-content\/uploads\/2024\/12\/Uber-den-Traum-The-Yellow-Mesh-Basket-3.jpg","width":1100,"height":1100},{"@type":"BreadcrumbList","@id":"https:\/\/www.swisscrochet.ch\/produkt\/the-yellow-mesh-basket-yarn-kit\/#breadcrumb","itemListElement":[{"@type":"ListItem","position":1,"name":"Home","item":"https:\/\/www.swisscrochet.ch\/de\/"},{"@type":"ListItem","position":2,"name":"Shop","item":"https:\/\/www.swisscrochet.ch\/de\/shop\/"},{"@type":"ListItem","position":3,"name":"The Yellow Mesh Basket &#8211; Garnkit"}]},{"@type":"WebSite","@id":"https:\/\/www.swisscrochet.ch\/#website","url":"https:\/\/www.swisscrochet.ch\/","name":"Swiss Crochet","description":"Entfalte dein kreatives Potenzial","potentialAction":[{"@type":"SearchAction","target":{"@type":"EntryPoint","urlTemplate":"https:\/\/www.swisscrochet.ch\/?s={search_term_string}"},"query-input":{"@type":"PropertyValueSpecification","valueRequired":true,"valueName":"search_term_string"}}],"inLanguage":"de"}]}},"_links":{"self":[{"href":"https:\/\/www.swisscrochet.ch\/de\/wp-json\/wp\/v2\/product\/10463","targetHints":{"allow":["GET"]}}],"collection":[{"href":"https:\/\/www.swisscrochet.ch\/de\/wp-json\/wp\/v2\/product"}],"about":[{"href":"https:\/\/www.swisscrochet.ch\/de\/wp-json\/wp\/v2\/types\/product"}],"wp:featuredmedia":[{"embeddable":true,"href":"https:\/\/www.swisscrochet.ch\/de\/wp-json\/wp\/v2\/media\/1599"}],"wp:attachment":[{"href":"https:\/\/www.swisscrochet.ch\/de\/wp-json\/wp\/v2\/media?parent=10463"}],"wp:term":[{"taxonomy":"product_brand","embeddable":true,"href":"https:\/\/www.swisscrochet.ch\/de\/wp-json\/wp\/v2\/product_brand?post=10463"},{"taxonomy":"product_cat","embeddable":true,"href":"https:\/\/www.swisscrochet.ch\/de\/wp-json\/wp\/v2\/product_cat?post=10463"},{"taxonomy":"product_tag","embeddable":true,"href":"https:\/\/www.swisscrochet.ch\/de\/wp-json\/wp\/v2\/product_tag?post=10463"}],"curies":[{"name":"wp","href":"https:\/\/api.w.org\/{rel}","templated":true}]}}