{"id":10471,"date":"2025-08-19T18:49:48","date_gmt":"2025-08-19T16:49:48","guid":{"rendered":"https:\/\/www.swisscrochet.ch\/product\/badus-shawl-yarn-kit\/"},"modified":"2025-08-19T19:03:28","modified_gmt":"2025-08-19T17:03:28","slug":"badus-tuch-garnkit","status":"publish","type":"product","link":"https:\/\/www.swisscrochet.ch\/de\/produkt\/badus-tuch-garnkit\/","title":{"rendered":"Badus Tuch &#8211; Garnkit"},"content":{"rendered":"","protected":false},"excerpt":{"rendered":"<p>Kreiere dein eigenes elegantes Badus Tuch mit diesem vollst\u00e4ndigen Garnkit. Die sanften Farbverl\u00e4ufe von Poema lassen das Tuch mit wundersch\u00f6nen, flie\u00dfenden Farb\u00fcberg\u00e4ngen erstrahlen.<\/p>\n<p>Das Kit enth\u00e4lt:<\/p>\n<ul>\n<li>eine digitale Kopie der Badus-H\u00e4kelanleitung (auf Englisch und Deutsch erh\u00e4ltlich)<\/li>\n<li>1 Kn\u00e4uel Laines du Nord Poema in der Farbe deiner Wahl.<\/li>\n<\/ul>\n<p>&#8211;&gt; F\u00fcr noch mehr Komfort kannst du deinem Kit auch eine 5.00 mm H\u00e4kelnadel hinzuf\u00fcgen.<\/p>\n<p>Alles, was du f\u00fcr dein n\u00e4chstes Lieblingsprojekt brauchst \u2013 einfach, stilvoll und inspirierend.<\/p>\n","protected":false},"featured_media":7430,"template":"","meta":[],"product_brand":[],"product_cat":[1663,332],"product_tag":[2095],"class_list":{"0":"post-10471","1":"product","2":"type-product","3":"status-publish","4":"has-post-thumbnail","6":"product_cat-garnkits-accessoires","7":"product_cat-garnkits","8":"product_tag-poema","9":"description-off","11":"first","12":"instock","13":"virtual","14":"taxable","15":"purchasable","16":"product-type-bundle"},"bundled_by":[],"bundle_stock_status":"instock","bundle_stock_quantity":68,"bundle_virtual":false,"bundle_layout":"default","bundle_add_to_cart_form_location":"default","bundle_editable_in_cart":false,"bundle_sold_individually_context":"product","bundle_item_grouping":"parent","bundle_min_size":"","bundle_max_size":"","bundle_price":{"price":{"min":{"incl_tax":"32.5","excl_tax":"30.06"},"max":{"incl_tax":"45.4","excl_tax":"41.99"}},"regular_price":{"min":{"incl_tax":"32.5","excl_tax":"30.06"},"max":{"incl_tax":"45.4","excl_tax":"41.99"}}},"bundled_items":[{"bundled_item_id":252,"product_id":5972,"menu_order":0,"quantity_min":1,"quantity_max":1,"quantity_default":1,"priced_individually":true,"shipped_individually":false,"override_title":false,"title":"Laines du Nord &#8211; Poema","override_description":true,"description":"","optional":false,"hide_thumbnail":false,"discount":"","override_variations":false,"allowed_variations":[""],"override_default_variation_attributes":false,"default_variation_attributes":[],"single_product_visibility":"visible","cart_visibility":"visible","order_visibility":"visible","single_product_price_visibility":"visible","cart_price_visibility":"visible","order_price_visibility":"visible","stock_status":"in_stock"},{"bundled_item_id":253,"product_id":3514,"menu_order":1,"quantity_min":1,"quantity_max":1,"quantity_default":1,"priced_individually":true,"shipped_individually":false,"override_title":false,"title":"Tulip &#8211; Etimo Red &#8211; H\u00e4kelnadel mit weichem Griff","override_description":true,"description":"","optional":true,"hide_thumbnail":false,"discount":"","override_variations":true,"allowed_variations":[3523],"override_default_variation_attributes":true,"default_variation_attributes":[{"id":0,"name":"Size","option":"5.00 mm"}],"single_product_visibility":"visible","cart_visibility":"visible","order_visibility":"visible","single_product_price_visibility":"visible","cart_price_visibility":"visible","order_price_visibility":"visible","stock_status":"in_stock"},{"bundled_item_id":1293,"product_id":7447,"menu_order":1,"quantity_min":1,"quantity_max":1,"quantity_default":1,"priced_individually":true,"shipped_individually":true,"override_title":false,"title":"\u00dcber den Traum \u2013 Badus","override_description":false,"description":"\u00dcber den Traum \u2013 Badus","optional":false,"hide_thumbnail":false,"discount":"","override_variations":false,"allowed_variations":[""],"override_default_variation_attributes":false,"default_variation_attributes":[],"single_product_visibility":"hidden","cart_visibility":"visible","order_visibility":"visible","single_product_price_visibility":"visible","cart_price_visibility":"visible","order_price_visibility":"visible","stock_status":"in_stock"}],"bundle_sell_ids":[],"yoast_head":"<!-- This site is optimized with the Yoast SEO plugin v27.4 - https:\/\/yoast.com\/product\/yoast-seo-wordpress\/ -->\n<title>Badus Tuch - Garnkit &#171; Swiss Crochet<\/title>\n<meta name=\"description\" content=\"H\u00e4kle das elegante Badus Tuch mit diesem Garnkit. Enth\u00e4lt die digitale Anleitung auf Deutsch &amp; Englisch, 1 Kn\u00e4uel Laines du Nord Poema und optional eine 5.00 mm H\u00e4kelnadel.\" \/>\n<meta name=\"robots\" content=\"index, follow, max-snippet:-1, max-image-preview:large, max-video-preview:-1\" \/>\n<link rel=\"canonical\" href=\"https:\/\/www.swisscrochet.ch\/produkt\/badus-shawl-yarn-kit\/\" \/>\n<meta property=\"og:locale\" content=\"de_DE\" \/>\n<meta property=\"og:type\" content=\"article\" \/>\n<meta property=\"og:title\" content=\"Badus Tuch - Garnkit &#171; Swiss Crochet\" \/>\n<meta property=\"og:description\" content=\"H\u00e4kle das elegante Badus Tuch mit diesem Garnkit. Enth\u00e4lt die digitale Anleitung auf Deutsch &amp; Englisch, 1 Kn\u00e4uel Laines du Nord Poema und optional eine 5.00 mm H\u00e4kelnadel.\" \/>\n<meta property=\"og:url\" content=\"https:\/\/www.swisscrochet.ch\/produkt\/badus-shawl-yarn-kit\/\" \/>\n<meta property=\"og:site_name\" content=\"Swiss Crochet\" \/>\n<meta property=\"article:modified_time\" content=\"2025-08-19T17:03:28+00:00\" \/>\n<meta property=\"og:image\" content=\"https:\/\/www.swisscrochet.ch\/wp-content\/uploads\/2025\/05\/Uber-den-Traum-Badus-6.jpg\" \/>\n\t<meta property=\"og:image:width\" content=\"1100\" \/>\n\t<meta property=\"og:image:height\" content=\"1100\" \/>\n\t<meta property=\"og:image:type\" content=\"image\/jpeg\" \/>\n<meta name=\"twitter:card\" content=\"summary_large_image\" \/>\n<meta name=\"twitter:label1\" content=\"Gesch\u00e4tzte Lesezeit\" \/>\n\t<meta name=\"twitter:data1\" content=\"1\u00a0Minute\" \/>\n<script type=\"application\/ld+json\" class=\"yoast-schema-graph\">{\"@context\":\"https:\\\/\\\/schema.org\",\"@graph\":[{\"@type\":[\"WebPage\",\"ItemPage\"],\"@id\":\"https:\\\/\\\/www.swisscrochet.ch\\\/produkt\\\/badus-shawl-yarn-kit\\\/\",\"url\":\"https:\\\/\\\/www.swisscrochet.ch\\\/produkt\\\/badus-shawl-yarn-kit\\\/\",\"name\":\"Badus Tuch - Garnkit &#171; Swiss Crochet\",\"isPartOf\":{\"@id\":\"https:\\\/\\\/www.swisscrochet.ch\\\/#website\"},\"primaryImageOfPage\":{\"@id\":\"https:\\\/\\\/www.swisscrochet.ch\\\/produkt\\\/badus-shawl-yarn-kit\\\/#primaryimage\"},\"image\":{\"@id\":\"https:\\\/\\\/www.swisscrochet.ch\\\/produkt\\\/badus-shawl-yarn-kit\\\/#primaryimage\"},\"thumbnailUrl\":\"https:\\\/\\\/www.swisscrochet.ch\\\/wp-content\\\/uploads\\\/2025\\\/05\\\/Uber-den-Traum-Badus-6.jpg\",\"datePublished\":\"2025-08-19T16:49:48+00:00\",\"dateModified\":\"2025-08-19T17:03:28+00:00\",\"description\":\"H\u00e4kle das elegante Badus Tuch mit diesem Garnkit. Enth\u00e4lt die digitale Anleitung auf Deutsch & Englisch, 1 Kn\u00e4uel Laines du Nord Poema und optional eine 5.00 mm H\u00e4kelnadel.\",\"breadcrumb\":{\"@id\":\"https:\\\/\\\/www.swisscrochet.ch\\\/produkt\\\/badus-shawl-yarn-kit\\\/#breadcrumb\"},\"inLanguage\":\"de\",\"potentialAction\":[{\"@type\":\"ReadAction\",\"target\":[\"https:\\\/\\\/www.swisscrochet.ch\\\/produkt\\\/badus-shawl-yarn-kit\\\/\"]}]},{\"@type\":\"ImageObject\",\"inLanguage\":\"de\",\"@id\":\"https:\\\/\\\/www.swisscrochet.ch\\\/produkt\\\/badus-shawl-yarn-kit\\\/#primaryimage\",\"url\":\"https:\\\/\\\/www.swisscrochet.ch\\\/wp-content\\\/uploads\\\/2025\\\/05\\\/Uber-den-Traum-Badus-6.jpg\",\"contentUrl\":\"https:\\\/\\\/www.swisscrochet.ch\\\/wp-content\\\/uploads\\\/2025\\\/05\\\/Uber-den-Traum-Badus-6.jpg\",\"width\":1100,\"height\":1100},{\"@type\":\"BreadcrumbList\",\"@id\":\"https:\\\/\\\/www.swisscrochet.ch\\\/produkt\\\/badus-shawl-yarn-kit\\\/#breadcrumb\",\"itemListElement\":[{\"@type\":\"ListItem\",\"position\":1,\"name\":\"Home\",\"item\":\"https:\\\/\\\/www.swisscrochet.ch\\\/de\\\/\"},{\"@type\":\"ListItem\",\"position\":2,\"name\":\"Shop\",\"item\":\"https:\\\/\\\/www.swisscrochet.ch\\\/de\\\/shop\\\/\"},{\"@type\":\"ListItem\",\"position\":3,\"name\":\"Badus Tuch &#8211; Garnkit\"}]},{\"@type\":\"WebSite\",\"@id\":\"https:\\\/\\\/www.swisscrochet.ch\\\/#website\",\"url\":\"https:\\\/\\\/www.swisscrochet.ch\\\/\",\"name\":\"Swiss Crochet\",\"description\":\"Entfalte dein kreatives Potenzial\",\"potentialAction\":[{\"@type\":\"SearchAction\",\"target\":{\"@type\":\"EntryPoint\",\"urlTemplate\":\"https:\\\/\\\/www.swisscrochet.ch\\\/?s={search_term_string}\"},\"query-input\":{\"@type\":\"PropertyValueSpecification\",\"valueRequired\":true,\"valueName\":\"search_term_string\"}}],\"inLanguage\":\"de\"}]}<\/script>\n<!-- \/ Yoast SEO plugin. -->","yoast_head_json":{"title":"Badus Tuch - Garnkit &#171; Swiss Crochet","description":"H\u00e4kle das elegante Badus Tuch mit diesem Garnkit. Enth\u00e4lt die digitale Anleitung auf Deutsch & Englisch, 1 Kn\u00e4uel Laines du Nord Poema und optional eine 5.00 mm H\u00e4kelnadel.","robots":{"index":"index","follow":"follow","max-snippet":"max-snippet:-1","max-image-preview":"max-image-preview:large","max-video-preview":"max-video-preview:-1"},"canonical":"https:\/\/www.swisscrochet.ch\/produkt\/badus-shawl-yarn-kit\/","og_locale":"de_DE","og_type":"article","og_title":"Badus Tuch - Garnkit &#171; Swiss Crochet","og_description":"H\u00e4kle das elegante Badus Tuch mit diesem Garnkit. Enth\u00e4lt die digitale Anleitung auf Deutsch & Englisch, 1 Kn\u00e4uel Laines du Nord Poema und optional eine 5.00 mm H\u00e4kelnadel.","og_url":"https:\/\/www.swisscrochet.ch\/produkt\/badus-shawl-yarn-kit\/","og_site_name":"Swiss Crochet","article_modified_time":"2025-08-19T17:03:28+00:00","og_image":[{"width":1100,"height":1100,"url":"https:\/\/www.swisscrochet.ch\/wp-content\/uploads\/2025\/05\/Uber-den-Traum-Badus-6.jpg","type":"image\/jpeg"}],"twitter_card":"summary_large_image","twitter_misc":{"Gesch\u00e4tzte Lesezeit":"1\u00a0Minute"},"schema":{"@context":"https:\/\/schema.org","@graph":[{"@type":["WebPage","ItemPage"],"@id":"https:\/\/www.swisscrochet.ch\/produkt\/badus-shawl-yarn-kit\/","url":"https:\/\/www.swisscrochet.ch\/produkt\/badus-shawl-yarn-kit\/","name":"Badus Tuch - Garnkit &#171; Swiss Crochet","isPartOf":{"@id":"https:\/\/www.swisscrochet.ch\/#website"},"primaryImageOfPage":{"@id":"https:\/\/www.swisscrochet.ch\/produkt\/badus-shawl-yarn-kit\/#primaryimage"},"image":{"@id":"https:\/\/www.swisscrochet.ch\/produkt\/badus-shawl-yarn-kit\/#primaryimage"},"thumbnailUrl":"https:\/\/www.swisscrochet.ch\/wp-content\/uploads\/2025\/05\/Uber-den-Traum-Badus-6.jpg","datePublished":"2025-08-19T16:49:48+00:00","dateModified":"2025-08-19T17:03:28+00:00","description":"H\u00e4kle das elegante Badus Tuch mit diesem Garnkit. Enth\u00e4lt die digitale Anleitung auf Deutsch & Englisch, 1 Kn\u00e4uel Laines du Nord Poema und optional eine 5.00 mm H\u00e4kelnadel.","breadcrumb":{"@id":"https:\/\/www.swisscrochet.ch\/produkt\/badus-shawl-yarn-kit\/#breadcrumb"},"inLanguage":"de","potentialAction":[{"@type":"ReadAction","target":["https:\/\/www.swisscrochet.ch\/produkt\/badus-shawl-yarn-kit\/"]}]},{"@type":"ImageObject","inLanguage":"de","@id":"https:\/\/www.swisscrochet.ch\/produkt\/badus-shawl-yarn-kit\/#primaryimage","url":"https:\/\/www.swisscrochet.ch\/wp-content\/uploads\/2025\/05\/Uber-den-Traum-Badus-6.jpg","contentUrl":"https:\/\/www.swisscrochet.ch\/wp-content\/uploads\/2025\/05\/Uber-den-Traum-Badus-6.jpg","width":1100,"height":1100},{"@type":"BreadcrumbList","@id":"https:\/\/www.swisscrochet.ch\/produkt\/badus-shawl-yarn-kit\/#breadcrumb","itemListElement":[{"@type":"ListItem","position":1,"name":"Home","item":"https:\/\/www.swisscrochet.ch\/de\/"},{"@type":"ListItem","position":2,"name":"Shop","item":"https:\/\/www.swisscrochet.ch\/de\/shop\/"},{"@type":"ListItem","position":3,"name":"Badus Tuch &#8211; Garnkit"}]},{"@type":"WebSite","@id":"https:\/\/www.swisscrochet.ch\/#website","url":"https:\/\/www.swisscrochet.ch\/","name":"Swiss Crochet","description":"Entfalte dein kreatives Potenzial","potentialAction":[{"@type":"SearchAction","target":{"@type":"EntryPoint","urlTemplate":"https:\/\/www.swisscrochet.ch\/?s={search_term_string}"},"query-input":{"@type":"PropertyValueSpecification","valueRequired":true,"valueName":"search_term_string"}}],"inLanguage":"de"}]}},"_links":{"self":[{"href":"https:\/\/www.swisscrochet.ch\/de\/wp-json\/wp\/v2\/product\/10471","targetHints":{"allow":["GET"]}}],"collection":[{"href":"https:\/\/www.swisscrochet.ch\/de\/wp-json\/wp\/v2\/product"}],"about":[{"href":"https:\/\/www.swisscrochet.ch\/de\/wp-json\/wp\/v2\/types\/product"}],"wp:featuredmedia":[{"embeddable":true,"href":"https:\/\/www.swisscrochet.ch\/de\/wp-json\/wp\/v2\/media\/7430"}],"wp:attachment":[{"href":"https:\/\/www.swisscrochet.ch\/de\/wp-json\/wp\/v2\/media?parent=10471"}],"wp:term":[{"taxonomy":"product_brand","embeddable":true,"href":"https:\/\/www.swisscrochet.ch\/de\/wp-json\/wp\/v2\/product_brand?post=10471"},{"taxonomy":"product_cat","embeddable":true,"href":"https:\/\/www.swisscrochet.ch\/de\/wp-json\/wp\/v2\/product_cat?post=10471"},{"taxonomy":"product_tag","embeddable":true,"href":"https:\/\/www.swisscrochet.ch\/de\/wp-json\/wp\/v2\/product_tag?post=10471"}],"curies":[{"name":"wp","href":"https:\/\/api.w.org\/{rel}","templated":true}]}}