{"id":1068,"date":"2024-10-16T20:00:37","date_gmt":"2024-10-16T18:00:37","guid":{"rendered":"https:\/\/www.swisscrochet.ch\/product\/gift-cards\/"},"modified":"2024-12-12T21:01:37","modified_gmt":"2024-12-12T20:01:37","slug":"gutscheine","status":"publish","type":"product","link":"https:\/\/www.swisscrochet.ch\/de\/produkt\/gutscheine\/","title":{"rendered":"Gutscheine"},"content":{"rendered":"","protected":false},"excerpt":{"rendered":"<p>Ein Gutschein ist in den einzelnen Betr\u00e4gen von 25 CHF bis 200 CHF erh\u00e4ltlich und kann direkt auf der Website eingel\u00f6st werden.<\/p>\n<p>Ein Gutschein besteht im Wesentlichen aus einem einzigartigen Gutscheincode.<\/p>\n<p>Wenn du ein Gutschein bestellst, erh\u00e4ltst du ein .pdf-Dokument mit dem Gutscheincode per E-Mail.<\/p>\n<p>Du kannst dieser Gutschein f\u00fcr dich selbst verwenden oder sie als Geschenk an jemanden weitergeben.<\/p>\n","protected":false},"featured_media":450,"template":"","meta":[],"product_brand":[],"product_cat":[217],"product_tag":[],"class_list":{"0":"post-1068","1":"product","2":"type-product","3":"status-publish","4":"has-post-thumbnail","6":"product_cat-gutscheine","7":"description-off","9":"first","10":"instock","11":"purchasable","12":"product-type-variable","13":"wvs-archive-product-wrapper"},"bundled_by":[],"bundle_stock_status":"instock","bundle_stock_quantity":null,"bundle_virtual":false,"bundle_layout":"","bundle_add_to_cart_form_location":"","bundle_editable_in_cart":false,"bundle_sold_individually_context":"","bundle_item_grouping":"","bundle_min_size":"","bundle_max_size":"","bundle_price":[],"bundled_items":[],"bundle_sell_ids":[],"yoast_head":"<!-- This site is optimized with the Yoast SEO plugin v27.5 - https:\/\/yoast.com\/product\/yoast-seo-wordpress\/ -->\n<title>Gutscheine &#171; Swiss Crochet<\/title>\n<meta name=\"robots\" content=\"index, follow, max-snippet:-1, max-image-preview:large, max-video-preview:-1\" \/>\n<link rel=\"canonical\" href=\"https:\/\/www.swisscrochet.ch\/produkt\/gift-cards\/\" \/>\n<meta property=\"og:locale\" content=\"de_DE\" \/>\n<meta property=\"og:type\" content=\"article\" \/>\n<meta property=\"og:title\" content=\"Gutscheine &#171; Swiss Crochet\" \/>\n<meta property=\"og:description\" content=\"Ein Gutschein ist in den einzelnen Betr\u00e4gen von 25 CHF bis 200 CHF erh\u00e4ltlich und kann direkt auf der Website eingel\u00f6st werden.  Ein Gutschein besteht im Wesentlichen aus einem einzigartigen Gutscheincode.  Wenn du ein Gutschein bestellst, erh\u00e4ltst du ein .pdf-Dokument mit dem Gutscheincode per E-Mail.  Du kannst dieser Gutschein f\u00fcr dich selbst verwenden oder sie als Geschenk an jemanden weitergeben.\" \/>\n<meta property=\"og:url\" content=\"https:\/\/www.swisscrochet.ch\/produkt\/gift-cards\/\" \/>\n<meta property=\"og:site_name\" content=\"Swiss Crochet\" \/>\n<meta property=\"article:modified_time\" content=\"2024-12-12T20:01:37+00:00\" \/>\n<meta property=\"og:image\" content=\"https:\/\/www.swisscrochet.ch\/wp-content\/uploads\/2024\/10\/Swiss-Crochet-Gift-Cards-Overview.jpg\" \/>\n\t<meta property=\"og:image:width\" content=\"1000\" \/>\n\t<meta property=\"og:image:height\" content=\"1000\" \/>\n\t<meta property=\"og:image:type\" content=\"image\/jpeg\" \/>\n<meta name=\"twitter:card\" content=\"summary_large_image\" \/>\n<meta name=\"twitter:label1\" content=\"Gesch\u00e4tzte Lesezeit\" \/>\n\t<meta name=\"twitter:data1\" content=\"1\u00a0Minute\" \/>\n<script type=\"application\/ld+json\" class=\"yoast-schema-graph\">{\"@context\":\"https:\\\/\\\/schema.org\",\"@graph\":[{\"@type\":[\"WebPage\",\"ItemPage\"],\"@id\":\"https:\\\/\\\/www.swisscrochet.ch\\\/produkt\\\/gift-cards\\\/\",\"url\":\"https:\\\/\\\/www.swisscrochet.ch\\\/produkt\\\/gift-cards\\\/\",\"name\":\"Gutscheine &#171; Swiss Crochet\",\"isPartOf\":{\"@id\":\"https:\\\/\\\/www.swisscrochet.ch\\\/#website\"},\"primaryImageOfPage\":{\"@id\":\"https:\\\/\\\/www.swisscrochet.ch\\\/produkt\\\/gift-cards\\\/#primaryimage\"},\"image\":{\"@id\":\"https:\\\/\\\/www.swisscrochet.ch\\\/produkt\\\/gift-cards\\\/#primaryimage\"},\"thumbnailUrl\":\"https:\\\/\\\/www.swisscrochet.ch\\\/wp-content\\\/uploads\\\/2024\\\/10\\\/Swiss-Crochet-Gift-Cards-Overview.jpg\",\"datePublished\":\"2024-10-16T18:00:37+00:00\",\"dateModified\":\"2024-12-12T20:01:37+00:00\",\"breadcrumb\":{\"@id\":\"https:\\\/\\\/www.swisscrochet.ch\\\/produkt\\\/gift-cards\\\/#breadcrumb\"},\"inLanguage\":\"de\",\"potentialAction\":[{\"@type\":\"ReadAction\",\"target\":[\"https:\\\/\\\/www.swisscrochet.ch\\\/produkt\\\/gift-cards\\\/\"]}]},{\"@type\":\"ImageObject\",\"inLanguage\":\"de\",\"@id\":\"https:\\\/\\\/www.swisscrochet.ch\\\/produkt\\\/gift-cards\\\/#primaryimage\",\"url\":\"https:\\\/\\\/www.swisscrochet.ch\\\/wp-content\\\/uploads\\\/2024\\\/10\\\/Swiss-Crochet-Gift-Cards-Overview.jpg\",\"contentUrl\":\"https:\\\/\\\/www.swisscrochet.ch\\\/wp-content\\\/uploads\\\/2024\\\/10\\\/Swiss-Crochet-Gift-Cards-Overview.jpg\",\"width\":1000,\"height\":1000,\"caption\":\"Swiss Crochet Gift Cards Product Image\"},{\"@type\":\"BreadcrumbList\",\"@id\":\"https:\\\/\\\/www.swisscrochet.ch\\\/produkt\\\/gift-cards\\\/#breadcrumb\",\"itemListElement\":[{\"@type\":\"ListItem\",\"position\":1,\"name\":\"Home\",\"item\":\"https:\\\/\\\/www.swisscrochet.ch\\\/de\\\/\"},{\"@type\":\"ListItem\",\"position\":2,\"name\":\"Shop\",\"item\":\"https:\\\/\\\/www.swisscrochet.ch\\\/de\\\/shop\\\/\"},{\"@type\":\"ListItem\",\"position\":3,\"name\":\"Gutscheine\"}]},{\"@type\":\"WebSite\",\"@id\":\"https:\\\/\\\/www.swisscrochet.ch\\\/#website\",\"url\":\"https:\\\/\\\/www.swisscrochet.ch\\\/\",\"name\":\"Swiss Crochet\",\"description\":\"Entfalte dein kreatives Potenzial\",\"potentialAction\":[{\"@type\":\"SearchAction\",\"target\":{\"@type\":\"EntryPoint\",\"urlTemplate\":\"https:\\\/\\\/www.swisscrochet.ch\\\/?s={search_term_string}\"},\"query-input\":{\"@type\":\"PropertyValueSpecification\",\"valueRequired\":true,\"valueName\":\"search_term_string\"}}],\"inLanguage\":\"de\"}]}<\/script>\n<!-- \/ Yoast SEO plugin. -->","yoast_head_json":{"title":"Gutscheine &#171; Swiss Crochet","robots":{"index":"index","follow":"follow","max-snippet":"max-snippet:-1","max-image-preview":"max-image-preview:large","max-video-preview":"max-video-preview:-1"},"canonical":"https:\/\/www.swisscrochet.ch\/produkt\/gift-cards\/","og_locale":"de_DE","og_type":"article","og_title":"Gutscheine &#171; Swiss Crochet","og_description":"Ein Gutschein ist in den einzelnen Betr\u00e4gen von 25 CHF bis 200 CHF erh\u00e4ltlich und kann direkt auf der Website eingel\u00f6st werden.  Ein Gutschein besteht im Wesentlichen aus einem einzigartigen Gutscheincode.  Wenn du ein Gutschein bestellst, erh\u00e4ltst du ein .pdf-Dokument mit dem Gutscheincode per E-Mail.  Du kannst dieser Gutschein f\u00fcr dich selbst verwenden oder sie als Geschenk an jemanden weitergeben.","og_url":"https:\/\/www.swisscrochet.ch\/produkt\/gift-cards\/","og_site_name":"Swiss Crochet","article_modified_time":"2024-12-12T20:01:37+00:00","og_image":[{"width":1000,"height":1000,"url":"https:\/\/www.swisscrochet.ch\/wp-content\/uploads\/2024\/10\/Swiss-Crochet-Gift-Cards-Overview.jpg","type":"image\/jpeg"}],"twitter_card":"summary_large_image","twitter_misc":{"Gesch\u00e4tzte Lesezeit":"1\u00a0Minute"},"schema":{"@context":"https:\/\/schema.org","@graph":[{"@type":["WebPage","ItemPage"],"@id":"https:\/\/www.swisscrochet.ch\/produkt\/gift-cards\/","url":"https:\/\/www.swisscrochet.ch\/produkt\/gift-cards\/","name":"Gutscheine &#171; Swiss Crochet","isPartOf":{"@id":"https:\/\/www.swisscrochet.ch\/#website"},"primaryImageOfPage":{"@id":"https:\/\/www.swisscrochet.ch\/produkt\/gift-cards\/#primaryimage"},"image":{"@id":"https:\/\/www.swisscrochet.ch\/produkt\/gift-cards\/#primaryimage"},"thumbnailUrl":"https:\/\/www.swisscrochet.ch\/wp-content\/uploads\/2024\/10\/Swiss-Crochet-Gift-Cards-Overview.jpg","datePublished":"2024-10-16T18:00:37+00:00","dateModified":"2024-12-12T20:01:37+00:00","breadcrumb":{"@id":"https:\/\/www.swisscrochet.ch\/produkt\/gift-cards\/#breadcrumb"},"inLanguage":"de","potentialAction":[{"@type":"ReadAction","target":["https:\/\/www.swisscrochet.ch\/produkt\/gift-cards\/"]}]},{"@type":"ImageObject","inLanguage":"de","@id":"https:\/\/www.swisscrochet.ch\/produkt\/gift-cards\/#primaryimage","url":"https:\/\/www.swisscrochet.ch\/wp-content\/uploads\/2024\/10\/Swiss-Crochet-Gift-Cards-Overview.jpg","contentUrl":"https:\/\/www.swisscrochet.ch\/wp-content\/uploads\/2024\/10\/Swiss-Crochet-Gift-Cards-Overview.jpg","width":1000,"height":1000,"caption":"Swiss Crochet Gift Cards Product Image"},{"@type":"BreadcrumbList","@id":"https:\/\/www.swisscrochet.ch\/produkt\/gift-cards\/#breadcrumb","itemListElement":[{"@type":"ListItem","position":1,"name":"Home","item":"https:\/\/www.swisscrochet.ch\/de\/"},{"@type":"ListItem","position":2,"name":"Shop","item":"https:\/\/www.swisscrochet.ch\/de\/shop\/"},{"@type":"ListItem","position":3,"name":"Gutscheine"}]},{"@type":"WebSite","@id":"https:\/\/www.swisscrochet.ch\/#website","url":"https:\/\/www.swisscrochet.ch\/","name":"Swiss Crochet","description":"Entfalte dein kreatives Potenzial","potentialAction":[{"@type":"SearchAction","target":{"@type":"EntryPoint","urlTemplate":"https:\/\/www.swisscrochet.ch\/?s={search_term_string}"},"query-input":{"@type":"PropertyValueSpecification","valueRequired":true,"valueName":"search_term_string"}}],"inLanguage":"de"}]}},"_links":{"self":[{"href":"https:\/\/www.swisscrochet.ch\/de\/wp-json\/wp\/v2\/product\/1068","targetHints":{"allow":["GET"]}}],"collection":[{"href":"https:\/\/www.swisscrochet.ch\/de\/wp-json\/wp\/v2\/product"}],"about":[{"href":"https:\/\/www.swisscrochet.ch\/de\/wp-json\/wp\/v2\/types\/product"}],"wp:featuredmedia":[{"embeddable":true,"href":"https:\/\/www.swisscrochet.ch\/de\/wp-json\/wp\/v2\/media\/450"}],"wp:attachment":[{"href":"https:\/\/www.swisscrochet.ch\/de\/wp-json\/wp\/v2\/media?parent=1068"}],"wp:term":[{"taxonomy":"product_brand","embeddable":true,"href":"https:\/\/www.swisscrochet.ch\/de\/wp-json\/wp\/v2\/product_brand?post=1068"},{"taxonomy":"product_cat","embeddable":true,"href":"https:\/\/www.swisscrochet.ch\/de\/wp-json\/wp\/v2\/product_cat?post=1068"},{"taxonomy":"product_tag","embeddable":true,"href":"https:\/\/www.swisscrochet.ch\/de\/wp-json\/wp\/v2\/product_tag?post=1068"}],"curies":[{"name":"wp","href":"https:\/\/api.w.org\/{rel}","templated":true}]}}