{"id":10850,"date":"2025-08-27T16:18:37","date_gmt":"2025-08-27T14:18:37","guid":{"rendered":"https:\/\/www.swisscrochet.ch\/product\/tunisian-crochet-explorer-kit\/"},"modified":"2025-08-28T11:13:12","modified_gmt":"2025-08-28T09:13:12","slug":"tunesisches-haekeln-explorer-kit","status":"publish","type":"product","link":"https:\/\/www.swisscrochet.ch\/de\/produkt\/tunesisches-haekeln-explorer-kit\/","title":{"rendered":"Tunesisches H\u00e4keln \u2013 Explorer Kit"},"content":{"rendered":"","protected":false},"excerpt":{"rendered":"<p><em>Entdecke die Freude am tunesischen H\u00e4keln mit diesem speziell zusammengestellten Explorer Kit.<\/em><\/p>\n<p>Es enth\u00e4lt alles, was du brauchst, um die Technik auszuprobieren:<\/p>\n<ul>\n<li>2 doppelseitige H\u00e4kelnadeln aus Aluminium in den Gr\u00f6ssen 2.00 mm und 3.00 mm,<\/li>\n<li>4 austauschbare H\u00e4kelnadeln aus Bambus in den Gr\u00f6ssen 4.00 mm, 5.00 mm, 6.00 mm und 8.00 mm,<\/li>\n<li>2 passende Endstopper in den Gr\u00f6ssen (S) small und (L) large,<\/li>\n<li>2 SWIV360-Silberseile (Gr\u00f6sse S, 20 cm und 55 cm) und<\/li>\n<li>2 SWIV360-Silberseile (Gr\u00f6sse L, 20 cm und 55 cm) f\u00fcr geschmeidige, flexible Verbindungen.<\/li>\n<\/ul>\n<p>Mit diesem Set hast du die perfekte Mischung an Werkzeugen, um verschiedene tunesische Maschen auszuprobieren und sofort wundersch\u00f6ne Projekte zu erschaffen.<\/p>\n","protected":false},"featured_media":10843,"template":"","meta":[],"product_brand":[],"product_cat":[220,1473],"product_tag":[],"class_list":{"0":"post-10850","1":"product","2":"type-product","3":"status-publish","4":"has-post-thumbnail","6":"product_cat-hakelnadeln-und-zubehor","7":"product_cat-zubehor-sets","8":"description-off","10":"first","11":"instock","12":"virtual","13":"taxable","14":"purchasable","15":"product-type-bundle"},"bundled_by":[],"bundle_stock_status":"instock","bundle_stock_quantity":11,"bundle_virtual":false,"bundle_layout":"default","bundle_add_to_cart_form_location":"default","bundle_editable_in_cart":false,"bundle_sold_individually_context":"product","bundle_item_grouping":"parent","bundle_min_size":"","bundle_max_size":"","bundle_price":{"price":{"min":{"incl_tax":"105.9","excl_tax":"97.964847"},"max":{"incl_tax":"105.9","excl_tax":"97.964847"}},"regular_price":{"min":{"incl_tax":"105.9","excl_tax":"97.964847"},"max":{"incl_tax":"105.9","excl_tax":"97.964847"}}},"bundled_items":[{"bundled_item_id":358,"product_id":3648,"menu_order":0,"quantity_min":1,"quantity_max":1,"quantity_default":1,"priced_individually":false,"shipped_individually":false,"override_title":false,"title":"Addi &#8211; Tunesische H\u00e4kelnadel &#8211; doppelseitig","override_description":false,"description":"Addi &#8211; Tunesische H\u00e4kelnadel &#8211; doppelseitig","optional":false,"hide_thumbnail":false,"discount":"","override_variations":false,"allowed_variations":[""],"override_default_variation_attributes":true,"default_variation_attributes":[{"id":0,"name":"Size","option":"2.00 mm"}],"single_product_visibility":"hidden","cart_visibility":"visible","order_visibility":"visible","single_product_price_visibility":"visible","cart_price_visibility":"visible","order_price_visibility":"visible","stock_status":"in_stock"},{"bundled_item_id":359,"product_id":3648,"menu_order":1,"quantity_min":1,"quantity_max":1,"quantity_default":1,"priced_individually":false,"shipped_individually":false,"override_title":false,"title":"Addi &#8211; Tunesische H\u00e4kelnadel &#8211; doppelseitig","override_description":false,"description":"Addi &#8211; Tunesische H\u00e4kelnadel &#8211; doppelseitig","optional":false,"hide_thumbnail":false,"discount":"","override_variations":false,"allowed_variations":[""],"override_default_variation_attributes":true,"default_variation_attributes":[{"id":0,"name":"Size","option":"3.00 mm"}],"single_product_visibility":"hidden","cart_visibility":"visible","order_visibility":"visible","single_product_price_visibility":"visible","cart_price_visibility":"visible","order_price_visibility":"visible","stock_status":"in_stock"},{"bundled_item_id":360,"product_id":6852,"menu_order":2,"quantity_min":1,"quantity_max":1,"quantity_default":1,"priced_individually":false,"shipped_individually":false,"override_title":false,"title":"Chiaogoo &#8211; End-Stopper","override_description":false,"description":"Chiaogoo &#8211; End-Stopper","optional":false,"hide_thumbnail":false,"discount":"","override_variations":false,"allowed_variations":[""],"override_default_variation_attributes":true,"default_variation_attributes":[{"id":0,"name":"Type","option":"Small (S)"}],"single_product_visibility":"hidden","cart_visibility":"visible","order_visibility":"visible","single_product_price_visibility":"visible","cart_price_visibility":"visible","order_price_visibility":"visible","stock_status":"in_stock"},{"bundled_item_id":361,"product_id":6852,"menu_order":3,"quantity_min":1,"quantity_max":1,"quantity_default":1,"priced_individually":false,"shipped_individually":false,"override_title":false,"title":"Chiaogoo &#8211; End-Stopper","override_description":false,"description":"Chiaogoo &#8211; End-Stopper","optional":false,"hide_thumbnail":false,"discount":"","override_variations":false,"allowed_variations":[""],"override_default_variation_attributes":true,"default_variation_attributes":[{"id":0,"name":"Type","option":"Large (L)"}],"single_product_visibility":"hidden","cart_visibility":"visible","order_visibility":"visible","single_product_price_visibility":"visible","cart_price_visibility":"visible","order_price_visibility":"visible","stock_status":"in_stock"},{"bundled_item_id":362,"product_id":6913,"menu_order":4,"quantity_min":1,"quantity_max":1,"quantity_default":1,"priced_individually":false,"shipped_individually":false,"override_title":false,"title":"Chiaogoo &#8211; SWIV360 Silver Kabel","override_description":false,"description":"Chiaogoo &#8211; SWIV360 Silver Kabel","optional":false,"hide_thumbnail":false,"discount":"","override_variations":false,"allowed_variations":[""],"override_default_variation_attributes":true,"default_variation_attributes":[{"id":0,"name":"Type","option":"Small (S)"},{"id":0,"name":"Length","option":"20 cm"}],"single_product_visibility":"hidden","cart_visibility":"visible","order_visibility":"visible","single_product_price_visibility":"visible","cart_price_visibility":"visible","order_price_visibility":"visible","stock_status":"in_stock"},{"bundled_item_id":363,"product_id":6913,"menu_order":5,"quantity_min":1,"quantity_max":1,"quantity_default":1,"priced_individually":false,"shipped_individually":false,"override_title":false,"title":"Chiaogoo &#8211; SWIV360 Silver Kabel","override_description":false,"description":"Chiaogoo &#8211; SWIV360 Silver Kabel","optional":false,"hide_thumbnail":false,"discount":"","override_variations":false,"allowed_variations":[""],"override_default_variation_attributes":true,"default_variation_attributes":[{"id":0,"name":"Type","option":"Small (S)"},{"id":0,"name":"Length","option":"55 cm"}],"single_product_visibility":"hidden","cart_visibility":"visible","order_visibility":"visible","single_product_price_visibility":"visible","cart_price_visibility":"visible","order_price_visibility":"visible","stock_status":"in_stock"},{"bundled_item_id":364,"product_id":6913,"menu_order":6,"quantity_min":1,"quantity_max":1,"quantity_default":1,"priced_individually":false,"shipped_individually":false,"override_title":false,"title":"Chiaogoo &#8211; SWIV360 Silver Kabel","override_description":false,"description":"Chiaogoo &#8211; SWIV360 Silver Kabel","optional":false,"hide_thumbnail":false,"discount":"","override_variations":false,"allowed_variations":[""],"override_default_variation_attributes":true,"default_variation_attributes":[{"id":0,"name":"Type","option":"Large (L)"},{"id":0,"name":"Length","option":"20 cm"}],"single_product_visibility":"hidden","cart_visibility":"visible","order_visibility":"visible","single_product_price_visibility":"visible","cart_price_visibility":"visible","order_price_visibility":"visible","stock_status":"in_stock"},{"bundled_item_id":365,"product_id":6913,"menu_order":7,"quantity_min":1,"quantity_max":1,"quantity_default":1,"priced_individually":false,"shipped_individually":false,"override_title":false,"title":"Chiaogoo &#8211; SWIV360 Silver Kabel","override_description":false,"description":"Chiaogoo &#8211; SWIV360 Silver Kabel","optional":false,"hide_thumbnail":false,"discount":"","override_variations":false,"allowed_variations":[""],"override_default_variation_attributes":true,"default_variation_attributes":[{"id":0,"name":"Type","option":"Large (L)"},{"id":0,"name":"Length","option":"55 cm"}],"single_product_visibility":"hidden","cart_visibility":"visible","order_visibility":"visible","single_product_price_visibility":"visible","cart_price_visibility":"visible","order_price_visibility":"visible","stock_status":"in_stock"},{"bundled_item_id":366,"product_id":7010,"menu_order":8,"quantity_min":1,"quantity_max":1,"quantity_default":1,"priced_individually":false,"shipped_individually":false,"override_title":false,"title":"Chiaogoo &#8211; Tunisische H\u00e4kelnadel mit austauschbarer Spitze","override_description":false,"description":"Chiaogoo &#8211; Tunisische H\u00e4kelnadel mit austauschbarer Spitze","optional":false,"hide_thumbnail":false,"discount":"","override_variations":false,"allowed_variations":[""],"override_default_variation_attributes":true,"default_variation_attributes":[{"id":0,"name":"Size","option":"4.00 mm"}],"single_product_visibility":"hidden","cart_visibility":"visible","order_visibility":"visible","single_product_price_visibility":"visible","cart_price_visibility":"visible","order_price_visibility":"visible","stock_status":"in_stock"},{"bundled_item_id":367,"product_id":7010,"menu_order":9,"quantity_min":1,"quantity_max":1,"quantity_default":1,"priced_individually":false,"shipped_individually":false,"override_title":false,"title":"Chiaogoo &#8211; Tunisische H\u00e4kelnadel mit austauschbarer Spitze","override_description":false,"description":"Chiaogoo &#8211; Tunisische H\u00e4kelnadel mit austauschbarer Spitze","optional":false,"hide_thumbnail":false,"discount":"","override_variations":false,"allowed_variations":[""],"override_default_variation_attributes":true,"default_variation_attributes":[{"id":0,"name":"Size","option":"5.00 mm"}],"single_product_visibility":"hidden","cart_visibility":"visible","order_visibility":"visible","single_product_price_visibility":"visible","cart_price_visibility":"visible","order_price_visibility":"visible","stock_status":"in_stock"},{"bundled_item_id":368,"product_id":7010,"menu_order":10,"quantity_min":1,"quantity_max":1,"quantity_default":1,"priced_individually":false,"shipped_individually":false,"override_title":false,"title":"Chiaogoo &#8211; Tunisische H\u00e4kelnadel mit austauschbarer Spitze","override_description":false,"description":"Chiaogoo &#8211; Tunisische H\u00e4kelnadel mit austauschbarer Spitze","optional":false,"hide_thumbnail":false,"discount":"","override_variations":false,"allowed_variations":[""],"override_default_variation_attributes":true,"default_variation_attributes":[{"id":0,"name":"Size","option":"6.00 mm"}],"single_product_visibility":"hidden","cart_visibility":"visible","order_visibility":"visible","single_product_price_visibility":"visible","cart_price_visibility":"visible","order_price_visibility":"visible","stock_status":"in_stock"},{"bundled_item_id":369,"product_id":7010,"menu_order":11,"quantity_min":1,"quantity_max":1,"quantity_default":1,"priced_individually":false,"shipped_individually":false,"override_title":false,"title":"Chiaogoo &#8211; Tunisische H\u00e4kelnadel mit austauschbarer Spitze","override_description":false,"description":"Chiaogoo &#8211; Tunisische H\u00e4kelnadel mit austauschbarer Spitze","optional":false,"hide_thumbnail":false,"discount":"","override_variations":false,"allowed_variations":[""],"override_default_variation_attributes":true,"default_variation_attributes":[{"id":0,"name":"Size","option":"8.00 mm"}],"single_product_visibility":"hidden","cart_visibility":"visible","order_visibility":"visible","single_product_price_visibility":"visible","cart_price_visibility":"visible","order_price_visibility":"visible","stock_status":"in_stock"}],"bundle_sell_ids":[],"yoast_head":"<!-- This site is optimized with the Yoast SEO plugin v27.4 - https:\/\/yoast.com\/product\/yoast-seo-wordpress\/ -->\n<title>Tunesisches H\u00e4keln \u2013 Explorer Kit &#171; Swiss Crochet<\/title>\n<meta name=\"description\" content=\"Entdecke das tunesische H\u00e4keln mit diesem All-in-One-Set, das H\u00e4kelnadeln aus Aluminium und Bambus, Endstopper und SWIV360-Seile f\u00fcr vielseitige, kreative Projekte enth\u00e4lt.\" \/>\n<meta name=\"robots\" content=\"index, follow, max-snippet:-1, max-image-preview:large, max-video-preview:-1\" \/>\n<link rel=\"canonical\" href=\"https:\/\/www.swisscrochet.ch\/produkt\/tunisian-crochet-explorer-kit\/\" \/>\n<meta property=\"og:locale\" content=\"de_DE\" \/>\n<meta property=\"og:type\" content=\"article\" \/>\n<meta property=\"og:title\" content=\"Tunesisches H\u00e4keln \u2013 Explorer Kit &#171; Swiss Crochet\" \/>\n<meta property=\"og:description\" content=\"Entdecke das tunesische H\u00e4keln mit diesem All-in-One-Set, das H\u00e4kelnadeln aus Aluminium und Bambus, Endstopper und SWIV360-Seile f\u00fcr vielseitige, kreative Projekte enth\u00e4lt.\" \/>\n<meta property=\"og:url\" content=\"https:\/\/www.swisscrochet.ch\/produkt\/tunisian-crochet-explorer-kit\/\" \/>\n<meta property=\"og:site_name\" content=\"Swiss Crochet\" \/>\n<meta property=\"article:modified_time\" content=\"2025-08-28T09:13:12+00:00\" \/>\n<meta property=\"og:image\" content=\"https:\/\/www.swisscrochet.ch\/wp-content\/uploads\/2025\/08\/Swiss-Crochet-Tunisian-Crochet-Explorer-Kit-Overview.jpg\" \/>\n\t<meta property=\"og:image:width\" content=\"800\" \/>\n\t<meta property=\"og:image:height\" content=\"800\" \/>\n\t<meta property=\"og:image:type\" content=\"image\/jpeg\" \/>\n<meta name=\"twitter:card\" content=\"summary_large_image\" \/>\n<meta name=\"twitter:label1\" content=\"Gesch\u00e4tzte Lesezeit\" \/>\n\t<meta name=\"twitter:data1\" content=\"1\u00a0Minute\" \/>\n<script type=\"application\/ld+json\" class=\"yoast-schema-graph\">{\"@context\":\"https:\\\/\\\/schema.org\",\"@graph\":[{\"@type\":[\"WebPage\",\"ItemPage\"],\"@id\":\"https:\\\/\\\/www.swisscrochet.ch\\\/produkt\\\/tunisian-crochet-explorer-kit\\\/\",\"url\":\"https:\\\/\\\/www.swisscrochet.ch\\\/produkt\\\/tunisian-crochet-explorer-kit\\\/\",\"name\":\"Tunesisches H\u00e4keln \u2013 Explorer Kit &#171; Swiss Crochet\",\"isPartOf\":{\"@id\":\"https:\\\/\\\/www.swisscrochet.ch\\\/#website\"},\"primaryImageOfPage\":{\"@id\":\"https:\\\/\\\/www.swisscrochet.ch\\\/produkt\\\/tunisian-crochet-explorer-kit\\\/#primaryimage\"},\"image\":{\"@id\":\"https:\\\/\\\/www.swisscrochet.ch\\\/produkt\\\/tunisian-crochet-explorer-kit\\\/#primaryimage\"},\"thumbnailUrl\":\"https:\\\/\\\/www.swisscrochet.ch\\\/wp-content\\\/uploads\\\/2025\\\/08\\\/Swiss-Crochet-Tunisian-Crochet-Explorer-Kit-Overview.jpg\",\"datePublished\":\"2025-08-27T14:18:37+00:00\",\"dateModified\":\"2025-08-28T09:13:12+00:00\",\"description\":\"Entdecke das tunesische H\u00e4keln mit diesem All-in-One-Set, das H\u00e4kelnadeln aus Aluminium und Bambus, Endstopper und SWIV360-Seile f\u00fcr vielseitige, kreative Projekte enth\u00e4lt.\",\"breadcrumb\":{\"@id\":\"https:\\\/\\\/www.swisscrochet.ch\\\/produkt\\\/tunisian-crochet-explorer-kit\\\/#breadcrumb\"},\"inLanguage\":\"de\",\"potentialAction\":[{\"@type\":\"ReadAction\",\"target\":[\"https:\\\/\\\/www.swisscrochet.ch\\\/produkt\\\/tunisian-crochet-explorer-kit\\\/\"]}]},{\"@type\":\"ImageObject\",\"inLanguage\":\"de\",\"@id\":\"https:\\\/\\\/www.swisscrochet.ch\\\/produkt\\\/tunisian-crochet-explorer-kit\\\/#primaryimage\",\"url\":\"https:\\\/\\\/www.swisscrochet.ch\\\/wp-content\\\/uploads\\\/2025\\\/08\\\/Swiss-Crochet-Tunisian-Crochet-Explorer-Kit-Overview.jpg\",\"contentUrl\":\"https:\\\/\\\/www.swisscrochet.ch\\\/wp-content\\\/uploads\\\/2025\\\/08\\\/Swiss-Crochet-Tunisian-Crochet-Explorer-Kit-Overview.jpg\",\"width\":800,\"height\":800},{\"@type\":\"BreadcrumbList\",\"@id\":\"https:\\\/\\\/www.swisscrochet.ch\\\/produkt\\\/tunisian-crochet-explorer-kit\\\/#breadcrumb\",\"itemListElement\":[{\"@type\":\"ListItem\",\"position\":1,\"name\":\"Home\",\"item\":\"https:\\\/\\\/www.swisscrochet.ch\\\/de\\\/\"},{\"@type\":\"ListItem\",\"position\":2,\"name\":\"Shop\",\"item\":\"https:\\\/\\\/www.swisscrochet.ch\\\/de\\\/shop\\\/\"},{\"@type\":\"ListItem\",\"position\":3,\"name\":\"Tunesisches H\u00e4keln \u2013 Explorer Kit\"}]},{\"@type\":\"WebSite\",\"@id\":\"https:\\\/\\\/www.swisscrochet.ch\\\/#website\",\"url\":\"https:\\\/\\\/www.swisscrochet.ch\\\/\",\"name\":\"Swiss Crochet\",\"description\":\"Entfalte dein kreatives Potenzial\",\"potentialAction\":[{\"@type\":\"SearchAction\",\"target\":{\"@type\":\"EntryPoint\",\"urlTemplate\":\"https:\\\/\\\/www.swisscrochet.ch\\\/?s={search_term_string}\"},\"query-input\":{\"@type\":\"PropertyValueSpecification\",\"valueRequired\":true,\"valueName\":\"search_term_string\"}}],\"inLanguage\":\"de\"}]}<\/script>\n<!-- \/ Yoast SEO plugin. -->","yoast_head_json":{"title":"Tunesisches H\u00e4keln \u2013 Explorer Kit &#171; Swiss Crochet","description":"Entdecke das tunesische H\u00e4keln mit diesem All-in-One-Set, das H\u00e4kelnadeln aus Aluminium und Bambus, Endstopper und SWIV360-Seile f\u00fcr vielseitige, kreative Projekte enth\u00e4lt.","robots":{"index":"index","follow":"follow","max-snippet":"max-snippet:-1","max-image-preview":"max-image-preview:large","max-video-preview":"max-video-preview:-1"},"canonical":"https:\/\/www.swisscrochet.ch\/produkt\/tunisian-crochet-explorer-kit\/","og_locale":"de_DE","og_type":"article","og_title":"Tunesisches H\u00e4keln \u2013 Explorer Kit &#171; Swiss Crochet","og_description":"Entdecke das tunesische H\u00e4keln mit diesem All-in-One-Set, das H\u00e4kelnadeln aus Aluminium und Bambus, Endstopper und SWIV360-Seile f\u00fcr vielseitige, kreative Projekte enth\u00e4lt.","og_url":"https:\/\/www.swisscrochet.ch\/produkt\/tunisian-crochet-explorer-kit\/","og_site_name":"Swiss Crochet","article_modified_time":"2025-08-28T09:13:12+00:00","og_image":[{"width":800,"height":800,"url":"https:\/\/www.swisscrochet.ch\/wp-content\/uploads\/2025\/08\/Swiss-Crochet-Tunisian-Crochet-Explorer-Kit-Overview.jpg","type":"image\/jpeg"}],"twitter_card":"summary_large_image","twitter_misc":{"Gesch\u00e4tzte Lesezeit":"1\u00a0Minute"},"schema":{"@context":"https:\/\/schema.org","@graph":[{"@type":["WebPage","ItemPage"],"@id":"https:\/\/www.swisscrochet.ch\/produkt\/tunisian-crochet-explorer-kit\/","url":"https:\/\/www.swisscrochet.ch\/produkt\/tunisian-crochet-explorer-kit\/","name":"Tunesisches H\u00e4keln \u2013 Explorer Kit &#171; Swiss Crochet","isPartOf":{"@id":"https:\/\/www.swisscrochet.ch\/#website"},"primaryImageOfPage":{"@id":"https:\/\/www.swisscrochet.ch\/produkt\/tunisian-crochet-explorer-kit\/#primaryimage"},"image":{"@id":"https:\/\/www.swisscrochet.ch\/produkt\/tunisian-crochet-explorer-kit\/#primaryimage"},"thumbnailUrl":"https:\/\/www.swisscrochet.ch\/wp-content\/uploads\/2025\/08\/Swiss-Crochet-Tunisian-Crochet-Explorer-Kit-Overview.jpg","datePublished":"2025-08-27T14:18:37+00:00","dateModified":"2025-08-28T09:13:12+00:00","description":"Entdecke das tunesische H\u00e4keln mit diesem All-in-One-Set, das H\u00e4kelnadeln aus Aluminium und Bambus, Endstopper und SWIV360-Seile f\u00fcr vielseitige, kreative Projekte enth\u00e4lt.","breadcrumb":{"@id":"https:\/\/www.swisscrochet.ch\/produkt\/tunisian-crochet-explorer-kit\/#breadcrumb"},"inLanguage":"de","potentialAction":[{"@type":"ReadAction","target":["https:\/\/www.swisscrochet.ch\/produkt\/tunisian-crochet-explorer-kit\/"]}]},{"@type":"ImageObject","inLanguage":"de","@id":"https:\/\/www.swisscrochet.ch\/produkt\/tunisian-crochet-explorer-kit\/#primaryimage","url":"https:\/\/www.swisscrochet.ch\/wp-content\/uploads\/2025\/08\/Swiss-Crochet-Tunisian-Crochet-Explorer-Kit-Overview.jpg","contentUrl":"https:\/\/www.swisscrochet.ch\/wp-content\/uploads\/2025\/08\/Swiss-Crochet-Tunisian-Crochet-Explorer-Kit-Overview.jpg","width":800,"height":800},{"@type":"BreadcrumbList","@id":"https:\/\/www.swisscrochet.ch\/produkt\/tunisian-crochet-explorer-kit\/#breadcrumb","itemListElement":[{"@type":"ListItem","position":1,"name":"Home","item":"https:\/\/www.swisscrochet.ch\/de\/"},{"@type":"ListItem","position":2,"name":"Shop","item":"https:\/\/www.swisscrochet.ch\/de\/shop\/"},{"@type":"ListItem","position":3,"name":"Tunesisches H\u00e4keln \u2013 Explorer Kit"}]},{"@type":"WebSite","@id":"https:\/\/www.swisscrochet.ch\/#website","url":"https:\/\/www.swisscrochet.ch\/","name":"Swiss Crochet","description":"Entfalte dein kreatives Potenzial","potentialAction":[{"@type":"SearchAction","target":{"@type":"EntryPoint","urlTemplate":"https:\/\/www.swisscrochet.ch\/?s={search_term_string}"},"query-input":{"@type":"PropertyValueSpecification","valueRequired":true,"valueName":"search_term_string"}}],"inLanguage":"de"}]}},"_links":{"self":[{"href":"https:\/\/www.swisscrochet.ch\/de\/wp-json\/wp\/v2\/product\/10850","targetHints":{"allow":["GET"]}}],"collection":[{"href":"https:\/\/www.swisscrochet.ch\/de\/wp-json\/wp\/v2\/product"}],"about":[{"href":"https:\/\/www.swisscrochet.ch\/de\/wp-json\/wp\/v2\/types\/product"}],"wp:featuredmedia":[{"embeddable":true,"href":"https:\/\/www.swisscrochet.ch\/de\/wp-json\/wp\/v2\/media\/10843"}],"wp:attachment":[{"href":"https:\/\/www.swisscrochet.ch\/de\/wp-json\/wp\/v2\/media?parent=10850"}],"wp:term":[{"taxonomy":"product_brand","embeddable":true,"href":"https:\/\/www.swisscrochet.ch\/de\/wp-json\/wp\/v2\/product_brand?post=10850"},{"taxonomy":"product_cat","embeddable":true,"href":"https:\/\/www.swisscrochet.ch\/de\/wp-json\/wp\/v2\/product_cat?post=10850"},{"taxonomy":"product_tag","embeddable":true,"href":"https:\/\/www.swisscrochet.ch\/de\/wp-json\/wp\/v2\/product_tag?post=10850"}],"curies":[{"name":"wp","href":"https:\/\/api.w.org\/{rel}","templated":true}]}}