{"id":11002,"date":"2025-08-28T14:30:19","date_gmt":"2025-08-28T12:30:19","guid":{"rendered":"https:\/\/www.swisscrochet.ch\/product\/scheepjes-catona-minis-colour-pack\/"},"modified":"2026-01-06T16:54:20","modified_gmt":"2026-01-06T15:54:20","slug":"scheepjes-catona-minis-colour-pack","status":"publish","type":"product","link":"https:\/\/www.swisscrochet.ch\/de\/produkt\/scheepjes-catona-minis-colour-pack\/","title":{"rendered":"Scheepjes &#8211; Catona Minis Colour Pack"},"content":{"rendered":"","protected":false},"excerpt":{"rendered":"<p>Die Scheepjes Catona Minis Colour Packs sind die perfekte M\u00f6glichkeit, Farbe und Kreativit\u00e4t in deine H\u00e4kelprojekte zu bringen. Jedes kompakte Set enth\u00e4lt <strong>10 Minikn\u00e4uel Catona (je 25 gr)<\/strong> in einer wundersch\u00f6n abgestimmten Auswahl von Farbt\u00f6nen, die sorgf\u00e4ltig um ein bestimmtes Farbthema zusammengestellt wurden.<\/p>\n<p>Diese Packs sind ideal f\u00fcr kleinere Projekte, saisonale Arbeiten oder jedes Design, bei dem du mit mehreren Farben experimentieren m\u00f6chtest, ohne dich gleich auf ganze Kn\u00e4uel festzulegen. Dank der harmonischen Kombinationen kannst du direkt in dein n\u00e4chstes Projekt starten \u2013 ob du Accessoires h\u00e4kelst, Amigurumi gestaltest oder deinem Zuhause farbenfrohe Details hinzuf\u00fcgst.<\/p>\n<p>Bringe frische Inspiration in deinen Garnvorrat mit den Scheepjes Catona Minis Colour Packs \u2013 wundersch\u00f6ne Farben, perfekt aufeinander abgestimmt und immer bereit f\u00fcr deine Kreativit\u00e4t.<\/p>\n<p><em>Hinweis: Dieses Garnset enth\u00e4lt nur Garn, keine Anleitung oder Nadeln\/Werkzeuge sind enthalten.<\/em><\/p>\n","protected":false},"featured_media":10907,"template":"","meta":[],"product_brand":[],"product_cat":[332,1676],"product_tag":[],"class_list":{"0":"post-11002","1":"product","2":"type-product","3":"status-publish","4":"has-post-thumbnail","6":"product_cat-garnkits","7":"product_cat-garnkits-garnpakete","8":"pa_t1-manufacturer-scheepjes-de","9":"description-off","11":"first","12":"instock","13":"taxable","14":"shipping-taxable","15":"purchasable","16":"product-type-variable","17":"wvs-archive-product-wrapper"},"bundled_by":[],"bundle_stock_status":"instock","bundle_stock_quantity":null,"bundle_virtual":false,"bundle_layout":"","bundle_add_to_cart_form_location":"","bundle_editable_in_cart":false,"bundle_sold_individually_context":"","bundle_item_grouping":"","bundle_min_size":"","bundle_max_size":"","bundle_price":[],"bundled_items":[],"bundle_sell_ids":[],"yoast_head":"<!-- This site is optimized with the Yoast SEO plugin v27.4 - https:\/\/yoast.com\/product\/yoast-seo-wordpress\/ -->\n<title>Scheepjes - Catona Minis Colour Pack &#171; Swiss Crochet<\/title>\n<meta name=\"description\" content=\"Entdecke die Scheepjes Catona Minis Colour Packs \u2013 10 x 25gr Minikn\u00e4uel in wundersch\u00f6n abgestimmten Farbkombinationen. Perfekt f\u00fcr H\u00e4kelprojekte, Amigurumi und um deinen Kreationen einen Farbakzent zu verleihen.\" \/>\n<meta name=\"robots\" content=\"index, follow, max-snippet:-1, max-image-preview:large, max-video-preview:-1\" \/>\n<link rel=\"canonical\" href=\"https:\/\/www.swisscrochet.ch\/produkt\/scheepjes-catona-minis-colour-pack\/\" \/>\n<meta property=\"og:locale\" content=\"de_DE\" \/>\n<meta property=\"og:type\" content=\"article\" \/>\n<meta property=\"og:title\" content=\"Scheepjes - Catona Minis Colour Pack &#171; Swiss Crochet\" \/>\n<meta property=\"og:description\" content=\"Entdecke die Scheepjes Catona Minis Colour Packs \u2013 10 x 25gr Minikn\u00e4uel in wundersch\u00f6n abgestimmten Farbkombinationen. Perfekt f\u00fcr H\u00e4kelprojekte, Amigurumi und um deinen Kreationen einen Farbakzent zu verleihen.\" \/>\n<meta property=\"og:url\" content=\"https:\/\/www.swisscrochet.ch\/produkt\/scheepjes-catona-minis-colour-pack\/\" \/>\n<meta property=\"og:site_name\" content=\"Swiss Crochet\" \/>\n<meta property=\"article:modified_time\" content=\"2026-01-06T15:54:20+00:00\" \/>\n<meta property=\"og:image\" content=\"https:\/\/www.swisscrochet.ch\/wp-content\/uploads\/2025\/08\/Scheepjes-Catona-Minis-Colour-Pack-Overview.jpg\" \/>\n\t<meta property=\"og:image:width\" content=\"1000\" \/>\n\t<meta property=\"og:image:height\" content=\"1000\" \/>\n\t<meta property=\"og:image:type\" content=\"image\/jpeg\" \/>\n<meta name=\"twitter:card\" content=\"summary_large_image\" \/>\n<meta name=\"twitter:label1\" content=\"Gesch\u00e4tzte Lesezeit\" \/>\n\t<meta name=\"twitter:data1\" content=\"1\u00a0Minute\" \/>\n<script type=\"application\/ld+json\" class=\"yoast-schema-graph\">{\"@context\":\"https:\\\/\\\/schema.org\",\"@graph\":[{\"@type\":[\"WebPage\",\"ItemPage\"],\"@id\":\"https:\\\/\\\/www.swisscrochet.ch\\\/produkt\\\/scheepjes-catona-minis-colour-pack\\\/\",\"url\":\"https:\\\/\\\/www.swisscrochet.ch\\\/produkt\\\/scheepjes-catona-minis-colour-pack\\\/\",\"name\":\"Scheepjes - Catona Minis Colour Pack &#171; Swiss Crochet\",\"isPartOf\":{\"@id\":\"https:\\\/\\\/www.swisscrochet.ch\\\/#website\"},\"primaryImageOfPage\":{\"@id\":\"https:\\\/\\\/www.swisscrochet.ch\\\/produkt\\\/scheepjes-catona-minis-colour-pack\\\/#primaryimage\"},\"image\":{\"@id\":\"https:\\\/\\\/www.swisscrochet.ch\\\/produkt\\\/scheepjes-catona-minis-colour-pack\\\/#primaryimage\"},\"thumbnailUrl\":\"https:\\\/\\\/www.swisscrochet.ch\\\/wp-content\\\/uploads\\\/2025\\\/08\\\/Scheepjes-Catona-Minis-Colour-Pack-Overview.jpg\",\"datePublished\":\"2025-08-28T12:30:19+00:00\",\"dateModified\":\"2026-01-06T15:54:20+00:00\",\"description\":\"Entdecke die Scheepjes Catona Minis Colour Packs \u2013 10 x 25gr Minikn\u00e4uel in wundersch\u00f6n abgestimmten Farbkombinationen. Perfekt f\u00fcr H\u00e4kelprojekte, Amigurumi und um deinen Kreationen einen Farbakzent zu verleihen.\",\"breadcrumb\":{\"@id\":\"https:\\\/\\\/www.swisscrochet.ch\\\/produkt\\\/scheepjes-catona-minis-colour-pack\\\/#breadcrumb\"},\"inLanguage\":\"de\",\"potentialAction\":[{\"@type\":\"ReadAction\",\"target\":[\"https:\\\/\\\/www.swisscrochet.ch\\\/produkt\\\/scheepjes-catona-minis-colour-pack\\\/\"]}]},{\"@type\":\"ImageObject\",\"inLanguage\":\"de\",\"@id\":\"https:\\\/\\\/www.swisscrochet.ch\\\/produkt\\\/scheepjes-catona-minis-colour-pack\\\/#primaryimage\",\"url\":\"https:\\\/\\\/www.swisscrochet.ch\\\/wp-content\\\/uploads\\\/2025\\\/08\\\/Scheepjes-Catona-Minis-Colour-Pack-Overview.jpg\",\"contentUrl\":\"https:\\\/\\\/www.swisscrochet.ch\\\/wp-content\\\/uploads\\\/2025\\\/08\\\/Scheepjes-Catona-Minis-Colour-Pack-Overview.jpg\",\"width\":1000,\"height\":1000},{\"@type\":\"BreadcrumbList\",\"@id\":\"https:\\\/\\\/www.swisscrochet.ch\\\/produkt\\\/scheepjes-catona-minis-colour-pack\\\/#breadcrumb\",\"itemListElement\":[{\"@type\":\"ListItem\",\"position\":1,\"name\":\"Home\",\"item\":\"https:\\\/\\\/www.swisscrochet.ch\\\/de\\\/\"},{\"@type\":\"ListItem\",\"position\":2,\"name\":\"Shop\",\"item\":\"https:\\\/\\\/www.swisscrochet.ch\\\/de\\\/shop\\\/\"},{\"@type\":\"ListItem\",\"position\":3,\"name\":\"Scheepjes &#8211; Catona Minis Colour Pack\"}]},{\"@type\":\"WebSite\",\"@id\":\"https:\\\/\\\/www.swisscrochet.ch\\\/#website\",\"url\":\"https:\\\/\\\/www.swisscrochet.ch\\\/\",\"name\":\"Swiss Crochet\",\"description\":\"Entfalte dein kreatives Potenzial\",\"potentialAction\":[{\"@type\":\"SearchAction\",\"target\":{\"@type\":\"EntryPoint\",\"urlTemplate\":\"https:\\\/\\\/www.swisscrochet.ch\\\/?s={search_term_string}\"},\"query-input\":{\"@type\":\"PropertyValueSpecification\",\"valueRequired\":true,\"valueName\":\"search_term_string\"}}],\"inLanguage\":\"de\"}]}<\/script>\n<!-- \/ Yoast SEO plugin. -->","yoast_head_json":{"title":"Scheepjes - Catona Minis Colour Pack &#171; Swiss Crochet","description":"Entdecke die Scheepjes Catona Minis Colour Packs \u2013 10 x 25gr Minikn\u00e4uel in wundersch\u00f6n abgestimmten Farbkombinationen. Perfekt f\u00fcr H\u00e4kelprojekte, Amigurumi und um deinen Kreationen einen Farbakzent zu verleihen.","robots":{"index":"index","follow":"follow","max-snippet":"max-snippet:-1","max-image-preview":"max-image-preview:large","max-video-preview":"max-video-preview:-1"},"canonical":"https:\/\/www.swisscrochet.ch\/produkt\/scheepjes-catona-minis-colour-pack\/","og_locale":"de_DE","og_type":"article","og_title":"Scheepjes - Catona Minis Colour Pack &#171; Swiss Crochet","og_description":"Entdecke die Scheepjes Catona Minis Colour Packs \u2013 10 x 25gr Minikn\u00e4uel in wundersch\u00f6n abgestimmten Farbkombinationen. Perfekt f\u00fcr H\u00e4kelprojekte, Amigurumi und um deinen Kreationen einen Farbakzent zu verleihen.","og_url":"https:\/\/www.swisscrochet.ch\/produkt\/scheepjes-catona-minis-colour-pack\/","og_site_name":"Swiss Crochet","article_modified_time":"2026-01-06T15:54:20+00:00","og_image":[{"width":1000,"height":1000,"url":"https:\/\/www.swisscrochet.ch\/wp-content\/uploads\/2025\/08\/Scheepjes-Catona-Minis-Colour-Pack-Overview.jpg","type":"image\/jpeg"}],"twitter_card":"summary_large_image","twitter_misc":{"Gesch\u00e4tzte Lesezeit":"1\u00a0Minute"},"schema":{"@context":"https:\/\/schema.org","@graph":[{"@type":["WebPage","ItemPage"],"@id":"https:\/\/www.swisscrochet.ch\/produkt\/scheepjes-catona-minis-colour-pack\/","url":"https:\/\/www.swisscrochet.ch\/produkt\/scheepjes-catona-minis-colour-pack\/","name":"Scheepjes - Catona Minis Colour Pack &#171; Swiss Crochet","isPartOf":{"@id":"https:\/\/www.swisscrochet.ch\/#website"},"primaryImageOfPage":{"@id":"https:\/\/www.swisscrochet.ch\/produkt\/scheepjes-catona-minis-colour-pack\/#primaryimage"},"image":{"@id":"https:\/\/www.swisscrochet.ch\/produkt\/scheepjes-catona-minis-colour-pack\/#primaryimage"},"thumbnailUrl":"https:\/\/www.swisscrochet.ch\/wp-content\/uploads\/2025\/08\/Scheepjes-Catona-Minis-Colour-Pack-Overview.jpg","datePublished":"2025-08-28T12:30:19+00:00","dateModified":"2026-01-06T15:54:20+00:00","description":"Entdecke die Scheepjes Catona Minis Colour Packs \u2013 10 x 25gr Minikn\u00e4uel in wundersch\u00f6n abgestimmten Farbkombinationen. Perfekt f\u00fcr H\u00e4kelprojekte, Amigurumi und um deinen Kreationen einen Farbakzent zu verleihen.","breadcrumb":{"@id":"https:\/\/www.swisscrochet.ch\/produkt\/scheepjes-catona-minis-colour-pack\/#breadcrumb"},"inLanguage":"de","potentialAction":[{"@type":"ReadAction","target":["https:\/\/www.swisscrochet.ch\/produkt\/scheepjes-catona-minis-colour-pack\/"]}]},{"@type":"ImageObject","inLanguage":"de","@id":"https:\/\/www.swisscrochet.ch\/produkt\/scheepjes-catona-minis-colour-pack\/#primaryimage","url":"https:\/\/www.swisscrochet.ch\/wp-content\/uploads\/2025\/08\/Scheepjes-Catona-Minis-Colour-Pack-Overview.jpg","contentUrl":"https:\/\/www.swisscrochet.ch\/wp-content\/uploads\/2025\/08\/Scheepjes-Catona-Minis-Colour-Pack-Overview.jpg","width":1000,"height":1000},{"@type":"BreadcrumbList","@id":"https:\/\/www.swisscrochet.ch\/produkt\/scheepjes-catona-minis-colour-pack\/#breadcrumb","itemListElement":[{"@type":"ListItem","position":1,"name":"Home","item":"https:\/\/www.swisscrochet.ch\/de\/"},{"@type":"ListItem","position":2,"name":"Shop","item":"https:\/\/www.swisscrochet.ch\/de\/shop\/"},{"@type":"ListItem","position":3,"name":"Scheepjes &#8211; Catona Minis Colour Pack"}]},{"@type":"WebSite","@id":"https:\/\/www.swisscrochet.ch\/#website","url":"https:\/\/www.swisscrochet.ch\/","name":"Swiss Crochet","description":"Entfalte dein kreatives Potenzial","potentialAction":[{"@type":"SearchAction","target":{"@type":"EntryPoint","urlTemplate":"https:\/\/www.swisscrochet.ch\/?s={search_term_string}"},"query-input":{"@type":"PropertyValueSpecification","valueRequired":true,"valueName":"search_term_string"}}],"inLanguage":"de"}]}},"_links":{"self":[{"href":"https:\/\/www.swisscrochet.ch\/de\/wp-json\/wp\/v2\/product\/11002","targetHints":{"allow":["GET"]}}],"collection":[{"href":"https:\/\/www.swisscrochet.ch\/de\/wp-json\/wp\/v2\/product"}],"about":[{"href":"https:\/\/www.swisscrochet.ch\/de\/wp-json\/wp\/v2\/types\/product"}],"wp:featuredmedia":[{"embeddable":true,"href":"https:\/\/www.swisscrochet.ch\/de\/wp-json\/wp\/v2\/media\/10907"}],"wp:attachment":[{"href":"https:\/\/www.swisscrochet.ch\/de\/wp-json\/wp\/v2\/media?parent=11002"}],"wp:term":[{"taxonomy":"product_brand","embeddable":true,"href":"https:\/\/www.swisscrochet.ch\/de\/wp-json\/wp\/v2\/product_brand?post=11002"},{"taxonomy":"product_cat","embeddable":true,"href":"https:\/\/www.swisscrochet.ch\/de\/wp-json\/wp\/v2\/product_cat?post=11002"},{"taxonomy":"product_tag","embeddable":true,"href":"https:\/\/www.swisscrochet.ch\/de\/wp-json\/wp\/v2\/product_tag?post=11002"}],"curies":[{"name":"wp","href":"https:\/\/api.w.org\/{rel}","templated":true}]}}