{"id":11039,"date":"2025-08-28T14:52:15","date_gmt":"2025-08-28T12:52:15","guid":{"rendered":"https:\/\/www.swisscrochet.ch\/product\/knitpro-yarn-dispenser-natural\/"},"modified":"2025-08-28T15:11:40","modified_gmt":"2025-08-28T13:11:40","slug":"knitpro-garnspender-natural","status":"publish","type":"product","link":"https:\/\/www.swisscrochet.ch\/de\/produkt\/knitpro-garnspender-natural\/","title":{"rendered":"KnitPro \u2013 Garnspender Natural"},"content":{"rendered":"","protected":false},"excerpt":{"rendered":"<p>Halte dein Garn mit dem KnitPro Garnspender aus Naturholz verhedderungsfrei und gleichm\u00e4ssig ablaufend. Dieser Spender vereint Funktionalit\u00e4t und \u00c4sthetik: Er h\u00e4lt dein Garn sicher an seinem Platz, w\u00e4hrend es sich beim H\u00e4keln gleichm\u00e4ssig abwickelt.<\/p>\n<p>Die stabile Holzbasis sorgt f\u00fcr Standfestigkeit, w\u00e4hrend der sanft rotierende Deckel ein m\u00fcheloses Abgleiten des Garns erm\u00f6glicht, Knoten und Verheddern verhindert und unn\u00f6tiges Wegrollen vermeidet. Die nat\u00fcrliche Holzoberfl\u00e4che verleiht deinem Bastelbereich einen warmen, eleganten Akzent.<\/p>\n<p>Ideal, um dein Garn organisiert, sauber und leicht verarbeitbar zu halten \u2013 ein unverzichtbares Zubeh\u00f6r f\u00fcr jeden H\u00e4kelfan und Garnliebhaber.<\/p>\n","protected":false},"featured_media":10867,"template":"","meta":[],"product_brand":[],"product_cat":[220,571],"product_tag":[],"class_list":{"0":"post-11039","1":"product","2":"type-product","3":"status-publish","4":"has-post-thumbnail","6":"product_cat-hakelnadeln-und-zubehor","7":"product_cat-wickelzubehoer","8":"pa_t1-manufacturer-knitpro-de","9":"description-off","11":"first","12":"instock","13":"taxable","14":"shipping-taxable","15":"purchasable","16":"product-type-simple"},"bundled_by":[],"bundle_stock_status":"instock","bundle_stock_quantity":2,"bundle_virtual":false,"bundle_layout":"","bundle_add_to_cart_form_location":"","bundle_editable_in_cart":false,"bundle_sold_individually_context":"","bundle_item_grouping":"","bundle_min_size":"","bundle_max_size":"","bundle_price":[],"bundled_items":[],"bundle_sell_ids":[],"yoast_head":"<!-- This site is optimized with the Yoast SEO plugin v27.5 - https:\/\/yoast.com\/product\/yoast-seo-wordpress\/ -->\n<title>KnitPro \u2013 Garnspender Natural &#171; Swiss Crochet<\/title>\n<meta name=\"description\" content=\"Halte dein Garn mit dem KnitPro Garnspender Natural frei von Verheddern. Eine stabile Holzbasis und sanfte Drehung sorgen f\u00fcr einen m\u00fchelosen Garnfluss und elegante Organisation.\" \/>\n<meta name=\"robots\" content=\"index, follow, max-snippet:-1, max-image-preview:large, max-video-preview:-1\" \/>\n<link rel=\"canonical\" href=\"https:\/\/www.swisscrochet.ch\/de\/produkt\/knitpro-garnspender-natural\/\" \/>\n<meta property=\"og:locale\" content=\"de_DE\" \/>\n<meta property=\"og:type\" content=\"article\" \/>\n<meta property=\"og:title\" content=\"KnitPro \u2013 Garnspender Natural &#171; Swiss Crochet\" \/>\n<meta property=\"og:description\" content=\"Halte dein Garn mit dem KnitPro Garnspender Natural frei von Verheddern. Eine stabile Holzbasis und sanfte Drehung sorgen f\u00fcr einen m\u00fchelosen Garnfluss und elegante Organisation.\" \/>\n<meta property=\"og:url\" content=\"https:\/\/www.swisscrochet.ch\/de\/produkt\/knitpro-garnspender-natural\/\" \/>\n<meta property=\"og:site_name\" content=\"Swiss Crochet\" \/>\n<meta property=\"article:modified_time\" content=\"2025-08-28T13:11:40+00:00\" \/>\n<meta property=\"og:image\" content=\"https:\/\/www.swisscrochet.ch\/wp-content\/uploads\/2025\/08\/KnitPro-Yarn-Dispenser-Natural-Overview.jpg\" \/>\n\t<meta property=\"og:image:width\" content=\"1000\" \/>\n\t<meta property=\"og:image:height\" content=\"1000\" \/>\n\t<meta property=\"og:image:type\" content=\"image\/jpeg\" \/>\n<meta name=\"twitter:card\" content=\"summary_large_image\" \/>\n<meta name=\"twitter:label1\" content=\"Gesch\u00e4tzte Lesezeit\" \/>\n\t<meta name=\"twitter:data1\" content=\"1\u00a0Minute\" \/>\n<script type=\"application\/ld+json\" class=\"yoast-schema-graph\">{\"@context\":\"https:\\\/\\\/schema.org\",\"@graph\":[{\"@type\":[\"WebPage\",\"ItemPage\"],\"@id\":\"https:\\\/\\\/www.swisscrochet.ch\\\/de\\\/produkt\\\/knitpro-garnspender-natural\\\/\",\"url\":\"https:\\\/\\\/www.swisscrochet.ch\\\/de\\\/produkt\\\/knitpro-garnspender-natural\\\/\",\"name\":\"KnitPro \u2013 Garnspender Natural &#171; Swiss Crochet\",\"isPartOf\":{\"@id\":\"https:\\\/\\\/www.swisscrochet.ch\\\/#website\"},\"primaryImageOfPage\":{\"@id\":\"https:\\\/\\\/www.swisscrochet.ch\\\/de\\\/produkt\\\/knitpro-garnspender-natural\\\/#primaryimage\"},\"image\":{\"@id\":\"https:\\\/\\\/www.swisscrochet.ch\\\/de\\\/produkt\\\/knitpro-garnspender-natural\\\/#primaryimage\"},\"thumbnailUrl\":\"https:\\\/\\\/www.swisscrochet.ch\\\/wp-content\\\/uploads\\\/2025\\\/08\\\/KnitPro-Yarn-Dispenser-Natural-Overview.jpg\",\"datePublished\":\"2025-08-28T12:52:15+00:00\",\"dateModified\":\"2025-08-28T13:11:40+00:00\",\"description\":\"Halte dein Garn mit dem KnitPro Garnspender Natural frei von Verheddern. Eine stabile Holzbasis und sanfte Drehung sorgen f\u00fcr einen m\u00fchelosen Garnfluss und elegante Organisation.\",\"breadcrumb\":{\"@id\":\"https:\\\/\\\/www.swisscrochet.ch\\\/de\\\/produkt\\\/knitpro-garnspender-natural\\\/#breadcrumb\"},\"inLanguage\":\"de\",\"potentialAction\":[{\"@type\":\"ReadAction\",\"target\":[\"https:\\\/\\\/www.swisscrochet.ch\\\/de\\\/produkt\\\/knitpro-garnspender-natural\\\/\"]}]},{\"@type\":\"ImageObject\",\"inLanguage\":\"de\",\"@id\":\"https:\\\/\\\/www.swisscrochet.ch\\\/de\\\/produkt\\\/knitpro-garnspender-natural\\\/#primaryimage\",\"url\":\"https:\\\/\\\/www.swisscrochet.ch\\\/wp-content\\\/uploads\\\/2025\\\/08\\\/KnitPro-Yarn-Dispenser-Natural-Overview.jpg\",\"contentUrl\":\"https:\\\/\\\/www.swisscrochet.ch\\\/wp-content\\\/uploads\\\/2025\\\/08\\\/KnitPro-Yarn-Dispenser-Natural-Overview.jpg\",\"width\":1000,\"height\":1000},{\"@type\":\"BreadcrumbList\",\"@id\":\"https:\\\/\\\/www.swisscrochet.ch\\\/de\\\/produkt\\\/knitpro-garnspender-natural\\\/#breadcrumb\",\"itemListElement\":[{\"@type\":\"ListItem\",\"position\":1,\"name\":\"Home\",\"item\":\"https:\\\/\\\/www.swisscrochet.ch\\\/de\\\/\"},{\"@type\":\"ListItem\",\"position\":2,\"name\":\"Shop\",\"item\":\"https:\\\/\\\/www.swisscrochet.ch\\\/de\\\/shop\\\/\"},{\"@type\":\"ListItem\",\"position\":3,\"name\":\"KnitPro \u2013 Garnspender Natural\"}]},{\"@type\":\"WebSite\",\"@id\":\"https:\\\/\\\/www.swisscrochet.ch\\\/#website\",\"url\":\"https:\\\/\\\/www.swisscrochet.ch\\\/\",\"name\":\"Swiss Crochet\",\"description\":\"Entfalte dein kreatives Potenzial\",\"potentialAction\":[{\"@type\":\"SearchAction\",\"target\":{\"@type\":\"EntryPoint\",\"urlTemplate\":\"https:\\\/\\\/www.swisscrochet.ch\\\/?s={search_term_string}\"},\"query-input\":{\"@type\":\"PropertyValueSpecification\",\"valueRequired\":true,\"valueName\":\"search_term_string\"}}],\"inLanguage\":\"de\"}]}<\/script>\n<!-- \/ Yoast SEO plugin. -->","yoast_head_json":{"title":"KnitPro \u2013 Garnspender Natural &#171; Swiss Crochet","description":"Halte dein Garn mit dem KnitPro Garnspender Natural frei von Verheddern. Eine stabile Holzbasis und sanfte Drehung sorgen f\u00fcr einen m\u00fchelosen Garnfluss und elegante Organisation.","robots":{"index":"index","follow":"follow","max-snippet":"max-snippet:-1","max-image-preview":"max-image-preview:large","max-video-preview":"max-video-preview:-1"},"canonical":"https:\/\/www.swisscrochet.ch\/de\/produkt\/knitpro-garnspender-natural\/","og_locale":"de_DE","og_type":"article","og_title":"KnitPro \u2013 Garnspender Natural &#171; Swiss Crochet","og_description":"Halte dein Garn mit dem KnitPro Garnspender Natural frei von Verheddern. Eine stabile Holzbasis und sanfte Drehung sorgen f\u00fcr einen m\u00fchelosen Garnfluss und elegante Organisation.","og_url":"https:\/\/www.swisscrochet.ch\/de\/produkt\/knitpro-garnspender-natural\/","og_site_name":"Swiss Crochet","article_modified_time":"2025-08-28T13:11:40+00:00","og_image":[{"width":1000,"height":1000,"url":"https:\/\/www.swisscrochet.ch\/wp-content\/uploads\/2025\/08\/KnitPro-Yarn-Dispenser-Natural-Overview.jpg","type":"image\/jpeg"}],"twitter_card":"summary_large_image","twitter_misc":{"Gesch\u00e4tzte Lesezeit":"1\u00a0Minute"},"schema":{"@context":"https:\/\/schema.org","@graph":[{"@type":["WebPage","ItemPage"],"@id":"https:\/\/www.swisscrochet.ch\/de\/produkt\/knitpro-garnspender-natural\/","url":"https:\/\/www.swisscrochet.ch\/de\/produkt\/knitpro-garnspender-natural\/","name":"KnitPro \u2013 Garnspender Natural &#171; Swiss Crochet","isPartOf":{"@id":"https:\/\/www.swisscrochet.ch\/#website"},"primaryImageOfPage":{"@id":"https:\/\/www.swisscrochet.ch\/de\/produkt\/knitpro-garnspender-natural\/#primaryimage"},"image":{"@id":"https:\/\/www.swisscrochet.ch\/de\/produkt\/knitpro-garnspender-natural\/#primaryimage"},"thumbnailUrl":"https:\/\/www.swisscrochet.ch\/wp-content\/uploads\/2025\/08\/KnitPro-Yarn-Dispenser-Natural-Overview.jpg","datePublished":"2025-08-28T12:52:15+00:00","dateModified":"2025-08-28T13:11:40+00:00","description":"Halte dein Garn mit dem KnitPro Garnspender Natural frei von Verheddern. Eine stabile Holzbasis und sanfte Drehung sorgen f\u00fcr einen m\u00fchelosen Garnfluss und elegante Organisation.","breadcrumb":{"@id":"https:\/\/www.swisscrochet.ch\/de\/produkt\/knitpro-garnspender-natural\/#breadcrumb"},"inLanguage":"de","potentialAction":[{"@type":"ReadAction","target":["https:\/\/www.swisscrochet.ch\/de\/produkt\/knitpro-garnspender-natural\/"]}]},{"@type":"ImageObject","inLanguage":"de","@id":"https:\/\/www.swisscrochet.ch\/de\/produkt\/knitpro-garnspender-natural\/#primaryimage","url":"https:\/\/www.swisscrochet.ch\/wp-content\/uploads\/2025\/08\/KnitPro-Yarn-Dispenser-Natural-Overview.jpg","contentUrl":"https:\/\/www.swisscrochet.ch\/wp-content\/uploads\/2025\/08\/KnitPro-Yarn-Dispenser-Natural-Overview.jpg","width":1000,"height":1000},{"@type":"BreadcrumbList","@id":"https:\/\/www.swisscrochet.ch\/de\/produkt\/knitpro-garnspender-natural\/#breadcrumb","itemListElement":[{"@type":"ListItem","position":1,"name":"Home","item":"https:\/\/www.swisscrochet.ch\/de\/"},{"@type":"ListItem","position":2,"name":"Shop","item":"https:\/\/www.swisscrochet.ch\/de\/shop\/"},{"@type":"ListItem","position":3,"name":"KnitPro \u2013 Garnspender Natural"}]},{"@type":"WebSite","@id":"https:\/\/www.swisscrochet.ch\/#website","url":"https:\/\/www.swisscrochet.ch\/","name":"Swiss Crochet","description":"Entfalte dein kreatives Potenzial","potentialAction":[{"@type":"SearchAction","target":{"@type":"EntryPoint","urlTemplate":"https:\/\/www.swisscrochet.ch\/?s={search_term_string}"},"query-input":{"@type":"PropertyValueSpecification","valueRequired":true,"valueName":"search_term_string"}}],"inLanguage":"de"}]}},"_links":{"self":[{"href":"https:\/\/www.swisscrochet.ch\/de\/wp-json\/wp\/v2\/product\/11039","targetHints":{"allow":["GET"]}}],"collection":[{"href":"https:\/\/www.swisscrochet.ch\/de\/wp-json\/wp\/v2\/product"}],"about":[{"href":"https:\/\/www.swisscrochet.ch\/de\/wp-json\/wp\/v2\/types\/product"}],"wp:featuredmedia":[{"embeddable":true,"href":"https:\/\/www.swisscrochet.ch\/de\/wp-json\/wp\/v2\/media\/10867"}],"wp:attachment":[{"href":"https:\/\/www.swisscrochet.ch\/de\/wp-json\/wp\/v2\/media?parent=11039"}],"wp:term":[{"taxonomy":"product_brand","embeddable":true,"href":"https:\/\/www.swisscrochet.ch\/de\/wp-json\/wp\/v2\/product_brand?post=11039"},{"taxonomy":"product_cat","embeddable":true,"href":"https:\/\/www.swisscrochet.ch\/de\/wp-json\/wp\/v2\/product_cat?post=11039"},{"taxonomy":"product_tag","embeddable":true,"href":"https:\/\/www.swisscrochet.ch\/de\/wp-json\/wp\/v2\/product_tag?post=11039"}],"curies":[{"name":"wp","href":"https:\/\/api.w.org\/{rel}","templated":true}]}}