{"id":11169,"date":"2025-09-04T18:24:11","date_gmt":"2025-09-04T16:24:11","guid":{"rendered":"https:\/\/www.swisscrochet.ch\/product\/swivel-snap-hook-1-piece\/"},"modified":"2026-03-04T21:35:31","modified_gmt":"2026-03-04T20:35:31","slug":"karabinerhaken-drehbar-1-stueck","status":"publish","type":"product","link":"https:\/\/www.swisscrochet.ch\/de\/produkt\/karabinerhaken-drehbar-1-stueck\/","title":{"rendered":"Karabinerhaken drehbar &#8211; 1 St\u00fcck"},"content":{"rendered":"","protected":false},"excerpt":{"rendered":"<p>Verleihe deinen handgemachten Kreationen einen praktischen und stilvollen letzten Schliff mit diesen vielseitigen drehbaren Karabinerhaken. Ideal zum Befestigen von Tr\u00e4gern oder Henkeln an deinen H\u00e4keltaschen, eignen sie sich auch hervorragend als funktionale Verschl\u00fcsse oder zum Basteln von Schl\u00fcsselanh\u00e4ngern und Anh\u00e4ngern.<\/p>\n<p>Jeder Haken verf\u00fcgt \u00fcber eine sanfte 360\u00b0-Drehung, sodass sich die Tr\u00e4ger beim Gebrauch nicht verdrehen oder verheddern. Mit einer Breite von 25 mm passen sie perfekt zu passenden Tr\u00e4gern, Gurten oder Henkeln. Erh\u00e4ltlich in verschiedenen Farben, um den Stil deines Projekts zu unterstreichen.<\/p>\n<p>Geliefert pro St\u00fcck (1 St\u00fcck).<\/p>\n","protected":false},"featured_media":17132,"template":"","meta":[],"product_brand":[],"product_cat":[220,1557],"product_tag":[],"class_list":{"0":"post-11169","1":"product","2":"type-product","3":"status-publish","4":"has-post-thumbnail","6":"product_cat-hakelnadeln-und-zubehor","7":"product_cat-zubehoer-fuer-taschen","8":"description-off","10":"first","11":"instock","12":"taxable","13":"shipping-taxable","14":"purchasable","15":"product-type-variable","16":"wvs-archive-product-wrapper"},"bundled_by":[],"bundle_stock_status":"instock","bundle_stock_quantity":null,"bundle_virtual":false,"bundle_layout":"","bundle_add_to_cart_form_location":"","bundle_editable_in_cart":false,"bundle_sold_individually_context":"","bundle_item_grouping":"","bundle_min_size":"","bundle_max_size":"","bundle_price":[],"bundled_items":[],"bundle_sell_ids":[],"yoast_head":"<!-- This site is optimized with the Yoast SEO plugin v27.5 - https:\/\/yoast.com\/product\/yoast-seo-wordpress\/ -->\n<title>Karabinerhaken drehbar - 1 St\u00fcck &#171; Swiss Crochet<\/title>\n<meta name=\"description\" content=\"Robuste drehbare Karabinerhaken f\u00fcr H\u00e4kel-Taschen, Tr\u00e4ger oder Schl\u00fcsselanh\u00e4nger. 25 mm Breite, sanfte Drehung, in verschiedenen Farben erh\u00e4ltlich. St\u00fcckweise verkauft.\" \/>\n<meta name=\"robots\" content=\"index, follow, max-snippet:-1, max-image-preview:large, max-video-preview:-1\" \/>\n<link rel=\"canonical\" href=\"https:\/\/www.swisscrochet.ch\/produkt\/swivel-snap-hook-1-piece\/\" \/>\n<meta property=\"og:locale\" content=\"de_DE\" \/>\n<meta property=\"og:type\" content=\"article\" \/>\n<meta property=\"og:title\" content=\"Karabinerhaken drehbar - 1 St\u00fcck &#171; Swiss Crochet\" \/>\n<meta property=\"og:description\" content=\"Robuste drehbare Karabinerhaken f\u00fcr H\u00e4kel-Taschen, Tr\u00e4ger oder Schl\u00fcsselanh\u00e4nger. 25 mm Breite, sanfte Drehung, in verschiedenen Farben erh\u00e4ltlich. St\u00fcckweise verkauft.\" \/>\n<meta property=\"og:url\" content=\"https:\/\/www.swisscrochet.ch\/produkt\/swivel-snap-hook-1-piece\/\" \/>\n<meta property=\"og:site_name\" content=\"Swiss Crochet\" \/>\n<meta property=\"article:modified_time\" content=\"2026-03-04T20:35:31+00:00\" \/>\n<meta property=\"og:image\" content=\"https:\/\/www.swisscrochet.ch\/wp-content\/uploads\/2025\/12\/Swivel-Snap-Hook-Overview.jpg\" \/>\n\t<meta property=\"og:image:width\" content=\"1000\" \/>\n\t<meta property=\"og:image:height\" content=\"1000\" \/>\n\t<meta property=\"og:image:type\" content=\"image\/jpeg\" \/>\n<meta name=\"twitter:card\" content=\"summary_large_image\" \/>\n<script type=\"application\/ld+json\" class=\"yoast-schema-graph\">{\"@context\":\"https:\\\/\\\/schema.org\",\"@graph\":[{\"@type\":[\"WebPage\",\"ItemPage\"],\"@id\":\"https:\\\/\\\/www.swisscrochet.ch\\\/produkt\\\/swivel-snap-hook-1-piece\\\/\",\"url\":\"https:\\\/\\\/www.swisscrochet.ch\\\/produkt\\\/swivel-snap-hook-1-piece\\\/\",\"name\":\"Karabinerhaken drehbar - 1 St\u00fcck &#171; Swiss Crochet\",\"isPartOf\":{\"@id\":\"https:\\\/\\\/www.swisscrochet.ch\\\/#website\"},\"primaryImageOfPage\":{\"@id\":\"https:\\\/\\\/www.swisscrochet.ch\\\/produkt\\\/swivel-snap-hook-1-piece\\\/#primaryimage\"},\"image\":{\"@id\":\"https:\\\/\\\/www.swisscrochet.ch\\\/produkt\\\/swivel-snap-hook-1-piece\\\/#primaryimage\"},\"thumbnailUrl\":\"https:\\\/\\\/www.swisscrochet.ch\\\/wp-content\\\/uploads\\\/2025\\\/12\\\/Swivel-Snap-Hook-Overview.jpg\",\"datePublished\":\"2025-09-04T16:24:11+00:00\",\"dateModified\":\"2026-03-04T20:35:31+00:00\",\"description\":\"Robuste drehbare Karabinerhaken f\u00fcr H\u00e4kel-Taschen, Tr\u00e4ger oder Schl\u00fcsselanh\u00e4nger. 25 mm Breite, sanfte Drehung, in verschiedenen Farben erh\u00e4ltlich. St\u00fcckweise verkauft.\",\"breadcrumb\":{\"@id\":\"https:\\\/\\\/www.swisscrochet.ch\\\/produkt\\\/swivel-snap-hook-1-piece\\\/#breadcrumb\"},\"inLanguage\":\"de\",\"potentialAction\":[{\"@type\":\"ReadAction\",\"target\":[\"https:\\\/\\\/www.swisscrochet.ch\\\/produkt\\\/swivel-snap-hook-1-piece\\\/\"]}]},{\"@type\":\"ImageObject\",\"inLanguage\":\"de\",\"@id\":\"https:\\\/\\\/www.swisscrochet.ch\\\/produkt\\\/swivel-snap-hook-1-piece\\\/#primaryimage\",\"url\":\"https:\\\/\\\/www.swisscrochet.ch\\\/wp-content\\\/uploads\\\/2025\\\/12\\\/Swivel-Snap-Hook-Overview.jpg\",\"contentUrl\":\"https:\\\/\\\/www.swisscrochet.ch\\\/wp-content\\\/uploads\\\/2025\\\/12\\\/Swivel-Snap-Hook-Overview.jpg\",\"width\":1000,\"height\":1000},{\"@type\":\"BreadcrumbList\",\"@id\":\"https:\\\/\\\/www.swisscrochet.ch\\\/produkt\\\/swivel-snap-hook-1-piece\\\/#breadcrumb\",\"itemListElement\":[{\"@type\":\"ListItem\",\"position\":1,\"name\":\"Home\",\"item\":\"https:\\\/\\\/www.swisscrochet.ch\\\/de\\\/\"},{\"@type\":\"ListItem\",\"position\":2,\"name\":\"Shop\",\"item\":\"https:\\\/\\\/www.swisscrochet.ch\\\/de\\\/shop\\\/\"},{\"@type\":\"ListItem\",\"position\":3,\"name\":\"Karabinerhaken drehbar &#8211; 1 St\u00fcck\"}]},{\"@type\":\"WebSite\",\"@id\":\"https:\\\/\\\/www.swisscrochet.ch\\\/#website\",\"url\":\"https:\\\/\\\/www.swisscrochet.ch\\\/\",\"name\":\"Swiss Crochet\",\"description\":\"Entfalte dein kreatives Potenzial\",\"potentialAction\":[{\"@type\":\"SearchAction\",\"target\":{\"@type\":\"EntryPoint\",\"urlTemplate\":\"https:\\\/\\\/www.swisscrochet.ch\\\/?s={search_term_string}\"},\"query-input\":{\"@type\":\"PropertyValueSpecification\",\"valueRequired\":true,\"valueName\":\"search_term_string\"}}],\"inLanguage\":\"de\"}]}<\/script>\n<!-- \/ Yoast SEO plugin. -->","yoast_head_json":{"title":"Karabinerhaken drehbar - 1 St\u00fcck &#171; Swiss Crochet","description":"Robuste drehbare Karabinerhaken f\u00fcr H\u00e4kel-Taschen, Tr\u00e4ger oder Schl\u00fcsselanh\u00e4nger. 25 mm Breite, sanfte Drehung, in verschiedenen Farben erh\u00e4ltlich. St\u00fcckweise verkauft.","robots":{"index":"index","follow":"follow","max-snippet":"max-snippet:-1","max-image-preview":"max-image-preview:large","max-video-preview":"max-video-preview:-1"},"canonical":"https:\/\/www.swisscrochet.ch\/produkt\/swivel-snap-hook-1-piece\/","og_locale":"de_DE","og_type":"article","og_title":"Karabinerhaken drehbar - 1 St\u00fcck &#171; Swiss Crochet","og_description":"Robuste drehbare Karabinerhaken f\u00fcr H\u00e4kel-Taschen, Tr\u00e4ger oder Schl\u00fcsselanh\u00e4nger. 25 mm Breite, sanfte Drehung, in verschiedenen Farben erh\u00e4ltlich. St\u00fcckweise verkauft.","og_url":"https:\/\/www.swisscrochet.ch\/produkt\/swivel-snap-hook-1-piece\/","og_site_name":"Swiss Crochet","article_modified_time":"2026-03-04T20:35:31+00:00","og_image":[{"width":1000,"height":1000,"url":"https:\/\/www.swisscrochet.ch\/wp-content\/uploads\/2025\/12\/Swivel-Snap-Hook-Overview.jpg","type":"image\/jpeg"}],"twitter_card":"summary_large_image","schema":{"@context":"https:\/\/schema.org","@graph":[{"@type":["WebPage","ItemPage"],"@id":"https:\/\/www.swisscrochet.ch\/produkt\/swivel-snap-hook-1-piece\/","url":"https:\/\/www.swisscrochet.ch\/produkt\/swivel-snap-hook-1-piece\/","name":"Karabinerhaken drehbar - 1 St\u00fcck &#171; Swiss Crochet","isPartOf":{"@id":"https:\/\/www.swisscrochet.ch\/#website"},"primaryImageOfPage":{"@id":"https:\/\/www.swisscrochet.ch\/produkt\/swivel-snap-hook-1-piece\/#primaryimage"},"image":{"@id":"https:\/\/www.swisscrochet.ch\/produkt\/swivel-snap-hook-1-piece\/#primaryimage"},"thumbnailUrl":"https:\/\/www.swisscrochet.ch\/wp-content\/uploads\/2025\/12\/Swivel-Snap-Hook-Overview.jpg","datePublished":"2025-09-04T16:24:11+00:00","dateModified":"2026-03-04T20:35:31+00:00","description":"Robuste drehbare Karabinerhaken f\u00fcr H\u00e4kel-Taschen, Tr\u00e4ger oder Schl\u00fcsselanh\u00e4nger. 25 mm Breite, sanfte Drehung, in verschiedenen Farben erh\u00e4ltlich. St\u00fcckweise verkauft.","breadcrumb":{"@id":"https:\/\/www.swisscrochet.ch\/produkt\/swivel-snap-hook-1-piece\/#breadcrumb"},"inLanguage":"de","potentialAction":[{"@type":"ReadAction","target":["https:\/\/www.swisscrochet.ch\/produkt\/swivel-snap-hook-1-piece\/"]}]},{"@type":"ImageObject","inLanguage":"de","@id":"https:\/\/www.swisscrochet.ch\/produkt\/swivel-snap-hook-1-piece\/#primaryimage","url":"https:\/\/www.swisscrochet.ch\/wp-content\/uploads\/2025\/12\/Swivel-Snap-Hook-Overview.jpg","contentUrl":"https:\/\/www.swisscrochet.ch\/wp-content\/uploads\/2025\/12\/Swivel-Snap-Hook-Overview.jpg","width":1000,"height":1000},{"@type":"BreadcrumbList","@id":"https:\/\/www.swisscrochet.ch\/produkt\/swivel-snap-hook-1-piece\/#breadcrumb","itemListElement":[{"@type":"ListItem","position":1,"name":"Home","item":"https:\/\/www.swisscrochet.ch\/de\/"},{"@type":"ListItem","position":2,"name":"Shop","item":"https:\/\/www.swisscrochet.ch\/de\/shop\/"},{"@type":"ListItem","position":3,"name":"Karabinerhaken drehbar &#8211; 1 St\u00fcck"}]},{"@type":"WebSite","@id":"https:\/\/www.swisscrochet.ch\/#website","url":"https:\/\/www.swisscrochet.ch\/","name":"Swiss Crochet","description":"Entfalte dein kreatives Potenzial","potentialAction":[{"@type":"SearchAction","target":{"@type":"EntryPoint","urlTemplate":"https:\/\/www.swisscrochet.ch\/?s={search_term_string}"},"query-input":{"@type":"PropertyValueSpecification","valueRequired":true,"valueName":"search_term_string"}}],"inLanguage":"de"}]}},"_links":{"self":[{"href":"https:\/\/www.swisscrochet.ch\/de\/wp-json\/wp\/v2\/product\/11169","targetHints":{"allow":["GET"]}}],"collection":[{"href":"https:\/\/www.swisscrochet.ch\/de\/wp-json\/wp\/v2\/product"}],"about":[{"href":"https:\/\/www.swisscrochet.ch\/de\/wp-json\/wp\/v2\/types\/product"}],"wp:featuredmedia":[{"embeddable":true,"href":"https:\/\/www.swisscrochet.ch\/de\/wp-json\/wp\/v2\/media\/17132"}],"wp:attachment":[{"href":"https:\/\/www.swisscrochet.ch\/de\/wp-json\/wp\/v2\/media?parent=11169"}],"wp:term":[{"taxonomy":"product_brand","embeddable":true,"href":"https:\/\/www.swisscrochet.ch\/de\/wp-json\/wp\/v2\/product_brand?post=11169"},{"taxonomy":"product_cat","embeddable":true,"href":"https:\/\/www.swisscrochet.ch\/de\/wp-json\/wp\/v2\/product_cat?post=11169"},{"taxonomy":"product_tag","embeddable":true,"href":"https:\/\/www.swisscrochet.ch\/de\/wp-json\/wp\/v2\/product_tag?post=11169"}],"curies":[{"name":"wp","href":"https:\/\/api.w.org\/{rel}","templated":true}]}}