{"id":11386,"date":"2025-09-05T12:31:29","date_gmt":"2025-09-05T10:31:29","guid":{"rendered":"https:\/\/www.swisscrochet.ch\/product\/tulip-etimo-murasaki-crochet-hook-with-soft-handle\/"},"modified":"2025-11-29T11:15:26","modified_gmt":"2025-11-29T10:15:26","slug":"tulip-etimo-murasaki-haekelnadel-mit-weichem-griff","status":"publish","type":"product","link":"https:\/\/www.swisscrochet.ch\/de\/produkt\/tulip-etimo-murasaki-haekelnadel-mit-weichem-griff\/","title":{"rendered":"Tulip &#8211; Etimo Murasaki &#8211; H\u00e4kelnadel mit weichem Griff"},"content":{"rendered":"","protected":false},"excerpt":{"rendered":"<p>Die Tulip Etimo Murasaki H\u00e4kelnadel ist ein hochwertiger [dt_tooltip title=\"konischer\"]Ein konischer H\u00e4kelnadel hat einen abgerundeten Kopf, einen Hals, der schmaler als der Schaft ist, und einen langen Schaft \u2013 besonders im Vergleich zu anderen H\u00e4kelnadelarten.[\/dt_tooltip] H\u00e4kelnadel mit einer gut abgerundeten Kopf \u2013 weder zu spitz noch zu flach \u2013 der f\u00fcr glattes und pr\u00e4zises H\u00e4keln sorgt. Der weiche, ergonomische Griff verf\u00fcgt \u00fcber einen anatomischen Daumenrest, der den Komfort erh\u00f6ht und Handerm\u00fcdung bei langen H\u00e4kel-Sitzungen reduziert.<\/p>\n<p>Die Metallbeschichtung des H\u00e4kelnadels verleiht ihm nicht nur eine auff\u00e4llige, violete Farbe, sondern sorgt auch f\u00fcr den perfekten Halt, sodass das Garn m\u00fchelos gleitet und du eine gleichm\u00e4ssige Spannung beibehalten kannst.<\/p>\n<p>Der Tulip Etimo Murasaki H\u00e4kelnadel ist vielseitig und funktioniert wunderbar mit allen Arten von Garn und Fasern.<\/p>\n","protected":false},"featured_media":11202,"template":"","meta":[],"product_brand":[],"product_cat":[551,220],"product_tag":[],"class_list":{"0":"post-11386","1":"product","2":"type-product","3":"status-publish","4":"has-post-thumbnail","6":"product_cat-haekelnadeln-mit-griff","7":"product_cat-hakelnadeln-und-zubehor","8":"product_shipping_class-kleinsendungen","9":"pa_t1-manufacturer-tulip-de","10":"description-off","12":"first","13":"instock","14":"taxable","15":"shipping-taxable","16":"purchasable","17":"product-type-variable","18":"wvs-archive-product-wrapper"},"bundled_by":["16023"],"bundle_stock_status":"instock","bundle_stock_quantity":null,"bundle_virtual":false,"bundle_layout":"","bundle_add_to_cart_form_location":"","bundle_editable_in_cart":false,"bundle_sold_individually_context":"","bundle_item_grouping":"","bundle_min_size":"","bundle_max_size":"","bundle_price":[],"bundled_items":[],"bundle_sell_ids":[],"yoast_head":"<!-- This site is optimized with the Yoast SEO plugin v27.4 - https:\/\/yoast.com\/product\/yoast-seo-wordpress\/ -->\n<title>Tulip - Etimo Murasaki - H\u00e4kelnadel mit weichem Griff &#171; Swiss Crochet<\/title>\n<meta name=\"description\" content=\"Tulip Etimo Murasaki H\u00e4kelnadel mit weichem Griff, Metallbeschichtung f\u00fcr perfekten Halt und reibungsloses Garngleiten. Ideal f\u00fcr alle Garntypen.\" \/>\n<meta name=\"robots\" content=\"index, follow, max-snippet:-1, max-image-preview:large, max-video-preview:-1\" \/>\n<link rel=\"canonical\" href=\"https:\/\/www.swisscrochet.ch\/produkt\/tulip-etimo-murasaki-crochet-hook-with-soft-handle\/\" \/>\n<meta property=\"og:locale\" content=\"de_DE\" \/>\n<meta property=\"og:type\" content=\"article\" \/>\n<meta property=\"og:title\" content=\"Tulip - Etimo Murasaki - H\u00e4kelnadel mit weichem Griff &#171; Swiss Crochet\" \/>\n<meta property=\"og:description\" content=\"Tulip Etimo Murasaki H\u00e4kelnadel mit weichem Griff, Metallbeschichtung f\u00fcr perfekten Halt und reibungsloses Garngleiten. Ideal f\u00fcr alle Garntypen.\" \/>\n<meta property=\"og:url\" content=\"https:\/\/www.swisscrochet.ch\/produkt\/tulip-etimo-murasaki-crochet-hook-with-soft-handle\/\" \/>\n<meta property=\"og:site_name\" content=\"Swiss Crochet\" \/>\n<meta property=\"article:modified_time\" content=\"2025-11-29T10:15:26+00:00\" \/>\n<meta property=\"og:image\" content=\"https:\/\/www.swisscrochet.ch\/wp-content\/uploads\/2025\/09\/Tulip-Etimo-Murasaki-Crochet-Hook-Overview.jpg\" \/>\n\t<meta property=\"og:image:width\" content=\"1000\" \/>\n\t<meta property=\"og:image:height\" content=\"1000\" \/>\n\t<meta property=\"og:image:type\" content=\"image\/jpeg\" \/>\n<meta name=\"twitter:card\" content=\"summary_large_image\" \/>\n<meta name=\"twitter:label1\" content=\"Gesch\u00e4tzte Lesezeit\" \/>\n\t<meta name=\"twitter:data1\" content=\"1\u00a0Minute\" \/>\n<script type=\"application\/ld+json\" class=\"yoast-schema-graph\">{\"@context\":\"https:\\\/\\\/schema.org\",\"@graph\":[{\"@type\":[\"WebPage\",\"ItemPage\"],\"@id\":\"https:\\\/\\\/www.swisscrochet.ch\\\/produkt\\\/tulip-etimo-murasaki-crochet-hook-with-soft-handle\\\/\",\"url\":\"https:\\\/\\\/www.swisscrochet.ch\\\/produkt\\\/tulip-etimo-murasaki-crochet-hook-with-soft-handle\\\/\",\"name\":\"Tulip - Etimo Murasaki - H\u00e4kelnadel mit weichem Griff &#171; Swiss Crochet\",\"isPartOf\":{\"@id\":\"https:\\\/\\\/www.swisscrochet.ch\\\/#website\"},\"primaryImageOfPage\":{\"@id\":\"https:\\\/\\\/www.swisscrochet.ch\\\/produkt\\\/tulip-etimo-murasaki-crochet-hook-with-soft-handle\\\/#primaryimage\"},\"image\":{\"@id\":\"https:\\\/\\\/www.swisscrochet.ch\\\/produkt\\\/tulip-etimo-murasaki-crochet-hook-with-soft-handle\\\/#primaryimage\"},\"thumbnailUrl\":\"https:\\\/\\\/www.swisscrochet.ch\\\/wp-content\\\/uploads\\\/2025\\\/09\\\/Tulip-Etimo-Murasaki-Crochet-Hook-Overview.jpg\",\"datePublished\":\"2025-09-05T10:31:29+00:00\",\"dateModified\":\"2025-11-29T10:15:26+00:00\",\"description\":\"Tulip Etimo Murasaki H\u00e4kelnadel mit weichem Griff, Metallbeschichtung f\u00fcr perfekten Halt und reibungsloses Garngleiten. Ideal f\u00fcr alle Garntypen.\",\"breadcrumb\":{\"@id\":\"https:\\\/\\\/www.swisscrochet.ch\\\/produkt\\\/tulip-etimo-murasaki-crochet-hook-with-soft-handle\\\/#breadcrumb\"},\"inLanguage\":\"de\",\"potentialAction\":[{\"@type\":\"ReadAction\",\"target\":[\"https:\\\/\\\/www.swisscrochet.ch\\\/produkt\\\/tulip-etimo-murasaki-crochet-hook-with-soft-handle\\\/\"]}]},{\"@type\":\"ImageObject\",\"inLanguage\":\"de\",\"@id\":\"https:\\\/\\\/www.swisscrochet.ch\\\/produkt\\\/tulip-etimo-murasaki-crochet-hook-with-soft-handle\\\/#primaryimage\",\"url\":\"https:\\\/\\\/www.swisscrochet.ch\\\/wp-content\\\/uploads\\\/2025\\\/09\\\/Tulip-Etimo-Murasaki-Crochet-Hook-Overview.jpg\",\"contentUrl\":\"https:\\\/\\\/www.swisscrochet.ch\\\/wp-content\\\/uploads\\\/2025\\\/09\\\/Tulip-Etimo-Murasaki-Crochet-Hook-Overview.jpg\",\"width\":1000,\"height\":1000},{\"@type\":\"BreadcrumbList\",\"@id\":\"https:\\\/\\\/www.swisscrochet.ch\\\/produkt\\\/tulip-etimo-murasaki-crochet-hook-with-soft-handle\\\/#breadcrumb\",\"itemListElement\":[{\"@type\":\"ListItem\",\"position\":1,\"name\":\"Home\",\"item\":\"https:\\\/\\\/www.swisscrochet.ch\\\/de\\\/\"},{\"@type\":\"ListItem\",\"position\":2,\"name\":\"Shop\",\"item\":\"https:\\\/\\\/www.swisscrochet.ch\\\/de\\\/shop\\\/\"},{\"@type\":\"ListItem\",\"position\":3,\"name\":\"Tulip &#8211; Etimo Murasaki &#8211; H\u00e4kelnadel mit weichem Griff\"}]},{\"@type\":\"WebSite\",\"@id\":\"https:\\\/\\\/www.swisscrochet.ch\\\/#website\",\"url\":\"https:\\\/\\\/www.swisscrochet.ch\\\/\",\"name\":\"Swiss Crochet\",\"description\":\"Entfalte dein kreatives Potenzial\",\"potentialAction\":[{\"@type\":\"SearchAction\",\"target\":{\"@type\":\"EntryPoint\",\"urlTemplate\":\"https:\\\/\\\/www.swisscrochet.ch\\\/?s={search_term_string}\"},\"query-input\":{\"@type\":\"PropertyValueSpecification\",\"valueRequired\":true,\"valueName\":\"search_term_string\"}}],\"inLanguage\":\"de\"}]}<\/script>\n<!-- \/ Yoast SEO plugin. -->","yoast_head_json":{"title":"Tulip - Etimo Murasaki - H\u00e4kelnadel mit weichem Griff &#171; Swiss Crochet","description":"Tulip Etimo Murasaki H\u00e4kelnadel mit weichem Griff, Metallbeschichtung f\u00fcr perfekten Halt und reibungsloses Garngleiten. Ideal f\u00fcr alle Garntypen.","robots":{"index":"index","follow":"follow","max-snippet":"max-snippet:-1","max-image-preview":"max-image-preview:large","max-video-preview":"max-video-preview:-1"},"canonical":"https:\/\/www.swisscrochet.ch\/produkt\/tulip-etimo-murasaki-crochet-hook-with-soft-handle\/","og_locale":"de_DE","og_type":"article","og_title":"Tulip - Etimo Murasaki - H\u00e4kelnadel mit weichem Griff &#171; Swiss Crochet","og_description":"Tulip Etimo Murasaki H\u00e4kelnadel mit weichem Griff, Metallbeschichtung f\u00fcr perfekten Halt und reibungsloses Garngleiten. Ideal f\u00fcr alle Garntypen.","og_url":"https:\/\/www.swisscrochet.ch\/produkt\/tulip-etimo-murasaki-crochet-hook-with-soft-handle\/","og_site_name":"Swiss Crochet","article_modified_time":"2025-11-29T10:15:26+00:00","og_image":[{"width":1000,"height":1000,"url":"https:\/\/www.swisscrochet.ch\/wp-content\/uploads\/2025\/09\/Tulip-Etimo-Murasaki-Crochet-Hook-Overview.jpg","type":"image\/jpeg"}],"twitter_card":"summary_large_image","twitter_misc":{"Gesch\u00e4tzte Lesezeit":"1\u00a0Minute"},"schema":{"@context":"https:\/\/schema.org","@graph":[{"@type":["WebPage","ItemPage"],"@id":"https:\/\/www.swisscrochet.ch\/produkt\/tulip-etimo-murasaki-crochet-hook-with-soft-handle\/","url":"https:\/\/www.swisscrochet.ch\/produkt\/tulip-etimo-murasaki-crochet-hook-with-soft-handle\/","name":"Tulip - Etimo Murasaki - H\u00e4kelnadel mit weichem Griff &#171; Swiss Crochet","isPartOf":{"@id":"https:\/\/www.swisscrochet.ch\/#website"},"primaryImageOfPage":{"@id":"https:\/\/www.swisscrochet.ch\/produkt\/tulip-etimo-murasaki-crochet-hook-with-soft-handle\/#primaryimage"},"image":{"@id":"https:\/\/www.swisscrochet.ch\/produkt\/tulip-etimo-murasaki-crochet-hook-with-soft-handle\/#primaryimage"},"thumbnailUrl":"https:\/\/www.swisscrochet.ch\/wp-content\/uploads\/2025\/09\/Tulip-Etimo-Murasaki-Crochet-Hook-Overview.jpg","datePublished":"2025-09-05T10:31:29+00:00","dateModified":"2025-11-29T10:15:26+00:00","description":"Tulip Etimo Murasaki H\u00e4kelnadel mit weichem Griff, Metallbeschichtung f\u00fcr perfekten Halt und reibungsloses Garngleiten. Ideal f\u00fcr alle Garntypen.","breadcrumb":{"@id":"https:\/\/www.swisscrochet.ch\/produkt\/tulip-etimo-murasaki-crochet-hook-with-soft-handle\/#breadcrumb"},"inLanguage":"de","potentialAction":[{"@type":"ReadAction","target":["https:\/\/www.swisscrochet.ch\/produkt\/tulip-etimo-murasaki-crochet-hook-with-soft-handle\/"]}]},{"@type":"ImageObject","inLanguage":"de","@id":"https:\/\/www.swisscrochet.ch\/produkt\/tulip-etimo-murasaki-crochet-hook-with-soft-handle\/#primaryimage","url":"https:\/\/www.swisscrochet.ch\/wp-content\/uploads\/2025\/09\/Tulip-Etimo-Murasaki-Crochet-Hook-Overview.jpg","contentUrl":"https:\/\/www.swisscrochet.ch\/wp-content\/uploads\/2025\/09\/Tulip-Etimo-Murasaki-Crochet-Hook-Overview.jpg","width":1000,"height":1000},{"@type":"BreadcrumbList","@id":"https:\/\/www.swisscrochet.ch\/produkt\/tulip-etimo-murasaki-crochet-hook-with-soft-handle\/#breadcrumb","itemListElement":[{"@type":"ListItem","position":1,"name":"Home","item":"https:\/\/www.swisscrochet.ch\/de\/"},{"@type":"ListItem","position":2,"name":"Shop","item":"https:\/\/www.swisscrochet.ch\/de\/shop\/"},{"@type":"ListItem","position":3,"name":"Tulip &#8211; Etimo Murasaki &#8211; H\u00e4kelnadel mit weichem Griff"}]},{"@type":"WebSite","@id":"https:\/\/www.swisscrochet.ch\/#website","url":"https:\/\/www.swisscrochet.ch\/","name":"Swiss Crochet","description":"Entfalte dein kreatives Potenzial","potentialAction":[{"@type":"SearchAction","target":{"@type":"EntryPoint","urlTemplate":"https:\/\/www.swisscrochet.ch\/?s={search_term_string}"},"query-input":{"@type":"PropertyValueSpecification","valueRequired":true,"valueName":"search_term_string"}}],"inLanguage":"de"}]}},"_links":{"self":[{"href":"https:\/\/www.swisscrochet.ch\/de\/wp-json\/wp\/v2\/product\/11386","targetHints":{"allow":["GET"]}}],"collection":[{"href":"https:\/\/www.swisscrochet.ch\/de\/wp-json\/wp\/v2\/product"}],"about":[{"href":"https:\/\/www.swisscrochet.ch\/de\/wp-json\/wp\/v2\/types\/product"}],"wp:featuredmedia":[{"embeddable":true,"href":"https:\/\/www.swisscrochet.ch\/de\/wp-json\/wp\/v2\/media\/11202"}],"wp:attachment":[{"href":"https:\/\/www.swisscrochet.ch\/de\/wp-json\/wp\/v2\/media?parent=11386"}],"wp:term":[{"taxonomy":"product_brand","embeddable":true,"href":"https:\/\/www.swisscrochet.ch\/de\/wp-json\/wp\/v2\/product_brand?post=11386"},{"taxonomy":"product_cat","embeddable":true,"href":"https:\/\/www.swisscrochet.ch\/de\/wp-json\/wp\/v2\/product_cat?post=11386"},{"taxonomy":"product_tag","embeddable":true,"href":"https:\/\/www.swisscrochet.ch\/de\/wp-json\/wp\/v2\/product_tag?post=11386"}],"curies":[{"name":"wp","href":"https:\/\/api.w.org\/{rel}","templated":true}]}}