{"id":11462,"date":"2025-09-10T16:11:55","date_gmt":"2025-09-10T14:11:55","guid":{"rendered":"https:\/\/www.swisscrochet.ch\/product\/dressing-en-granny-square-au-crochet-nihon-vogue\/"},"modified":"2026-02-19T19:27:56","modified_gmt":"2026-02-19T18:27:56","slug":"dressing-en-granny-square-au-crochet-nihon-vogue","status":"publish","type":"product","link":"https:\/\/www.swisscrochet.ch\/de\/produkt\/dressing-en-granny-square-au-crochet-nihon-vogue\/","title":{"rendered":"Dressing en granny square au crochet &#8211; Nihon Vogue"},"content":{"rendered":"","protected":false},"excerpt":{"rendered":"<p>Initiez-vous \u00e0 l\u2019univers color\u00e9 du granny square au crochet et d\u00e9couvrez comment assembler vos carr\u00e9s pour cr\u00e9er des v\u00eatements modernes et tendance.<\/p>\n<p>Ce livre sp\u00e9cialement con\u00e7u pour d\u00e9buter propose des explications illustr\u00e9es pas \u00e0 pas : apprentissage des points de base, r\u00e9alisation des motifs essentiels et technique d\u2019assemblage.<\/p>\n<p>Avec 10 projets faciles \u2014 cardigans, pulls, bol\u00e9ros et plus encore \u2014 vous composez un dressing original et 100 % granny squares. Le guide id\u00e9al pour apprendre, progresser et s\u2019amuser en crochetant vos propres v\u00eatements.<\/p>\n<p>Langue : Fran\u00e7ais<\/p>\n","protected":false},"featured_media":11320,"template":"","meta":[],"product_brand":[],"product_cat":[209,1430],"product_tag":[],"class_list":{"0":"post-11462","1":"product","2":"type-product","3":"status-publish","4":"has-post-thumbnail","6":"product_cat-bucher","7":"product_cat-kleidung-techniken","8":"pa_b1-language-franzosisch","9":"pa_b11-author-designer-nihon-vogue-de","10":"description-off","12":"first","13":"instock","14":"taxable","15":"shipping-taxable","16":"purchasable","17":"product-type-simple"},"bundled_by":[],"bundle_stock_status":"instock","bundle_stock_quantity":10,"bundle_virtual":false,"bundle_layout":"","bundle_add_to_cart_form_location":"","bundle_editable_in_cart":false,"bundle_sold_individually_context":"","bundle_item_grouping":"","bundle_min_size":"","bundle_max_size":"","bundle_price":[],"bundled_items":[],"bundle_sell_ids":[],"yoast_head":"<!-- This site is optimized with the Yoast SEO plugin v27.5 - https:\/\/yoast.com\/product\/yoast-seo-wordpress\/ -->\n<title>Dressing en granny square au crochet - Nihon Vogue &#171; Swiss Crochet<\/title>\n<meta name=\"robots\" content=\"index, follow, max-snippet:-1, max-image-preview:large, max-video-preview:-1\" \/>\n<link rel=\"canonical\" href=\"https:\/\/www.swisscrochet.ch\/de\/produkt\/dressing-en-granny-square-au-crochet-nihon-vogue\/\" \/>\n<meta property=\"og:locale\" content=\"de_DE\" \/>\n<meta property=\"og:type\" content=\"article\" \/>\n<meta property=\"og:title\" content=\"Dressing en granny square au crochet - Nihon Vogue &#171; Swiss Crochet\" \/>\n<meta property=\"og:description\" content=\"Initiez-vous \u00e0 l\u2019univers color\u00e9 du granny square au crochet et d\u00e9couvrez comment assembler vos carr\u00e9s pour cr\u00e9er des v\u00eatements modernes et tendance.  Ce livre sp\u00e9cialement con\u00e7u pour d\u00e9buter propose des explications illustr\u00e9es pas \u00e0 pas : apprentissage des points de base, r\u00e9alisation des motifs essentiels et technique d\u2019assemblage.  Avec 10 projets faciles \u2014 cardigans, pulls, bol\u00e9ros et plus encore \u2014 vous composez un dressing original et 100 % granny squares. Le guide id\u00e9al pour apprendre, progresser et s\u2019amuser en crochetant vos propres v\u00eatements.  Langue : Fran\u00e7ais\" \/>\n<meta property=\"og:url\" content=\"https:\/\/www.swisscrochet.ch\/de\/produkt\/dressing-en-granny-square-au-crochet-nihon-vogue\/\" \/>\n<meta property=\"og:site_name\" content=\"Swiss Crochet\" \/>\n<meta property=\"article:modified_time\" content=\"2026-02-19T18:27:56+00:00\" \/>\n<meta property=\"og:image\" content=\"https:\/\/www.swisscrochet.ch\/wp-content\/uploads\/2025\/09\/Dressing-en-granny-square-au-crochet-Overview.jpg\" \/>\n\t<meta property=\"og:image:width\" content=\"1000\" \/>\n\t<meta property=\"og:image:height\" content=\"1000\" \/>\n\t<meta property=\"og:image:type\" content=\"image\/jpeg\" \/>\n<meta name=\"twitter:card\" content=\"summary_large_image\" \/>\n<script type=\"application\/ld+json\" class=\"yoast-schema-graph\">{\"@context\":\"https:\\\/\\\/schema.org\",\"@graph\":[{\"@type\":[\"WebPage\",\"ItemPage\"],\"@id\":\"https:\\\/\\\/www.swisscrochet.ch\\\/de\\\/produkt\\\/dressing-en-granny-square-au-crochet-nihon-vogue\\\/\",\"url\":\"https:\\\/\\\/www.swisscrochet.ch\\\/de\\\/produkt\\\/dressing-en-granny-square-au-crochet-nihon-vogue\\\/\",\"name\":\"Dressing en granny square au crochet - Nihon Vogue &#171; Swiss Crochet\",\"isPartOf\":{\"@id\":\"https:\\\/\\\/www.swisscrochet.ch\\\/#website\"},\"primaryImageOfPage\":{\"@id\":\"https:\\\/\\\/www.swisscrochet.ch\\\/de\\\/produkt\\\/dressing-en-granny-square-au-crochet-nihon-vogue\\\/#primaryimage\"},\"image\":{\"@id\":\"https:\\\/\\\/www.swisscrochet.ch\\\/de\\\/produkt\\\/dressing-en-granny-square-au-crochet-nihon-vogue\\\/#primaryimage\"},\"thumbnailUrl\":\"https:\\\/\\\/www.swisscrochet.ch\\\/wp-content\\\/uploads\\\/2025\\\/09\\\/Dressing-en-granny-square-au-crochet-Overview.jpg\",\"datePublished\":\"2025-09-10T14:11:55+00:00\",\"dateModified\":\"2026-02-19T18:27:56+00:00\",\"breadcrumb\":{\"@id\":\"https:\\\/\\\/www.swisscrochet.ch\\\/de\\\/produkt\\\/dressing-en-granny-square-au-crochet-nihon-vogue\\\/#breadcrumb\"},\"inLanguage\":\"de\",\"potentialAction\":[{\"@type\":\"ReadAction\",\"target\":[\"https:\\\/\\\/www.swisscrochet.ch\\\/de\\\/produkt\\\/dressing-en-granny-square-au-crochet-nihon-vogue\\\/\"]}]},{\"@type\":\"ImageObject\",\"inLanguage\":\"de\",\"@id\":\"https:\\\/\\\/www.swisscrochet.ch\\\/de\\\/produkt\\\/dressing-en-granny-square-au-crochet-nihon-vogue\\\/#primaryimage\",\"url\":\"https:\\\/\\\/www.swisscrochet.ch\\\/wp-content\\\/uploads\\\/2025\\\/09\\\/Dressing-en-granny-square-au-crochet-Overview.jpg\",\"contentUrl\":\"https:\\\/\\\/www.swisscrochet.ch\\\/wp-content\\\/uploads\\\/2025\\\/09\\\/Dressing-en-granny-square-au-crochet-Overview.jpg\",\"width\":1000,\"height\":1000},{\"@type\":\"BreadcrumbList\",\"@id\":\"https:\\\/\\\/www.swisscrochet.ch\\\/de\\\/produkt\\\/dressing-en-granny-square-au-crochet-nihon-vogue\\\/#breadcrumb\",\"itemListElement\":[{\"@type\":\"ListItem\",\"position\":1,\"name\":\"Home\",\"item\":\"https:\\\/\\\/www.swisscrochet.ch\\\/de\\\/\"},{\"@type\":\"ListItem\",\"position\":2,\"name\":\"Shop\",\"item\":\"https:\\\/\\\/www.swisscrochet.ch\\\/de\\\/shop\\\/\"},{\"@type\":\"ListItem\",\"position\":3,\"name\":\"Dressing en granny square au crochet &#8211; Nihon Vogue\"}]},{\"@type\":\"WebSite\",\"@id\":\"https:\\\/\\\/www.swisscrochet.ch\\\/#website\",\"url\":\"https:\\\/\\\/www.swisscrochet.ch\\\/\",\"name\":\"Swiss Crochet\",\"description\":\"Entfalte dein kreatives Potenzial\",\"potentialAction\":[{\"@type\":\"SearchAction\",\"target\":{\"@type\":\"EntryPoint\",\"urlTemplate\":\"https:\\\/\\\/www.swisscrochet.ch\\\/?s={search_term_string}\"},\"query-input\":{\"@type\":\"PropertyValueSpecification\",\"valueRequired\":true,\"valueName\":\"search_term_string\"}}],\"inLanguage\":\"de\"}]}<\/script>\n<!-- \/ Yoast SEO plugin. -->","yoast_head_json":{"title":"Dressing en granny square au crochet - Nihon Vogue &#171; Swiss Crochet","robots":{"index":"index","follow":"follow","max-snippet":"max-snippet:-1","max-image-preview":"max-image-preview:large","max-video-preview":"max-video-preview:-1"},"canonical":"https:\/\/www.swisscrochet.ch\/de\/produkt\/dressing-en-granny-square-au-crochet-nihon-vogue\/","og_locale":"de_DE","og_type":"article","og_title":"Dressing en granny square au crochet - Nihon Vogue &#171; Swiss Crochet","og_description":"Initiez-vous \u00e0 l\u2019univers color\u00e9 du granny square au crochet et d\u00e9couvrez comment assembler vos carr\u00e9s pour cr\u00e9er des v\u00eatements modernes et tendance.  Ce livre sp\u00e9cialement con\u00e7u pour d\u00e9buter propose des explications illustr\u00e9es pas \u00e0 pas : apprentissage des points de base, r\u00e9alisation des motifs essentiels et technique d\u2019assemblage.  Avec 10 projets faciles \u2014 cardigans, pulls, bol\u00e9ros et plus encore \u2014 vous composez un dressing original et 100 % granny squares. Le guide id\u00e9al pour apprendre, progresser et s\u2019amuser en crochetant vos propres v\u00eatements.  Langue : Fran\u00e7ais","og_url":"https:\/\/www.swisscrochet.ch\/de\/produkt\/dressing-en-granny-square-au-crochet-nihon-vogue\/","og_site_name":"Swiss Crochet","article_modified_time":"2026-02-19T18:27:56+00:00","og_image":[{"width":1000,"height":1000,"url":"https:\/\/www.swisscrochet.ch\/wp-content\/uploads\/2025\/09\/Dressing-en-granny-square-au-crochet-Overview.jpg","type":"image\/jpeg"}],"twitter_card":"summary_large_image","schema":{"@context":"https:\/\/schema.org","@graph":[{"@type":["WebPage","ItemPage"],"@id":"https:\/\/www.swisscrochet.ch\/de\/produkt\/dressing-en-granny-square-au-crochet-nihon-vogue\/","url":"https:\/\/www.swisscrochet.ch\/de\/produkt\/dressing-en-granny-square-au-crochet-nihon-vogue\/","name":"Dressing en granny square au crochet - Nihon Vogue &#171; Swiss Crochet","isPartOf":{"@id":"https:\/\/www.swisscrochet.ch\/#website"},"primaryImageOfPage":{"@id":"https:\/\/www.swisscrochet.ch\/de\/produkt\/dressing-en-granny-square-au-crochet-nihon-vogue\/#primaryimage"},"image":{"@id":"https:\/\/www.swisscrochet.ch\/de\/produkt\/dressing-en-granny-square-au-crochet-nihon-vogue\/#primaryimage"},"thumbnailUrl":"https:\/\/www.swisscrochet.ch\/wp-content\/uploads\/2025\/09\/Dressing-en-granny-square-au-crochet-Overview.jpg","datePublished":"2025-09-10T14:11:55+00:00","dateModified":"2026-02-19T18:27:56+00:00","breadcrumb":{"@id":"https:\/\/www.swisscrochet.ch\/de\/produkt\/dressing-en-granny-square-au-crochet-nihon-vogue\/#breadcrumb"},"inLanguage":"de","potentialAction":[{"@type":"ReadAction","target":["https:\/\/www.swisscrochet.ch\/de\/produkt\/dressing-en-granny-square-au-crochet-nihon-vogue\/"]}]},{"@type":"ImageObject","inLanguage":"de","@id":"https:\/\/www.swisscrochet.ch\/de\/produkt\/dressing-en-granny-square-au-crochet-nihon-vogue\/#primaryimage","url":"https:\/\/www.swisscrochet.ch\/wp-content\/uploads\/2025\/09\/Dressing-en-granny-square-au-crochet-Overview.jpg","contentUrl":"https:\/\/www.swisscrochet.ch\/wp-content\/uploads\/2025\/09\/Dressing-en-granny-square-au-crochet-Overview.jpg","width":1000,"height":1000},{"@type":"BreadcrumbList","@id":"https:\/\/www.swisscrochet.ch\/de\/produkt\/dressing-en-granny-square-au-crochet-nihon-vogue\/#breadcrumb","itemListElement":[{"@type":"ListItem","position":1,"name":"Home","item":"https:\/\/www.swisscrochet.ch\/de\/"},{"@type":"ListItem","position":2,"name":"Shop","item":"https:\/\/www.swisscrochet.ch\/de\/shop\/"},{"@type":"ListItem","position":3,"name":"Dressing en granny square au crochet &#8211; Nihon Vogue"}]},{"@type":"WebSite","@id":"https:\/\/www.swisscrochet.ch\/#website","url":"https:\/\/www.swisscrochet.ch\/","name":"Swiss Crochet","description":"Entfalte dein kreatives Potenzial","potentialAction":[{"@type":"SearchAction","target":{"@type":"EntryPoint","urlTemplate":"https:\/\/www.swisscrochet.ch\/?s={search_term_string}"},"query-input":{"@type":"PropertyValueSpecification","valueRequired":true,"valueName":"search_term_string"}}],"inLanguage":"de"}]}},"_links":{"self":[{"href":"https:\/\/www.swisscrochet.ch\/de\/wp-json\/wp\/v2\/product\/11462","targetHints":{"allow":["GET"]}}],"collection":[{"href":"https:\/\/www.swisscrochet.ch\/de\/wp-json\/wp\/v2\/product"}],"about":[{"href":"https:\/\/www.swisscrochet.ch\/de\/wp-json\/wp\/v2\/types\/product"}],"wp:featuredmedia":[{"embeddable":true,"href":"https:\/\/www.swisscrochet.ch\/de\/wp-json\/wp\/v2\/media\/11320"}],"wp:attachment":[{"href":"https:\/\/www.swisscrochet.ch\/de\/wp-json\/wp\/v2\/media?parent=11462"}],"wp:term":[{"taxonomy":"product_brand","embeddable":true,"href":"https:\/\/www.swisscrochet.ch\/de\/wp-json\/wp\/v2\/product_brand?post=11462"},{"taxonomy":"product_cat","embeddable":true,"href":"https:\/\/www.swisscrochet.ch\/de\/wp-json\/wp\/v2\/product_cat?post=11462"},{"taxonomy":"product_tag","embeddable":true,"href":"https:\/\/www.swisscrochet.ch\/de\/wp-json\/wp\/v2\/product_tag?post=11462"}],"curies":[{"name":"wp","href":"https:\/\/api.w.org\/{rel}","templated":true}]}}