{"id":11752,"date":"2025-09-18T17:30:14","date_gmt":"2025-09-18T15:30:14","guid":{"rendered":"https:\/\/www.swisscrochet.ch\/product\/swiss-crochet-project-bags\/"},"modified":"2025-11-01T11:44:04","modified_gmt":"2025-11-01T10:44:04","slug":"swiss-crochet-projekttaschen","status":"publish","type":"product","link":"https:\/\/www.swisscrochet.ch\/de\/produkt\/swiss-crochet-projekttaschen\/","title":{"rendered":"Swiss Crochet \u2013 Projekttaschen"},"content":{"rendered":"","protected":false},"excerpt":{"rendered":"<p>Bewahre deine H\u00e4kelprojekte sicher, ordentlich und stilvoll auf mit diesen handgen\u00e4hten Projekttaschen, liebevoll gefertigt von Swiss Crochet. Wann immer m\u00f6glich, werden nat\u00fcrliche Stoffe wie Baumwolle und Leinen verwendet. Jede Tasche ist ein Unikat mit kleinen Variationen, die ihren handgemachten Charme unterstreichen.<\/p>\n<p>Mit einer Gr\u00f6sse von ca. 25 \u00d7 22 cm sind die Taschen ideal, um Garn, H\u00e4kelnadeln und deine aktuellen Projekte aufzubewahren. W\u00e4hle zwischen einem praktischen Kordelzug oder einem sicheren Reissverschluss, je nach Vorliebe.<\/p>\n<p>Als besonderes Detail enth\u00e4lt jede Tasche einen abnehmbaren Emaille-Pin von Swiss Crochet \u2013 ein kleiner Begleiter, der deine Projekte versch\u00f6nert und deine Liebe zum H\u00e4keln \u00fcberall zeigt.<\/p>\n","protected":false},"featured_media":11579,"template":"","meta":[],"product_brand":[],"product_cat":[579,220],"product_tag":[],"class_list":{"0":"post-11752","1":"product","2":"type-product","3":"status-publish","4":"has-post-thumbnail","6":"product_cat-etuis-taschen","7":"product_cat-hakelnadeln-und-zubehor","8":"product_shipping_class-kleinsendungen","9":"pa_t1-manufacturer-swiss-crochet-de","10":"description-off","12":"first","13":"instock","14":"taxable","15":"shipping-taxable","16":"purchasable","17":"product-type-variable","18":"wvs-archive-product-wrapper"},"bundled_by":[],"bundle_stock_status":"instock","bundle_stock_quantity":null,"bundle_virtual":false,"bundle_layout":"","bundle_add_to_cart_form_location":"","bundle_editable_in_cart":false,"bundle_sold_individually_context":"","bundle_item_grouping":"","bundle_min_size":"","bundle_max_size":"","bundle_price":[],"bundled_items":[],"bundle_sell_ids":[],"yoast_head":"<!-- This site is optimized with the Yoast SEO plugin v27.4 - https:\/\/yoast.com\/product\/yoast-seo-wordpress\/ -->\n<title>Swiss Crochet \u2013 Projekttaschen &#171; Swiss Crochet<\/title>\n<meta name=\"description\" content=\"Handgen\u00e4hte H\u00e4kelprojekttaschen von Swiss Crochet. Perfekte Gr\u00f6sse f\u00fcr Garn und H\u00e4kelnadeln, mit Kordelzug oder Reissverschluss, plus einem abnehmbaren Emaille-Pin.\" \/>\n<meta name=\"robots\" content=\"index, follow, max-snippet:-1, max-image-preview:large, max-video-preview:-1\" \/>\n<link rel=\"canonical\" href=\"https:\/\/www.swisscrochet.ch\/produkt\/swiss-crochet-project-bags\/\" \/>\n<meta property=\"og:locale\" content=\"de_DE\" \/>\n<meta property=\"og:type\" content=\"article\" \/>\n<meta property=\"og:title\" content=\"Swiss Crochet \u2013 Projekttaschen &#171; Swiss Crochet\" \/>\n<meta property=\"og:description\" content=\"Handgen\u00e4hte H\u00e4kelprojekttaschen von Swiss Crochet. Perfekte Gr\u00f6sse f\u00fcr Garn und H\u00e4kelnadeln, mit Kordelzug oder Reissverschluss, plus einem abnehmbaren Emaille-Pin.\" \/>\n<meta property=\"og:url\" content=\"https:\/\/www.swisscrochet.ch\/produkt\/swiss-crochet-project-bags\/\" \/>\n<meta property=\"og:site_name\" content=\"Swiss Crochet\" \/>\n<meta property=\"article:modified_time\" content=\"2025-11-01T10:44:04+00:00\" \/>\n<meta property=\"og:image\" content=\"https:\/\/www.swisscrochet.ch\/wp-content\/uploads\/2025\/09\/Swiss-Crochet-Project-Bags-Overview.jpg\" \/>\n\t<meta property=\"og:image:width\" content=\"1000\" \/>\n\t<meta property=\"og:image:height\" content=\"1000\" \/>\n\t<meta property=\"og:image:type\" content=\"image\/jpeg\" \/>\n<meta name=\"twitter:card\" content=\"summary_large_image\" \/>\n<meta name=\"twitter:label1\" content=\"Gesch\u00e4tzte Lesezeit\" \/>\n\t<meta name=\"twitter:data1\" content=\"1\u00a0Minute\" \/>\n<script type=\"application\/ld+json\" class=\"yoast-schema-graph\">{\"@context\":\"https:\\\/\\\/schema.org\",\"@graph\":[{\"@type\":[\"WebPage\",\"ItemPage\"],\"@id\":\"https:\\\/\\\/www.swisscrochet.ch\\\/produkt\\\/swiss-crochet-project-bags\\\/\",\"url\":\"https:\\\/\\\/www.swisscrochet.ch\\\/produkt\\\/swiss-crochet-project-bags\\\/\",\"name\":\"Swiss Crochet \u2013 Projekttaschen &#171; Swiss Crochet\",\"isPartOf\":{\"@id\":\"https:\\\/\\\/www.swisscrochet.ch\\\/#website\"},\"primaryImageOfPage\":{\"@id\":\"https:\\\/\\\/www.swisscrochet.ch\\\/produkt\\\/swiss-crochet-project-bags\\\/#primaryimage\"},\"image\":{\"@id\":\"https:\\\/\\\/www.swisscrochet.ch\\\/produkt\\\/swiss-crochet-project-bags\\\/#primaryimage\"},\"thumbnailUrl\":\"https:\\\/\\\/www.swisscrochet.ch\\\/wp-content\\\/uploads\\\/2025\\\/09\\\/Swiss-Crochet-Project-Bags-Overview.jpg\",\"datePublished\":\"2025-09-18T15:30:14+00:00\",\"dateModified\":\"2025-11-01T10:44:04+00:00\",\"description\":\"Handgen\u00e4hte H\u00e4kelprojekttaschen von Swiss Crochet. Perfekte Gr\u00f6sse f\u00fcr Garn und H\u00e4kelnadeln, mit Kordelzug oder Reissverschluss, plus einem abnehmbaren Emaille-Pin.\",\"breadcrumb\":{\"@id\":\"https:\\\/\\\/www.swisscrochet.ch\\\/produkt\\\/swiss-crochet-project-bags\\\/#breadcrumb\"},\"inLanguage\":\"de\",\"potentialAction\":[{\"@type\":\"ReadAction\",\"target\":[\"https:\\\/\\\/www.swisscrochet.ch\\\/produkt\\\/swiss-crochet-project-bags\\\/\"]}]},{\"@type\":\"ImageObject\",\"inLanguage\":\"de\",\"@id\":\"https:\\\/\\\/www.swisscrochet.ch\\\/produkt\\\/swiss-crochet-project-bags\\\/#primaryimage\",\"url\":\"https:\\\/\\\/www.swisscrochet.ch\\\/wp-content\\\/uploads\\\/2025\\\/09\\\/Swiss-Crochet-Project-Bags-Overview.jpg\",\"contentUrl\":\"https:\\\/\\\/www.swisscrochet.ch\\\/wp-content\\\/uploads\\\/2025\\\/09\\\/Swiss-Crochet-Project-Bags-Overview.jpg\",\"width\":1000,\"height\":1000},{\"@type\":\"BreadcrumbList\",\"@id\":\"https:\\\/\\\/www.swisscrochet.ch\\\/produkt\\\/swiss-crochet-project-bags\\\/#breadcrumb\",\"itemListElement\":[{\"@type\":\"ListItem\",\"position\":1,\"name\":\"Home\",\"item\":\"https:\\\/\\\/www.swisscrochet.ch\\\/de\\\/\"},{\"@type\":\"ListItem\",\"position\":2,\"name\":\"Shop\",\"item\":\"https:\\\/\\\/www.swisscrochet.ch\\\/de\\\/shop\\\/\"},{\"@type\":\"ListItem\",\"position\":3,\"name\":\"Swiss Crochet \u2013 Projekttaschen\"}]},{\"@type\":\"WebSite\",\"@id\":\"https:\\\/\\\/www.swisscrochet.ch\\\/#website\",\"url\":\"https:\\\/\\\/www.swisscrochet.ch\\\/\",\"name\":\"Swiss Crochet\",\"description\":\"Entfalte dein kreatives Potenzial\",\"potentialAction\":[{\"@type\":\"SearchAction\",\"target\":{\"@type\":\"EntryPoint\",\"urlTemplate\":\"https:\\\/\\\/www.swisscrochet.ch\\\/?s={search_term_string}\"},\"query-input\":{\"@type\":\"PropertyValueSpecification\",\"valueRequired\":true,\"valueName\":\"search_term_string\"}}],\"inLanguage\":\"de\"}]}<\/script>\n<!-- \/ Yoast SEO plugin. -->","yoast_head_json":{"title":"Swiss Crochet \u2013 Projekttaschen &#171; Swiss Crochet","description":"Handgen\u00e4hte H\u00e4kelprojekttaschen von Swiss Crochet. Perfekte Gr\u00f6sse f\u00fcr Garn und H\u00e4kelnadeln, mit Kordelzug oder Reissverschluss, plus einem abnehmbaren Emaille-Pin.","robots":{"index":"index","follow":"follow","max-snippet":"max-snippet:-1","max-image-preview":"max-image-preview:large","max-video-preview":"max-video-preview:-1"},"canonical":"https:\/\/www.swisscrochet.ch\/produkt\/swiss-crochet-project-bags\/","og_locale":"de_DE","og_type":"article","og_title":"Swiss Crochet \u2013 Projekttaschen &#171; Swiss Crochet","og_description":"Handgen\u00e4hte H\u00e4kelprojekttaschen von Swiss Crochet. Perfekte Gr\u00f6sse f\u00fcr Garn und H\u00e4kelnadeln, mit Kordelzug oder Reissverschluss, plus einem abnehmbaren Emaille-Pin.","og_url":"https:\/\/www.swisscrochet.ch\/produkt\/swiss-crochet-project-bags\/","og_site_name":"Swiss Crochet","article_modified_time":"2025-11-01T10:44:04+00:00","og_image":[{"width":1000,"height":1000,"url":"https:\/\/www.swisscrochet.ch\/wp-content\/uploads\/2025\/09\/Swiss-Crochet-Project-Bags-Overview.jpg","type":"image\/jpeg"}],"twitter_card":"summary_large_image","twitter_misc":{"Gesch\u00e4tzte Lesezeit":"1\u00a0Minute"},"schema":{"@context":"https:\/\/schema.org","@graph":[{"@type":["WebPage","ItemPage"],"@id":"https:\/\/www.swisscrochet.ch\/produkt\/swiss-crochet-project-bags\/","url":"https:\/\/www.swisscrochet.ch\/produkt\/swiss-crochet-project-bags\/","name":"Swiss Crochet \u2013 Projekttaschen &#171; Swiss Crochet","isPartOf":{"@id":"https:\/\/www.swisscrochet.ch\/#website"},"primaryImageOfPage":{"@id":"https:\/\/www.swisscrochet.ch\/produkt\/swiss-crochet-project-bags\/#primaryimage"},"image":{"@id":"https:\/\/www.swisscrochet.ch\/produkt\/swiss-crochet-project-bags\/#primaryimage"},"thumbnailUrl":"https:\/\/www.swisscrochet.ch\/wp-content\/uploads\/2025\/09\/Swiss-Crochet-Project-Bags-Overview.jpg","datePublished":"2025-09-18T15:30:14+00:00","dateModified":"2025-11-01T10:44:04+00:00","description":"Handgen\u00e4hte H\u00e4kelprojekttaschen von Swiss Crochet. Perfekte Gr\u00f6sse f\u00fcr Garn und H\u00e4kelnadeln, mit Kordelzug oder Reissverschluss, plus einem abnehmbaren Emaille-Pin.","breadcrumb":{"@id":"https:\/\/www.swisscrochet.ch\/produkt\/swiss-crochet-project-bags\/#breadcrumb"},"inLanguage":"de","potentialAction":[{"@type":"ReadAction","target":["https:\/\/www.swisscrochet.ch\/produkt\/swiss-crochet-project-bags\/"]}]},{"@type":"ImageObject","inLanguage":"de","@id":"https:\/\/www.swisscrochet.ch\/produkt\/swiss-crochet-project-bags\/#primaryimage","url":"https:\/\/www.swisscrochet.ch\/wp-content\/uploads\/2025\/09\/Swiss-Crochet-Project-Bags-Overview.jpg","contentUrl":"https:\/\/www.swisscrochet.ch\/wp-content\/uploads\/2025\/09\/Swiss-Crochet-Project-Bags-Overview.jpg","width":1000,"height":1000},{"@type":"BreadcrumbList","@id":"https:\/\/www.swisscrochet.ch\/produkt\/swiss-crochet-project-bags\/#breadcrumb","itemListElement":[{"@type":"ListItem","position":1,"name":"Home","item":"https:\/\/www.swisscrochet.ch\/de\/"},{"@type":"ListItem","position":2,"name":"Shop","item":"https:\/\/www.swisscrochet.ch\/de\/shop\/"},{"@type":"ListItem","position":3,"name":"Swiss Crochet \u2013 Projekttaschen"}]},{"@type":"WebSite","@id":"https:\/\/www.swisscrochet.ch\/#website","url":"https:\/\/www.swisscrochet.ch\/","name":"Swiss Crochet","description":"Entfalte dein kreatives Potenzial","potentialAction":[{"@type":"SearchAction","target":{"@type":"EntryPoint","urlTemplate":"https:\/\/www.swisscrochet.ch\/?s={search_term_string}"},"query-input":{"@type":"PropertyValueSpecification","valueRequired":true,"valueName":"search_term_string"}}],"inLanguage":"de"}]}},"_links":{"self":[{"href":"https:\/\/www.swisscrochet.ch\/de\/wp-json\/wp\/v2\/product\/11752","targetHints":{"allow":["GET"]}}],"collection":[{"href":"https:\/\/www.swisscrochet.ch\/de\/wp-json\/wp\/v2\/product"}],"about":[{"href":"https:\/\/www.swisscrochet.ch\/de\/wp-json\/wp\/v2\/types\/product"}],"wp:featuredmedia":[{"embeddable":true,"href":"https:\/\/www.swisscrochet.ch\/de\/wp-json\/wp\/v2\/media\/11579"}],"wp:attachment":[{"href":"https:\/\/www.swisscrochet.ch\/de\/wp-json\/wp\/v2\/media?parent=11752"}],"wp:term":[{"taxonomy":"product_brand","embeddable":true,"href":"https:\/\/www.swisscrochet.ch\/de\/wp-json\/wp\/v2\/product_brand?post=11752"},{"taxonomy":"product_cat","embeddable":true,"href":"https:\/\/www.swisscrochet.ch\/de\/wp-json\/wp\/v2\/product_cat?post=11752"},{"taxonomy":"product_tag","embeddable":true,"href":"https:\/\/www.swisscrochet.ch\/de\/wp-json\/wp\/v2\/product_tag?post=11752"}],"curies":[{"name":"wp","href":"https:\/\/api.w.org\/{rel}","templated":true}]}}