{"id":12665,"date":"2025-10-17T11:46:28","date_gmt":"2025-10-17T09:46:28","guid":{"rendered":"https:\/\/www.swisscrochet.ch\/product\/schinhorn-yarn-kit\/"},"modified":"2025-10-17T13:07:55","modified_gmt":"2025-10-17T11:07:55","slug":"schinhorn-garnkit","status":"publish","type":"product","link":"https:\/\/www.swisscrochet.ch\/de\/produkt\/schinhorn-garnkit\/","title":{"rendered":"Schinhorn &#8211; Garnkit"},"content":{"rendered":"","protected":false},"excerpt":{"rendered":"<p>Schinhorn ist ein sehr einfaches und leicht zu h\u00e4kelndes Handtuch. Es wird von oben nach unten gearbeitet, sodass du die Gr\u00f6sse individuell anpassen kannst \u2013 von einem kleinen Handtuch bis hin zu einem grossen Badetuch. Perfekt f\u00fcr Anf\u00e4ngerinnen!<\/p>\n<p>Das Kit enth\u00e4lt:<\/p>\n<ul>\n<li>eine digitale Kopie der Anleitung (auf Englisch und Deutsch verf\u00fcgbar) und<\/li>\n<li>1 Kn\u00e4uel Hoooked Wavy Blends in der Farbe deiner Wahl.<\/li>\n<\/ul>\n<p>&#8211;&gt;\u00a0F\u00fcr noch mehr Bequemlichkeit kannst du deinem Set auch eine 6.50 mm H\u00e4kelnadel hinzuf\u00fcgen.<\/p>\n<p>Alles kommt in einem praktischen Bundle \u2013 w\u00e4hle einfach deine Farbe, lade die Anleitung herunter und leg los!<\/p>\n","protected":false},"featured_media":12377,"template":"","meta":[],"product_brand":[],"product_cat":[1673,332],"product_tag":[2105],"class_list":{"0":"post-12665","1":"product","2":"type-product","3":"status-publish","4":"has-post-thumbnail","6":"product_cat-garnkits-decken-wohn-deko-sonstiges","7":"product_cat-garnkits","8":"product_tag-wavy-blends","9":"description-off","11":"first","12":"instock","13":"virtual","14":"taxable","15":"purchasable","16":"product-type-bundle"},"bundled_by":[],"bundle_stock_status":"instock","bundle_stock_quantity":81,"bundle_virtual":false,"bundle_layout":"default","bundle_add_to_cart_form_location":"default","bundle_editable_in_cart":false,"bundle_sold_individually_context":"product","bundle_item_grouping":"parent","bundle_min_size":"","bundle_max_size":"","bundle_price":{"price":{"min":{"incl_tax":"20.9","excl_tax":"19.33"},"max":{"incl_tax":"33.8","excl_tax":"31.26"}},"regular_price":{"min":{"incl_tax":"20.9","excl_tax":"19.33"},"max":{"incl_tax":"33.8","excl_tax":"31.26"}}},"bundled_items":[{"bundled_item_id":392,"product_id":9498,"menu_order":0,"quantity_min":1,"quantity_max":1,"quantity_default":1,"priced_individually":true,"shipped_individually":false,"override_title":false,"title":"Hoooked &#8211; Wavy Blends","override_description":true,"description":"","optional":false,"hide_thumbnail":false,"discount":"","override_variations":false,"allowed_variations":[""],"override_default_variation_attributes":false,"default_variation_attributes":[],"single_product_visibility":"visible","cart_visibility":"visible","order_visibility":"visible","single_product_price_visibility":"visible","cart_price_visibility":"visible","order_price_visibility":"visible","stock_status":"in_stock"},{"bundled_item_id":393,"product_id":3514,"menu_order":1,"quantity_min":1,"quantity_max":1,"quantity_default":1,"priced_individually":true,"shipped_individually":false,"override_title":false,"title":"Tulip &#8211; Etimo Red &#8211; H\u00e4kelnadel mit weichem Griff","override_description":true,"description":"","optional":true,"hide_thumbnail":false,"discount":"","override_variations":true,"allowed_variations":[3526],"override_default_variation_attributes":true,"default_variation_attributes":[{"id":0,"name":"Size","option":"6.50 mm"}],"single_product_visibility":"visible","cart_visibility":"visible","order_visibility":"visible","single_product_price_visibility":"visible","cart_price_visibility":"visible","order_price_visibility":"visible","stock_status":"in_stock"},{"bundled_item_id":1289,"product_id":10338,"menu_order":1,"quantity_min":1,"quantity_max":1,"quantity_default":1,"priced_individually":true,"shipped_individually":true,"override_title":false,"title":"\u00dcber den Traum &#8211; Schinhorn","override_description":false,"description":"\u00dcber den Traum &#8211; Schinhorn","optional":false,"hide_thumbnail":false,"discount":"","override_variations":false,"allowed_variations":[""],"override_default_variation_attributes":false,"default_variation_attributes":[],"single_product_visibility":"hidden","cart_visibility":"visible","order_visibility":"visible","single_product_price_visibility":"visible","cart_price_visibility":"visible","order_price_visibility":"visible","stock_status":"in_stock"}],"bundle_sell_ids":[],"yoast_head":"<!-- This site is optimized with the Yoast SEO plugin v27.4 - https:\/\/yoast.com\/product\/yoast-seo-wordpress\/ -->\n<title>Schinhorn - Garnkit &#171; Swiss Crochet<\/title>\n<meta name=\"description\" content=\"Entdecke das Schinhorn-H\u00e4kelkit\u2013 ein anf\u00e4ngerfreundliches Projekt, das vollst\u00e4ndig in der Gr\u00f6sse anpassbar ist. Enth\u00e4lt Anleitung &amp; Hoooked Wavy Blends Garn.\" \/>\n<meta name=\"robots\" content=\"index, follow, max-snippet:-1, max-image-preview:large, max-video-preview:-1\" \/>\n<link rel=\"canonical\" href=\"https:\/\/www.swisscrochet.ch\/produkt\/schinhorn-yarn-kit\/\" \/>\n<meta property=\"og:locale\" content=\"de_DE\" \/>\n<meta property=\"og:type\" content=\"article\" \/>\n<meta property=\"og:title\" content=\"Schinhorn - Garnkit &#171; Swiss Crochet\" \/>\n<meta property=\"og:description\" content=\"Entdecke das Schinhorn-H\u00e4kelkit\u2013 ein anf\u00e4ngerfreundliches Projekt, das vollst\u00e4ndig in der Gr\u00f6sse anpassbar ist. Enth\u00e4lt Anleitung &amp; Hoooked Wavy Blends Garn.\" \/>\n<meta property=\"og:url\" content=\"https:\/\/www.swisscrochet.ch\/produkt\/schinhorn-yarn-kit\/\" \/>\n<meta property=\"og:site_name\" content=\"Swiss Crochet\" \/>\n<meta property=\"article:modified_time\" content=\"2025-10-17T11:07:55+00:00\" \/>\n<meta property=\"og:image\" content=\"https:\/\/www.swisscrochet.ch\/wp-content\/uploads\/2025\/10\/Uber-den-Traum-Schinhorn-Wavy-Blends-1.jpg\" \/>\n\t<meta property=\"og:image:width\" content=\"1000\" \/>\n\t<meta property=\"og:image:height\" content=\"1000\" \/>\n\t<meta property=\"og:image:type\" content=\"image\/jpeg\" \/>\n<meta name=\"twitter:card\" content=\"summary_large_image\" \/>\n<meta name=\"twitter:label1\" content=\"Gesch\u00e4tzte Lesezeit\" \/>\n\t<meta name=\"twitter:data1\" content=\"1\u00a0Minute\" \/>\n<script type=\"application\/ld+json\" class=\"yoast-schema-graph\">{\"@context\":\"https:\\\/\\\/schema.org\",\"@graph\":[{\"@type\":[\"WebPage\",\"ItemPage\"],\"@id\":\"https:\\\/\\\/www.swisscrochet.ch\\\/produkt\\\/schinhorn-yarn-kit\\\/\",\"url\":\"https:\\\/\\\/www.swisscrochet.ch\\\/produkt\\\/schinhorn-yarn-kit\\\/\",\"name\":\"Schinhorn - Garnkit &#171; Swiss Crochet\",\"isPartOf\":{\"@id\":\"https:\\\/\\\/www.swisscrochet.ch\\\/#website\"},\"primaryImageOfPage\":{\"@id\":\"https:\\\/\\\/www.swisscrochet.ch\\\/produkt\\\/schinhorn-yarn-kit\\\/#primaryimage\"},\"image\":{\"@id\":\"https:\\\/\\\/www.swisscrochet.ch\\\/produkt\\\/schinhorn-yarn-kit\\\/#primaryimage\"},\"thumbnailUrl\":\"https:\\\/\\\/www.swisscrochet.ch\\\/wp-content\\\/uploads\\\/2025\\\/10\\\/Uber-den-Traum-Schinhorn-Wavy-Blends-1.jpg\",\"datePublished\":\"2025-10-17T09:46:28+00:00\",\"dateModified\":\"2025-10-17T11:07:55+00:00\",\"description\":\"Entdecke das Schinhorn-H\u00e4kelkit\u2013 ein anf\u00e4ngerfreundliches Projekt, das vollst\u00e4ndig in der Gr\u00f6sse anpassbar ist. Enth\u00e4lt Anleitung & Hoooked Wavy Blends Garn.\",\"breadcrumb\":{\"@id\":\"https:\\\/\\\/www.swisscrochet.ch\\\/produkt\\\/schinhorn-yarn-kit\\\/#breadcrumb\"},\"inLanguage\":\"de\",\"potentialAction\":[{\"@type\":\"ReadAction\",\"target\":[\"https:\\\/\\\/www.swisscrochet.ch\\\/produkt\\\/schinhorn-yarn-kit\\\/\"]}]},{\"@type\":\"ImageObject\",\"inLanguage\":\"de\",\"@id\":\"https:\\\/\\\/www.swisscrochet.ch\\\/produkt\\\/schinhorn-yarn-kit\\\/#primaryimage\",\"url\":\"https:\\\/\\\/www.swisscrochet.ch\\\/wp-content\\\/uploads\\\/2025\\\/10\\\/Uber-den-Traum-Schinhorn-Wavy-Blends-1.jpg\",\"contentUrl\":\"https:\\\/\\\/www.swisscrochet.ch\\\/wp-content\\\/uploads\\\/2025\\\/10\\\/Uber-den-Traum-Schinhorn-Wavy-Blends-1.jpg\",\"width\":1000,\"height\":1000},{\"@type\":\"BreadcrumbList\",\"@id\":\"https:\\\/\\\/www.swisscrochet.ch\\\/produkt\\\/schinhorn-yarn-kit\\\/#breadcrumb\",\"itemListElement\":[{\"@type\":\"ListItem\",\"position\":1,\"name\":\"Home\",\"item\":\"https:\\\/\\\/www.swisscrochet.ch\\\/de\\\/\"},{\"@type\":\"ListItem\",\"position\":2,\"name\":\"Shop\",\"item\":\"https:\\\/\\\/www.swisscrochet.ch\\\/de\\\/shop\\\/\"},{\"@type\":\"ListItem\",\"position\":3,\"name\":\"Schinhorn &#8211; Garnkit\"}]},{\"@type\":\"WebSite\",\"@id\":\"https:\\\/\\\/www.swisscrochet.ch\\\/#website\",\"url\":\"https:\\\/\\\/www.swisscrochet.ch\\\/\",\"name\":\"Swiss Crochet\",\"description\":\"Entfalte dein kreatives Potenzial\",\"potentialAction\":[{\"@type\":\"SearchAction\",\"target\":{\"@type\":\"EntryPoint\",\"urlTemplate\":\"https:\\\/\\\/www.swisscrochet.ch\\\/?s={search_term_string}\"},\"query-input\":{\"@type\":\"PropertyValueSpecification\",\"valueRequired\":true,\"valueName\":\"search_term_string\"}}],\"inLanguage\":\"de\"}]}<\/script>\n<!-- \/ Yoast SEO plugin. -->","yoast_head_json":{"title":"Schinhorn - Garnkit &#171; Swiss Crochet","description":"Entdecke das Schinhorn-H\u00e4kelkit\u2013 ein anf\u00e4ngerfreundliches Projekt, das vollst\u00e4ndig in der Gr\u00f6sse anpassbar ist. Enth\u00e4lt Anleitung & Hoooked Wavy Blends Garn.","robots":{"index":"index","follow":"follow","max-snippet":"max-snippet:-1","max-image-preview":"max-image-preview:large","max-video-preview":"max-video-preview:-1"},"canonical":"https:\/\/www.swisscrochet.ch\/produkt\/schinhorn-yarn-kit\/","og_locale":"de_DE","og_type":"article","og_title":"Schinhorn - Garnkit &#171; Swiss Crochet","og_description":"Entdecke das Schinhorn-H\u00e4kelkit\u2013 ein anf\u00e4ngerfreundliches Projekt, das vollst\u00e4ndig in der Gr\u00f6sse anpassbar ist. Enth\u00e4lt Anleitung & Hoooked Wavy Blends Garn.","og_url":"https:\/\/www.swisscrochet.ch\/produkt\/schinhorn-yarn-kit\/","og_site_name":"Swiss Crochet","article_modified_time":"2025-10-17T11:07:55+00:00","og_image":[{"width":1000,"height":1000,"url":"https:\/\/www.swisscrochet.ch\/wp-content\/uploads\/2025\/10\/Uber-den-Traum-Schinhorn-Wavy-Blends-1.jpg","type":"image\/jpeg"}],"twitter_card":"summary_large_image","twitter_misc":{"Gesch\u00e4tzte Lesezeit":"1\u00a0Minute"},"schema":{"@context":"https:\/\/schema.org","@graph":[{"@type":["WebPage","ItemPage"],"@id":"https:\/\/www.swisscrochet.ch\/produkt\/schinhorn-yarn-kit\/","url":"https:\/\/www.swisscrochet.ch\/produkt\/schinhorn-yarn-kit\/","name":"Schinhorn - Garnkit &#171; Swiss Crochet","isPartOf":{"@id":"https:\/\/www.swisscrochet.ch\/#website"},"primaryImageOfPage":{"@id":"https:\/\/www.swisscrochet.ch\/produkt\/schinhorn-yarn-kit\/#primaryimage"},"image":{"@id":"https:\/\/www.swisscrochet.ch\/produkt\/schinhorn-yarn-kit\/#primaryimage"},"thumbnailUrl":"https:\/\/www.swisscrochet.ch\/wp-content\/uploads\/2025\/10\/Uber-den-Traum-Schinhorn-Wavy-Blends-1.jpg","datePublished":"2025-10-17T09:46:28+00:00","dateModified":"2025-10-17T11:07:55+00:00","description":"Entdecke das Schinhorn-H\u00e4kelkit\u2013 ein anf\u00e4ngerfreundliches Projekt, das vollst\u00e4ndig in der Gr\u00f6sse anpassbar ist. Enth\u00e4lt Anleitung & Hoooked Wavy Blends Garn.","breadcrumb":{"@id":"https:\/\/www.swisscrochet.ch\/produkt\/schinhorn-yarn-kit\/#breadcrumb"},"inLanguage":"de","potentialAction":[{"@type":"ReadAction","target":["https:\/\/www.swisscrochet.ch\/produkt\/schinhorn-yarn-kit\/"]}]},{"@type":"ImageObject","inLanguage":"de","@id":"https:\/\/www.swisscrochet.ch\/produkt\/schinhorn-yarn-kit\/#primaryimage","url":"https:\/\/www.swisscrochet.ch\/wp-content\/uploads\/2025\/10\/Uber-den-Traum-Schinhorn-Wavy-Blends-1.jpg","contentUrl":"https:\/\/www.swisscrochet.ch\/wp-content\/uploads\/2025\/10\/Uber-den-Traum-Schinhorn-Wavy-Blends-1.jpg","width":1000,"height":1000},{"@type":"BreadcrumbList","@id":"https:\/\/www.swisscrochet.ch\/produkt\/schinhorn-yarn-kit\/#breadcrumb","itemListElement":[{"@type":"ListItem","position":1,"name":"Home","item":"https:\/\/www.swisscrochet.ch\/de\/"},{"@type":"ListItem","position":2,"name":"Shop","item":"https:\/\/www.swisscrochet.ch\/de\/shop\/"},{"@type":"ListItem","position":3,"name":"Schinhorn &#8211; Garnkit"}]},{"@type":"WebSite","@id":"https:\/\/www.swisscrochet.ch\/#website","url":"https:\/\/www.swisscrochet.ch\/","name":"Swiss Crochet","description":"Entfalte dein kreatives Potenzial","potentialAction":[{"@type":"SearchAction","target":{"@type":"EntryPoint","urlTemplate":"https:\/\/www.swisscrochet.ch\/?s={search_term_string}"},"query-input":{"@type":"PropertyValueSpecification","valueRequired":true,"valueName":"search_term_string"}}],"inLanguage":"de"}]}},"_links":{"self":[{"href":"https:\/\/www.swisscrochet.ch\/de\/wp-json\/wp\/v2\/product\/12665","targetHints":{"allow":["GET"]}}],"collection":[{"href":"https:\/\/www.swisscrochet.ch\/de\/wp-json\/wp\/v2\/product"}],"about":[{"href":"https:\/\/www.swisscrochet.ch\/de\/wp-json\/wp\/v2\/types\/product"}],"wp:featuredmedia":[{"embeddable":true,"href":"https:\/\/www.swisscrochet.ch\/de\/wp-json\/wp\/v2\/media\/12377"}],"wp:attachment":[{"href":"https:\/\/www.swisscrochet.ch\/de\/wp-json\/wp\/v2\/media?parent=12665"}],"wp:term":[{"taxonomy":"product_brand","embeddable":true,"href":"https:\/\/www.swisscrochet.ch\/de\/wp-json\/wp\/v2\/product_brand?post=12665"},{"taxonomy":"product_cat","embeddable":true,"href":"https:\/\/www.swisscrochet.ch\/de\/wp-json\/wp\/v2\/product_cat?post=12665"},{"taxonomy":"product_tag","embeddable":true,"href":"https:\/\/www.swisscrochet.ch\/de\/wp-json\/wp\/v2\/product_tag?post=12665"}],"curies":[{"name":"wp","href":"https:\/\/api.w.org\/{rel}","templated":true}]}}