{"id":13187,"date":"2025-10-25T12:14:33","date_gmt":"2025-10-25T10:14:33","guid":{"rendered":"https:\/\/www.swisscrochet.ch\/product\/scheepjes-catona-chroma\/"},"modified":"2026-04-13T11:38:51","modified_gmt":"2026-04-13T09:38:51","slug":"scheepjes-catona-chroma","status":"publish","type":"product","link":"https:\/\/www.swisscrochet.ch\/de\/produkt\/scheepjes-catona-chroma\/","title":{"rendered":"Scheepjes &#8211; Catona Chroma"},"content":{"rendered":"","protected":false},"excerpt":{"rendered":"<p>Scheepjes Catona Chroma ist ein 4-f\u00e4diges, fingeringstarkes Garn aus 100 % mercerisierter Baumwolle, gesch\u00e4tzt f\u00fcr seine nat\u00fcrliche Atmungsaktivit\u00e4t, seinen zarten Glanz und seine glatte, geschmeidige Textur. Perfekt f\u00fcr eine Vielzahl von Projekten \u2013 von Kleidungsst\u00fccken und Accessoires bis hin zu Amigurumi, Spielzeug und Wohnaccessoires \u2013 ist Catona Chroma eine unverzichtbare Wahl f\u00fcr jede H\u00e4klerin.<\/p>\n<p>Dank der EN71-3-Zertifizierung ist dieses Garn auch f\u00fcr empfindliche Haut geeignet und somit ideal f\u00fcr Projekte f\u00fcr Babys und Kinder. Zudem wird Catona unter Verwendung von recyceltem Abwasser hergestellt \u2013 eine umweltbewusste Wahl f\u00fcr nachhaltiges Handarbeiten.<\/p>\n<p>Die abgebildete Maschenprobe wurde im normalen Waschgang bei 40 \u00b0C maschinell gewaschen und anschliessend mit Dampf geb\u00fcgelt.<\/p>\n<p>Erh\u00e4ltlich in einer wundersch\u00f6nen Palette von 20 mehrfarbigen T\u00f6nen l\u00e4dt Scheepjes Catona Chroma zu grenzenloser Kreativit\u00e4t und unz\u00e4hligen Farbkombinationen ein. W\u00e4hle Scheepjes Catona Chroma f\u00fcr Qualit\u00e4t, Vielseitigkeit und leuchtende Farben in jeder Masche!<\/p>\n","protected":false},"featured_media":13016,"template":"","meta":[],"product_brand":[],"product_cat":[1879,1888,1884,226,1894,1881],"product_tag":[],"class_list":{"0":"post-13187","1":"product","2":"type-product","3":"status-publish","4":"has-post-thumbnail","6":"product_cat-garn-amigurumi","7":"product_cat-garn-basisgarne","8":"product_cat-garn-decken","9":"product_cat-garne","10":"product_cat-garn-kleidungsstucke","11":"product_cat-garn-taschen-und-home-decor","12":"pa_y1-brand-scheepjes-de","13":"pa_y17-yarn-weight-fingering-de","14":"description-off","16":"first","17":"instock","18":"taxable","19":"shipping-taxable","20":"purchasable","21":"product-type-variable","22":"wvs-archive-product-wrapper"},"bundled_by":["17721"],"bundle_stock_status":"instock","bundle_stock_quantity":null,"bundle_virtual":false,"bundle_layout":"","bundle_add_to_cart_form_location":"","bundle_editable_in_cart":false,"bundle_sold_individually_context":"","bundle_item_grouping":"","bundle_min_size":"","bundle_max_size":"","bundle_price":[],"bundled_items":[],"bundle_sell_ids":[],"yoast_head":"<!-- This site is optimized with the Yoast SEO plugin v27.5 - https:\/\/yoast.com\/product\/yoast-seo-wordpress\/ -->\n<title>Scheepjes - Catona Chroma &#171; Swiss Crochet<\/title>\n<meta name=\"description\" content=\"Scheepjes Catona Chroma ist ein 4-f\u00e4diges mercerisiertes Baumwollgarn mit glatter Textur und zartem Glanz. Perfekt f\u00fcr Amigurumi, Kleidung &amp; mehr \u2013 in 20 leuchtenden Farben!\" \/>\n<meta name=\"robots\" content=\"index, follow, max-snippet:-1, max-image-preview:large, max-video-preview:-1\" \/>\n<link rel=\"canonical\" href=\"https:\/\/www.swisscrochet.ch\/de\/produkt\/scheepjes-catona-chroma\/\" \/>\n<meta property=\"og:locale\" content=\"de_DE\" \/>\n<meta property=\"og:type\" content=\"article\" \/>\n<meta property=\"og:title\" content=\"Scheepjes - Catona Chroma &#171; Swiss Crochet\" \/>\n<meta property=\"og:description\" content=\"Scheepjes Catona Chroma ist ein 4-f\u00e4diges mercerisiertes Baumwollgarn mit glatter Textur und zartem Glanz. Perfekt f\u00fcr Amigurumi, Kleidung &amp; mehr \u2013 in 20 leuchtenden Farben!\" \/>\n<meta property=\"og:url\" content=\"https:\/\/www.swisscrochet.ch\/de\/produkt\/scheepjes-catona-chroma\/\" \/>\n<meta property=\"og:site_name\" content=\"Swiss Crochet\" \/>\n<meta property=\"article:modified_time\" content=\"2026-04-13T09:38:51+00:00\" \/>\n<meta property=\"og:image\" content=\"https:\/\/www.swisscrochet.ch\/wp-content\/uploads\/2025\/10\/Scheepjes-Catona-Chroma-Overview.jpg\" \/>\n\t<meta property=\"og:image:width\" content=\"1000\" \/>\n\t<meta property=\"og:image:height\" content=\"1000\" \/>\n\t<meta property=\"og:image:type\" content=\"image\/jpeg\" \/>\n<meta name=\"twitter:card\" content=\"summary_large_image\" \/>\n<meta name=\"twitter:label1\" content=\"Gesch\u00e4tzte Lesezeit\" \/>\n\t<meta name=\"twitter:data1\" content=\"1\u00a0Minute\" \/>\n<script type=\"application\/ld+json\" class=\"yoast-schema-graph\">{\"@context\":\"https:\\\/\\\/schema.org\",\"@graph\":[{\"@type\":[\"WebPage\",\"ItemPage\"],\"@id\":\"https:\\\/\\\/www.swisscrochet.ch\\\/de\\\/produkt\\\/scheepjes-catona-chroma\\\/\",\"url\":\"https:\\\/\\\/www.swisscrochet.ch\\\/de\\\/produkt\\\/scheepjes-catona-chroma\\\/\",\"name\":\"Scheepjes - Catona Chroma &#171; Swiss Crochet\",\"isPartOf\":{\"@id\":\"https:\\\/\\\/www.swisscrochet.ch\\\/#website\"},\"primaryImageOfPage\":{\"@id\":\"https:\\\/\\\/www.swisscrochet.ch\\\/de\\\/produkt\\\/scheepjes-catona-chroma\\\/#primaryimage\"},\"image\":{\"@id\":\"https:\\\/\\\/www.swisscrochet.ch\\\/de\\\/produkt\\\/scheepjes-catona-chroma\\\/#primaryimage\"},\"thumbnailUrl\":\"https:\\\/\\\/www.swisscrochet.ch\\\/wp-content\\\/uploads\\\/2025\\\/10\\\/Scheepjes-Catona-Chroma-Overview.jpg\",\"datePublished\":\"2025-10-25T10:14:33+00:00\",\"dateModified\":\"2026-04-13T09:38:51+00:00\",\"description\":\"Scheepjes Catona Chroma ist ein 4-f\u00e4diges mercerisiertes Baumwollgarn mit glatter Textur und zartem Glanz. Perfekt f\u00fcr Amigurumi, Kleidung & mehr \u2013 in 20 leuchtenden Farben!\",\"breadcrumb\":{\"@id\":\"https:\\\/\\\/www.swisscrochet.ch\\\/de\\\/produkt\\\/scheepjes-catona-chroma\\\/#breadcrumb\"},\"inLanguage\":\"de\",\"potentialAction\":[{\"@type\":\"ReadAction\",\"target\":[\"https:\\\/\\\/www.swisscrochet.ch\\\/de\\\/produkt\\\/scheepjes-catona-chroma\\\/\"]}]},{\"@type\":\"ImageObject\",\"inLanguage\":\"de\",\"@id\":\"https:\\\/\\\/www.swisscrochet.ch\\\/de\\\/produkt\\\/scheepjes-catona-chroma\\\/#primaryimage\",\"url\":\"https:\\\/\\\/www.swisscrochet.ch\\\/wp-content\\\/uploads\\\/2025\\\/10\\\/Scheepjes-Catona-Chroma-Overview.jpg\",\"contentUrl\":\"https:\\\/\\\/www.swisscrochet.ch\\\/wp-content\\\/uploads\\\/2025\\\/10\\\/Scheepjes-Catona-Chroma-Overview.jpg\",\"width\":1000,\"height\":1000},{\"@type\":\"BreadcrumbList\",\"@id\":\"https:\\\/\\\/www.swisscrochet.ch\\\/de\\\/produkt\\\/scheepjes-catona-chroma\\\/#breadcrumb\",\"itemListElement\":[{\"@type\":\"ListItem\",\"position\":1,\"name\":\"Home\",\"item\":\"https:\\\/\\\/www.swisscrochet.ch\\\/de\\\/\"},{\"@type\":\"ListItem\",\"position\":2,\"name\":\"Shop\",\"item\":\"https:\\\/\\\/www.swisscrochet.ch\\\/de\\\/shop\\\/\"},{\"@type\":\"ListItem\",\"position\":3,\"name\":\"Scheepjes &#8211; Catona Chroma\"}]},{\"@type\":\"WebSite\",\"@id\":\"https:\\\/\\\/www.swisscrochet.ch\\\/#website\",\"url\":\"https:\\\/\\\/www.swisscrochet.ch\\\/\",\"name\":\"Swiss Crochet\",\"description\":\"Entfalte dein kreatives Potenzial\",\"potentialAction\":[{\"@type\":\"SearchAction\",\"target\":{\"@type\":\"EntryPoint\",\"urlTemplate\":\"https:\\\/\\\/www.swisscrochet.ch\\\/?s={search_term_string}\"},\"query-input\":{\"@type\":\"PropertyValueSpecification\",\"valueRequired\":true,\"valueName\":\"search_term_string\"}}],\"inLanguage\":\"de\"}]}<\/script>\n<!-- \/ Yoast SEO plugin. -->","yoast_head_json":{"title":"Scheepjes - Catona Chroma &#171; Swiss Crochet","description":"Scheepjes Catona Chroma ist ein 4-f\u00e4diges mercerisiertes Baumwollgarn mit glatter Textur und zartem Glanz. Perfekt f\u00fcr Amigurumi, Kleidung & mehr \u2013 in 20 leuchtenden Farben!","robots":{"index":"index","follow":"follow","max-snippet":"max-snippet:-1","max-image-preview":"max-image-preview:large","max-video-preview":"max-video-preview:-1"},"canonical":"https:\/\/www.swisscrochet.ch\/de\/produkt\/scheepjes-catona-chroma\/","og_locale":"de_DE","og_type":"article","og_title":"Scheepjes - Catona Chroma &#171; Swiss Crochet","og_description":"Scheepjes Catona Chroma ist ein 4-f\u00e4diges mercerisiertes Baumwollgarn mit glatter Textur und zartem Glanz. Perfekt f\u00fcr Amigurumi, Kleidung & mehr \u2013 in 20 leuchtenden Farben!","og_url":"https:\/\/www.swisscrochet.ch\/de\/produkt\/scheepjes-catona-chroma\/","og_site_name":"Swiss Crochet","article_modified_time":"2026-04-13T09:38:51+00:00","og_image":[{"width":1000,"height":1000,"url":"https:\/\/www.swisscrochet.ch\/wp-content\/uploads\/2025\/10\/Scheepjes-Catona-Chroma-Overview.jpg","type":"image\/jpeg"}],"twitter_card":"summary_large_image","twitter_misc":{"Gesch\u00e4tzte Lesezeit":"1\u00a0Minute"},"schema":{"@context":"https:\/\/schema.org","@graph":[{"@type":["WebPage","ItemPage"],"@id":"https:\/\/www.swisscrochet.ch\/de\/produkt\/scheepjes-catona-chroma\/","url":"https:\/\/www.swisscrochet.ch\/de\/produkt\/scheepjes-catona-chroma\/","name":"Scheepjes - Catona Chroma &#171; Swiss Crochet","isPartOf":{"@id":"https:\/\/www.swisscrochet.ch\/#website"},"primaryImageOfPage":{"@id":"https:\/\/www.swisscrochet.ch\/de\/produkt\/scheepjes-catona-chroma\/#primaryimage"},"image":{"@id":"https:\/\/www.swisscrochet.ch\/de\/produkt\/scheepjes-catona-chroma\/#primaryimage"},"thumbnailUrl":"https:\/\/www.swisscrochet.ch\/wp-content\/uploads\/2025\/10\/Scheepjes-Catona-Chroma-Overview.jpg","datePublished":"2025-10-25T10:14:33+00:00","dateModified":"2026-04-13T09:38:51+00:00","description":"Scheepjes Catona Chroma ist ein 4-f\u00e4diges mercerisiertes Baumwollgarn mit glatter Textur und zartem Glanz. Perfekt f\u00fcr Amigurumi, Kleidung & mehr \u2013 in 20 leuchtenden Farben!","breadcrumb":{"@id":"https:\/\/www.swisscrochet.ch\/de\/produkt\/scheepjes-catona-chroma\/#breadcrumb"},"inLanguage":"de","potentialAction":[{"@type":"ReadAction","target":["https:\/\/www.swisscrochet.ch\/de\/produkt\/scheepjes-catona-chroma\/"]}]},{"@type":"ImageObject","inLanguage":"de","@id":"https:\/\/www.swisscrochet.ch\/de\/produkt\/scheepjes-catona-chroma\/#primaryimage","url":"https:\/\/www.swisscrochet.ch\/wp-content\/uploads\/2025\/10\/Scheepjes-Catona-Chroma-Overview.jpg","contentUrl":"https:\/\/www.swisscrochet.ch\/wp-content\/uploads\/2025\/10\/Scheepjes-Catona-Chroma-Overview.jpg","width":1000,"height":1000},{"@type":"BreadcrumbList","@id":"https:\/\/www.swisscrochet.ch\/de\/produkt\/scheepjes-catona-chroma\/#breadcrumb","itemListElement":[{"@type":"ListItem","position":1,"name":"Home","item":"https:\/\/www.swisscrochet.ch\/de\/"},{"@type":"ListItem","position":2,"name":"Shop","item":"https:\/\/www.swisscrochet.ch\/de\/shop\/"},{"@type":"ListItem","position":3,"name":"Scheepjes &#8211; Catona Chroma"}]},{"@type":"WebSite","@id":"https:\/\/www.swisscrochet.ch\/#website","url":"https:\/\/www.swisscrochet.ch\/","name":"Swiss Crochet","description":"Entfalte dein kreatives Potenzial","potentialAction":[{"@type":"SearchAction","target":{"@type":"EntryPoint","urlTemplate":"https:\/\/www.swisscrochet.ch\/?s={search_term_string}"},"query-input":{"@type":"PropertyValueSpecification","valueRequired":true,"valueName":"search_term_string"}}],"inLanguage":"de"}]}},"_links":{"self":[{"href":"https:\/\/www.swisscrochet.ch\/de\/wp-json\/wp\/v2\/product\/13187","targetHints":{"allow":["GET"]}}],"collection":[{"href":"https:\/\/www.swisscrochet.ch\/de\/wp-json\/wp\/v2\/product"}],"about":[{"href":"https:\/\/www.swisscrochet.ch\/de\/wp-json\/wp\/v2\/types\/product"}],"wp:featuredmedia":[{"embeddable":true,"href":"https:\/\/www.swisscrochet.ch\/de\/wp-json\/wp\/v2\/media\/13016"}],"wp:attachment":[{"href":"https:\/\/www.swisscrochet.ch\/de\/wp-json\/wp\/v2\/media?parent=13187"}],"wp:term":[{"taxonomy":"product_brand","embeddable":true,"href":"https:\/\/www.swisscrochet.ch\/de\/wp-json\/wp\/v2\/product_brand?post=13187"},{"taxonomy":"product_cat","embeddable":true,"href":"https:\/\/www.swisscrochet.ch\/de\/wp-json\/wp\/v2\/product_cat?post=13187"},{"taxonomy":"product_tag","embeddable":true,"href":"https:\/\/www.swisscrochet.ch\/de\/wp-json\/wp\/v2\/product_tag?post=13187"}],"curies":[{"name":"wp","href":"https:\/\/api.w.org\/{rel}","templated":true}]}}