{"id":13450,"date":"2025-10-25T14:37:58","date_gmt":"2025-10-25T12:37:58","guid":{"rendered":"https:\/\/www.swisscrochet.ch\/product\/milward-tapestry-needles-for-amigurumi\/"},"modified":"2025-10-25T15:16:24","modified_gmt":"2025-10-25T13:16:24","slug":"milward-garnnadeln-fuer-amigurumi","status":"publish","type":"product","link":"https:\/\/www.swisscrochet.ch\/de\/produkt\/milward-garnnadeln-fuer-amigurumi\/","title":{"rendered":"Milward &#8211; Garnnadeln f\u00fcr Amigurumi"},"content":{"rendered":"","protected":false},"excerpt":{"rendered":"<p>Die Milward Garnnadeln f\u00fcr Amigurumi sind extra lang und speziell f\u00fcr das Fertigstellen und Zusammenf\u00fcgen von Amigurumi-Projekten entwickelt. Das verl\u00e4ngerte Nadel\u00f6hr erleichtert das Einf\u00e4deln, w\u00e4hrend die scharfen Spitzen die F\u00fcllung m\u00fchelos durchdringen \u2013 perfekt, um Garnenden sauber in deinen Kreationen zu sichern.<\/p>\n<p>\u2714 Perfekt zum Ann\u00e4hen kleiner Teile wie Augen, Nasen und Gliedmassen<br \/>\n\u2714 Extra-langes Design erm\u00f6glicht das Einweben der Garnenden durch die F\u00fcllung f\u00fcr eine sichere Verarbeitung<br \/>\n\u2714 Ideal f\u00fcr Amigurumi, Pl\u00fcschtiere und andere 3D-H\u00e4kelprojekte<\/p>\n<p>Enth\u00e4lt: 4 Stahl-Nadeln in verschiedenen Gr\u00f6ssen.<\/p>\n","protected":false},"featured_media":13442,"template":"","meta":[],"product_brand":[],"product_cat":[220,568],"product_tag":[],"class_list":{"0":"post-13450","1":"product","2":"type-product","3":"status-publish","4":"has-post-thumbnail","6":"product_cat-hakelnadeln-und-zubehor","7":"product_cat-sticknadeln","8":"product_shipping_class-kleinsendungen","9":"pa_t1-manufacturer-milward-de","10":"description-off","12":"first","13":"instock","14":"taxable","15":"shipping-taxable","16":"purchasable","17":"product-type-simple"},"bundled_by":[],"bundle_stock_status":"instock","bundle_stock_quantity":7,"bundle_virtual":false,"bundle_layout":"","bundle_add_to_cart_form_location":"","bundle_editable_in_cart":false,"bundle_sold_individually_context":"","bundle_item_grouping":"","bundle_min_size":"","bundle_max_size":"","bundle_price":[],"bundled_items":[],"bundle_sell_ids":[],"yoast_head":"<!-- This site is optimized with the Yoast SEO plugin v27.5 - https:\/\/yoast.com\/product\/yoast-seo-wordpress\/ -->\n<title>Milward - Garnnadeln f\u00fcr Amigurumi &#171; Swiss Crochet<\/title>\n<meta name=\"description\" content=\"Milward Sticknadeln f\u00fcr Amigurumi \u2013 Extra-lange Stahl-Nadeln, speziell zum Fertigstellen von Amigurumi. Perfekt zum Ann\u00e4hen kleiner Teile und zum Sichern von Garnenden in Stofftieren.\" \/>\n<meta name=\"robots\" content=\"index, follow, max-snippet:-1, max-image-preview:large, max-video-preview:-1\" \/>\n<link rel=\"canonical\" href=\"https:\/\/www.swisscrochet.ch\/produkt\/milward-tapestry-needles-for-amigurumi\/\" \/>\n<meta property=\"og:locale\" content=\"de_DE\" \/>\n<meta property=\"og:type\" content=\"article\" \/>\n<meta property=\"og:title\" content=\"Milward - Garnnadeln f\u00fcr Amigurumi &#171; Swiss Crochet\" \/>\n<meta property=\"og:description\" content=\"Milward Sticknadeln f\u00fcr Amigurumi \u2013 Extra-lange Stahl-Nadeln, speziell zum Fertigstellen von Amigurumi. Perfekt zum Ann\u00e4hen kleiner Teile und zum Sichern von Garnenden in Stofftieren.\" \/>\n<meta property=\"og:url\" content=\"https:\/\/www.swisscrochet.ch\/produkt\/milward-tapestry-needles-for-amigurumi\/\" \/>\n<meta property=\"og:site_name\" content=\"Swiss Crochet\" \/>\n<meta property=\"article:modified_time\" content=\"2025-10-25T13:16:24+00:00\" \/>\n<meta property=\"og:image\" content=\"https:\/\/www.swisscrochet.ch\/wp-content\/uploads\/2025\/10\/Milward-Tapestry-Needles-for-Amigurumi-Overview.jpg\" \/>\n\t<meta property=\"og:image:width\" content=\"1000\" \/>\n\t<meta property=\"og:image:height\" content=\"1000\" \/>\n\t<meta property=\"og:image:type\" content=\"image\/jpeg\" \/>\n<meta name=\"twitter:card\" content=\"summary_large_image\" \/>\n<meta name=\"twitter:label1\" content=\"Gesch\u00e4tzte Lesezeit\" \/>\n\t<meta name=\"twitter:data1\" content=\"1\u00a0Minute\" \/>\n<script type=\"application\/ld+json\" class=\"yoast-schema-graph\">{\"@context\":\"https:\\\/\\\/schema.org\",\"@graph\":[{\"@type\":[\"WebPage\",\"ItemPage\"],\"@id\":\"https:\\\/\\\/www.swisscrochet.ch\\\/produkt\\\/milward-tapestry-needles-for-amigurumi\\\/\",\"url\":\"https:\\\/\\\/www.swisscrochet.ch\\\/produkt\\\/milward-tapestry-needles-for-amigurumi\\\/\",\"name\":\"Milward - Garnnadeln f\u00fcr Amigurumi &#171; Swiss Crochet\",\"isPartOf\":{\"@id\":\"https:\\\/\\\/www.swisscrochet.ch\\\/#website\"},\"primaryImageOfPage\":{\"@id\":\"https:\\\/\\\/www.swisscrochet.ch\\\/produkt\\\/milward-tapestry-needles-for-amigurumi\\\/#primaryimage\"},\"image\":{\"@id\":\"https:\\\/\\\/www.swisscrochet.ch\\\/produkt\\\/milward-tapestry-needles-for-amigurumi\\\/#primaryimage\"},\"thumbnailUrl\":\"https:\\\/\\\/www.swisscrochet.ch\\\/wp-content\\\/uploads\\\/2025\\\/10\\\/Milward-Tapestry-Needles-for-Amigurumi-Overview.jpg\",\"datePublished\":\"2025-10-25T12:37:58+00:00\",\"dateModified\":\"2025-10-25T13:16:24+00:00\",\"description\":\"Milward Sticknadeln f\u00fcr Amigurumi \u2013 Extra-lange Stahl-Nadeln, speziell zum Fertigstellen von Amigurumi. Perfekt zum Ann\u00e4hen kleiner Teile und zum Sichern von Garnenden in Stofftieren.\",\"breadcrumb\":{\"@id\":\"https:\\\/\\\/www.swisscrochet.ch\\\/produkt\\\/milward-tapestry-needles-for-amigurumi\\\/#breadcrumb\"},\"inLanguage\":\"de\",\"potentialAction\":[{\"@type\":\"ReadAction\",\"target\":[\"https:\\\/\\\/www.swisscrochet.ch\\\/produkt\\\/milward-tapestry-needles-for-amigurumi\\\/\"]}]},{\"@type\":\"ImageObject\",\"inLanguage\":\"de\",\"@id\":\"https:\\\/\\\/www.swisscrochet.ch\\\/produkt\\\/milward-tapestry-needles-for-amigurumi\\\/#primaryimage\",\"url\":\"https:\\\/\\\/www.swisscrochet.ch\\\/wp-content\\\/uploads\\\/2025\\\/10\\\/Milward-Tapestry-Needles-for-Amigurumi-Overview.jpg\",\"contentUrl\":\"https:\\\/\\\/www.swisscrochet.ch\\\/wp-content\\\/uploads\\\/2025\\\/10\\\/Milward-Tapestry-Needles-for-Amigurumi-Overview.jpg\",\"width\":1000,\"height\":1000},{\"@type\":\"BreadcrumbList\",\"@id\":\"https:\\\/\\\/www.swisscrochet.ch\\\/produkt\\\/milward-tapestry-needles-for-amigurumi\\\/#breadcrumb\",\"itemListElement\":[{\"@type\":\"ListItem\",\"position\":1,\"name\":\"Home\",\"item\":\"https:\\\/\\\/www.swisscrochet.ch\\\/de\\\/\"},{\"@type\":\"ListItem\",\"position\":2,\"name\":\"Shop\",\"item\":\"https:\\\/\\\/www.swisscrochet.ch\\\/de\\\/shop\\\/\"},{\"@type\":\"ListItem\",\"position\":3,\"name\":\"Milward &#8211; Garnnadeln f\u00fcr Amigurumi\"}]},{\"@type\":\"WebSite\",\"@id\":\"https:\\\/\\\/www.swisscrochet.ch\\\/#website\",\"url\":\"https:\\\/\\\/www.swisscrochet.ch\\\/\",\"name\":\"Swiss Crochet\",\"description\":\"Entfalte dein kreatives Potenzial\",\"potentialAction\":[{\"@type\":\"SearchAction\",\"target\":{\"@type\":\"EntryPoint\",\"urlTemplate\":\"https:\\\/\\\/www.swisscrochet.ch\\\/?s={search_term_string}\"},\"query-input\":{\"@type\":\"PropertyValueSpecification\",\"valueRequired\":true,\"valueName\":\"search_term_string\"}}],\"inLanguage\":\"de\"}]}<\/script>\n<!-- \/ Yoast SEO plugin. -->","yoast_head_json":{"title":"Milward - Garnnadeln f\u00fcr Amigurumi &#171; Swiss Crochet","description":"Milward Sticknadeln f\u00fcr Amigurumi \u2013 Extra-lange Stahl-Nadeln, speziell zum Fertigstellen von Amigurumi. Perfekt zum Ann\u00e4hen kleiner Teile und zum Sichern von Garnenden in Stofftieren.","robots":{"index":"index","follow":"follow","max-snippet":"max-snippet:-1","max-image-preview":"max-image-preview:large","max-video-preview":"max-video-preview:-1"},"canonical":"https:\/\/www.swisscrochet.ch\/produkt\/milward-tapestry-needles-for-amigurumi\/","og_locale":"de_DE","og_type":"article","og_title":"Milward - Garnnadeln f\u00fcr Amigurumi &#171; Swiss Crochet","og_description":"Milward Sticknadeln f\u00fcr Amigurumi \u2013 Extra-lange Stahl-Nadeln, speziell zum Fertigstellen von Amigurumi. Perfekt zum Ann\u00e4hen kleiner Teile und zum Sichern von Garnenden in Stofftieren.","og_url":"https:\/\/www.swisscrochet.ch\/produkt\/milward-tapestry-needles-for-amigurumi\/","og_site_name":"Swiss Crochet","article_modified_time":"2025-10-25T13:16:24+00:00","og_image":[{"width":1000,"height":1000,"url":"https:\/\/www.swisscrochet.ch\/wp-content\/uploads\/2025\/10\/Milward-Tapestry-Needles-for-Amigurumi-Overview.jpg","type":"image\/jpeg"}],"twitter_card":"summary_large_image","twitter_misc":{"Gesch\u00e4tzte Lesezeit":"1\u00a0Minute"},"schema":{"@context":"https:\/\/schema.org","@graph":[{"@type":["WebPage","ItemPage"],"@id":"https:\/\/www.swisscrochet.ch\/produkt\/milward-tapestry-needles-for-amigurumi\/","url":"https:\/\/www.swisscrochet.ch\/produkt\/milward-tapestry-needles-for-amigurumi\/","name":"Milward - Garnnadeln f\u00fcr Amigurumi &#171; Swiss Crochet","isPartOf":{"@id":"https:\/\/www.swisscrochet.ch\/#website"},"primaryImageOfPage":{"@id":"https:\/\/www.swisscrochet.ch\/produkt\/milward-tapestry-needles-for-amigurumi\/#primaryimage"},"image":{"@id":"https:\/\/www.swisscrochet.ch\/produkt\/milward-tapestry-needles-for-amigurumi\/#primaryimage"},"thumbnailUrl":"https:\/\/www.swisscrochet.ch\/wp-content\/uploads\/2025\/10\/Milward-Tapestry-Needles-for-Amigurumi-Overview.jpg","datePublished":"2025-10-25T12:37:58+00:00","dateModified":"2025-10-25T13:16:24+00:00","description":"Milward Sticknadeln f\u00fcr Amigurumi \u2013 Extra-lange Stahl-Nadeln, speziell zum Fertigstellen von Amigurumi. Perfekt zum Ann\u00e4hen kleiner Teile und zum Sichern von Garnenden in Stofftieren.","breadcrumb":{"@id":"https:\/\/www.swisscrochet.ch\/produkt\/milward-tapestry-needles-for-amigurumi\/#breadcrumb"},"inLanguage":"de","potentialAction":[{"@type":"ReadAction","target":["https:\/\/www.swisscrochet.ch\/produkt\/milward-tapestry-needles-for-amigurumi\/"]}]},{"@type":"ImageObject","inLanguage":"de","@id":"https:\/\/www.swisscrochet.ch\/produkt\/milward-tapestry-needles-for-amigurumi\/#primaryimage","url":"https:\/\/www.swisscrochet.ch\/wp-content\/uploads\/2025\/10\/Milward-Tapestry-Needles-for-Amigurumi-Overview.jpg","contentUrl":"https:\/\/www.swisscrochet.ch\/wp-content\/uploads\/2025\/10\/Milward-Tapestry-Needles-for-Amigurumi-Overview.jpg","width":1000,"height":1000},{"@type":"BreadcrumbList","@id":"https:\/\/www.swisscrochet.ch\/produkt\/milward-tapestry-needles-for-amigurumi\/#breadcrumb","itemListElement":[{"@type":"ListItem","position":1,"name":"Home","item":"https:\/\/www.swisscrochet.ch\/de\/"},{"@type":"ListItem","position":2,"name":"Shop","item":"https:\/\/www.swisscrochet.ch\/de\/shop\/"},{"@type":"ListItem","position":3,"name":"Milward &#8211; Garnnadeln f\u00fcr Amigurumi"}]},{"@type":"WebSite","@id":"https:\/\/www.swisscrochet.ch\/#website","url":"https:\/\/www.swisscrochet.ch\/","name":"Swiss Crochet","description":"Entfalte dein kreatives Potenzial","potentialAction":[{"@type":"SearchAction","target":{"@type":"EntryPoint","urlTemplate":"https:\/\/www.swisscrochet.ch\/?s={search_term_string}"},"query-input":{"@type":"PropertyValueSpecification","valueRequired":true,"valueName":"search_term_string"}}],"inLanguage":"de"}]}},"_links":{"self":[{"href":"https:\/\/www.swisscrochet.ch\/de\/wp-json\/wp\/v2\/product\/13450","targetHints":{"allow":["GET"]}}],"collection":[{"href":"https:\/\/www.swisscrochet.ch\/de\/wp-json\/wp\/v2\/product"}],"about":[{"href":"https:\/\/www.swisscrochet.ch\/de\/wp-json\/wp\/v2\/types\/product"}],"wp:featuredmedia":[{"embeddable":true,"href":"https:\/\/www.swisscrochet.ch\/de\/wp-json\/wp\/v2\/media\/13442"}],"wp:attachment":[{"href":"https:\/\/www.swisscrochet.ch\/de\/wp-json\/wp\/v2\/media?parent=13450"}],"wp:term":[{"taxonomy":"product_brand","embeddable":true,"href":"https:\/\/www.swisscrochet.ch\/de\/wp-json\/wp\/v2\/product_brand?post=13450"},{"taxonomy":"product_cat","embeddable":true,"href":"https:\/\/www.swisscrochet.ch\/de\/wp-json\/wp\/v2\/product_cat?post=13450"},{"taxonomy":"product_tag","embeddable":true,"href":"https:\/\/www.swisscrochet.ch\/de\/wp-json\/wp\/v2\/product_tag?post=13450"}],"curies":[{"name":"wp","href":"https:\/\/api.w.org\/{rel}","templated":true}]}}