{"id":1386,"date":"2024-10-19T17:42:52","date_gmt":"2024-10-19T15:42:52","guid":{"rendered":"https:\/\/www.swisscrochet.ch\/?post_type=product&#038;p=1386"},"modified":"2026-04-29T22:07:21","modified_gmt":"2026-04-29T20:07:21","slug":"crochet-apero","status":"publish","type":"product","link":"https:\/\/www.swisscrochet.ch\/de\/produkt\/crochet-apero\/","title":{"rendered":"Crochet Ap\u00e9ro"},"content":{"rendered":"","protected":false},"excerpt":{"rendered":"<h3>Crochet Ap\u00e9ro \u2013 Entspannen, Kreieren &amp; Verbinden<\/h3>\n<p>Mach mit beim <em>Crochet Ap\u00e9ro<\/em> \u2013 ein lockeres, kreatives Treffen, bei dem H\u00e4keln auf gute Gesellschaft trifft! Ob Anf\u00e4ngerin oder erfahrene H\u00e4klerin \u2013 alle sind zu dieser kostenlosen Veranstaltung willkommen. Bringe dein Garn, deine H\u00e4kelnadeln und deine Liebe zum Handarbeiten mit, w\u00e4hrend wir uns entspannen, plaudern und gemeinsam h\u00e4keln.<\/p>\n<p>Der Veranstaltungsort kann variieren, aber die Atmosph\u00e4re ist immer gem\u00fctlich und einladend. Bleib hier auf unserer Webseite auf dem Laufenden \u00fcber Veranstaltungsaktualisierungen. Komm alleine oder mit Freunden \u2013 aber vergiss dein H\u00e4kelprojekt nicht!<\/p>\n<h5>Sprache<\/h5>\n<p>Englisch oder Deutsch<\/p>\n<h5>Ort<\/h5>\n<p>Swiss Crochet <a href=\"https:\/\/www.swisscrochet.ch\/de\/impressum\/\">B\u00fcro<\/a><br \/>\nDas Swiss Crochet B\u00fcro befindet sich im zweiten Stock des Geb\u00e4udes.<\/p>\n<h5>Termine<\/h5>\n<ul>\n<li>23.05.2026: 10:00-12:00<\/li>\n<li>27.06.2026: 10:00-12:00<\/li>\n<li>25.07.2026: 10:00-12:00<\/li>\n<li>29:08.2026: 10:00-12:00<\/li>\n<\/ul>\n<p>&nbsp;<\/p>\n<p><strong>Hast du Fragen?<\/strong> Lies die Seite <a href=\"https:\/\/www.swisscrochet.ch\/de\/f-a-q-haeufig-gestellte-fragen\/\">F.A.Q. \u2013 H\u00e4ufig gestellte Fragen<\/a>.<\/p>\n","protected":false},"featured_media":1390,"template":"","meta":[],"product_brand":[],"product_cat":[215],"product_tag":[],"class_list":{"0":"post-1386","1":"product","2":"type-product","3":"status-publish","4":"has-post-thumbnail","6":"product_cat-veranstaltungen","7":"description-off","9":"first","10":"instock","11":"purchasable","12":"product-type-variable","13":"wvs-archive-product-wrapper"},"bundled_by":[],"bundle_stock_status":"instock","bundle_stock_quantity":null,"bundle_virtual":false,"bundle_layout":"","bundle_add_to_cart_form_location":"","bundle_editable_in_cart":false,"bundle_sold_individually_context":"","bundle_item_grouping":"","bundle_min_size":"","bundle_max_size":"","bundle_price":[],"bundled_items":[],"bundle_sell_ids":[],"yoast_head":"<!-- This site is optimized with the Yoast SEO plugin v27.5 - https:\/\/yoast.com\/product\/yoast-seo-wordpress\/ -->\n<title>Crochet Ap\u00e9ro &#171; Swiss Crochet<\/title>\n<meta name=\"description\" content=\"Nimm am Crochet Ap\u00e9ro teil \u2013 ein kostenloses, lockeres Treffen f\u00fcr H\u00e4kelliebhaber*innen aller Niveaus. Kreiere, verbinde dich und entspanne mit uns.\" \/>\n<meta name=\"robots\" content=\"index, follow, max-snippet:-1, max-image-preview:large, max-video-preview:-1\" \/>\n<link rel=\"canonical\" href=\"https:\/\/www.swisscrochet.ch\/de\/produkt\/crochet-apero\/\" \/>\n<meta property=\"og:locale\" content=\"de_DE\" \/>\n<meta property=\"og:type\" content=\"article\" \/>\n<meta property=\"og:title\" content=\"Crochet Ap\u00e9ro &#171; Swiss Crochet\" \/>\n<meta property=\"og:description\" content=\"Nimm am Crochet Ap\u00e9ro teil \u2013 ein kostenloses, lockeres Treffen f\u00fcr H\u00e4kelliebhaber*innen aller Niveaus. Kreiere, verbinde dich und entspanne mit uns.\" \/>\n<meta property=\"og:url\" content=\"https:\/\/www.swisscrochet.ch\/de\/produkt\/crochet-apero\/\" \/>\n<meta property=\"og:site_name\" content=\"Swiss Crochet\" \/>\n<meta property=\"article:modified_time\" content=\"2026-04-29T20:07:21+00:00\" \/>\n<meta property=\"og:image\" content=\"https:\/\/www.swisscrochet.ch\/wp-content\/uploads\/2024\/12\/Swiss-Crochet-Crochet-Apero-Overview.jpg\" \/>\n\t<meta property=\"og:image:width\" content=\"1000\" \/>\n\t<meta property=\"og:image:height\" content=\"1000\" \/>\n\t<meta property=\"og:image:type\" content=\"image\/jpeg\" \/>\n<meta name=\"twitter:card\" content=\"summary_large_image\" \/>\n<meta name=\"twitter:label1\" content=\"Gesch\u00e4tzte Lesezeit\" \/>\n\t<meta name=\"twitter:data1\" content=\"1\u00a0Minute\" \/>\n<script type=\"application\/ld+json\" class=\"yoast-schema-graph\">{\"@context\":\"https:\\\/\\\/schema.org\",\"@graph\":[{\"@type\":[\"WebPage\",\"ItemPage\"],\"@id\":\"https:\\\/\\\/www.swisscrochet.ch\\\/de\\\/produkt\\\/crochet-apero\\\/\",\"url\":\"https:\\\/\\\/www.swisscrochet.ch\\\/de\\\/produkt\\\/crochet-apero\\\/\",\"name\":\"Crochet Ap\u00e9ro &#171; Swiss Crochet\",\"isPartOf\":{\"@id\":\"https:\\\/\\\/www.swisscrochet.ch\\\/#website\"},\"primaryImageOfPage\":{\"@id\":\"https:\\\/\\\/www.swisscrochet.ch\\\/de\\\/produkt\\\/crochet-apero\\\/#primaryimage\"},\"image\":{\"@id\":\"https:\\\/\\\/www.swisscrochet.ch\\\/de\\\/produkt\\\/crochet-apero\\\/#primaryimage\"},\"thumbnailUrl\":\"https:\\\/\\\/www.swisscrochet.ch\\\/wp-content\\\/uploads\\\/2024\\\/12\\\/Swiss-Crochet-Crochet-Apero-Overview.jpg\",\"datePublished\":\"2024-10-19T15:42:52+00:00\",\"dateModified\":\"2026-04-29T20:07:21+00:00\",\"description\":\"Nimm am Crochet Ap\u00e9ro teil \u2013 ein kostenloses, lockeres Treffen f\u00fcr H\u00e4kelliebhaber*innen aller Niveaus. Kreiere, verbinde dich und entspanne mit uns.\",\"breadcrumb\":{\"@id\":\"https:\\\/\\\/www.swisscrochet.ch\\\/de\\\/produkt\\\/crochet-apero\\\/#breadcrumb\"},\"inLanguage\":\"de\",\"potentialAction\":[{\"@type\":\"ReadAction\",\"target\":[\"https:\\\/\\\/www.swisscrochet.ch\\\/de\\\/produkt\\\/crochet-apero\\\/\"]}]},{\"@type\":\"ImageObject\",\"inLanguage\":\"de\",\"@id\":\"https:\\\/\\\/www.swisscrochet.ch\\\/de\\\/produkt\\\/crochet-apero\\\/#primaryimage\",\"url\":\"https:\\\/\\\/www.swisscrochet.ch\\\/wp-content\\\/uploads\\\/2024\\\/12\\\/Swiss-Crochet-Crochet-Apero-Overview.jpg\",\"contentUrl\":\"https:\\\/\\\/www.swisscrochet.ch\\\/wp-content\\\/uploads\\\/2024\\\/12\\\/Swiss-Crochet-Crochet-Apero-Overview.jpg\",\"width\":1000,\"height\":1000,\"caption\":\"Swiss Crochet Event - Crochet Ape\u0301ro\"},{\"@type\":\"BreadcrumbList\",\"@id\":\"https:\\\/\\\/www.swisscrochet.ch\\\/de\\\/produkt\\\/crochet-apero\\\/#breadcrumb\",\"itemListElement\":[{\"@type\":\"ListItem\",\"position\":1,\"name\":\"Home\",\"item\":\"https:\\\/\\\/www.swisscrochet.ch\\\/de\\\/\"},{\"@type\":\"ListItem\",\"position\":2,\"name\":\"Shop\",\"item\":\"https:\\\/\\\/www.swisscrochet.ch\\\/de\\\/shop\\\/\"},{\"@type\":\"ListItem\",\"position\":3,\"name\":\"Crochet Ap\u00e9ro\"}]},{\"@type\":\"WebSite\",\"@id\":\"https:\\\/\\\/www.swisscrochet.ch\\\/#website\",\"url\":\"https:\\\/\\\/www.swisscrochet.ch\\\/\",\"name\":\"Swiss Crochet\",\"description\":\"Entfalte dein kreatives Potenzial\",\"potentialAction\":[{\"@type\":\"SearchAction\",\"target\":{\"@type\":\"EntryPoint\",\"urlTemplate\":\"https:\\\/\\\/www.swisscrochet.ch\\\/?s={search_term_string}\"},\"query-input\":{\"@type\":\"PropertyValueSpecification\",\"valueRequired\":true,\"valueName\":\"search_term_string\"}}],\"inLanguage\":\"de\"}]}<\/script>\n<!-- \/ Yoast SEO plugin. -->","yoast_head_json":{"title":"Crochet Ap\u00e9ro &#171; Swiss Crochet","description":"Nimm am Crochet Ap\u00e9ro teil \u2013 ein kostenloses, lockeres Treffen f\u00fcr H\u00e4kelliebhaber*innen aller Niveaus. Kreiere, verbinde dich und entspanne mit uns.","robots":{"index":"index","follow":"follow","max-snippet":"max-snippet:-1","max-image-preview":"max-image-preview:large","max-video-preview":"max-video-preview:-1"},"canonical":"https:\/\/www.swisscrochet.ch\/de\/produkt\/crochet-apero\/","og_locale":"de_DE","og_type":"article","og_title":"Crochet Ap\u00e9ro &#171; Swiss Crochet","og_description":"Nimm am Crochet Ap\u00e9ro teil \u2013 ein kostenloses, lockeres Treffen f\u00fcr H\u00e4kelliebhaber*innen aller Niveaus. Kreiere, verbinde dich und entspanne mit uns.","og_url":"https:\/\/www.swisscrochet.ch\/de\/produkt\/crochet-apero\/","og_site_name":"Swiss Crochet","article_modified_time":"2026-04-29T20:07:21+00:00","og_image":[{"width":1000,"height":1000,"url":"https:\/\/www.swisscrochet.ch\/wp-content\/uploads\/2024\/12\/Swiss-Crochet-Crochet-Apero-Overview.jpg","type":"image\/jpeg"}],"twitter_card":"summary_large_image","twitter_misc":{"Gesch\u00e4tzte Lesezeit":"1\u00a0Minute"},"schema":{"@context":"https:\/\/schema.org","@graph":[{"@type":["WebPage","ItemPage"],"@id":"https:\/\/www.swisscrochet.ch\/de\/produkt\/crochet-apero\/","url":"https:\/\/www.swisscrochet.ch\/de\/produkt\/crochet-apero\/","name":"Crochet Ap\u00e9ro &#171; Swiss Crochet","isPartOf":{"@id":"https:\/\/www.swisscrochet.ch\/#website"},"primaryImageOfPage":{"@id":"https:\/\/www.swisscrochet.ch\/de\/produkt\/crochet-apero\/#primaryimage"},"image":{"@id":"https:\/\/www.swisscrochet.ch\/de\/produkt\/crochet-apero\/#primaryimage"},"thumbnailUrl":"https:\/\/www.swisscrochet.ch\/wp-content\/uploads\/2024\/12\/Swiss-Crochet-Crochet-Apero-Overview.jpg","datePublished":"2024-10-19T15:42:52+00:00","dateModified":"2026-04-29T20:07:21+00:00","description":"Nimm am Crochet Ap\u00e9ro teil \u2013 ein kostenloses, lockeres Treffen f\u00fcr H\u00e4kelliebhaber*innen aller Niveaus. Kreiere, verbinde dich und entspanne mit uns.","breadcrumb":{"@id":"https:\/\/www.swisscrochet.ch\/de\/produkt\/crochet-apero\/#breadcrumb"},"inLanguage":"de","potentialAction":[{"@type":"ReadAction","target":["https:\/\/www.swisscrochet.ch\/de\/produkt\/crochet-apero\/"]}]},{"@type":"ImageObject","inLanguage":"de","@id":"https:\/\/www.swisscrochet.ch\/de\/produkt\/crochet-apero\/#primaryimage","url":"https:\/\/www.swisscrochet.ch\/wp-content\/uploads\/2024\/12\/Swiss-Crochet-Crochet-Apero-Overview.jpg","contentUrl":"https:\/\/www.swisscrochet.ch\/wp-content\/uploads\/2024\/12\/Swiss-Crochet-Crochet-Apero-Overview.jpg","width":1000,"height":1000,"caption":"Swiss Crochet Event - Crochet Ape\u0301ro"},{"@type":"BreadcrumbList","@id":"https:\/\/www.swisscrochet.ch\/de\/produkt\/crochet-apero\/#breadcrumb","itemListElement":[{"@type":"ListItem","position":1,"name":"Home","item":"https:\/\/www.swisscrochet.ch\/de\/"},{"@type":"ListItem","position":2,"name":"Shop","item":"https:\/\/www.swisscrochet.ch\/de\/shop\/"},{"@type":"ListItem","position":3,"name":"Crochet Ap\u00e9ro"}]},{"@type":"WebSite","@id":"https:\/\/www.swisscrochet.ch\/#website","url":"https:\/\/www.swisscrochet.ch\/","name":"Swiss Crochet","description":"Entfalte dein kreatives Potenzial","potentialAction":[{"@type":"SearchAction","target":{"@type":"EntryPoint","urlTemplate":"https:\/\/www.swisscrochet.ch\/?s={search_term_string}"},"query-input":{"@type":"PropertyValueSpecification","valueRequired":true,"valueName":"search_term_string"}}],"inLanguage":"de"}]}},"_links":{"self":[{"href":"https:\/\/www.swisscrochet.ch\/de\/wp-json\/wp\/v2\/product\/1386","targetHints":{"allow":["GET"]}}],"collection":[{"href":"https:\/\/www.swisscrochet.ch\/de\/wp-json\/wp\/v2\/product"}],"about":[{"href":"https:\/\/www.swisscrochet.ch\/de\/wp-json\/wp\/v2\/types\/product"}],"wp:featuredmedia":[{"embeddable":true,"href":"https:\/\/www.swisscrochet.ch\/de\/wp-json\/wp\/v2\/media\/1390"}],"wp:attachment":[{"href":"https:\/\/www.swisscrochet.ch\/de\/wp-json\/wp\/v2\/media?parent=1386"}],"wp:term":[{"taxonomy":"product_brand","embeddable":true,"href":"https:\/\/www.swisscrochet.ch\/de\/wp-json\/wp\/v2\/product_brand?post=1386"},{"taxonomy":"product_cat","embeddable":true,"href":"https:\/\/www.swisscrochet.ch\/de\/wp-json\/wp\/v2\/product_cat?post=1386"},{"taxonomy":"product_tag","embeddable":true,"href":"https:\/\/www.swisscrochet.ch\/de\/wp-json\/wp\/v2\/product_tag?post=1386"}],"curies":[{"name":"wp","href":"https:\/\/api.w.org\/{rel}","templated":true}]}}