{"id":14790,"date":"2025-11-04T11:57:53","date_gmt":"2025-11-04T10:57:53","guid":{"rendered":"https:\/\/www.swisscrochet.ch\/product\/metal-rings-thick-1-piece\/"},"modified":"2025-11-04T12:02:49","modified_gmt":"2025-11-04T11:02:49","slug":"metallringe-dick-1-stueck","status":"publish","type":"product","link":"https:\/\/www.swisscrochet.ch\/de\/produkt\/metallringe-dick-1-stueck\/","title":{"rendered":"Metallringe Dick \u2013 1 St\u00fcck"},"content":{"rendered":"","protected":false},"excerpt":{"rendered":"<p>Metallringe Dick sind stabile, runde Metallringe \u2013 perfekt, um deinen handgemachten Kreationen Struktur und Stil zu verleihen. Durch ihr dickes und robustes Design eignen sie sich ideal als Taschengriffe oder als Basis f\u00fcr Wohnaccessoires wie Wandbeh\u00e4nge, Makramee- oder H\u00e4kelprojekte.<\/p>\n<p>Diese vielseitigen Ringe k\u00f6nnen mit Zubeh\u00f6r befestigt oder direkt an H\u00e4kelst\u00fccke angen\u00e4ht werden und bieten zahlreiche kreative M\u00f6glichkeiten.<\/p>\n<p>Erh\u00e4ltlich in verschiedenen Gr\u00f6ssen und Farben, um jedes Projekt perfekt zu erg\u00e4nzen.<\/p>\n<p>Jeder Ring wird einzeln geliefert.<\/p>\n<p>Verleihe deiner n\u00e4chsten Kreation St\u00e4rke und Stil \u2013 w\u00e4hle deinen Lieblings-Metallring Dick und beginne noch heute mit dem Gestalten!<\/p>\n","protected":false},"featured_media":14632,"template":"","meta":[],"product_brand":[],"product_cat":[559,220,1557],"product_tag":[],"class_list":{"0":"post-14790","1":"product","2":"type-product","3":"status-publish","4":"has-post-thumbnail","6":"product_cat-anderes-zubehoer","7":"product_cat-hakelnadeln-und-zubehor","8":"product_cat-zubehoer-fuer-taschen","9":"product_shipping_class-kleinsendungen","10":"description-off","12":"first","13":"instock","14":"taxable","15":"shipping-taxable","16":"purchasable","17":"product-type-variable","18":"wvs-archive-product-wrapper"},"bundled_by":["25452"],"bundle_stock_status":"instock","bundle_stock_quantity":null,"bundle_virtual":false,"bundle_layout":"","bundle_add_to_cart_form_location":"","bundle_editable_in_cart":false,"bundle_sold_individually_context":"","bundle_item_grouping":"","bundle_min_size":"","bundle_max_size":"","bundle_price":[],"bundled_items":[],"bundle_sell_ids":[],"yoast_head":"<!-- This site is optimized with the Yoast SEO plugin v27.5 - https:\/\/yoast.com\/product\/yoast-seo-wordpress\/ -->\n<title>Metallringe Dick \u2013 1 St\u00fcck &#171; Swiss Crochet<\/title>\n<meta name=\"description\" content=\"Stabile, dicke Metallringe f\u00fcr Taschen oder Wohnaccessoires. Lassen sich einfach an H\u00e4kelst\u00fccke ann\u00e4hen oder befestigen. Erh\u00e4ltlich in verschiedenen Gr\u00f6ssen und Farben. Lieferung pro St\u00fcck.\" \/>\n<meta name=\"robots\" content=\"index, follow, max-snippet:-1, max-image-preview:large, max-video-preview:-1\" \/>\n<link rel=\"canonical\" href=\"https:\/\/www.swisscrochet.ch\/produkt\/metal-rings-thick-1-piece\/\" \/>\n<meta property=\"og:locale\" content=\"de_DE\" \/>\n<meta property=\"og:type\" content=\"article\" \/>\n<meta property=\"og:title\" content=\"Metallringe Dick \u2013 1 St\u00fcck &#171; Swiss Crochet\" \/>\n<meta property=\"og:description\" content=\"Stabile, dicke Metallringe f\u00fcr Taschen oder Wohnaccessoires. Lassen sich einfach an H\u00e4kelst\u00fccke ann\u00e4hen oder befestigen. Erh\u00e4ltlich in verschiedenen Gr\u00f6ssen und Farben. Lieferung pro St\u00fcck.\" \/>\n<meta property=\"og:url\" content=\"https:\/\/www.swisscrochet.ch\/produkt\/metal-rings-thick-1-piece\/\" \/>\n<meta property=\"og:site_name\" content=\"Swiss Crochet\" \/>\n<meta property=\"article:modified_time\" content=\"2025-11-04T11:02:49+00:00\" \/>\n<meta property=\"og:image\" content=\"https:\/\/www.swisscrochet.ch\/wp-content\/uploads\/2025\/11\/Metal-Rings-Thick-Overview.jpg\" \/>\n\t<meta property=\"og:image:width\" content=\"1000\" \/>\n\t<meta property=\"og:image:height\" content=\"1000\" \/>\n\t<meta property=\"og:image:type\" content=\"image\/jpeg\" \/>\n<meta name=\"twitter:card\" content=\"summary_large_image\" \/>\n<meta name=\"twitter:label1\" content=\"Gesch\u00e4tzte Lesezeit\" \/>\n\t<meta name=\"twitter:data1\" content=\"1\u00a0Minute\" \/>\n<script type=\"application\/ld+json\" class=\"yoast-schema-graph\">{\"@context\":\"https:\\\/\\\/schema.org\",\"@graph\":[{\"@type\":[\"WebPage\",\"ItemPage\"],\"@id\":\"https:\\\/\\\/www.swisscrochet.ch\\\/produkt\\\/metal-rings-thick-1-piece\\\/\",\"url\":\"https:\\\/\\\/www.swisscrochet.ch\\\/produkt\\\/metal-rings-thick-1-piece\\\/\",\"name\":\"Metallringe Dick \u2013 1 St\u00fcck &#171; Swiss Crochet\",\"isPartOf\":{\"@id\":\"https:\\\/\\\/www.swisscrochet.ch\\\/#website\"},\"primaryImageOfPage\":{\"@id\":\"https:\\\/\\\/www.swisscrochet.ch\\\/produkt\\\/metal-rings-thick-1-piece\\\/#primaryimage\"},\"image\":{\"@id\":\"https:\\\/\\\/www.swisscrochet.ch\\\/produkt\\\/metal-rings-thick-1-piece\\\/#primaryimage\"},\"thumbnailUrl\":\"https:\\\/\\\/www.swisscrochet.ch\\\/wp-content\\\/uploads\\\/2025\\\/11\\\/Metal-Rings-Thick-Overview.jpg\",\"datePublished\":\"2025-11-04T10:57:53+00:00\",\"dateModified\":\"2025-11-04T11:02:49+00:00\",\"description\":\"Stabile, dicke Metallringe f\u00fcr Taschen oder Wohnaccessoires. Lassen sich einfach an H\u00e4kelst\u00fccke ann\u00e4hen oder befestigen. Erh\u00e4ltlich in verschiedenen Gr\u00f6ssen und Farben. Lieferung pro St\u00fcck.\",\"breadcrumb\":{\"@id\":\"https:\\\/\\\/www.swisscrochet.ch\\\/produkt\\\/metal-rings-thick-1-piece\\\/#breadcrumb\"},\"inLanguage\":\"de\",\"potentialAction\":[{\"@type\":\"ReadAction\",\"target\":[\"https:\\\/\\\/www.swisscrochet.ch\\\/produkt\\\/metal-rings-thick-1-piece\\\/\"]}]},{\"@type\":\"ImageObject\",\"inLanguage\":\"de\",\"@id\":\"https:\\\/\\\/www.swisscrochet.ch\\\/produkt\\\/metal-rings-thick-1-piece\\\/#primaryimage\",\"url\":\"https:\\\/\\\/www.swisscrochet.ch\\\/wp-content\\\/uploads\\\/2025\\\/11\\\/Metal-Rings-Thick-Overview.jpg\",\"contentUrl\":\"https:\\\/\\\/www.swisscrochet.ch\\\/wp-content\\\/uploads\\\/2025\\\/11\\\/Metal-Rings-Thick-Overview.jpg\",\"width\":1000,\"height\":1000},{\"@type\":\"BreadcrumbList\",\"@id\":\"https:\\\/\\\/www.swisscrochet.ch\\\/produkt\\\/metal-rings-thick-1-piece\\\/#breadcrumb\",\"itemListElement\":[{\"@type\":\"ListItem\",\"position\":1,\"name\":\"Home\",\"item\":\"https:\\\/\\\/www.swisscrochet.ch\\\/de\\\/\"},{\"@type\":\"ListItem\",\"position\":2,\"name\":\"Shop\",\"item\":\"https:\\\/\\\/www.swisscrochet.ch\\\/de\\\/shop\\\/\"},{\"@type\":\"ListItem\",\"position\":3,\"name\":\"Metallringe Dick \u2013 1 St\u00fcck\"}]},{\"@type\":\"WebSite\",\"@id\":\"https:\\\/\\\/www.swisscrochet.ch\\\/#website\",\"url\":\"https:\\\/\\\/www.swisscrochet.ch\\\/\",\"name\":\"Swiss Crochet\",\"description\":\"Entfalte dein kreatives Potenzial\",\"potentialAction\":[{\"@type\":\"SearchAction\",\"target\":{\"@type\":\"EntryPoint\",\"urlTemplate\":\"https:\\\/\\\/www.swisscrochet.ch\\\/?s={search_term_string}\"},\"query-input\":{\"@type\":\"PropertyValueSpecification\",\"valueRequired\":true,\"valueName\":\"search_term_string\"}}],\"inLanguage\":\"de\"}]}<\/script>\n<!-- \/ Yoast SEO plugin. -->","yoast_head_json":{"title":"Metallringe Dick \u2013 1 St\u00fcck &#171; Swiss Crochet","description":"Stabile, dicke Metallringe f\u00fcr Taschen oder Wohnaccessoires. Lassen sich einfach an H\u00e4kelst\u00fccke ann\u00e4hen oder befestigen. Erh\u00e4ltlich in verschiedenen Gr\u00f6ssen und Farben. Lieferung pro St\u00fcck.","robots":{"index":"index","follow":"follow","max-snippet":"max-snippet:-1","max-image-preview":"max-image-preview:large","max-video-preview":"max-video-preview:-1"},"canonical":"https:\/\/www.swisscrochet.ch\/produkt\/metal-rings-thick-1-piece\/","og_locale":"de_DE","og_type":"article","og_title":"Metallringe Dick \u2013 1 St\u00fcck &#171; Swiss Crochet","og_description":"Stabile, dicke Metallringe f\u00fcr Taschen oder Wohnaccessoires. Lassen sich einfach an H\u00e4kelst\u00fccke ann\u00e4hen oder befestigen. Erh\u00e4ltlich in verschiedenen Gr\u00f6ssen und Farben. Lieferung pro St\u00fcck.","og_url":"https:\/\/www.swisscrochet.ch\/produkt\/metal-rings-thick-1-piece\/","og_site_name":"Swiss Crochet","article_modified_time":"2025-11-04T11:02:49+00:00","og_image":[{"width":1000,"height":1000,"url":"https:\/\/www.swisscrochet.ch\/wp-content\/uploads\/2025\/11\/Metal-Rings-Thick-Overview.jpg","type":"image\/jpeg"}],"twitter_card":"summary_large_image","twitter_misc":{"Gesch\u00e4tzte Lesezeit":"1\u00a0Minute"},"schema":{"@context":"https:\/\/schema.org","@graph":[{"@type":["WebPage","ItemPage"],"@id":"https:\/\/www.swisscrochet.ch\/produkt\/metal-rings-thick-1-piece\/","url":"https:\/\/www.swisscrochet.ch\/produkt\/metal-rings-thick-1-piece\/","name":"Metallringe Dick \u2013 1 St\u00fcck &#171; Swiss Crochet","isPartOf":{"@id":"https:\/\/www.swisscrochet.ch\/#website"},"primaryImageOfPage":{"@id":"https:\/\/www.swisscrochet.ch\/produkt\/metal-rings-thick-1-piece\/#primaryimage"},"image":{"@id":"https:\/\/www.swisscrochet.ch\/produkt\/metal-rings-thick-1-piece\/#primaryimage"},"thumbnailUrl":"https:\/\/www.swisscrochet.ch\/wp-content\/uploads\/2025\/11\/Metal-Rings-Thick-Overview.jpg","datePublished":"2025-11-04T10:57:53+00:00","dateModified":"2025-11-04T11:02:49+00:00","description":"Stabile, dicke Metallringe f\u00fcr Taschen oder Wohnaccessoires. Lassen sich einfach an H\u00e4kelst\u00fccke ann\u00e4hen oder befestigen. Erh\u00e4ltlich in verschiedenen Gr\u00f6ssen und Farben. Lieferung pro St\u00fcck.","breadcrumb":{"@id":"https:\/\/www.swisscrochet.ch\/produkt\/metal-rings-thick-1-piece\/#breadcrumb"},"inLanguage":"de","potentialAction":[{"@type":"ReadAction","target":["https:\/\/www.swisscrochet.ch\/produkt\/metal-rings-thick-1-piece\/"]}]},{"@type":"ImageObject","inLanguage":"de","@id":"https:\/\/www.swisscrochet.ch\/produkt\/metal-rings-thick-1-piece\/#primaryimage","url":"https:\/\/www.swisscrochet.ch\/wp-content\/uploads\/2025\/11\/Metal-Rings-Thick-Overview.jpg","contentUrl":"https:\/\/www.swisscrochet.ch\/wp-content\/uploads\/2025\/11\/Metal-Rings-Thick-Overview.jpg","width":1000,"height":1000},{"@type":"BreadcrumbList","@id":"https:\/\/www.swisscrochet.ch\/produkt\/metal-rings-thick-1-piece\/#breadcrumb","itemListElement":[{"@type":"ListItem","position":1,"name":"Home","item":"https:\/\/www.swisscrochet.ch\/de\/"},{"@type":"ListItem","position":2,"name":"Shop","item":"https:\/\/www.swisscrochet.ch\/de\/shop\/"},{"@type":"ListItem","position":3,"name":"Metallringe Dick \u2013 1 St\u00fcck"}]},{"@type":"WebSite","@id":"https:\/\/www.swisscrochet.ch\/#website","url":"https:\/\/www.swisscrochet.ch\/","name":"Swiss Crochet","description":"Entfalte dein kreatives Potenzial","potentialAction":[{"@type":"SearchAction","target":{"@type":"EntryPoint","urlTemplate":"https:\/\/www.swisscrochet.ch\/?s={search_term_string}"},"query-input":{"@type":"PropertyValueSpecification","valueRequired":true,"valueName":"search_term_string"}}],"inLanguage":"de"}]}},"_links":{"self":[{"href":"https:\/\/www.swisscrochet.ch\/de\/wp-json\/wp\/v2\/product\/14790","targetHints":{"allow":["GET"]}}],"collection":[{"href":"https:\/\/www.swisscrochet.ch\/de\/wp-json\/wp\/v2\/product"}],"about":[{"href":"https:\/\/www.swisscrochet.ch\/de\/wp-json\/wp\/v2\/types\/product"}],"wp:featuredmedia":[{"embeddable":true,"href":"https:\/\/www.swisscrochet.ch\/de\/wp-json\/wp\/v2\/media\/14632"}],"wp:attachment":[{"href":"https:\/\/www.swisscrochet.ch\/de\/wp-json\/wp\/v2\/media?parent=14790"}],"wp:term":[{"taxonomy":"product_brand","embeddable":true,"href":"https:\/\/www.swisscrochet.ch\/de\/wp-json\/wp\/v2\/product_brand?post=14790"},{"taxonomy":"product_cat","embeddable":true,"href":"https:\/\/www.swisscrochet.ch\/de\/wp-json\/wp\/v2\/product_cat?post=14790"},{"taxonomy":"product_tag","embeddable":true,"href":"https:\/\/www.swisscrochet.ch\/de\/wp-json\/wp\/v2\/product_tag?post=14790"}],"curies":[{"name":"wp","href":"https:\/\/api.w.org\/{rel}","templated":true}]}}