{"id":14825,"date":"2025-11-04T13:07:19","date_gmt":"2025-11-04T12:07:19","guid":{"rendered":"https:\/\/www.swisscrochet.ch\/product\/petit-royaume-au-crochet-olka-novytska\/"},"modified":"2026-04-03T18:39:01","modified_gmt":"2026-04-03T16:39:01","slug":"petit-royaume-au-crochet-olka-novytska","status":"publish","type":"product","link":"https:\/\/www.swisscrochet.ch\/de\/produkt\/petit-royaume-au-crochet-olka-novytska\/","title":{"rendered":"Petit Royaume au crochet &#8211; Olka Novytska"},"content":{"rendered":"","protected":false},"excerpt":{"rendered":"<p>D\u2019un coup de crochet (presque) magique, vous allez cr\u00e9er tout un petit royaume compos\u00e9 de sujets crochet\u00e9s tout mignons tenant parfaitement debout.<\/p>\n<p>C\u2019est le programme propos\u00e9 par ce livre de crochet de 144 pages. Il vous invite \u00e0 crocheter 36 petits mod\u00e8les trop craquants (des mini-amigurumis de 12 cm environ pour les plus grands) :<\/p>\n<ul>\n<li>Roi et reine<\/li>\n<li>Prince et princesses<\/li>\n<li>Chevalier et destrier<\/li>\n<li>Bouffon, magicien, sorci\u00e8re, f\u00e9e\u2026<\/li>\n<li>Flore et faune : chat, chien, vache, mouton, hibou, papillon, narcisse, gerbera\u2026<\/li>\n<\/ul>\n<p>De quoi stimuler l\u2019imagination des enfants et leur permettre de jouer \u00e0 l\u2019infini en inventant de multiples histoires !<\/p>\n<p><strong>La bonne id\u00e9e : \u00e9changez les chevelures et chapeaux propos\u00e9s selon votre inspiration afin de cr\u00e9er votre propre royaume d\u2019amigurumis avec des sujets totalement uniques !<\/strong><\/p>\n<p><strong>Livre d\u2019amigurumi pour d\u00e9butant<\/strong><\/p>\n<p>D\u00e9butant en crochet, vous allez vous amuser \u00e0 r\u00e9aliser les mod\u00e8les de ce livre.<\/p>\n<p>En effet, il vous explique tout ce qu\u2019il vous faut savoir pour r\u00e9ussir chaque projet crochet\u00e9 : techniques et points de base, explications d\u00e9taill\u00e9es avec des pas \u00e0 pas photos pour l\u2019ensemble des amigurumis\u2026<\/p>\n<p>Et gr\u00e2ce au niveau de difficult\u00e9 indiqu\u00e9 pour chaque mod\u00e8le, vous pourrez commencer selon vos envies et votre ma\u00eetrise du crochet !<\/p>\n<p>Langue : Fran\u00e7ais<\/p>\n","protected":false},"featured_media":11929,"template":"","meta":[],"product_brand":[],"product_cat":[1422,209],"product_tag":[],"class_list":{"0":"post-14825","1":"product","2":"type-product","3":"status-publish","4":"has-post-thumbnail","6":"product_cat-amigurumi-de","7":"product_cat-bucher","8":"pa_b1-language-franzosisch","9":"pa_b11-author-designer-olka-novytska","10":"description-off","12":"first","13":"instock","14":"taxable","15":"shipping-taxable","16":"purchasable","17":"product-type-simple"},"bundled_by":[],"bundle_stock_status":"instock","bundle_stock_quantity":3,"bundle_virtual":false,"bundle_layout":"","bundle_add_to_cart_form_location":"","bundle_editable_in_cart":false,"bundle_sold_individually_context":"","bundle_item_grouping":"","bundle_min_size":"","bundle_max_size":"","bundle_price":[],"bundled_items":[],"bundle_sell_ids":[],"yoast_head":"<!-- This site is optimized with the Yoast SEO plugin v27.4 - https:\/\/yoast.com\/product\/yoast-seo-wordpress\/ -->\n<title>Petit Royaume au crochet - Olka Novytska &#171; Swiss Crochet<\/title>\n<meta name=\"robots\" content=\"index, follow, max-snippet:-1, max-image-preview:large, max-video-preview:-1\" \/>\n<link rel=\"canonical\" href=\"https:\/\/www.swisscrochet.ch\/de\/produkt\/petit-royaume-au-crochet-olka-novytska\/\" \/>\n<meta property=\"og:locale\" content=\"de_DE\" \/>\n<meta property=\"og:type\" content=\"article\" \/>\n<meta property=\"og:title\" content=\"Petit Royaume au crochet - Olka Novytska &#171; Swiss Crochet\" \/>\n<meta property=\"og:description\" content=\"D\u2019un coup de crochet (presque) magique, vous allez cr\u00e9er tout un petit royaume compos\u00e9 de sujets crochet\u00e9s tout mignons tenant parfaitement debout.  C\u2019est le programme propos\u00e9 par ce livre de crochet de 144 pages. Il vous invite \u00e0 crocheter 36 petits mod\u00e8les trop craquants (des mini-amigurumis de 12 cm environ pour les plus grands) :   Roi et reine  Prince et princesses  Chevalier et destrier  Bouffon, magicien, sorci\u00e8re, f\u00e9e\u2026  Flore et faune : chat, chien, vache, mouton, hibou, papillon, narcisse, gerbera\u2026  De quoi stimuler l\u2019imagination des enfants et leur permettre de jouer \u00e0 l\u2019infini en inventant de multiples histoires !  La bonne id\u00e9e : \u00e9changez les chevelures et chapeaux propos\u00e9s selon votre inspiration afin de cr\u00e9er votre propre royaume d\u2019amigurumis avec des sujets totalement uniques !  Livre d\u2019amigurumi pour d\u00e9butant  D\u00e9butant en crochet, vous allez vous amuser \u00e0 r\u00e9aliser les mod\u00e8les de ce livre.  En effet, il vous explique tout ce qu\u2019il vous faut savoir pour r\u00e9ussir chaque projet crochet\u00e9 : techniques et points de base, explications d\u00e9taill\u00e9es avec des pas \u00e0 pas photos pour l\u2019ensemble des amigurumis\u2026  Et gr\u00e2ce au niveau de difficult\u00e9 indiqu\u00e9 pour chaque mod\u00e8le, vous pourrez commencer selon vos envies et votre ma\u00eetrise du crochet !  Langue : Fran\u00e7ais\" \/>\n<meta property=\"og:url\" content=\"https:\/\/www.swisscrochet.ch\/de\/produkt\/petit-royaume-au-crochet-olka-novytska\/\" \/>\n<meta property=\"og:site_name\" content=\"Swiss Crochet\" \/>\n<meta property=\"article:modified_time\" content=\"2026-04-03T16:39:01+00:00\" \/>\n<meta property=\"og:image\" content=\"https:\/\/www.swisscrochet.ch\/wp-content\/uploads\/2025\/10\/Petit-Royaume-au-crochet-Overview.jpg\" \/>\n\t<meta property=\"og:image:width\" content=\"1000\" \/>\n\t<meta property=\"og:image:height\" content=\"1000\" \/>\n\t<meta property=\"og:image:type\" content=\"image\/jpeg\" \/>\n<meta name=\"twitter:card\" content=\"summary_large_image\" \/>\n<script type=\"application\/ld+json\" class=\"yoast-schema-graph\">{\"@context\":\"https:\\\/\\\/schema.org\",\"@graph\":[{\"@type\":[\"WebPage\",\"ItemPage\"],\"@id\":\"https:\\\/\\\/www.swisscrochet.ch\\\/de\\\/produkt\\\/petit-royaume-au-crochet-olka-novytska\\\/\",\"url\":\"https:\\\/\\\/www.swisscrochet.ch\\\/de\\\/produkt\\\/petit-royaume-au-crochet-olka-novytska\\\/\",\"name\":\"Petit Royaume au crochet - Olka Novytska &#171; Swiss Crochet\",\"isPartOf\":{\"@id\":\"https:\\\/\\\/www.swisscrochet.ch\\\/#website\"},\"primaryImageOfPage\":{\"@id\":\"https:\\\/\\\/www.swisscrochet.ch\\\/de\\\/produkt\\\/petit-royaume-au-crochet-olka-novytska\\\/#primaryimage\"},\"image\":{\"@id\":\"https:\\\/\\\/www.swisscrochet.ch\\\/de\\\/produkt\\\/petit-royaume-au-crochet-olka-novytska\\\/#primaryimage\"},\"thumbnailUrl\":\"https:\\\/\\\/www.swisscrochet.ch\\\/wp-content\\\/uploads\\\/2025\\\/10\\\/Petit-Royaume-au-crochet-Overview.jpg\",\"datePublished\":\"2025-11-04T12:07:19+00:00\",\"dateModified\":\"2026-04-03T16:39:01+00:00\",\"breadcrumb\":{\"@id\":\"https:\\\/\\\/www.swisscrochet.ch\\\/de\\\/produkt\\\/petit-royaume-au-crochet-olka-novytska\\\/#breadcrumb\"},\"inLanguage\":\"de\",\"potentialAction\":[{\"@type\":\"ReadAction\",\"target\":[\"https:\\\/\\\/www.swisscrochet.ch\\\/de\\\/produkt\\\/petit-royaume-au-crochet-olka-novytska\\\/\"]}]},{\"@type\":\"ImageObject\",\"inLanguage\":\"de\",\"@id\":\"https:\\\/\\\/www.swisscrochet.ch\\\/de\\\/produkt\\\/petit-royaume-au-crochet-olka-novytska\\\/#primaryimage\",\"url\":\"https:\\\/\\\/www.swisscrochet.ch\\\/wp-content\\\/uploads\\\/2025\\\/10\\\/Petit-Royaume-au-crochet-Overview.jpg\",\"contentUrl\":\"https:\\\/\\\/www.swisscrochet.ch\\\/wp-content\\\/uploads\\\/2025\\\/10\\\/Petit-Royaume-au-crochet-Overview.jpg\",\"width\":1000,\"height\":1000},{\"@type\":\"BreadcrumbList\",\"@id\":\"https:\\\/\\\/www.swisscrochet.ch\\\/de\\\/produkt\\\/petit-royaume-au-crochet-olka-novytska\\\/#breadcrumb\",\"itemListElement\":[{\"@type\":\"ListItem\",\"position\":1,\"name\":\"Home\",\"item\":\"https:\\\/\\\/www.swisscrochet.ch\\\/de\\\/\"},{\"@type\":\"ListItem\",\"position\":2,\"name\":\"Shop\",\"item\":\"https:\\\/\\\/www.swisscrochet.ch\\\/de\\\/shop\\\/\"},{\"@type\":\"ListItem\",\"position\":3,\"name\":\"Petit Royaume au crochet &#8211; Olka Novytska\"}]},{\"@type\":\"WebSite\",\"@id\":\"https:\\\/\\\/www.swisscrochet.ch\\\/#website\",\"url\":\"https:\\\/\\\/www.swisscrochet.ch\\\/\",\"name\":\"Swiss Crochet\",\"description\":\"Entfalte dein kreatives Potenzial\",\"potentialAction\":[{\"@type\":\"SearchAction\",\"target\":{\"@type\":\"EntryPoint\",\"urlTemplate\":\"https:\\\/\\\/www.swisscrochet.ch\\\/?s={search_term_string}\"},\"query-input\":{\"@type\":\"PropertyValueSpecification\",\"valueRequired\":true,\"valueName\":\"search_term_string\"}}],\"inLanguage\":\"de\"}]}<\/script>\n<!-- \/ Yoast SEO plugin. -->","yoast_head_json":{"title":"Petit Royaume au crochet - Olka Novytska &#171; Swiss Crochet","robots":{"index":"index","follow":"follow","max-snippet":"max-snippet:-1","max-image-preview":"max-image-preview:large","max-video-preview":"max-video-preview:-1"},"canonical":"https:\/\/www.swisscrochet.ch\/de\/produkt\/petit-royaume-au-crochet-olka-novytska\/","og_locale":"de_DE","og_type":"article","og_title":"Petit Royaume au crochet - Olka Novytska &#171; Swiss Crochet","og_description":"D\u2019un coup de crochet (presque) magique, vous allez cr\u00e9er tout un petit royaume compos\u00e9 de sujets crochet\u00e9s tout mignons tenant parfaitement debout.  C\u2019est le programme propos\u00e9 par ce livre de crochet de 144 pages. Il vous invite \u00e0 crocheter 36 petits mod\u00e8les trop craquants (des mini-amigurumis de 12 cm environ pour les plus grands) :   Roi et reine  Prince et princesses  Chevalier et destrier  Bouffon, magicien, sorci\u00e8re, f\u00e9e\u2026  Flore et faune : chat, chien, vache, mouton, hibou, papillon, narcisse, gerbera\u2026  De quoi stimuler l\u2019imagination des enfants et leur permettre de jouer \u00e0 l\u2019infini en inventant de multiples histoires !  La bonne id\u00e9e : \u00e9changez les chevelures et chapeaux propos\u00e9s selon votre inspiration afin de cr\u00e9er votre propre royaume d\u2019amigurumis avec des sujets totalement uniques !  Livre d\u2019amigurumi pour d\u00e9butant  D\u00e9butant en crochet, vous allez vous amuser \u00e0 r\u00e9aliser les mod\u00e8les de ce livre.  En effet, il vous explique tout ce qu\u2019il vous faut savoir pour r\u00e9ussir chaque projet crochet\u00e9 : techniques et points de base, explications d\u00e9taill\u00e9es avec des pas \u00e0 pas photos pour l\u2019ensemble des amigurumis\u2026  Et gr\u00e2ce au niveau de difficult\u00e9 indiqu\u00e9 pour chaque mod\u00e8le, vous pourrez commencer selon vos envies et votre ma\u00eetrise du crochet !  Langue : Fran\u00e7ais","og_url":"https:\/\/www.swisscrochet.ch\/de\/produkt\/petit-royaume-au-crochet-olka-novytska\/","og_site_name":"Swiss Crochet","article_modified_time":"2026-04-03T16:39:01+00:00","og_image":[{"width":1000,"height":1000,"url":"https:\/\/www.swisscrochet.ch\/wp-content\/uploads\/2025\/10\/Petit-Royaume-au-crochet-Overview.jpg","type":"image\/jpeg"}],"twitter_card":"summary_large_image","schema":{"@context":"https:\/\/schema.org","@graph":[{"@type":["WebPage","ItemPage"],"@id":"https:\/\/www.swisscrochet.ch\/de\/produkt\/petit-royaume-au-crochet-olka-novytska\/","url":"https:\/\/www.swisscrochet.ch\/de\/produkt\/petit-royaume-au-crochet-olka-novytska\/","name":"Petit Royaume au crochet - Olka Novytska &#171; Swiss Crochet","isPartOf":{"@id":"https:\/\/www.swisscrochet.ch\/#website"},"primaryImageOfPage":{"@id":"https:\/\/www.swisscrochet.ch\/de\/produkt\/petit-royaume-au-crochet-olka-novytska\/#primaryimage"},"image":{"@id":"https:\/\/www.swisscrochet.ch\/de\/produkt\/petit-royaume-au-crochet-olka-novytska\/#primaryimage"},"thumbnailUrl":"https:\/\/www.swisscrochet.ch\/wp-content\/uploads\/2025\/10\/Petit-Royaume-au-crochet-Overview.jpg","datePublished":"2025-11-04T12:07:19+00:00","dateModified":"2026-04-03T16:39:01+00:00","breadcrumb":{"@id":"https:\/\/www.swisscrochet.ch\/de\/produkt\/petit-royaume-au-crochet-olka-novytska\/#breadcrumb"},"inLanguage":"de","potentialAction":[{"@type":"ReadAction","target":["https:\/\/www.swisscrochet.ch\/de\/produkt\/petit-royaume-au-crochet-olka-novytska\/"]}]},{"@type":"ImageObject","inLanguage":"de","@id":"https:\/\/www.swisscrochet.ch\/de\/produkt\/petit-royaume-au-crochet-olka-novytska\/#primaryimage","url":"https:\/\/www.swisscrochet.ch\/wp-content\/uploads\/2025\/10\/Petit-Royaume-au-crochet-Overview.jpg","contentUrl":"https:\/\/www.swisscrochet.ch\/wp-content\/uploads\/2025\/10\/Petit-Royaume-au-crochet-Overview.jpg","width":1000,"height":1000},{"@type":"BreadcrumbList","@id":"https:\/\/www.swisscrochet.ch\/de\/produkt\/petit-royaume-au-crochet-olka-novytska\/#breadcrumb","itemListElement":[{"@type":"ListItem","position":1,"name":"Home","item":"https:\/\/www.swisscrochet.ch\/de\/"},{"@type":"ListItem","position":2,"name":"Shop","item":"https:\/\/www.swisscrochet.ch\/de\/shop\/"},{"@type":"ListItem","position":3,"name":"Petit Royaume au crochet &#8211; Olka Novytska"}]},{"@type":"WebSite","@id":"https:\/\/www.swisscrochet.ch\/#website","url":"https:\/\/www.swisscrochet.ch\/","name":"Swiss Crochet","description":"Entfalte dein kreatives Potenzial","potentialAction":[{"@type":"SearchAction","target":{"@type":"EntryPoint","urlTemplate":"https:\/\/www.swisscrochet.ch\/?s={search_term_string}"},"query-input":{"@type":"PropertyValueSpecification","valueRequired":true,"valueName":"search_term_string"}}],"inLanguage":"de"}]}},"_links":{"self":[{"href":"https:\/\/www.swisscrochet.ch\/de\/wp-json\/wp\/v2\/product\/14825","targetHints":{"allow":["GET"]}}],"collection":[{"href":"https:\/\/www.swisscrochet.ch\/de\/wp-json\/wp\/v2\/product"}],"about":[{"href":"https:\/\/www.swisscrochet.ch\/de\/wp-json\/wp\/v2\/types\/product"}],"wp:featuredmedia":[{"embeddable":true,"href":"https:\/\/www.swisscrochet.ch\/de\/wp-json\/wp\/v2\/media\/11929"}],"wp:attachment":[{"href":"https:\/\/www.swisscrochet.ch\/de\/wp-json\/wp\/v2\/media?parent=14825"}],"wp:term":[{"taxonomy":"product_brand","embeddable":true,"href":"https:\/\/www.swisscrochet.ch\/de\/wp-json\/wp\/v2\/product_brand?post=14825"},{"taxonomy":"product_cat","embeddable":true,"href":"https:\/\/www.swisscrochet.ch\/de\/wp-json\/wp\/v2\/product_cat?post=14825"},{"taxonomy":"product_tag","embeddable":true,"href":"https:\/\/www.swisscrochet.ch\/de\/wp-json\/wp\/v2\/product_tag?post=14825"}],"curies":[{"name":"wp","href":"https:\/\/api.w.org\/{rel}","templated":true}]}}