{"id":15003,"date":"2025-11-19T19:51:08","date_gmt":"2025-11-19T18:51:08","guid":{"rendered":"https:\/\/www.swisscrochet.ch\/product\/salvo-leather-adjustable-leather-bag-straps\/"},"modified":"2025-11-19T20:28:44","modified_gmt":"2025-11-19T19:28:44","slug":"salvo-leather-verstellbare-ledertaschenriemen","status":"publish","type":"product","link":"https:\/\/www.swisscrochet.ch\/de\/produkt\/salvo-leather-verstellbare-ledertaschenriemen\/","title":{"rendered":"Salvo Leather &#8211; Verstellbare Ledertaschenriemen"},"content":{"rendered":"","protected":false},"excerpt":{"rendered":"<p>Die verstellbaren Ledertaschenriemen von Salvo Leather sind das perfekte Upgrade f\u00fcr deine handgemachten H\u00e4keltaschen. Gefertigt aus <strong>echtem Vollleder vom Rind<\/strong>, wird jeder Riemen <strong>in Griechenland von erfahrenen Handwerkerinnen und Handwerkern handgefertigt<\/strong> \u2013 f\u00fcr aussergew\u00f6hnliche Haltbarkeit, Komfort und zeitlosen Stil.<\/p>\n<p>Diese hochwertigen Riemen sind gefaltet, sauber vern\u00e4ht und mit sauber gearbeiteten Kanten versehen. Sie werden vollst\u00e4ndig mit Zubeh\u00f6r geliefert und sind sofort bereit, an deiner H\u00e4keltasche befestigt zu werden. Als verstellbare und abnehmbare Crossbody-Riemen bieten sie sowohl Vielseitigkeit als auch Eleganz.<\/p>\n<p>Die Riemenbreite betr\u00e4gt 1.8 cm und sorgt f\u00fcr angenehmen Halt, ohne das Taschendesign zu \u00fcberladen.<\/p>\n<p>Die L\u00e4nge beginnt bei 117 cm und l\u00e4sst sich bis auf 132 cm verl\u00e4ngern, sodass du die Passform ganz nach deinem Geschmack anpassen kannst.<\/p>\n<p>Verleihe deiner handgemachten H\u00e4keltasche ein hochwertiges Finish \u2013 w\u00e4hle einen verstellbaren Lederriemen von Salvo Leather und hebe deine Kreation auf ein neues Niveau!<\/p>\n<p><strong>Assiminas Insider-Tipp:<\/strong> <em>Der Handwerksmarkt ist \u00fcberschwemmt mit Taschenriemen aus Kunstleder (also Plastik). Echte, nachhaltig produzierte Lederriemen zu finden, war eine echte Herausforderung \u2013 deshalb freue ich mich umso mehr, diesen vertrauensw\u00fcrdigen Anbieter aus Griechenland endlich entdeckt zu haben!<\/em><\/p>\n","protected":false},"featured_media":14596,"template":"","meta":[],"product_brand":[],"product_cat":[220,1557],"product_tag":[],"class_list":{"0":"post-15003","1":"product","2":"type-product","3":"status-publish","4":"has-post-thumbnail","6":"product_cat-hakelnadeln-und-zubehor","7":"product_cat-zubehoer-fuer-taschen","8":"pa_t1-manufacturer-salvo-leather","9":"description-off","11":"first","12":"instock","13":"taxable","14":"shipping-taxable","15":"purchasable","16":"product-type-variable","17":"wvs-archive-product-wrapper"},"bundled_by":[],"bundle_stock_status":"instock","bundle_stock_quantity":null,"bundle_virtual":false,"bundle_layout":"","bundle_add_to_cart_form_location":"","bundle_editable_in_cart":false,"bundle_sold_individually_context":"","bundle_item_grouping":"","bundle_min_size":"","bundle_max_size":"","bundle_price":[],"bundled_items":[],"bundle_sell_ids":[],"yoast_head":"<!-- This site is optimized with the Yoast SEO plugin v27.4 - https:\/\/yoast.com\/product\/yoast-seo-wordpress\/ -->\n<title>Salvo Leather - Verstellbare Ledertaschenriemen &#171; Swiss Crochet<\/title>\n<meta name=\"description\" content=\"Handgefertigte Taschengurte aus Vollleder f\u00fcr geh\u00e4kelte Taschen. Verstellbar, abnehmbar und inklusive Zubeh\u00f6r. Hochwertige Qualit\u00e4t, hergestellt in Griechenland.\" \/>\n<meta name=\"robots\" content=\"index, follow, max-snippet:-1, max-image-preview:large, max-video-preview:-1\" \/>\n<link rel=\"canonical\" href=\"https:\/\/www.swisscrochet.ch\/de\/produkt\/salvo-leather-verstellbare-ledertaschenriemen\/\" \/>\n<meta property=\"og:locale\" content=\"de_DE\" \/>\n<meta property=\"og:type\" content=\"article\" \/>\n<meta property=\"og:title\" content=\"Salvo Leather - Verstellbare Ledertaschenriemen &#171; Swiss Crochet\" \/>\n<meta property=\"og:description\" content=\"Handgefertigte Taschengurte aus Vollleder f\u00fcr geh\u00e4kelte Taschen. Verstellbar, abnehmbar und inklusive Zubeh\u00f6r. Hochwertige Qualit\u00e4t, hergestellt in Griechenland.\" \/>\n<meta property=\"og:url\" content=\"https:\/\/www.swisscrochet.ch\/de\/produkt\/salvo-leather-verstellbare-ledertaschenriemen\/\" \/>\n<meta property=\"og:site_name\" content=\"Swiss Crochet\" \/>\n<meta property=\"article:modified_time\" content=\"2025-11-19T19:28:44+00:00\" \/>\n<meta property=\"og:image\" content=\"https:\/\/www.swisscrochet.ch\/wp-content\/uploads\/2025\/11\/Leather-Bag-Straps-Overview.jpg\" \/>\n\t<meta property=\"og:image:width\" content=\"1000\" \/>\n\t<meta property=\"og:image:height\" content=\"1000\" \/>\n\t<meta property=\"og:image:type\" content=\"image\/jpeg\" \/>\n<meta name=\"twitter:card\" content=\"summary_large_image\" \/>\n<meta name=\"twitter:label1\" content=\"Gesch\u00e4tzte Lesezeit\" \/>\n\t<meta name=\"twitter:data1\" content=\"1\u00a0Minute\" \/>\n<script type=\"application\/ld+json\" class=\"yoast-schema-graph\">{\"@context\":\"https:\\\/\\\/schema.org\",\"@graph\":[{\"@type\":[\"WebPage\",\"ItemPage\"],\"@id\":\"https:\\\/\\\/www.swisscrochet.ch\\\/de\\\/produkt\\\/salvo-leather-verstellbare-ledertaschenriemen\\\/\",\"url\":\"https:\\\/\\\/www.swisscrochet.ch\\\/de\\\/produkt\\\/salvo-leather-verstellbare-ledertaschenriemen\\\/\",\"name\":\"Salvo Leather - Verstellbare Ledertaschenriemen &#171; Swiss Crochet\",\"isPartOf\":{\"@id\":\"https:\\\/\\\/www.swisscrochet.ch\\\/#website\"},\"primaryImageOfPage\":{\"@id\":\"https:\\\/\\\/www.swisscrochet.ch\\\/de\\\/produkt\\\/salvo-leather-verstellbare-ledertaschenriemen\\\/#primaryimage\"},\"image\":{\"@id\":\"https:\\\/\\\/www.swisscrochet.ch\\\/de\\\/produkt\\\/salvo-leather-verstellbare-ledertaschenriemen\\\/#primaryimage\"},\"thumbnailUrl\":\"https:\\\/\\\/www.swisscrochet.ch\\\/wp-content\\\/uploads\\\/2025\\\/11\\\/Leather-Bag-Straps-Overview.jpg\",\"datePublished\":\"2025-11-19T18:51:08+00:00\",\"dateModified\":\"2025-11-19T19:28:44+00:00\",\"description\":\"Handgefertigte Taschengurte aus Vollleder f\u00fcr geh\u00e4kelte Taschen. Verstellbar, abnehmbar und inklusive Zubeh\u00f6r. Hochwertige Qualit\u00e4t, hergestellt in Griechenland.\",\"breadcrumb\":{\"@id\":\"https:\\\/\\\/www.swisscrochet.ch\\\/de\\\/produkt\\\/salvo-leather-verstellbare-ledertaschenriemen\\\/#breadcrumb\"},\"inLanguage\":\"de\",\"potentialAction\":[{\"@type\":\"ReadAction\",\"target\":[\"https:\\\/\\\/www.swisscrochet.ch\\\/de\\\/produkt\\\/salvo-leather-verstellbare-ledertaschenriemen\\\/\"]}]},{\"@type\":\"ImageObject\",\"inLanguage\":\"de\",\"@id\":\"https:\\\/\\\/www.swisscrochet.ch\\\/de\\\/produkt\\\/salvo-leather-verstellbare-ledertaschenriemen\\\/#primaryimage\",\"url\":\"https:\\\/\\\/www.swisscrochet.ch\\\/wp-content\\\/uploads\\\/2025\\\/11\\\/Leather-Bag-Straps-Overview.jpg\",\"contentUrl\":\"https:\\\/\\\/www.swisscrochet.ch\\\/wp-content\\\/uploads\\\/2025\\\/11\\\/Leather-Bag-Straps-Overview.jpg\",\"width\":1000,\"height\":1000},{\"@type\":\"BreadcrumbList\",\"@id\":\"https:\\\/\\\/www.swisscrochet.ch\\\/de\\\/produkt\\\/salvo-leather-verstellbare-ledertaschenriemen\\\/#breadcrumb\",\"itemListElement\":[{\"@type\":\"ListItem\",\"position\":1,\"name\":\"Home\",\"item\":\"https:\\\/\\\/www.swisscrochet.ch\\\/de\\\/\"},{\"@type\":\"ListItem\",\"position\":2,\"name\":\"Shop\",\"item\":\"https:\\\/\\\/www.swisscrochet.ch\\\/de\\\/shop\\\/\"},{\"@type\":\"ListItem\",\"position\":3,\"name\":\"Salvo Leather &#8211; Verstellbare Ledertaschenriemen\"}]},{\"@type\":\"WebSite\",\"@id\":\"https:\\\/\\\/www.swisscrochet.ch\\\/#website\",\"url\":\"https:\\\/\\\/www.swisscrochet.ch\\\/\",\"name\":\"Swiss Crochet\",\"description\":\"Entfalte dein kreatives Potenzial\",\"potentialAction\":[{\"@type\":\"SearchAction\",\"target\":{\"@type\":\"EntryPoint\",\"urlTemplate\":\"https:\\\/\\\/www.swisscrochet.ch\\\/?s={search_term_string}\"},\"query-input\":{\"@type\":\"PropertyValueSpecification\",\"valueRequired\":true,\"valueName\":\"search_term_string\"}}],\"inLanguage\":\"de\"}]}<\/script>\n<!-- \/ Yoast SEO plugin. -->","yoast_head_json":{"title":"Salvo Leather - Verstellbare Ledertaschenriemen &#171; Swiss Crochet","description":"Handgefertigte Taschengurte aus Vollleder f\u00fcr geh\u00e4kelte Taschen. Verstellbar, abnehmbar und inklusive Zubeh\u00f6r. Hochwertige Qualit\u00e4t, hergestellt in Griechenland.","robots":{"index":"index","follow":"follow","max-snippet":"max-snippet:-1","max-image-preview":"max-image-preview:large","max-video-preview":"max-video-preview:-1"},"canonical":"https:\/\/www.swisscrochet.ch\/de\/produkt\/salvo-leather-verstellbare-ledertaschenriemen\/","og_locale":"de_DE","og_type":"article","og_title":"Salvo Leather - Verstellbare Ledertaschenriemen &#171; Swiss Crochet","og_description":"Handgefertigte Taschengurte aus Vollleder f\u00fcr geh\u00e4kelte Taschen. Verstellbar, abnehmbar und inklusive Zubeh\u00f6r. Hochwertige Qualit\u00e4t, hergestellt in Griechenland.","og_url":"https:\/\/www.swisscrochet.ch\/de\/produkt\/salvo-leather-verstellbare-ledertaschenriemen\/","og_site_name":"Swiss Crochet","article_modified_time":"2025-11-19T19:28:44+00:00","og_image":[{"width":1000,"height":1000,"url":"https:\/\/www.swisscrochet.ch\/wp-content\/uploads\/2025\/11\/Leather-Bag-Straps-Overview.jpg","type":"image\/jpeg"}],"twitter_card":"summary_large_image","twitter_misc":{"Gesch\u00e4tzte Lesezeit":"1\u00a0Minute"},"schema":{"@context":"https:\/\/schema.org","@graph":[{"@type":["WebPage","ItemPage"],"@id":"https:\/\/www.swisscrochet.ch\/de\/produkt\/salvo-leather-verstellbare-ledertaschenriemen\/","url":"https:\/\/www.swisscrochet.ch\/de\/produkt\/salvo-leather-verstellbare-ledertaschenriemen\/","name":"Salvo Leather - Verstellbare Ledertaschenriemen &#171; Swiss Crochet","isPartOf":{"@id":"https:\/\/www.swisscrochet.ch\/#website"},"primaryImageOfPage":{"@id":"https:\/\/www.swisscrochet.ch\/de\/produkt\/salvo-leather-verstellbare-ledertaschenriemen\/#primaryimage"},"image":{"@id":"https:\/\/www.swisscrochet.ch\/de\/produkt\/salvo-leather-verstellbare-ledertaschenriemen\/#primaryimage"},"thumbnailUrl":"https:\/\/www.swisscrochet.ch\/wp-content\/uploads\/2025\/11\/Leather-Bag-Straps-Overview.jpg","datePublished":"2025-11-19T18:51:08+00:00","dateModified":"2025-11-19T19:28:44+00:00","description":"Handgefertigte Taschengurte aus Vollleder f\u00fcr geh\u00e4kelte Taschen. Verstellbar, abnehmbar und inklusive Zubeh\u00f6r. Hochwertige Qualit\u00e4t, hergestellt in Griechenland.","breadcrumb":{"@id":"https:\/\/www.swisscrochet.ch\/de\/produkt\/salvo-leather-verstellbare-ledertaschenriemen\/#breadcrumb"},"inLanguage":"de","potentialAction":[{"@type":"ReadAction","target":["https:\/\/www.swisscrochet.ch\/de\/produkt\/salvo-leather-verstellbare-ledertaschenriemen\/"]}]},{"@type":"ImageObject","inLanguage":"de","@id":"https:\/\/www.swisscrochet.ch\/de\/produkt\/salvo-leather-verstellbare-ledertaschenriemen\/#primaryimage","url":"https:\/\/www.swisscrochet.ch\/wp-content\/uploads\/2025\/11\/Leather-Bag-Straps-Overview.jpg","contentUrl":"https:\/\/www.swisscrochet.ch\/wp-content\/uploads\/2025\/11\/Leather-Bag-Straps-Overview.jpg","width":1000,"height":1000},{"@type":"BreadcrumbList","@id":"https:\/\/www.swisscrochet.ch\/de\/produkt\/salvo-leather-verstellbare-ledertaschenriemen\/#breadcrumb","itemListElement":[{"@type":"ListItem","position":1,"name":"Home","item":"https:\/\/www.swisscrochet.ch\/de\/"},{"@type":"ListItem","position":2,"name":"Shop","item":"https:\/\/www.swisscrochet.ch\/de\/shop\/"},{"@type":"ListItem","position":3,"name":"Salvo Leather &#8211; Verstellbare Ledertaschenriemen"}]},{"@type":"WebSite","@id":"https:\/\/www.swisscrochet.ch\/#website","url":"https:\/\/www.swisscrochet.ch\/","name":"Swiss Crochet","description":"Entfalte dein kreatives Potenzial","potentialAction":[{"@type":"SearchAction","target":{"@type":"EntryPoint","urlTemplate":"https:\/\/www.swisscrochet.ch\/?s={search_term_string}"},"query-input":{"@type":"PropertyValueSpecification","valueRequired":true,"valueName":"search_term_string"}}],"inLanguage":"de"}]}},"_links":{"self":[{"href":"https:\/\/www.swisscrochet.ch\/de\/wp-json\/wp\/v2\/product\/15003","targetHints":{"allow":["GET"]}}],"collection":[{"href":"https:\/\/www.swisscrochet.ch\/de\/wp-json\/wp\/v2\/product"}],"about":[{"href":"https:\/\/www.swisscrochet.ch\/de\/wp-json\/wp\/v2\/types\/product"}],"wp:featuredmedia":[{"embeddable":true,"href":"https:\/\/www.swisscrochet.ch\/de\/wp-json\/wp\/v2\/media\/14596"}],"wp:attachment":[{"href":"https:\/\/www.swisscrochet.ch\/de\/wp-json\/wp\/v2\/media?parent=15003"}],"wp:term":[{"taxonomy":"product_brand","embeddable":true,"href":"https:\/\/www.swisscrochet.ch\/de\/wp-json\/wp\/v2\/product_brand?post=15003"},{"taxonomy":"product_cat","embeddable":true,"href":"https:\/\/www.swisscrochet.ch\/de\/wp-json\/wp\/v2\/product_cat?post=15003"},{"taxonomy":"product_tag","embeddable":true,"href":"https:\/\/www.swisscrochet.ch\/de\/wp-json\/wp\/v2\/product_tag?post=15003"}],"curies":[{"name":"wp","href":"https:\/\/api.w.org\/{rel}","templated":true}]}}