{"id":15032,"date":"2025-11-19T20:13:24","date_gmt":"2025-11-19T19:13:24","guid":{"rendered":"https:\/\/www.swisscrochet.ch\/product\/salvo-leather-leather-bag-handles\/"},"modified":"2025-11-19T20:28:18","modified_gmt":"2025-11-19T19:28:18","slug":"salvo-leather-leder-taschengriffe","status":"publish","type":"product","link":"https:\/\/www.swisscrochet.ch\/de\/produkt\/salvo-leather-leder-taschengriffe\/","title":{"rendered":"Salvo Leather &#8211; Leder-Taschengriffe"},"content":{"rendered":"","protected":false},"excerpt":{"rendered":"<p>Die Salvo Leather Taschengriffe aus Leder sind der perfekte letzte Schliff f\u00fcr deine handgemachten H\u00e4keltaschen. Gefertigt aus <strong>echtem Vollrindleder<\/strong>, wird jeder Griff <strong>in Griechenland von erfahrenen Handwerkerinnen und Handwerkern von Hand hergestellt<\/strong> und mit versiegelten Kanten f\u00fcr ein sauberes, professionelles Finish versehen.<\/p>\n<p>Diese hochwertigen Schulterriemen besitzen eine st\u00fctzende Einlage im Inneren, die dem Leder zus\u00e4tzliche Stabilit\u00e4t und Struktur verleiht. Die Einlage sorgt daf\u00fcr, dass der Griff fest, kompakt und nicht elastisch bleibt, sodass deine Tasche beim Tragen ihre Form und ihren Komfort beh\u00e4lt.<\/p>\n<p>F\u00fcr das Tragen \u00fcber der Schulter konzipiert, wird jeder Griff inklusive Hardware geliefert und ist sofort bereit, an deiner Tasche befestigt zu werden.<\/p>\n<p>Die Riemenbreite betr\u00e4gt 23 mm, und die Gesamtl\u00e4nge inklusive Hardware liegt bei 66 cm \u2013 ideal f\u00fcr einen bequemen und eleganten Schultergriff.<\/p>\n<p>Verleihe deinen handgemachten H\u00e4keltaschen einen zeitlosen, hochwertigen Abschluss \u2013 w\u00e4hle dein Set an Salvo Leather Griffen und vollende dein Projekt mit Stil!<\/p>\n<p>&lt;strong&gt;Assiminas Insider-Tipp:&lt;\/strong&gt; &lt;em&gt;Der Handwerksmarkt ist \u00fcberschwemmt mit Taschenriemen aus Kunstleder (also Plastik). Echte, nachhaltig produzierte Lederriemen zu finden, war eine echte Herausforderung \u2013 deshalb freue ich mich umso mehr, diesen vertrauensw\u00fcrdigen Anbieter aus Griechenland endlich entdeckt zu haben!&lt;\/em&gt;<\/p>\n","protected":false},"featured_media":14572,"template":"","meta":[],"product_brand":[],"product_cat":[220,1557],"product_tag":[],"class_list":{"0":"post-15032","1":"product","2":"type-product","3":"status-publish","4":"has-post-thumbnail","6":"product_cat-hakelnadeln-und-zubehor","7":"product_cat-zubehoer-fuer-taschen","8":"pa_t1-manufacturer-salvo-leather","9":"description-off","11":"first","12":"instock","13":"taxable","14":"shipping-taxable","15":"purchasable","16":"product-type-variable","17":"wvs-archive-product-wrapper"},"bundled_by":[],"bundle_stock_status":"instock","bundle_stock_quantity":null,"bundle_virtual":false,"bundle_layout":"","bundle_add_to_cart_form_location":"","bundle_editable_in_cart":false,"bundle_sold_individually_context":"","bundle_item_grouping":"","bundle_min_size":"","bundle_max_size":"","bundle_price":[],"bundled_items":[],"bundle_sell_ids":[],"yoast_head":"<!-- This site is optimized with the Yoast SEO plugin v27.5 - https:\/\/yoast.com\/product\/yoast-seo-wordpress\/ -->\n<title>Salvo Leather - Leder-Taschengriffe &#171; Swiss Crochet<\/title>\n<meta name=\"description\" content=\"Handgefertigte Taschengriffe aus Vollleder mit versiegelten Kanten und inklusive Zubeh\u00f6r. Robuste, nicht elastische Schulterriemen, hergestellt in Griechenland \u2013 perfekt f\u00fcr H\u00e4keltaschen.\" \/>\n<meta name=\"robots\" content=\"index, follow, max-snippet:-1, max-image-preview:large, max-video-preview:-1\" \/>\n<link rel=\"canonical\" href=\"https:\/\/www.swisscrochet.ch\/produkt\/salvo-leather-leather-bag-handles\/\" \/>\n<meta property=\"og:locale\" content=\"de_DE\" \/>\n<meta property=\"og:type\" content=\"article\" \/>\n<meta property=\"og:title\" content=\"Salvo Leather - Leder-Taschengriffe &#171; Swiss Crochet\" \/>\n<meta property=\"og:description\" content=\"Handgefertigte Taschengriffe aus Vollleder mit versiegelten Kanten und inklusive Zubeh\u00f6r. Robuste, nicht elastische Schulterriemen, hergestellt in Griechenland \u2013 perfekt f\u00fcr H\u00e4keltaschen.\" \/>\n<meta property=\"og:url\" content=\"https:\/\/www.swisscrochet.ch\/produkt\/salvo-leather-leather-bag-handles\/\" \/>\n<meta property=\"og:site_name\" content=\"Swiss Crochet\" \/>\n<meta property=\"article:modified_time\" content=\"2025-11-19T19:28:18+00:00\" \/>\n<meta property=\"og:image\" content=\"https:\/\/www.swisscrochet.ch\/wp-content\/uploads\/2025\/11\/Leather-Bag-Handles-Overview.jpg\" \/>\n\t<meta property=\"og:image:width\" content=\"1000\" \/>\n\t<meta property=\"og:image:height\" content=\"1000\" \/>\n\t<meta property=\"og:image:type\" content=\"image\/jpeg\" \/>\n<meta name=\"twitter:card\" content=\"summary_large_image\" \/>\n<meta name=\"twitter:label1\" content=\"Gesch\u00e4tzte Lesezeit\" \/>\n\t<meta name=\"twitter:data1\" content=\"1\u00a0Minute\" \/>\n<script type=\"application\/ld+json\" class=\"yoast-schema-graph\">{\"@context\":\"https:\\\/\\\/schema.org\",\"@graph\":[{\"@type\":[\"WebPage\",\"ItemPage\"],\"@id\":\"https:\\\/\\\/www.swisscrochet.ch\\\/produkt\\\/salvo-leather-leather-bag-handles\\\/\",\"url\":\"https:\\\/\\\/www.swisscrochet.ch\\\/produkt\\\/salvo-leather-leather-bag-handles\\\/\",\"name\":\"Salvo Leather - Leder-Taschengriffe &#171; Swiss Crochet\",\"isPartOf\":{\"@id\":\"https:\\\/\\\/www.swisscrochet.ch\\\/#website\"},\"primaryImageOfPage\":{\"@id\":\"https:\\\/\\\/www.swisscrochet.ch\\\/produkt\\\/salvo-leather-leather-bag-handles\\\/#primaryimage\"},\"image\":{\"@id\":\"https:\\\/\\\/www.swisscrochet.ch\\\/produkt\\\/salvo-leather-leather-bag-handles\\\/#primaryimage\"},\"thumbnailUrl\":\"https:\\\/\\\/www.swisscrochet.ch\\\/wp-content\\\/uploads\\\/2025\\\/11\\\/Leather-Bag-Handles-Overview.jpg\",\"datePublished\":\"2025-11-19T19:13:24+00:00\",\"dateModified\":\"2025-11-19T19:28:18+00:00\",\"description\":\"Handgefertigte Taschengriffe aus Vollleder mit versiegelten Kanten und inklusive Zubeh\u00f6r. Robuste, nicht elastische Schulterriemen, hergestellt in Griechenland \u2013 perfekt f\u00fcr H\u00e4keltaschen.\",\"breadcrumb\":{\"@id\":\"https:\\\/\\\/www.swisscrochet.ch\\\/produkt\\\/salvo-leather-leather-bag-handles\\\/#breadcrumb\"},\"inLanguage\":\"de\",\"potentialAction\":[{\"@type\":\"ReadAction\",\"target\":[\"https:\\\/\\\/www.swisscrochet.ch\\\/produkt\\\/salvo-leather-leather-bag-handles\\\/\"]}]},{\"@type\":\"ImageObject\",\"inLanguage\":\"de\",\"@id\":\"https:\\\/\\\/www.swisscrochet.ch\\\/produkt\\\/salvo-leather-leather-bag-handles\\\/#primaryimage\",\"url\":\"https:\\\/\\\/www.swisscrochet.ch\\\/wp-content\\\/uploads\\\/2025\\\/11\\\/Leather-Bag-Handles-Overview.jpg\",\"contentUrl\":\"https:\\\/\\\/www.swisscrochet.ch\\\/wp-content\\\/uploads\\\/2025\\\/11\\\/Leather-Bag-Handles-Overview.jpg\",\"width\":1000,\"height\":1000},{\"@type\":\"BreadcrumbList\",\"@id\":\"https:\\\/\\\/www.swisscrochet.ch\\\/produkt\\\/salvo-leather-leather-bag-handles\\\/#breadcrumb\",\"itemListElement\":[{\"@type\":\"ListItem\",\"position\":1,\"name\":\"Home\",\"item\":\"https:\\\/\\\/www.swisscrochet.ch\\\/de\\\/\"},{\"@type\":\"ListItem\",\"position\":2,\"name\":\"Shop\",\"item\":\"https:\\\/\\\/www.swisscrochet.ch\\\/de\\\/shop\\\/\"},{\"@type\":\"ListItem\",\"position\":3,\"name\":\"Salvo Leather &#8211; Leder-Taschengriffe\"}]},{\"@type\":\"WebSite\",\"@id\":\"https:\\\/\\\/www.swisscrochet.ch\\\/#website\",\"url\":\"https:\\\/\\\/www.swisscrochet.ch\\\/\",\"name\":\"Swiss Crochet\",\"description\":\"Entfalte dein kreatives Potenzial\",\"potentialAction\":[{\"@type\":\"SearchAction\",\"target\":{\"@type\":\"EntryPoint\",\"urlTemplate\":\"https:\\\/\\\/www.swisscrochet.ch\\\/?s={search_term_string}\"},\"query-input\":{\"@type\":\"PropertyValueSpecification\",\"valueRequired\":true,\"valueName\":\"search_term_string\"}}],\"inLanguage\":\"de\"}]}<\/script>\n<!-- \/ Yoast SEO plugin. -->","yoast_head_json":{"title":"Salvo Leather - Leder-Taschengriffe &#171; Swiss Crochet","description":"Handgefertigte Taschengriffe aus Vollleder mit versiegelten Kanten und inklusive Zubeh\u00f6r. Robuste, nicht elastische Schulterriemen, hergestellt in Griechenland \u2013 perfekt f\u00fcr H\u00e4keltaschen.","robots":{"index":"index","follow":"follow","max-snippet":"max-snippet:-1","max-image-preview":"max-image-preview:large","max-video-preview":"max-video-preview:-1"},"canonical":"https:\/\/www.swisscrochet.ch\/produkt\/salvo-leather-leather-bag-handles\/","og_locale":"de_DE","og_type":"article","og_title":"Salvo Leather - Leder-Taschengriffe &#171; Swiss Crochet","og_description":"Handgefertigte Taschengriffe aus Vollleder mit versiegelten Kanten und inklusive Zubeh\u00f6r. Robuste, nicht elastische Schulterriemen, hergestellt in Griechenland \u2013 perfekt f\u00fcr H\u00e4keltaschen.","og_url":"https:\/\/www.swisscrochet.ch\/produkt\/salvo-leather-leather-bag-handles\/","og_site_name":"Swiss Crochet","article_modified_time":"2025-11-19T19:28:18+00:00","og_image":[{"width":1000,"height":1000,"url":"https:\/\/www.swisscrochet.ch\/wp-content\/uploads\/2025\/11\/Leather-Bag-Handles-Overview.jpg","type":"image\/jpeg"}],"twitter_card":"summary_large_image","twitter_misc":{"Gesch\u00e4tzte Lesezeit":"1\u00a0Minute"},"schema":{"@context":"https:\/\/schema.org","@graph":[{"@type":["WebPage","ItemPage"],"@id":"https:\/\/www.swisscrochet.ch\/produkt\/salvo-leather-leather-bag-handles\/","url":"https:\/\/www.swisscrochet.ch\/produkt\/salvo-leather-leather-bag-handles\/","name":"Salvo Leather - Leder-Taschengriffe &#171; Swiss Crochet","isPartOf":{"@id":"https:\/\/www.swisscrochet.ch\/#website"},"primaryImageOfPage":{"@id":"https:\/\/www.swisscrochet.ch\/produkt\/salvo-leather-leather-bag-handles\/#primaryimage"},"image":{"@id":"https:\/\/www.swisscrochet.ch\/produkt\/salvo-leather-leather-bag-handles\/#primaryimage"},"thumbnailUrl":"https:\/\/www.swisscrochet.ch\/wp-content\/uploads\/2025\/11\/Leather-Bag-Handles-Overview.jpg","datePublished":"2025-11-19T19:13:24+00:00","dateModified":"2025-11-19T19:28:18+00:00","description":"Handgefertigte Taschengriffe aus Vollleder mit versiegelten Kanten und inklusive Zubeh\u00f6r. Robuste, nicht elastische Schulterriemen, hergestellt in Griechenland \u2013 perfekt f\u00fcr H\u00e4keltaschen.","breadcrumb":{"@id":"https:\/\/www.swisscrochet.ch\/produkt\/salvo-leather-leather-bag-handles\/#breadcrumb"},"inLanguage":"de","potentialAction":[{"@type":"ReadAction","target":["https:\/\/www.swisscrochet.ch\/produkt\/salvo-leather-leather-bag-handles\/"]}]},{"@type":"ImageObject","inLanguage":"de","@id":"https:\/\/www.swisscrochet.ch\/produkt\/salvo-leather-leather-bag-handles\/#primaryimage","url":"https:\/\/www.swisscrochet.ch\/wp-content\/uploads\/2025\/11\/Leather-Bag-Handles-Overview.jpg","contentUrl":"https:\/\/www.swisscrochet.ch\/wp-content\/uploads\/2025\/11\/Leather-Bag-Handles-Overview.jpg","width":1000,"height":1000},{"@type":"BreadcrumbList","@id":"https:\/\/www.swisscrochet.ch\/produkt\/salvo-leather-leather-bag-handles\/#breadcrumb","itemListElement":[{"@type":"ListItem","position":1,"name":"Home","item":"https:\/\/www.swisscrochet.ch\/de\/"},{"@type":"ListItem","position":2,"name":"Shop","item":"https:\/\/www.swisscrochet.ch\/de\/shop\/"},{"@type":"ListItem","position":3,"name":"Salvo Leather &#8211; Leder-Taschengriffe"}]},{"@type":"WebSite","@id":"https:\/\/www.swisscrochet.ch\/#website","url":"https:\/\/www.swisscrochet.ch\/","name":"Swiss Crochet","description":"Entfalte dein kreatives Potenzial","potentialAction":[{"@type":"SearchAction","target":{"@type":"EntryPoint","urlTemplate":"https:\/\/www.swisscrochet.ch\/?s={search_term_string}"},"query-input":{"@type":"PropertyValueSpecification","valueRequired":true,"valueName":"search_term_string"}}],"inLanguage":"de"}]}},"_links":{"self":[{"href":"https:\/\/www.swisscrochet.ch\/de\/wp-json\/wp\/v2\/product\/15032","targetHints":{"allow":["GET"]}}],"collection":[{"href":"https:\/\/www.swisscrochet.ch\/de\/wp-json\/wp\/v2\/product"}],"about":[{"href":"https:\/\/www.swisscrochet.ch\/de\/wp-json\/wp\/v2\/types\/product"}],"wp:featuredmedia":[{"embeddable":true,"href":"https:\/\/www.swisscrochet.ch\/de\/wp-json\/wp\/v2\/media\/14572"}],"wp:attachment":[{"href":"https:\/\/www.swisscrochet.ch\/de\/wp-json\/wp\/v2\/media?parent=15032"}],"wp:term":[{"taxonomy":"product_brand","embeddable":true,"href":"https:\/\/www.swisscrochet.ch\/de\/wp-json\/wp\/v2\/product_brand?post=15032"},{"taxonomy":"product_cat","embeddable":true,"href":"https:\/\/www.swisscrochet.ch\/de\/wp-json\/wp\/v2\/product_cat?post=15032"},{"taxonomy":"product_tag","embeddable":true,"href":"https:\/\/www.swisscrochet.ch\/de\/wp-json\/wp\/v2\/product_tag?post=15032"}],"curies":[{"name":"wp","href":"https:\/\/api.w.org\/{rel}","templated":true}]}}