{"id":16023,"date":"2025-11-25T18:01:00","date_gmt":"2025-11-25T17:01:00","guid":{"rendered":"https:\/\/www.swisscrochet.ch\/product\/grey-silver-sparkle-crochet-bag-yarn-kit\/"},"modified":"2025-11-27T11:08:26","modified_gmt":"2025-11-27T10:08:26","slug":"graue-silberne-glitzer-haekeltasche-garnkit","status":"publish","type":"product","link":"https:\/\/www.swisscrochet.ch\/de\/produkt\/graue-silberne-glitzer-haekeltasche-garnkit\/","title":{"rendered":"Graue-Silberne Glitzer-H\u00e4keltasche &#8211; Garnkit"},"content":{"rendered":"","protected":false},"excerpt":{"rendered":"<p>Erstelle eine wundersch\u00f6n schimmernde H\u00e4keltasche mit diesem eleganten Garnkit. Die Kombination aus sanften Graut\u00f6nen und einem dezenten Silberschimmer verleiht deinem handgemachten Accessoire eine besondere Raffinesse \u2013 perfekt f\u00fcr den Alltag und f\u00fcr besondere Anl\u00e4sse.<\/p>\n<p>In diesem Projekt wird ein Faden Nakyang If zusammen mit zwei F\u00e4den Laines du Nord Arme gehalten.<\/p>\n<p><strong>Das Kit enth\u00e4lt:<\/strong><\/p>\n<ul>\n<li>2 Kn\u00e4uel Nakyang If<\/li>\n<li>2 Kn\u00e4uel Laines du Nord Arme<\/li>\n<li>1 aufn\u00e4hbaren Magnetknopf<\/li>\n<\/ul>\n<p><strong>Optionale Erg\u00e4nzungen:<\/strong><\/p>\n<ul>\n<li>die Anleitung erscheint im Buch <em>Couture Taschen Haekeln<\/em> von <em>Ayaka Chiba<\/em>, das du auf Deutsch erwerben kannst (siehe Links unten)<\/li>\n<li>H\u00e4kelnadel 3.50 mm<\/li>\n<\/ul>\n<p>Mit diesem Kit hast du alle Materialien, um deine neue Lieblingsh\u00e4keltasche zu kreieren \u2013 simpel, stilvoll und inspirierend.<\/p>\n","protected":false},"featured_media":15974,"template":"","meta":[],"product_brand":[],"product_cat":[332,1666],"product_tag":[2078,2084],"class_list":{"0":"post-16023","1":"product","2":"type-product","3":"status-publish","4":"has-post-thumbnail","6":"product_cat-garnkits","7":"product_cat-garnkits-taschen","8":"product_tag-arme","9":"product_tag-if","10":"description-off","12":"first","13":"instock","14":"virtual","15":"taxable","16":"purchasable","17":"product-type-bundle"},"bundled_by":[],"bundle_stock_status":"instock","bundle_stock_quantity":7,"bundle_virtual":false,"bundle_layout":"default","bundle_add_to_cart_form_location":"default","bundle_editable_in_cart":false,"bundle_sold_individually_context":"product","bundle_item_grouping":"parent","bundle_min_size":"","bundle_max_size":"","bundle_price":{"price":{"min":{"incl_tax":"26.6","excl_tax":"24.61"},"max":{"incl_tax":"82.4","excl_tax":"78.62"}},"regular_price":{"min":{"incl_tax":"26.6","excl_tax":"24.61"},"max":{"incl_tax":"82.4","excl_tax":"78.62"}}},"bundled_items":[{"bundled_item_id":551,"product_id":2639,"menu_order":0,"quantity_min":2,"quantity_max":2,"quantity_default":2,"priced_individually":true,"shipped_individually":false,"override_title":false,"title":"Nakyang &#8211; If","override_description":false,"description":"Nakyang &#8211; If","optional":false,"hide_thumbnail":false,"discount":"","override_variations":true,"allowed_variations":[2661],"override_default_variation_attributes":true,"default_variation_attributes":[{"id":0,"name":"Color","option":"280"}],"single_product_visibility":"hidden","cart_visibility":"visible","order_visibility":"visible","single_product_price_visibility":"visible","cart_price_visibility":"visible","order_price_visibility":"visible","stock_status":"in_stock"},{"bundled_item_id":552,"product_id":6082,"menu_order":1,"quantity_min":2,"quantity_max":2,"quantity_default":2,"priced_individually":true,"shipped_individually":false,"override_title":false,"title":"Laines du Nord &#8211; Arm\u00e9","override_description":false,"description":"Laines du Nord &#8211; Arm\u00e9","optional":false,"hide_thumbnail":false,"discount":"","override_variations":true,"allowed_variations":[6084],"override_default_variation_attributes":true,"default_variation_attributes":[{"id":0,"name":"Color","option":"1020"}],"single_product_visibility":"hidden","cart_visibility":"visible","order_visibility":"visible","single_product_price_visibility":"visible","cart_price_visibility":"visible","order_price_visibility":"visible","stock_status":"in_stock"},{"bundled_item_id":553,"product_id":7317,"menu_order":2,"quantity_min":1,"quantity_max":1,"quantity_default":1,"priced_individually":true,"shipped_individually":false,"override_title":false,"title":"Couture Taschen H\u00e4keln &#8211; Ayaka Chiba","override_description":true,"description":"","optional":true,"hide_thumbnail":false,"discount":"","override_variations":false,"allowed_variations":[""],"override_default_variation_attributes":false,"default_variation_attributes":[],"single_product_visibility":"visible","cart_visibility":"visible","order_visibility":"visible","single_product_price_visibility":"visible","cart_price_visibility":"visible","order_price_visibility":"visible","stock_status":"in_stock"},{"bundled_item_id":1039,"product_id":17284,"menu_order":2,"quantity_min":1,"quantity_max":1,"quantity_default":1,"priced_individually":true,"shipped_individually":false,"override_title":false,"title":"Magnetische Druckkn\u00f6pfe \u2013 zum Ann\u00e4hen","override_description":false,"description":"Magnetische Druckkn\u00f6pfe \u2013 zum Ann\u00e4hen","optional":false,"hide_thumbnail":false,"discount":"","override_variations":true,"allowed_variations":[17298],"override_default_variation_attributes":true,"default_variation_attributes":[{"id":0,"name":"Size","option":"18 mm"},{"id":0,"name":"Color","option":"Black Nickel"}],"single_product_visibility":"hidden","cart_visibility":"visible","order_visibility":"visible","single_product_price_visibility":"visible","cart_price_visibility":"visible","order_price_visibility":"visible","stock_status":"in_stock"},{"bundled_item_id":554,"product_id":11386,"menu_order":3,"quantity_min":1,"quantity_max":1,"quantity_default":1,"priced_individually":true,"shipped_individually":false,"override_title":false,"title":"Tulip &#8211; Etimo Murasaki &#8211; H\u00e4kelnadel mit weichem Griff","override_description":true,"description":"","optional":true,"hide_thumbnail":false,"discount":"","override_variations":true,"allowed_variations":[11394],"override_default_variation_attributes":true,"default_variation_attributes":[{"id":0,"name":"Size","option":"3.50 mm"}],"single_product_visibility":"visible","cart_visibility":"visible","order_visibility":"visible","single_product_price_visibility":"visible","cart_price_visibility":"visible","order_price_visibility":"visible","stock_status":"in_stock"}],"bundle_sell_ids":[],"yoast_head":"<!-- This site is optimized with the Yoast SEO plugin v27.4 - https:\/\/yoast.com\/product\/yoast-seo-wordpress\/ -->\n<title>Graue-Silberne Glitzer-H\u00e4keltasche - Garnkit &#171; Swiss Crochet<\/title>\n<meta name=\"description\" content=\"Grey-Silver Sparkle Crochet Bag Garnkit mit Nakyang If, Laines du Nord Arme und magnetischem Knopf. Optional mit Anleitung und 3.50 mm H\u00e4kelnadel erh\u00e4ltlich. Perfekt f\u00fcr stilvolle DIY-Taschen.\" \/>\n<meta name=\"robots\" content=\"index, follow, max-snippet:-1, max-image-preview:large, max-video-preview:-1\" \/>\n<link rel=\"canonical\" href=\"https:\/\/www.swisscrochet.ch\/produkt\/grey-silver-sparkle-crochet-bag-yarn-kit\/\" \/>\n<meta property=\"og:locale\" content=\"de_DE\" \/>\n<meta property=\"og:type\" content=\"article\" \/>\n<meta property=\"og:title\" content=\"Graue-Silberne Glitzer-H\u00e4keltasche - Garnkit &#171; Swiss Crochet\" \/>\n<meta property=\"og:description\" content=\"Grey-Silver Sparkle Crochet Bag Garnkit mit Nakyang If, Laines du Nord Arme und magnetischem Knopf. Optional mit Anleitung und 3.50 mm H\u00e4kelnadel erh\u00e4ltlich. Perfekt f\u00fcr stilvolle DIY-Taschen.\" \/>\n<meta property=\"og:url\" content=\"https:\/\/www.swisscrochet.ch\/produkt\/grey-silver-sparkle-crochet-bag-yarn-kit\/\" \/>\n<meta property=\"og:site_name\" content=\"Swiss Crochet\" \/>\n<meta property=\"article:modified_time\" content=\"2025-11-27T10:08:26+00:00\" \/>\n<meta property=\"og:image\" content=\"https:\/\/www.swisscrochet.ch\/wp-content\/uploads\/2025\/11\/Grey-Silver-Sparkle-Crochet-Bag-Overview.jpg\" \/>\n\t<meta property=\"og:image:width\" content=\"1000\" \/>\n\t<meta property=\"og:image:height\" content=\"1000\" \/>\n\t<meta property=\"og:image:type\" content=\"image\/jpeg\" \/>\n<meta name=\"twitter:card\" content=\"summary_large_image\" \/>\n<meta name=\"twitter:label1\" content=\"Gesch\u00e4tzte Lesezeit\" \/>\n\t<meta name=\"twitter:data1\" content=\"1\u00a0Minute\" \/>\n<script type=\"application\/ld+json\" class=\"yoast-schema-graph\">{\"@context\":\"https:\\\/\\\/schema.org\",\"@graph\":[{\"@type\":[\"WebPage\",\"ItemPage\"],\"@id\":\"https:\\\/\\\/www.swisscrochet.ch\\\/produkt\\\/grey-silver-sparkle-crochet-bag-yarn-kit\\\/\",\"url\":\"https:\\\/\\\/www.swisscrochet.ch\\\/produkt\\\/grey-silver-sparkle-crochet-bag-yarn-kit\\\/\",\"name\":\"Graue-Silberne Glitzer-H\u00e4keltasche - Garnkit &#171; Swiss Crochet\",\"isPartOf\":{\"@id\":\"https:\\\/\\\/www.swisscrochet.ch\\\/#website\"},\"primaryImageOfPage\":{\"@id\":\"https:\\\/\\\/www.swisscrochet.ch\\\/produkt\\\/grey-silver-sparkle-crochet-bag-yarn-kit\\\/#primaryimage\"},\"image\":{\"@id\":\"https:\\\/\\\/www.swisscrochet.ch\\\/produkt\\\/grey-silver-sparkle-crochet-bag-yarn-kit\\\/#primaryimage\"},\"thumbnailUrl\":\"https:\\\/\\\/www.swisscrochet.ch\\\/wp-content\\\/uploads\\\/2025\\\/11\\\/Grey-Silver-Sparkle-Crochet-Bag-Overview.jpg\",\"datePublished\":\"2025-11-25T17:01:00+00:00\",\"dateModified\":\"2025-11-27T10:08:26+00:00\",\"description\":\"Grey-Silver Sparkle Crochet Bag Garnkit mit Nakyang If, Laines du Nord Arme und magnetischem Knopf. Optional mit Anleitung und 3.50 mm H\u00e4kelnadel erh\u00e4ltlich. Perfekt f\u00fcr stilvolle DIY-Taschen.\",\"breadcrumb\":{\"@id\":\"https:\\\/\\\/www.swisscrochet.ch\\\/produkt\\\/grey-silver-sparkle-crochet-bag-yarn-kit\\\/#breadcrumb\"},\"inLanguage\":\"de\",\"potentialAction\":[{\"@type\":\"ReadAction\",\"target\":[\"https:\\\/\\\/www.swisscrochet.ch\\\/produkt\\\/grey-silver-sparkle-crochet-bag-yarn-kit\\\/\"]}]},{\"@type\":\"ImageObject\",\"inLanguage\":\"de\",\"@id\":\"https:\\\/\\\/www.swisscrochet.ch\\\/produkt\\\/grey-silver-sparkle-crochet-bag-yarn-kit\\\/#primaryimage\",\"url\":\"https:\\\/\\\/www.swisscrochet.ch\\\/wp-content\\\/uploads\\\/2025\\\/11\\\/Grey-Silver-Sparkle-Crochet-Bag-Overview.jpg\",\"contentUrl\":\"https:\\\/\\\/www.swisscrochet.ch\\\/wp-content\\\/uploads\\\/2025\\\/11\\\/Grey-Silver-Sparkle-Crochet-Bag-Overview.jpg\",\"width\":1000,\"height\":1000},{\"@type\":\"BreadcrumbList\",\"@id\":\"https:\\\/\\\/www.swisscrochet.ch\\\/produkt\\\/grey-silver-sparkle-crochet-bag-yarn-kit\\\/#breadcrumb\",\"itemListElement\":[{\"@type\":\"ListItem\",\"position\":1,\"name\":\"Home\",\"item\":\"https:\\\/\\\/www.swisscrochet.ch\\\/de\\\/\"},{\"@type\":\"ListItem\",\"position\":2,\"name\":\"Shop\",\"item\":\"https:\\\/\\\/www.swisscrochet.ch\\\/de\\\/shop\\\/\"},{\"@type\":\"ListItem\",\"position\":3,\"name\":\"Graue-Silberne Glitzer-H\u00e4keltasche &#8211; Garnkit\"}]},{\"@type\":\"WebSite\",\"@id\":\"https:\\\/\\\/www.swisscrochet.ch\\\/#website\",\"url\":\"https:\\\/\\\/www.swisscrochet.ch\\\/\",\"name\":\"Swiss Crochet\",\"description\":\"Entfalte dein kreatives Potenzial\",\"potentialAction\":[{\"@type\":\"SearchAction\",\"target\":{\"@type\":\"EntryPoint\",\"urlTemplate\":\"https:\\\/\\\/www.swisscrochet.ch\\\/?s={search_term_string}\"},\"query-input\":{\"@type\":\"PropertyValueSpecification\",\"valueRequired\":true,\"valueName\":\"search_term_string\"}}],\"inLanguage\":\"de\"}]}<\/script>\n<!-- \/ Yoast SEO plugin. -->","yoast_head_json":{"title":"Graue-Silberne Glitzer-H\u00e4keltasche - Garnkit &#171; Swiss Crochet","description":"Grey-Silver Sparkle Crochet Bag Garnkit mit Nakyang If, Laines du Nord Arme und magnetischem Knopf. Optional mit Anleitung und 3.50 mm H\u00e4kelnadel erh\u00e4ltlich. Perfekt f\u00fcr stilvolle DIY-Taschen.","robots":{"index":"index","follow":"follow","max-snippet":"max-snippet:-1","max-image-preview":"max-image-preview:large","max-video-preview":"max-video-preview:-1"},"canonical":"https:\/\/www.swisscrochet.ch\/produkt\/grey-silver-sparkle-crochet-bag-yarn-kit\/","og_locale":"de_DE","og_type":"article","og_title":"Graue-Silberne Glitzer-H\u00e4keltasche - Garnkit &#171; Swiss Crochet","og_description":"Grey-Silver Sparkle Crochet Bag Garnkit mit Nakyang If, Laines du Nord Arme und magnetischem Knopf. Optional mit Anleitung und 3.50 mm H\u00e4kelnadel erh\u00e4ltlich. Perfekt f\u00fcr stilvolle DIY-Taschen.","og_url":"https:\/\/www.swisscrochet.ch\/produkt\/grey-silver-sparkle-crochet-bag-yarn-kit\/","og_site_name":"Swiss Crochet","article_modified_time":"2025-11-27T10:08:26+00:00","og_image":[{"width":1000,"height":1000,"url":"https:\/\/www.swisscrochet.ch\/wp-content\/uploads\/2025\/11\/Grey-Silver-Sparkle-Crochet-Bag-Overview.jpg","type":"image\/jpeg"}],"twitter_card":"summary_large_image","twitter_misc":{"Gesch\u00e4tzte Lesezeit":"1\u00a0Minute"},"schema":{"@context":"https:\/\/schema.org","@graph":[{"@type":["WebPage","ItemPage"],"@id":"https:\/\/www.swisscrochet.ch\/produkt\/grey-silver-sparkle-crochet-bag-yarn-kit\/","url":"https:\/\/www.swisscrochet.ch\/produkt\/grey-silver-sparkle-crochet-bag-yarn-kit\/","name":"Graue-Silberne Glitzer-H\u00e4keltasche - Garnkit &#171; Swiss Crochet","isPartOf":{"@id":"https:\/\/www.swisscrochet.ch\/#website"},"primaryImageOfPage":{"@id":"https:\/\/www.swisscrochet.ch\/produkt\/grey-silver-sparkle-crochet-bag-yarn-kit\/#primaryimage"},"image":{"@id":"https:\/\/www.swisscrochet.ch\/produkt\/grey-silver-sparkle-crochet-bag-yarn-kit\/#primaryimage"},"thumbnailUrl":"https:\/\/www.swisscrochet.ch\/wp-content\/uploads\/2025\/11\/Grey-Silver-Sparkle-Crochet-Bag-Overview.jpg","datePublished":"2025-11-25T17:01:00+00:00","dateModified":"2025-11-27T10:08:26+00:00","description":"Grey-Silver Sparkle Crochet Bag Garnkit mit Nakyang If, Laines du Nord Arme und magnetischem Knopf. Optional mit Anleitung und 3.50 mm H\u00e4kelnadel erh\u00e4ltlich. Perfekt f\u00fcr stilvolle DIY-Taschen.","breadcrumb":{"@id":"https:\/\/www.swisscrochet.ch\/produkt\/grey-silver-sparkle-crochet-bag-yarn-kit\/#breadcrumb"},"inLanguage":"de","potentialAction":[{"@type":"ReadAction","target":["https:\/\/www.swisscrochet.ch\/produkt\/grey-silver-sparkle-crochet-bag-yarn-kit\/"]}]},{"@type":"ImageObject","inLanguage":"de","@id":"https:\/\/www.swisscrochet.ch\/produkt\/grey-silver-sparkle-crochet-bag-yarn-kit\/#primaryimage","url":"https:\/\/www.swisscrochet.ch\/wp-content\/uploads\/2025\/11\/Grey-Silver-Sparkle-Crochet-Bag-Overview.jpg","contentUrl":"https:\/\/www.swisscrochet.ch\/wp-content\/uploads\/2025\/11\/Grey-Silver-Sparkle-Crochet-Bag-Overview.jpg","width":1000,"height":1000},{"@type":"BreadcrumbList","@id":"https:\/\/www.swisscrochet.ch\/produkt\/grey-silver-sparkle-crochet-bag-yarn-kit\/#breadcrumb","itemListElement":[{"@type":"ListItem","position":1,"name":"Home","item":"https:\/\/www.swisscrochet.ch\/de\/"},{"@type":"ListItem","position":2,"name":"Shop","item":"https:\/\/www.swisscrochet.ch\/de\/shop\/"},{"@type":"ListItem","position":3,"name":"Graue-Silberne Glitzer-H\u00e4keltasche &#8211; Garnkit"}]},{"@type":"WebSite","@id":"https:\/\/www.swisscrochet.ch\/#website","url":"https:\/\/www.swisscrochet.ch\/","name":"Swiss Crochet","description":"Entfalte dein kreatives Potenzial","potentialAction":[{"@type":"SearchAction","target":{"@type":"EntryPoint","urlTemplate":"https:\/\/www.swisscrochet.ch\/?s={search_term_string}"},"query-input":{"@type":"PropertyValueSpecification","valueRequired":true,"valueName":"search_term_string"}}],"inLanguage":"de"}]}},"_links":{"self":[{"href":"https:\/\/www.swisscrochet.ch\/de\/wp-json\/wp\/v2\/product\/16023","targetHints":{"allow":["GET"]}}],"collection":[{"href":"https:\/\/www.swisscrochet.ch\/de\/wp-json\/wp\/v2\/product"}],"about":[{"href":"https:\/\/www.swisscrochet.ch\/de\/wp-json\/wp\/v2\/types\/product"}],"wp:featuredmedia":[{"embeddable":true,"href":"https:\/\/www.swisscrochet.ch\/de\/wp-json\/wp\/v2\/media\/15974"}],"wp:attachment":[{"href":"https:\/\/www.swisscrochet.ch\/de\/wp-json\/wp\/v2\/media?parent=16023"}],"wp:term":[{"taxonomy":"product_brand","embeddable":true,"href":"https:\/\/www.swisscrochet.ch\/de\/wp-json\/wp\/v2\/product_brand?post=16023"},{"taxonomy":"product_cat","embeddable":true,"href":"https:\/\/www.swisscrochet.ch\/de\/wp-json\/wp\/v2\/product_cat?post=16023"},{"taxonomy":"product_tag","embeddable":true,"href":"https:\/\/www.swisscrochet.ch\/de\/wp-json\/wp\/v2\/product_tag?post=16023"}],"curies":[{"name":"wp","href":"https:\/\/api.w.org\/{rel}","templated":true}]}}