{"id":16134,"date":"2025-06-15T11:33:24","date_gmt":"2025-06-15T09:33:24","guid":{"rendered":"https:\/\/www.swisscrochet.ch\/product\/pressed-violets-shawl-with-poema-mohair-yarn-kit\/"},"modified":"2025-12-03T11:53:47","modified_gmt":"2025-12-03T10:53:47","slug":"pressed-violets-schal-mit-poema-mohair-garnkit","status":"publish","type":"product","link":"https:\/\/www.swisscrochet.ch\/de\/produkt\/pressed-violets-schal-mit-poema-mohair-garnkit\/","title":{"rendered":"Pressed Violets Schal mit Poema Mohair &#8211; Garnkit"},"content":{"rendered":"","protected":false},"excerpt":{"rendered":"<p>Erstelle einen zarten und luftigen Spitzenschal mit diesem eleganten Garn-Kit. Mit dem langverlaufenden Garn Poema Mohair gearbeitet, verbindet dieses Projekt leichte Weichheit mit sch\u00f6n fliessenden Farb\u00fcberg\u00e4ngen. Mehr \u00fcber die Entstehung dieses Schals kannst du im <a href=\"https:\/\/www.swisscrochet.ch\/de\/2025\/06\/das-pressed-violets-tuch-aus-poema-mohair\/\">Swiss Crochet Blog<\/a> lesen.<\/p>\n<p><strong>Das Kit enth\u00e4lt:<\/strong><\/p>\n<ul>\n<li>eine digitale Kopie des <a href=\"https:\/\/www.ravelry.com\/patterns\/library\/pressed-violets-shawl\">Pressed Violets Shawl von Lena Fedotova<\/a> (erh\u00e4ltlich in Englisch und Spanisch)<\/li>\n<li>2 Kn\u00e4uel Laines du Nord Poema in der Farbvariante deiner Wahl<\/li>\n<\/ul>\n<p><strong>Optionale Extras:<\/strong><\/p>\n<ul>\n<li>3.00mm H\u00e4kelnadel<\/li>\n<\/ul>\n<p>Mit diesem Kit hast du alles, was du brauchst, um deinen neuen Lieblings-H\u00e4kelschal zu erstellen \u2014 elegant, meditativ und endlos inspirierend.<\/p>\n","protected":false},"featured_media":7678,"template":"","meta":[],"product_brand":[],"product_cat":[1663,332],"product_tag":[2099],"class_list":{"0":"post-16134","1":"product","2":"type-product","3":"status-publish","4":"has-post-thumbnail","6":"product_cat-garnkits-accessoires","7":"product_cat-garnkits","8":"product_tag-poema-mohair","9":"description-off","11":"first","12":"instock","13":"virtual","14":"taxable","15":"purchasable","16":"product-type-bundle"},"bundled_by":[],"bundle_stock_status":"instock","bundle_stock_quantity":46,"bundle_virtual":false,"bundle_layout":"default","bundle_add_to_cart_form_location":"default","bundle_editable_in_cart":false,"bundle_sold_individually_context":"product","bundle_item_grouping":"parent","bundle_min_size":"","bundle_max_size":"","bundle_price":{"price":{"min":{"incl_tax":"63","excl_tax":"58.28"},"max":{"incl_tax":"75.9","excl_tax":"70.21"}},"regular_price":{"min":{"incl_tax":"63","excl_tax":"58.28"},"max":{"incl_tax":"75.9","excl_tax":"70.21"}}},"bundled_items":[{"bundled_item_id":575,"product_id":6039,"menu_order":0,"quantity_min":2,"quantity_max":2,"quantity_default":2,"priced_individually":true,"shipped_individually":false,"override_title":false,"title":"Laines du Nord &#8211; Poema Mohair","override_description":true,"description":"","optional":false,"hide_thumbnail":false,"discount":"","override_variations":false,"allowed_variations":[""],"override_default_variation_attributes":false,"default_variation_attributes":[],"single_product_visibility":"visible","cart_visibility":"visible","order_visibility":"visible","single_product_price_visibility":"visible","cart_price_visibility":"visible","order_price_visibility":"visible","stock_status":"in_stock"},{"bundled_item_id":576,"product_id":3514,"menu_order":1,"quantity_min":1,"quantity_max":1,"quantity_default":1,"priced_individually":true,"shipped_individually":false,"override_title":false,"title":"Tulip &#8211; Etimo Red &#8211; H\u00e4kelnadel mit weichem Griff","override_description":true,"description":"","optional":true,"hide_thumbnail":false,"discount":"","override_variations":true,"allowed_variations":[3519],"override_default_variation_attributes":true,"default_variation_attributes":[{"id":0,"name":"Size","option":"3.00 mm"}],"single_product_visibility":"visible","cart_visibility":"visible","order_visibility":"visible","single_product_price_visibility":"visible","cart_price_visibility":"visible","order_price_visibility":"visible","stock_status":"in_stock"}],"bundle_sell_ids":[],"yoast_head":"<!-- This site is optimized with the Yoast SEO plugin v27.4 - https:\/\/yoast.com\/product\/yoast-seo-wordpress\/ -->\n<title>Pressed Violets Schal mit Poema Mohair - Garnkit &#171; Swiss Crochet<\/title>\n<meta name=\"description\" content=\"Erstelle einen leichten, eleganten Spitzenschal mit dem Pressed Violets Shawl Kit \u2013 mit dem Poema Mohair Farbverlaufs\u00adgarn und einer digitalen Anleitung von Lena Fedotova. Das perfekte, inspirierende H\u00e4kelprojekt f\u00fcr alle Schal-Liebhaberinnen.\" \/>\n<meta name=\"robots\" content=\"index, follow, max-snippet:-1, max-image-preview:large, max-video-preview:-1\" \/>\n<link rel=\"canonical\" href=\"https:\/\/www.swisscrochet.ch\/produkt\/pressed-violets-shawl-with-poema-mohair-yarn-kit\/\" \/>\n<meta property=\"og:locale\" content=\"de_DE\" \/>\n<meta property=\"og:type\" content=\"article\" \/>\n<meta property=\"og:title\" content=\"Pressed Violets Schal mit Poema Mohair - Garnkit &#171; Swiss Crochet\" \/>\n<meta property=\"og:description\" content=\"Erstelle einen leichten, eleganten Spitzenschal mit dem Pressed Violets Shawl Kit \u2013 mit dem Poema Mohair Farbverlaufs\u00adgarn und einer digitalen Anleitung von Lena Fedotova. Das perfekte, inspirierende H\u00e4kelprojekt f\u00fcr alle Schal-Liebhaberinnen.\" \/>\n<meta property=\"og:url\" content=\"https:\/\/www.swisscrochet.ch\/produkt\/pressed-violets-shawl-with-poema-mohair-yarn-kit\/\" \/>\n<meta property=\"og:site_name\" content=\"Swiss Crochet\" \/>\n<meta property=\"article:modified_time\" content=\"2025-12-03T10:53:47+00:00\" \/>\n<meta property=\"og:image\" content=\"https:\/\/www.swisscrochet.ch\/wp-content\/uploads\/2025\/06\/Pressed-Violets-Shawl-Poema-Mohair-1.jpg\" \/>\n\t<meta property=\"og:image:width\" content=\"1000\" \/>\n\t<meta property=\"og:image:height\" content=\"1000\" \/>\n\t<meta property=\"og:image:type\" content=\"image\/jpeg\" \/>\n<meta name=\"twitter:card\" content=\"summary_large_image\" \/>\n<meta name=\"twitter:label1\" content=\"Gesch\u00e4tzte Lesezeit\" \/>\n\t<meta name=\"twitter:data1\" content=\"1\u00a0Minute\" \/>\n<script type=\"application\/ld+json\" class=\"yoast-schema-graph\">{\"@context\":\"https:\\\/\\\/schema.org\",\"@graph\":[{\"@type\":[\"WebPage\",\"ItemPage\"],\"@id\":\"https:\\\/\\\/www.swisscrochet.ch\\\/produkt\\\/pressed-violets-shawl-with-poema-mohair-yarn-kit\\\/\",\"url\":\"https:\\\/\\\/www.swisscrochet.ch\\\/produkt\\\/pressed-violets-shawl-with-poema-mohair-yarn-kit\\\/\",\"name\":\"Pressed Violets Schal mit Poema Mohair - Garnkit &#171; Swiss Crochet\",\"isPartOf\":{\"@id\":\"https:\\\/\\\/www.swisscrochet.ch\\\/#website\"},\"primaryImageOfPage\":{\"@id\":\"https:\\\/\\\/www.swisscrochet.ch\\\/produkt\\\/pressed-violets-shawl-with-poema-mohair-yarn-kit\\\/#primaryimage\"},\"image\":{\"@id\":\"https:\\\/\\\/www.swisscrochet.ch\\\/produkt\\\/pressed-violets-shawl-with-poema-mohair-yarn-kit\\\/#primaryimage\"},\"thumbnailUrl\":\"https:\\\/\\\/www.swisscrochet.ch\\\/wp-content\\\/uploads\\\/2025\\\/06\\\/Pressed-Violets-Shawl-Poema-Mohair-1.jpg\",\"datePublished\":\"2025-06-15T09:33:24+00:00\",\"dateModified\":\"2025-12-03T10:53:47+00:00\",\"description\":\"Erstelle einen leichten, eleganten Spitzenschal mit dem Pressed Violets Shawl Kit \u2013 mit dem Poema Mohair Farbverlaufs\u00adgarn und einer digitalen Anleitung von Lena Fedotova. Das perfekte, inspirierende H\u00e4kelprojekt f\u00fcr alle Schal-Liebhaberinnen.\",\"breadcrumb\":{\"@id\":\"https:\\\/\\\/www.swisscrochet.ch\\\/produkt\\\/pressed-violets-shawl-with-poema-mohair-yarn-kit\\\/#breadcrumb\"},\"inLanguage\":\"de\",\"potentialAction\":[{\"@type\":\"ReadAction\",\"target\":[\"https:\\\/\\\/www.swisscrochet.ch\\\/produkt\\\/pressed-violets-shawl-with-poema-mohair-yarn-kit\\\/\"]}]},{\"@type\":\"ImageObject\",\"inLanguage\":\"de\",\"@id\":\"https:\\\/\\\/www.swisscrochet.ch\\\/produkt\\\/pressed-violets-shawl-with-poema-mohair-yarn-kit\\\/#primaryimage\",\"url\":\"https:\\\/\\\/www.swisscrochet.ch\\\/wp-content\\\/uploads\\\/2025\\\/06\\\/Pressed-Violets-Shawl-Poema-Mohair-1.jpg\",\"contentUrl\":\"https:\\\/\\\/www.swisscrochet.ch\\\/wp-content\\\/uploads\\\/2025\\\/06\\\/Pressed-Violets-Shawl-Poema-Mohair-1.jpg\",\"width\":1000,\"height\":1000},{\"@type\":\"BreadcrumbList\",\"@id\":\"https:\\\/\\\/www.swisscrochet.ch\\\/produkt\\\/pressed-violets-shawl-with-poema-mohair-yarn-kit\\\/#breadcrumb\",\"itemListElement\":[{\"@type\":\"ListItem\",\"position\":1,\"name\":\"Home\",\"item\":\"https:\\\/\\\/www.swisscrochet.ch\\\/de\\\/\"},{\"@type\":\"ListItem\",\"position\":2,\"name\":\"Shop\",\"item\":\"https:\\\/\\\/www.swisscrochet.ch\\\/de\\\/shop\\\/\"},{\"@type\":\"ListItem\",\"position\":3,\"name\":\"Pressed Violets Schal mit Poema Mohair &#8211; Garnkit\"}]},{\"@type\":\"WebSite\",\"@id\":\"https:\\\/\\\/www.swisscrochet.ch\\\/#website\",\"url\":\"https:\\\/\\\/www.swisscrochet.ch\\\/\",\"name\":\"Swiss Crochet\",\"description\":\"Entfalte dein kreatives Potenzial\",\"potentialAction\":[{\"@type\":\"SearchAction\",\"target\":{\"@type\":\"EntryPoint\",\"urlTemplate\":\"https:\\\/\\\/www.swisscrochet.ch\\\/?s={search_term_string}\"},\"query-input\":{\"@type\":\"PropertyValueSpecification\",\"valueRequired\":true,\"valueName\":\"search_term_string\"}}],\"inLanguage\":\"de\"}]}<\/script>\n<!-- \/ Yoast SEO plugin. -->","yoast_head_json":{"title":"Pressed Violets Schal mit Poema Mohair - Garnkit &#171; Swiss Crochet","description":"Erstelle einen leichten, eleganten Spitzenschal mit dem Pressed Violets Shawl Kit \u2013 mit dem Poema Mohair Farbverlaufs\u00adgarn und einer digitalen Anleitung von Lena Fedotova. Das perfekte, inspirierende H\u00e4kelprojekt f\u00fcr alle Schal-Liebhaberinnen.","robots":{"index":"index","follow":"follow","max-snippet":"max-snippet:-1","max-image-preview":"max-image-preview:large","max-video-preview":"max-video-preview:-1"},"canonical":"https:\/\/www.swisscrochet.ch\/produkt\/pressed-violets-shawl-with-poema-mohair-yarn-kit\/","og_locale":"de_DE","og_type":"article","og_title":"Pressed Violets Schal mit Poema Mohair - Garnkit &#171; Swiss Crochet","og_description":"Erstelle einen leichten, eleganten Spitzenschal mit dem Pressed Violets Shawl Kit \u2013 mit dem Poema Mohair Farbverlaufs\u00adgarn und einer digitalen Anleitung von Lena Fedotova. Das perfekte, inspirierende H\u00e4kelprojekt f\u00fcr alle Schal-Liebhaberinnen.","og_url":"https:\/\/www.swisscrochet.ch\/produkt\/pressed-violets-shawl-with-poema-mohair-yarn-kit\/","og_site_name":"Swiss Crochet","article_modified_time":"2025-12-03T10:53:47+00:00","og_image":[{"width":1000,"height":1000,"url":"https:\/\/www.swisscrochet.ch\/wp-content\/uploads\/2025\/06\/Pressed-Violets-Shawl-Poema-Mohair-1.jpg","type":"image\/jpeg"}],"twitter_card":"summary_large_image","twitter_misc":{"Gesch\u00e4tzte Lesezeit":"1\u00a0Minute"},"schema":{"@context":"https:\/\/schema.org","@graph":[{"@type":["WebPage","ItemPage"],"@id":"https:\/\/www.swisscrochet.ch\/produkt\/pressed-violets-shawl-with-poema-mohair-yarn-kit\/","url":"https:\/\/www.swisscrochet.ch\/produkt\/pressed-violets-shawl-with-poema-mohair-yarn-kit\/","name":"Pressed Violets Schal mit Poema Mohair - Garnkit &#171; Swiss Crochet","isPartOf":{"@id":"https:\/\/www.swisscrochet.ch\/#website"},"primaryImageOfPage":{"@id":"https:\/\/www.swisscrochet.ch\/produkt\/pressed-violets-shawl-with-poema-mohair-yarn-kit\/#primaryimage"},"image":{"@id":"https:\/\/www.swisscrochet.ch\/produkt\/pressed-violets-shawl-with-poema-mohair-yarn-kit\/#primaryimage"},"thumbnailUrl":"https:\/\/www.swisscrochet.ch\/wp-content\/uploads\/2025\/06\/Pressed-Violets-Shawl-Poema-Mohair-1.jpg","datePublished":"2025-06-15T09:33:24+00:00","dateModified":"2025-12-03T10:53:47+00:00","description":"Erstelle einen leichten, eleganten Spitzenschal mit dem Pressed Violets Shawl Kit \u2013 mit dem Poema Mohair Farbverlaufs\u00adgarn und einer digitalen Anleitung von Lena Fedotova. Das perfekte, inspirierende H\u00e4kelprojekt f\u00fcr alle Schal-Liebhaberinnen.","breadcrumb":{"@id":"https:\/\/www.swisscrochet.ch\/produkt\/pressed-violets-shawl-with-poema-mohair-yarn-kit\/#breadcrumb"},"inLanguage":"de","potentialAction":[{"@type":"ReadAction","target":["https:\/\/www.swisscrochet.ch\/produkt\/pressed-violets-shawl-with-poema-mohair-yarn-kit\/"]}]},{"@type":"ImageObject","inLanguage":"de","@id":"https:\/\/www.swisscrochet.ch\/produkt\/pressed-violets-shawl-with-poema-mohair-yarn-kit\/#primaryimage","url":"https:\/\/www.swisscrochet.ch\/wp-content\/uploads\/2025\/06\/Pressed-Violets-Shawl-Poema-Mohair-1.jpg","contentUrl":"https:\/\/www.swisscrochet.ch\/wp-content\/uploads\/2025\/06\/Pressed-Violets-Shawl-Poema-Mohair-1.jpg","width":1000,"height":1000},{"@type":"BreadcrumbList","@id":"https:\/\/www.swisscrochet.ch\/produkt\/pressed-violets-shawl-with-poema-mohair-yarn-kit\/#breadcrumb","itemListElement":[{"@type":"ListItem","position":1,"name":"Home","item":"https:\/\/www.swisscrochet.ch\/de\/"},{"@type":"ListItem","position":2,"name":"Shop","item":"https:\/\/www.swisscrochet.ch\/de\/shop\/"},{"@type":"ListItem","position":3,"name":"Pressed Violets Schal mit Poema Mohair &#8211; Garnkit"}]},{"@type":"WebSite","@id":"https:\/\/www.swisscrochet.ch\/#website","url":"https:\/\/www.swisscrochet.ch\/","name":"Swiss Crochet","description":"Entfalte dein kreatives Potenzial","potentialAction":[{"@type":"SearchAction","target":{"@type":"EntryPoint","urlTemplate":"https:\/\/www.swisscrochet.ch\/?s={search_term_string}"},"query-input":{"@type":"PropertyValueSpecification","valueRequired":true,"valueName":"search_term_string"}}],"inLanguage":"de"}]}},"_links":{"self":[{"href":"https:\/\/www.swisscrochet.ch\/de\/wp-json\/wp\/v2\/product\/16134","targetHints":{"allow":["GET"]}}],"collection":[{"href":"https:\/\/www.swisscrochet.ch\/de\/wp-json\/wp\/v2\/product"}],"about":[{"href":"https:\/\/www.swisscrochet.ch\/de\/wp-json\/wp\/v2\/types\/product"}],"wp:featuredmedia":[{"embeddable":true,"href":"https:\/\/www.swisscrochet.ch\/de\/wp-json\/wp\/v2\/media\/7678"}],"wp:attachment":[{"href":"https:\/\/www.swisscrochet.ch\/de\/wp-json\/wp\/v2\/media?parent=16134"}],"wp:term":[{"taxonomy":"product_brand","embeddable":true,"href":"https:\/\/www.swisscrochet.ch\/de\/wp-json\/wp\/v2\/product_brand?post=16134"},{"taxonomy":"product_cat","embeddable":true,"href":"https:\/\/www.swisscrochet.ch\/de\/wp-json\/wp\/v2\/product_cat?post=16134"},{"taxonomy":"product_tag","embeddable":true,"href":"https:\/\/www.swisscrochet.ch\/de\/wp-json\/wp\/v2\/product_tag?post=16134"}],"curies":[{"name":"wp","href":"https:\/\/api.w.org\/{rel}","templated":true}]}}