{"id":17349,"date":"2025-12-19T12:58:16","date_gmt":"2025-12-19T11:58:16","guid":{"rendered":"https:\/\/www.swisscrochet.ch\/product\/hoooked-kitchen-holder-ratatouille-macrame-kit\/"},"modified":"2025-12-19T19:12:07","modified_gmt":"2025-12-19T18:12:07","slug":"hoooked-kuechenhalter-ratatouille-makramee-kit","status":"publish","type":"product","link":"https:\/\/www.swisscrochet.ch\/de\/produkt\/hoooked-kuechenhalter-ratatouille-makramee-kit\/","title":{"rendered":"Hoooked \u2013 K\u00fcchenhalter Ratatouille \u2013 Makram\u00e9e-Kit"},"content":{"rendered":"","protected":false},"excerpt":{"rendered":"<p>Mit diesem Makramee-K\u00fcchenhalter-Projekt gestaltest du eine sch\u00f6ne Wanddekoration, die sowohl funktional als auch dekorativ ist. Genau das hatte Designerin Mirjana im Sinn, als sie dieses St\u00fcck entworfen hat. Durch die Kombination sorgf\u00e4ltig ausgew\u00e4hlter Makramee-Knoten mit dem robusten Hoooked Cordino Garn bietet das Design hervorragende Stabilit\u00e4t und Langlebigkeit.<\/p>\n<p>Mit einem praktischen Pflanzenhalter an der Seite wird dieser K\u00fcchenhalter zu einem eleganten und zugleich n\u00fctzlichen Akzent f\u00fcr deine K\u00fcche. Es ist ein lohnendes Projekt, das genauso viel Freude beim Kn\u00fcpfen bereitet wie beim sp\u00e4teren Pr\u00e4sentieren.<\/p>\n<p>Das Design verwendet grundlegende Makramee-Knoten und ist daher ein Projekt f\u00fcr Fortgeschrittene.<\/p>\n<p><strong>Das Kit enth\u00e4lt:<\/strong><\/p>\n<ul>\n<li>eine gedruckte Version der Anleitungsbeschreibung (auf Englisch, Deutsch, Franz\u00f6sisch, Spanisch, Niederl\u00e4ndisch) und<\/li>\n<li>3 Kn\u00e4uel Hoooked Cordino in der Farbe Sandy Ecru<\/li>\n<\/ul>\n<p>Alles kommt in einem praktischen Set zusammen \u2014 bereit, um sofort mit deinem n\u00e4chsten Makramee-Projekt zu starten!<\/p>\n","protected":false},"featured_media":16957,"template":"","meta":[],"product_brand":[],"product_cat":[332,1669],"product_tag":[],"class_list":{"0":"post-17349","1":"product","2":"type-product","3":"status-publish","4":"has-post-thumbnail","6":"product_cat-garnkits","7":"product_cat-garnkits-macrame","8":"pa_t1-manufacturer-hoooked-de","9":"description-off","11":"first","12":"instock","13":"taxable","14":"shipping-taxable","15":"purchasable","16":"product-type-simple"},"bundled_by":[],"bundle_stock_status":"instock","bundle_stock_quantity":1,"bundle_virtual":false,"bundle_layout":"","bundle_add_to_cart_form_location":"","bundle_editable_in_cart":false,"bundle_sold_individually_context":"","bundle_item_grouping":"","bundle_min_size":"","bundle_max_size":"","bundle_price":[],"bundled_items":[],"bundle_sell_ids":[],"yoast_head":"<!-- This site is optimized with the Yoast SEO plugin v27.5 - https:\/\/yoast.com\/product\/yoast-seo-wordpress\/ -->\n<title>Hoooked \u2013 K\u00fcchenhalter Ratatouille \u2013 Makram\u00e9e-Kit &#171; Swiss Crochet<\/title>\n<meta name=\"description\" content=\"Erstelle ein funktionales und dekoratives Wandst\u00fcck f\u00fcr deine K\u00fcche mit dem Hoooked Ratatouille Makram\u00e9e-Kit. Enth\u00e4lt Cordino-Garn und eine Anleitung f\u00fcr ein Projekt mit mittlerem Schwierigkeitsgrad.\" \/>\n<meta name=\"robots\" content=\"index, follow, max-snippet:-1, max-image-preview:large, max-video-preview:-1\" \/>\n<link rel=\"canonical\" href=\"https:\/\/www.swisscrochet.ch\/produkt\/hoooked-kitchen-holder-ratatouille-macrame-kit\/\" \/>\n<meta property=\"og:locale\" content=\"de_DE\" \/>\n<meta property=\"og:type\" content=\"article\" \/>\n<meta property=\"og:title\" content=\"Hoooked \u2013 K\u00fcchenhalter Ratatouille \u2013 Makram\u00e9e-Kit &#171; Swiss Crochet\" \/>\n<meta property=\"og:description\" content=\"Erstelle ein funktionales und dekoratives Wandst\u00fcck f\u00fcr deine K\u00fcche mit dem Hoooked Ratatouille Makram\u00e9e-Kit. Enth\u00e4lt Cordino-Garn und eine Anleitung f\u00fcr ein Projekt mit mittlerem Schwierigkeitsgrad.\" \/>\n<meta property=\"og:url\" content=\"https:\/\/www.swisscrochet.ch\/produkt\/hoooked-kitchen-holder-ratatouille-macrame-kit\/\" \/>\n<meta property=\"og:site_name\" content=\"Swiss Crochet\" \/>\n<meta property=\"article:modified_time\" content=\"2025-12-19T18:12:07+00:00\" \/>\n<meta property=\"og:image\" content=\"https:\/\/www.swisscrochet.ch\/wp-content\/uploads\/2025\/12\/Hoooked-Kitchen-Holder-Ratatouille-Macrame-Kit-Overview.jpg\" \/>\n\t<meta property=\"og:image:width\" content=\"1000\" \/>\n\t<meta property=\"og:image:height\" content=\"1000\" \/>\n\t<meta property=\"og:image:type\" content=\"image\/jpeg\" \/>\n<meta name=\"twitter:card\" content=\"summary_large_image\" \/>\n<meta name=\"twitter:label1\" content=\"Gesch\u00e4tzte Lesezeit\" \/>\n\t<meta name=\"twitter:data1\" content=\"1\u00a0Minute\" \/>\n<script type=\"application\/ld+json\" class=\"yoast-schema-graph\">{\"@context\":\"https:\\\/\\\/schema.org\",\"@graph\":[{\"@type\":[\"WebPage\",\"ItemPage\"],\"@id\":\"https:\\\/\\\/www.swisscrochet.ch\\\/produkt\\\/hoooked-kitchen-holder-ratatouille-macrame-kit\\\/\",\"url\":\"https:\\\/\\\/www.swisscrochet.ch\\\/produkt\\\/hoooked-kitchen-holder-ratatouille-macrame-kit\\\/\",\"name\":\"Hoooked \u2013 K\u00fcchenhalter Ratatouille \u2013 Makram\u00e9e-Kit &#171; Swiss Crochet\",\"isPartOf\":{\"@id\":\"https:\\\/\\\/www.swisscrochet.ch\\\/#website\"},\"primaryImageOfPage\":{\"@id\":\"https:\\\/\\\/www.swisscrochet.ch\\\/produkt\\\/hoooked-kitchen-holder-ratatouille-macrame-kit\\\/#primaryimage\"},\"image\":{\"@id\":\"https:\\\/\\\/www.swisscrochet.ch\\\/produkt\\\/hoooked-kitchen-holder-ratatouille-macrame-kit\\\/#primaryimage\"},\"thumbnailUrl\":\"https:\\\/\\\/www.swisscrochet.ch\\\/wp-content\\\/uploads\\\/2025\\\/12\\\/Hoooked-Kitchen-Holder-Ratatouille-Macrame-Kit-Overview.jpg\",\"datePublished\":\"2025-12-19T11:58:16+00:00\",\"dateModified\":\"2025-12-19T18:12:07+00:00\",\"description\":\"Erstelle ein funktionales und dekoratives Wandst\u00fcck f\u00fcr deine K\u00fcche mit dem Hoooked Ratatouille Makram\u00e9e-Kit. Enth\u00e4lt Cordino-Garn und eine Anleitung f\u00fcr ein Projekt mit mittlerem Schwierigkeitsgrad.\",\"breadcrumb\":{\"@id\":\"https:\\\/\\\/www.swisscrochet.ch\\\/produkt\\\/hoooked-kitchen-holder-ratatouille-macrame-kit\\\/#breadcrumb\"},\"inLanguage\":\"de\",\"potentialAction\":[{\"@type\":\"ReadAction\",\"target\":[\"https:\\\/\\\/www.swisscrochet.ch\\\/produkt\\\/hoooked-kitchen-holder-ratatouille-macrame-kit\\\/\"]}]},{\"@type\":\"ImageObject\",\"inLanguage\":\"de\",\"@id\":\"https:\\\/\\\/www.swisscrochet.ch\\\/produkt\\\/hoooked-kitchen-holder-ratatouille-macrame-kit\\\/#primaryimage\",\"url\":\"https:\\\/\\\/www.swisscrochet.ch\\\/wp-content\\\/uploads\\\/2025\\\/12\\\/Hoooked-Kitchen-Holder-Ratatouille-Macrame-Kit-Overview.jpg\",\"contentUrl\":\"https:\\\/\\\/www.swisscrochet.ch\\\/wp-content\\\/uploads\\\/2025\\\/12\\\/Hoooked-Kitchen-Holder-Ratatouille-Macrame-Kit-Overview.jpg\",\"width\":1000,\"height\":1000},{\"@type\":\"BreadcrumbList\",\"@id\":\"https:\\\/\\\/www.swisscrochet.ch\\\/produkt\\\/hoooked-kitchen-holder-ratatouille-macrame-kit\\\/#breadcrumb\",\"itemListElement\":[{\"@type\":\"ListItem\",\"position\":1,\"name\":\"Home\",\"item\":\"https:\\\/\\\/www.swisscrochet.ch\\\/de\\\/\"},{\"@type\":\"ListItem\",\"position\":2,\"name\":\"Shop\",\"item\":\"https:\\\/\\\/www.swisscrochet.ch\\\/de\\\/shop\\\/\"},{\"@type\":\"ListItem\",\"position\":3,\"name\":\"Hoooked \u2013 K\u00fcchenhalter Ratatouille \u2013 Makram\u00e9e-Kit\"}]},{\"@type\":\"WebSite\",\"@id\":\"https:\\\/\\\/www.swisscrochet.ch\\\/#website\",\"url\":\"https:\\\/\\\/www.swisscrochet.ch\\\/\",\"name\":\"Swiss Crochet\",\"description\":\"Entfalte dein kreatives Potenzial\",\"potentialAction\":[{\"@type\":\"SearchAction\",\"target\":{\"@type\":\"EntryPoint\",\"urlTemplate\":\"https:\\\/\\\/www.swisscrochet.ch\\\/?s={search_term_string}\"},\"query-input\":{\"@type\":\"PropertyValueSpecification\",\"valueRequired\":true,\"valueName\":\"search_term_string\"}}],\"inLanguage\":\"de\"}]}<\/script>\n<!-- \/ Yoast SEO plugin. -->","yoast_head_json":{"title":"Hoooked \u2013 K\u00fcchenhalter Ratatouille \u2013 Makram\u00e9e-Kit &#171; Swiss Crochet","description":"Erstelle ein funktionales und dekoratives Wandst\u00fcck f\u00fcr deine K\u00fcche mit dem Hoooked Ratatouille Makram\u00e9e-Kit. Enth\u00e4lt Cordino-Garn und eine Anleitung f\u00fcr ein Projekt mit mittlerem Schwierigkeitsgrad.","robots":{"index":"index","follow":"follow","max-snippet":"max-snippet:-1","max-image-preview":"max-image-preview:large","max-video-preview":"max-video-preview:-1"},"canonical":"https:\/\/www.swisscrochet.ch\/produkt\/hoooked-kitchen-holder-ratatouille-macrame-kit\/","og_locale":"de_DE","og_type":"article","og_title":"Hoooked \u2013 K\u00fcchenhalter Ratatouille \u2013 Makram\u00e9e-Kit &#171; Swiss Crochet","og_description":"Erstelle ein funktionales und dekoratives Wandst\u00fcck f\u00fcr deine K\u00fcche mit dem Hoooked Ratatouille Makram\u00e9e-Kit. Enth\u00e4lt Cordino-Garn und eine Anleitung f\u00fcr ein Projekt mit mittlerem Schwierigkeitsgrad.","og_url":"https:\/\/www.swisscrochet.ch\/produkt\/hoooked-kitchen-holder-ratatouille-macrame-kit\/","og_site_name":"Swiss Crochet","article_modified_time":"2025-12-19T18:12:07+00:00","og_image":[{"width":1000,"height":1000,"url":"https:\/\/www.swisscrochet.ch\/wp-content\/uploads\/2025\/12\/Hoooked-Kitchen-Holder-Ratatouille-Macrame-Kit-Overview.jpg","type":"image\/jpeg"}],"twitter_card":"summary_large_image","twitter_misc":{"Gesch\u00e4tzte Lesezeit":"1\u00a0Minute"},"schema":{"@context":"https:\/\/schema.org","@graph":[{"@type":["WebPage","ItemPage"],"@id":"https:\/\/www.swisscrochet.ch\/produkt\/hoooked-kitchen-holder-ratatouille-macrame-kit\/","url":"https:\/\/www.swisscrochet.ch\/produkt\/hoooked-kitchen-holder-ratatouille-macrame-kit\/","name":"Hoooked \u2013 K\u00fcchenhalter Ratatouille \u2013 Makram\u00e9e-Kit &#171; Swiss Crochet","isPartOf":{"@id":"https:\/\/www.swisscrochet.ch\/#website"},"primaryImageOfPage":{"@id":"https:\/\/www.swisscrochet.ch\/produkt\/hoooked-kitchen-holder-ratatouille-macrame-kit\/#primaryimage"},"image":{"@id":"https:\/\/www.swisscrochet.ch\/produkt\/hoooked-kitchen-holder-ratatouille-macrame-kit\/#primaryimage"},"thumbnailUrl":"https:\/\/www.swisscrochet.ch\/wp-content\/uploads\/2025\/12\/Hoooked-Kitchen-Holder-Ratatouille-Macrame-Kit-Overview.jpg","datePublished":"2025-12-19T11:58:16+00:00","dateModified":"2025-12-19T18:12:07+00:00","description":"Erstelle ein funktionales und dekoratives Wandst\u00fcck f\u00fcr deine K\u00fcche mit dem Hoooked Ratatouille Makram\u00e9e-Kit. Enth\u00e4lt Cordino-Garn und eine Anleitung f\u00fcr ein Projekt mit mittlerem Schwierigkeitsgrad.","breadcrumb":{"@id":"https:\/\/www.swisscrochet.ch\/produkt\/hoooked-kitchen-holder-ratatouille-macrame-kit\/#breadcrumb"},"inLanguage":"de","potentialAction":[{"@type":"ReadAction","target":["https:\/\/www.swisscrochet.ch\/produkt\/hoooked-kitchen-holder-ratatouille-macrame-kit\/"]}]},{"@type":"ImageObject","inLanguage":"de","@id":"https:\/\/www.swisscrochet.ch\/produkt\/hoooked-kitchen-holder-ratatouille-macrame-kit\/#primaryimage","url":"https:\/\/www.swisscrochet.ch\/wp-content\/uploads\/2025\/12\/Hoooked-Kitchen-Holder-Ratatouille-Macrame-Kit-Overview.jpg","contentUrl":"https:\/\/www.swisscrochet.ch\/wp-content\/uploads\/2025\/12\/Hoooked-Kitchen-Holder-Ratatouille-Macrame-Kit-Overview.jpg","width":1000,"height":1000},{"@type":"BreadcrumbList","@id":"https:\/\/www.swisscrochet.ch\/produkt\/hoooked-kitchen-holder-ratatouille-macrame-kit\/#breadcrumb","itemListElement":[{"@type":"ListItem","position":1,"name":"Home","item":"https:\/\/www.swisscrochet.ch\/de\/"},{"@type":"ListItem","position":2,"name":"Shop","item":"https:\/\/www.swisscrochet.ch\/de\/shop\/"},{"@type":"ListItem","position":3,"name":"Hoooked \u2013 K\u00fcchenhalter Ratatouille \u2013 Makram\u00e9e-Kit"}]},{"@type":"WebSite","@id":"https:\/\/www.swisscrochet.ch\/#website","url":"https:\/\/www.swisscrochet.ch\/","name":"Swiss Crochet","description":"Entfalte dein kreatives Potenzial","potentialAction":[{"@type":"SearchAction","target":{"@type":"EntryPoint","urlTemplate":"https:\/\/www.swisscrochet.ch\/?s={search_term_string}"},"query-input":{"@type":"PropertyValueSpecification","valueRequired":true,"valueName":"search_term_string"}}],"inLanguage":"de"}]}},"_links":{"self":[{"href":"https:\/\/www.swisscrochet.ch\/de\/wp-json\/wp\/v2\/product\/17349","targetHints":{"allow":["GET"]}}],"collection":[{"href":"https:\/\/www.swisscrochet.ch\/de\/wp-json\/wp\/v2\/product"}],"about":[{"href":"https:\/\/www.swisscrochet.ch\/de\/wp-json\/wp\/v2\/types\/product"}],"wp:featuredmedia":[{"embeddable":true,"href":"https:\/\/www.swisscrochet.ch\/de\/wp-json\/wp\/v2\/media\/16957"}],"wp:attachment":[{"href":"https:\/\/www.swisscrochet.ch\/de\/wp-json\/wp\/v2\/media?parent=17349"}],"wp:term":[{"taxonomy":"product_brand","embeddable":true,"href":"https:\/\/www.swisscrochet.ch\/de\/wp-json\/wp\/v2\/product_brand?post=17349"},{"taxonomy":"product_cat","embeddable":true,"href":"https:\/\/www.swisscrochet.ch\/de\/wp-json\/wp\/v2\/product_cat?post=17349"},{"taxonomy":"product_tag","embeddable":true,"href":"https:\/\/www.swisscrochet.ch\/de\/wp-json\/wp\/v2\/product_tag?post=17349"}],"curies":[{"name":"wp","href":"https:\/\/api.w.org\/{rel}","templated":true}]}}