{"id":17388,"date":"2025-12-19T13:57:06","date_gmt":"2025-12-19T12:57:06","guid":{"rendered":"https:\/\/www.swisscrochet.ch\/product\/hoooked-hanging-basket-black-zpagetti-macrame-kit\/"},"modified":"2025-12-19T19:49:10","modified_gmt":"2025-12-19T18:49:10","slug":"hoooked-haengekorb-schwarzes-zpagetti-makramee-kit","status":"publish","type":"product","link":"https:\/\/www.swisscrochet.ch\/de\/produkt\/hoooked-haengekorb-schwarzes-zpagetti-makramee-kit\/","title":{"rendered":"Hoooked \u2013 H\u00e4ngekorb \u2013 Schwarzes Zpagetti \u2013 Makram\u00e9e-Kit"},"content":{"rendered":"","protected":false},"excerpt":{"rendered":"<p>Mit diesem Kit kannst du 3 Makramee-H\u00e4ngek\u00f6rbe f\u00fcr deine Pflanzen gestalten \u2014 eine wundersch\u00f6ne M\u00f6glichkeit, Gr\u00fcn und Struktur in dein Zuhause zu bringen.<\/p>\n<p>Neben Stricken und H\u00e4keln geh\u00f6rt Makramee zu den vielen Retro-Techniken, die derzeit ein starkes Comeback erleben. Inspiriert von den ikonischen Stilen der 1970er-Jahre bringen moderne Makramee-Designs W\u00e4rme, Textur und ein entspanntes Vintage-Gef\u00fchl in zeitgen\u00f6ssische Wohnr\u00e4ume.<\/p>\n<p>Makramee ist leicht zu erlernen und bietet unendlich viele kreative M\u00f6glichkeiten, was es zu einem perfekten Handwerk f\u00fcr Anf\u00e4ngerinnen und erfahrene Makerinnen macht. Dieses Kit verwendet Hoooked Zpagetti, das weich und elastisch ist und sich dadurch angenehmer verarbeiten l\u00e4sst als traditionelle Materialien wie Sisal, Seil oder Raffia.<\/p>\n<p><strong>Das Kit enth\u00e4lt:<\/strong><\/p>\n<ul>\n<li>eine gedruckte Kopie der Anleitungs\u00adbeschreibung (auf Englisch, Deutsch, Franz\u00f6sisch, Spanisch, Niederl\u00e4ndisch) und<\/li>\n<li>1 Kn\u00e4uel Hoooked Zpagetti (60 m) in der Farbe Schwarz<\/li>\n<li>1 Holzring f\u00fcr Makramee<\/li>\n<li>sortierte Holzperlen f\u00fcr 1 H\u00e4nger<\/li>\n<li>Garnnadel<\/li>\n<\/ul>\n<p>Alles kommt in einem praktischen Set zusammen \u2014 bereit, um sofort mit deinem n\u00e4chsten Makramee-Projekt zu starten!<\/p>\n","protected":false},"featured_media":17079,"template":"","meta":[],"product_brand":[],"product_cat":[332,1669],"product_tag":[],"class_list":{"0":"post-17388","1":"product","2":"type-product","3":"status-publish","4":"has-post-thumbnail","6":"product_cat-garnkits","7":"product_cat-garnkits-macrame","8":"pa_t1-manufacturer-hoooked-de","9":"description-off","11":"first","12":"instock","13":"taxable","14":"shipping-taxable","15":"purchasable","16":"product-type-simple"},"bundled_by":[],"bundle_stock_status":"instock","bundle_stock_quantity":4,"bundle_virtual":false,"bundle_layout":"","bundle_add_to_cart_form_location":"","bundle_editable_in_cart":false,"bundle_sold_individually_context":"","bundle_item_grouping":"","bundle_min_size":"","bundle_max_size":"","bundle_price":[],"bundled_items":[],"bundle_sell_ids":[],"yoast_head":"<!-- This site is optimized with the Yoast SEO plugin v27.5 - https:\/\/yoast.com\/product\/yoast-seo-wordpress\/ -->\n<title>Hoooked \u2013 H\u00e4ngekorb \u2013 Schwarzes Zpagetti \u2013 Makram\u00e9e-Kit &#171; Swiss Crochet<\/title>\n<meta name=\"description\" content=\"Stelle mit dem Hoooked Zpagetti Kit drei Makramee-H\u00e4ngek\u00f6rbe her. Das weiche, elastische Garn macht dieses DIY-Pflanzenh\u00e4nger-Projekt einfach und zugleich stilvoll.\" \/>\n<meta name=\"robots\" content=\"index, follow, max-snippet:-1, max-image-preview:large, max-video-preview:-1\" \/>\n<link rel=\"canonical\" href=\"https:\/\/www.swisscrochet.ch\/de\/produkt\/hoooked-haengekorb-schwarzes-zpagetti-makramee-kit\/\" \/>\n<meta property=\"og:locale\" content=\"de_DE\" \/>\n<meta property=\"og:type\" content=\"article\" \/>\n<meta property=\"og:title\" content=\"Hoooked \u2013 H\u00e4ngekorb \u2013 Schwarzes Zpagetti \u2013 Makram\u00e9e-Kit &#171; Swiss Crochet\" \/>\n<meta property=\"og:description\" content=\"Stelle mit dem Hoooked Zpagetti Kit drei Makramee-H\u00e4ngek\u00f6rbe her. Das weiche, elastische Garn macht dieses DIY-Pflanzenh\u00e4nger-Projekt einfach und zugleich stilvoll.\" \/>\n<meta property=\"og:url\" content=\"https:\/\/www.swisscrochet.ch\/de\/produkt\/hoooked-haengekorb-schwarzes-zpagetti-makramee-kit\/\" \/>\n<meta property=\"og:site_name\" content=\"Swiss Crochet\" \/>\n<meta property=\"article:modified_time\" content=\"2025-12-19T18:49:10+00:00\" \/>\n<meta property=\"og:image\" content=\"https:\/\/www.swisscrochet.ch\/wp-content\/uploads\/2025\/12\/Hoooked-Hanging-Basket-Black-Zpagetti-Macrame-Kit-Overview.jpg\" \/>\n\t<meta property=\"og:image:width\" content=\"1000\" \/>\n\t<meta property=\"og:image:height\" content=\"1000\" \/>\n\t<meta property=\"og:image:type\" content=\"image\/jpeg\" \/>\n<meta name=\"twitter:card\" content=\"summary_large_image\" \/>\n<meta name=\"twitter:label1\" content=\"Gesch\u00e4tzte Lesezeit\" \/>\n\t<meta name=\"twitter:data1\" content=\"1\u00a0Minute\" \/>\n<script type=\"application\/ld+json\" class=\"yoast-schema-graph\">{\"@context\":\"https:\\\/\\\/schema.org\",\"@graph\":[{\"@type\":[\"WebPage\",\"ItemPage\"],\"@id\":\"https:\\\/\\\/www.swisscrochet.ch\\\/de\\\/produkt\\\/hoooked-haengekorb-schwarzes-zpagetti-makramee-kit\\\/\",\"url\":\"https:\\\/\\\/www.swisscrochet.ch\\\/de\\\/produkt\\\/hoooked-haengekorb-schwarzes-zpagetti-makramee-kit\\\/\",\"name\":\"Hoooked \u2013 H\u00e4ngekorb \u2013 Schwarzes Zpagetti \u2013 Makram\u00e9e-Kit &#171; Swiss Crochet\",\"isPartOf\":{\"@id\":\"https:\\\/\\\/www.swisscrochet.ch\\\/#website\"},\"primaryImageOfPage\":{\"@id\":\"https:\\\/\\\/www.swisscrochet.ch\\\/de\\\/produkt\\\/hoooked-haengekorb-schwarzes-zpagetti-makramee-kit\\\/#primaryimage\"},\"image\":{\"@id\":\"https:\\\/\\\/www.swisscrochet.ch\\\/de\\\/produkt\\\/hoooked-haengekorb-schwarzes-zpagetti-makramee-kit\\\/#primaryimage\"},\"thumbnailUrl\":\"https:\\\/\\\/www.swisscrochet.ch\\\/wp-content\\\/uploads\\\/2025\\\/12\\\/Hoooked-Hanging-Basket-Black-Zpagetti-Macrame-Kit-Overview.jpg\",\"datePublished\":\"2025-12-19T12:57:06+00:00\",\"dateModified\":\"2025-12-19T18:49:10+00:00\",\"description\":\"Stelle mit dem Hoooked Zpagetti Kit drei Makramee-H\u00e4ngek\u00f6rbe her. Das weiche, elastische Garn macht dieses DIY-Pflanzenh\u00e4nger-Projekt einfach und zugleich stilvoll.\",\"breadcrumb\":{\"@id\":\"https:\\\/\\\/www.swisscrochet.ch\\\/de\\\/produkt\\\/hoooked-haengekorb-schwarzes-zpagetti-makramee-kit\\\/#breadcrumb\"},\"inLanguage\":\"de\",\"potentialAction\":[{\"@type\":\"ReadAction\",\"target\":[\"https:\\\/\\\/www.swisscrochet.ch\\\/de\\\/produkt\\\/hoooked-haengekorb-schwarzes-zpagetti-makramee-kit\\\/\"]}]},{\"@type\":\"ImageObject\",\"inLanguage\":\"de\",\"@id\":\"https:\\\/\\\/www.swisscrochet.ch\\\/de\\\/produkt\\\/hoooked-haengekorb-schwarzes-zpagetti-makramee-kit\\\/#primaryimage\",\"url\":\"https:\\\/\\\/www.swisscrochet.ch\\\/wp-content\\\/uploads\\\/2025\\\/12\\\/Hoooked-Hanging-Basket-Black-Zpagetti-Macrame-Kit-Overview.jpg\",\"contentUrl\":\"https:\\\/\\\/www.swisscrochet.ch\\\/wp-content\\\/uploads\\\/2025\\\/12\\\/Hoooked-Hanging-Basket-Black-Zpagetti-Macrame-Kit-Overview.jpg\",\"width\":1000,\"height\":1000},{\"@type\":\"BreadcrumbList\",\"@id\":\"https:\\\/\\\/www.swisscrochet.ch\\\/de\\\/produkt\\\/hoooked-haengekorb-schwarzes-zpagetti-makramee-kit\\\/#breadcrumb\",\"itemListElement\":[{\"@type\":\"ListItem\",\"position\":1,\"name\":\"Home\",\"item\":\"https:\\\/\\\/www.swisscrochet.ch\\\/de\\\/\"},{\"@type\":\"ListItem\",\"position\":2,\"name\":\"Shop\",\"item\":\"https:\\\/\\\/www.swisscrochet.ch\\\/de\\\/shop\\\/\"},{\"@type\":\"ListItem\",\"position\":3,\"name\":\"Hoooked \u2013 H\u00e4ngekorb \u2013 Schwarzes Zpagetti \u2013 Makram\u00e9e-Kit\"}]},{\"@type\":\"WebSite\",\"@id\":\"https:\\\/\\\/www.swisscrochet.ch\\\/#website\",\"url\":\"https:\\\/\\\/www.swisscrochet.ch\\\/\",\"name\":\"Swiss Crochet\",\"description\":\"Entfalte dein kreatives Potenzial\",\"potentialAction\":[{\"@type\":\"SearchAction\",\"target\":{\"@type\":\"EntryPoint\",\"urlTemplate\":\"https:\\\/\\\/www.swisscrochet.ch\\\/?s={search_term_string}\"},\"query-input\":{\"@type\":\"PropertyValueSpecification\",\"valueRequired\":true,\"valueName\":\"search_term_string\"}}],\"inLanguage\":\"de\"}]}<\/script>\n<!-- \/ Yoast SEO plugin. -->","yoast_head_json":{"title":"Hoooked \u2013 H\u00e4ngekorb \u2013 Schwarzes Zpagetti \u2013 Makram\u00e9e-Kit &#171; Swiss Crochet","description":"Stelle mit dem Hoooked Zpagetti Kit drei Makramee-H\u00e4ngek\u00f6rbe her. Das weiche, elastische Garn macht dieses DIY-Pflanzenh\u00e4nger-Projekt einfach und zugleich stilvoll.","robots":{"index":"index","follow":"follow","max-snippet":"max-snippet:-1","max-image-preview":"max-image-preview:large","max-video-preview":"max-video-preview:-1"},"canonical":"https:\/\/www.swisscrochet.ch\/de\/produkt\/hoooked-haengekorb-schwarzes-zpagetti-makramee-kit\/","og_locale":"de_DE","og_type":"article","og_title":"Hoooked \u2013 H\u00e4ngekorb \u2013 Schwarzes Zpagetti \u2013 Makram\u00e9e-Kit &#171; Swiss Crochet","og_description":"Stelle mit dem Hoooked Zpagetti Kit drei Makramee-H\u00e4ngek\u00f6rbe her. Das weiche, elastische Garn macht dieses DIY-Pflanzenh\u00e4nger-Projekt einfach und zugleich stilvoll.","og_url":"https:\/\/www.swisscrochet.ch\/de\/produkt\/hoooked-haengekorb-schwarzes-zpagetti-makramee-kit\/","og_site_name":"Swiss Crochet","article_modified_time":"2025-12-19T18:49:10+00:00","og_image":[{"width":1000,"height":1000,"url":"https:\/\/www.swisscrochet.ch\/wp-content\/uploads\/2025\/12\/Hoooked-Hanging-Basket-Black-Zpagetti-Macrame-Kit-Overview.jpg","type":"image\/jpeg"}],"twitter_card":"summary_large_image","twitter_misc":{"Gesch\u00e4tzte Lesezeit":"1\u00a0Minute"},"schema":{"@context":"https:\/\/schema.org","@graph":[{"@type":["WebPage","ItemPage"],"@id":"https:\/\/www.swisscrochet.ch\/de\/produkt\/hoooked-haengekorb-schwarzes-zpagetti-makramee-kit\/","url":"https:\/\/www.swisscrochet.ch\/de\/produkt\/hoooked-haengekorb-schwarzes-zpagetti-makramee-kit\/","name":"Hoooked \u2013 H\u00e4ngekorb \u2013 Schwarzes Zpagetti \u2013 Makram\u00e9e-Kit &#171; Swiss Crochet","isPartOf":{"@id":"https:\/\/www.swisscrochet.ch\/#website"},"primaryImageOfPage":{"@id":"https:\/\/www.swisscrochet.ch\/de\/produkt\/hoooked-haengekorb-schwarzes-zpagetti-makramee-kit\/#primaryimage"},"image":{"@id":"https:\/\/www.swisscrochet.ch\/de\/produkt\/hoooked-haengekorb-schwarzes-zpagetti-makramee-kit\/#primaryimage"},"thumbnailUrl":"https:\/\/www.swisscrochet.ch\/wp-content\/uploads\/2025\/12\/Hoooked-Hanging-Basket-Black-Zpagetti-Macrame-Kit-Overview.jpg","datePublished":"2025-12-19T12:57:06+00:00","dateModified":"2025-12-19T18:49:10+00:00","description":"Stelle mit dem Hoooked Zpagetti Kit drei Makramee-H\u00e4ngek\u00f6rbe her. Das weiche, elastische Garn macht dieses DIY-Pflanzenh\u00e4nger-Projekt einfach und zugleich stilvoll.","breadcrumb":{"@id":"https:\/\/www.swisscrochet.ch\/de\/produkt\/hoooked-haengekorb-schwarzes-zpagetti-makramee-kit\/#breadcrumb"},"inLanguage":"de","potentialAction":[{"@type":"ReadAction","target":["https:\/\/www.swisscrochet.ch\/de\/produkt\/hoooked-haengekorb-schwarzes-zpagetti-makramee-kit\/"]}]},{"@type":"ImageObject","inLanguage":"de","@id":"https:\/\/www.swisscrochet.ch\/de\/produkt\/hoooked-haengekorb-schwarzes-zpagetti-makramee-kit\/#primaryimage","url":"https:\/\/www.swisscrochet.ch\/wp-content\/uploads\/2025\/12\/Hoooked-Hanging-Basket-Black-Zpagetti-Macrame-Kit-Overview.jpg","contentUrl":"https:\/\/www.swisscrochet.ch\/wp-content\/uploads\/2025\/12\/Hoooked-Hanging-Basket-Black-Zpagetti-Macrame-Kit-Overview.jpg","width":1000,"height":1000},{"@type":"BreadcrumbList","@id":"https:\/\/www.swisscrochet.ch\/de\/produkt\/hoooked-haengekorb-schwarzes-zpagetti-makramee-kit\/#breadcrumb","itemListElement":[{"@type":"ListItem","position":1,"name":"Home","item":"https:\/\/www.swisscrochet.ch\/de\/"},{"@type":"ListItem","position":2,"name":"Shop","item":"https:\/\/www.swisscrochet.ch\/de\/shop\/"},{"@type":"ListItem","position":3,"name":"Hoooked \u2013 H\u00e4ngekorb \u2013 Schwarzes Zpagetti \u2013 Makram\u00e9e-Kit"}]},{"@type":"WebSite","@id":"https:\/\/www.swisscrochet.ch\/#website","url":"https:\/\/www.swisscrochet.ch\/","name":"Swiss Crochet","description":"Entfalte dein kreatives Potenzial","potentialAction":[{"@type":"SearchAction","target":{"@type":"EntryPoint","urlTemplate":"https:\/\/www.swisscrochet.ch\/?s={search_term_string}"},"query-input":{"@type":"PropertyValueSpecification","valueRequired":true,"valueName":"search_term_string"}}],"inLanguage":"de"}]}},"_links":{"self":[{"href":"https:\/\/www.swisscrochet.ch\/de\/wp-json\/wp\/v2\/product\/17388","targetHints":{"allow":["GET"]}}],"collection":[{"href":"https:\/\/www.swisscrochet.ch\/de\/wp-json\/wp\/v2\/product"}],"about":[{"href":"https:\/\/www.swisscrochet.ch\/de\/wp-json\/wp\/v2\/types\/product"}],"wp:featuredmedia":[{"embeddable":true,"href":"https:\/\/www.swisscrochet.ch\/de\/wp-json\/wp\/v2\/media\/17079"}],"wp:attachment":[{"href":"https:\/\/www.swisscrochet.ch\/de\/wp-json\/wp\/v2\/media?parent=17388"}],"wp:term":[{"taxonomy":"product_brand","embeddable":true,"href":"https:\/\/www.swisscrochet.ch\/de\/wp-json\/wp\/v2\/product_brand?post=17388"},{"taxonomy":"product_cat","embeddable":true,"href":"https:\/\/www.swisscrochet.ch\/de\/wp-json\/wp\/v2\/product_cat?post=17388"},{"taxonomy":"product_tag","embeddable":true,"href":"https:\/\/www.swisscrochet.ch\/de\/wp-json\/wp\/v2\/product_tag?post=17388"}],"curies":[{"name":"wp","href":"https:\/\/api.w.org\/{rel}","templated":true}]}}