{"id":17403,"date":"2025-12-19T14:51:38","date_gmt":"2025-12-19T13:51:38","guid":{"rendered":"https:\/\/www.swisscrochet.ch\/product\/hoooked-planthanger-bali-dark-green-macrame-kit\/"},"modified":"2025-12-19T20:02:55","modified_gmt":"2025-12-19T19:02:55","slug":"hoooked-pflanzenhaenger-bali-dunkelgruen-makramee-kit","status":"publish","type":"product","link":"https:\/\/www.swisscrochet.ch\/de\/produkt\/hoooked-pflanzenhaenger-bali-dunkelgruen-makramee-kit\/","title":{"rendered":"Hoooked \u2013 Pflanzenh\u00e4nger Bali \u2013 Dunkelgr\u00fcn \u2013 Makram\u00e9e-Kit"},"content":{"rendered":"","protected":false},"excerpt":{"rendered":"<p>Dieser wundersch\u00f6ne Makramee-Pflanzenh\u00e4nger f\u00fcr den Innenbereich ist perfekt, um dir deine eigene gr\u00fcne Oase zu Hause zu schaffen. Mit dem Bali Planthanger an der Wand verleihst du deinem Zuhause sofort eine entspannte, vom Inselstil inspirierte Atmosph\u00e4re.<\/p>\n<p>Das Design verwendet mehrere klassische Makramee-Knoten, die in der Anleitung mit anschaulichen Bildern klar erkl\u00e4rt werden und das Nacharbeiten besonders angenehm machen. Gro\u00dfe Holzringe sind im Kit enthalten, sodass du dein Makramee-Werk ganz einfach dort aufh\u00e4ngen kannst, wo es dir gef\u00e4llt.<\/p>\n<p><strong>Die Anleitung enth\u00e4lt zwei verschiedene Varianten des Pflanzenh\u00e4ngers, die beide mit einer Spesso-Spule gefertigt werden k\u00f6nnen.<\/strong><\/p>\n<p><strong>Das Kit enth\u00e4lt:<\/strong><\/p>\n<ul>\n<li>eine gedruckte Kopie der Anleitung (auf Englisch, Deutsch, Franz\u00f6sisch, Spanisch, Niederl\u00e4ndisch) und<\/li>\n<li>1 Kn\u00e4uel Hoooked Spesso Eco Barbante<\/li>\n<li>2 Holz-Makramee-Ringe (7 cm, 10 cm)<\/li>\n<\/ul>\n<p>Alles ist in einem praktischen Set enthalten \u2014 bereit, um sofort mit deinem n\u00e4chsten Makramee-Projekt zu starten!<\/p>\n","protected":false},"featured_media":17042,"template":"","meta":[],"product_brand":[],"product_cat":[332,1669],"product_tag":[],"class_list":{"0":"post-17403","1":"product","2":"type-product","3":"status-publish","4":"has-post-thumbnail","6":"product_cat-garnkits","7":"product_cat-garnkits-macrame","8":"pa_t1-manufacturer-hoooked-de","9":"description-off","11":"first","12":"instock","13":"taxable","14":"shipping-taxable","15":"purchasable","16":"product-type-simple"},"bundled_by":[],"bundle_stock_status":"instock","bundle_stock_quantity":2,"bundle_virtual":false,"bundle_layout":"","bundle_add_to_cart_form_location":"","bundle_editable_in_cart":false,"bundle_sold_individually_context":"","bundle_item_grouping":"","bundle_min_size":"","bundle_max_size":"","bundle_price":[],"bundled_items":[],"bundle_sell_ids":[],"yoast_head":"<!-- This site is optimized with the Yoast SEO plugin v27.5 - https:\/\/yoast.com\/product\/yoast-seo-wordpress\/ -->\n<title>Hoooked \u2013 Pflanzenh\u00e4nger Bali \u2013 Dunkelgr\u00fcn \u2013 Makram\u00e9e-Kit &#171; Swiss Crochet<\/title>\n<meta name=\"description\" content=\"Gestalte einen Indoor-Garten im Inselstil mit dem Hoooked Bali Planthanger Makram\u00e9e-Kit. Enth\u00e4lt Holzringe und Anleitungen f\u00fcr zwei verschiedene Designs.\" \/>\n<meta name=\"robots\" content=\"index, follow, max-snippet:-1, max-image-preview:large, max-video-preview:-1\" \/>\n<link rel=\"canonical\" href=\"https:\/\/www.swisscrochet.ch\/de\/produkt\/hoooked-pflanzenhaenger-bali-dunkelgruen-makramee-kit\/\" \/>\n<meta property=\"og:locale\" content=\"de_DE\" \/>\n<meta property=\"og:type\" content=\"article\" \/>\n<meta property=\"og:title\" content=\"Hoooked \u2013 Pflanzenh\u00e4nger Bali \u2013 Dunkelgr\u00fcn \u2013 Makram\u00e9e-Kit &#171; Swiss Crochet\" \/>\n<meta property=\"og:description\" content=\"Gestalte einen Indoor-Garten im Inselstil mit dem Hoooked Bali Planthanger Makram\u00e9e-Kit. Enth\u00e4lt Holzringe und Anleitungen f\u00fcr zwei verschiedene Designs.\" \/>\n<meta property=\"og:url\" content=\"https:\/\/www.swisscrochet.ch\/de\/produkt\/hoooked-pflanzenhaenger-bali-dunkelgruen-makramee-kit\/\" \/>\n<meta property=\"og:site_name\" content=\"Swiss Crochet\" \/>\n<meta property=\"article:modified_time\" content=\"2025-12-19T19:02:55+00:00\" \/>\n<meta property=\"og:image\" content=\"https:\/\/www.swisscrochet.ch\/wp-content\/uploads\/2025\/12\/Hoooked-Planthanger-Bali-Dark-Green-Macrame-Kit-Overview.jpg\" \/>\n\t<meta property=\"og:image:width\" content=\"1000\" \/>\n\t<meta property=\"og:image:height\" content=\"1000\" \/>\n\t<meta property=\"og:image:type\" content=\"image\/jpeg\" \/>\n<meta name=\"twitter:card\" content=\"summary_large_image\" \/>\n<meta name=\"twitter:label1\" content=\"Gesch\u00e4tzte Lesezeit\" \/>\n\t<meta name=\"twitter:data1\" content=\"1\u00a0Minute\" \/>\n<script type=\"application\/ld+json\" class=\"yoast-schema-graph\">{\"@context\":\"https:\\\/\\\/schema.org\",\"@graph\":[{\"@type\":[\"WebPage\",\"ItemPage\"],\"@id\":\"https:\\\/\\\/www.swisscrochet.ch\\\/de\\\/produkt\\\/hoooked-pflanzenhaenger-bali-dunkelgruen-makramee-kit\\\/\",\"url\":\"https:\\\/\\\/www.swisscrochet.ch\\\/de\\\/produkt\\\/hoooked-pflanzenhaenger-bali-dunkelgruen-makramee-kit\\\/\",\"name\":\"Hoooked \u2013 Pflanzenh\u00e4nger Bali \u2013 Dunkelgr\u00fcn \u2013 Makram\u00e9e-Kit &#171; Swiss Crochet\",\"isPartOf\":{\"@id\":\"https:\\\/\\\/www.swisscrochet.ch\\\/#website\"},\"primaryImageOfPage\":{\"@id\":\"https:\\\/\\\/www.swisscrochet.ch\\\/de\\\/produkt\\\/hoooked-pflanzenhaenger-bali-dunkelgruen-makramee-kit\\\/#primaryimage\"},\"image\":{\"@id\":\"https:\\\/\\\/www.swisscrochet.ch\\\/de\\\/produkt\\\/hoooked-pflanzenhaenger-bali-dunkelgruen-makramee-kit\\\/#primaryimage\"},\"thumbnailUrl\":\"https:\\\/\\\/www.swisscrochet.ch\\\/wp-content\\\/uploads\\\/2025\\\/12\\\/Hoooked-Planthanger-Bali-Dark-Green-Macrame-Kit-Overview.jpg\",\"datePublished\":\"2025-12-19T13:51:38+00:00\",\"dateModified\":\"2025-12-19T19:02:55+00:00\",\"description\":\"Gestalte einen Indoor-Garten im Inselstil mit dem Hoooked Bali Planthanger Makram\u00e9e-Kit. Enth\u00e4lt Holzringe und Anleitungen f\u00fcr zwei verschiedene Designs.\",\"breadcrumb\":{\"@id\":\"https:\\\/\\\/www.swisscrochet.ch\\\/de\\\/produkt\\\/hoooked-pflanzenhaenger-bali-dunkelgruen-makramee-kit\\\/#breadcrumb\"},\"inLanguage\":\"de\",\"potentialAction\":[{\"@type\":\"ReadAction\",\"target\":[\"https:\\\/\\\/www.swisscrochet.ch\\\/de\\\/produkt\\\/hoooked-pflanzenhaenger-bali-dunkelgruen-makramee-kit\\\/\"]}]},{\"@type\":\"ImageObject\",\"inLanguage\":\"de\",\"@id\":\"https:\\\/\\\/www.swisscrochet.ch\\\/de\\\/produkt\\\/hoooked-pflanzenhaenger-bali-dunkelgruen-makramee-kit\\\/#primaryimage\",\"url\":\"https:\\\/\\\/www.swisscrochet.ch\\\/wp-content\\\/uploads\\\/2025\\\/12\\\/Hoooked-Planthanger-Bali-Dark-Green-Macrame-Kit-Overview.jpg\",\"contentUrl\":\"https:\\\/\\\/www.swisscrochet.ch\\\/wp-content\\\/uploads\\\/2025\\\/12\\\/Hoooked-Planthanger-Bali-Dark-Green-Macrame-Kit-Overview.jpg\",\"width\":1000,\"height\":1000},{\"@type\":\"BreadcrumbList\",\"@id\":\"https:\\\/\\\/www.swisscrochet.ch\\\/de\\\/produkt\\\/hoooked-pflanzenhaenger-bali-dunkelgruen-makramee-kit\\\/#breadcrumb\",\"itemListElement\":[{\"@type\":\"ListItem\",\"position\":1,\"name\":\"Home\",\"item\":\"https:\\\/\\\/www.swisscrochet.ch\\\/de\\\/\"},{\"@type\":\"ListItem\",\"position\":2,\"name\":\"Shop\",\"item\":\"https:\\\/\\\/www.swisscrochet.ch\\\/de\\\/shop\\\/\"},{\"@type\":\"ListItem\",\"position\":3,\"name\":\"Hoooked \u2013 Pflanzenh\u00e4nger Bali \u2013 Dunkelgr\u00fcn \u2013 Makram\u00e9e-Kit\"}]},{\"@type\":\"WebSite\",\"@id\":\"https:\\\/\\\/www.swisscrochet.ch\\\/#website\",\"url\":\"https:\\\/\\\/www.swisscrochet.ch\\\/\",\"name\":\"Swiss Crochet\",\"description\":\"Entfalte dein kreatives Potenzial\",\"potentialAction\":[{\"@type\":\"SearchAction\",\"target\":{\"@type\":\"EntryPoint\",\"urlTemplate\":\"https:\\\/\\\/www.swisscrochet.ch\\\/?s={search_term_string}\"},\"query-input\":{\"@type\":\"PropertyValueSpecification\",\"valueRequired\":true,\"valueName\":\"search_term_string\"}}],\"inLanguage\":\"de\"}]}<\/script>\n<!-- \/ Yoast SEO plugin. -->","yoast_head_json":{"title":"Hoooked \u2013 Pflanzenh\u00e4nger Bali \u2013 Dunkelgr\u00fcn \u2013 Makram\u00e9e-Kit &#171; Swiss Crochet","description":"Gestalte einen Indoor-Garten im Inselstil mit dem Hoooked Bali Planthanger Makram\u00e9e-Kit. Enth\u00e4lt Holzringe und Anleitungen f\u00fcr zwei verschiedene Designs.","robots":{"index":"index","follow":"follow","max-snippet":"max-snippet:-1","max-image-preview":"max-image-preview:large","max-video-preview":"max-video-preview:-1"},"canonical":"https:\/\/www.swisscrochet.ch\/de\/produkt\/hoooked-pflanzenhaenger-bali-dunkelgruen-makramee-kit\/","og_locale":"de_DE","og_type":"article","og_title":"Hoooked \u2013 Pflanzenh\u00e4nger Bali \u2013 Dunkelgr\u00fcn \u2013 Makram\u00e9e-Kit &#171; Swiss Crochet","og_description":"Gestalte einen Indoor-Garten im Inselstil mit dem Hoooked Bali Planthanger Makram\u00e9e-Kit. Enth\u00e4lt Holzringe und Anleitungen f\u00fcr zwei verschiedene Designs.","og_url":"https:\/\/www.swisscrochet.ch\/de\/produkt\/hoooked-pflanzenhaenger-bali-dunkelgruen-makramee-kit\/","og_site_name":"Swiss Crochet","article_modified_time":"2025-12-19T19:02:55+00:00","og_image":[{"width":1000,"height":1000,"url":"https:\/\/www.swisscrochet.ch\/wp-content\/uploads\/2025\/12\/Hoooked-Planthanger-Bali-Dark-Green-Macrame-Kit-Overview.jpg","type":"image\/jpeg"}],"twitter_card":"summary_large_image","twitter_misc":{"Gesch\u00e4tzte Lesezeit":"1\u00a0Minute"},"schema":{"@context":"https:\/\/schema.org","@graph":[{"@type":["WebPage","ItemPage"],"@id":"https:\/\/www.swisscrochet.ch\/de\/produkt\/hoooked-pflanzenhaenger-bali-dunkelgruen-makramee-kit\/","url":"https:\/\/www.swisscrochet.ch\/de\/produkt\/hoooked-pflanzenhaenger-bali-dunkelgruen-makramee-kit\/","name":"Hoooked \u2013 Pflanzenh\u00e4nger Bali \u2013 Dunkelgr\u00fcn \u2013 Makram\u00e9e-Kit &#171; Swiss Crochet","isPartOf":{"@id":"https:\/\/www.swisscrochet.ch\/#website"},"primaryImageOfPage":{"@id":"https:\/\/www.swisscrochet.ch\/de\/produkt\/hoooked-pflanzenhaenger-bali-dunkelgruen-makramee-kit\/#primaryimage"},"image":{"@id":"https:\/\/www.swisscrochet.ch\/de\/produkt\/hoooked-pflanzenhaenger-bali-dunkelgruen-makramee-kit\/#primaryimage"},"thumbnailUrl":"https:\/\/www.swisscrochet.ch\/wp-content\/uploads\/2025\/12\/Hoooked-Planthanger-Bali-Dark-Green-Macrame-Kit-Overview.jpg","datePublished":"2025-12-19T13:51:38+00:00","dateModified":"2025-12-19T19:02:55+00:00","description":"Gestalte einen Indoor-Garten im Inselstil mit dem Hoooked Bali Planthanger Makram\u00e9e-Kit. Enth\u00e4lt Holzringe und Anleitungen f\u00fcr zwei verschiedene Designs.","breadcrumb":{"@id":"https:\/\/www.swisscrochet.ch\/de\/produkt\/hoooked-pflanzenhaenger-bali-dunkelgruen-makramee-kit\/#breadcrumb"},"inLanguage":"de","potentialAction":[{"@type":"ReadAction","target":["https:\/\/www.swisscrochet.ch\/de\/produkt\/hoooked-pflanzenhaenger-bali-dunkelgruen-makramee-kit\/"]}]},{"@type":"ImageObject","inLanguage":"de","@id":"https:\/\/www.swisscrochet.ch\/de\/produkt\/hoooked-pflanzenhaenger-bali-dunkelgruen-makramee-kit\/#primaryimage","url":"https:\/\/www.swisscrochet.ch\/wp-content\/uploads\/2025\/12\/Hoooked-Planthanger-Bali-Dark-Green-Macrame-Kit-Overview.jpg","contentUrl":"https:\/\/www.swisscrochet.ch\/wp-content\/uploads\/2025\/12\/Hoooked-Planthanger-Bali-Dark-Green-Macrame-Kit-Overview.jpg","width":1000,"height":1000},{"@type":"BreadcrumbList","@id":"https:\/\/www.swisscrochet.ch\/de\/produkt\/hoooked-pflanzenhaenger-bali-dunkelgruen-makramee-kit\/#breadcrumb","itemListElement":[{"@type":"ListItem","position":1,"name":"Home","item":"https:\/\/www.swisscrochet.ch\/de\/"},{"@type":"ListItem","position":2,"name":"Shop","item":"https:\/\/www.swisscrochet.ch\/de\/shop\/"},{"@type":"ListItem","position":3,"name":"Hoooked \u2013 Pflanzenh\u00e4nger Bali \u2013 Dunkelgr\u00fcn \u2013 Makram\u00e9e-Kit"}]},{"@type":"WebSite","@id":"https:\/\/www.swisscrochet.ch\/#website","url":"https:\/\/www.swisscrochet.ch\/","name":"Swiss Crochet","description":"Entfalte dein kreatives Potenzial","potentialAction":[{"@type":"SearchAction","target":{"@type":"EntryPoint","urlTemplate":"https:\/\/www.swisscrochet.ch\/?s={search_term_string}"},"query-input":{"@type":"PropertyValueSpecification","valueRequired":true,"valueName":"search_term_string"}}],"inLanguage":"de"}]}},"_links":{"self":[{"href":"https:\/\/www.swisscrochet.ch\/de\/wp-json\/wp\/v2\/product\/17403","targetHints":{"allow":["GET"]}}],"collection":[{"href":"https:\/\/www.swisscrochet.ch\/de\/wp-json\/wp\/v2\/product"}],"about":[{"href":"https:\/\/www.swisscrochet.ch\/de\/wp-json\/wp\/v2\/types\/product"}],"wp:featuredmedia":[{"embeddable":true,"href":"https:\/\/www.swisscrochet.ch\/de\/wp-json\/wp\/v2\/media\/17042"}],"wp:attachment":[{"href":"https:\/\/www.swisscrochet.ch\/de\/wp-json\/wp\/v2\/media?parent=17403"}],"wp:term":[{"taxonomy":"product_brand","embeddable":true,"href":"https:\/\/www.swisscrochet.ch\/de\/wp-json\/wp\/v2\/product_brand?post=17403"},{"taxonomy":"product_cat","embeddable":true,"href":"https:\/\/www.swisscrochet.ch\/de\/wp-json\/wp\/v2\/product_cat?post=17403"},{"taxonomy":"product_tag","embeddable":true,"href":"https:\/\/www.swisscrochet.ch\/de\/wp-json\/wp\/v2\/product_tag?post=17403"}],"curies":[{"name":"wp","href":"https:\/\/api.w.org\/{rel}","templated":true}]}}