{"id":17714,"date":"2025-12-28T18:22:32","date_gmt":"2025-12-28T17:22:32","guid":{"rendered":"https:\/\/www.swisscrochet.ch\/product\/sleeping-bear-yarn-kit\/"},"modified":"2025-12-29T11:21:18","modified_gmt":"2025-12-29T10:21:18","slug":"schlafender-baer-garnkit","status":"publish","type":"product","link":"https:\/\/www.swisscrochet.ch\/de\/produkt\/schlafender-baer-garnkit\/","title":{"rendered":"Schlafender B\u00e4r \u2013 Garnkit"},"content":{"rendered":"","protected":false},"excerpt":{"rendered":"<p>Lass dein Herz schmelzen mit diesem s\u00fcssen schlafenden B\u00e4ren, geh\u00e4kelt aus dem ultraweichen Little Darling Garn. Ein perfektes Projekt f\u00fcr alle, die kuschelige H\u00e4kelst\u00fccke mit einer sanften, fast magischen Ausstrahlung lieben.<\/p>\n<p><strong>Das Kit enth\u00e4lt:<\/strong><\/p>\n<ul>\n<li>eine digitale Kopie der Anleitung <a href=\"https:\/\/www.ravelry.com\/patterns\/library\/sleeping-bear-7\" target=\"_blank\" rel=\"noopener\">Sleeping Bear von Banga Vaicekauskien\u0117<\/a> (verf\u00fcgbar in Englisch und Niederl\u00e4ndisch)<\/li>\n<li>5 Kn\u00e4uel Little Darling<\/li>\n<\/ul>\n<p><strong>Optionale Extras:<\/strong><\/p>\n<ul>\n<li>3.00\u00a0mm H\u00e4kelnadel<\/li>\n<li>recycelte Baumwollf\u00fcllung<\/li>\n<li>Maschenmarkierer<\/li>\n<\/ul>\n<p>Alles kommt in einem praktischen Bundle zusammen \u2014 w\u00e4hle einfach deine Extras, lade die Anleitung herunter und beginne mit dem H\u00e4keln deines eigenen, bezaubernden schlafenden B\u00e4ren.<\/p>\n","protected":false},"featured_media":17669,"template":"","meta":[],"product_brand":[],"product_cat":[1660,332],"product_tag":[2091],"class_list":{"0":"post-17714","1":"product","2":"type-product","3":"status-publish","4":"has-post-thumbnail","6":"product_cat-garnkits-amigurumi","7":"product_cat-garnkits","8":"product_tag-little-darling","9":"description-off","11":"first","12":"instock","13":"virtual","14":"taxable","15":"purchasable","16":"product-type-bundle"},"bundled_by":[],"bundle_stock_status":"instock","bundle_stock_quantity":12,"bundle_virtual":false,"bundle_layout":"default","bundle_add_to_cart_form_location":"default","bundle_editable_in_cart":false,"bundle_sold_individually_context":"product","bundle_item_grouping":"parent","bundle_min_size":"","bundle_max_size":"","bundle_price":{"price":{"min":{"incl_tax":"23.5","excl_tax":"21.75"},"max":{"incl_tax":"41.6","excl_tax":"38.5"}},"regular_price":{"min":{"incl_tax":"23.5","excl_tax":"21.75"},"max":{"incl_tax":"41.6","excl_tax":"38.5"}}},"bundled_items":[{"bundled_item_id":823,"product_id":15258,"menu_order":0,"quantity_min":1,"quantity_max":1,"quantity_default":1,"priced_individually":true,"shipped_individually":false,"override_title":false,"title":"Scheepjes &#8211; Little Darling","override_description":false,"description":"Scheepjes &#8211; Little Darling","optional":false,"hide_thumbnail":false,"discount":"","override_variations":true,"allowed_variations":[15262],"override_default_variation_attributes":true,"default_variation_attributes":[{"id":0,"name":"Color","option":"404 Teddy Bear"}],"single_product_visibility":"hidden","cart_visibility":"visible","order_visibility":"visible","single_product_price_visibility":"visible","cart_price_visibility":"visible","order_price_visibility":"visible","stock_status":"in_stock"},{"bundled_item_id":824,"product_id":15258,"menu_order":1,"quantity_min":1,"quantity_max":1,"quantity_default":1,"priced_individually":true,"shipped_individually":false,"override_title":false,"title":"Scheepjes &#8211; Little Darling","override_description":false,"description":"Scheepjes &#8211; Little Darling","optional":false,"hide_thumbnail":false,"discount":"","override_variations":true,"allowed_variations":[15269],"override_default_variation_attributes":true,"default_variation_attributes":[{"id":0,"name":"Color","option":"411 Capybara"}],"single_product_visibility":"hidden","cart_visibility":"visible","order_visibility":"visible","single_product_price_visibility":"visible","cart_price_visibility":"visible","order_price_visibility":"visible","stock_status":"in_stock"},{"bundled_item_id":825,"product_id":15258,"menu_order":2,"quantity_min":1,"quantity_max":1,"quantity_default":1,"priced_individually":true,"shipped_individually":false,"override_title":false,"title":"Scheepjes &#8211; Little Darling","override_description":false,"description":"Scheepjes &#8211; Little Darling","optional":false,"hide_thumbnail":false,"discount":"","override_variations":true,"allowed_variations":[15273],"override_default_variation_attributes":true,"default_variation_attributes":[{"id":0,"name":"Color","option":"415 Piglet"}],"single_product_visibility":"hidden","cart_visibility":"visible","order_visibility":"visible","single_product_price_visibility":"visible","cart_price_visibility":"visible","order_price_visibility":"visible","stock_status":"in_stock"},{"bundled_item_id":826,"product_id":15258,"menu_order":3,"quantity_min":1,"quantity_max":1,"quantity_default":1,"priced_individually":true,"shipped_individually":false,"override_title":false,"title":"Scheepjes &#8211; Little Darling","override_description":false,"description":"Scheepjes &#8211; Little Darling","optional":false,"hide_thumbnail":false,"discount":"","override_variations":true,"allowed_variations":[15288],"override_default_variation_attributes":true,"default_variation_attributes":[{"id":0,"name":"Color","option":"430 Jellyfish"}],"single_product_visibility":"hidden","cart_visibility":"visible","order_visibility":"visible","single_product_price_visibility":"visible","cart_price_visibility":"visible","order_price_visibility":"visible","stock_status":"in_stock"},{"bundled_item_id":827,"product_id":15258,"menu_order":4,"quantity_min":1,"quantity_max":1,"quantity_default":1,"priced_individually":true,"shipped_individually":false,"override_title":false,"title":"Scheepjes &#8211; Little Darling","override_description":false,"description":"Scheepjes &#8211; Little Darling","optional":false,"hide_thumbnail":false,"discount":"","override_variations":false,"allowed_variations":[""],"override_default_variation_attributes":true,"default_variation_attributes":[{"id":0,"name":"Color","option":"413 Bigfoot"}],"single_product_visibility":"hidden","cart_visibility":"visible","order_visibility":"visible","single_product_price_visibility":"visible","cart_price_visibility":"visible","order_price_visibility":"visible","stock_status":"in_stock"},{"bundled_item_id":828,"product_id":3605,"menu_order":5,"quantity_min":1,"quantity_max":1,"quantity_default":1,"priced_individually":true,"shipped_individually":false,"override_title":false,"title":"Addi &#8211; H\u00e4kelnadel ohne Griff","override_description":true,"description":"","optional":true,"hide_thumbnail":false,"discount":"","override_variations":true,"allowed_variations":[3608],"override_default_variation_attributes":true,"default_variation_attributes":[{"id":0,"name":"Size","option":"3.00 mm"}],"single_product_visibility":"visible","cart_visibility":"visible","order_visibility":"visible","single_product_price_visibility":"visible","cart_price_visibility":"visible","order_price_visibility":"visible","stock_status":"in_stock"},{"bundled_item_id":829,"product_id":7297,"menu_order":6,"quantity_min":2,"quantity_max":2,"quantity_default":2,"priced_individually":true,"shipped_individually":false,"override_title":false,"title":"Hoooked &#8211; F\u00fcllwatte aus recycelter Baumwolle","override_description":true,"description":"","optional":true,"hide_thumbnail":false,"discount":"","override_variations":false,"allowed_variations":[""],"override_default_variation_attributes":false,"default_variation_attributes":[],"single_product_visibility":"visible","cart_visibility":"visible","order_visibility":"visible","single_product_price_visibility":"visible","cart_price_visibility":"visible","order_price_visibility":"visible","stock_status":"in_stock"},{"bundled_item_id":830,"product_id":5064,"menu_order":7,"quantity_min":1,"quantity_max":1,"quantity_default":1,"priced_individually":true,"shipped_individually":false,"override_title":false,"title":"Tulip &#8211; Maschenmarkierer-Set &#8211; Herz","override_description":true,"description":"","optional":true,"hide_thumbnail":false,"discount":"","override_variations":false,"allowed_variations":[""],"override_default_variation_attributes":false,"default_variation_attributes":[],"single_product_visibility":"visible","cart_visibility":"visible","order_visibility":"visible","single_product_price_visibility":"visible","cart_price_visibility":"visible","order_price_visibility":"visible","stock_status":"in_stock"}],"bundle_sell_ids":[],"yoast_head":"<!-- This site is optimized with the Yoast SEO plugin v27.4 - https:\/\/yoast.com\/product\/yoast-seo-wordpress\/ -->\n<title>Schlafender B\u00e4r \u2013 Garnkit &#171; Swiss Crochet<\/title>\n<meta name=\"description\" content=\"H\u00e4kle einen s\u00fcssen schlafenden B\u00e4ren mit diesem Amigurumi-Kit aus ultraweichem Little Darling Garn. Enth\u00e4lt eine digitale Anleitung sowie optionale Werkzeuge f\u00fcr ein kuscheliges handgemachtes Spielzeug.\" \/>\n<meta name=\"robots\" content=\"index, follow, max-snippet:-1, max-image-preview:large, max-video-preview:-1\" \/>\n<link rel=\"canonical\" href=\"https:\/\/www.swisscrochet.ch\/produkt\/sleeping-bear-yarn-kit\/\" \/>\n<meta property=\"og:locale\" content=\"de_DE\" \/>\n<meta property=\"og:type\" content=\"article\" \/>\n<meta property=\"og:title\" content=\"Schlafender B\u00e4r \u2013 Garnkit &#171; Swiss Crochet\" \/>\n<meta property=\"og:description\" content=\"H\u00e4kle einen s\u00fcssen schlafenden B\u00e4ren mit diesem Amigurumi-Kit aus ultraweichem Little Darling Garn. Enth\u00e4lt eine digitale Anleitung sowie optionale Werkzeuge f\u00fcr ein kuscheliges handgemachtes Spielzeug.\" \/>\n<meta property=\"og:url\" content=\"https:\/\/www.swisscrochet.ch\/produkt\/sleeping-bear-yarn-kit\/\" \/>\n<meta property=\"og:site_name\" content=\"Swiss Crochet\" \/>\n<meta property=\"article:modified_time\" content=\"2025-12-29T10:21:18+00:00\" \/>\n<meta property=\"og:image\" content=\"https:\/\/www.swisscrochet.ch\/wp-content\/uploads\/2025\/12\/Sleeping-Bear-1.webp\" \/>\n\t<meta property=\"og:image:width\" content=\"440\" \/>\n\t<meta property=\"og:image:height\" content=\"550\" \/>\n\t<meta property=\"og:image:type\" content=\"image\/webp\" \/>\n<meta name=\"twitter:card\" content=\"summary_large_image\" \/>\n<meta name=\"twitter:label1\" content=\"Gesch\u00e4tzte Lesezeit\" \/>\n\t<meta name=\"twitter:data1\" content=\"1\u00a0Minute\" \/>\n<script type=\"application\/ld+json\" class=\"yoast-schema-graph\">{\"@context\":\"https:\\\/\\\/schema.org\",\"@graph\":[{\"@type\":[\"WebPage\",\"ItemPage\"],\"@id\":\"https:\\\/\\\/www.swisscrochet.ch\\\/produkt\\\/sleeping-bear-yarn-kit\\\/\",\"url\":\"https:\\\/\\\/www.swisscrochet.ch\\\/produkt\\\/sleeping-bear-yarn-kit\\\/\",\"name\":\"Schlafender B\u00e4r \u2013 Garnkit &#171; Swiss Crochet\",\"isPartOf\":{\"@id\":\"https:\\\/\\\/www.swisscrochet.ch\\\/#website\"},\"primaryImageOfPage\":{\"@id\":\"https:\\\/\\\/www.swisscrochet.ch\\\/produkt\\\/sleeping-bear-yarn-kit\\\/#primaryimage\"},\"image\":{\"@id\":\"https:\\\/\\\/www.swisscrochet.ch\\\/produkt\\\/sleeping-bear-yarn-kit\\\/#primaryimage\"},\"thumbnailUrl\":\"https:\\\/\\\/www.swisscrochet.ch\\\/wp-content\\\/uploads\\\/2025\\\/12\\\/Sleeping-Bear-1.webp\",\"datePublished\":\"2025-12-28T17:22:32+00:00\",\"dateModified\":\"2025-12-29T10:21:18+00:00\",\"description\":\"H\u00e4kle einen s\u00fcssen schlafenden B\u00e4ren mit diesem Amigurumi-Kit aus ultraweichem Little Darling Garn. Enth\u00e4lt eine digitale Anleitung sowie optionale Werkzeuge f\u00fcr ein kuscheliges handgemachtes Spielzeug.\",\"breadcrumb\":{\"@id\":\"https:\\\/\\\/www.swisscrochet.ch\\\/produkt\\\/sleeping-bear-yarn-kit\\\/#breadcrumb\"},\"inLanguage\":\"de\",\"potentialAction\":[{\"@type\":\"ReadAction\",\"target\":[\"https:\\\/\\\/www.swisscrochet.ch\\\/produkt\\\/sleeping-bear-yarn-kit\\\/\"]}]},{\"@type\":\"ImageObject\",\"inLanguage\":\"de\",\"@id\":\"https:\\\/\\\/www.swisscrochet.ch\\\/produkt\\\/sleeping-bear-yarn-kit\\\/#primaryimage\",\"url\":\"https:\\\/\\\/www.swisscrochet.ch\\\/wp-content\\\/uploads\\\/2025\\\/12\\\/Sleeping-Bear-1.webp\",\"contentUrl\":\"https:\\\/\\\/www.swisscrochet.ch\\\/wp-content\\\/uploads\\\/2025\\\/12\\\/Sleeping-Bear-1.webp\",\"width\":440,\"height\":550},{\"@type\":\"BreadcrumbList\",\"@id\":\"https:\\\/\\\/www.swisscrochet.ch\\\/produkt\\\/sleeping-bear-yarn-kit\\\/#breadcrumb\",\"itemListElement\":[{\"@type\":\"ListItem\",\"position\":1,\"name\":\"Home\",\"item\":\"https:\\\/\\\/www.swisscrochet.ch\\\/de\\\/\"},{\"@type\":\"ListItem\",\"position\":2,\"name\":\"Shop\",\"item\":\"https:\\\/\\\/www.swisscrochet.ch\\\/de\\\/shop\\\/\"},{\"@type\":\"ListItem\",\"position\":3,\"name\":\"Schlafender B\u00e4r \u2013 Garnkit\"}]},{\"@type\":\"WebSite\",\"@id\":\"https:\\\/\\\/www.swisscrochet.ch\\\/#website\",\"url\":\"https:\\\/\\\/www.swisscrochet.ch\\\/\",\"name\":\"Swiss Crochet\",\"description\":\"Entfalte dein kreatives Potenzial\",\"potentialAction\":[{\"@type\":\"SearchAction\",\"target\":{\"@type\":\"EntryPoint\",\"urlTemplate\":\"https:\\\/\\\/www.swisscrochet.ch\\\/?s={search_term_string}\"},\"query-input\":{\"@type\":\"PropertyValueSpecification\",\"valueRequired\":true,\"valueName\":\"search_term_string\"}}],\"inLanguage\":\"de\"}]}<\/script>\n<!-- \/ Yoast SEO plugin. -->","yoast_head_json":{"title":"Schlafender B\u00e4r \u2013 Garnkit &#171; Swiss Crochet","description":"H\u00e4kle einen s\u00fcssen schlafenden B\u00e4ren mit diesem Amigurumi-Kit aus ultraweichem Little Darling Garn. Enth\u00e4lt eine digitale Anleitung sowie optionale Werkzeuge f\u00fcr ein kuscheliges handgemachtes Spielzeug.","robots":{"index":"index","follow":"follow","max-snippet":"max-snippet:-1","max-image-preview":"max-image-preview:large","max-video-preview":"max-video-preview:-1"},"canonical":"https:\/\/www.swisscrochet.ch\/produkt\/sleeping-bear-yarn-kit\/","og_locale":"de_DE","og_type":"article","og_title":"Schlafender B\u00e4r \u2013 Garnkit &#171; Swiss Crochet","og_description":"H\u00e4kle einen s\u00fcssen schlafenden B\u00e4ren mit diesem Amigurumi-Kit aus ultraweichem Little Darling Garn. Enth\u00e4lt eine digitale Anleitung sowie optionale Werkzeuge f\u00fcr ein kuscheliges handgemachtes Spielzeug.","og_url":"https:\/\/www.swisscrochet.ch\/produkt\/sleeping-bear-yarn-kit\/","og_site_name":"Swiss Crochet","article_modified_time":"2025-12-29T10:21:18+00:00","og_image":[{"width":440,"height":550,"url":"https:\/\/www.swisscrochet.ch\/wp-content\/uploads\/2025\/12\/Sleeping-Bear-1.webp","type":"image\/webp"}],"twitter_card":"summary_large_image","twitter_misc":{"Gesch\u00e4tzte Lesezeit":"1\u00a0Minute"},"schema":{"@context":"https:\/\/schema.org","@graph":[{"@type":["WebPage","ItemPage"],"@id":"https:\/\/www.swisscrochet.ch\/produkt\/sleeping-bear-yarn-kit\/","url":"https:\/\/www.swisscrochet.ch\/produkt\/sleeping-bear-yarn-kit\/","name":"Schlafender B\u00e4r \u2013 Garnkit &#171; Swiss Crochet","isPartOf":{"@id":"https:\/\/www.swisscrochet.ch\/#website"},"primaryImageOfPage":{"@id":"https:\/\/www.swisscrochet.ch\/produkt\/sleeping-bear-yarn-kit\/#primaryimage"},"image":{"@id":"https:\/\/www.swisscrochet.ch\/produkt\/sleeping-bear-yarn-kit\/#primaryimage"},"thumbnailUrl":"https:\/\/www.swisscrochet.ch\/wp-content\/uploads\/2025\/12\/Sleeping-Bear-1.webp","datePublished":"2025-12-28T17:22:32+00:00","dateModified":"2025-12-29T10:21:18+00:00","description":"H\u00e4kle einen s\u00fcssen schlafenden B\u00e4ren mit diesem Amigurumi-Kit aus ultraweichem Little Darling Garn. Enth\u00e4lt eine digitale Anleitung sowie optionale Werkzeuge f\u00fcr ein kuscheliges handgemachtes Spielzeug.","breadcrumb":{"@id":"https:\/\/www.swisscrochet.ch\/produkt\/sleeping-bear-yarn-kit\/#breadcrumb"},"inLanguage":"de","potentialAction":[{"@type":"ReadAction","target":["https:\/\/www.swisscrochet.ch\/produkt\/sleeping-bear-yarn-kit\/"]}]},{"@type":"ImageObject","inLanguage":"de","@id":"https:\/\/www.swisscrochet.ch\/produkt\/sleeping-bear-yarn-kit\/#primaryimage","url":"https:\/\/www.swisscrochet.ch\/wp-content\/uploads\/2025\/12\/Sleeping-Bear-1.webp","contentUrl":"https:\/\/www.swisscrochet.ch\/wp-content\/uploads\/2025\/12\/Sleeping-Bear-1.webp","width":440,"height":550},{"@type":"BreadcrumbList","@id":"https:\/\/www.swisscrochet.ch\/produkt\/sleeping-bear-yarn-kit\/#breadcrumb","itemListElement":[{"@type":"ListItem","position":1,"name":"Home","item":"https:\/\/www.swisscrochet.ch\/de\/"},{"@type":"ListItem","position":2,"name":"Shop","item":"https:\/\/www.swisscrochet.ch\/de\/shop\/"},{"@type":"ListItem","position":3,"name":"Schlafender B\u00e4r \u2013 Garnkit"}]},{"@type":"WebSite","@id":"https:\/\/www.swisscrochet.ch\/#website","url":"https:\/\/www.swisscrochet.ch\/","name":"Swiss Crochet","description":"Entfalte dein kreatives Potenzial","potentialAction":[{"@type":"SearchAction","target":{"@type":"EntryPoint","urlTemplate":"https:\/\/www.swisscrochet.ch\/?s={search_term_string}"},"query-input":{"@type":"PropertyValueSpecification","valueRequired":true,"valueName":"search_term_string"}}],"inLanguage":"de"}]}},"_links":{"self":[{"href":"https:\/\/www.swisscrochet.ch\/de\/wp-json\/wp\/v2\/product\/17714","targetHints":{"allow":["GET"]}}],"collection":[{"href":"https:\/\/www.swisscrochet.ch\/de\/wp-json\/wp\/v2\/product"}],"about":[{"href":"https:\/\/www.swisscrochet.ch\/de\/wp-json\/wp\/v2\/types\/product"}],"wp:featuredmedia":[{"embeddable":true,"href":"https:\/\/www.swisscrochet.ch\/de\/wp-json\/wp\/v2\/media\/17669"}],"wp:attachment":[{"href":"https:\/\/www.swisscrochet.ch\/de\/wp-json\/wp\/v2\/media?parent=17714"}],"wp:term":[{"taxonomy":"product_brand","embeddable":true,"href":"https:\/\/www.swisscrochet.ch\/de\/wp-json\/wp\/v2\/product_brand?post=17714"},{"taxonomy":"product_cat","embeddable":true,"href":"https:\/\/www.swisscrochet.ch\/de\/wp-json\/wp\/v2\/product_cat?post=17714"},{"taxonomy":"product_tag","embeddable":true,"href":"https:\/\/www.swisscrochet.ch\/de\/wp-json\/wp\/v2\/product_tag?post=17714"}],"curies":[{"name":"wp","href":"https:\/\/api.w.org\/{rel}","templated":true}]}}