{"id":17721,"date":"2025-12-28T19:27:33","date_gmt":"2025-12-28T18:27:33","guid":{"rendered":"https:\/\/www.swisscrochet.ch\/product\/chroma-canal-houses-cushion-yarn-kit\/"},"modified":"2025-12-29T11:33:01","modified_gmt":"2025-12-29T10:33:01","slug":"chroma-canal-houses-kissen-garnkit","status":"publish","type":"product","link":"https:\/\/www.swisscrochet.ch\/de\/produkt\/chroma-canal-houses-kissen-garnkit\/","title":{"rendered":"Chroma Canal Houses Kissen \u2013 Garnkit"},"content":{"rendered":"","protected":false},"excerpt":{"rendered":"<p>Verwandle Esme Cricks beliebtes Canal Houses Kissen-Design in ein farbenfrohes Statement-St\u00fcck mit Scheepjes Catona Chroma! Wir haben dieses ikonische Design neu interpretiert, um die beeindruckende Wirkung der Kombination aus Mosaikh\u00e4keln und der mehrfarbigen Variante von Catona zu zeigen \u2013 einem 100% merzerisierten Baumwollgarn.<\/p>\n<p>Die melierten Farbt\u00f6ne f\u00fcr die archetypischen niederl\u00e4ndischen H\u00e4user sind Grassland 015 und Sunrise 016. Mit inzwischen 20 satten Farbvarianten in der Catona Chroma Kollektion haben sich die kreativen M\u00f6glichkeiten f\u00fcr deine Kissen noch weiter erweitert.<\/p>\n<p><strong>Das Kit enth\u00e4lt:<\/strong><\/p>\n<ul>\n<li>eine digitale Kopie der Anleitung <a href=\"https:\/\/www.ravelry.com\/patterns\/library\/chroma-canal-houses-cushion\" target=\"_blank\" rel=\"noopener\">Chroma Canal Houses Cushion von Esme Crick<\/a> (verf\u00fcgbar auf Englisch, Deutsch, Franz\u00f6sisch, Niederl\u00e4ndisch)<\/li>\n<li>5 Kn\u00e4uel Catona 50 g in der Farbe 248 Champagne<\/li>\n<li>2 Kn\u00e4uel Catona Chroma in der Farbe deiner Wahl<\/li>\n<\/ul>\n<p><strong>Optionale Extras:<\/strong><\/p>\n<ul>\n<li>3.50mm H\u00e4kelnadel<\/li>\n<li>Maschenmarkierer<\/li>\n<\/ul>\n<p>Alles kommt in einem praktischen Set zusammen \u2014 w\u00e4hle einfach deine Extras, lade die Anleitung herunter und beginne mit dem H\u00e4keln deines eigenen farbenfrohen Kissens.<\/p>\n","protected":false},"featured_media":17686,"template":"","meta":[],"product_brand":[],"product_cat":[1673,332],"product_tag":[2118],"class_list":{"0":"post-17721","1":"product","2":"type-product","3":"status-publish","4":"has-post-thumbnail","6":"product_cat-garnkits-decken-wohn-deko-sonstiges","7":"product_cat-garnkits","8":"product_tag-catona","9":"description-off","11":"first","12":"instock","13":"virtual","14":"taxable","15":"purchasable","16":"product-type-bundle"},"bundled_by":[],"bundle_stock_status":"instock","bundle_stock_quantity":3,"bundle_virtual":false,"bundle_layout":"default","bundle_add_to_cart_form_location":"default","bundle_editable_in_cart":false,"bundle_sold_individually_context":"product","bundle_item_grouping":"parent","bundle_min_size":"","bundle_max_size":"","bundle_price":{"price":{"min":{"incl_tax":"27.1","excl_tax":"25.07"},"max":{"incl_tax":"35.4","excl_tax":"32.75"}},"regular_price":{"min":{"incl_tax":"27.1","excl_tax":"25.07"},"max":{"incl_tax":"35.4","excl_tax":"32.75"}}},"bundled_items":[{"bundled_item_id":843,"product_id":3266,"menu_order":0,"quantity_min":5,"quantity_max":5,"quantity_default":5,"priced_individually":true,"shipped_individually":false,"override_title":false,"title":"Scheepjes &#8211; Catona &#8211; 50gr","override_description":false,"description":"Scheepjes &#8211; Catona &#8211; 50gr","optional":false,"hide_thumbnail":false,"discount":"","override_variations":true,"allowed_variations":[3302],"override_default_variation_attributes":true,"default_variation_attributes":[{"id":0,"name":"Color","option":"248 - Champagne"}],"single_product_visibility":"hidden","cart_visibility":"visible","order_visibility":"visible","single_product_price_visibility":"visible","cart_price_visibility":"visible","order_price_visibility":"visible","stock_status":"in_stock"},{"bundled_item_id":844,"product_id":13187,"menu_order":1,"quantity_min":2,"quantity_max":2,"quantity_default":2,"priced_individually":true,"shipped_individually":false,"override_title":false,"title":"Scheepjes &#8211; Catona Chroma","override_description":true,"description":"","optional":false,"hide_thumbnail":false,"discount":"","override_variations":false,"allowed_variations":[""],"override_default_variation_attributes":false,"default_variation_attributes":[],"single_product_visibility":"visible","cart_visibility":"visible","order_visibility":"visible","single_product_price_visibility":"visible","cart_price_visibility":"visible","order_price_visibility":"visible","stock_status":"in_stock"},{"bundled_item_id":845,"product_id":3605,"menu_order":2,"quantity_min":1,"quantity_max":1,"quantity_default":1,"priced_individually":true,"shipped_individually":false,"override_title":false,"title":"Addi &#8211; H\u00e4kelnadel ohne Griff","override_description":true,"description":"","optional":true,"hide_thumbnail":false,"discount":"","override_variations":true,"allowed_variations":[3609],"override_default_variation_attributes":true,"default_variation_attributes":[{"id":0,"name":"Size","option":"3.50 mm"}],"single_product_visibility":"visible","cart_visibility":"visible","order_visibility":"visible","single_product_price_visibility":"visible","cart_price_visibility":"visible","order_price_visibility":"visible","stock_status":"in_stock"},{"bundled_item_id":846,"product_id":5064,"menu_order":3,"quantity_min":1,"quantity_max":1,"quantity_default":1,"priced_individually":true,"shipped_individually":false,"override_title":false,"title":"Tulip &#8211; Maschenmarkierer-Set &#8211; Herz","override_description":true,"description":"","optional":true,"hide_thumbnail":false,"discount":"","override_variations":false,"allowed_variations":[""],"override_default_variation_attributes":false,"default_variation_attributes":[],"single_product_visibility":"visible","cart_visibility":"visible","order_visibility":"visible","single_product_price_visibility":"visible","cart_price_visibility":"visible","order_price_visibility":"visible","stock_status":"in_stock"}],"bundle_sell_ids":[],"yoast_head":"<!-- This site is optimized with the Yoast SEO plugin v27.4 - https:\/\/yoast.com\/product\/yoast-seo-wordpress\/ -->\n<title>Chroma Canal Houses Kissen \u2013 Garnkit &#171; Swiss Crochet<\/title>\n<meta name=\"description\" content=\"Erstelle ein lebendiges Mosaik-H\u00e4kelkissen mit dem Chroma Canal Houses Kit. Enth\u00e4lt Catona- und Catona-Chroma-Garn sowie eine digitale Anleitung von Esme Crick.\" \/>\n<meta name=\"robots\" content=\"index, follow, max-snippet:-1, max-image-preview:large, max-video-preview:-1\" \/>\n<link rel=\"canonical\" href=\"https:\/\/www.swisscrochet.ch\/de\/produkt\/chroma-canal-houses-kissen-garnkit\/\" \/>\n<meta property=\"og:locale\" content=\"de_DE\" \/>\n<meta property=\"og:type\" content=\"article\" \/>\n<meta property=\"og:title\" content=\"Chroma Canal Houses Kissen \u2013 Garnkit &#171; Swiss Crochet\" \/>\n<meta property=\"og:description\" content=\"Erstelle ein lebendiges Mosaik-H\u00e4kelkissen mit dem Chroma Canal Houses Kit. Enth\u00e4lt Catona- und Catona-Chroma-Garn sowie eine digitale Anleitung von Esme Crick.\" \/>\n<meta property=\"og:url\" content=\"https:\/\/www.swisscrochet.ch\/de\/produkt\/chroma-canal-houses-kissen-garnkit\/\" \/>\n<meta property=\"og:site_name\" content=\"Swiss Crochet\" \/>\n<meta property=\"article:modified_time\" content=\"2025-12-29T10:33:01+00:00\" \/>\n<meta property=\"og:image\" content=\"https:\/\/www.swisscrochet.ch\/wp-content\/uploads\/2025\/12\/Chroma-Canal-Houses-Cushion-1.webp\" \/>\n\t<meta property=\"og:image:width\" content=\"1100\" \/>\n\t<meta property=\"og:image:height\" content=\"1100\" \/>\n\t<meta property=\"og:image:type\" content=\"image\/webp\" \/>\n<meta name=\"twitter:card\" content=\"summary_large_image\" \/>\n<meta name=\"twitter:label1\" content=\"Gesch\u00e4tzte Lesezeit\" \/>\n\t<meta name=\"twitter:data1\" content=\"1\u00a0Minute\" \/>\n<script type=\"application\/ld+json\" class=\"yoast-schema-graph\">{\"@context\":\"https:\\\/\\\/schema.org\",\"@graph\":[{\"@type\":[\"WebPage\",\"ItemPage\"],\"@id\":\"https:\\\/\\\/www.swisscrochet.ch\\\/de\\\/produkt\\\/chroma-canal-houses-kissen-garnkit\\\/\",\"url\":\"https:\\\/\\\/www.swisscrochet.ch\\\/de\\\/produkt\\\/chroma-canal-houses-kissen-garnkit\\\/\",\"name\":\"Chroma Canal Houses Kissen \u2013 Garnkit &#171; Swiss Crochet\",\"isPartOf\":{\"@id\":\"https:\\\/\\\/www.swisscrochet.ch\\\/#website\"},\"primaryImageOfPage\":{\"@id\":\"https:\\\/\\\/www.swisscrochet.ch\\\/de\\\/produkt\\\/chroma-canal-houses-kissen-garnkit\\\/#primaryimage\"},\"image\":{\"@id\":\"https:\\\/\\\/www.swisscrochet.ch\\\/de\\\/produkt\\\/chroma-canal-houses-kissen-garnkit\\\/#primaryimage\"},\"thumbnailUrl\":\"https:\\\/\\\/www.swisscrochet.ch\\\/wp-content\\\/uploads\\\/2025\\\/12\\\/Chroma-Canal-Houses-Cushion-1.webp\",\"datePublished\":\"2025-12-28T18:27:33+00:00\",\"dateModified\":\"2025-12-29T10:33:01+00:00\",\"description\":\"Erstelle ein lebendiges Mosaik-H\u00e4kelkissen mit dem Chroma Canal Houses Kit. Enth\u00e4lt Catona- und Catona-Chroma-Garn sowie eine digitale Anleitung von Esme Crick.\",\"breadcrumb\":{\"@id\":\"https:\\\/\\\/www.swisscrochet.ch\\\/de\\\/produkt\\\/chroma-canal-houses-kissen-garnkit\\\/#breadcrumb\"},\"inLanguage\":\"de\",\"potentialAction\":[{\"@type\":\"ReadAction\",\"target\":[\"https:\\\/\\\/www.swisscrochet.ch\\\/de\\\/produkt\\\/chroma-canal-houses-kissen-garnkit\\\/\"]}]},{\"@type\":\"ImageObject\",\"inLanguage\":\"de\",\"@id\":\"https:\\\/\\\/www.swisscrochet.ch\\\/de\\\/produkt\\\/chroma-canal-houses-kissen-garnkit\\\/#primaryimage\",\"url\":\"https:\\\/\\\/www.swisscrochet.ch\\\/wp-content\\\/uploads\\\/2025\\\/12\\\/Chroma-Canal-Houses-Cushion-1.webp\",\"contentUrl\":\"https:\\\/\\\/www.swisscrochet.ch\\\/wp-content\\\/uploads\\\/2025\\\/12\\\/Chroma-Canal-Houses-Cushion-1.webp\",\"width\":1100,\"height\":1100},{\"@type\":\"BreadcrumbList\",\"@id\":\"https:\\\/\\\/www.swisscrochet.ch\\\/de\\\/produkt\\\/chroma-canal-houses-kissen-garnkit\\\/#breadcrumb\",\"itemListElement\":[{\"@type\":\"ListItem\",\"position\":1,\"name\":\"Home\",\"item\":\"https:\\\/\\\/www.swisscrochet.ch\\\/de\\\/\"},{\"@type\":\"ListItem\",\"position\":2,\"name\":\"Shop\",\"item\":\"https:\\\/\\\/www.swisscrochet.ch\\\/de\\\/shop\\\/\"},{\"@type\":\"ListItem\",\"position\":3,\"name\":\"Chroma Canal Houses Kissen \u2013 Garnkit\"}]},{\"@type\":\"WebSite\",\"@id\":\"https:\\\/\\\/www.swisscrochet.ch\\\/#website\",\"url\":\"https:\\\/\\\/www.swisscrochet.ch\\\/\",\"name\":\"Swiss Crochet\",\"description\":\"Entfalte dein kreatives Potenzial\",\"potentialAction\":[{\"@type\":\"SearchAction\",\"target\":{\"@type\":\"EntryPoint\",\"urlTemplate\":\"https:\\\/\\\/www.swisscrochet.ch\\\/?s={search_term_string}\"},\"query-input\":{\"@type\":\"PropertyValueSpecification\",\"valueRequired\":true,\"valueName\":\"search_term_string\"}}],\"inLanguage\":\"de\"}]}<\/script>\n<!-- \/ Yoast SEO plugin. -->","yoast_head_json":{"title":"Chroma Canal Houses Kissen \u2013 Garnkit &#171; Swiss Crochet","description":"Erstelle ein lebendiges Mosaik-H\u00e4kelkissen mit dem Chroma Canal Houses Kit. Enth\u00e4lt Catona- und Catona-Chroma-Garn sowie eine digitale Anleitung von Esme Crick.","robots":{"index":"index","follow":"follow","max-snippet":"max-snippet:-1","max-image-preview":"max-image-preview:large","max-video-preview":"max-video-preview:-1"},"canonical":"https:\/\/www.swisscrochet.ch\/de\/produkt\/chroma-canal-houses-kissen-garnkit\/","og_locale":"de_DE","og_type":"article","og_title":"Chroma Canal Houses Kissen \u2013 Garnkit &#171; Swiss Crochet","og_description":"Erstelle ein lebendiges Mosaik-H\u00e4kelkissen mit dem Chroma Canal Houses Kit. Enth\u00e4lt Catona- und Catona-Chroma-Garn sowie eine digitale Anleitung von Esme Crick.","og_url":"https:\/\/www.swisscrochet.ch\/de\/produkt\/chroma-canal-houses-kissen-garnkit\/","og_site_name":"Swiss Crochet","article_modified_time":"2025-12-29T10:33:01+00:00","og_image":[{"width":1100,"height":1100,"url":"https:\/\/www.swisscrochet.ch\/wp-content\/uploads\/2025\/12\/Chroma-Canal-Houses-Cushion-1.webp","type":"image\/webp"}],"twitter_card":"summary_large_image","twitter_misc":{"Gesch\u00e4tzte Lesezeit":"1\u00a0Minute"},"schema":{"@context":"https:\/\/schema.org","@graph":[{"@type":["WebPage","ItemPage"],"@id":"https:\/\/www.swisscrochet.ch\/de\/produkt\/chroma-canal-houses-kissen-garnkit\/","url":"https:\/\/www.swisscrochet.ch\/de\/produkt\/chroma-canal-houses-kissen-garnkit\/","name":"Chroma Canal Houses Kissen \u2013 Garnkit &#171; Swiss Crochet","isPartOf":{"@id":"https:\/\/www.swisscrochet.ch\/#website"},"primaryImageOfPage":{"@id":"https:\/\/www.swisscrochet.ch\/de\/produkt\/chroma-canal-houses-kissen-garnkit\/#primaryimage"},"image":{"@id":"https:\/\/www.swisscrochet.ch\/de\/produkt\/chroma-canal-houses-kissen-garnkit\/#primaryimage"},"thumbnailUrl":"https:\/\/www.swisscrochet.ch\/wp-content\/uploads\/2025\/12\/Chroma-Canal-Houses-Cushion-1.webp","datePublished":"2025-12-28T18:27:33+00:00","dateModified":"2025-12-29T10:33:01+00:00","description":"Erstelle ein lebendiges Mosaik-H\u00e4kelkissen mit dem Chroma Canal Houses Kit. Enth\u00e4lt Catona- und Catona-Chroma-Garn sowie eine digitale Anleitung von Esme Crick.","breadcrumb":{"@id":"https:\/\/www.swisscrochet.ch\/de\/produkt\/chroma-canal-houses-kissen-garnkit\/#breadcrumb"},"inLanguage":"de","potentialAction":[{"@type":"ReadAction","target":["https:\/\/www.swisscrochet.ch\/de\/produkt\/chroma-canal-houses-kissen-garnkit\/"]}]},{"@type":"ImageObject","inLanguage":"de","@id":"https:\/\/www.swisscrochet.ch\/de\/produkt\/chroma-canal-houses-kissen-garnkit\/#primaryimage","url":"https:\/\/www.swisscrochet.ch\/wp-content\/uploads\/2025\/12\/Chroma-Canal-Houses-Cushion-1.webp","contentUrl":"https:\/\/www.swisscrochet.ch\/wp-content\/uploads\/2025\/12\/Chroma-Canal-Houses-Cushion-1.webp","width":1100,"height":1100},{"@type":"BreadcrumbList","@id":"https:\/\/www.swisscrochet.ch\/de\/produkt\/chroma-canal-houses-kissen-garnkit\/#breadcrumb","itemListElement":[{"@type":"ListItem","position":1,"name":"Home","item":"https:\/\/www.swisscrochet.ch\/de\/"},{"@type":"ListItem","position":2,"name":"Shop","item":"https:\/\/www.swisscrochet.ch\/de\/shop\/"},{"@type":"ListItem","position":3,"name":"Chroma Canal Houses Kissen \u2013 Garnkit"}]},{"@type":"WebSite","@id":"https:\/\/www.swisscrochet.ch\/#website","url":"https:\/\/www.swisscrochet.ch\/","name":"Swiss Crochet","description":"Entfalte dein kreatives Potenzial","potentialAction":[{"@type":"SearchAction","target":{"@type":"EntryPoint","urlTemplate":"https:\/\/www.swisscrochet.ch\/?s={search_term_string}"},"query-input":{"@type":"PropertyValueSpecification","valueRequired":true,"valueName":"search_term_string"}}],"inLanguage":"de"}]}},"_links":{"self":[{"href":"https:\/\/www.swisscrochet.ch\/de\/wp-json\/wp\/v2\/product\/17721","targetHints":{"allow":["GET"]}}],"collection":[{"href":"https:\/\/www.swisscrochet.ch\/de\/wp-json\/wp\/v2\/product"}],"about":[{"href":"https:\/\/www.swisscrochet.ch\/de\/wp-json\/wp\/v2\/types\/product"}],"wp:featuredmedia":[{"embeddable":true,"href":"https:\/\/www.swisscrochet.ch\/de\/wp-json\/wp\/v2\/media\/17686"}],"wp:attachment":[{"href":"https:\/\/www.swisscrochet.ch\/de\/wp-json\/wp\/v2\/media?parent=17721"}],"wp:term":[{"taxonomy":"product_brand","embeddable":true,"href":"https:\/\/www.swisscrochet.ch\/de\/wp-json\/wp\/v2\/product_brand?post=17721"},{"taxonomy":"product_cat","embeddable":true,"href":"https:\/\/www.swisscrochet.ch\/de\/wp-json\/wp\/v2\/product_cat?post=17721"},{"taxonomy":"product_tag","embeddable":true,"href":"https:\/\/www.swisscrochet.ch\/de\/wp-json\/wp\/v2\/product_tag?post=17721"}],"curies":[{"name":"wp","href":"https:\/\/api.w.org\/{rel}","templated":true}]}}