{"id":18214,"date":"2025-12-31T19:46:04","date_gmt":"2025-12-31T18:46:04","guid":{"rendered":"https:\/\/www.swisscrochet.ch\/product\/el-d-mouzakis-butterfly-kordonaki\/"},"modified":"2025-12-31T19:57:13","modified_gmt":"2025-12-31T18:57:13","slug":"el-d-mouzakis-butterfly-kordonaki","status":"publish","type":"product","link":"https:\/\/www.swisscrochet.ch\/de\/produkt\/el-d-mouzakis-butterfly-kordonaki\/","title":{"rendered":"EL.D.Mouzakis Butterfly &#8211; Kordonaki"},"content":{"rendered":"","protected":false},"excerpt":{"rendered":"<p>Butterfly Kordonaki ist ein weiches, fliessendes Garn in Light-Fingering-St\u00e4rke, das speziell f\u00fcr H\u00e4klerinnen entwickelt wurde. Hergestellt aus 100% merzerisierter Baumwolle, die in Griechenland angebaut wird, \u00fcberzeugt dieses Garn durch seine Qualit\u00e4t und durchdachte Produktion. Der gesamte Herstellungsprozess \u2013 vom Baumwollanbau \u00fcber das Spinnen, F\u00e4rben und Verpacken \u2013 findet innerhalb Griechenlands statt, was zu einem minimalen Transportaufwand f\u00fchrt. Die l\u00e4ngste Strecke legt das Garn bis in die Schweiz zur\u00fcck.<\/p>\n<p>Die C\u00e2bl\u00e9-Konstruktion verleiht Kordonaki eine aussergew\u00f6hnliche St\u00e4rke und Strapazierf\u00e4higkeit, bleibt dabei aber trotz der mehreren F\u00e4den angenehm leicht. Der Z-Dreh sorgt daf\u00fcr, dass sich das Garn beim H\u00e4keln nicht aufribbeln oder spalten kann \u2013 ein echtes Vergn\u00fcgen in der Verarbeitung.<\/p>\n<p>Kordonaki eignet sich hervorragend f\u00fcr Kleidungsst\u00fccke und Accessoires, egal ob einzeln verarbeitet, doppelt gehalten oder mit anderen Garnen kombiniert. Besonders f\u00fcr Fileth\u00e4kelei ist es ideal, da Maschendefinition und Fall hier besonders sch\u00f6n zur Geltung kommen.<\/p>\n<p>Zwei Musterproben sind gezeigt:<\/p>\n<ul>\n<li>einfacher Faden, gearbeitet mit einer 2.00-mm-H\u00e4kelnadel<\/li>\n<li>kombiniert mit H\u00e4kelgarn St\u00e4rke 30, gearbeitet mit einer 3.00-mm-H\u00e4kelnadel<\/li>\n<\/ul>\n<p>Die abgebildeten Maschenproben wurden maschinell gewaschen (Normalprogramm bei 40 \u00b0C) und dampfgeb\u00fcgelt.<\/p>\n<p>Erh\u00e4ltlich in einer wundersch\u00f6nen Farbpalette mit 49 Farben l\u00e4dt Kordonaki zu endloser Kreativit\u00e4t und fein abgestimmten Farbkombinationen f\u00fcr all deine H\u00e4kelprojekte ein.<\/p>\n<p>W\u00e4hle Kordonaki f\u00fcr Qualit\u00e4t, Vielseitigkeit und lebendige Farben in jeder Masche!<\/p>\n<p><strong>Exklusiv erh\u00e4ltlich bei Swiss Crochet.<\/strong><\/p>\n","protected":false},"featured_media":18025,"template":"","meta":[],"product_brand":[],"product_cat":[1888,226,1894,1897],"product_tag":[],"class_list":{"0":"post-18214","1":"product","2":"type-product","3":"status-publish","4":"has-post-thumbnail","6":"product_cat-garn-basisgarne","7":"product_cat-garne","8":"product_cat-garn-kleidungsstucke","9":"product_cat-garn-microcrochet-und-spitze","10":"pa_y1-brand-el-d-mouzakis-butterfly","11":"pa_y17-yarn-weight-light-fingering-de","12":"description-off","14":"first","15":"instock","16":"taxable","17":"shipping-taxable","18":"purchasable","19":"product-type-variable","20":"wvs-archive-product-wrapper"},"bundled_by":[],"bundle_stock_status":"instock","bundle_stock_quantity":null,"bundle_virtual":false,"bundle_layout":"","bundle_add_to_cart_form_location":"","bundle_editable_in_cart":false,"bundle_sold_individually_context":"","bundle_item_grouping":"","bundle_min_size":"","bundle_max_size":"","bundle_price":[],"bundled_items":[],"bundle_sell_ids":[],"yoast_head":"<!-- This site is optimized with the Yoast SEO plugin v27.3 - https:\/\/yoast.com\/product\/yoast-seo-wordpress\/ -->\n<title>EL.D.Mouzakis Butterfly - Kordonaki &#171; Swiss Crochet<\/title>\n<meta name=\"description\" content=\"Butterfly Kordonaki ist ein mercerisiertes Baumwollgarn in Light-Fingering-St\u00e4rke, ideal f\u00fcr Kleidungsst\u00fccke und Fileth\u00e4keln. Stark, glatt und in 49 Farben erh\u00e4ltlich. Exklusiv bei Swiss Crochet.\" \/>\n<meta name=\"robots\" content=\"index, follow, max-snippet:-1, max-image-preview:large, max-video-preview:-1\" \/>\n<link rel=\"canonical\" href=\"https:\/\/www.swisscrochet.ch\/produkt\/el-d-mouzakis-butterfly-kordonaki\/\" \/>\n<meta property=\"og:locale\" content=\"de_DE\" \/>\n<meta property=\"og:type\" content=\"article\" \/>\n<meta property=\"og:title\" content=\"EL.D.Mouzakis Butterfly - Kordonaki &#171; Swiss Crochet\" \/>\n<meta property=\"og:description\" content=\"Butterfly Kordonaki ist ein mercerisiertes Baumwollgarn in Light-Fingering-St\u00e4rke, ideal f\u00fcr Kleidungsst\u00fccke und Fileth\u00e4keln. Stark, glatt und in 49 Farben erh\u00e4ltlich. Exklusiv bei Swiss Crochet.\" \/>\n<meta property=\"og:url\" content=\"https:\/\/www.swisscrochet.ch\/produkt\/el-d-mouzakis-butterfly-kordonaki\/\" \/>\n<meta property=\"og:site_name\" content=\"Swiss Crochet\" \/>\n<meta property=\"article:modified_time\" content=\"2025-12-31T18:57:13+00:00\" \/>\n<meta property=\"og:image\" content=\"https:\/\/www.swisscrochet.ch\/wp-content\/uploads\/2025\/12\/EL.D.Mouzakis-Kordonaki-Overview.jpg\" \/>\n\t<meta property=\"og:image:width\" content=\"1000\" \/>\n\t<meta property=\"og:image:height\" content=\"1000\" \/>\n\t<meta property=\"og:image:type\" content=\"image\/jpeg\" \/>\n<meta name=\"twitter:card\" content=\"summary_large_image\" \/>\n<meta name=\"twitter:label1\" content=\"Gesch\u00e4tzte Lesezeit\" \/>\n\t<meta name=\"twitter:data1\" content=\"1\u00a0Minute\" \/>\n<script type=\"application\/ld+json\" class=\"yoast-schema-graph\">{\"@context\":\"https:\\\/\\\/schema.org\",\"@graph\":[{\"@type\":[\"WebPage\",\"ItemPage\"],\"@id\":\"https:\\\/\\\/www.swisscrochet.ch\\\/produkt\\\/el-d-mouzakis-butterfly-kordonaki\\\/\",\"url\":\"https:\\\/\\\/www.swisscrochet.ch\\\/produkt\\\/el-d-mouzakis-butterfly-kordonaki\\\/\",\"name\":\"EL.D.Mouzakis Butterfly - Kordonaki &#171; Swiss Crochet\",\"isPartOf\":{\"@id\":\"https:\\\/\\\/www.swisscrochet.ch\\\/#website\"},\"primaryImageOfPage\":{\"@id\":\"https:\\\/\\\/www.swisscrochet.ch\\\/produkt\\\/el-d-mouzakis-butterfly-kordonaki\\\/#primaryimage\"},\"image\":{\"@id\":\"https:\\\/\\\/www.swisscrochet.ch\\\/produkt\\\/el-d-mouzakis-butterfly-kordonaki\\\/#primaryimage\"},\"thumbnailUrl\":\"https:\\\/\\\/www.swisscrochet.ch\\\/wp-content\\\/uploads\\\/2025\\\/12\\\/EL.D.Mouzakis-Kordonaki-Overview.jpg\",\"datePublished\":\"2025-12-31T18:46:04+00:00\",\"dateModified\":\"2025-12-31T18:57:13+00:00\",\"description\":\"Butterfly Kordonaki ist ein mercerisiertes Baumwollgarn in Light-Fingering-St\u00e4rke, ideal f\u00fcr Kleidungsst\u00fccke und Fileth\u00e4keln. Stark, glatt und in 49 Farben erh\u00e4ltlich. Exklusiv bei Swiss Crochet.\",\"breadcrumb\":{\"@id\":\"https:\\\/\\\/www.swisscrochet.ch\\\/produkt\\\/el-d-mouzakis-butterfly-kordonaki\\\/#breadcrumb\"},\"inLanguage\":\"de\",\"potentialAction\":[{\"@type\":\"ReadAction\",\"target\":[\"https:\\\/\\\/www.swisscrochet.ch\\\/produkt\\\/el-d-mouzakis-butterfly-kordonaki\\\/\"]}]},{\"@type\":\"ImageObject\",\"inLanguage\":\"de\",\"@id\":\"https:\\\/\\\/www.swisscrochet.ch\\\/produkt\\\/el-d-mouzakis-butterfly-kordonaki\\\/#primaryimage\",\"url\":\"https:\\\/\\\/www.swisscrochet.ch\\\/wp-content\\\/uploads\\\/2025\\\/12\\\/EL.D.Mouzakis-Kordonaki-Overview.jpg\",\"contentUrl\":\"https:\\\/\\\/www.swisscrochet.ch\\\/wp-content\\\/uploads\\\/2025\\\/12\\\/EL.D.Mouzakis-Kordonaki-Overview.jpg\",\"width\":1000,\"height\":1000},{\"@type\":\"BreadcrumbList\",\"@id\":\"https:\\\/\\\/www.swisscrochet.ch\\\/produkt\\\/el-d-mouzakis-butterfly-kordonaki\\\/#breadcrumb\",\"itemListElement\":[{\"@type\":\"ListItem\",\"position\":1,\"name\":\"Home\",\"item\":\"https:\\\/\\\/www.swisscrochet.ch\\\/de\\\/\"},{\"@type\":\"ListItem\",\"position\":2,\"name\":\"Shop\",\"item\":\"https:\\\/\\\/www.swisscrochet.ch\\\/de\\\/shop\\\/\"},{\"@type\":\"ListItem\",\"position\":3,\"name\":\"EL.D.Mouzakis Butterfly &#8211; Kordonaki\"}]},{\"@type\":\"WebSite\",\"@id\":\"https:\\\/\\\/www.swisscrochet.ch\\\/#website\",\"url\":\"https:\\\/\\\/www.swisscrochet.ch\\\/\",\"name\":\"Swiss Crochet\",\"description\":\"Entfalte dein kreatives Potenzial\",\"potentialAction\":[{\"@type\":\"SearchAction\",\"target\":{\"@type\":\"EntryPoint\",\"urlTemplate\":\"https:\\\/\\\/www.swisscrochet.ch\\\/?s={search_term_string}\"},\"query-input\":{\"@type\":\"PropertyValueSpecification\",\"valueRequired\":true,\"valueName\":\"search_term_string\"}}],\"inLanguage\":\"de\"}]}<\/script>\n<!-- \/ Yoast SEO plugin. -->","yoast_head_json":{"title":"EL.D.Mouzakis Butterfly - Kordonaki &#171; Swiss Crochet","description":"Butterfly Kordonaki ist ein mercerisiertes Baumwollgarn in Light-Fingering-St\u00e4rke, ideal f\u00fcr Kleidungsst\u00fccke und Fileth\u00e4keln. Stark, glatt und in 49 Farben erh\u00e4ltlich. Exklusiv bei Swiss Crochet.","robots":{"index":"index","follow":"follow","max-snippet":"max-snippet:-1","max-image-preview":"max-image-preview:large","max-video-preview":"max-video-preview:-1"},"canonical":"https:\/\/www.swisscrochet.ch\/produkt\/el-d-mouzakis-butterfly-kordonaki\/","og_locale":"de_DE","og_type":"article","og_title":"EL.D.Mouzakis Butterfly - Kordonaki &#171; Swiss Crochet","og_description":"Butterfly Kordonaki ist ein mercerisiertes Baumwollgarn in Light-Fingering-St\u00e4rke, ideal f\u00fcr Kleidungsst\u00fccke und Fileth\u00e4keln. Stark, glatt und in 49 Farben erh\u00e4ltlich. Exklusiv bei Swiss Crochet.","og_url":"https:\/\/www.swisscrochet.ch\/produkt\/el-d-mouzakis-butterfly-kordonaki\/","og_site_name":"Swiss Crochet","article_modified_time":"2025-12-31T18:57:13+00:00","og_image":[{"width":1000,"height":1000,"url":"https:\/\/www.swisscrochet.ch\/wp-content\/uploads\/2025\/12\/EL.D.Mouzakis-Kordonaki-Overview.jpg","type":"image\/jpeg"}],"twitter_card":"summary_large_image","twitter_misc":{"Gesch\u00e4tzte Lesezeit":"1\u00a0Minute"},"schema":{"@context":"https:\/\/schema.org","@graph":[{"@type":["WebPage","ItemPage"],"@id":"https:\/\/www.swisscrochet.ch\/produkt\/el-d-mouzakis-butterfly-kordonaki\/","url":"https:\/\/www.swisscrochet.ch\/produkt\/el-d-mouzakis-butterfly-kordonaki\/","name":"EL.D.Mouzakis Butterfly - Kordonaki &#171; Swiss Crochet","isPartOf":{"@id":"https:\/\/www.swisscrochet.ch\/#website"},"primaryImageOfPage":{"@id":"https:\/\/www.swisscrochet.ch\/produkt\/el-d-mouzakis-butterfly-kordonaki\/#primaryimage"},"image":{"@id":"https:\/\/www.swisscrochet.ch\/produkt\/el-d-mouzakis-butterfly-kordonaki\/#primaryimage"},"thumbnailUrl":"https:\/\/www.swisscrochet.ch\/wp-content\/uploads\/2025\/12\/EL.D.Mouzakis-Kordonaki-Overview.jpg","datePublished":"2025-12-31T18:46:04+00:00","dateModified":"2025-12-31T18:57:13+00:00","description":"Butterfly Kordonaki ist ein mercerisiertes Baumwollgarn in Light-Fingering-St\u00e4rke, ideal f\u00fcr Kleidungsst\u00fccke und Fileth\u00e4keln. Stark, glatt und in 49 Farben erh\u00e4ltlich. Exklusiv bei Swiss Crochet.","breadcrumb":{"@id":"https:\/\/www.swisscrochet.ch\/produkt\/el-d-mouzakis-butterfly-kordonaki\/#breadcrumb"},"inLanguage":"de","potentialAction":[{"@type":"ReadAction","target":["https:\/\/www.swisscrochet.ch\/produkt\/el-d-mouzakis-butterfly-kordonaki\/"]}]},{"@type":"ImageObject","inLanguage":"de","@id":"https:\/\/www.swisscrochet.ch\/produkt\/el-d-mouzakis-butterfly-kordonaki\/#primaryimage","url":"https:\/\/www.swisscrochet.ch\/wp-content\/uploads\/2025\/12\/EL.D.Mouzakis-Kordonaki-Overview.jpg","contentUrl":"https:\/\/www.swisscrochet.ch\/wp-content\/uploads\/2025\/12\/EL.D.Mouzakis-Kordonaki-Overview.jpg","width":1000,"height":1000},{"@type":"BreadcrumbList","@id":"https:\/\/www.swisscrochet.ch\/produkt\/el-d-mouzakis-butterfly-kordonaki\/#breadcrumb","itemListElement":[{"@type":"ListItem","position":1,"name":"Home","item":"https:\/\/www.swisscrochet.ch\/de\/"},{"@type":"ListItem","position":2,"name":"Shop","item":"https:\/\/www.swisscrochet.ch\/de\/shop\/"},{"@type":"ListItem","position":3,"name":"EL.D.Mouzakis Butterfly &#8211; Kordonaki"}]},{"@type":"WebSite","@id":"https:\/\/www.swisscrochet.ch\/#website","url":"https:\/\/www.swisscrochet.ch\/","name":"Swiss Crochet","description":"Entfalte dein kreatives Potenzial","potentialAction":[{"@type":"SearchAction","target":{"@type":"EntryPoint","urlTemplate":"https:\/\/www.swisscrochet.ch\/?s={search_term_string}"},"query-input":{"@type":"PropertyValueSpecification","valueRequired":true,"valueName":"search_term_string"}}],"inLanguage":"de"}]}},"_links":{"self":[{"href":"https:\/\/www.swisscrochet.ch\/de\/wp-json\/wp\/v2\/product\/18214","targetHints":{"allow":["GET"]}}],"collection":[{"href":"https:\/\/www.swisscrochet.ch\/de\/wp-json\/wp\/v2\/product"}],"about":[{"href":"https:\/\/www.swisscrochet.ch\/de\/wp-json\/wp\/v2\/types\/product"}],"wp:featuredmedia":[{"embeddable":true,"href":"https:\/\/www.swisscrochet.ch\/de\/wp-json\/wp\/v2\/media\/18025"}],"wp:attachment":[{"href":"https:\/\/www.swisscrochet.ch\/de\/wp-json\/wp\/v2\/media?parent=18214"}],"wp:term":[{"taxonomy":"product_brand","embeddable":true,"href":"https:\/\/www.swisscrochet.ch\/de\/wp-json\/wp\/v2\/product_brand?post=18214"},{"taxonomy":"product_cat","embeddable":true,"href":"https:\/\/www.swisscrochet.ch\/de\/wp-json\/wp\/v2\/product_cat?post=18214"},{"taxonomy":"product_tag","embeddable":true,"href":"https:\/\/www.swisscrochet.ch\/de\/wp-json\/wp\/v2\/product_tag?post=18214"}],"curies":[{"name":"wp","href":"https:\/\/api.w.org\/{rel}","templated":true}]}}