{"id":19354,"date":"2026-01-04T22:00:43","date_gmt":"2026-01-04T21:00:43","guid":{"rendered":"https:\/\/www.swisscrochet.ch\/product\/el-d-mouzakis-butterfly-super-10\/"},"modified":"2026-01-04T22:14:22","modified_gmt":"2026-01-04T21:14:22","slug":"el-d-mouzakis-butterfly-super-10","status":"publish","type":"product","link":"https:\/\/www.swisscrochet.ch\/de\/produkt\/el-d-mouzakis-butterfly-super-10\/","title":{"rendered":"EL.D.Mouzakis Butterfly &#8211; Super 10"},"content":{"rendered":"","protected":false},"excerpt":{"rendered":"<p>Butterfly Super 10 ist ein weiches, fliessendes Garn in DK-St\u00e4rke, das speziell f\u00fcr H\u00e4klerinnen entwickelt wurde. Hergestellt aus 100% merzerisierter Baumwolle, die in Griechenland angebaut wird, \u00fcberzeugt dieses Garn durch seine hohe Qualit\u00e4t und eine durchdachte Produktion. Der gesamte Herstellungsprozess \u2013 vom Baumwollanbau \u00fcber das Spinnen und F\u00e4rben bis hin zur Verpackung \u2013 findet vollst\u00e4ndig in Griechenland statt, was den Transportaufwand auf ein Minimum reduziert. Die l\u00e4ngste Reise f\u00fchrt das Garn in die Schweiz.<\/p>\n<p>Die C\u00e2bl\u00e9-Konstruktion verleiht Super 10 eine aussergew\u00f6hnliche St\u00e4rke und Haltbarkeit, w\u00e4hrend es trotz seiner mehreren F\u00e4den angenehm leicht bleibt. Der Z-Dreh verhindert ein Aufribbeln oder Aufspalten beim H\u00e4keln und macht das Arbeiten damit besonders angenehm.<\/p>\n<p>Super 10 eignet sich hervorragend f\u00fcr Kleidungsst\u00fccke und tragbare Accessoires und bietet dabei einen sch\u00f6nen Fall sowie eine ausgezeichnete Maschendefinition.<\/p>\n<p>Die abgebildete Maschenprobe wurde in der Waschmaschine (Normalprogramm bei 40 \u00b0C) gewaschen und anschliessend dampfgeb\u00fcgelt.<\/p>\n<p>Erh\u00e4ltlich in einer edlen Farbpalette mit 102 Farben l\u00e4dt Super 10 zu unz\u00e4hligen kreativen und eleganten Farbkombinationen f\u00fcr all deine H\u00e4kelprojekte ein.<\/p>\n<p>W\u00e4hle Super 10 f\u00fcr Qualit\u00e4t, Vielseitigkeit und lebendige Farben in jeder Masche!<\/p>\n<p>Hinweis: Super 10 und Super 20 sind beide Garne in DK-St\u00e4rke mit identischem Fasergehalt und gleicher Konstruktion, unterscheiden sich jedoch leicht. Super 10 ist das dickere der beiden Garne und hat eine Laufl\u00e4nge von 230 m pro Kn\u00e4uel, w\u00e4hrend Super 20 etwas feiner ist und 330 m pro Kn\u00e4uel bietet.<\/p>\n<p><strong>Exklusiv erh\u00e4ltlich bei Swiss Crochet.<\/strong><\/p>\n","protected":false},"featured_media":18808,"template":"","meta":[],"product_brand":[],"product_cat":[1888,1884,226,1894],"product_tag":[],"class_list":{"0":"post-19354","1":"product","2":"type-product","3":"status-publish","4":"has-post-thumbnail","6":"product_cat-garn-basisgarne","7":"product_cat-garn-decken","8":"product_cat-garne","9":"product_cat-garn-kleidungsstucke","10":"pa_y1-brand-el-d-mouzakis-butterfly","11":"pa_y17-yarn-weight-dk-de","12":"description-off","14":"first","15":"instock","16":"taxable","17":"shipping-taxable","18":"purchasable","19":"product-type-variable","20":"wvs-archive-product-wrapper"},"bundled_by":["25689","25709"],"bundle_stock_status":"instock","bundle_stock_quantity":null,"bundle_virtual":false,"bundle_layout":"","bundle_add_to_cart_form_location":"","bundle_editable_in_cart":false,"bundle_sold_individually_context":"","bundle_item_grouping":"","bundle_min_size":"","bundle_max_size":"","bundle_price":[],"bundled_items":[],"bundle_sell_ids":[],"yoast_head":"<!-- This site is optimized with the Yoast SEO plugin v27.3 - https:\/\/yoast.com\/product\/yoast-seo-wordpress\/ -->\n<title>EL.D.Mouzakis Butterfly - Super 10 &#171; Swiss Crochet<\/title>\n<meta name=\"description\" content=\"Butterfly Super 10 ist ein merzerisiertes Baumwollgarn in DK-St\u00e4rke mit hervorragender Maschendefinition. Weich, langlebig und ideal f\u00fcr Kleidungsst\u00fccke und H\u00e4kelprojekte. Exklusiv bei Swiss Crochet erh\u00e4ltlich.\" \/>\n<meta name=\"robots\" content=\"index, follow, max-snippet:-1, max-image-preview:large, max-video-preview:-1\" \/>\n<link rel=\"canonical\" href=\"https:\/\/www.swisscrochet.ch\/de\/produkt\/el-d-mouzakis-butterfly-super-10\/\" \/>\n<meta property=\"og:locale\" content=\"de_DE\" \/>\n<meta property=\"og:type\" content=\"article\" \/>\n<meta property=\"og:title\" content=\"EL.D.Mouzakis Butterfly - Super 10 &#171; Swiss Crochet\" \/>\n<meta property=\"og:description\" content=\"Butterfly Super 10 ist ein merzerisiertes Baumwollgarn in DK-St\u00e4rke mit hervorragender Maschendefinition. Weich, langlebig und ideal f\u00fcr Kleidungsst\u00fccke und H\u00e4kelprojekte. Exklusiv bei Swiss Crochet erh\u00e4ltlich.\" \/>\n<meta property=\"og:url\" content=\"https:\/\/www.swisscrochet.ch\/de\/produkt\/el-d-mouzakis-butterfly-super-10\/\" \/>\n<meta property=\"og:site_name\" content=\"Swiss Crochet\" \/>\n<meta property=\"article:modified_time\" content=\"2026-01-04T21:14:22+00:00\" \/>\n<meta property=\"og:image\" content=\"https:\/\/www.swisscrochet.ch\/wp-content\/uploads\/2026\/01\/EL.D.Mouzakis-Super-10-Overview.jpg\" \/>\n\t<meta property=\"og:image:width\" content=\"1000\" \/>\n\t<meta property=\"og:image:height\" content=\"1000\" \/>\n\t<meta property=\"og:image:type\" content=\"image\/jpeg\" \/>\n<meta name=\"twitter:card\" content=\"summary_large_image\" \/>\n<meta name=\"twitter:label1\" content=\"Gesch\u00e4tzte Lesezeit\" \/>\n\t<meta name=\"twitter:data1\" content=\"1\u00a0Minute\" \/>\n<script type=\"application\/ld+json\" class=\"yoast-schema-graph\">{\"@context\":\"https:\\\/\\\/schema.org\",\"@graph\":[{\"@type\":[\"WebPage\",\"ItemPage\"],\"@id\":\"https:\\\/\\\/www.swisscrochet.ch\\\/de\\\/produkt\\\/el-d-mouzakis-butterfly-super-10\\\/\",\"url\":\"https:\\\/\\\/www.swisscrochet.ch\\\/de\\\/produkt\\\/el-d-mouzakis-butterfly-super-10\\\/\",\"name\":\"EL.D.Mouzakis Butterfly - Super 10 &#171; Swiss Crochet\",\"isPartOf\":{\"@id\":\"https:\\\/\\\/www.swisscrochet.ch\\\/#website\"},\"primaryImageOfPage\":{\"@id\":\"https:\\\/\\\/www.swisscrochet.ch\\\/de\\\/produkt\\\/el-d-mouzakis-butterfly-super-10\\\/#primaryimage\"},\"image\":{\"@id\":\"https:\\\/\\\/www.swisscrochet.ch\\\/de\\\/produkt\\\/el-d-mouzakis-butterfly-super-10\\\/#primaryimage\"},\"thumbnailUrl\":\"https:\\\/\\\/www.swisscrochet.ch\\\/wp-content\\\/uploads\\\/2026\\\/01\\\/EL.D.Mouzakis-Super-10-Overview.jpg\",\"datePublished\":\"2026-01-04T21:00:43+00:00\",\"dateModified\":\"2026-01-04T21:14:22+00:00\",\"description\":\"Butterfly Super 10 ist ein merzerisiertes Baumwollgarn in DK-St\u00e4rke mit hervorragender Maschendefinition. Weich, langlebig und ideal f\u00fcr Kleidungsst\u00fccke und H\u00e4kelprojekte. Exklusiv bei Swiss Crochet erh\u00e4ltlich.\",\"breadcrumb\":{\"@id\":\"https:\\\/\\\/www.swisscrochet.ch\\\/de\\\/produkt\\\/el-d-mouzakis-butterfly-super-10\\\/#breadcrumb\"},\"inLanguage\":\"de\",\"potentialAction\":[{\"@type\":\"ReadAction\",\"target\":[\"https:\\\/\\\/www.swisscrochet.ch\\\/de\\\/produkt\\\/el-d-mouzakis-butterfly-super-10\\\/\"]}]},{\"@type\":\"ImageObject\",\"inLanguage\":\"de\",\"@id\":\"https:\\\/\\\/www.swisscrochet.ch\\\/de\\\/produkt\\\/el-d-mouzakis-butterfly-super-10\\\/#primaryimage\",\"url\":\"https:\\\/\\\/www.swisscrochet.ch\\\/wp-content\\\/uploads\\\/2026\\\/01\\\/EL.D.Mouzakis-Super-10-Overview.jpg\",\"contentUrl\":\"https:\\\/\\\/www.swisscrochet.ch\\\/wp-content\\\/uploads\\\/2026\\\/01\\\/EL.D.Mouzakis-Super-10-Overview.jpg\",\"width\":1000,\"height\":1000},{\"@type\":\"BreadcrumbList\",\"@id\":\"https:\\\/\\\/www.swisscrochet.ch\\\/de\\\/produkt\\\/el-d-mouzakis-butterfly-super-10\\\/#breadcrumb\",\"itemListElement\":[{\"@type\":\"ListItem\",\"position\":1,\"name\":\"Home\",\"item\":\"https:\\\/\\\/www.swisscrochet.ch\\\/de\\\/\"},{\"@type\":\"ListItem\",\"position\":2,\"name\":\"Shop\",\"item\":\"https:\\\/\\\/www.swisscrochet.ch\\\/de\\\/shop\\\/\"},{\"@type\":\"ListItem\",\"position\":3,\"name\":\"EL.D.Mouzakis Butterfly &#8211; Super 10\"}]},{\"@type\":\"WebSite\",\"@id\":\"https:\\\/\\\/www.swisscrochet.ch\\\/#website\",\"url\":\"https:\\\/\\\/www.swisscrochet.ch\\\/\",\"name\":\"Swiss Crochet\",\"description\":\"Entfalte dein kreatives Potenzial\",\"potentialAction\":[{\"@type\":\"SearchAction\",\"target\":{\"@type\":\"EntryPoint\",\"urlTemplate\":\"https:\\\/\\\/www.swisscrochet.ch\\\/?s={search_term_string}\"},\"query-input\":{\"@type\":\"PropertyValueSpecification\",\"valueRequired\":true,\"valueName\":\"search_term_string\"}}],\"inLanguage\":\"de\"}]}<\/script>\n<!-- \/ Yoast SEO plugin. -->","yoast_head_json":{"title":"EL.D.Mouzakis Butterfly - Super 10 &#171; Swiss Crochet","description":"Butterfly Super 10 ist ein merzerisiertes Baumwollgarn in DK-St\u00e4rke mit hervorragender Maschendefinition. Weich, langlebig und ideal f\u00fcr Kleidungsst\u00fccke und H\u00e4kelprojekte. Exklusiv bei Swiss Crochet erh\u00e4ltlich.","robots":{"index":"index","follow":"follow","max-snippet":"max-snippet:-1","max-image-preview":"max-image-preview:large","max-video-preview":"max-video-preview:-1"},"canonical":"https:\/\/www.swisscrochet.ch\/de\/produkt\/el-d-mouzakis-butterfly-super-10\/","og_locale":"de_DE","og_type":"article","og_title":"EL.D.Mouzakis Butterfly - Super 10 &#171; Swiss Crochet","og_description":"Butterfly Super 10 ist ein merzerisiertes Baumwollgarn in DK-St\u00e4rke mit hervorragender Maschendefinition. Weich, langlebig und ideal f\u00fcr Kleidungsst\u00fccke und H\u00e4kelprojekte. Exklusiv bei Swiss Crochet erh\u00e4ltlich.","og_url":"https:\/\/www.swisscrochet.ch\/de\/produkt\/el-d-mouzakis-butterfly-super-10\/","og_site_name":"Swiss Crochet","article_modified_time":"2026-01-04T21:14:22+00:00","og_image":[{"width":1000,"height":1000,"url":"https:\/\/www.swisscrochet.ch\/wp-content\/uploads\/2026\/01\/EL.D.Mouzakis-Super-10-Overview.jpg","type":"image\/jpeg"}],"twitter_card":"summary_large_image","twitter_misc":{"Gesch\u00e4tzte Lesezeit":"1\u00a0Minute"},"schema":{"@context":"https:\/\/schema.org","@graph":[{"@type":["WebPage","ItemPage"],"@id":"https:\/\/www.swisscrochet.ch\/de\/produkt\/el-d-mouzakis-butterfly-super-10\/","url":"https:\/\/www.swisscrochet.ch\/de\/produkt\/el-d-mouzakis-butterfly-super-10\/","name":"EL.D.Mouzakis Butterfly - Super 10 &#171; Swiss Crochet","isPartOf":{"@id":"https:\/\/www.swisscrochet.ch\/#website"},"primaryImageOfPage":{"@id":"https:\/\/www.swisscrochet.ch\/de\/produkt\/el-d-mouzakis-butterfly-super-10\/#primaryimage"},"image":{"@id":"https:\/\/www.swisscrochet.ch\/de\/produkt\/el-d-mouzakis-butterfly-super-10\/#primaryimage"},"thumbnailUrl":"https:\/\/www.swisscrochet.ch\/wp-content\/uploads\/2026\/01\/EL.D.Mouzakis-Super-10-Overview.jpg","datePublished":"2026-01-04T21:00:43+00:00","dateModified":"2026-01-04T21:14:22+00:00","description":"Butterfly Super 10 ist ein merzerisiertes Baumwollgarn in DK-St\u00e4rke mit hervorragender Maschendefinition. Weich, langlebig und ideal f\u00fcr Kleidungsst\u00fccke und H\u00e4kelprojekte. Exklusiv bei Swiss Crochet erh\u00e4ltlich.","breadcrumb":{"@id":"https:\/\/www.swisscrochet.ch\/de\/produkt\/el-d-mouzakis-butterfly-super-10\/#breadcrumb"},"inLanguage":"de","potentialAction":[{"@type":"ReadAction","target":["https:\/\/www.swisscrochet.ch\/de\/produkt\/el-d-mouzakis-butterfly-super-10\/"]}]},{"@type":"ImageObject","inLanguage":"de","@id":"https:\/\/www.swisscrochet.ch\/de\/produkt\/el-d-mouzakis-butterfly-super-10\/#primaryimage","url":"https:\/\/www.swisscrochet.ch\/wp-content\/uploads\/2026\/01\/EL.D.Mouzakis-Super-10-Overview.jpg","contentUrl":"https:\/\/www.swisscrochet.ch\/wp-content\/uploads\/2026\/01\/EL.D.Mouzakis-Super-10-Overview.jpg","width":1000,"height":1000},{"@type":"BreadcrumbList","@id":"https:\/\/www.swisscrochet.ch\/de\/produkt\/el-d-mouzakis-butterfly-super-10\/#breadcrumb","itemListElement":[{"@type":"ListItem","position":1,"name":"Home","item":"https:\/\/www.swisscrochet.ch\/de\/"},{"@type":"ListItem","position":2,"name":"Shop","item":"https:\/\/www.swisscrochet.ch\/de\/shop\/"},{"@type":"ListItem","position":3,"name":"EL.D.Mouzakis Butterfly &#8211; Super 10"}]},{"@type":"WebSite","@id":"https:\/\/www.swisscrochet.ch\/#website","url":"https:\/\/www.swisscrochet.ch\/","name":"Swiss Crochet","description":"Entfalte dein kreatives Potenzial","potentialAction":[{"@type":"SearchAction","target":{"@type":"EntryPoint","urlTemplate":"https:\/\/www.swisscrochet.ch\/?s={search_term_string}"},"query-input":{"@type":"PropertyValueSpecification","valueRequired":true,"valueName":"search_term_string"}}],"inLanguage":"de"}]}},"_links":{"self":[{"href":"https:\/\/www.swisscrochet.ch\/de\/wp-json\/wp\/v2\/product\/19354","targetHints":{"allow":["GET"]}}],"collection":[{"href":"https:\/\/www.swisscrochet.ch\/de\/wp-json\/wp\/v2\/product"}],"about":[{"href":"https:\/\/www.swisscrochet.ch\/de\/wp-json\/wp\/v2\/types\/product"}],"wp:featuredmedia":[{"embeddable":true,"href":"https:\/\/www.swisscrochet.ch\/de\/wp-json\/wp\/v2\/media\/18808"}],"wp:attachment":[{"href":"https:\/\/www.swisscrochet.ch\/de\/wp-json\/wp\/v2\/media?parent=19354"}],"wp:term":[{"taxonomy":"product_brand","embeddable":true,"href":"https:\/\/www.swisscrochet.ch\/de\/wp-json\/wp\/v2\/product_brand?post=19354"},{"taxonomy":"product_cat","embeddable":true,"href":"https:\/\/www.swisscrochet.ch\/de\/wp-json\/wp\/v2\/product_cat?post=19354"},{"taxonomy":"product_tag","embeddable":true,"href":"https:\/\/www.swisscrochet.ch\/de\/wp-json\/wp\/v2\/product_tag?post=19354"}],"curies":[{"name":"wp","href":"https:\/\/api.w.org\/{rel}","templated":true}]}}