{"id":20151,"date":"2026-01-13T20:14:44","date_gmt":"2026-01-13T19:14:44","guid":{"rendered":"https:\/\/www.swisscrochet.ch\/product\/hoooked-tossa-100gr\/"},"modified":"2026-01-13T20:22:53","modified_gmt":"2026-01-13T19:22:53","slug":"hoooked-tossa-100gr","status":"publish","type":"product","link":"https:\/\/www.swisscrochet.ch\/de\/produkt\/hoooked-tossa-100gr\/","title":{"rendered":"Hoooked &#8211; Tossa 100gr"},"content":{"rendered":"","protected":false},"excerpt":{"rendered":"<p>Tossa ist ein robustes Garn aus 100% Jute, angebaut ohne D\u00fcnger oder Pestizide von einem BCS-zertifizierten, nachhaltigen Familienbetrieb in Brasilien.<\/p>\n<p>Die verzwirnte Konstruktion sorgt f\u00fcr eine hervorragende Maschendefinition, w\u00e4hrend die fehlende Elastizit\u00e4t das Garn besonders gut f\u00fcr Makramee-Projekte geeignet macht.<\/p>\n<p>Ideal zum H\u00e4keln von K\u00f6rben, Taschen, Teppichen und Wohnaccessoires erm\u00f6glicht Tossa rustikale, ausdrucksstarke Ergebnisse.<\/p>\n<p>Die abgebildete Maschenprobe wurde maschinell gewaschen (Normalprogramm bei 40 \u00b0C) und dampfgeb\u00fcgelt.<\/p>\n<p><strong>Bitte beachten:<\/strong> Bei Tossa k\u00f6nnen Farbabweichungen zwischen verschiedenen F\u00e4rbepartien auftreten. Diese Unterschiede sind haupts\u00e4chlich auf nat\u00fcrliche Faktoren zur\u00fcckzuf\u00fchren \u2013 Klimaschwankungen k\u00f6nnen die Ernte beeinflussen und ver\u00e4ndern, wie die Fasern die nat\u00fcrlichen Farbstoffe aufnehmen. Die Farbe ist nicht lichtecht und kann bei l\u00e4ngerer direkter Sonneneinstrahlung verblassen.<\/p>\n<p>W\u00e4hle Hoooked Tossa f\u00fcr schnelle, umweltfreundliche H\u00e4kelprojekte mit markanter, rustikaler Struktur!<\/p>\n","protected":false},"featured_media":20001,"template":"","meta":[],"product_brand":[],"product_cat":[226,1881],"product_tag":[],"class_list":{"0":"post-20151","1":"product","2":"type-product","3":"status-publish","4":"has-post-thumbnail","6":"product_cat-garne","7":"product_cat-garn-taschen-und-home-decor","8":"pa_y1-brand-hoooked-de","9":"pa_y17-yarn-weight-dk-de","10":"description-off","12":"first","13":"instock","14":"taxable","15":"shipping-taxable","16":"purchasable","17":"product-type-variable","18":"wvs-archive-product-wrapper"},"bundled_by":[],"bundle_stock_status":"instock","bundle_stock_quantity":null,"bundle_virtual":false,"bundle_layout":"","bundle_add_to_cart_form_location":"","bundle_editable_in_cart":false,"bundle_sold_individually_context":"","bundle_item_grouping":"","bundle_min_size":"","bundle_max_size":"","bundle_price":[],"bundled_items":[],"bundle_sell_ids":[],"yoast_head":"<!-- This site is optimized with the Yoast SEO plugin v27.4 - https:\/\/yoast.com\/product\/yoast-seo-wordpress\/ -->\n<title>Hoooked - Tossa 100gr &#171; Swiss Crochet<\/title>\n<meta name=\"description\" content=\"Hoooked Tossa \u2013 100% nachhaltiges Jutegarn, perfekt f\u00fcr umweltfreundliches H\u00e4keln und Makramee. Robust, mit rustikaler Struktur f\u00fcr K\u00f6rbe, Taschen, Teppiche und Wohnaccessoires.\" \/>\n<meta name=\"robots\" content=\"index, follow, max-snippet:-1, max-image-preview:large, max-video-preview:-1\" \/>\n<link rel=\"canonical\" href=\"https:\/\/www.swisscrochet.ch\/produkt\/hoooked-tossa-100gr\/\" \/>\n<meta property=\"og:locale\" content=\"de_DE\" \/>\n<meta property=\"og:type\" content=\"article\" \/>\n<meta property=\"og:title\" content=\"Hoooked - Tossa 100gr &#171; Swiss Crochet\" \/>\n<meta property=\"og:description\" content=\"Hoooked Tossa \u2013 100% nachhaltiges Jutegarn, perfekt f\u00fcr umweltfreundliches H\u00e4keln und Makramee. Robust, mit rustikaler Struktur f\u00fcr K\u00f6rbe, Taschen, Teppiche und Wohnaccessoires.\" \/>\n<meta property=\"og:url\" content=\"https:\/\/www.swisscrochet.ch\/produkt\/hoooked-tossa-100gr\/\" \/>\n<meta property=\"og:site_name\" content=\"Swiss Crochet\" \/>\n<meta property=\"article:modified_time\" content=\"2026-01-13T19:22:53+00:00\" \/>\n<meta property=\"og:image\" content=\"https:\/\/www.swisscrochet.ch\/wp-content\/uploads\/2026\/01\/Hoooked-Tossa-Overview.jpg\" \/>\n\t<meta property=\"og:image:width\" content=\"1000\" \/>\n\t<meta property=\"og:image:height\" content=\"1000\" \/>\n\t<meta property=\"og:image:type\" content=\"image\/jpeg\" \/>\n<meta name=\"twitter:card\" content=\"summary_large_image\" \/>\n<meta name=\"twitter:label1\" content=\"Gesch\u00e4tzte Lesezeit\" \/>\n\t<meta name=\"twitter:data1\" content=\"1\u00a0Minute\" \/>\n<script type=\"application\/ld+json\" class=\"yoast-schema-graph\">{\"@context\":\"https:\\\/\\\/schema.org\",\"@graph\":[{\"@type\":[\"WebPage\",\"ItemPage\"],\"@id\":\"https:\\\/\\\/www.swisscrochet.ch\\\/produkt\\\/hoooked-tossa-100gr\\\/\",\"url\":\"https:\\\/\\\/www.swisscrochet.ch\\\/produkt\\\/hoooked-tossa-100gr\\\/\",\"name\":\"Hoooked - Tossa 100gr &#171; Swiss Crochet\",\"isPartOf\":{\"@id\":\"https:\\\/\\\/www.swisscrochet.ch\\\/#website\"},\"primaryImageOfPage\":{\"@id\":\"https:\\\/\\\/www.swisscrochet.ch\\\/produkt\\\/hoooked-tossa-100gr\\\/#primaryimage\"},\"image\":{\"@id\":\"https:\\\/\\\/www.swisscrochet.ch\\\/produkt\\\/hoooked-tossa-100gr\\\/#primaryimage\"},\"thumbnailUrl\":\"https:\\\/\\\/www.swisscrochet.ch\\\/wp-content\\\/uploads\\\/2026\\\/01\\\/Hoooked-Tossa-Overview.jpg\",\"datePublished\":\"2026-01-13T19:14:44+00:00\",\"dateModified\":\"2026-01-13T19:22:53+00:00\",\"description\":\"Hoooked Tossa \u2013 100% nachhaltiges Jutegarn, perfekt f\u00fcr umweltfreundliches H\u00e4keln und Makramee. Robust, mit rustikaler Struktur f\u00fcr K\u00f6rbe, Taschen, Teppiche und Wohnaccessoires.\",\"breadcrumb\":{\"@id\":\"https:\\\/\\\/www.swisscrochet.ch\\\/produkt\\\/hoooked-tossa-100gr\\\/#breadcrumb\"},\"inLanguage\":\"de\",\"potentialAction\":[{\"@type\":\"ReadAction\",\"target\":[\"https:\\\/\\\/www.swisscrochet.ch\\\/produkt\\\/hoooked-tossa-100gr\\\/\"]}]},{\"@type\":\"ImageObject\",\"inLanguage\":\"de\",\"@id\":\"https:\\\/\\\/www.swisscrochet.ch\\\/produkt\\\/hoooked-tossa-100gr\\\/#primaryimage\",\"url\":\"https:\\\/\\\/www.swisscrochet.ch\\\/wp-content\\\/uploads\\\/2026\\\/01\\\/Hoooked-Tossa-Overview.jpg\",\"contentUrl\":\"https:\\\/\\\/www.swisscrochet.ch\\\/wp-content\\\/uploads\\\/2026\\\/01\\\/Hoooked-Tossa-Overview.jpg\",\"width\":1000,\"height\":1000},{\"@type\":\"BreadcrumbList\",\"@id\":\"https:\\\/\\\/www.swisscrochet.ch\\\/produkt\\\/hoooked-tossa-100gr\\\/#breadcrumb\",\"itemListElement\":[{\"@type\":\"ListItem\",\"position\":1,\"name\":\"Home\",\"item\":\"https:\\\/\\\/www.swisscrochet.ch\\\/de\\\/\"},{\"@type\":\"ListItem\",\"position\":2,\"name\":\"Shop\",\"item\":\"https:\\\/\\\/www.swisscrochet.ch\\\/de\\\/shop\\\/\"},{\"@type\":\"ListItem\",\"position\":3,\"name\":\"Hoooked &#8211; Tossa 100gr\"}]},{\"@type\":\"WebSite\",\"@id\":\"https:\\\/\\\/www.swisscrochet.ch\\\/#website\",\"url\":\"https:\\\/\\\/www.swisscrochet.ch\\\/\",\"name\":\"Swiss Crochet\",\"description\":\"Entfalte dein kreatives Potenzial\",\"potentialAction\":[{\"@type\":\"SearchAction\",\"target\":{\"@type\":\"EntryPoint\",\"urlTemplate\":\"https:\\\/\\\/www.swisscrochet.ch\\\/?s={search_term_string}\"},\"query-input\":{\"@type\":\"PropertyValueSpecification\",\"valueRequired\":true,\"valueName\":\"search_term_string\"}}],\"inLanguage\":\"de\"}]}<\/script>\n<!-- \/ Yoast SEO plugin. -->","yoast_head_json":{"title":"Hoooked - Tossa 100gr &#171; Swiss Crochet","description":"Hoooked Tossa \u2013 100% nachhaltiges Jutegarn, perfekt f\u00fcr umweltfreundliches H\u00e4keln und Makramee. Robust, mit rustikaler Struktur f\u00fcr K\u00f6rbe, Taschen, Teppiche und Wohnaccessoires.","robots":{"index":"index","follow":"follow","max-snippet":"max-snippet:-1","max-image-preview":"max-image-preview:large","max-video-preview":"max-video-preview:-1"},"canonical":"https:\/\/www.swisscrochet.ch\/produkt\/hoooked-tossa-100gr\/","og_locale":"de_DE","og_type":"article","og_title":"Hoooked - Tossa 100gr &#171; Swiss Crochet","og_description":"Hoooked Tossa \u2013 100% nachhaltiges Jutegarn, perfekt f\u00fcr umweltfreundliches H\u00e4keln und Makramee. Robust, mit rustikaler Struktur f\u00fcr K\u00f6rbe, Taschen, Teppiche und Wohnaccessoires.","og_url":"https:\/\/www.swisscrochet.ch\/produkt\/hoooked-tossa-100gr\/","og_site_name":"Swiss Crochet","article_modified_time":"2026-01-13T19:22:53+00:00","og_image":[{"width":1000,"height":1000,"url":"https:\/\/www.swisscrochet.ch\/wp-content\/uploads\/2026\/01\/Hoooked-Tossa-Overview.jpg","type":"image\/jpeg"}],"twitter_card":"summary_large_image","twitter_misc":{"Gesch\u00e4tzte Lesezeit":"1\u00a0Minute"},"schema":{"@context":"https:\/\/schema.org","@graph":[{"@type":["WebPage","ItemPage"],"@id":"https:\/\/www.swisscrochet.ch\/produkt\/hoooked-tossa-100gr\/","url":"https:\/\/www.swisscrochet.ch\/produkt\/hoooked-tossa-100gr\/","name":"Hoooked - Tossa 100gr &#171; Swiss Crochet","isPartOf":{"@id":"https:\/\/www.swisscrochet.ch\/#website"},"primaryImageOfPage":{"@id":"https:\/\/www.swisscrochet.ch\/produkt\/hoooked-tossa-100gr\/#primaryimage"},"image":{"@id":"https:\/\/www.swisscrochet.ch\/produkt\/hoooked-tossa-100gr\/#primaryimage"},"thumbnailUrl":"https:\/\/www.swisscrochet.ch\/wp-content\/uploads\/2026\/01\/Hoooked-Tossa-Overview.jpg","datePublished":"2026-01-13T19:14:44+00:00","dateModified":"2026-01-13T19:22:53+00:00","description":"Hoooked Tossa \u2013 100% nachhaltiges Jutegarn, perfekt f\u00fcr umweltfreundliches H\u00e4keln und Makramee. Robust, mit rustikaler Struktur f\u00fcr K\u00f6rbe, Taschen, Teppiche und Wohnaccessoires.","breadcrumb":{"@id":"https:\/\/www.swisscrochet.ch\/produkt\/hoooked-tossa-100gr\/#breadcrumb"},"inLanguage":"de","potentialAction":[{"@type":"ReadAction","target":["https:\/\/www.swisscrochet.ch\/produkt\/hoooked-tossa-100gr\/"]}]},{"@type":"ImageObject","inLanguage":"de","@id":"https:\/\/www.swisscrochet.ch\/produkt\/hoooked-tossa-100gr\/#primaryimage","url":"https:\/\/www.swisscrochet.ch\/wp-content\/uploads\/2026\/01\/Hoooked-Tossa-Overview.jpg","contentUrl":"https:\/\/www.swisscrochet.ch\/wp-content\/uploads\/2026\/01\/Hoooked-Tossa-Overview.jpg","width":1000,"height":1000},{"@type":"BreadcrumbList","@id":"https:\/\/www.swisscrochet.ch\/produkt\/hoooked-tossa-100gr\/#breadcrumb","itemListElement":[{"@type":"ListItem","position":1,"name":"Home","item":"https:\/\/www.swisscrochet.ch\/de\/"},{"@type":"ListItem","position":2,"name":"Shop","item":"https:\/\/www.swisscrochet.ch\/de\/shop\/"},{"@type":"ListItem","position":3,"name":"Hoooked &#8211; Tossa 100gr"}]},{"@type":"WebSite","@id":"https:\/\/www.swisscrochet.ch\/#website","url":"https:\/\/www.swisscrochet.ch\/","name":"Swiss Crochet","description":"Entfalte dein kreatives Potenzial","potentialAction":[{"@type":"SearchAction","target":{"@type":"EntryPoint","urlTemplate":"https:\/\/www.swisscrochet.ch\/?s={search_term_string}"},"query-input":{"@type":"PropertyValueSpecification","valueRequired":true,"valueName":"search_term_string"}}],"inLanguage":"de"}]}},"_links":{"self":[{"href":"https:\/\/www.swisscrochet.ch\/de\/wp-json\/wp\/v2\/product\/20151","targetHints":{"allow":["GET"]}}],"collection":[{"href":"https:\/\/www.swisscrochet.ch\/de\/wp-json\/wp\/v2\/product"}],"about":[{"href":"https:\/\/www.swisscrochet.ch\/de\/wp-json\/wp\/v2\/types\/product"}],"wp:featuredmedia":[{"embeddable":true,"href":"https:\/\/www.swisscrochet.ch\/de\/wp-json\/wp\/v2\/media\/20001"}],"wp:attachment":[{"href":"https:\/\/www.swisscrochet.ch\/de\/wp-json\/wp\/v2\/media?parent=20151"}],"wp:term":[{"taxonomy":"product_brand","embeddable":true,"href":"https:\/\/www.swisscrochet.ch\/de\/wp-json\/wp\/v2\/product_brand?post=20151"},{"taxonomy":"product_cat","embeddable":true,"href":"https:\/\/www.swisscrochet.ch\/de\/wp-json\/wp\/v2\/product_cat?post=20151"},{"taxonomy":"product_tag","embeddable":true,"href":"https:\/\/www.swisscrochet.ch\/de\/wp-json\/wp\/v2\/product_tag?post=20151"}],"curies":[{"name":"wp","href":"https:\/\/api.w.org\/{rel}","templated":true}]}}