{"id":20509,"date":"2026-01-23T20:02:58","date_gmt":"2026-01-23T19:02:58","guid":{"rendered":"https:\/\/www.swisscrochet.ch\/product\/scheepjes-cool-stuff\/"},"modified":"2026-01-23T20:12:54","modified_gmt":"2026-01-23T19:12:54","slug":"scheepjes-cool-stuff","status":"publish","type":"product","link":"https:\/\/www.swisscrochet.ch\/de\/produkt\/scheepjes-cool-stuff\/","title":{"rendered":"Scheepjes &#8211; Cool Stuff"},"content":{"rendered":"","protected":false},"excerpt":{"rendered":"<p>Scheepjes Cool Stuff ist ein Jumbo-Garn aus 100% recyceltem Polyester. Es besteht aus einem Jersey-Stoffschlauch, der mit weichen Fasern gef\u00fcllt ist. So entsteht ein innovatives Garn, das klare Maschendefinition mit angenehm gepolstertem Komfort verbindet.<\/p>\n<p>F\u00fcr Cool Stuff brauchst du keine Nadeln \u2014 es l\u00e4sst sich ganz einfach mit den Fingern h\u00e4keln und ist damit eine spielerische und zug\u00e4ngliche Wahl f\u00fcr moderne, auff\u00e4llige Projekte.<\/p>\n<p>Cool Stuff eignet sich ideal f\u00fcr extra grosse Home-Deko und ausdrucksstarke Accessoires. Die \u00fcbergrossen Maschen machen es schnell und besonders befriedigend, handgemachte Kissen, Decken, K\u00f6rbe und Taschen zu fertigen.<\/p>\n<p>Die abgebildete Maschenprobe wurde in der Waschmaschine gewaschen (Normalprogramm bei 40 \u00b0C) und dampfgeb\u00fcgelt.<\/p>\n<p style=\"text-align: left;\"><strong>Assimina\u2019s Profi-Tipp:<\/strong> <em>Da der Hauptk\u00f6rper dieses Garns aus einem Jersey-Stoff besteht, der sehr leicht ausfranst, empfiehlt es sich, die Enden sorgf\u00e4ltig zu sichern. Verbinde neue Kn\u00e4uel, indem du die Enden von Hand zusammenn\u00e4hst, und verschliesse alle offenen Enden durch Zusammenn\u00e4hen.<\/em><\/p>\n<p>Entdecke die Magie von Cool Stuff \u2014 w\u00e4hle deine Lieblingsfarbe und starte noch heute dein n\u00e4chstes mutiges Kreativprojekt!<\/p>\n","protected":false},"featured_media":20491,"template":"","meta":[],"product_brand":[],"product_cat":[226,1881],"product_tag":[],"class_list":{"0":"post-20509","1":"product","2":"type-product","3":"status-publish","4":"has-post-thumbnail","6":"product_cat-garne","7":"product_cat-garn-taschen-und-home-decor","8":"pa_y1-brand-scheepjes-de","9":"pa_y17-yarn-weight-jumbo-de","10":"description-off","12":"first","13":"instock","14":"taxable","15":"shipping-taxable","16":"purchasable","17":"product-type-variable","18":"wvs-archive-product-wrapper"},"bundled_by":[],"bundle_stock_status":"instock","bundle_stock_quantity":null,"bundle_virtual":false,"bundle_layout":"","bundle_add_to_cart_form_location":"","bundle_editable_in_cart":false,"bundle_sold_individually_context":"","bundle_item_grouping":"","bundle_min_size":"","bundle_max_size":"","bundle_price":[],"bundled_items":[],"bundle_sell_ids":[],"yoast_head":"<!-- This site is optimized with the Yoast SEO plugin v27.5 - https:\/\/yoast.com\/product\/yoast-seo-wordpress\/ -->\n<title>Scheepjes - Cool Stuff &#171; Swiss Crochet<\/title>\n<meta name=\"description\" content=\"Scheepjes Cool Stuff ist ein Jumbo-Garn aus recyceltem Polyester, perfekt f\u00fcr Fingerh\u00e4keln und auff\u00e4llige Home-Deko-Projekte wie Decken, Kissen, K\u00f6rbe und Taschen.\" \/>\n<meta name=\"robots\" content=\"index, follow, max-snippet:-1, max-image-preview:large, max-video-preview:-1\" \/>\n<link rel=\"canonical\" href=\"https:\/\/www.swisscrochet.ch\/de\/produkt\/scheepjes-cool-stuff\/\" \/>\n<meta property=\"og:locale\" content=\"de_DE\" \/>\n<meta property=\"og:type\" content=\"article\" \/>\n<meta property=\"og:title\" content=\"Scheepjes - Cool Stuff &#171; Swiss Crochet\" \/>\n<meta property=\"og:description\" content=\"Scheepjes Cool Stuff ist ein Jumbo-Garn aus recyceltem Polyester, perfekt f\u00fcr Fingerh\u00e4keln und auff\u00e4llige Home-Deko-Projekte wie Decken, Kissen, K\u00f6rbe und Taschen.\" \/>\n<meta property=\"og:url\" content=\"https:\/\/www.swisscrochet.ch\/de\/produkt\/scheepjes-cool-stuff\/\" \/>\n<meta property=\"og:site_name\" content=\"Swiss Crochet\" \/>\n<meta property=\"article:modified_time\" content=\"2026-01-23T19:12:54+00:00\" \/>\n<meta property=\"og:image\" content=\"https:\/\/www.swisscrochet.ch\/wp-content\/uploads\/2026\/01\/Scheepjes-Cool-Stuff-Overview.jpg\" \/>\n\t<meta property=\"og:image:width\" content=\"1000\" \/>\n\t<meta property=\"og:image:height\" content=\"1000\" \/>\n\t<meta property=\"og:image:type\" content=\"image\/jpeg\" \/>\n<meta name=\"twitter:card\" content=\"summary_large_image\" \/>\n<meta name=\"twitter:label1\" content=\"Gesch\u00e4tzte Lesezeit\" \/>\n\t<meta name=\"twitter:data1\" content=\"1\u00a0Minute\" \/>\n<script type=\"application\/ld+json\" class=\"yoast-schema-graph\">{\"@context\":\"https:\\\/\\\/schema.org\",\"@graph\":[{\"@type\":[\"WebPage\",\"ItemPage\"],\"@id\":\"https:\\\/\\\/www.swisscrochet.ch\\\/de\\\/produkt\\\/scheepjes-cool-stuff\\\/\",\"url\":\"https:\\\/\\\/www.swisscrochet.ch\\\/de\\\/produkt\\\/scheepjes-cool-stuff\\\/\",\"name\":\"Scheepjes - Cool Stuff &#171; Swiss Crochet\",\"isPartOf\":{\"@id\":\"https:\\\/\\\/www.swisscrochet.ch\\\/#website\"},\"primaryImageOfPage\":{\"@id\":\"https:\\\/\\\/www.swisscrochet.ch\\\/de\\\/produkt\\\/scheepjes-cool-stuff\\\/#primaryimage\"},\"image\":{\"@id\":\"https:\\\/\\\/www.swisscrochet.ch\\\/de\\\/produkt\\\/scheepjes-cool-stuff\\\/#primaryimage\"},\"thumbnailUrl\":\"https:\\\/\\\/www.swisscrochet.ch\\\/wp-content\\\/uploads\\\/2026\\\/01\\\/Scheepjes-Cool-Stuff-Overview.jpg\",\"datePublished\":\"2026-01-23T19:02:58+00:00\",\"dateModified\":\"2026-01-23T19:12:54+00:00\",\"description\":\"Scheepjes Cool Stuff ist ein Jumbo-Garn aus recyceltem Polyester, perfekt f\u00fcr Fingerh\u00e4keln und auff\u00e4llige Home-Deko-Projekte wie Decken, Kissen, K\u00f6rbe und Taschen.\",\"breadcrumb\":{\"@id\":\"https:\\\/\\\/www.swisscrochet.ch\\\/de\\\/produkt\\\/scheepjes-cool-stuff\\\/#breadcrumb\"},\"inLanguage\":\"de\",\"potentialAction\":[{\"@type\":\"ReadAction\",\"target\":[\"https:\\\/\\\/www.swisscrochet.ch\\\/de\\\/produkt\\\/scheepjes-cool-stuff\\\/\"]}]},{\"@type\":\"ImageObject\",\"inLanguage\":\"de\",\"@id\":\"https:\\\/\\\/www.swisscrochet.ch\\\/de\\\/produkt\\\/scheepjes-cool-stuff\\\/#primaryimage\",\"url\":\"https:\\\/\\\/www.swisscrochet.ch\\\/wp-content\\\/uploads\\\/2026\\\/01\\\/Scheepjes-Cool-Stuff-Overview.jpg\",\"contentUrl\":\"https:\\\/\\\/www.swisscrochet.ch\\\/wp-content\\\/uploads\\\/2026\\\/01\\\/Scheepjes-Cool-Stuff-Overview.jpg\",\"width\":1000,\"height\":1000},{\"@type\":\"BreadcrumbList\",\"@id\":\"https:\\\/\\\/www.swisscrochet.ch\\\/de\\\/produkt\\\/scheepjes-cool-stuff\\\/#breadcrumb\",\"itemListElement\":[{\"@type\":\"ListItem\",\"position\":1,\"name\":\"Home\",\"item\":\"https:\\\/\\\/www.swisscrochet.ch\\\/de\\\/\"},{\"@type\":\"ListItem\",\"position\":2,\"name\":\"Shop\",\"item\":\"https:\\\/\\\/www.swisscrochet.ch\\\/de\\\/shop\\\/\"},{\"@type\":\"ListItem\",\"position\":3,\"name\":\"Scheepjes &#8211; Cool Stuff\"}]},{\"@type\":\"WebSite\",\"@id\":\"https:\\\/\\\/www.swisscrochet.ch\\\/#website\",\"url\":\"https:\\\/\\\/www.swisscrochet.ch\\\/\",\"name\":\"Swiss Crochet\",\"description\":\"Entfalte dein kreatives Potenzial\",\"potentialAction\":[{\"@type\":\"SearchAction\",\"target\":{\"@type\":\"EntryPoint\",\"urlTemplate\":\"https:\\\/\\\/www.swisscrochet.ch\\\/?s={search_term_string}\"},\"query-input\":{\"@type\":\"PropertyValueSpecification\",\"valueRequired\":true,\"valueName\":\"search_term_string\"}}],\"inLanguage\":\"de\"}]}<\/script>\n<!-- \/ Yoast SEO plugin. -->","yoast_head_json":{"title":"Scheepjes - Cool Stuff &#171; Swiss Crochet","description":"Scheepjes Cool Stuff ist ein Jumbo-Garn aus recyceltem Polyester, perfekt f\u00fcr Fingerh\u00e4keln und auff\u00e4llige Home-Deko-Projekte wie Decken, Kissen, K\u00f6rbe und Taschen.","robots":{"index":"index","follow":"follow","max-snippet":"max-snippet:-1","max-image-preview":"max-image-preview:large","max-video-preview":"max-video-preview:-1"},"canonical":"https:\/\/www.swisscrochet.ch\/de\/produkt\/scheepjes-cool-stuff\/","og_locale":"de_DE","og_type":"article","og_title":"Scheepjes - Cool Stuff &#171; Swiss Crochet","og_description":"Scheepjes Cool Stuff ist ein Jumbo-Garn aus recyceltem Polyester, perfekt f\u00fcr Fingerh\u00e4keln und auff\u00e4llige Home-Deko-Projekte wie Decken, Kissen, K\u00f6rbe und Taschen.","og_url":"https:\/\/www.swisscrochet.ch\/de\/produkt\/scheepjes-cool-stuff\/","og_site_name":"Swiss Crochet","article_modified_time":"2026-01-23T19:12:54+00:00","og_image":[{"width":1000,"height":1000,"url":"https:\/\/www.swisscrochet.ch\/wp-content\/uploads\/2026\/01\/Scheepjes-Cool-Stuff-Overview.jpg","type":"image\/jpeg"}],"twitter_card":"summary_large_image","twitter_misc":{"Gesch\u00e4tzte Lesezeit":"1\u00a0Minute"},"schema":{"@context":"https:\/\/schema.org","@graph":[{"@type":["WebPage","ItemPage"],"@id":"https:\/\/www.swisscrochet.ch\/de\/produkt\/scheepjes-cool-stuff\/","url":"https:\/\/www.swisscrochet.ch\/de\/produkt\/scheepjes-cool-stuff\/","name":"Scheepjes - Cool Stuff &#171; Swiss Crochet","isPartOf":{"@id":"https:\/\/www.swisscrochet.ch\/#website"},"primaryImageOfPage":{"@id":"https:\/\/www.swisscrochet.ch\/de\/produkt\/scheepjes-cool-stuff\/#primaryimage"},"image":{"@id":"https:\/\/www.swisscrochet.ch\/de\/produkt\/scheepjes-cool-stuff\/#primaryimage"},"thumbnailUrl":"https:\/\/www.swisscrochet.ch\/wp-content\/uploads\/2026\/01\/Scheepjes-Cool-Stuff-Overview.jpg","datePublished":"2026-01-23T19:02:58+00:00","dateModified":"2026-01-23T19:12:54+00:00","description":"Scheepjes Cool Stuff ist ein Jumbo-Garn aus recyceltem Polyester, perfekt f\u00fcr Fingerh\u00e4keln und auff\u00e4llige Home-Deko-Projekte wie Decken, Kissen, K\u00f6rbe und Taschen.","breadcrumb":{"@id":"https:\/\/www.swisscrochet.ch\/de\/produkt\/scheepjes-cool-stuff\/#breadcrumb"},"inLanguage":"de","potentialAction":[{"@type":"ReadAction","target":["https:\/\/www.swisscrochet.ch\/de\/produkt\/scheepjes-cool-stuff\/"]}]},{"@type":"ImageObject","inLanguage":"de","@id":"https:\/\/www.swisscrochet.ch\/de\/produkt\/scheepjes-cool-stuff\/#primaryimage","url":"https:\/\/www.swisscrochet.ch\/wp-content\/uploads\/2026\/01\/Scheepjes-Cool-Stuff-Overview.jpg","contentUrl":"https:\/\/www.swisscrochet.ch\/wp-content\/uploads\/2026\/01\/Scheepjes-Cool-Stuff-Overview.jpg","width":1000,"height":1000},{"@type":"BreadcrumbList","@id":"https:\/\/www.swisscrochet.ch\/de\/produkt\/scheepjes-cool-stuff\/#breadcrumb","itemListElement":[{"@type":"ListItem","position":1,"name":"Home","item":"https:\/\/www.swisscrochet.ch\/de\/"},{"@type":"ListItem","position":2,"name":"Shop","item":"https:\/\/www.swisscrochet.ch\/de\/shop\/"},{"@type":"ListItem","position":3,"name":"Scheepjes &#8211; Cool Stuff"}]},{"@type":"WebSite","@id":"https:\/\/www.swisscrochet.ch\/#website","url":"https:\/\/www.swisscrochet.ch\/","name":"Swiss Crochet","description":"Entfalte dein kreatives Potenzial","potentialAction":[{"@type":"SearchAction","target":{"@type":"EntryPoint","urlTemplate":"https:\/\/www.swisscrochet.ch\/?s={search_term_string}"},"query-input":{"@type":"PropertyValueSpecification","valueRequired":true,"valueName":"search_term_string"}}],"inLanguage":"de"}]}},"_links":{"self":[{"href":"https:\/\/www.swisscrochet.ch\/de\/wp-json\/wp\/v2\/product\/20509","targetHints":{"allow":["GET"]}}],"collection":[{"href":"https:\/\/www.swisscrochet.ch\/de\/wp-json\/wp\/v2\/product"}],"about":[{"href":"https:\/\/www.swisscrochet.ch\/de\/wp-json\/wp\/v2\/types\/product"}],"wp:featuredmedia":[{"embeddable":true,"href":"https:\/\/www.swisscrochet.ch\/de\/wp-json\/wp\/v2\/media\/20491"}],"wp:attachment":[{"href":"https:\/\/www.swisscrochet.ch\/de\/wp-json\/wp\/v2\/media?parent=20509"}],"wp:term":[{"taxonomy":"product_brand","embeddable":true,"href":"https:\/\/www.swisscrochet.ch\/de\/wp-json\/wp\/v2\/product_brand?post=20509"},{"taxonomy":"product_cat","embeddable":true,"href":"https:\/\/www.swisscrochet.ch\/de\/wp-json\/wp\/v2\/product_cat?post=20509"},{"taxonomy":"product_tag","embeddable":true,"href":"https:\/\/www.swisscrochet.ch\/de\/wp-json\/wp\/v2\/product_tag?post=20509"}],"curies":[{"name":"wp","href":"https:\/\/api.w.org\/{rel}","templated":true}]}}