{"id":2092,"date":"2024-12-27T17:13:01","date_gmt":"2024-12-27T16:13:01","guid":{"rendered":"https:\/\/www.swisscrochet.ch\/product\/scheepjes-catona-colour-pack\/"},"modified":"2026-03-15T21:07:43","modified_gmt":"2026-03-15T20:07:43","slug":"scheepjes-catona-colour-pack","status":"publish","type":"product","link":"https:\/\/www.swisscrochet.ch\/de\/produkt\/scheepjes-catona-colour-pack\/","title":{"rendered":"Scheepjes &#8211; Catona Colour Pack"},"content":{"rendered":"","protected":false},"excerpt":{"rendered":"<p>Entfessle deine Kreativit\u00e4t mit dem Catona Colour Pack!<\/p>\n<p>Mit allen 109 Farben von Scheepjes Catona in niedlichen 10g-Mini-Kn\u00e4ueln bietet dieses Set 2746,8 Meter Baumwollgarn. Perfekt zum H\u00e4keln eines grossen Projekts wie einer Decke, zum Erstellen mehrerer kleinerer St\u00fccke oder zum Experimentieren mit lebendigen Farbkombinationen.<\/p>\n<p>Mit diesem Garnset erh\u00e4ltst du:<\/p>\n<ul>\n<li>109 Mini-Kn\u00e4uel Scheepjes Catona (100 % Baumwolle \u2013 je 10 g \/ 25,2 m)<\/li>\n<\/ul>\n<p>&nbsp;<\/p>\n<p>Hinweis: Dieses Garnset enth\u00e4lt nur Garn. Keine Anleitung oder H\u00e4kelnadeln\/Zubeh\u00f6r sind enthalten.<\/p>\n","protected":false},"featured_media":3841,"template":"","meta":[],"product_brand":[],"product_cat":[332,1676],"product_tag":[],"class_list":{"0":"post-2092","1":"product","2":"type-product","3":"status-publish","4":"has-post-thumbnail","6":"product_cat-garnkits","7":"product_cat-garnkits-garnpakete","8":"pa_t1-manufacturer-scheepjes-de","9":"description-off","11":"first","12":"instock","13":"taxable","14":"shipping-taxable","15":"purchasable","16":"product-type-simple"},"bundled_by":[],"bundle_stock_status":"instock","bundle_stock_quantity":3,"bundle_virtual":false,"bundle_layout":"","bundle_add_to_cart_form_location":"","bundle_editable_in_cart":false,"bundle_sold_individually_context":"","bundle_item_grouping":"","bundle_min_size":"","bundle_max_size":"","bundle_price":[],"bundled_items":[],"bundle_sell_ids":[],"yoast_head":"<!-- This site is optimized with the Yoast SEO plugin v27.5 - https:\/\/yoast.com\/product\/yoast-seo-wordpress\/ -->\n<title>Scheepjes - Catona Colour Pack &#171; Swiss Crochet<\/title>\n<meta name=\"robots\" content=\"index, follow, max-snippet:-1, max-image-preview:large, max-video-preview:-1\" \/>\n<link rel=\"canonical\" href=\"https:\/\/www.swisscrochet.ch\/de\/produkt\/scheepjes-catona-colour-pack\/\" \/>\n<meta property=\"og:locale\" content=\"de_DE\" \/>\n<meta property=\"og:type\" content=\"article\" \/>\n<meta property=\"og:title\" content=\"Scheepjes - Catona Colour Pack &#171; Swiss Crochet\" \/>\n<meta property=\"og:description\" content=\"Entfessle deine Kreativit\u00e4t mit dem Catona Colour Pack!  Mit allen 109 Farben von Scheepjes Catona in niedlichen 10g-Mini-Kn\u00e4ueln bietet dieses Set 2746,8 Meter Baumwollgarn. Perfekt zum H\u00e4keln eines grossen Projekts wie einer Decke, zum Erstellen mehrerer kleinerer St\u00fccke oder zum Experimentieren mit lebendigen Farbkombinationen.  Mit diesem Garnset erh\u00e4ltst du:   109 Mini-Kn\u00e4uel Scheepjes Catona (100 % Baumwolle \u2013 je 10 g \/ 25,2 m)  &nbsp;  Hinweis: Dieses Garnset enth\u00e4lt nur Garn. Keine Anleitung oder H\u00e4kelnadeln\/Zubeh\u00f6r sind enthalten.\" \/>\n<meta property=\"og:url\" content=\"https:\/\/www.swisscrochet.ch\/de\/produkt\/scheepjes-catona-colour-pack\/\" \/>\n<meta property=\"og:site_name\" content=\"Swiss Crochet\" \/>\n<meta property=\"article:modified_time\" content=\"2026-03-15T20:07:43+00:00\" \/>\n<meta property=\"og:image\" content=\"https:\/\/www.swisscrochet.ch\/wp-content\/uploads\/2025\/01\/Scheepjes-Catona-Colour-Pack-Overview.jpg\" \/>\n\t<meta property=\"og:image:width\" content=\"1000\" \/>\n\t<meta property=\"og:image:height\" content=\"1000\" \/>\n\t<meta property=\"og:image:type\" content=\"image\/jpeg\" \/>\n<meta name=\"twitter:card\" content=\"summary_large_image\" \/>\n<script type=\"application\/ld+json\" class=\"yoast-schema-graph\">{\"@context\":\"https:\\\/\\\/schema.org\",\"@graph\":[{\"@type\":[\"WebPage\",\"ItemPage\"],\"@id\":\"https:\\\/\\\/www.swisscrochet.ch\\\/de\\\/produkt\\\/scheepjes-catona-colour-pack\\\/\",\"url\":\"https:\\\/\\\/www.swisscrochet.ch\\\/de\\\/produkt\\\/scheepjes-catona-colour-pack\\\/\",\"name\":\"Scheepjes - Catona Colour Pack &#171; Swiss Crochet\",\"isPartOf\":{\"@id\":\"https:\\\/\\\/www.swisscrochet.ch\\\/#website\"},\"primaryImageOfPage\":{\"@id\":\"https:\\\/\\\/www.swisscrochet.ch\\\/de\\\/produkt\\\/scheepjes-catona-colour-pack\\\/#primaryimage\"},\"image\":{\"@id\":\"https:\\\/\\\/www.swisscrochet.ch\\\/de\\\/produkt\\\/scheepjes-catona-colour-pack\\\/#primaryimage\"},\"thumbnailUrl\":\"https:\\\/\\\/www.swisscrochet.ch\\\/wp-content\\\/uploads\\\/2025\\\/01\\\/Scheepjes-Catona-Colour-Pack-Overview.jpg\",\"datePublished\":\"2024-12-27T16:13:01+00:00\",\"dateModified\":\"2026-03-15T20:07:43+00:00\",\"breadcrumb\":{\"@id\":\"https:\\\/\\\/www.swisscrochet.ch\\\/de\\\/produkt\\\/scheepjes-catona-colour-pack\\\/#breadcrumb\"},\"inLanguage\":\"de\",\"potentialAction\":[{\"@type\":\"ReadAction\",\"target\":[\"https:\\\/\\\/www.swisscrochet.ch\\\/de\\\/produkt\\\/scheepjes-catona-colour-pack\\\/\"]}]},{\"@type\":\"ImageObject\",\"inLanguage\":\"de\",\"@id\":\"https:\\\/\\\/www.swisscrochet.ch\\\/de\\\/produkt\\\/scheepjes-catona-colour-pack\\\/#primaryimage\",\"url\":\"https:\\\/\\\/www.swisscrochet.ch\\\/wp-content\\\/uploads\\\/2025\\\/01\\\/Scheepjes-Catona-Colour-Pack-Overview.jpg\",\"contentUrl\":\"https:\\\/\\\/www.swisscrochet.ch\\\/wp-content\\\/uploads\\\/2025\\\/01\\\/Scheepjes-Catona-Colour-Pack-Overview.jpg\",\"width\":1000,\"height\":1000},{\"@type\":\"BreadcrumbList\",\"@id\":\"https:\\\/\\\/www.swisscrochet.ch\\\/de\\\/produkt\\\/scheepjes-catona-colour-pack\\\/#breadcrumb\",\"itemListElement\":[{\"@type\":\"ListItem\",\"position\":1,\"name\":\"Home\",\"item\":\"https:\\\/\\\/www.swisscrochet.ch\\\/de\\\/\"},{\"@type\":\"ListItem\",\"position\":2,\"name\":\"Shop\",\"item\":\"https:\\\/\\\/www.swisscrochet.ch\\\/de\\\/shop\\\/\"},{\"@type\":\"ListItem\",\"position\":3,\"name\":\"Scheepjes &#8211; Catona Colour Pack\"}]},{\"@type\":\"WebSite\",\"@id\":\"https:\\\/\\\/www.swisscrochet.ch\\\/#website\",\"url\":\"https:\\\/\\\/www.swisscrochet.ch\\\/\",\"name\":\"Swiss Crochet\",\"description\":\"Entfalte dein kreatives Potenzial\",\"potentialAction\":[{\"@type\":\"SearchAction\",\"target\":{\"@type\":\"EntryPoint\",\"urlTemplate\":\"https:\\\/\\\/www.swisscrochet.ch\\\/?s={search_term_string}\"},\"query-input\":{\"@type\":\"PropertyValueSpecification\",\"valueRequired\":true,\"valueName\":\"search_term_string\"}}],\"inLanguage\":\"de\"}]}<\/script>\n<!-- \/ Yoast SEO plugin. -->","yoast_head_json":{"title":"Scheepjes - Catona Colour Pack &#171; Swiss Crochet","robots":{"index":"index","follow":"follow","max-snippet":"max-snippet:-1","max-image-preview":"max-image-preview:large","max-video-preview":"max-video-preview:-1"},"canonical":"https:\/\/www.swisscrochet.ch\/de\/produkt\/scheepjes-catona-colour-pack\/","og_locale":"de_DE","og_type":"article","og_title":"Scheepjes - Catona Colour Pack &#171; Swiss Crochet","og_description":"Entfessle deine Kreativit\u00e4t mit dem Catona Colour Pack!  Mit allen 109 Farben von Scheepjes Catona in niedlichen 10g-Mini-Kn\u00e4ueln bietet dieses Set 2746,8 Meter Baumwollgarn. Perfekt zum H\u00e4keln eines grossen Projekts wie einer Decke, zum Erstellen mehrerer kleinerer St\u00fccke oder zum Experimentieren mit lebendigen Farbkombinationen.  Mit diesem Garnset erh\u00e4ltst du:   109 Mini-Kn\u00e4uel Scheepjes Catona (100 % Baumwolle \u2013 je 10 g \/ 25,2 m)  &nbsp;  Hinweis: Dieses Garnset enth\u00e4lt nur Garn. Keine Anleitung oder H\u00e4kelnadeln\/Zubeh\u00f6r sind enthalten.","og_url":"https:\/\/www.swisscrochet.ch\/de\/produkt\/scheepjes-catona-colour-pack\/","og_site_name":"Swiss Crochet","article_modified_time":"2026-03-15T20:07:43+00:00","og_image":[{"width":1000,"height":1000,"url":"https:\/\/www.swisscrochet.ch\/wp-content\/uploads\/2025\/01\/Scheepjes-Catona-Colour-Pack-Overview.jpg","type":"image\/jpeg"}],"twitter_card":"summary_large_image","schema":{"@context":"https:\/\/schema.org","@graph":[{"@type":["WebPage","ItemPage"],"@id":"https:\/\/www.swisscrochet.ch\/de\/produkt\/scheepjes-catona-colour-pack\/","url":"https:\/\/www.swisscrochet.ch\/de\/produkt\/scheepjes-catona-colour-pack\/","name":"Scheepjes - Catona Colour Pack &#171; Swiss Crochet","isPartOf":{"@id":"https:\/\/www.swisscrochet.ch\/#website"},"primaryImageOfPage":{"@id":"https:\/\/www.swisscrochet.ch\/de\/produkt\/scheepjes-catona-colour-pack\/#primaryimage"},"image":{"@id":"https:\/\/www.swisscrochet.ch\/de\/produkt\/scheepjes-catona-colour-pack\/#primaryimage"},"thumbnailUrl":"https:\/\/www.swisscrochet.ch\/wp-content\/uploads\/2025\/01\/Scheepjes-Catona-Colour-Pack-Overview.jpg","datePublished":"2024-12-27T16:13:01+00:00","dateModified":"2026-03-15T20:07:43+00:00","breadcrumb":{"@id":"https:\/\/www.swisscrochet.ch\/de\/produkt\/scheepjes-catona-colour-pack\/#breadcrumb"},"inLanguage":"de","potentialAction":[{"@type":"ReadAction","target":["https:\/\/www.swisscrochet.ch\/de\/produkt\/scheepjes-catona-colour-pack\/"]}]},{"@type":"ImageObject","inLanguage":"de","@id":"https:\/\/www.swisscrochet.ch\/de\/produkt\/scheepjes-catona-colour-pack\/#primaryimage","url":"https:\/\/www.swisscrochet.ch\/wp-content\/uploads\/2025\/01\/Scheepjes-Catona-Colour-Pack-Overview.jpg","contentUrl":"https:\/\/www.swisscrochet.ch\/wp-content\/uploads\/2025\/01\/Scheepjes-Catona-Colour-Pack-Overview.jpg","width":1000,"height":1000},{"@type":"BreadcrumbList","@id":"https:\/\/www.swisscrochet.ch\/de\/produkt\/scheepjes-catona-colour-pack\/#breadcrumb","itemListElement":[{"@type":"ListItem","position":1,"name":"Home","item":"https:\/\/www.swisscrochet.ch\/de\/"},{"@type":"ListItem","position":2,"name":"Shop","item":"https:\/\/www.swisscrochet.ch\/de\/shop\/"},{"@type":"ListItem","position":3,"name":"Scheepjes &#8211; Catona Colour Pack"}]},{"@type":"WebSite","@id":"https:\/\/www.swisscrochet.ch\/#website","url":"https:\/\/www.swisscrochet.ch\/","name":"Swiss Crochet","description":"Entfalte dein kreatives Potenzial","potentialAction":[{"@type":"SearchAction","target":{"@type":"EntryPoint","urlTemplate":"https:\/\/www.swisscrochet.ch\/?s={search_term_string}"},"query-input":{"@type":"PropertyValueSpecification","valueRequired":true,"valueName":"search_term_string"}}],"inLanguage":"de"}]}},"_links":{"self":[{"href":"https:\/\/www.swisscrochet.ch\/de\/wp-json\/wp\/v2\/product\/2092","targetHints":{"allow":["GET"]}}],"collection":[{"href":"https:\/\/www.swisscrochet.ch\/de\/wp-json\/wp\/v2\/product"}],"about":[{"href":"https:\/\/www.swisscrochet.ch\/de\/wp-json\/wp\/v2\/types\/product"}],"wp:featuredmedia":[{"embeddable":true,"href":"https:\/\/www.swisscrochet.ch\/de\/wp-json\/wp\/v2\/media\/3841"}],"wp:attachment":[{"href":"https:\/\/www.swisscrochet.ch\/de\/wp-json\/wp\/v2\/media?parent=2092"}],"wp:term":[{"taxonomy":"product_brand","embeddable":true,"href":"https:\/\/www.swisscrochet.ch\/de\/wp-json\/wp\/v2\/product_brand?post=2092"},{"taxonomy":"product_cat","embeddable":true,"href":"https:\/\/www.swisscrochet.ch\/de\/wp-json\/wp\/v2\/product_cat?post=2092"},{"taxonomy":"product_tag","embeddable":true,"href":"https:\/\/www.swisscrochet.ch\/de\/wp-json\/wp\/v2\/product_tag?post=2092"}],"curies":[{"name":"wp","href":"https:\/\/api.w.org\/{rel}","templated":true}]}}