{"id":2113,"date":"2024-12-27T20:45:02","date_gmt":"2024-12-27T19:45:02","guid":{"rendered":"https:\/\/www.swisscrochet.ch\/product\/uber-den-traum-kimansi\/"},"modified":"2025-01-16T16:13:43","modified_gmt":"2025-01-16T15:13:43","slug":"uber-den-traum-kimansi","status":"publish","type":"product","link":"https:\/\/www.swisscrochet.ch\/de\/produkt\/uber-den-traum-kimansi\/","title":{"rendered":"\u00dcber den Traum &#8211; Kimansi"},"content":{"rendered":"<p><strong>Garn<\/strong><br \/>\nGelb-Orange Modell:<br \/>\nLana Grossa Puno Due<br \/>\nDK \/ 8 ply \/ 11 wpi \/ 63% Bauwolle, 37% Alpaka<br \/>\n210 Meter &#8211; 230 Yard \/ 50 Gramm<br \/>\nFarbe: 7<br \/>\n3(3, 4, 4, 5, 5, 6, 6, 7) Kna\u0308uel<\/p>\n<p>&#8211;&gt; F\u00fcr dieses Projekt kannst du das Garn <a href=\"https:\/\/www.swisscrochet.ch\/de\/product\/swiss-crochet-kirke\/\">Swiss Crochet Kirke<\/a> verwenden.<\/p>\n<p><strong>H\u00e4kelnadel<\/strong><br \/>\n3.5 mm \/ US E oder Gr\u00f6sse um die Maschenprobe zu erreichen<\/p>\n<p><strong>Mercerie<\/strong><br \/>\nN\u00e4hnadel<\/p>\n<p><strong>Maschenprobe<\/strong><br \/>\n3.5 Wiederholungen \/ 3.5 Wiederholungen = 10 cm (4 inches) Quadrat in Lochmuster<\/p>\n<p><strong>Gr\u00f6sse<\/strong><br \/>\nXS(S, M, L, 1X, 2X, 3X, 4X, 5X)<\/p>\n<p>f\u00fcr einen Brustumfang von 76(86, 96, 106, 117, 127, 137, 147, 158) cm \/ 30(34, 38, 42, 46, 50, 54, 58, 62) inches.<\/p>\n<p>Der Beispiel ist in Gr\u00f6sse M.<\/p>\n<p><strong>Voraussetzungen \/ Verwendete Techniken<\/strong><\/p>\n<ul>\n<li style=\"list-style-type: none;\">\n<ul>\n<li>Grundh\u00e4kelmaschen<\/li>\n<li>Zunehmen, Abnehmen<\/li>\n<li>In Reihen arbeiten<\/li>\n<li>Foundation single crochet<\/li>\n<li>N\u00e4hen<\/li>\n<\/ul>\n<\/li>\n<\/ul>\n<p>&nbsp;<\/p>\n<p>\u00a92017 \u00dcber den Traum &#8211; for personal use. No reprinting, redistributing or reselling of these instructions. Selling finished items is permitted, as long as the following statement is included: (in both print &amp; digital format) \u201c Design by Asimina Saranti of <a href=\"http:\/\/www.uberdentraum.com\">www.uberdentraum.com<\/a> \u201d. (live link please!)<\/p>\n","protected":false},"excerpt":{"rendered":"<p>Kimansi ist ein geh\u00e4keltes Oberteil, das durch das Zusammenf\u00fcgen von 4 geh\u00e4kelten Quadraten entsteht.<\/p>\n<p>\u201e<em>F\u00fcr die diesj\u00e4hrige H\u00e4kelunterrichtsgruppe wollte ich ein Spitzenoberteil entwerfen, das eine leicht zu tragende Form hat, einfach anpassbar ist und minimale bis keine Formgebung erfordert, wenn man die einzelnen Teile arbeitet. Deshalb habe ich mich f\u00fcr quadratische Komponenten entschieden. Diese k\u00f6nnen auf verschiedene Weise zusammengen\u00e4ht und in unterschiedlichen Gr\u00f6ssen gearbeitet werden, um verschiedene Kleidungsstile zu schaffen.<\/em>\u201c \u2013 Asimina Saranti<\/p>\n<p>Die Anleitung ist in schriftlicher, abgek\u00fcrzter Form. Das Spitzenmuster ist sowohl als H\u00e4kelschrift als auch in schriftlicher abgek\u00fcrzter Form enthalten.<\/p>\n<p>Kimansi (\u03ba\u03cd\u03bc\u03b1\u03bd\u03c3\u03b7) ist das griechische Wort f\u00fcr Schwankung.<\/p>\n<p>Weitere Informationen zur Anleitung findest du unten in der vollst\u00e4ndigen Beschreibung.<\/p>\n<p>&#8211;&gt; Durch den Kauf dieser Anleitung erh\u00e4lst du Zugriff auf den <strong>Download der Anleitung im digitalen PDF-Format<\/strong>, auf Englisch und Deutsch.<\/p>\n<p>Weitere Fotos und fertige Projekte findest du auf <a href=\"https:\/\/www.ravelry.com\/patterns\/library\/kimansi\">Ravelry<\/a>.<\/p>\n","protected":false},"featured_media":1526,"template":"","meta":[],"product_brand":[],"product_cat":[229],"product_tag":[],"class_list":{"0":"post-2113","1":"product","2":"type-product","3":"status-publish","4":"has-post-thumbnail","6":"product_cat-anleitungen","7":"pa_b1-language-deutsch","8":"pa_b1-language-englisch","9":"pa_b11-author-designer-asimina-saranti-de","10":"pa_b11-author-designer-uber-den-traum-de","11":"description-off","13":"first","14":"instock","15":"virtual","16":"taxable","17":"purchasable","18":"product-type-simple"},"bundled_by":[],"bundle_stock_status":"instock","bundle_stock_quantity":null,"bundle_virtual":false,"bundle_layout":"","bundle_add_to_cart_form_location":"","bundle_editable_in_cart":false,"bundle_sold_individually_context":"","bundle_item_grouping":"","bundle_min_size":"","bundle_max_size":"","bundle_price":[],"bundled_items":[],"bundle_sell_ids":[],"yoast_head":"<!-- This site is optimized with the Yoast SEO plugin v27.5 - https:\/\/yoast.com\/product\/yoast-seo-wordpress\/ -->\n<title>\u00dcber den Traum - Kimansi &#171; Swiss Crochet<\/title>\n<meta name=\"robots\" content=\"index, follow, max-snippet:-1, max-image-preview:large, max-video-preview:-1\" \/>\n<link rel=\"canonical\" href=\"https:\/\/www.swisscrochet.ch\/produkt\/uber-den-traum-kimansi\/\" \/>\n<meta property=\"og:locale\" content=\"de_DE\" \/>\n<meta property=\"og:type\" content=\"article\" \/>\n<meta property=\"og:title\" content=\"\u00dcber den Traum - Kimansi &#171; Swiss Crochet\" \/>\n<meta property=\"og:description\" content=\"Kimansi ist ein geh\u00e4keltes Oberteil, das durch das Zusammenf\u00fcgen von 4 geh\u00e4kelten Quadraten entsteht.  \u201eF\u00fcr die diesj\u00e4hrige H\u00e4kelunterrichtsgruppe wollte ich ein Spitzenoberteil entwerfen, das eine leicht zu tragende Form hat, einfach anpassbar ist und minimale bis keine Formgebung erfordert, wenn man die einzelnen Teile arbeitet. Deshalb habe ich mich f\u00fcr quadratische Komponenten entschieden. Diese k\u00f6nnen auf verschiedene Weise zusammengen\u00e4ht und in unterschiedlichen Gr\u00f6ssen gearbeitet werden, um verschiedene Kleidungsstile zu schaffen.\u201c \u2013 Asimina Saranti  Die Anleitung ist in schriftlicher, abgek\u00fcrzter Form. Das Spitzenmuster ist sowohl als H\u00e4kelschrift als auch in schriftlicher abgek\u00fcrzter Form enthalten.  Kimansi (\u03ba\u03cd\u03bc\u03b1\u03bd\u03c3\u03b7) ist das griechische Wort f\u00fcr Schwankung.  Weitere Informationen zur Anleitung findest du unten in der vollst\u00e4ndigen Beschreibung.  --&gt; Durch den Kauf dieser Anleitung erh\u00e4lst du Zugriff auf den Download der Anleitung im digitalen PDF-Format, auf Englisch und Deutsch.  Weitere Fotos und fertige Projekte findest du auf Ravelry.\" \/>\n<meta property=\"og:url\" content=\"https:\/\/www.swisscrochet.ch\/produkt\/uber-den-traum-kimansi\/\" \/>\n<meta property=\"og:site_name\" content=\"Swiss Crochet\" \/>\n<meta property=\"article:modified_time\" content=\"2025-01-16T15:13:43+00:00\" \/>\n<meta property=\"og:image\" content=\"https:\/\/www.swisscrochet.ch\/wp-content\/uploads\/2024\/12\/Uber-den-Traum-Kimansi-Overview.jpg\" \/>\n\t<meta property=\"og:image:width\" content=\"1100\" \/>\n\t<meta property=\"og:image:height\" content=\"1100\" \/>\n\t<meta property=\"og:image:type\" content=\"image\/jpeg\" \/>\n<meta name=\"twitter:card\" content=\"summary_large_image\" \/>\n<meta name=\"twitter:label1\" content=\"Gesch\u00e4tzte Lesezeit\" \/>\n\t<meta name=\"twitter:data1\" content=\"1\u00a0Minute\" \/>\n<script type=\"application\/ld+json\" class=\"yoast-schema-graph\">{\"@context\":\"https:\\\/\\\/schema.org\",\"@graph\":[{\"@type\":[\"WebPage\",\"ItemPage\"],\"@id\":\"https:\\\/\\\/www.swisscrochet.ch\\\/produkt\\\/uber-den-traum-kimansi\\\/\",\"url\":\"https:\\\/\\\/www.swisscrochet.ch\\\/produkt\\\/uber-den-traum-kimansi\\\/\",\"name\":\"\u00dcber den Traum - Kimansi &#171; Swiss Crochet\",\"isPartOf\":{\"@id\":\"https:\\\/\\\/www.swisscrochet.ch\\\/#website\"},\"primaryImageOfPage\":{\"@id\":\"https:\\\/\\\/www.swisscrochet.ch\\\/produkt\\\/uber-den-traum-kimansi\\\/#primaryimage\"},\"image\":{\"@id\":\"https:\\\/\\\/www.swisscrochet.ch\\\/produkt\\\/uber-den-traum-kimansi\\\/#primaryimage\"},\"thumbnailUrl\":\"https:\\\/\\\/www.swisscrochet.ch\\\/wp-content\\\/uploads\\\/2024\\\/12\\\/Uber-den-Traum-Kimansi-Overview.jpg\",\"datePublished\":\"2024-12-27T19:45:02+00:00\",\"dateModified\":\"2025-01-16T15:13:43+00:00\",\"breadcrumb\":{\"@id\":\"https:\\\/\\\/www.swisscrochet.ch\\\/produkt\\\/uber-den-traum-kimansi\\\/#breadcrumb\"},\"inLanguage\":\"de\",\"potentialAction\":[{\"@type\":\"ReadAction\",\"target\":[\"https:\\\/\\\/www.swisscrochet.ch\\\/produkt\\\/uber-den-traum-kimansi\\\/\"]}]},{\"@type\":\"ImageObject\",\"inLanguage\":\"de\",\"@id\":\"https:\\\/\\\/www.swisscrochet.ch\\\/produkt\\\/uber-den-traum-kimansi\\\/#primaryimage\",\"url\":\"https:\\\/\\\/www.swisscrochet.ch\\\/wp-content\\\/uploads\\\/2024\\\/12\\\/Uber-den-Traum-Kimansi-Overview.jpg\",\"contentUrl\":\"https:\\\/\\\/www.swisscrochet.ch\\\/wp-content\\\/uploads\\\/2024\\\/12\\\/Uber-den-Traum-Kimansi-Overview.jpg\",\"width\":1100,\"height\":1100},{\"@type\":\"BreadcrumbList\",\"@id\":\"https:\\\/\\\/www.swisscrochet.ch\\\/produkt\\\/uber-den-traum-kimansi\\\/#breadcrumb\",\"itemListElement\":[{\"@type\":\"ListItem\",\"position\":1,\"name\":\"Home\",\"item\":\"https:\\\/\\\/www.swisscrochet.ch\\\/de\\\/\"},{\"@type\":\"ListItem\",\"position\":2,\"name\":\"Shop\",\"item\":\"https:\\\/\\\/www.swisscrochet.ch\\\/de\\\/shop\\\/\"},{\"@type\":\"ListItem\",\"position\":3,\"name\":\"\u00dcber den Traum &#8211; Kimansi\"}]},{\"@type\":\"WebSite\",\"@id\":\"https:\\\/\\\/www.swisscrochet.ch\\\/#website\",\"url\":\"https:\\\/\\\/www.swisscrochet.ch\\\/\",\"name\":\"Swiss Crochet\",\"description\":\"Entfalte dein kreatives Potenzial\",\"potentialAction\":[{\"@type\":\"SearchAction\",\"target\":{\"@type\":\"EntryPoint\",\"urlTemplate\":\"https:\\\/\\\/www.swisscrochet.ch\\\/?s={search_term_string}\"},\"query-input\":{\"@type\":\"PropertyValueSpecification\",\"valueRequired\":true,\"valueName\":\"search_term_string\"}}],\"inLanguage\":\"de\"}]}<\/script>\n<!-- \/ Yoast SEO plugin. -->","yoast_head_json":{"title":"\u00dcber den Traum - Kimansi &#171; Swiss Crochet","robots":{"index":"index","follow":"follow","max-snippet":"max-snippet:-1","max-image-preview":"max-image-preview:large","max-video-preview":"max-video-preview:-1"},"canonical":"https:\/\/www.swisscrochet.ch\/produkt\/uber-den-traum-kimansi\/","og_locale":"de_DE","og_type":"article","og_title":"\u00dcber den Traum - Kimansi &#171; Swiss Crochet","og_description":"Kimansi ist ein geh\u00e4keltes Oberteil, das durch das Zusammenf\u00fcgen von 4 geh\u00e4kelten Quadraten entsteht.  \u201eF\u00fcr die diesj\u00e4hrige H\u00e4kelunterrichtsgruppe wollte ich ein Spitzenoberteil entwerfen, das eine leicht zu tragende Form hat, einfach anpassbar ist und minimale bis keine Formgebung erfordert, wenn man die einzelnen Teile arbeitet. Deshalb habe ich mich f\u00fcr quadratische Komponenten entschieden. Diese k\u00f6nnen auf verschiedene Weise zusammengen\u00e4ht und in unterschiedlichen Gr\u00f6ssen gearbeitet werden, um verschiedene Kleidungsstile zu schaffen.\u201c \u2013 Asimina Saranti  Die Anleitung ist in schriftlicher, abgek\u00fcrzter Form. Das Spitzenmuster ist sowohl als H\u00e4kelschrift als auch in schriftlicher abgek\u00fcrzter Form enthalten.  Kimansi (\u03ba\u03cd\u03bc\u03b1\u03bd\u03c3\u03b7) ist das griechische Wort f\u00fcr Schwankung.  Weitere Informationen zur Anleitung findest du unten in der vollst\u00e4ndigen Beschreibung.  --&gt; Durch den Kauf dieser Anleitung erh\u00e4lst du Zugriff auf den Download der Anleitung im digitalen PDF-Format, auf Englisch und Deutsch.  Weitere Fotos und fertige Projekte findest du auf Ravelry.","og_url":"https:\/\/www.swisscrochet.ch\/produkt\/uber-den-traum-kimansi\/","og_site_name":"Swiss Crochet","article_modified_time":"2025-01-16T15:13:43+00:00","og_image":[{"width":1100,"height":1100,"url":"https:\/\/www.swisscrochet.ch\/wp-content\/uploads\/2024\/12\/Uber-den-Traum-Kimansi-Overview.jpg","type":"image\/jpeg"}],"twitter_card":"summary_large_image","twitter_misc":{"Gesch\u00e4tzte Lesezeit":"1\u00a0Minute"},"schema":{"@context":"https:\/\/schema.org","@graph":[{"@type":["WebPage","ItemPage"],"@id":"https:\/\/www.swisscrochet.ch\/produkt\/uber-den-traum-kimansi\/","url":"https:\/\/www.swisscrochet.ch\/produkt\/uber-den-traum-kimansi\/","name":"\u00dcber den Traum - Kimansi &#171; Swiss Crochet","isPartOf":{"@id":"https:\/\/www.swisscrochet.ch\/#website"},"primaryImageOfPage":{"@id":"https:\/\/www.swisscrochet.ch\/produkt\/uber-den-traum-kimansi\/#primaryimage"},"image":{"@id":"https:\/\/www.swisscrochet.ch\/produkt\/uber-den-traum-kimansi\/#primaryimage"},"thumbnailUrl":"https:\/\/www.swisscrochet.ch\/wp-content\/uploads\/2024\/12\/Uber-den-Traum-Kimansi-Overview.jpg","datePublished":"2024-12-27T19:45:02+00:00","dateModified":"2025-01-16T15:13:43+00:00","breadcrumb":{"@id":"https:\/\/www.swisscrochet.ch\/produkt\/uber-den-traum-kimansi\/#breadcrumb"},"inLanguage":"de","potentialAction":[{"@type":"ReadAction","target":["https:\/\/www.swisscrochet.ch\/produkt\/uber-den-traum-kimansi\/"]}]},{"@type":"ImageObject","inLanguage":"de","@id":"https:\/\/www.swisscrochet.ch\/produkt\/uber-den-traum-kimansi\/#primaryimage","url":"https:\/\/www.swisscrochet.ch\/wp-content\/uploads\/2024\/12\/Uber-den-Traum-Kimansi-Overview.jpg","contentUrl":"https:\/\/www.swisscrochet.ch\/wp-content\/uploads\/2024\/12\/Uber-den-Traum-Kimansi-Overview.jpg","width":1100,"height":1100},{"@type":"BreadcrumbList","@id":"https:\/\/www.swisscrochet.ch\/produkt\/uber-den-traum-kimansi\/#breadcrumb","itemListElement":[{"@type":"ListItem","position":1,"name":"Home","item":"https:\/\/www.swisscrochet.ch\/de\/"},{"@type":"ListItem","position":2,"name":"Shop","item":"https:\/\/www.swisscrochet.ch\/de\/shop\/"},{"@type":"ListItem","position":3,"name":"\u00dcber den Traum &#8211; Kimansi"}]},{"@type":"WebSite","@id":"https:\/\/www.swisscrochet.ch\/#website","url":"https:\/\/www.swisscrochet.ch\/","name":"Swiss Crochet","description":"Entfalte dein kreatives Potenzial","potentialAction":[{"@type":"SearchAction","target":{"@type":"EntryPoint","urlTemplate":"https:\/\/www.swisscrochet.ch\/?s={search_term_string}"},"query-input":{"@type":"PropertyValueSpecification","valueRequired":true,"valueName":"search_term_string"}}],"inLanguage":"de"}]}},"_links":{"self":[{"href":"https:\/\/www.swisscrochet.ch\/de\/wp-json\/wp\/v2\/product\/2113","targetHints":{"allow":["GET"]}}],"collection":[{"href":"https:\/\/www.swisscrochet.ch\/de\/wp-json\/wp\/v2\/product"}],"about":[{"href":"https:\/\/www.swisscrochet.ch\/de\/wp-json\/wp\/v2\/types\/product"}],"wp:featuredmedia":[{"embeddable":true,"href":"https:\/\/www.swisscrochet.ch\/de\/wp-json\/wp\/v2\/media\/1526"}],"wp:attachment":[{"href":"https:\/\/www.swisscrochet.ch\/de\/wp-json\/wp\/v2\/media?parent=2113"}],"wp:term":[{"taxonomy":"product_brand","embeddable":true,"href":"https:\/\/www.swisscrochet.ch\/de\/wp-json\/wp\/v2\/product_brand?post=2113"},{"taxonomy":"product_cat","embeddable":true,"href":"https:\/\/www.swisscrochet.ch\/de\/wp-json\/wp\/v2\/product_cat?post=2113"},{"taxonomy":"product_tag","embeddable":true,"href":"https:\/\/www.swisscrochet.ch\/de\/wp-json\/wp\/v2\/product_tag?post=2113"}],"curies":[{"name":"wp","href":"https:\/\/api.w.org\/{rel}","templated":true}]}}