{"id":2131,"date":"2024-12-27T21:58:12","date_gmt":"2024-12-27T20:58:12","guid":{"rendered":"https:\/\/www.swisscrochet.ch\/product\/uber-den-traum-the-yellow-mesh-basket\/"},"modified":"2025-01-16T16:16:06","modified_gmt":"2025-01-16T15:16:06","slug":"uber-den-traum-the-yellow-mesh-basket","status":"publish","type":"product","link":"https:\/\/www.swisscrochet.ch\/de\/produkt\/uber-den-traum-the-yellow-mesh-basket\/","title":{"rendered":"\u00dcber den Traum &#8211; The Yellow Mesh Basket"},"content":{"rendered":"<p><strong>Garn<\/strong><br \/>\n<a href=\"https:\/\/www.swisscrochet.ch\/de\/product\/nakyang-if\/\">Nakyang If<\/a><br \/>\nDK \/ 8 ply \/ 11 wpi \/ 100% Baumwolle<br \/>\n192 Meter &#8211; 210 Yard \/ 100 Gramm<br \/>\nFarbe: 3, 1 Kn\u00e4uel<\/p>\n<p>Nakyang IF ist ein sehr robustes Baumwollgarn: es ist Z-verzwirnt und hat eine hohe Drehung. Die Konstruktion macht es ideal f\u00fcr H\u00e4kelarbeiten. Es ist einfach zu verarbeiten und spaltet oder verheddert sich nicht. Aufgrund der hohen Drehung und des pflanzenbasierten Faseranteils hat es nicht viel Elastizit\u00e4t. Dies macht es ideal f\u00fcr Accessoires wie K\u00f6rbe, Taschen, H\u00fcte, die stabil sein m\u00fcssen, ihre Form behalten und sich bei Gebrauch nicht ausdehnen. Bei einem Ersatzgarn sollte auf \u00e4hnliche Eigenschaften geachtet werden.<\/p>\n<p><strong>H\u00e4kelnadel<\/strong><br \/>\n3.0 mm oder Gr\u00f6sse um die Maschenprobe zu erreichen<\/p>\n<p><strong>Mercerie<\/strong><br \/>\n1 Maschenmarkierer<br \/>\nN\u00e4hnadel<\/p>\n<p><strong>Maschenprobe<\/strong><br \/>\n24 M \/ 24 Runden = 10 cm (4 inches) Quadrat mit festen Maschen<\/p>\n<p><strong>Gr\u00f6sse<\/strong><br \/>\nEine Gr\u00f6sse<\/p>\n<p>Umfang: 58 cm \/ 23.2 inches<br \/>\nL\u00e4nge: 15 cm \/ 6 inches<\/p>\n<p><strong>Voraussetzungen \/ Verwendete Techniken<\/strong><\/p>\n<ul>\n<li>Grundh\u00e4kelmaschen<\/li>\n<li>Hintere Reliefmaschen<\/li>\n<li>Zunehmen, Abnehmen<\/li>\n<li>In Runden arbeiten<\/li>\n<li>Sliding loop\/Magic circle<\/li>\n<\/ul>\n<p>&nbsp;<\/p>\n<p>\u00a92024 \u00dcber den Traum &#8211; for personal use. No reprinting, redistributing or reselling of these instructions. Selling finished items is permitted, as long as the following statement is included: (in both print &amp; digital format) \u201c Design by Asimina Saranti of <a href=\"http:\/\/www.uberdentraum.com\">www.uberdentraum.com<\/a> \u201d. (live link please!)<\/p>\n","protected":false},"excerpt":{"rendered":"<p>Der &#8222;Yellow Mesh Basket&#8220; ist ein lustiges und schnelles H\u00e4kelprojekt. Er wird von unten nach oben in Runden gearbeitet und verbraucht ein einzelnes Kn\u00e4uel Nakyang Yarn If, wodurch ein n\u00fctzlicher Mesh-Korb entsteht.<\/p>\n<p>Der Korb kann f\u00fcr verschiedene Organisationszwecke verwendet werden. Ich benutze meinen gerne als Projektbeutel f\u00fcr kleine bis mittelgrosse Projekte. Wie auf den Bildern zu sehen ist, passen problemlos zwei kleine Projekte gleichzeitig hinein.<\/p>\n<p>Er eignet sich auch hervorragend als Reiseprojektbeutel. Er kippt nicht um, h\u00e4lt deine Arbeit ordentlich und sichtbar und nimmt nicht viel Platz ein.<\/p>\n<p>Die Anleitung ist mit Abk\u00fcrzungen geschrieben.<\/p>\n<p>Weitere Informationen zur Anleitung findest du unten in der vollst\u00e4ndigen Beschreibung.<\/p>\n<p>&#8211;&gt; Durch den Kauf dieser Anleitung erh\u00e4lst du Zugriff auf den <strong>Download der Anleitung im digitalen PDF-Format<\/strong>, auf Englisch und Deutsch.<\/p>\n<p>Weitere Fotos und fertige Projekte findest du auf <a href=\"https:\/\/www.ravelry.com\/patterns\/library\/the-yellow-mesh-basket\">Ravelry<\/a>.<\/p>\n","protected":false},"featured_media":1615,"template":"","meta":[],"product_brand":[],"product_cat":[229],"product_tag":[],"class_list":{"0":"post-2131","1":"product","2":"type-product","3":"status-publish","4":"has-post-thumbnail","6":"product_cat-anleitungen","7":"pa_b1-language-deutsch","8":"pa_b1-language-englisch","9":"pa_b11-author-designer-asimina-saranti-de","10":"pa_b11-author-designer-uber-den-traum-de","11":"description-off","13":"first","14":"instock","15":"virtual","16":"taxable","17":"purchasable","18":"product-type-simple"},"bundled_by":["10463"],"bundle_stock_status":"instock","bundle_stock_quantity":null,"bundle_virtual":false,"bundle_layout":"","bundle_add_to_cart_form_location":"","bundle_editable_in_cart":false,"bundle_sold_individually_context":"","bundle_item_grouping":"","bundle_min_size":"","bundle_max_size":"","bundle_price":[],"bundled_items":[],"bundle_sell_ids":[],"yoast_head":"<!-- This site is optimized with the Yoast SEO plugin v27.5 - https:\/\/yoast.com\/product\/yoast-seo-wordpress\/ -->\n<title>\u00dcber den Traum - The Yellow Mesh Basket &#171; Swiss Crochet<\/title>\n<meta name=\"robots\" content=\"index, follow, max-snippet:-1, max-image-preview:large, max-video-preview:-1\" \/>\n<link rel=\"canonical\" href=\"https:\/\/www.swisscrochet.ch\/produkt\/uber-den-traum-the-yellow-mesh-basket\/\" \/>\n<meta property=\"og:locale\" content=\"de_DE\" \/>\n<meta property=\"og:type\" content=\"article\" \/>\n<meta property=\"og:title\" content=\"\u00dcber den Traum - The Yellow Mesh Basket &#171; Swiss Crochet\" \/>\n<meta property=\"og:description\" content=\"Der &quot;Yellow Mesh Basket&quot; ist ein lustiges und schnelles H\u00e4kelprojekt. Er wird von unten nach oben in Runden gearbeitet und verbraucht ein einzelnes Kn\u00e4uel Nakyang Yarn If, wodurch ein n\u00fctzlicher Mesh-Korb entsteht.  Der Korb kann f\u00fcr verschiedene Organisationszwecke verwendet werden. Ich benutze meinen gerne als Projektbeutel f\u00fcr kleine bis mittelgrosse Projekte. Wie auf den Bildern zu sehen ist, passen problemlos zwei kleine Projekte gleichzeitig hinein.  Er eignet sich auch hervorragend als Reiseprojektbeutel. Er kippt nicht um, h\u00e4lt deine Arbeit ordentlich und sichtbar und nimmt nicht viel Platz ein.  Die Anleitung ist mit Abk\u00fcrzungen geschrieben.  Weitere Informationen zur Anleitung findest du unten in der vollst\u00e4ndigen Beschreibung.  --&gt; Durch den Kauf dieser Anleitung erh\u00e4lst du Zugriff auf den Download der Anleitung im digitalen PDF-Format, auf Englisch und Deutsch.  Weitere Fotos und fertige Projekte findest du auf Ravelry.\" \/>\n<meta property=\"og:url\" content=\"https:\/\/www.swisscrochet.ch\/produkt\/uber-den-traum-the-yellow-mesh-basket\/\" \/>\n<meta property=\"og:site_name\" content=\"Swiss Crochet\" \/>\n<meta property=\"article:modified_time\" content=\"2025-01-16T15:16:06+00:00\" \/>\n<meta property=\"og:image\" content=\"https:\/\/www.swisscrochet.ch\/wp-content\/uploads\/2024\/12\/Uber-den-Traum-The-Yellow-Mesh-Basket-Overview.jpg\" \/>\n\t<meta property=\"og:image:width\" content=\"1100\" \/>\n\t<meta property=\"og:image:height\" content=\"1100\" \/>\n\t<meta property=\"og:image:type\" content=\"image\/jpeg\" \/>\n<meta name=\"twitter:card\" content=\"summary_large_image\" \/>\n<meta name=\"twitter:label1\" content=\"Gesch\u00e4tzte Lesezeit\" \/>\n\t<meta name=\"twitter:data1\" content=\"2\u00a0Minuten\" \/>\n<script type=\"application\/ld+json\" class=\"yoast-schema-graph\">{\"@context\":\"https:\\\/\\\/schema.org\",\"@graph\":[{\"@type\":[\"WebPage\",\"ItemPage\"],\"@id\":\"https:\\\/\\\/www.swisscrochet.ch\\\/produkt\\\/uber-den-traum-the-yellow-mesh-basket\\\/\",\"url\":\"https:\\\/\\\/www.swisscrochet.ch\\\/produkt\\\/uber-den-traum-the-yellow-mesh-basket\\\/\",\"name\":\"\u00dcber den Traum - The Yellow Mesh Basket &#171; Swiss Crochet\",\"isPartOf\":{\"@id\":\"https:\\\/\\\/www.swisscrochet.ch\\\/#website\"},\"primaryImageOfPage\":{\"@id\":\"https:\\\/\\\/www.swisscrochet.ch\\\/produkt\\\/uber-den-traum-the-yellow-mesh-basket\\\/#primaryimage\"},\"image\":{\"@id\":\"https:\\\/\\\/www.swisscrochet.ch\\\/produkt\\\/uber-den-traum-the-yellow-mesh-basket\\\/#primaryimage\"},\"thumbnailUrl\":\"https:\\\/\\\/www.swisscrochet.ch\\\/wp-content\\\/uploads\\\/2024\\\/12\\\/Uber-den-Traum-The-Yellow-Mesh-Basket-Overview.jpg\",\"datePublished\":\"2024-12-27T20:58:12+00:00\",\"dateModified\":\"2025-01-16T15:16:06+00:00\",\"breadcrumb\":{\"@id\":\"https:\\\/\\\/www.swisscrochet.ch\\\/produkt\\\/uber-den-traum-the-yellow-mesh-basket\\\/#breadcrumb\"},\"inLanguage\":\"de\",\"potentialAction\":[{\"@type\":\"ReadAction\",\"target\":[\"https:\\\/\\\/www.swisscrochet.ch\\\/produkt\\\/uber-den-traum-the-yellow-mesh-basket\\\/\"]}]},{\"@type\":\"ImageObject\",\"inLanguage\":\"de\",\"@id\":\"https:\\\/\\\/www.swisscrochet.ch\\\/produkt\\\/uber-den-traum-the-yellow-mesh-basket\\\/#primaryimage\",\"url\":\"https:\\\/\\\/www.swisscrochet.ch\\\/wp-content\\\/uploads\\\/2024\\\/12\\\/Uber-den-Traum-The-Yellow-Mesh-Basket-Overview.jpg\",\"contentUrl\":\"https:\\\/\\\/www.swisscrochet.ch\\\/wp-content\\\/uploads\\\/2024\\\/12\\\/Uber-den-Traum-The-Yellow-Mesh-Basket-Overview.jpg\",\"width\":1100,\"height\":1100},{\"@type\":\"BreadcrumbList\",\"@id\":\"https:\\\/\\\/www.swisscrochet.ch\\\/produkt\\\/uber-den-traum-the-yellow-mesh-basket\\\/#breadcrumb\",\"itemListElement\":[{\"@type\":\"ListItem\",\"position\":1,\"name\":\"Home\",\"item\":\"https:\\\/\\\/www.swisscrochet.ch\\\/de\\\/\"},{\"@type\":\"ListItem\",\"position\":2,\"name\":\"Shop\",\"item\":\"https:\\\/\\\/www.swisscrochet.ch\\\/de\\\/shop\\\/\"},{\"@type\":\"ListItem\",\"position\":3,\"name\":\"\u00dcber den Traum &#8211; The Yellow Mesh Basket\"}]},{\"@type\":\"WebSite\",\"@id\":\"https:\\\/\\\/www.swisscrochet.ch\\\/#website\",\"url\":\"https:\\\/\\\/www.swisscrochet.ch\\\/\",\"name\":\"Swiss Crochet\",\"description\":\"Entfalte dein kreatives Potenzial\",\"potentialAction\":[{\"@type\":\"SearchAction\",\"target\":{\"@type\":\"EntryPoint\",\"urlTemplate\":\"https:\\\/\\\/www.swisscrochet.ch\\\/?s={search_term_string}\"},\"query-input\":{\"@type\":\"PropertyValueSpecification\",\"valueRequired\":true,\"valueName\":\"search_term_string\"}}],\"inLanguage\":\"de\"}]}<\/script>\n<!-- \/ Yoast SEO plugin. -->","yoast_head_json":{"title":"\u00dcber den Traum - The Yellow Mesh Basket &#171; Swiss Crochet","robots":{"index":"index","follow":"follow","max-snippet":"max-snippet:-1","max-image-preview":"max-image-preview:large","max-video-preview":"max-video-preview:-1"},"canonical":"https:\/\/www.swisscrochet.ch\/produkt\/uber-den-traum-the-yellow-mesh-basket\/","og_locale":"de_DE","og_type":"article","og_title":"\u00dcber den Traum - The Yellow Mesh Basket &#171; Swiss Crochet","og_description":"Der \"Yellow Mesh Basket\" ist ein lustiges und schnelles H\u00e4kelprojekt. Er wird von unten nach oben in Runden gearbeitet und verbraucht ein einzelnes Kn\u00e4uel Nakyang Yarn If, wodurch ein n\u00fctzlicher Mesh-Korb entsteht.  Der Korb kann f\u00fcr verschiedene Organisationszwecke verwendet werden. Ich benutze meinen gerne als Projektbeutel f\u00fcr kleine bis mittelgrosse Projekte. Wie auf den Bildern zu sehen ist, passen problemlos zwei kleine Projekte gleichzeitig hinein.  Er eignet sich auch hervorragend als Reiseprojektbeutel. Er kippt nicht um, h\u00e4lt deine Arbeit ordentlich und sichtbar und nimmt nicht viel Platz ein.  Die Anleitung ist mit Abk\u00fcrzungen geschrieben.  Weitere Informationen zur Anleitung findest du unten in der vollst\u00e4ndigen Beschreibung.  --&gt; Durch den Kauf dieser Anleitung erh\u00e4lst du Zugriff auf den Download der Anleitung im digitalen PDF-Format, auf Englisch und Deutsch.  Weitere Fotos und fertige Projekte findest du auf Ravelry.","og_url":"https:\/\/www.swisscrochet.ch\/produkt\/uber-den-traum-the-yellow-mesh-basket\/","og_site_name":"Swiss Crochet","article_modified_time":"2025-01-16T15:16:06+00:00","og_image":[{"width":1100,"height":1100,"url":"https:\/\/www.swisscrochet.ch\/wp-content\/uploads\/2024\/12\/Uber-den-Traum-The-Yellow-Mesh-Basket-Overview.jpg","type":"image\/jpeg"}],"twitter_card":"summary_large_image","twitter_misc":{"Gesch\u00e4tzte Lesezeit":"2\u00a0Minuten"},"schema":{"@context":"https:\/\/schema.org","@graph":[{"@type":["WebPage","ItemPage"],"@id":"https:\/\/www.swisscrochet.ch\/produkt\/uber-den-traum-the-yellow-mesh-basket\/","url":"https:\/\/www.swisscrochet.ch\/produkt\/uber-den-traum-the-yellow-mesh-basket\/","name":"\u00dcber den Traum - The Yellow Mesh Basket &#171; Swiss Crochet","isPartOf":{"@id":"https:\/\/www.swisscrochet.ch\/#website"},"primaryImageOfPage":{"@id":"https:\/\/www.swisscrochet.ch\/produkt\/uber-den-traum-the-yellow-mesh-basket\/#primaryimage"},"image":{"@id":"https:\/\/www.swisscrochet.ch\/produkt\/uber-den-traum-the-yellow-mesh-basket\/#primaryimage"},"thumbnailUrl":"https:\/\/www.swisscrochet.ch\/wp-content\/uploads\/2024\/12\/Uber-den-Traum-The-Yellow-Mesh-Basket-Overview.jpg","datePublished":"2024-12-27T20:58:12+00:00","dateModified":"2025-01-16T15:16:06+00:00","breadcrumb":{"@id":"https:\/\/www.swisscrochet.ch\/produkt\/uber-den-traum-the-yellow-mesh-basket\/#breadcrumb"},"inLanguage":"de","potentialAction":[{"@type":"ReadAction","target":["https:\/\/www.swisscrochet.ch\/produkt\/uber-den-traum-the-yellow-mesh-basket\/"]}]},{"@type":"ImageObject","inLanguage":"de","@id":"https:\/\/www.swisscrochet.ch\/produkt\/uber-den-traum-the-yellow-mesh-basket\/#primaryimage","url":"https:\/\/www.swisscrochet.ch\/wp-content\/uploads\/2024\/12\/Uber-den-Traum-The-Yellow-Mesh-Basket-Overview.jpg","contentUrl":"https:\/\/www.swisscrochet.ch\/wp-content\/uploads\/2024\/12\/Uber-den-Traum-The-Yellow-Mesh-Basket-Overview.jpg","width":1100,"height":1100},{"@type":"BreadcrumbList","@id":"https:\/\/www.swisscrochet.ch\/produkt\/uber-den-traum-the-yellow-mesh-basket\/#breadcrumb","itemListElement":[{"@type":"ListItem","position":1,"name":"Home","item":"https:\/\/www.swisscrochet.ch\/de\/"},{"@type":"ListItem","position":2,"name":"Shop","item":"https:\/\/www.swisscrochet.ch\/de\/shop\/"},{"@type":"ListItem","position":3,"name":"\u00dcber den Traum &#8211; The Yellow Mesh Basket"}]},{"@type":"WebSite","@id":"https:\/\/www.swisscrochet.ch\/#website","url":"https:\/\/www.swisscrochet.ch\/","name":"Swiss Crochet","description":"Entfalte dein kreatives Potenzial","potentialAction":[{"@type":"SearchAction","target":{"@type":"EntryPoint","urlTemplate":"https:\/\/www.swisscrochet.ch\/?s={search_term_string}"},"query-input":{"@type":"PropertyValueSpecification","valueRequired":true,"valueName":"search_term_string"}}],"inLanguage":"de"}]}},"_links":{"self":[{"href":"https:\/\/www.swisscrochet.ch\/de\/wp-json\/wp\/v2\/product\/2131","targetHints":{"allow":["GET"]}}],"collection":[{"href":"https:\/\/www.swisscrochet.ch\/de\/wp-json\/wp\/v2\/product"}],"about":[{"href":"https:\/\/www.swisscrochet.ch\/de\/wp-json\/wp\/v2\/types\/product"}],"wp:featuredmedia":[{"embeddable":true,"href":"https:\/\/www.swisscrochet.ch\/de\/wp-json\/wp\/v2\/media\/1615"}],"wp:attachment":[{"href":"https:\/\/www.swisscrochet.ch\/de\/wp-json\/wp\/v2\/media?parent=2131"}],"wp:term":[{"taxonomy":"product_brand","embeddable":true,"href":"https:\/\/www.swisscrochet.ch\/de\/wp-json\/wp\/v2\/product_brand?post=2131"},{"taxonomy":"product_cat","embeddable":true,"href":"https:\/\/www.swisscrochet.ch\/de\/wp-json\/wp\/v2\/product_cat?post=2131"},{"taxonomy":"product_tag","embeddable":true,"href":"https:\/\/www.swisscrochet.ch\/de\/wp-json\/wp\/v2\/product_tag?post=2131"}],"curies":[{"name":"wp","href":"https:\/\/api.w.org\/{rel}","templated":true}]}}