{"id":2160,"date":"2025-01-01T15:56:12","date_gmt":"2025-01-01T14:56:12","guid":{"rendered":"https:\/\/www.swisscrochet.ch\/product\/swiss-crochet-kirke\/"},"modified":"2026-03-21T11:35:14","modified_gmt":"2026-03-21T10:35:14","slug":"swiss-crochet-kirke","status":"publish","type":"product","link":"https:\/\/www.swisscrochet.ch\/de\/produkt\/swiss-crochet-kirke\/","title":{"rendered":"Swiss Crochet &#8211; Kirke"},"content":{"rendered":"","protected":false},"excerpt":{"rendered":"<p>Kirke ist ein weiches, fluffiges und \u00e4usserst vielseitiges Garn, speziell f\u00fcr H\u00e4klerinnen entwickelt. Seine C\u00e2bl\u00e9-Konstruktion verleiht ihm aussergew\u00f6hnliche Festigkeit und Haltbarkeit, w\u00e4hrend es durch seine mehreren F\u00e4den leicht bleibt. Der Z-Dreh sorgt daf\u00fcr, dass das Garn beim H\u00e4keln weder ausfranst noch sich auftrennt, was die Arbeit damit zum Vergn\u00fcgen macht.<\/p>\n<p>Hergestellt aus 100 % superwash Merinowolle, ist Kirke f\u00fcr eine Vielzahl von Projekten geeignet, von Kleidungsst\u00fccken bis hin zu Accessoires wie M\u00fctzen, Schals und F\u00e4ustlinge sowie Heimdekor wie Decken.<\/p>\n<p>Die abgebildete Maschenprobe wurde im Wollprogramm bei 30 \u00b0C maschinell gewaschen und anschliessend mit Dampf geb\u00fcgelt.<\/p>\n<p>Entdecke die perfekte Balance aus St\u00e4rke, Weichheit und Vielseitigkeit mit dem Kirke-Garn \u2013 ideal f\u00fcr all deine H\u00e4kelkreationen!<\/p>\n","protected":false},"featured_media":1861,"template":"","meta":[],"product_brand":[],"product_cat":[1888,1884,226,1894],"product_tag":[],"class_list":{"0":"post-2160","1":"product","2":"type-product","3":"status-publish","4":"has-post-thumbnail","6":"product_cat-garn-basisgarne","7":"product_cat-garn-decken","8":"product_cat-garne","9":"product_cat-garn-kleidungsstucke","10":"pa_y1-brand-swiss-crochet-de","11":"pa_y17-yarn-weight-dk-de","12":"description-off","14":"first","15":"instock","16":"taxable","17":"shipping-taxable","18":"purchasable","19":"product-type-variable","20":"wvs-archive-product-wrapper"},"bundled_by":["13582","13582","13582","13582","13582","13582","13582","13582","13582","13582","13582","13582","13582","13582","13582","13582","13582","13582","13582","13582","13582","13582","13582","25702"],"bundle_stock_status":"instock","bundle_stock_quantity":null,"bundle_virtual":false,"bundle_layout":"","bundle_add_to_cart_form_location":"","bundle_editable_in_cart":false,"bundle_sold_individually_context":"","bundle_item_grouping":"","bundle_min_size":"","bundle_max_size":"","bundle_price":[],"bundled_items":[],"bundle_sell_ids":[],"yoast_head":"<!-- This site is optimized with the Yoast SEO plugin v27.5 - https:\/\/yoast.com\/product\/yoast-seo-wordpress\/ -->\n<title>Swiss Crochet - Kirke &#171; Swiss Crochet<\/title>\n<meta name=\"description\" content=\"Kirke ist ein weiches, robustes und vielseitiges Superwash-Merinogarn mit Z-Drehung \u2013 perfekt f\u00fcr geh\u00e4kelte Kleidungsst\u00fccke, Accessoires und Wohnaccessoires.\" \/>\n<meta name=\"robots\" content=\"index, follow, max-snippet:-1, max-image-preview:large, max-video-preview:-1\" \/>\n<link rel=\"canonical\" href=\"https:\/\/www.swisscrochet.ch\/produkt\/swiss-crochet-kirke\/\" \/>\n<meta property=\"og:locale\" content=\"de_DE\" \/>\n<meta property=\"og:type\" content=\"article\" \/>\n<meta property=\"og:title\" content=\"Swiss Crochet - Kirke &#171; Swiss Crochet\" \/>\n<meta property=\"og:description\" content=\"Kirke ist ein weiches, robustes und vielseitiges Superwash-Merinogarn mit Z-Drehung \u2013 perfekt f\u00fcr geh\u00e4kelte Kleidungsst\u00fccke, Accessoires und Wohnaccessoires.\" \/>\n<meta property=\"og:url\" content=\"https:\/\/www.swisscrochet.ch\/produkt\/swiss-crochet-kirke\/\" \/>\n<meta property=\"og:site_name\" content=\"Swiss Crochet\" \/>\n<meta property=\"article:modified_time\" content=\"2026-03-21T10:35:14+00:00\" \/>\n<meta property=\"og:image\" content=\"https:\/\/www.swisscrochet.ch\/wp-content\/uploads\/2025\/01\/Swiss-Crochet-Kirke-Overview.jpg\" \/>\n\t<meta property=\"og:image:width\" content=\"1000\" \/>\n\t<meta property=\"og:image:height\" content=\"1000\" \/>\n\t<meta property=\"og:image:type\" content=\"image\/jpeg\" \/>\n<meta name=\"twitter:card\" content=\"summary_large_image\" \/>\n<meta name=\"twitter:label1\" content=\"Gesch\u00e4tzte Lesezeit\" \/>\n\t<meta name=\"twitter:data1\" content=\"1\u00a0Minute\" \/>\n<script type=\"application\/ld+json\" class=\"yoast-schema-graph\">{\"@context\":\"https:\\\/\\\/schema.org\",\"@graph\":[{\"@type\":[\"WebPage\",\"ItemPage\"],\"@id\":\"https:\\\/\\\/www.swisscrochet.ch\\\/produkt\\\/swiss-crochet-kirke\\\/\",\"url\":\"https:\\\/\\\/www.swisscrochet.ch\\\/produkt\\\/swiss-crochet-kirke\\\/\",\"name\":\"Swiss Crochet - Kirke &#171; Swiss Crochet\",\"isPartOf\":{\"@id\":\"https:\\\/\\\/www.swisscrochet.ch\\\/#website\"},\"primaryImageOfPage\":{\"@id\":\"https:\\\/\\\/www.swisscrochet.ch\\\/produkt\\\/swiss-crochet-kirke\\\/#primaryimage\"},\"image\":{\"@id\":\"https:\\\/\\\/www.swisscrochet.ch\\\/produkt\\\/swiss-crochet-kirke\\\/#primaryimage\"},\"thumbnailUrl\":\"https:\\\/\\\/www.swisscrochet.ch\\\/wp-content\\\/uploads\\\/2025\\\/01\\\/Swiss-Crochet-Kirke-Overview.jpg\",\"datePublished\":\"2025-01-01T14:56:12+00:00\",\"dateModified\":\"2026-03-21T10:35:14+00:00\",\"description\":\"Kirke ist ein weiches, robustes und vielseitiges Superwash-Merinogarn mit Z-Drehung \u2013 perfekt f\u00fcr geh\u00e4kelte Kleidungsst\u00fccke, Accessoires und Wohnaccessoires.\",\"breadcrumb\":{\"@id\":\"https:\\\/\\\/www.swisscrochet.ch\\\/produkt\\\/swiss-crochet-kirke\\\/#breadcrumb\"},\"inLanguage\":\"de\",\"potentialAction\":[{\"@type\":\"ReadAction\",\"target\":[\"https:\\\/\\\/www.swisscrochet.ch\\\/produkt\\\/swiss-crochet-kirke\\\/\"]}]},{\"@type\":\"ImageObject\",\"inLanguage\":\"de\",\"@id\":\"https:\\\/\\\/www.swisscrochet.ch\\\/produkt\\\/swiss-crochet-kirke\\\/#primaryimage\",\"url\":\"https:\\\/\\\/www.swisscrochet.ch\\\/wp-content\\\/uploads\\\/2025\\\/01\\\/Swiss-Crochet-Kirke-Overview.jpg\",\"contentUrl\":\"https:\\\/\\\/www.swisscrochet.ch\\\/wp-content\\\/uploads\\\/2025\\\/01\\\/Swiss-Crochet-Kirke-Overview.jpg\",\"width\":1000,\"height\":1000},{\"@type\":\"BreadcrumbList\",\"@id\":\"https:\\\/\\\/www.swisscrochet.ch\\\/produkt\\\/swiss-crochet-kirke\\\/#breadcrumb\",\"itemListElement\":[{\"@type\":\"ListItem\",\"position\":1,\"name\":\"Home\",\"item\":\"https:\\\/\\\/www.swisscrochet.ch\\\/de\\\/\"},{\"@type\":\"ListItem\",\"position\":2,\"name\":\"Shop\",\"item\":\"https:\\\/\\\/www.swisscrochet.ch\\\/de\\\/shop\\\/\"},{\"@type\":\"ListItem\",\"position\":3,\"name\":\"Swiss Crochet &#8211; Kirke\"}]},{\"@type\":\"WebSite\",\"@id\":\"https:\\\/\\\/www.swisscrochet.ch\\\/#website\",\"url\":\"https:\\\/\\\/www.swisscrochet.ch\\\/\",\"name\":\"Swiss Crochet\",\"description\":\"Entfalte dein kreatives Potenzial\",\"potentialAction\":[{\"@type\":\"SearchAction\",\"target\":{\"@type\":\"EntryPoint\",\"urlTemplate\":\"https:\\\/\\\/www.swisscrochet.ch\\\/?s={search_term_string}\"},\"query-input\":{\"@type\":\"PropertyValueSpecification\",\"valueRequired\":true,\"valueName\":\"search_term_string\"}}],\"inLanguage\":\"de\"}]}<\/script>\n<!-- \/ Yoast SEO plugin. -->","yoast_head_json":{"title":"Swiss Crochet - Kirke &#171; Swiss Crochet","description":"Kirke ist ein weiches, robustes und vielseitiges Superwash-Merinogarn mit Z-Drehung \u2013 perfekt f\u00fcr geh\u00e4kelte Kleidungsst\u00fccke, Accessoires und Wohnaccessoires.","robots":{"index":"index","follow":"follow","max-snippet":"max-snippet:-1","max-image-preview":"max-image-preview:large","max-video-preview":"max-video-preview:-1"},"canonical":"https:\/\/www.swisscrochet.ch\/produkt\/swiss-crochet-kirke\/","og_locale":"de_DE","og_type":"article","og_title":"Swiss Crochet - Kirke &#171; Swiss Crochet","og_description":"Kirke ist ein weiches, robustes und vielseitiges Superwash-Merinogarn mit Z-Drehung \u2013 perfekt f\u00fcr geh\u00e4kelte Kleidungsst\u00fccke, Accessoires und Wohnaccessoires.","og_url":"https:\/\/www.swisscrochet.ch\/produkt\/swiss-crochet-kirke\/","og_site_name":"Swiss Crochet","article_modified_time":"2026-03-21T10:35:14+00:00","og_image":[{"width":1000,"height":1000,"url":"https:\/\/www.swisscrochet.ch\/wp-content\/uploads\/2025\/01\/Swiss-Crochet-Kirke-Overview.jpg","type":"image\/jpeg"}],"twitter_card":"summary_large_image","twitter_misc":{"Gesch\u00e4tzte Lesezeit":"1\u00a0Minute"},"schema":{"@context":"https:\/\/schema.org","@graph":[{"@type":["WebPage","ItemPage"],"@id":"https:\/\/www.swisscrochet.ch\/produkt\/swiss-crochet-kirke\/","url":"https:\/\/www.swisscrochet.ch\/produkt\/swiss-crochet-kirke\/","name":"Swiss Crochet - Kirke &#171; Swiss Crochet","isPartOf":{"@id":"https:\/\/www.swisscrochet.ch\/#website"},"primaryImageOfPage":{"@id":"https:\/\/www.swisscrochet.ch\/produkt\/swiss-crochet-kirke\/#primaryimage"},"image":{"@id":"https:\/\/www.swisscrochet.ch\/produkt\/swiss-crochet-kirke\/#primaryimage"},"thumbnailUrl":"https:\/\/www.swisscrochet.ch\/wp-content\/uploads\/2025\/01\/Swiss-Crochet-Kirke-Overview.jpg","datePublished":"2025-01-01T14:56:12+00:00","dateModified":"2026-03-21T10:35:14+00:00","description":"Kirke ist ein weiches, robustes und vielseitiges Superwash-Merinogarn mit Z-Drehung \u2013 perfekt f\u00fcr geh\u00e4kelte Kleidungsst\u00fccke, Accessoires und Wohnaccessoires.","breadcrumb":{"@id":"https:\/\/www.swisscrochet.ch\/produkt\/swiss-crochet-kirke\/#breadcrumb"},"inLanguage":"de","potentialAction":[{"@type":"ReadAction","target":["https:\/\/www.swisscrochet.ch\/produkt\/swiss-crochet-kirke\/"]}]},{"@type":"ImageObject","inLanguage":"de","@id":"https:\/\/www.swisscrochet.ch\/produkt\/swiss-crochet-kirke\/#primaryimage","url":"https:\/\/www.swisscrochet.ch\/wp-content\/uploads\/2025\/01\/Swiss-Crochet-Kirke-Overview.jpg","contentUrl":"https:\/\/www.swisscrochet.ch\/wp-content\/uploads\/2025\/01\/Swiss-Crochet-Kirke-Overview.jpg","width":1000,"height":1000},{"@type":"BreadcrumbList","@id":"https:\/\/www.swisscrochet.ch\/produkt\/swiss-crochet-kirke\/#breadcrumb","itemListElement":[{"@type":"ListItem","position":1,"name":"Home","item":"https:\/\/www.swisscrochet.ch\/de\/"},{"@type":"ListItem","position":2,"name":"Shop","item":"https:\/\/www.swisscrochet.ch\/de\/shop\/"},{"@type":"ListItem","position":3,"name":"Swiss Crochet &#8211; Kirke"}]},{"@type":"WebSite","@id":"https:\/\/www.swisscrochet.ch\/#website","url":"https:\/\/www.swisscrochet.ch\/","name":"Swiss Crochet","description":"Entfalte dein kreatives Potenzial","potentialAction":[{"@type":"SearchAction","target":{"@type":"EntryPoint","urlTemplate":"https:\/\/www.swisscrochet.ch\/?s={search_term_string}"},"query-input":{"@type":"PropertyValueSpecification","valueRequired":true,"valueName":"search_term_string"}}],"inLanguage":"de"}]}},"_links":{"self":[{"href":"https:\/\/www.swisscrochet.ch\/de\/wp-json\/wp\/v2\/product\/2160","targetHints":{"allow":["GET"]}}],"collection":[{"href":"https:\/\/www.swisscrochet.ch\/de\/wp-json\/wp\/v2\/product"}],"about":[{"href":"https:\/\/www.swisscrochet.ch\/de\/wp-json\/wp\/v2\/types\/product"}],"wp:featuredmedia":[{"embeddable":true,"href":"https:\/\/www.swisscrochet.ch\/de\/wp-json\/wp\/v2\/media\/1861"}],"wp:attachment":[{"href":"https:\/\/www.swisscrochet.ch\/de\/wp-json\/wp\/v2\/media?parent=2160"}],"wp:term":[{"taxonomy":"product_brand","embeddable":true,"href":"https:\/\/www.swisscrochet.ch\/de\/wp-json\/wp\/v2\/product_brand?post=2160"},{"taxonomy":"product_cat","embeddable":true,"href":"https:\/\/www.swisscrochet.ch\/de\/wp-json\/wp\/v2\/product_cat?post=2160"},{"taxonomy":"product_tag","embeddable":true,"href":"https:\/\/www.swisscrochet.ch\/de\/wp-json\/wp\/v2\/product_tag?post=2160"}],"curies":[{"name":"wp","href":"https:\/\/api.w.org\/{rel}","templated":true}]}}