{"id":22036,"date":"2026-02-03T20:40:56","date_gmt":"2026-02-03T19:40:56","guid":{"rendered":"https:\/\/www.swisscrochet.ch\/product\/nakyang-asa-taesa\/"},"modified":"2026-02-07T14:50:15","modified_gmt":"2026-02-07T13:50:15","slug":"nakyang-asa-taesa","status":"publish","type":"product","link":"https:\/\/www.swisscrochet.ch\/de\/produkt\/nakyang-asa-taesa\/","title":{"rendered":"Nakyang &#8211; Asa Taesa"},"content":{"rendered":"","protected":false},"excerpt":{"rendered":"<p>Asa Taesa ist ein weiches, leichtes Leinen-Baumwoll-Garn, das sich hervorragend f\u00fcr Projekte eignet, die sowohl Fall als auch Tragekomfort erfordern. Die C\u00e2bl\u00e9-Konstruktion sorgt f\u00fcr hohe Strapazierf\u00e4higkeit, w\u00e4hrend der Z-Drall hilft, ein Aufdrehen oder Aufspalten des Garns beim H\u00e4keln zu verhindern und die Verarbeitung besonders angenehm macht.<\/p>\n<p>Der Spinnprozess findet in Nakyangs eigener Produktionsst\u00e4tte in Gyeongsan, S\u00fcdkorea, nahe Daegu, einem ehemaligen Textilzentrum des Landes, statt. Der F\u00e4rbeprozess wird von Partnerunternehmen durchgef\u00fchrt, die sich in unmittelbarer N\u00e4he befinden und alle im Raum Gyeongsan und Daegu angesiedelt sind.<\/p>\n<p>Die r\u00e4umliche N\u00e4he von Spinnerei und F\u00e4rberei erm\u00f6glicht kurze Transportwege zwischen den einzelnen Produktionsschritten und unterst\u00fctzt einen effizienten und lokal konzentrierten Herstellungsprozess.<\/p>\n<p>Asa Taesa besteht aus 70 % Leinen und 30 % Baumwolle und ist damit eine ausgezeichnete Wahl f\u00fcr Sommerkleidungsst\u00fccke wie Tops, Pullover und Cardigans sowie f\u00fcr leichte T\u00fccher.<\/p>\n<p>Die abgebildete Maschenprobe wurde in der Maschine gewaschen (Normalprogramm bei 40 \u00b0C) und dampfgeb\u00fcgelt.<\/p>\n<p>W\u00e4hle Asa Taesa f\u00fcr dein n\u00e4chstes Projekt f\u00fcr warme Tage und geniesse ein Garn, das Struktur, Komfort und eine durchdachte Produktion vereint.<\/p>\n<p><strong>Exklusiv erh\u00e4ltlich bei Swiss Crochet.<\/strong><\/p>\n","protected":false},"featured_media":21660,"template":"","meta":[],"product_brand":[],"product_cat":[1888,226,1894],"product_tag":[],"class_list":{"0":"post-22036","1":"product","2":"type-product","3":"status-publish","4":"has-post-thumbnail","6":"product_cat-garn-basisgarne","7":"product_cat-garne","8":"product_cat-garn-kleidungsstucke","9":"pa_y1-brand-nakyang-de","10":"pa_y17-yarn-weight-fingering-de","11":"description-off","13":"first","14":"instock","15":"taxable","16":"shipping-taxable","17":"purchasable","18":"product-type-variable","19":"wvs-archive-product-wrapper"},"bundled_by":[],"bundle_stock_status":"instock","bundle_stock_quantity":null,"bundle_virtual":false,"bundle_layout":"","bundle_add_to_cart_form_location":"","bundle_editable_in_cart":false,"bundle_sold_individually_context":"","bundle_item_grouping":"","bundle_min_size":"","bundle_max_size":"","bundle_price":[],"bundled_items":[],"bundle_sell_ids":[],"yoast_head":"<!-- This site is optimized with the Yoast SEO plugin v27.5 - https:\/\/yoast.com\/product\/yoast-seo-wordpress\/ -->\n<title>Nakyang - Asa Taesa &#171; Swiss Crochet<\/title>\n<meta name=\"description\" content=\"Asa Taesa \u2013 Leichtes Leinen-Baumwoll-Garn mit C\u00e2bl\u00e9-Konstruktion und Z-Drall f\u00fcr hohe Strapazierf\u00e4higkeit und ein gleichm\u00e4ssiges H\u00e4kelbild. Ideal f\u00fcr sommerliche Kleidungsst\u00fccke und T\u00fccher.\" \/>\n<meta name=\"robots\" content=\"index, follow, max-snippet:-1, max-image-preview:large, max-video-preview:-1\" \/>\n<link rel=\"canonical\" href=\"https:\/\/www.swisscrochet.ch\/de\/produkt\/nakyang-asa-taesa\/\" \/>\n<meta property=\"og:locale\" content=\"de_DE\" \/>\n<meta property=\"og:type\" content=\"article\" \/>\n<meta property=\"og:title\" content=\"Nakyang - Asa Taesa &#171; Swiss Crochet\" \/>\n<meta property=\"og:description\" content=\"Asa Taesa \u2013 Leichtes Leinen-Baumwoll-Garn mit C\u00e2bl\u00e9-Konstruktion und Z-Drall f\u00fcr hohe Strapazierf\u00e4higkeit und ein gleichm\u00e4ssiges H\u00e4kelbild. Ideal f\u00fcr sommerliche Kleidungsst\u00fccke und T\u00fccher.\" \/>\n<meta property=\"og:url\" content=\"https:\/\/www.swisscrochet.ch\/de\/produkt\/nakyang-asa-taesa\/\" \/>\n<meta property=\"og:site_name\" content=\"Swiss Crochet\" \/>\n<meta property=\"article:modified_time\" content=\"2026-02-07T13:50:15+00:00\" \/>\n<meta property=\"og:image\" content=\"https:\/\/www.swisscrochet.ch\/wp-content\/uploads\/2026\/02\/Nakyang-Asa-Taesa-Overview.jpg\" \/>\n\t<meta property=\"og:image:width\" content=\"1000\" \/>\n\t<meta property=\"og:image:height\" content=\"1000\" \/>\n\t<meta property=\"og:image:type\" content=\"image\/jpeg\" \/>\n<meta name=\"twitter:card\" content=\"summary_large_image\" \/>\n<meta name=\"twitter:label1\" content=\"Gesch\u00e4tzte Lesezeit\" \/>\n\t<meta name=\"twitter:data1\" content=\"1\u00a0Minute\" \/>\n<script type=\"application\/ld+json\" class=\"yoast-schema-graph\">{\"@context\":\"https:\\\/\\\/schema.org\",\"@graph\":[{\"@type\":[\"WebPage\",\"ItemPage\"],\"@id\":\"https:\\\/\\\/www.swisscrochet.ch\\\/de\\\/produkt\\\/nakyang-asa-taesa\\\/\",\"url\":\"https:\\\/\\\/www.swisscrochet.ch\\\/de\\\/produkt\\\/nakyang-asa-taesa\\\/\",\"name\":\"Nakyang - Asa Taesa &#171; Swiss Crochet\",\"isPartOf\":{\"@id\":\"https:\\\/\\\/www.swisscrochet.ch\\\/#website\"},\"primaryImageOfPage\":{\"@id\":\"https:\\\/\\\/www.swisscrochet.ch\\\/de\\\/produkt\\\/nakyang-asa-taesa\\\/#primaryimage\"},\"image\":{\"@id\":\"https:\\\/\\\/www.swisscrochet.ch\\\/de\\\/produkt\\\/nakyang-asa-taesa\\\/#primaryimage\"},\"thumbnailUrl\":\"https:\\\/\\\/www.swisscrochet.ch\\\/wp-content\\\/uploads\\\/2026\\\/02\\\/Nakyang-Asa-Taesa-Overview.jpg\",\"datePublished\":\"2026-02-03T19:40:56+00:00\",\"dateModified\":\"2026-02-07T13:50:15+00:00\",\"description\":\"Asa Taesa \u2013 Leichtes Leinen-Baumwoll-Garn mit C\u00e2bl\u00e9-Konstruktion und Z-Drall f\u00fcr hohe Strapazierf\u00e4higkeit und ein gleichm\u00e4ssiges H\u00e4kelbild. Ideal f\u00fcr sommerliche Kleidungsst\u00fccke und T\u00fccher.\",\"breadcrumb\":{\"@id\":\"https:\\\/\\\/www.swisscrochet.ch\\\/de\\\/produkt\\\/nakyang-asa-taesa\\\/#breadcrumb\"},\"inLanguage\":\"de\",\"potentialAction\":[{\"@type\":\"ReadAction\",\"target\":[\"https:\\\/\\\/www.swisscrochet.ch\\\/de\\\/produkt\\\/nakyang-asa-taesa\\\/\"]}]},{\"@type\":\"ImageObject\",\"inLanguage\":\"de\",\"@id\":\"https:\\\/\\\/www.swisscrochet.ch\\\/de\\\/produkt\\\/nakyang-asa-taesa\\\/#primaryimage\",\"url\":\"https:\\\/\\\/www.swisscrochet.ch\\\/wp-content\\\/uploads\\\/2026\\\/02\\\/Nakyang-Asa-Taesa-Overview.jpg\",\"contentUrl\":\"https:\\\/\\\/www.swisscrochet.ch\\\/wp-content\\\/uploads\\\/2026\\\/02\\\/Nakyang-Asa-Taesa-Overview.jpg\",\"width\":1000,\"height\":1000},{\"@type\":\"BreadcrumbList\",\"@id\":\"https:\\\/\\\/www.swisscrochet.ch\\\/de\\\/produkt\\\/nakyang-asa-taesa\\\/#breadcrumb\",\"itemListElement\":[{\"@type\":\"ListItem\",\"position\":1,\"name\":\"Home\",\"item\":\"https:\\\/\\\/www.swisscrochet.ch\\\/de\\\/\"},{\"@type\":\"ListItem\",\"position\":2,\"name\":\"Shop\",\"item\":\"https:\\\/\\\/www.swisscrochet.ch\\\/de\\\/shop\\\/\"},{\"@type\":\"ListItem\",\"position\":3,\"name\":\"Nakyang &#8211; Asa Taesa\"}]},{\"@type\":\"WebSite\",\"@id\":\"https:\\\/\\\/www.swisscrochet.ch\\\/#website\",\"url\":\"https:\\\/\\\/www.swisscrochet.ch\\\/\",\"name\":\"Swiss Crochet\",\"description\":\"Entfalte dein kreatives Potenzial\",\"potentialAction\":[{\"@type\":\"SearchAction\",\"target\":{\"@type\":\"EntryPoint\",\"urlTemplate\":\"https:\\\/\\\/www.swisscrochet.ch\\\/?s={search_term_string}\"},\"query-input\":{\"@type\":\"PropertyValueSpecification\",\"valueRequired\":true,\"valueName\":\"search_term_string\"}}],\"inLanguage\":\"de\"}]}<\/script>\n<!-- \/ Yoast SEO plugin. -->","yoast_head_json":{"title":"Nakyang - Asa Taesa &#171; Swiss Crochet","description":"Asa Taesa \u2013 Leichtes Leinen-Baumwoll-Garn mit C\u00e2bl\u00e9-Konstruktion und Z-Drall f\u00fcr hohe Strapazierf\u00e4higkeit und ein gleichm\u00e4ssiges H\u00e4kelbild. Ideal f\u00fcr sommerliche Kleidungsst\u00fccke und T\u00fccher.","robots":{"index":"index","follow":"follow","max-snippet":"max-snippet:-1","max-image-preview":"max-image-preview:large","max-video-preview":"max-video-preview:-1"},"canonical":"https:\/\/www.swisscrochet.ch\/de\/produkt\/nakyang-asa-taesa\/","og_locale":"de_DE","og_type":"article","og_title":"Nakyang - Asa Taesa &#171; Swiss Crochet","og_description":"Asa Taesa \u2013 Leichtes Leinen-Baumwoll-Garn mit C\u00e2bl\u00e9-Konstruktion und Z-Drall f\u00fcr hohe Strapazierf\u00e4higkeit und ein gleichm\u00e4ssiges H\u00e4kelbild. Ideal f\u00fcr sommerliche Kleidungsst\u00fccke und T\u00fccher.","og_url":"https:\/\/www.swisscrochet.ch\/de\/produkt\/nakyang-asa-taesa\/","og_site_name":"Swiss Crochet","article_modified_time":"2026-02-07T13:50:15+00:00","og_image":[{"width":1000,"height":1000,"url":"https:\/\/www.swisscrochet.ch\/wp-content\/uploads\/2026\/02\/Nakyang-Asa-Taesa-Overview.jpg","type":"image\/jpeg"}],"twitter_card":"summary_large_image","twitter_misc":{"Gesch\u00e4tzte Lesezeit":"1\u00a0Minute"},"schema":{"@context":"https:\/\/schema.org","@graph":[{"@type":["WebPage","ItemPage"],"@id":"https:\/\/www.swisscrochet.ch\/de\/produkt\/nakyang-asa-taesa\/","url":"https:\/\/www.swisscrochet.ch\/de\/produkt\/nakyang-asa-taesa\/","name":"Nakyang - Asa Taesa &#171; Swiss Crochet","isPartOf":{"@id":"https:\/\/www.swisscrochet.ch\/#website"},"primaryImageOfPage":{"@id":"https:\/\/www.swisscrochet.ch\/de\/produkt\/nakyang-asa-taesa\/#primaryimage"},"image":{"@id":"https:\/\/www.swisscrochet.ch\/de\/produkt\/nakyang-asa-taesa\/#primaryimage"},"thumbnailUrl":"https:\/\/www.swisscrochet.ch\/wp-content\/uploads\/2026\/02\/Nakyang-Asa-Taesa-Overview.jpg","datePublished":"2026-02-03T19:40:56+00:00","dateModified":"2026-02-07T13:50:15+00:00","description":"Asa Taesa \u2013 Leichtes Leinen-Baumwoll-Garn mit C\u00e2bl\u00e9-Konstruktion und Z-Drall f\u00fcr hohe Strapazierf\u00e4higkeit und ein gleichm\u00e4ssiges H\u00e4kelbild. Ideal f\u00fcr sommerliche Kleidungsst\u00fccke und T\u00fccher.","breadcrumb":{"@id":"https:\/\/www.swisscrochet.ch\/de\/produkt\/nakyang-asa-taesa\/#breadcrumb"},"inLanguage":"de","potentialAction":[{"@type":"ReadAction","target":["https:\/\/www.swisscrochet.ch\/de\/produkt\/nakyang-asa-taesa\/"]}]},{"@type":"ImageObject","inLanguage":"de","@id":"https:\/\/www.swisscrochet.ch\/de\/produkt\/nakyang-asa-taesa\/#primaryimage","url":"https:\/\/www.swisscrochet.ch\/wp-content\/uploads\/2026\/02\/Nakyang-Asa-Taesa-Overview.jpg","contentUrl":"https:\/\/www.swisscrochet.ch\/wp-content\/uploads\/2026\/02\/Nakyang-Asa-Taesa-Overview.jpg","width":1000,"height":1000},{"@type":"BreadcrumbList","@id":"https:\/\/www.swisscrochet.ch\/de\/produkt\/nakyang-asa-taesa\/#breadcrumb","itemListElement":[{"@type":"ListItem","position":1,"name":"Home","item":"https:\/\/www.swisscrochet.ch\/de\/"},{"@type":"ListItem","position":2,"name":"Shop","item":"https:\/\/www.swisscrochet.ch\/de\/shop\/"},{"@type":"ListItem","position":3,"name":"Nakyang &#8211; Asa Taesa"}]},{"@type":"WebSite","@id":"https:\/\/www.swisscrochet.ch\/#website","url":"https:\/\/www.swisscrochet.ch\/","name":"Swiss Crochet","description":"Entfalte dein kreatives Potenzial","potentialAction":[{"@type":"SearchAction","target":{"@type":"EntryPoint","urlTemplate":"https:\/\/www.swisscrochet.ch\/?s={search_term_string}"},"query-input":{"@type":"PropertyValueSpecification","valueRequired":true,"valueName":"search_term_string"}}],"inLanguage":"de"}]}},"_links":{"self":[{"href":"https:\/\/www.swisscrochet.ch\/de\/wp-json\/wp\/v2\/product\/22036","targetHints":{"allow":["GET"]}}],"collection":[{"href":"https:\/\/www.swisscrochet.ch\/de\/wp-json\/wp\/v2\/product"}],"about":[{"href":"https:\/\/www.swisscrochet.ch\/de\/wp-json\/wp\/v2\/types\/product"}],"wp:featuredmedia":[{"embeddable":true,"href":"https:\/\/www.swisscrochet.ch\/de\/wp-json\/wp\/v2\/media\/21660"}],"wp:attachment":[{"href":"https:\/\/www.swisscrochet.ch\/de\/wp-json\/wp\/v2\/media?parent=22036"}],"wp:term":[{"taxonomy":"product_brand","embeddable":true,"href":"https:\/\/www.swisscrochet.ch\/de\/wp-json\/wp\/v2\/product_brand?post=22036"},{"taxonomy":"product_cat","embeddable":true,"href":"https:\/\/www.swisscrochet.ch\/de\/wp-json\/wp\/v2\/product_cat?post=22036"},{"taxonomy":"product_tag","embeddable":true,"href":"https:\/\/www.swisscrochet.ch\/de\/wp-json\/wp\/v2\/product_tag?post=22036"}],"curies":[{"name":"wp","href":"https:\/\/api.w.org\/{rel}","templated":true}]}}