{"id":22299,"date":"2026-02-04T14:30:49","date_gmt":"2026-02-04T13:30:49","guid":{"rendered":"https:\/\/www.swisscrochet.ch\/product\/nakyang-slow-step\/"},"modified":"2026-03-21T11:35:15","modified_gmt":"2026-03-21T10:35:15","slug":"nakyang-slow-step","status":"publish","type":"product","link":"https:\/\/www.swisscrochet.ch\/de\/produkt\/nakyang-slow-step\/","title":{"rendered":"Nakyang &#8211; Slow Step"},"content":{"rendered":"","protected":false},"excerpt":{"rendered":"<p>Slow Step ist ein weiches Fingering-Sockengarn, das sich f\u00fcr eine Vielzahl von Projekten eignet. Es verf\u00fcgt \u00fcber eine klassische Sockengarn-Konstruktion mit vier F\u00e4den und S-Drall, die f\u00fcr ausreichend Drehung sorgt und ein gleichm\u00e4ssiges, m\u00fcheloses H\u00e4keln sowie ein angenehmes Arbeitsgef\u00fchl erm\u00f6glicht.<\/p>\n<p>Der Spinnprozess findet in Nakyangs eigener Produktionsst\u00e4tte in Gyeongsan, S\u00fcdkorea, nahe Daegu, einem ehemaligen Textilzentrum des Landes, statt. Der F\u00e4rbeprozess wird von Partnerunternehmen durchgef\u00fchrt, die sich in unmittelbarer N\u00e4he befinden und alle im Raum Gyeongsan und Daegu angesiedelt sind.<\/p>\n<p>Die r\u00e4umliche N\u00e4he von Spinnerei und F\u00e4rberei erm\u00f6glicht kurze Transportwege zwischen den einzelnen Produktionsschritten und unterst\u00fctzt einen effizienten und lokal konzentrierten Herstellungsprozess.<\/p>\n<p>Slow Step besteht aus 75 % Merinowolle und 25 % Nylon und ist damit eine ausgezeichnete Wahl f\u00fcr Kleidungsst\u00fccke und tragbare Accessoires f\u00fcr kalte Tage, die zus\u00e4tzliche Strapazierf\u00e4higkeit ben\u00f6tigen, wie Socken, F\u00e4ustlinge und Handschuhe.<\/p>\n<p>Die abgebildete Maschenprobe wurde in der Maschine gewaschen (Wollprogramm bei 30 \u00b0C) und dampfgeb\u00fcgelt.<\/p>\n<p>Erh\u00e4ltlich in 23 Farben \u2013 w\u00e4hle deinen Lieblingsfarbton und starte dein n\u00e4chstes langlebiges und komfortables Projekt mit Slow Step.<\/p>\n<p><strong>Exklusiv erh\u00e4ltlich bei Swiss Crochet.<\/strong><\/p>\n","protected":false},"featured_media":21224,"template":"","meta":[],"product_brand":[],"product_cat":[1888,1884,226,1894,1891],"product_tag":[],"class_list":{"0":"post-22299","1":"product","2":"type-product","3":"status-publish","4":"has-post-thumbnail","6":"product_cat-garn-basisgarne","7":"product_cat-garn-decken","8":"product_cat-garne","9":"product_cat-garn-kleidungsstucke","10":"product_cat-garn-socken","11":"pa_y1-brand-nakyang-de","12":"pa_y17-yarn-weight-fingering-de","13":"description-off","15":"first","16":"instock","17":"taxable","18":"shipping-taxable","19":"purchasable","20":"product-type-variable","21":"wvs-archive-product-wrapper"},"bundled_by":[],"bundle_stock_status":"instock","bundle_stock_quantity":null,"bundle_virtual":false,"bundle_layout":"","bundle_add_to_cart_form_location":"","bundle_editable_in_cart":false,"bundle_sold_individually_context":"","bundle_item_grouping":"","bundle_min_size":"","bundle_max_size":"","bundle_price":[],"bundled_items":[],"bundle_sell_ids":[],"yoast_head":"<!-- This site is optimized with the Yoast SEO plugin v27.5 - https:\/\/yoast.com\/product\/yoast-seo-wordpress\/ -->\n<title>Nakyang - Slow Step &#171; Swiss Crochet<\/title>\n<meta name=\"description\" content=\"Slow Step \u2013 Weiches Fingering-Sockengarn aus Merino und Nylon. Strapazierf\u00e4hig, angenehm zu h\u00e4keln und ideal f\u00fcr Socken, F\u00e4ustlinge und Accessoires f\u00fcr kalte Tage.\" \/>\n<meta name=\"robots\" content=\"index, follow, max-snippet:-1, max-image-preview:large, max-video-preview:-1\" \/>\n<link rel=\"canonical\" href=\"https:\/\/www.swisscrochet.ch\/de\/produkt\/nakyang-slow-step\/\" \/>\n<meta property=\"og:locale\" content=\"de_DE\" \/>\n<meta property=\"og:type\" content=\"article\" \/>\n<meta property=\"og:title\" content=\"Nakyang - Slow Step &#171; Swiss Crochet\" \/>\n<meta property=\"og:description\" content=\"Slow Step \u2013 Weiches Fingering-Sockengarn aus Merino und Nylon. Strapazierf\u00e4hig, angenehm zu h\u00e4keln und ideal f\u00fcr Socken, F\u00e4ustlinge und Accessoires f\u00fcr kalte Tage.\" \/>\n<meta property=\"og:url\" content=\"https:\/\/www.swisscrochet.ch\/de\/produkt\/nakyang-slow-step\/\" \/>\n<meta property=\"og:site_name\" content=\"Swiss Crochet\" \/>\n<meta property=\"article:modified_time\" content=\"2026-03-21T10:35:15+00:00\" \/>\n<meta property=\"og:image\" content=\"https:\/\/www.swisscrochet.ch\/wp-content\/uploads\/2026\/02\/Nakyang-Slow-Step-Overview.jpg\" \/>\n\t<meta property=\"og:image:width\" content=\"1000\" \/>\n\t<meta property=\"og:image:height\" content=\"1000\" \/>\n\t<meta property=\"og:image:type\" content=\"image\/jpeg\" \/>\n<meta name=\"twitter:card\" content=\"summary_large_image\" \/>\n<meta name=\"twitter:label1\" content=\"Gesch\u00e4tzte Lesezeit\" \/>\n\t<meta name=\"twitter:data1\" content=\"1\u00a0Minute\" \/>\n<script type=\"application\/ld+json\" class=\"yoast-schema-graph\">{\"@context\":\"https:\\\/\\\/schema.org\",\"@graph\":[{\"@type\":[\"WebPage\",\"ItemPage\"],\"@id\":\"https:\\\/\\\/www.swisscrochet.ch\\\/de\\\/produkt\\\/nakyang-slow-step\\\/\",\"url\":\"https:\\\/\\\/www.swisscrochet.ch\\\/de\\\/produkt\\\/nakyang-slow-step\\\/\",\"name\":\"Nakyang - Slow Step &#171; Swiss Crochet\",\"isPartOf\":{\"@id\":\"https:\\\/\\\/www.swisscrochet.ch\\\/#website\"},\"primaryImageOfPage\":{\"@id\":\"https:\\\/\\\/www.swisscrochet.ch\\\/de\\\/produkt\\\/nakyang-slow-step\\\/#primaryimage\"},\"image\":{\"@id\":\"https:\\\/\\\/www.swisscrochet.ch\\\/de\\\/produkt\\\/nakyang-slow-step\\\/#primaryimage\"},\"thumbnailUrl\":\"https:\\\/\\\/www.swisscrochet.ch\\\/wp-content\\\/uploads\\\/2026\\\/02\\\/Nakyang-Slow-Step-Overview.jpg\",\"datePublished\":\"2026-02-04T13:30:49+00:00\",\"dateModified\":\"2026-03-21T10:35:15+00:00\",\"description\":\"Slow Step \u2013 Weiches Fingering-Sockengarn aus Merino und Nylon. Strapazierf\u00e4hig, angenehm zu h\u00e4keln und ideal f\u00fcr Socken, F\u00e4ustlinge und Accessoires f\u00fcr kalte Tage.\",\"breadcrumb\":{\"@id\":\"https:\\\/\\\/www.swisscrochet.ch\\\/de\\\/produkt\\\/nakyang-slow-step\\\/#breadcrumb\"},\"inLanguage\":\"de\",\"potentialAction\":[{\"@type\":\"ReadAction\",\"target\":[\"https:\\\/\\\/www.swisscrochet.ch\\\/de\\\/produkt\\\/nakyang-slow-step\\\/\"]}]},{\"@type\":\"ImageObject\",\"inLanguage\":\"de\",\"@id\":\"https:\\\/\\\/www.swisscrochet.ch\\\/de\\\/produkt\\\/nakyang-slow-step\\\/#primaryimage\",\"url\":\"https:\\\/\\\/www.swisscrochet.ch\\\/wp-content\\\/uploads\\\/2026\\\/02\\\/Nakyang-Slow-Step-Overview.jpg\",\"contentUrl\":\"https:\\\/\\\/www.swisscrochet.ch\\\/wp-content\\\/uploads\\\/2026\\\/02\\\/Nakyang-Slow-Step-Overview.jpg\",\"width\":1000,\"height\":1000},{\"@type\":\"BreadcrumbList\",\"@id\":\"https:\\\/\\\/www.swisscrochet.ch\\\/de\\\/produkt\\\/nakyang-slow-step\\\/#breadcrumb\",\"itemListElement\":[{\"@type\":\"ListItem\",\"position\":1,\"name\":\"Home\",\"item\":\"https:\\\/\\\/www.swisscrochet.ch\\\/de\\\/\"},{\"@type\":\"ListItem\",\"position\":2,\"name\":\"Shop\",\"item\":\"https:\\\/\\\/www.swisscrochet.ch\\\/de\\\/shop\\\/\"},{\"@type\":\"ListItem\",\"position\":3,\"name\":\"Nakyang &#8211; Slow Step\"}]},{\"@type\":\"WebSite\",\"@id\":\"https:\\\/\\\/www.swisscrochet.ch\\\/#website\",\"url\":\"https:\\\/\\\/www.swisscrochet.ch\\\/\",\"name\":\"Swiss Crochet\",\"description\":\"Entfalte dein kreatives Potenzial\",\"potentialAction\":[{\"@type\":\"SearchAction\",\"target\":{\"@type\":\"EntryPoint\",\"urlTemplate\":\"https:\\\/\\\/www.swisscrochet.ch\\\/?s={search_term_string}\"},\"query-input\":{\"@type\":\"PropertyValueSpecification\",\"valueRequired\":true,\"valueName\":\"search_term_string\"}}],\"inLanguage\":\"de\"}]}<\/script>\n<!-- \/ Yoast SEO plugin. -->","yoast_head_json":{"title":"Nakyang - Slow Step &#171; Swiss Crochet","description":"Slow Step \u2013 Weiches Fingering-Sockengarn aus Merino und Nylon. Strapazierf\u00e4hig, angenehm zu h\u00e4keln und ideal f\u00fcr Socken, F\u00e4ustlinge und Accessoires f\u00fcr kalte Tage.","robots":{"index":"index","follow":"follow","max-snippet":"max-snippet:-1","max-image-preview":"max-image-preview:large","max-video-preview":"max-video-preview:-1"},"canonical":"https:\/\/www.swisscrochet.ch\/de\/produkt\/nakyang-slow-step\/","og_locale":"de_DE","og_type":"article","og_title":"Nakyang - Slow Step &#171; Swiss Crochet","og_description":"Slow Step \u2013 Weiches Fingering-Sockengarn aus Merino und Nylon. Strapazierf\u00e4hig, angenehm zu h\u00e4keln und ideal f\u00fcr Socken, F\u00e4ustlinge und Accessoires f\u00fcr kalte Tage.","og_url":"https:\/\/www.swisscrochet.ch\/de\/produkt\/nakyang-slow-step\/","og_site_name":"Swiss Crochet","article_modified_time":"2026-03-21T10:35:15+00:00","og_image":[{"width":1000,"height":1000,"url":"https:\/\/www.swisscrochet.ch\/wp-content\/uploads\/2026\/02\/Nakyang-Slow-Step-Overview.jpg","type":"image\/jpeg"}],"twitter_card":"summary_large_image","twitter_misc":{"Gesch\u00e4tzte Lesezeit":"1\u00a0Minute"},"schema":{"@context":"https:\/\/schema.org","@graph":[{"@type":["WebPage","ItemPage"],"@id":"https:\/\/www.swisscrochet.ch\/de\/produkt\/nakyang-slow-step\/","url":"https:\/\/www.swisscrochet.ch\/de\/produkt\/nakyang-slow-step\/","name":"Nakyang - Slow Step &#171; Swiss Crochet","isPartOf":{"@id":"https:\/\/www.swisscrochet.ch\/#website"},"primaryImageOfPage":{"@id":"https:\/\/www.swisscrochet.ch\/de\/produkt\/nakyang-slow-step\/#primaryimage"},"image":{"@id":"https:\/\/www.swisscrochet.ch\/de\/produkt\/nakyang-slow-step\/#primaryimage"},"thumbnailUrl":"https:\/\/www.swisscrochet.ch\/wp-content\/uploads\/2026\/02\/Nakyang-Slow-Step-Overview.jpg","datePublished":"2026-02-04T13:30:49+00:00","dateModified":"2026-03-21T10:35:15+00:00","description":"Slow Step \u2013 Weiches Fingering-Sockengarn aus Merino und Nylon. Strapazierf\u00e4hig, angenehm zu h\u00e4keln und ideal f\u00fcr Socken, F\u00e4ustlinge und Accessoires f\u00fcr kalte Tage.","breadcrumb":{"@id":"https:\/\/www.swisscrochet.ch\/de\/produkt\/nakyang-slow-step\/#breadcrumb"},"inLanguage":"de","potentialAction":[{"@type":"ReadAction","target":["https:\/\/www.swisscrochet.ch\/de\/produkt\/nakyang-slow-step\/"]}]},{"@type":"ImageObject","inLanguage":"de","@id":"https:\/\/www.swisscrochet.ch\/de\/produkt\/nakyang-slow-step\/#primaryimage","url":"https:\/\/www.swisscrochet.ch\/wp-content\/uploads\/2026\/02\/Nakyang-Slow-Step-Overview.jpg","contentUrl":"https:\/\/www.swisscrochet.ch\/wp-content\/uploads\/2026\/02\/Nakyang-Slow-Step-Overview.jpg","width":1000,"height":1000},{"@type":"BreadcrumbList","@id":"https:\/\/www.swisscrochet.ch\/de\/produkt\/nakyang-slow-step\/#breadcrumb","itemListElement":[{"@type":"ListItem","position":1,"name":"Home","item":"https:\/\/www.swisscrochet.ch\/de\/"},{"@type":"ListItem","position":2,"name":"Shop","item":"https:\/\/www.swisscrochet.ch\/de\/shop\/"},{"@type":"ListItem","position":3,"name":"Nakyang &#8211; Slow Step"}]},{"@type":"WebSite","@id":"https:\/\/www.swisscrochet.ch\/#website","url":"https:\/\/www.swisscrochet.ch\/","name":"Swiss Crochet","description":"Entfalte dein kreatives Potenzial","potentialAction":[{"@type":"SearchAction","target":{"@type":"EntryPoint","urlTemplate":"https:\/\/www.swisscrochet.ch\/?s={search_term_string}"},"query-input":{"@type":"PropertyValueSpecification","valueRequired":true,"valueName":"search_term_string"}}],"inLanguage":"de"}]}},"_links":{"self":[{"href":"https:\/\/www.swisscrochet.ch\/de\/wp-json\/wp\/v2\/product\/22299","targetHints":{"allow":["GET"]}}],"collection":[{"href":"https:\/\/www.swisscrochet.ch\/de\/wp-json\/wp\/v2\/product"}],"about":[{"href":"https:\/\/www.swisscrochet.ch\/de\/wp-json\/wp\/v2\/types\/product"}],"wp:featuredmedia":[{"embeddable":true,"href":"https:\/\/www.swisscrochet.ch\/de\/wp-json\/wp\/v2\/media\/21224"}],"wp:attachment":[{"href":"https:\/\/www.swisscrochet.ch\/de\/wp-json\/wp\/v2\/media?parent=22299"}],"wp:term":[{"taxonomy":"product_brand","embeddable":true,"href":"https:\/\/www.swisscrochet.ch\/de\/wp-json\/wp\/v2\/product_brand?post=22299"},{"taxonomy":"product_cat","embeddable":true,"href":"https:\/\/www.swisscrochet.ch\/de\/wp-json\/wp\/v2\/product_cat?post=22299"},{"taxonomy":"product_tag","embeddable":true,"href":"https:\/\/www.swisscrochet.ch\/de\/wp-json\/wp\/v2\/product_tag?post=22299"}],"curies":[{"name":"wp","href":"https:\/\/api.w.org\/{rel}","templated":true}]}}