{"id":22425,"date":"2026-02-04T15:00:04","date_gmt":"2026-02-04T14:00:04","guid":{"rendered":"https:\/\/www.swisscrochet.ch\/product\/nakyang-im-wool-4\/"},"modified":"2026-02-07T14:50:38","modified_gmt":"2026-02-07T13:50:38","slug":"nakyang-im-wool-4","status":"publish","type":"product","link":"https:\/\/www.swisscrochet.ch\/de\/produkt\/nakyang-im-wool-4\/","title":{"rendered":"Nakyang &#8211; I&#8217;m Wool 4"},"content":{"rendered":"","protected":false},"excerpt":{"rendered":"<p>I\u2019m Wool 4 ist ein weiches DK-Garn, das sich f\u00fcr eine Vielzahl von Projekten eignet. Es handelt sich um ein klassisches 4-f\u00e4diges Garn mit S-Drall, das f\u00fcr ausreichend Drehung sorgt und ein gleichm\u00e4ssiges, m\u00fcheloses H\u00e4keln sowie ein angenehmes Arbeitsgef\u00fchl erm\u00f6glicht.<\/p>\n<p>Der Spinnprozess findet in Nakyangs eigener Produktionsst\u00e4tte in Gyeongsan, S\u00fcdkorea, nahe Daegu, einem ehemaligen Textilzentrum des Landes, statt. Der F\u00e4rbeprozess wird von Partnerunternehmen durchgef\u00fchrt, die sich in unmittelbarer N\u00e4he befinden und alle im Raum Gyeongsan und Daegu angesiedelt sind.<\/p>\n<p>Die r\u00e4umliche N\u00e4he von Spinnerei und F\u00e4rberei erm\u00f6glicht kurze Transportwege zwischen den einzelnen Produktionsschritten und unterst\u00fctzt einen effizienten und lokal konzentrierten Herstellungsprozess.<\/p>\n<p>I\u2019m Wool 4 besteht aus 100 % Merinowolle und ist damit eine ausgezeichnete Wahl f\u00fcr Kleidungsst\u00fccke f\u00fcr kalte Tage wie Westen, Pullover und Cardigans sowie f\u00fcr Accessoires wie M\u00fctzen und Schals.<\/p>\n<p>Die abgebildete Maschenprobe wurde in der Maschine gewaschen (Wollprogramm bei 30 \u00b0C) und dampfgeb\u00fcgelt.<\/p>\n<p>Erh\u00e4ltlich in 24 Farben \u2013 w\u00e4hle deinen Lieblingsfarbton und starte dein n\u00e4chstes warmes und komfortables Projekt mit I\u2019m Wool 4!<\/p>\n<p><strong>Exklusiv erh\u00e4ltlich bei Swiss Crochet.<\/strong><\/p>\n","protected":false},"featured_media":21124,"template":"","meta":[],"product_brand":[],"product_cat":[226,1894],"product_tag":[],"class_list":{"0":"post-22425","1":"product","2":"type-product","3":"status-publish","4":"has-post-thumbnail","6":"product_cat-garne","7":"product_cat-garn-kleidungsstucke","8":"pa_y1-brand-nakyang-de","9":"pa_y17-yarn-weight-dk-de","10":"description-off","12":"first","13":"instock","14":"taxable","15":"shipping-taxable","16":"purchasable","17":"product-type-variable","18":"wvs-archive-product-wrapper"},"bundled_by":[],"bundle_stock_status":"instock","bundle_stock_quantity":null,"bundle_virtual":false,"bundle_layout":"","bundle_add_to_cart_form_location":"","bundle_editable_in_cart":false,"bundle_sold_individually_context":"","bundle_item_grouping":"","bundle_min_size":"","bundle_max_size":"","bundle_price":[],"bundled_items":[],"bundle_sell_ids":[],"yoast_head":"<!-- This site is optimized with the Yoast SEO plugin v27.5 - https:\/\/yoast.com\/product\/yoast-seo-wordpress\/ -->\n<title>Nakyang - I&#039;m Wool 4 &#171; Swiss Crochet<\/title>\n<meta name=\"description\" content=\"I\u2019m Wool 4 \u2013 Weiches DK-Garn aus 100 % Merinowolle. Angenehm glatt zu h\u00e4keln und ideal f\u00fcr Pullover, Cardigans, M\u00fctzen und andere Projekte f\u00fcr kalte Tage.\" \/>\n<meta name=\"robots\" content=\"index, follow, max-snippet:-1, max-image-preview:large, max-video-preview:-1\" \/>\n<link rel=\"canonical\" href=\"https:\/\/www.swisscrochet.ch\/de\/produkt\/nakyang-im-wool-4\/\" \/>\n<meta property=\"og:locale\" content=\"de_DE\" \/>\n<meta property=\"og:type\" content=\"article\" \/>\n<meta property=\"og:title\" content=\"Nakyang - I&#039;m Wool 4 &#171; Swiss Crochet\" \/>\n<meta property=\"og:description\" content=\"I\u2019m Wool 4 \u2013 Weiches DK-Garn aus 100 % Merinowolle. Angenehm glatt zu h\u00e4keln und ideal f\u00fcr Pullover, Cardigans, M\u00fctzen und andere Projekte f\u00fcr kalte Tage.\" \/>\n<meta property=\"og:url\" content=\"https:\/\/www.swisscrochet.ch\/de\/produkt\/nakyang-im-wool-4\/\" \/>\n<meta property=\"og:site_name\" content=\"Swiss Crochet\" \/>\n<meta property=\"article:modified_time\" content=\"2026-02-07T13:50:38+00:00\" \/>\n<meta property=\"og:image\" content=\"https:\/\/www.swisscrochet.ch\/wp-content\/uploads\/2026\/02\/Nakyang-Im-Wool-4-Overview.jpg\" \/>\n\t<meta property=\"og:image:width\" content=\"1000\" \/>\n\t<meta property=\"og:image:height\" content=\"1000\" \/>\n\t<meta property=\"og:image:type\" content=\"image\/jpeg\" \/>\n<meta name=\"twitter:card\" content=\"summary_large_image\" \/>\n<meta name=\"twitter:label1\" content=\"Gesch\u00e4tzte Lesezeit\" \/>\n\t<meta name=\"twitter:data1\" content=\"1\u00a0Minute\" \/>\n<script type=\"application\/ld+json\" class=\"yoast-schema-graph\">{\"@context\":\"https:\\\/\\\/schema.org\",\"@graph\":[{\"@type\":[\"WebPage\",\"ItemPage\"],\"@id\":\"https:\\\/\\\/www.swisscrochet.ch\\\/de\\\/produkt\\\/nakyang-im-wool-4\\\/\",\"url\":\"https:\\\/\\\/www.swisscrochet.ch\\\/de\\\/produkt\\\/nakyang-im-wool-4\\\/\",\"name\":\"Nakyang - I'm Wool 4 &#171; Swiss Crochet\",\"isPartOf\":{\"@id\":\"https:\\\/\\\/www.swisscrochet.ch\\\/#website\"},\"primaryImageOfPage\":{\"@id\":\"https:\\\/\\\/www.swisscrochet.ch\\\/de\\\/produkt\\\/nakyang-im-wool-4\\\/#primaryimage\"},\"image\":{\"@id\":\"https:\\\/\\\/www.swisscrochet.ch\\\/de\\\/produkt\\\/nakyang-im-wool-4\\\/#primaryimage\"},\"thumbnailUrl\":\"https:\\\/\\\/www.swisscrochet.ch\\\/wp-content\\\/uploads\\\/2026\\\/02\\\/Nakyang-Im-Wool-4-Overview.jpg\",\"datePublished\":\"2026-02-04T14:00:04+00:00\",\"dateModified\":\"2026-02-07T13:50:38+00:00\",\"description\":\"I\u2019m Wool 4 \u2013 Weiches DK-Garn aus 100 % Merinowolle. Angenehm glatt zu h\u00e4keln und ideal f\u00fcr Pullover, Cardigans, M\u00fctzen und andere Projekte f\u00fcr kalte Tage.\",\"breadcrumb\":{\"@id\":\"https:\\\/\\\/www.swisscrochet.ch\\\/de\\\/produkt\\\/nakyang-im-wool-4\\\/#breadcrumb\"},\"inLanguage\":\"de\",\"potentialAction\":[{\"@type\":\"ReadAction\",\"target\":[\"https:\\\/\\\/www.swisscrochet.ch\\\/de\\\/produkt\\\/nakyang-im-wool-4\\\/\"]}]},{\"@type\":\"ImageObject\",\"inLanguage\":\"de\",\"@id\":\"https:\\\/\\\/www.swisscrochet.ch\\\/de\\\/produkt\\\/nakyang-im-wool-4\\\/#primaryimage\",\"url\":\"https:\\\/\\\/www.swisscrochet.ch\\\/wp-content\\\/uploads\\\/2026\\\/02\\\/Nakyang-Im-Wool-4-Overview.jpg\",\"contentUrl\":\"https:\\\/\\\/www.swisscrochet.ch\\\/wp-content\\\/uploads\\\/2026\\\/02\\\/Nakyang-Im-Wool-4-Overview.jpg\",\"width\":1000,\"height\":1000},{\"@type\":\"BreadcrumbList\",\"@id\":\"https:\\\/\\\/www.swisscrochet.ch\\\/de\\\/produkt\\\/nakyang-im-wool-4\\\/#breadcrumb\",\"itemListElement\":[{\"@type\":\"ListItem\",\"position\":1,\"name\":\"Home\",\"item\":\"https:\\\/\\\/www.swisscrochet.ch\\\/de\\\/\"},{\"@type\":\"ListItem\",\"position\":2,\"name\":\"Shop\",\"item\":\"https:\\\/\\\/www.swisscrochet.ch\\\/de\\\/shop\\\/\"},{\"@type\":\"ListItem\",\"position\":3,\"name\":\"Nakyang &#8211; I&#8217;m Wool 4\"}]},{\"@type\":\"WebSite\",\"@id\":\"https:\\\/\\\/www.swisscrochet.ch\\\/#website\",\"url\":\"https:\\\/\\\/www.swisscrochet.ch\\\/\",\"name\":\"Swiss Crochet\",\"description\":\"Entfalte dein kreatives Potenzial\",\"potentialAction\":[{\"@type\":\"SearchAction\",\"target\":{\"@type\":\"EntryPoint\",\"urlTemplate\":\"https:\\\/\\\/www.swisscrochet.ch\\\/?s={search_term_string}\"},\"query-input\":{\"@type\":\"PropertyValueSpecification\",\"valueRequired\":true,\"valueName\":\"search_term_string\"}}],\"inLanguage\":\"de\"}]}<\/script>\n<!-- \/ Yoast SEO plugin. -->","yoast_head_json":{"title":"Nakyang - I'm Wool 4 &#171; Swiss Crochet","description":"I\u2019m Wool 4 \u2013 Weiches DK-Garn aus 100 % Merinowolle. Angenehm glatt zu h\u00e4keln und ideal f\u00fcr Pullover, Cardigans, M\u00fctzen und andere Projekte f\u00fcr kalte Tage.","robots":{"index":"index","follow":"follow","max-snippet":"max-snippet:-1","max-image-preview":"max-image-preview:large","max-video-preview":"max-video-preview:-1"},"canonical":"https:\/\/www.swisscrochet.ch\/de\/produkt\/nakyang-im-wool-4\/","og_locale":"de_DE","og_type":"article","og_title":"Nakyang - I'm Wool 4 &#171; Swiss Crochet","og_description":"I\u2019m Wool 4 \u2013 Weiches DK-Garn aus 100 % Merinowolle. Angenehm glatt zu h\u00e4keln und ideal f\u00fcr Pullover, Cardigans, M\u00fctzen und andere Projekte f\u00fcr kalte Tage.","og_url":"https:\/\/www.swisscrochet.ch\/de\/produkt\/nakyang-im-wool-4\/","og_site_name":"Swiss Crochet","article_modified_time":"2026-02-07T13:50:38+00:00","og_image":[{"width":1000,"height":1000,"url":"https:\/\/www.swisscrochet.ch\/wp-content\/uploads\/2026\/02\/Nakyang-Im-Wool-4-Overview.jpg","type":"image\/jpeg"}],"twitter_card":"summary_large_image","twitter_misc":{"Gesch\u00e4tzte Lesezeit":"1\u00a0Minute"},"schema":{"@context":"https:\/\/schema.org","@graph":[{"@type":["WebPage","ItemPage"],"@id":"https:\/\/www.swisscrochet.ch\/de\/produkt\/nakyang-im-wool-4\/","url":"https:\/\/www.swisscrochet.ch\/de\/produkt\/nakyang-im-wool-4\/","name":"Nakyang - I'm Wool 4 &#171; Swiss Crochet","isPartOf":{"@id":"https:\/\/www.swisscrochet.ch\/#website"},"primaryImageOfPage":{"@id":"https:\/\/www.swisscrochet.ch\/de\/produkt\/nakyang-im-wool-4\/#primaryimage"},"image":{"@id":"https:\/\/www.swisscrochet.ch\/de\/produkt\/nakyang-im-wool-4\/#primaryimage"},"thumbnailUrl":"https:\/\/www.swisscrochet.ch\/wp-content\/uploads\/2026\/02\/Nakyang-Im-Wool-4-Overview.jpg","datePublished":"2026-02-04T14:00:04+00:00","dateModified":"2026-02-07T13:50:38+00:00","description":"I\u2019m Wool 4 \u2013 Weiches DK-Garn aus 100 % Merinowolle. Angenehm glatt zu h\u00e4keln und ideal f\u00fcr Pullover, Cardigans, M\u00fctzen und andere Projekte f\u00fcr kalte Tage.","breadcrumb":{"@id":"https:\/\/www.swisscrochet.ch\/de\/produkt\/nakyang-im-wool-4\/#breadcrumb"},"inLanguage":"de","potentialAction":[{"@type":"ReadAction","target":["https:\/\/www.swisscrochet.ch\/de\/produkt\/nakyang-im-wool-4\/"]}]},{"@type":"ImageObject","inLanguage":"de","@id":"https:\/\/www.swisscrochet.ch\/de\/produkt\/nakyang-im-wool-4\/#primaryimage","url":"https:\/\/www.swisscrochet.ch\/wp-content\/uploads\/2026\/02\/Nakyang-Im-Wool-4-Overview.jpg","contentUrl":"https:\/\/www.swisscrochet.ch\/wp-content\/uploads\/2026\/02\/Nakyang-Im-Wool-4-Overview.jpg","width":1000,"height":1000},{"@type":"BreadcrumbList","@id":"https:\/\/www.swisscrochet.ch\/de\/produkt\/nakyang-im-wool-4\/#breadcrumb","itemListElement":[{"@type":"ListItem","position":1,"name":"Home","item":"https:\/\/www.swisscrochet.ch\/de\/"},{"@type":"ListItem","position":2,"name":"Shop","item":"https:\/\/www.swisscrochet.ch\/de\/shop\/"},{"@type":"ListItem","position":3,"name":"Nakyang &#8211; I&#8217;m Wool 4"}]},{"@type":"WebSite","@id":"https:\/\/www.swisscrochet.ch\/#website","url":"https:\/\/www.swisscrochet.ch\/","name":"Swiss Crochet","description":"Entfalte dein kreatives Potenzial","potentialAction":[{"@type":"SearchAction","target":{"@type":"EntryPoint","urlTemplate":"https:\/\/www.swisscrochet.ch\/?s={search_term_string}"},"query-input":{"@type":"PropertyValueSpecification","valueRequired":true,"valueName":"search_term_string"}}],"inLanguage":"de"}]}},"_links":{"self":[{"href":"https:\/\/www.swisscrochet.ch\/de\/wp-json\/wp\/v2\/product\/22425","targetHints":{"allow":["GET"]}}],"collection":[{"href":"https:\/\/www.swisscrochet.ch\/de\/wp-json\/wp\/v2\/product"}],"about":[{"href":"https:\/\/www.swisscrochet.ch\/de\/wp-json\/wp\/v2\/types\/product"}],"wp:featuredmedia":[{"embeddable":true,"href":"https:\/\/www.swisscrochet.ch\/de\/wp-json\/wp\/v2\/media\/21124"}],"wp:attachment":[{"href":"https:\/\/www.swisscrochet.ch\/de\/wp-json\/wp\/v2\/media?parent=22425"}],"wp:term":[{"taxonomy":"product_brand","embeddable":true,"href":"https:\/\/www.swisscrochet.ch\/de\/wp-json\/wp\/v2\/product_brand?post=22425"},{"taxonomy":"product_cat","embeddable":true,"href":"https:\/\/www.swisscrochet.ch\/de\/wp-json\/wp\/v2\/product_cat?post=22425"},{"taxonomy":"product_tag","embeddable":true,"href":"https:\/\/www.swisscrochet.ch\/de\/wp-json\/wp\/v2\/product_tag?post=22425"}],"curies":[{"name":"wp","href":"https:\/\/api.w.org\/{rel}","templated":true}]}}