{"id":22583,"date":"2026-02-04T15:40:44","date_gmt":"2026-02-04T14:40:44","guid":{"rendered":"https:\/\/www.swisscrochet.ch\/product\/nakyang-make-up\/"},"modified":"2026-02-07T14:50:42","modified_gmt":"2026-02-07T13:50:42","slug":"nakyang-make-up","status":"publish","type":"product","link":"https:\/\/www.swisscrochet.ch\/de\/produkt\/nakyang-make-up\/","title":{"rendered":"Nakyang &#8211; Make Up"},"content":{"rendered":"","protected":false},"excerpt":{"rendered":"<p>Make Up ist ein besonderes Aran-Garn mit einer einzigartigen Konstruktion. Es besteht aus einem gestrickten Jersey-Schlauch, der kompakt mit Polyester gef\u00fcllt ist. Das Ergebnis ist ein volumin\u00f6ses und dennoch leichtes Garn mit hervorragender Maschendefinition. Der Jersey-Anteil verleiht dem Garn eine angenehme Elastizit\u00e4t und macht die Verarbeitung komfortabel und angenehm.<\/p>\n<p>Der Spinnprozess findet in Nakyangs eigener Produktionsst\u00e4tte in Gyeongsan, S\u00fcdkorea, nahe Daegu, einem ehemaligen Textilzentrum des Landes, statt. Der F\u00e4rbeprozess wird von Partnerunternehmen durchgef\u00fchrt, die sich in unmittelbarer N\u00e4he befinden und alle im Raum Gyeongsan und Daegu angesiedelt sind.<\/p>\n<p>Die r\u00e4umliche N\u00e4he von Spinnerei und F\u00e4rberei erm\u00f6glicht kurze Transportwege zwischen den einzelnen Produktionsschritten und unterst\u00fctzt einen effizienten und lokal konzentrierten Herstellungsprozess.<\/p>\n<p>Make Up besteht aus 100 % Polyester, ist leicht und pillingarm und eignet sich daher hervorragend f\u00fcr weiche, volumin\u00f6se Ergebnisse. Es ist ideal f\u00fcr Taschen, Accessoires und Wohnaccessoires und kann auch f\u00fcr Amigurumi verwendet werden.<\/p>\n<p>Die abgebildete Maschenprobe wurde in der Maschine gewaschen (Normalprogramm bei 30 \u00b0C) und dampfgeb\u00fcgelt.<\/p>\n<p>Entdecke die kreativen M\u00f6glichkeiten von Make Up und bringe markante Textur und Volumen in dein n\u00e4chstes Projekt.<\/p>\n<p><strong>Exklusiv erh\u00e4ltlich bei Swiss Crochet.<\/strong><\/p>\n","protected":false},"featured_media":21536,"template":"","meta":[],"product_brand":[],"product_cat":[1879,1884,226,1881],"product_tag":[],"class_list":{"0":"post-22583","1":"product","2":"type-product","3":"status-publish","4":"has-post-thumbnail","6":"product_cat-garn-amigurumi","7":"product_cat-garn-decken","8":"product_cat-garne","9":"product_cat-garn-taschen-und-home-decor","10":"pa_y1-brand-nakyang-de","11":"pa_y17-yarn-weight-aran-de","12":"description-off","14":"first","15":"instock","16":"taxable","17":"shipping-taxable","18":"purchasable","19":"product-type-variable","20":"wvs-archive-product-wrapper"},"bundled_by":[],"bundle_stock_status":"instock","bundle_stock_quantity":null,"bundle_virtual":false,"bundle_layout":"","bundle_add_to_cart_form_location":"","bundle_editable_in_cart":false,"bundle_sold_individually_context":"","bundle_item_grouping":"","bundle_min_size":"","bundle_max_size":"","bundle_price":[],"bundled_items":[],"bundle_sell_ids":[],"yoast_head":"<!-- This site is optimized with the Yoast SEO plugin v27.5 - https:\/\/yoast.com\/product\/yoast-seo-wordpress\/ -->\n<title>Nakyang - Make Up &#171; Swiss Crochet<\/title>\n<meta name=\"description\" content=\"Make Up \u2013 Volumin\u00f6ses Aran-Garn mit Jersey-Schlauchkonstruktion. Leicht, pillingarm und ideal f\u00fcr Taschen, Accessoires, Wohnaccessoires und Amigurumi.\" \/>\n<meta name=\"robots\" content=\"index, follow, max-snippet:-1, max-image-preview:large, max-video-preview:-1\" \/>\n<link rel=\"canonical\" href=\"https:\/\/www.swisscrochet.ch\/de\/produkt\/nakyang-make-up\/\" \/>\n<meta property=\"og:locale\" content=\"de_DE\" \/>\n<meta property=\"og:type\" content=\"article\" \/>\n<meta property=\"og:title\" content=\"Nakyang - Make Up &#171; Swiss Crochet\" \/>\n<meta property=\"og:description\" content=\"Make Up \u2013 Volumin\u00f6ses Aran-Garn mit Jersey-Schlauchkonstruktion. Leicht, pillingarm und ideal f\u00fcr Taschen, Accessoires, Wohnaccessoires und Amigurumi.\" \/>\n<meta property=\"og:url\" content=\"https:\/\/www.swisscrochet.ch\/de\/produkt\/nakyang-make-up\/\" \/>\n<meta property=\"og:site_name\" content=\"Swiss Crochet\" \/>\n<meta property=\"article:modified_time\" content=\"2026-02-07T13:50:42+00:00\" \/>\n<meta property=\"og:image\" content=\"https:\/\/www.swisscrochet.ch\/wp-content\/uploads\/2026\/02\/Nakyang-Make-Up-Overview.jpg\" \/>\n\t<meta property=\"og:image:width\" content=\"1000\" \/>\n\t<meta property=\"og:image:height\" content=\"1000\" \/>\n\t<meta property=\"og:image:type\" content=\"image\/jpeg\" \/>\n<meta name=\"twitter:card\" content=\"summary_large_image\" \/>\n<meta name=\"twitter:label1\" content=\"Gesch\u00e4tzte Lesezeit\" \/>\n\t<meta name=\"twitter:data1\" content=\"1\u00a0Minute\" \/>\n<script type=\"application\/ld+json\" class=\"yoast-schema-graph\">{\"@context\":\"https:\\\/\\\/schema.org\",\"@graph\":[{\"@type\":[\"WebPage\",\"ItemPage\"],\"@id\":\"https:\\\/\\\/www.swisscrochet.ch\\\/de\\\/produkt\\\/nakyang-make-up\\\/\",\"url\":\"https:\\\/\\\/www.swisscrochet.ch\\\/de\\\/produkt\\\/nakyang-make-up\\\/\",\"name\":\"Nakyang - Make Up &#171; Swiss Crochet\",\"isPartOf\":{\"@id\":\"https:\\\/\\\/www.swisscrochet.ch\\\/#website\"},\"primaryImageOfPage\":{\"@id\":\"https:\\\/\\\/www.swisscrochet.ch\\\/de\\\/produkt\\\/nakyang-make-up\\\/#primaryimage\"},\"image\":{\"@id\":\"https:\\\/\\\/www.swisscrochet.ch\\\/de\\\/produkt\\\/nakyang-make-up\\\/#primaryimage\"},\"thumbnailUrl\":\"https:\\\/\\\/www.swisscrochet.ch\\\/wp-content\\\/uploads\\\/2026\\\/02\\\/Nakyang-Make-Up-Overview.jpg\",\"datePublished\":\"2026-02-04T14:40:44+00:00\",\"dateModified\":\"2026-02-07T13:50:42+00:00\",\"description\":\"Make Up \u2013 Volumin\u00f6ses Aran-Garn mit Jersey-Schlauchkonstruktion. Leicht, pillingarm und ideal f\u00fcr Taschen, Accessoires, Wohnaccessoires und Amigurumi.\",\"breadcrumb\":{\"@id\":\"https:\\\/\\\/www.swisscrochet.ch\\\/de\\\/produkt\\\/nakyang-make-up\\\/#breadcrumb\"},\"inLanguage\":\"de\",\"potentialAction\":[{\"@type\":\"ReadAction\",\"target\":[\"https:\\\/\\\/www.swisscrochet.ch\\\/de\\\/produkt\\\/nakyang-make-up\\\/\"]}]},{\"@type\":\"ImageObject\",\"inLanguage\":\"de\",\"@id\":\"https:\\\/\\\/www.swisscrochet.ch\\\/de\\\/produkt\\\/nakyang-make-up\\\/#primaryimage\",\"url\":\"https:\\\/\\\/www.swisscrochet.ch\\\/wp-content\\\/uploads\\\/2026\\\/02\\\/Nakyang-Make-Up-Overview.jpg\",\"contentUrl\":\"https:\\\/\\\/www.swisscrochet.ch\\\/wp-content\\\/uploads\\\/2026\\\/02\\\/Nakyang-Make-Up-Overview.jpg\",\"width\":1000,\"height\":1000},{\"@type\":\"BreadcrumbList\",\"@id\":\"https:\\\/\\\/www.swisscrochet.ch\\\/de\\\/produkt\\\/nakyang-make-up\\\/#breadcrumb\",\"itemListElement\":[{\"@type\":\"ListItem\",\"position\":1,\"name\":\"Home\",\"item\":\"https:\\\/\\\/www.swisscrochet.ch\\\/de\\\/\"},{\"@type\":\"ListItem\",\"position\":2,\"name\":\"Shop\",\"item\":\"https:\\\/\\\/www.swisscrochet.ch\\\/de\\\/shop\\\/\"},{\"@type\":\"ListItem\",\"position\":3,\"name\":\"Nakyang &#8211; Make Up\"}]},{\"@type\":\"WebSite\",\"@id\":\"https:\\\/\\\/www.swisscrochet.ch\\\/#website\",\"url\":\"https:\\\/\\\/www.swisscrochet.ch\\\/\",\"name\":\"Swiss Crochet\",\"description\":\"Entfalte dein kreatives Potenzial\",\"potentialAction\":[{\"@type\":\"SearchAction\",\"target\":{\"@type\":\"EntryPoint\",\"urlTemplate\":\"https:\\\/\\\/www.swisscrochet.ch\\\/?s={search_term_string}\"},\"query-input\":{\"@type\":\"PropertyValueSpecification\",\"valueRequired\":true,\"valueName\":\"search_term_string\"}}],\"inLanguage\":\"de\"}]}<\/script>\n<!-- \/ Yoast SEO plugin. -->","yoast_head_json":{"title":"Nakyang - Make Up &#171; Swiss Crochet","description":"Make Up \u2013 Volumin\u00f6ses Aran-Garn mit Jersey-Schlauchkonstruktion. Leicht, pillingarm und ideal f\u00fcr Taschen, Accessoires, Wohnaccessoires und Amigurumi.","robots":{"index":"index","follow":"follow","max-snippet":"max-snippet:-1","max-image-preview":"max-image-preview:large","max-video-preview":"max-video-preview:-1"},"canonical":"https:\/\/www.swisscrochet.ch\/de\/produkt\/nakyang-make-up\/","og_locale":"de_DE","og_type":"article","og_title":"Nakyang - Make Up &#171; Swiss Crochet","og_description":"Make Up \u2013 Volumin\u00f6ses Aran-Garn mit Jersey-Schlauchkonstruktion. Leicht, pillingarm und ideal f\u00fcr Taschen, Accessoires, Wohnaccessoires und Amigurumi.","og_url":"https:\/\/www.swisscrochet.ch\/de\/produkt\/nakyang-make-up\/","og_site_name":"Swiss Crochet","article_modified_time":"2026-02-07T13:50:42+00:00","og_image":[{"width":1000,"height":1000,"url":"https:\/\/www.swisscrochet.ch\/wp-content\/uploads\/2026\/02\/Nakyang-Make-Up-Overview.jpg","type":"image\/jpeg"}],"twitter_card":"summary_large_image","twitter_misc":{"Gesch\u00e4tzte Lesezeit":"1\u00a0Minute"},"schema":{"@context":"https:\/\/schema.org","@graph":[{"@type":["WebPage","ItemPage"],"@id":"https:\/\/www.swisscrochet.ch\/de\/produkt\/nakyang-make-up\/","url":"https:\/\/www.swisscrochet.ch\/de\/produkt\/nakyang-make-up\/","name":"Nakyang - Make Up &#171; Swiss Crochet","isPartOf":{"@id":"https:\/\/www.swisscrochet.ch\/#website"},"primaryImageOfPage":{"@id":"https:\/\/www.swisscrochet.ch\/de\/produkt\/nakyang-make-up\/#primaryimage"},"image":{"@id":"https:\/\/www.swisscrochet.ch\/de\/produkt\/nakyang-make-up\/#primaryimage"},"thumbnailUrl":"https:\/\/www.swisscrochet.ch\/wp-content\/uploads\/2026\/02\/Nakyang-Make-Up-Overview.jpg","datePublished":"2026-02-04T14:40:44+00:00","dateModified":"2026-02-07T13:50:42+00:00","description":"Make Up \u2013 Volumin\u00f6ses Aran-Garn mit Jersey-Schlauchkonstruktion. Leicht, pillingarm und ideal f\u00fcr Taschen, Accessoires, Wohnaccessoires und Amigurumi.","breadcrumb":{"@id":"https:\/\/www.swisscrochet.ch\/de\/produkt\/nakyang-make-up\/#breadcrumb"},"inLanguage":"de","potentialAction":[{"@type":"ReadAction","target":["https:\/\/www.swisscrochet.ch\/de\/produkt\/nakyang-make-up\/"]}]},{"@type":"ImageObject","inLanguage":"de","@id":"https:\/\/www.swisscrochet.ch\/de\/produkt\/nakyang-make-up\/#primaryimage","url":"https:\/\/www.swisscrochet.ch\/wp-content\/uploads\/2026\/02\/Nakyang-Make-Up-Overview.jpg","contentUrl":"https:\/\/www.swisscrochet.ch\/wp-content\/uploads\/2026\/02\/Nakyang-Make-Up-Overview.jpg","width":1000,"height":1000},{"@type":"BreadcrumbList","@id":"https:\/\/www.swisscrochet.ch\/de\/produkt\/nakyang-make-up\/#breadcrumb","itemListElement":[{"@type":"ListItem","position":1,"name":"Home","item":"https:\/\/www.swisscrochet.ch\/de\/"},{"@type":"ListItem","position":2,"name":"Shop","item":"https:\/\/www.swisscrochet.ch\/de\/shop\/"},{"@type":"ListItem","position":3,"name":"Nakyang &#8211; Make Up"}]},{"@type":"WebSite","@id":"https:\/\/www.swisscrochet.ch\/#website","url":"https:\/\/www.swisscrochet.ch\/","name":"Swiss Crochet","description":"Entfalte dein kreatives Potenzial","potentialAction":[{"@type":"SearchAction","target":{"@type":"EntryPoint","urlTemplate":"https:\/\/www.swisscrochet.ch\/?s={search_term_string}"},"query-input":{"@type":"PropertyValueSpecification","valueRequired":true,"valueName":"search_term_string"}}],"inLanguage":"de"}]}},"_links":{"self":[{"href":"https:\/\/www.swisscrochet.ch\/de\/wp-json\/wp\/v2\/product\/22583","targetHints":{"allow":["GET"]}}],"collection":[{"href":"https:\/\/www.swisscrochet.ch\/de\/wp-json\/wp\/v2\/product"}],"about":[{"href":"https:\/\/www.swisscrochet.ch\/de\/wp-json\/wp\/v2\/types\/product"}],"wp:featuredmedia":[{"embeddable":true,"href":"https:\/\/www.swisscrochet.ch\/de\/wp-json\/wp\/v2\/media\/21536"}],"wp:attachment":[{"href":"https:\/\/www.swisscrochet.ch\/de\/wp-json\/wp\/v2\/media?parent=22583"}],"wp:term":[{"taxonomy":"product_brand","embeddable":true,"href":"https:\/\/www.swisscrochet.ch\/de\/wp-json\/wp\/v2\/product_brand?post=22583"},{"taxonomy":"product_cat","embeddable":true,"href":"https:\/\/www.swisscrochet.ch\/de\/wp-json\/wp\/v2\/product_cat?post=22583"},{"taxonomy":"product_tag","embeddable":true,"href":"https:\/\/www.swisscrochet.ch\/de\/wp-json\/wp\/v2\/product_tag?post=22583"}],"curies":[{"name":"wp","href":"https:\/\/api.w.org\/{rel}","templated":true}]}}