{"id":23105,"date":"2026-02-06T13:23:03","date_gmt":"2026-02-06T12:23:03","guid":{"rendered":"https:\/\/www.swisscrochet.ch\/product\/scheepjes-yarn-issue-17\/"},"modified":"2026-02-06T13:23:03","modified_gmt":"2026-02-06T12:23:03","slug":"scheepjes-yarn-issue-17","status":"publish","type":"product","link":"https:\/\/www.swisscrochet.ch\/de\/produkt\/scheepjes-yarn-issue-17\/","title":{"rendered":"Scheepjes &#8211; YARN &#8211; Issue 17"},"content":{"rendered":"","protected":false},"excerpt":{"rendered":"<p><strong>YARN 17 \u2013 P\u00e2tisserie<\/strong><\/p>\n<p>There\u2019s something ineffably French about the finest p\u00e2tisserie: the comfort of a fresh, warm croissant, the elegance of irresistible macarons, indulgent cream-filled g\u00e2teaux, and delicate petits fours enjoyed at a favourite caf\u00e9. The skills mastered by ma\u00eetres p\u00e2tissiers are not merely about baking, but about artistry. That same sense of indulgence and craftsmanship runs through the designs featured in the seventeenth issue of YARN Bookazine. Like culinary works of art, yarncraft is built layer by layer\u2014each stitch contributing to a harmonious whole.<\/p>\n<p>Divided into four chapters inspired by the classic categories of p\u00e2tisserie\u2014Les G\u00e2teaux, Les Viennoiseries, Les Petits Fours, and Les Desserts\u2014this issue features 15 contemporary knitting and crochet pattern sections. Between the beautifully styled designs of the lookbook, readers will also find thoughtful features to cleanse the palate, including an interview with Scheepjes Designer Collective member Kwannie Cheng.<\/p>\n<p>Elegant, playful, and rich in detail, YARN 17 \u2013 P\u00e2tisserie celebrates making as a form of indulgence\u2014where time, care, and creativity come together to create something special.<\/p>\n<p>Treat yourself to YARN 17 \u2013 P\u00e2tisserie and savour the pleasure of creating something beautifully handmade.<\/p>\n<p>Language: English<\/p>\n","protected":false},"featured_media":20121,"template":"","meta":[],"product_brand":[],"product_cat":[224],"product_tag":[],"class_list":{"0":"post-23105","1":"product","2":"type-product","3":"status-publish","4":"has-post-thumbnail","6":"product_cat-zeitschriften","7":"pa_b1-language-englisch","8":"description-off","10":"first","11":"instock","12":"taxable","13":"shipping-taxable","14":"purchasable","15":"product-type-simple"},"bundled_by":[],"bundle_stock_status":"instock","bundle_stock_quantity":5,"bundle_virtual":false,"bundle_layout":"","bundle_add_to_cart_form_location":"","bundle_editable_in_cart":false,"bundle_sold_individually_context":"","bundle_item_grouping":"","bundle_min_size":"","bundle_max_size":"","bundle_price":[],"bundled_items":[],"bundle_sell_ids":[],"yoast_head":"<!-- This site is optimized with the Yoast SEO plugin v27.4 - https:\/\/yoast.com\/product\/yoast-seo-wordpress\/ -->\n<title>Scheepjes - YARN - Issue 17 &#171; Swiss Crochet<\/title>\n<meta name=\"robots\" content=\"index, follow, max-snippet:-1, max-image-preview:large, max-video-preview:-1\" \/>\n<link rel=\"canonical\" href=\"https:\/\/www.swisscrochet.ch\/de\/produkt\/scheepjes-yarn-issue-17\/\" \/>\n<meta property=\"og:locale\" content=\"de_DE\" \/>\n<meta property=\"og:type\" content=\"article\" \/>\n<meta property=\"og:title\" content=\"Scheepjes - YARN - Issue 17 &#171; Swiss Crochet\" \/>\n<meta property=\"og:description\" content=\"YARN 17 \u2013 P\u00e2tisserie  There\u2019s something ineffably French about the finest p\u00e2tisserie: the comfort of a fresh, warm croissant, the elegance of irresistible macarons, indulgent cream-filled g\u00e2teaux, and delicate petits fours enjoyed at a favourite caf\u00e9. The skills mastered by ma\u00eetres p\u00e2tissiers are not merely about baking, but about artistry. That same sense of indulgence and craftsmanship runs through the designs featured in the seventeenth issue of YARN Bookazine. Like culinary works of art, yarncraft is built layer by layer\u2014each stitch contributing to a harmonious whole.  Divided into four chapters inspired by the classic categories of p\u00e2tisserie\u2014Les G\u00e2teaux, Les Viennoiseries, Les Petits Fours, and Les Desserts\u2014this issue features 15 contemporary knitting and crochet pattern sections. Between the beautifully styled designs of the lookbook, readers will also find thoughtful features to cleanse the palate, including an interview with Scheepjes Designer Collective member Kwannie Cheng.  Elegant, playful, and rich in detail, YARN 17 \u2013 P\u00e2tisserie celebrates making as a form of indulgence\u2014where time, care, and creativity come together to create something special.  Treat yourself to YARN 17 \u2013 P\u00e2tisserie and savour the pleasure of creating something beautifully handmade.  Language: English\" \/>\n<meta property=\"og:url\" content=\"https:\/\/www.swisscrochet.ch\/de\/produkt\/scheepjes-yarn-issue-17\/\" \/>\n<meta property=\"og:site_name\" content=\"Swiss Crochet\" \/>\n<meta name=\"twitter:card\" content=\"summary_large_image\" \/>\n<script type=\"application\/ld+json\" class=\"yoast-schema-graph\">{\"@context\":\"https:\\\/\\\/schema.org\",\"@graph\":[{\"@type\":[\"WebPage\",\"ItemPage\"],\"@id\":\"https:\\\/\\\/www.swisscrochet.ch\\\/de\\\/produkt\\\/scheepjes-yarn-issue-17\\\/\",\"url\":\"https:\\\/\\\/www.swisscrochet.ch\\\/de\\\/produkt\\\/scheepjes-yarn-issue-17\\\/\",\"name\":\"Scheepjes - YARN - Issue 17 &#171; Swiss Crochet\",\"isPartOf\":{\"@id\":\"https:\\\/\\\/www.swisscrochet.ch\\\/#website\"},\"primaryImageOfPage\":{\"@id\":\"https:\\\/\\\/www.swisscrochet.ch\\\/de\\\/produkt\\\/scheepjes-yarn-issue-17\\\/#primaryimage\"},\"image\":{\"@id\":\"https:\\\/\\\/www.swisscrochet.ch\\\/de\\\/produkt\\\/scheepjes-yarn-issue-17\\\/#primaryimage\"},\"thumbnailUrl\":\"https:\\\/\\\/www.swisscrochet.ch\\\/wp-content\\\/uploads\\\/2026\\\/01\\\/Scheepjes-Yarn-Issue-17.jpg\",\"datePublished\":\"2026-02-06T12:23:03+00:00\",\"breadcrumb\":{\"@id\":\"https:\\\/\\\/www.swisscrochet.ch\\\/de\\\/produkt\\\/scheepjes-yarn-issue-17\\\/#breadcrumb\"},\"inLanguage\":\"de\",\"potentialAction\":[{\"@type\":\"ReadAction\",\"target\":[\"https:\\\/\\\/www.swisscrochet.ch\\\/de\\\/produkt\\\/scheepjes-yarn-issue-17\\\/\"]}]},{\"@type\":\"ImageObject\",\"inLanguage\":\"de\",\"@id\":\"https:\\\/\\\/www.swisscrochet.ch\\\/de\\\/produkt\\\/scheepjes-yarn-issue-17\\\/#primaryimage\",\"url\":\"https:\\\/\\\/www.swisscrochet.ch\\\/wp-content\\\/uploads\\\/2026\\\/01\\\/Scheepjes-Yarn-Issue-17.jpg\",\"contentUrl\":\"https:\\\/\\\/www.swisscrochet.ch\\\/wp-content\\\/uploads\\\/2026\\\/01\\\/Scheepjes-Yarn-Issue-17.jpg\",\"width\":1000,\"height\":1000},{\"@type\":\"BreadcrumbList\",\"@id\":\"https:\\\/\\\/www.swisscrochet.ch\\\/de\\\/produkt\\\/scheepjes-yarn-issue-17\\\/#breadcrumb\",\"itemListElement\":[{\"@type\":\"ListItem\",\"position\":1,\"name\":\"Home\",\"item\":\"https:\\\/\\\/www.swisscrochet.ch\\\/de\\\/\"},{\"@type\":\"ListItem\",\"position\":2,\"name\":\"Shop\",\"item\":\"https:\\\/\\\/www.swisscrochet.ch\\\/de\\\/shop\\\/\"},{\"@type\":\"ListItem\",\"position\":3,\"name\":\"Scheepjes &#8211; YARN &#8211; Issue 17\"}]},{\"@type\":\"WebSite\",\"@id\":\"https:\\\/\\\/www.swisscrochet.ch\\\/#website\",\"url\":\"https:\\\/\\\/www.swisscrochet.ch\\\/\",\"name\":\"Swiss Crochet\",\"description\":\"Entfalte dein kreatives Potenzial\",\"potentialAction\":[{\"@type\":\"SearchAction\",\"target\":{\"@type\":\"EntryPoint\",\"urlTemplate\":\"https:\\\/\\\/www.swisscrochet.ch\\\/?s={search_term_string}\"},\"query-input\":{\"@type\":\"PropertyValueSpecification\",\"valueRequired\":true,\"valueName\":\"search_term_string\"}}],\"inLanguage\":\"de\"}]}<\/script>\n<!-- \/ Yoast SEO plugin. -->","yoast_head_json":{"title":"Scheepjes - YARN - Issue 17 &#171; Swiss Crochet","robots":{"index":"index","follow":"follow","max-snippet":"max-snippet:-1","max-image-preview":"max-image-preview:large","max-video-preview":"max-video-preview:-1"},"canonical":"https:\/\/www.swisscrochet.ch\/de\/produkt\/scheepjes-yarn-issue-17\/","og_locale":"de_DE","og_type":"article","og_title":"Scheepjes - YARN - Issue 17 &#171; Swiss Crochet","og_description":"YARN 17 \u2013 P\u00e2tisserie  There\u2019s something ineffably French about the finest p\u00e2tisserie: the comfort of a fresh, warm croissant, the elegance of irresistible macarons, indulgent cream-filled g\u00e2teaux, and delicate petits fours enjoyed at a favourite caf\u00e9. The skills mastered by ma\u00eetres p\u00e2tissiers are not merely about baking, but about artistry. That same sense of indulgence and craftsmanship runs through the designs featured in the seventeenth issue of YARN Bookazine. Like culinary works of art, yarncraft is built layer by layer\u2014each stitch contributing to a harmonious whole.  Divided into four chapters inspired by the classic categories of p\u00e2tisserie\u2014Les G\u00e2teaux, Les Viennoiseries, Les Petits Fours, and Les Desserts\u2014this issue features 15 contemporary knitting and crochet pattern sections. Between the beautifully styled designs of the lookbook, readers will also find thoughtful features to cleanse the palate, including an interview with Scheepjes Designer Collective member Kwannie Cheng.  Elegant, playful, and rich in detail, YARN 17 \u2013 P\u00e2tisserie celebrates making as a form of indulgence\u2014where time, care, and creativity come together to create something special.  Treat yourself to YARN 17 \u2013 P\u00e2tisserie and savour the pleasure of creating something beautifully handmade.  Language: English","og_url":"https:\/\/www.swisscrochet.ch\/de\/produkt\/scheepjes-yarn-issue-17\/","og_site_name":"Swiss Crochet","twitter_card":"summary_large_image","schema":{"@context":"https:\/\/schema.org","@graph":[{"@type":["WebPage","ItemPage"],"@id":"https:\/\/www.swisscrochet.ch\/de\/produkt\/scheepjes-yarn-issue-17\/","url":"https:\/\/www.swisscrochet.ch\/de\/produkt\/scheepjes-yarn-issue-17\/","name":"Scheepjes - YARN - Issue 17 &#171; Swiss Crochet","isPartOf":{"@id":"https:\/\/www.swisscrochet.ch\/#website"},"primaryImageOfPage":{"@id":"https:\/\/www.swisscrochet.ch\/de\/produkt\/scheepjes-yarn-issue-17\/#primaryimage"},"image":{"@id":"https:\/\/www.swisscrochet.ch\/de\/produkt\/scheepjes-yarn-issue-17\/#primaryimage"},"thumbnailUrl":"https:\/\/www.swisscrochet.ch\/wp-content\/uploads\/2026\/01\/Scheepjes-Yarn-Issue-17.jpg","datePublished":"2026-02-06T12:23:03+00:00","breadcrumb":{"@id":"https:\/\/www.swisscrochet.ch\/de\/produkt\/scheepjes-yarn-issue-17\/#breadcrumb"},"inLanguage":"de","potentialAction":[{"@type":"ReadAction","target":["https:\/\/www.swisscrochet.ch\/de\/produkt\/scheepjes-yarn-issue-17\/"]}]},{"@type":"ImageObject","inLanguage":"de","@id":"https:\/\/www.swisscrochet.ch\/de\/produkt\/scheepjes-yarn-issue-17\/#primaryimage","url":"https:\/\/www.swisscrochet.ch\/wp-content\/uploads\/2026\/01\/Scheepjes-Yarn-Issue-17.jpg","contentUrl":"https:\/\/www.swisscrochet.ch\/wp-content\/uploads\/2026\/01\/Scheepjes-Yarn-Issue-17.jpg","width":1000,"height":1000},{"@type":"BreadcrumbList","@id":"https:\/\/www.swisscrochet.ch\/de\/produkt\/scheepjes-yarn-issue-17\/#breadcrumb","itemListElement":[{"@type":"ListItem","position":1,"name":"Home","item":"https:\/\/www.swisscrochet.ch\/de\/"},{"@type":"ListItem","position":2,"name":"Shop","item":"https:\/\/www.swisscrochet.ch\/de\/shop\/"},{"@type":"ListItem","position":3,"name":"Scheepjes &#8211; YARN &#8211; Issue 17"}]},{"@type":"WebSite","@id":"https:\/\/www.swisscrochet.ch\/#website","url":"https:\/\/www.swisscrochet.ch\/","name":"Swiss Crochet","description":"Entfalte dein kreatives Potenzial","potentialAction":[{"@type":"SearchAction","target":{"@type":"EntryPoint","urlTemplate":"https:\/\/www.swisscrochet.ch\/?s={search_term_string}"},"query-input":{"@type":"PropertyValueSpecification","valueRequired":true,"valueName":"search_term_string"}}],"inLanguage":"de"}]}},"_links":{"self":[{"href":"https:\/\/www.swisscrochet.ch\/de\/wp-json\/wp\/v2\/product\/23105","targetHints":{"allow":["GET"]}}],"collection":[{"href":"https:\/\/www.swisscrochet.ch\/de\/wp-json\/wp\/v2\/product"}],"about":[{"href":"https:\/\/www.swisscrochet.ch\/de\/wp-json\/wp\/v2\/types\/product"}],"wp:featuredmedia":[{"embeddable":true,"href":"https:\/\/www.swisscrochet.ch\/de\/wp-json\/wp\/v2\/media\/20121"}],"wp:attachment":[{"href":"https:\/\/www.swisscrochet.ch\/de\/wp-json\/wp\/v2\/media?parent=23105"}],"wp:term":[{"taxonomy":"product_brand","embeddable":true,"href":"https:\/\/www.swisscrochet.ch\/de\/wp-json\/wp\/v2\/product_brand?post=23105"},{"taxonomy":"product_cat","embeddable":true,"href":"https:\/\/www.swisscrochet.ch\/de\/wp-json\/wp\/v2\/product_cat?post=23105"},{"taxonomy":"product_tag","embeddable":true,"href":"https:\/\/www.swisscrochet.ch\/de\/wp-json\/wp\/v2\/product_tag?post=23105"}],"curies":[{"name":"wp","href":"https:\/\/api.w.org\/{rel}","templated":true}]}}